

{"id":20167,"date":"2025-12-22T08:00:15","date_gmt":"2025-12-22T08:00:15","guid":{"rendered":"https:\/\/vapemaison.com\/?post_type=product&#038;p=20167"},"modified":"2026-02-23T15:52:57","modified_gmt":"2026-02-23T15:52:57","slug":"waspe-40000-crystal-40k-vape","status":"publish","type":"product","link":"https:\/\/vapemaison.com\/fr\/product\/waspe-40000-crystal-40k-vape\/","title":{"rendered":"Waspe 40000 | Crystal 40k Vape"},"content":{"rendered":"<p>Le <strong>Waspe 40000<\/strong> est con\u00e7u pour une performance durable et une saveur propre et constante. Offrant jusqu'\u00e0 <strong data-start=\"275\" data-end=\"291\">40k puffs<\/strong>, Avec ses deux ar\u00f4mes int\u00e9gr\u00e9s et son syst\u00e8me rechargeable, il offre une exp\u00e9rience de vapotage fiable et de grande capacit\u00e9 dans un format compact.<\/p>\n\n\n\n<p>Avec 32mL d'e-liquide et une structure dual-coil 0,9\u03a9 + 0,9\u03a9 mesh, le Crystal 40k produit une vapeur douce et riche du premier au dernier tirage. Le port de charge Type-C permet de maintenir l'appareil sous tension pour une utilisation prolong\u00e9e, ce qui le rend id\u00e9al pour les vapoteurs quotidiens et les gros vapoteurs.<\/p>\n\n\n\n<p>Disponible en <strong data-start=\"700\" data-end=\"727\">0%, 2% et 5% nicotine<\/strong>, Cet appareil convient aussi bien aux d\u00e9butants qu'aux utilisateurs exp\u00e9riment\u00e9s.<\/p>\n\n\n\n<h3 class=\"wp-block-heading\"><strong data-start=\"794\" data-end=\"810\">Caract\u00e9ristiques principales<\/strong><\/h3>\n\n\n\n<ul class=\"wp-block-list\">\n<li><p data-start=\"814\" data-end=\"884\"><strong data-start=\"814\" data-end=\"830\">40 000 bouff\u00e9es<\/strong> - Con\u00e7u pour une utilisation \u00e0 long terme avec un d\u00e9bit de vapeur stable.<\/p><\/li>\n\n\n\n<li><p data-start=\"887\" data-end=\"964\"><strong data-start=\"887\" data-end=\"909\">Conception \u00e0 double ar\u00f4me<\/strong> - Passez d'une saveur \u00e0 l'autre en un seul appareil.<\/p><\/li>\n\n\n\n<li><p data-start=\"967\" data-end=\"1034\"><strong data-start=\"967\" data-end=\"993\">Capacit\u00e9 de 32mL de E-liquide<\/strong> - Favorise l'allongement de la dur\u00e9e de vie des puffs.<\/p><\/li>\n\n\n\n<li><p data-start=\"1037\" data-end=\"1111\"><strong data-start=\"1037\" data-end=\"1063\">Bobines \u00e0 mailles 0,9\u03a9 + 0,9\u03a9<\/strong> - Une clart\u00e9 de go\u00fbt am\u00e9lior\u00e9e et un flux d'air fluide.<\/p><\/li>\n\n\n\n<li><p data-start=\"1114\" data-end=\"1168\"><strong data-start=\"1114\" data-end=\"1137\">Type-C rechargeable<\/strong> - Chargement rapide et pratique.<\/p><\/li>\n\n\n\n<li><p data-start=\"1171\" data-end=\"1236\"><strong data-start=\"1171\" data-end=\"1191\">Options de la nicotine<\/strong> - 0%, 2%, 5% pour s'adapter aux diff\u00e9rentes pr\u00e9f\u00e9rences.<\/p><\/li>\n\n\n\n<li><p data-start=\"1239\" data-end=\"1304\"><strong data-start=\"1239\" data-end=\"1257\">Cr\u00e9ation d'un portatif<\/strong> - L\u00e9ger (105 g) pour une utilisation facile en d\u00e9placement.<\/p><\/li>\n<\/ul>\n\n\n\n<h3 class=\"wp-block-heading\"><strong data-start=\"1492\" data-end=\"1509\">\u00c0 qui s'adresse-t-il ?<\/strong><\/h3>\n\n\n\n<ul class=\"wp-block-list\">\n<li>Les fumeurs de longue dur\u00e9e recherchant une utilisation prolong\u00e9e sans remplacements fr\u00e9quents<\/li>\n\n\n\n<li>Les vapoteurs qui aiment exp\u00e9rimenter diff\u00e9rents ar\u00f4mes<\/li>\n\n\n\n<li>Ceux qui ont besoin d'une charge rapide et sans probl\u00e8me avec le Type-C<\/li>\n<\/ul>\n\n\n\n<p>Laissez le <strong data-start=\"1706\" data-end=\"1743\">Waspe Crystal 40k Vape jetable<\/strong> sera votre choix pour un plaisir de longue dur\u00e9e, offrant une vapeur douce et satisfaisante, parfaite pour une utilisation quotidienne !<\/p>\n\n\n\n<p>D\u00e9couvrez le vaping haut de gamme sur <a href=\"https:\/\/vapemaison.com\/\">VapeMaison<\/a>, Le site web de la Commission europ\u00e9enne, votre destination pour la qualit\u00e9 et l'innovation. D\u00e9couvrez notre s\u00e9lection compl\u00e8te sur le site <a href=\"https:\/\/vapemaison.com\/shop\/\">Boutique<\/a> ou de consulter la populaire page <a href=\"https:\/\/vapemaison.com\/brand\/bang\/\">Bang<\/a> et <a href=\"https:\/\/vapemaison.com\/brand\/waspe\/\">WASPE<\/a> appr\u00e9ci\u00e9s par les vapoteurs du monde entier. Vous cherchez d'autres options ? Parcourez tous nos <a href=\"https:\/\/vapemaison.com\/product-category\/puffs-count\/\">Puffs<\/a> pour trouver la vape parfaite pour votre style et votre go\u00fbt.<\/p>\n\n\n\n<p><\/p>","protected":false},"excerpt":{"rendered":"<p>The Waspe 40000 is designed for long-lasting performance and clean, consistent flavor. Offering up to 40k puffs, dual built-in flavors, and a rechargeable system, it delivers a reliable, high-capacity vaping experience in a compact form. With 32mL of e-liquid and a 0.9\u03a9 + 0.9\u03a9 mesh dual-coil structure, the Crystal 40k produces smooth, rich vapor from [&hellip;]<\/p>\n","protected":false},"featured_media":7304,"comment_status":"open","ping_status":"closed","template":"","meta":[],"product_brand":[59],"product_cat":[135],"product_tag":[],"class_list":{"0":"post-20167","1":"product","2":"type-product","3":"status-publish","4":"has-post-thumbnail","6":"product_brand-waspe","7":"product_cat-40k-puffs","9":"first","10":"instock","11":"sale","12":"shipping-taxable","13":"purchasable","14":"product-type-variable"},"yoast_head":"<!-- This site is optimized with the Yoast SEO plugin v27.4 - https:\/\/yoast.com\/product\/yoast-seo-wordpress\/ -->\n<title>Waspe 40000 | Waspe Crystal 40k Vape<\/title>\n<meta name=\"description\" content=\"Discover the Waspe 40000 Disposable Vape with 40k puffs, dual flavors, and Type-C rechargeable design. Perfect for long-lasting satisfaction.\" \/>\n<meta name=\"robots\" content=\"index, follow, max-snippet:-1, max-image-preview:large, max-video-preview:-1\" \/>\n<link rel=\"canonical\" href=\"https:\/\/vapemaison.com\/fr\/produit\/waspe-40000-crystal-40k-vape\/\" \/>\n<meta property=\"og:locale\" content=\"fr_FR\" \/>\n<meta property=\"og:type\" content=\"article\" \/>\n<meta property=\"og:title\" content=\"Waspe 40000 | Waspe Crystal 40k Vape\" \/>\n<meta property=\"og:description\" content=\"Discover the Waspe 40000 Disposable Vape with 40k puffs, dual flavors, and Type-C rechargeable design. Perfect for long-lasting satisfaction.\" \/>\n<meta property=\"og:url\" content=\"https:\/\/vapemaison.com\/fr\/produit\/waspe-40000-crystal-40k-vape\/\" \/>\n<meta property=\"og:site_name\" content=\"VapeMaison\" \/>\n<meta property=\"article:modified_time\" content=\"2026-02-23T15:52:57+00:00\" \/>\n<meta property=\"og:image\" content=\"https:\/\/vapemaison.com\/wp-content\/uploads\/2025\/10\/40000.jpg\" \/>\n\t<meta property=\"og:image:width\" content=\"1600\" \/>\n\t<meta property=\"og:image:height\" content=\"1600\" \/>\n\t<meta property=\"og:image:type\" content=\"image\/jpeg\" \/>\n<meta name=\"twitter:card\" content=\"summary_large_image\" \/>\n<meta name=\"twitter:label1\" content=\"Dur\u00e9e de lecture estim\u00e9e\" \/>\n\t<meta name=\"twitter:data1\" content=\"2 minutes\" \/>\n<!-- \/ Yoast SEO plugin. -->","yoast_head_json":{"title":"Waspe 40000 | Waspe Crystal 40k Vape","description":"D\u00e9couvrez la vape jetable Waspe 40000 avec ses 40 000 bouff\u00e9es, ses deux ar\u00f4mes et son design rechargeable Type-C. Parfait pour une satisfaction durable.","robots":{"index":"index","follow":"follow","max-snippet":"max-snippet:-1","max-image-preview":"max-image-preview:large","max-video-preview":"max-video-preview:-1"},"canonical":"https:\/\/vapemaison.com\/fr\/produit\/waspe-40000-crystal-40k-vape\/","og_locale":"fr_FR","og_type":"article","og_title":"Waspe 40000 | Waspe Crystal 40k Vape","og_description":"Discover the Waspe 40000 Disposable Vape with 40k puffs, dual flavors, and Type-C rechargeable design. Perfect for long-lasting satisfaction.","og_url":"https:\/\/vapemaison.com\/fr\/produit\/waspe-40000-crystal-40k-vape\/","og_site_name":"VapeMaison","article_modified_time":"2026-02-23T15:52:57+00:00","og_image":[{"width":1600,"height":1600,"url":"https:\/\/vapemaison.com\/wp-content\/uploads\/2025\/10\/40000.jpg","type":"image\/jpeg"}],"twitter_card":"summary_large_image","twitter_misc":{"Dur\u00e9e de lecture estim\u00e9e":"2 minutes"},"schema":{"@context":"https:\/\/schema.org","@graph":[{"@type":"WebPage","@id":"https:\/\/vapemaison.com\/product\/waspe-40000-crystal-40k-vape\/","url":"https:\/\/vapemaison.com\/product\/waspe-40000-crystal-40k-vape\/","name":"Waspe 40000 | Waspe Crystal 40k Vape","isPartOf":{"@id":"https:\/\/vapemaison.com\/#website"},"primaryImageOfPage":{"@id":"https:\/\/vapemaison.com\/product\/waspe-40000-crystal-40k-vape\/#primaryimage"},"image":{"@id":"https:\/\/vapemaison.com\/product\/waspe-40000-crystal-40k-vape\/#primaryimage"},"thumbnailUrl":"https:\/\/vapemaison.com\/wp-content\/uploads\/2025\/10\/40000.jpg","datePublished":"2025-12-22T08:00:15+00:00","dateModified":"2026-02-23T15:52:57+00:00","description":"D\u00e9couvrez la vape jetable Waspe 40000 avec ses 40 000 bouff\u00e9es, ses deux ar\u00f4mes et son design rechargeable Type-C. Parfait pour une satisfaction durable.","breadcrumb":{"@id":"https:\/\/vapemaison.com\/product\/waspe-40000-crystal-40k-vape\/#breadcrumb"},"inLanguage":"fr-FR","potentialAction":[{"@type":"ReadAction","target":["https:\/\/vapemaison.com\/product\/waspe-40000-crystal-40k-vape\/"]}]},{"@type":"ImageObject","inLanguage":"fr-FR","@id":"https:\/\/vapemaison.com\/product\/waspe-40000-crystal-40k-vape\/#primaryimage","url":"https:\/\/vapemaison.com\/wp-content\/uploads\/2025\/10\/40000.jpg","contentUrl":"https:\/\/vapemaison.com\/wp-content\/uploads\/2025\/10\/40000.jpg","width":1600,"height":1600},{"@type":"BreadcrumbList","@id":"https:\/\/vapemaison.com\/product\/waspe-40000-crystal-40k-vape\/#breadcrumb","itemListElement":[{"@type":"ListItem","position":1,"name":"\u9996\u9875","item":"https:\/\/vapemaison.com\/"},{"@type":"ListItem","position":2,"name":"Shop","item":"https:\/\/vapemaison.com\/shop\/"},{"@type":"ListItem","position":3,"name":"Waspe","item":"https:\/\/vapemaison.com\/brand\/waspe\/"},{"@type":"ListItem","position":4,"name":"Waspe 40000 | Crystal 40k Vape"}]},{"@type":"WebSite","@id":"https:\/\/vapemaison.com\/#website","url":"https:\/\/vapemaison.com\/","name":"VapeMaison","description":"Appareils et accessoires de vapotage haut de gamme","publisher":{"@id":"https:\/\/vapemaison.com\/#organization"},"potentialAction":[{"@type":"SearchAction","target":{"@type":"EntryPoint","urlTemplate":"https:\/\/vapemaison.com\/?s={search_term_string}"},"query-input":{"@type":"PropertyValueSpecification","valueRequired":true,"valueName":"search_term_string"}}],"inLanguage":"fr-FR"},{"@type":"Organization","@id":"https:\/\/vapemaison.com\/#organization","name":"VapeMaison","url":"https:\/\/vapemaison.com\/","logo":{"@type":"ImageObject","inLanguage":"fr-FR","@id":"https:\/\/vapemaison.com\/#\/schema\/logo\/image\/","url":"https:\/\/vapemaison.com\/wp-content\/uploads\/2026\/01\/cropped-vapemaison-logo-g-2026.webp","contentUrl":"https:\/\/vapemaison.com\/wp-content\/uploads\/2026\/01\/cropped-vapemaison-logo-g-2026.webp","width":350,"height":280,"caption":"VapeMaison"},"image":{"@id":"https:\/\/vapemaison.com\/#\/schema\/logo\/image\/"},"sameAs":["https:\/\/www.youtube.com\/@VapeMaison"]}]}},"tiered_pricing_type":"fixed","tiered_pricing_fixed_rules":{"30":"11.99","50":"11.29","100":"10.56","200":"9.98"},"tiered_pricing_product_settings":{"layout":"default","base_unit_name":{"singular":null,"plural":null},"default_variation":null},"tiered_pricing_minimum_quantity":10,"tiered_pricing_roles_data":[],"tiered_pricing_percentage_rules":[],"tiered_pricing_maximum_quantity":null,"tiered_pricing_quantity_step":"10","_links":{"self":[{"href":"https:\/\/vapemaison.com\/fr\/wp-json\/wp\/v2\/product\/20167","targetHints":{"allow":["GET"]}}],"collection":[{"href":"https:\/\/vapemaison.com\/fr\/wp-json\/wp\/v2\/product"}],"about":[{"href":"https:\/\/vapemaison.com\/fr\/wp-json\/wp\/v2\/types\/product"}],"replies":[{"embeddable":true,"href":"https:\/\/vapemaison.com\/fr\/wp-json\/wp\/v2\/comments?post=20167"}],"version-history":[{"count":1,"href":"https:\/\/vapemaison.com\/fr\/wp-json\/wp\/v2\/product\/20167\/revisions"}],"predecessor-version":[{"id":27178,"href":"https:\/\/vapemaison.com\/fr\/wp-json\/wp\/v2\/product\/20167\/revisions\/27178"}],"wp:featuredmedia":[{"embeddable":true,"href":"https:\/\/vapemaison.com\/fr\/wp-json\/wp\/v2\/media\/7304"}],"wp:attachment":[{"href":"https:\/\/vapemaison.com\/fr\/wp-json\/wp\/v2\/media?parent=20167"}],"wp:term":[{"taxonomy":"product_brand","embeddable":true,"href":"https:\/\/vapemaison.com\/fr\/wp-json\/wp\/v2\/product_brand?post=20167"},{"taxonomy":"product_cat","embeddable":true,"href":"https:\/\/vapemaison.com\/fr\/wp-json\/wp\/v2\/product_cat?post=20167"},{"taxonomy":"product_tag","embeddable":true,"href":"https:\/\/vapemaison.com\/fr\/wp-json\/wp\/v2\/product_tag?post=20167"}],"curies":[{"name":"wp","href":"https:\/\/api.w.org\/{rel}","templated":true}]}}