

{"id":20204,"date":"2025-12-22T08:00:18","date_gmt":"2025-12-22T08:00:18","guid":{"rendered":"https:\/\/vapemaison.com\/?post_type=product&#038;p=20204"},"modified":"2026-03-23T19:54:01","modified_gmt":"2026-03-23T19:54:01","slug":"waspe-100k-puffs-jetable-vape-low-nicotine","status":"publish","type":"product","link":"https:\/\/vapemaison.com\/fr\/product\/waspe-100k-puffs-disposable-vape-low-nicotine\/","title":{"rendered":"WASPE 100k Puffs Vape jetable \u00e0 faible teneur en nicotine"},"content":{"rendered":"<p>D\u00e9couvrez quatre saveurs dans un seul appareil puissant. Le <strong>WASPE 4-en-1 Saveur 100000 Puffs<\/strong> est con\u00e7u pour les vapoteurs qui recherchent une longue dur\u00e9e de vie, des performances \u00e9lev\u00e9es et un changement d'ar\u00f4me instantan\u00e9. Avec jusqu'\u00e0 <strong>100 000 bouff\u00e9es<\/strong>, a <strong>syst\u00e8me rechargeable<\/strong>, et un <strong>s\u00e9lecteur de quadruple saveur<\/strong>, Ce dispositif offre un maximum de commodit\u00e9 sans avoir \u00e0 transporter plusieurs vapes.<\/p>\n\n\n\n<p>Disponible pour <strong>commandes en gros et en masse<\/strong> par l'interm\u00e9diaire de Gleevape, qui b\u00e9n\u00e9ficie de la confiance des d\u00e9taillants et des distributeurs dans toute l'Europe.<\/p>\n\n\n\n<p>L'appareil est dot\u00e9 d'un <strong>Syst\u00e8me de commutation \u00e0 4 ar\u00f4mes<\/strong>, Vous pouvez ainsi alterner entre quatre ar\u00f4mes pr\u00e9charg\u00e9s \u00e0 tout moment, sans dosettes ni recharges. Con\u00e7ue pour une utilisation ultra-longue, elle d\u00e9livre jusqu'\u00e0 <strong>100k puffs<\/strong> avec une vapeur stable du premier au dernier tirage. Aliment\u00e9 par un <strong>Batterie rechargeable de 650mAh<\/strong> avec charge rapide de type C, il assure une performance continue, tandis que le <strong>Bobines \u00e0 quadruple maille de 1,0\u03a9<\/strong> offrent une saveur riche, des sensations de gorge douces et une vapeur dense. Avec une g\u00e9n\u00e9reuse <strong>Capacit\u00e9 totale de 56 ml d'e-liquide<\/strong> et plusieurs options de nicotine (0%, 2% ou 5%), cette vape r\u00e9pond \u00e0 la fois aux besoins personnels et \u00e0 ceux du march\u00e9. Compact, il est \u00e9galement id\u00e9al pour les grossistes, les exp\u00e9ditions en vrac et les pr\u00e9sentoirs de vente au d\u00e9tail.<\/p>\n\n\n\n<h3 class=\"wp-block-heading\"><strong>Pourquoi les d\u00e9taillants choisissent WASPE 4-in-1<\/strong><\/h3>\n\n\n\n<ul class=\"wp-block-list\">\n<li>Meilleure valeur par appareil<\/li>\n\n\n\n<li>Taux \u00e9lev\u00e9 d'achats r\u00e9p\u00e9t\u00e9s de la part des clients<\/li>\n\n\n\n<li>Quatre saveurs en une = pression SKU r\u00e9duite<\/li>\n\n\n\n<li>Parfait pour les magasins, les kiosques et les boutiques de vape en ligne<\/li>\n<\/ul>\n\n\n\n<h3 class=\"wp-block-heading\"><strong>WASPE Sets de saveurs 4 en 1<\/strong><\/h3>\n\n\n\n<p>Choisissez parmi 12 combinaisons de saveurs, chacune offrant quatre m\u00e9langes uniques :<\/p>\n\n\n\n<ol class=\"wp-block-list\">\n<li>Past\u00e8que glac\u00e9e \/ Fraise kiwi \/ Framboise past\u00e8que \/ Citron vert<\/li>\n\n\n\n<li>Past\u00e8que \u00e0 la fraise \/ M. Bleu \/ Glace de raisin \/ Bonbons arc-en-ciel<\/li>\n\n\n\n<li>Red Bull Ice \/ Banana Ice \/ Pineapple Coconut Ice \/ Triple Mango Ice<\/li>\n\n\n\n<li>Fraise Framboise Cerise \/ Cerise Folle Glace \/ Cerise Bleue Glace \/ Cola Glace<\/li>\n\n\n\n<li>Banane fraise \/ Red Bull fraise \/ Mangue fraise \/ Limonade rose<\/li>\n\n\n\n<li>Glace aux myrtilles \/ Chevalier noir \/ Glace \u00e0 la fraise \/ Past\u00e8que \u00e0 la fraise<\/li>\n\n\n\n<li>Cerise Cola Ice \/ Fraise Cherry Ice \/ Fraise Cola Ice \/ Fraise Watermelon Bubblegum<\/li>\n\n\n\n<li>P\u00eache Juicy Ice \/ Fruits Tropicaux \/ Fruit Blast \/ P\u00eache Berry<\/li>\n\n\n\n<li>Raisin glac\u00e9 \/ Fraise kiwi \/ Fraise framboise cerise \/ Chevalier noir<\/li>\n\n\n\n<li>Baies m\u00e9lang\u00e9es \/ Glace double pomme \/ Framboise myrtille \/ Miel myrtille<\/li>\n\n\n\n<li>Red Bull fraise \/ Watermelon fraise \/ Red Bull Ice \/ Cherry Cola Ice<\/li>\n\n\n\n<li>Myrtille framboise \/ Myrtille limonade \/ Baies m\u00e9lang\u00e9es \/ Raisin miel glace<\/li>\n<\/ol>\n\n\n\n<h2 class=\"wp-block-heading\"><strong>Sp\u00e9cifications<\/strong><\/h2>\n\n\n\n<ul class=\"wp-block-list\">\n<li><strong>Intensit\u00e9 de la nicotine :<\/strong> 0% \/ 2% \/ 5%<\/li>\n\n\n\n<li><strong>Batterie :<\/strong> 650mAh (rechargeable)<\/li>\n\n\n\n<li><strong>Bobine :<\/strong> 1.0\u03a9 Quad Mesh<\/li>\n\n\n\n<li><strong>Port de charge :<\/strong> Type-C<\/li>\n\n\n\n<li><strong>Volume de l'e-liquide :<\/strong> 56mL<\/li>\n\n\n\n<li><strong>Taille de l'appareil :<\/strong> 47 \u00d7 47 \u00d7 118 mm<\/li>\n\n\n\n<li><strong>Poids :<\/strong> 142g<\/li>\n\n\n\n<li><strong>Emballage :<\/strong> 10 dispositifs\/bo\u00eete ; 160 dispositifs\/carton<\/li>\n\n\n\n<li><strong>Poids brut\/carton :<\/strong> 23 kg<\/li>\n<\/ul>\n\n\n\n<p>D\u00e9couvrez le vaping haut de gamme sur <a href=\"https:\/\/vapemaison.com\/\">VapeMaison<\/a>, Le site web de la Commission europ\u00e9enne, votre destination pour la qualit\u00e9 et l'innovation. D\u00e9couvrez notre s\u00e9lection compl\u00e8te sur le site <a href=\"https:\/\/vapemaison.com\/shop\/\">Boutique<\/a> ou de consulter la populaire page <a href=\"https:\/\/vapemaison.com\/brand\/bang\/\">Bang<\/a> et <a href=\"https:\/\/vapemaison.com\/brand\/waspe\/\">WASPE<\/a> appr\u00e9ci\u00e9s par les vapoteurs du monde entier. Vous cherchez d'autres options ? Parcourez tous nos <a href=\"https:\/\/vapemaison.com\/product-category\/puffs-count\/\">Puffs<\/a> pour trouver la vape parfaite pour votre style et votre go\u00fbt, ou consultez leurs produits populaires. <strong><a href=\"https:\/\/vapemaison.com\/product-category\/hot-series\/\">best-seller<\/a><\/strong> collections.<\/p>\n\n\n\n<p><\/p>","protected":false},"excerpt":{"rendered":"<p>Faites l'exp\u00e9rience d'une commodit\u00e9 et d'une saveur ultimes avec le <strong data-start=\"190\" data-end=\"226\">WASPE 4-en-1 Saveur 100000 Puffs<\/strong>. Ce puissant vaporisateur jetable vous permet de passer d'un d\u00e9licieux parfum \u00e0 l'autre \u00e0 tout moment, tout en d\u00e9livrant jusqu'\u00e0 100 000 bouff\u00e9es de vapeur douce et r\u00e9guli\u00e8re. Compact, rechargeable et sans souci, il est con\u00e7u pour les vapoteurs qui appr\u00e9cient la vari\u00e9t\u00e9, les performances durables et le plaisir sans effort dans un seul appareil.<\/p>","protected":false},"featured_media":9504,"comment_status":"open","ping_status":"closed","template":"","meta":[],"product_brand":[59],"product_cat":[151,142],"product_tag":[],"class_list":{"0":"post-20204","1":"product","2":"type-product","3":"status-publish","4":"has-post-thumbnail","6":"product_brand-waspe","7":"product_cat-100k-puffs","8":"product_cat-eu-stock","10":"first","11":"instock","12":"sale","13":"shipping-taxable","14":"purchasable","15":"product-type-variable"},"yoast_head":"<!-- This site is optimized with the Yoast SEO plugin v27.4 - https:\/\/yoast.com\/product\/yoast-seo-wordpress\/ -->\n<title>WASPE 100k Puffs Disposable Vape Low Nicotine<\/title>\n<meta name=\"description\" content=\"WASPE 100k Puffs\u00a0is a rechargeable vape featuring four switchable flavors, a 650mAh battery,your trusted European low-nicotine vape supplier.\" \/>\n<meta name=\"robots\" content=\"index, follow, max-snippet:-1, max-image-preview:large, max-video-preview:-1\" \/>\n<link rel=\"canonical\" href=\"https:\/\/vapemaison.com\/fr\/produit\/waspe-100k-puffs-jetable-vape-low-nicotine\/\" \/>\n<meta property=\"og:locale\" content=\"fr_FR\" \/>\n<meta property=\"og:type\" content=\"article\" \/>\n<meta property=\"og:title\" content=\"WASPE 100k Puffs Disposable Vape Low Nicotine\" \/>\n<meta property=\"og:description\" content=\"WASPE 100k Puffs\u00a0is a rechargeable vape featuring four switchable flavors, a 650mAh battery,your trusted European low-nicotine vape supplier.\" \/>\n<meta property=\"og:url\" content=\"https:\/\/vapemaison.com\/fr\/produit\/waspe-100k-puffs-jetable-vape-low-nicotine\/\" \/>\n<meta property=\"og:site_name\" content=\"VapeMaison\" \/>\n<meta property=\"article:modified_time\" content=\"2026-03-23T19:54:01+00:00\" \/>\n<meta property=\"og:image\" content=\"https:\/\/vapemaison.com\/wp-content\/uploads\/2025\/10\/waspe-100000-puffs-flavor-picture-5.jpg\" \/>\n\t<meta property=\"og:image:width\" content=\"1500\" \/>\n\t<meta property=\"og:image:height\" content=\"1500\" \/>\n\t<meta property=\"og:image:type\" content=\"image\/jpeg\" \/>\n<meta name=\"twitter:card\" content=\"summary_large_image\" \/>\n<meta name=\"twitter:label1\" content=\"Dur\u00e9e de lecture estim\u00e9e\" \/>\n\t<meta name=\"twitter:data1\" content=\"3 minutes\" \/>\n<!-- \/ Yoast SEO plugin. -->","yoast_head_json":{"title":"WASPE 100k Puffs Vape jetable \u00e0 faible teneur en nicotine","description":"WASPE 100k Puffs est une vape rechargeable avec quatre ar\u00f4mes commutables, une batterie de 650mAh, votre fournisseur europ\u00e9en de confiance de vape \u00e0 faible teneur en nicotine.","robots":{"index":"index","follow":"follow","max-snippet":"max-snippet:-1","max-image-preview":"max-image-preview:large","max-video-preview":"max-video-preview:-1"},"canonical":"https:\/\/vapemaison.com\/fr\/produit\/waspe-100k-puffs-jetable-vape-low-nicotine\/","og_locale":"fr_FR","og_type":"article","og_title":"WASPE 100k Puffs Disposable Vape Low Nicotine","og_description":"WASPE 100k Puffs\u00a0is a rechargeable vape featuring four switchable flavors, a 650mAh battery,your trusted European low-nicotine vape supplier.","og_url":"https:\/\/vapemaison.com\/fr\/produit\/waspe-100k-puffs-jetable-vape-low-nicotine\/","og_site_name":"VapeMaison","article_modified_time":"2026-03-23T19:54:01+00:00","og_image":[{"width":1500,"height":1500,"url":"https:\/\/vapemaison.com\/wp-content\/uploads\/2025\/10\/waspe-100000-puffs-flavor-picture-5.jpg","type":"image\/jpeg"}],"twitter_card":"summary_large_image","twitter_misc":{"Dur\u00e9e de lecture estim\u00e9e":"3 minutes"},"schema":{"@context":"https:\/\/schema.org","@graph":[{"@type":"WebPage","@id":"https:\/\/vapemaison.com\/product\/waspe-100k-puffs-disposable-vape-low-nicotine\/","url":"https:\/\/vapemaison.com\/product\/waspe-100k-puffs-disposable-vape-low-nicotine\/","name":"WASPE 100k Puffs Vape jetable \u00e0 faible teneur en nicotine","isPartOf":{"@id":"https:\/\/vapemaison.com\/#website"},"primaryImageOfPage":{"@id":"https:\/\/vapemaison.com\/product\/waspe-100k-puffs-disposable-vape-low-nicotine\/#primaryimage"},"image":{"@id":"https:\/\/vapemaison.com\/product\/waspe-100k-puffs-disposable-vape-low-nicotine\/#primaryimage"},"thumbnailUrl":"https:\/\/vapemaison.com\/wp-content\/uploads\/2025\/10\/waspe-100000-puffs-flavor-picture-5.jpg","datePublished":"2025-12-22T08:00:18+00:00","dateModified":"2026-03-23T19:54:01+00:00","description":"WASPE 100k Puffs est une vape rechargeable avec quatre ar\u00f4mes commutables, une batterie de 650mAh, votre fournisseur europ\u00e9en de confiance de vape \u00e0 faible teneur en nicotine.","breadcrumb":{"@id":"https:\/\/vapemaison.com\/product\/waspe-100k-puffs-disposable-vape-low-nicotine\/#breadcrumb"},"inLanguage":"fr-FR","potentialAction":[{"@type":"ReadAction","target":["https:\/\/vapemaison.com\/product\/waspe-100k-puffs-disposable-vape-low-nicotine\/"]}]},{"@type":"ImageObject","inLanguage":"fr-FR","@id":"https:\/\/vapemaison.com\/product\/waspe-100k-puffs-disposable-vape-low-nicotine\/#primaryimage","url":"https:\/\/vapemaison.com\/wp-content\/uploads\/2025\/10\/waspe-100000-puffs-flavor-picture-5.jpg","contentUrl":"https:\/\/vapemaison.com\/wp-content\/uploads\/2025\/10\/waspe-100000-puffs-flavor-picture-5.jpg","width":1500,"height":1500,"caption":"waspe-100000-puffs-flavor-picture-5"},{"@type":"BreadcrumbList","@id":"https:\/\/vapemaison.com\/product\/waspe-100k-puffs-disposable-vape-low-nicotine\/#breadcrumb","itemListElement":[{"@type":"ListItem","position":1,"name":"\u9996\u9875","item":"https:\/\/vapemaison.com\/"},{"@type":"ListItem","position":2,"name":"Shop","item":"https:\/\/vapemaison.com\/shop\/"},{"@type":"ListItem","position":3,"name":"Waspe","item":"https:\/\/vapemaison.com\/brand\/waspe\/"},{"@type":"ListItem","position":4,"name":"WASPE 100k Puffs Disposable Vape Low Nicotine"}]},{"@type":"WebSite","@id":"https:\/\/vapemaison.com\/#website","url":"https:\/\/vapemaison.com\/","name":"VapeMaison","description":"Appareils et accessoires de vapotage haut de gamme","publisher":{"@id":"https:\/\/vapemaison.com\/#organization"},"potentialAction":[{"@type":"SearchAction","target":{"@type":"EntryPoint","urlTemplate":"https:\/\/vapemaison.com\/?s={search_term_string}"},"query-input":{"@type":"PropertyValueSpecification","valueRequired":true,"valueName":"search_term_string"}}],"inLanguage":"fr-FR"},{"@type":"Organization","@id":"https:\/\/vapemaison.com\/#organization","name":"VapeMaison","url":"https:\/\/vapemaison.com\/","logo":{"@type":"ImageObject","inLanguage":"fr-FR","@id":"https:\/\/vapemaison.com\/#\/schema\/logo\/image\/","url":"https:\/\/vapemaison.com\/wp-content\/uploads\/2026\/01\/cropped-vapemaison-logo-g-2026.webp","contentUrl":"https:\/\/vapemaison.com\/wp-content\/uploads\/2026\/01\/cropped-vapemaison-logo-g-2026.webp","width":350,"height":280,"caption":"VapeMaison"},"image":{"@id":"https:\/\/vapemaison.com\/#\/schema\/logo\/image\/"},"sameAs":["https:\/\/www.youtube.com\/@VapeMaison"]}]}},"tiered_pricing_type":"fixed","tiered_pricing_fixed_rules":{"30":"11.88","50":"11.42","100":"10.88","200":"9.98"},"tiered_pricing_product_settings":{"layout":"default","base_unit_name":{"singular":null,"plural":null},"default_variation":null},"tiered_pricing_minimum_quantity":10,"tiered_pricing_roles_data":[],"tiered_pricing_percentage_rules":[],"tiered_pricing_maximum_quantity":null,"tiered_pricing_quantity_step":"10","_links":{"self":[{"href":"https:\/\/vapemaison.com\/fr\/wp-json\/wp\/v2\/product\/20204","targetHints":{"allow":["GET"]}}],"collection":[{"href":"https:\/\/vapemaison.com\/fr\/wp-json\/wp\/v2\/product"}],"about":[{"href":"https:\/\/vapemaison.com\/fr\/wp-json\/wp\/v2\/types\/product"}],"replies":[{"embeddable":true,"href":"https:\/\/vapemaison.com\/fr\/wp-json\/wp\/v2\/comments?post=20204"}],"version-history":[{"count":0,"href":"https:\/\/vapemaison.com\/fr\/wp-json\/wp\/v2\/product\/20204\/revisions"}],"wp:featuredmedia":[{"embeddable":true,"href":"https:\/\/vapemaison.com\/fr\/wp-json\/wp\/v2\/media\/9504"}],"wp:attachment":[{"href":"https:\/\/vapemaison.com\/fr\/wp-json\/wp\/v2\/media?parent=20204"}],"wp:term":[{"taxonomy":"product_brand","embeddable":true,"href":"https:\/\/vapemaison.com\/fr\/wp-json\/wp\/v2\/product_brand?post=20204"},{"taxonomy":"product_cat","embeddable":true,"href":"https:\/\/vapemaison.com\/fr\/wp-json\/wp\/v2\/product_cat?post=20204"},{"taxonomy":"product_tag","embeddable":true,"href":"https:\/\/vapemaison.com\/fr\/wp-json\/wp\/v2\/product_tag?post=20204"}],"curies":[{"name":"wp","href":"https:\/\/api.w.org\/{rel}","templated":true}]}}