

{"id":20584,"date":"2025-12-23T02:19:58","date_gmt":"2025-12-23T02:19:58","guid":{"rendered":"https:\/\/vapemaison.com\/?post_type=product&#038;p=20584"},"modified":"2025-12-26T01:53:07","modified_gmt":"2025-12-26T01:53:07","slug":"vozol-gear-power-20000-jetable-vape-watermelon-ice-20k-puffs","status":"publish","type":"product","link":"https:\/\/vapemaison.com\/fr\/product\/vozol-gear-power-20000-disposable-vape-watermelon-ice-20k-puffs\/","title":{"rendered":"VOZOL Gear Power 20000 - Vapeur jetable - Watermelon Ice - 20K bouff\u00e9es"},"content":{"rendered":"<p><strong>VOZOL Gear Power 20000 Vape jetable<\/strong><\/p>\n\n\n\n<p>Le <strong>Glace \u00e0 la past\u00e8que<\/strong> Le VOZOL Gear Power 20000 offre une brise d'\u00e9t\u00e9 fra\u00eeche \u00e0 chaque tirage. <strong>Premi\u00e8rement,<\/strong> vous go\u00fbtez la douceur d'une past\u00e8que juteuse, m\u00fbrie au soleil. <strong>En outre,<\/strong> une explosion de menthol rafra\u00eechit ensuite votre palais. <strong>En outre,<\/strong> Le syst\u00e8me de bobines \u00e0 double maille garantit une saveur vibrante tout au long de sa dur\u00e9e de vie de 20 000 bouff\u00e9es. Vous pouvez passer en mode Power pour une sensation glac\u00e9e encore plus intense.<\/p>\n\n\n\n<h3 class=\"wp-block-heading\">Pourquoi choisir VOZOL Gear Power ?<\/h3>\n\n\n\n<p>Le <strong>VOZOL Gear Power 20K<\/strong> combine <strong>technologie de pointe<\/strong> avec <strong>mat\u00e9riaux de qualit\u00e9 sup\u00e9rieure<\/strong> pour d\u00e9livrer un <strong>exp\u00e9rience de vaporisation durable et personnalisable<\/strong>. Avec son <strong>deux modes d'alimentation<\/strong>, Les utilisateurs peuvent ainsi s\u00e9lectionner le mode adapt\u00e9 \u00e0 leurs pr\u00e9f\u00e9rences, qu'ils privil\u00e9gient une utilisation prolong\u00e9e ou une production de vapeur am\u00e9lior\u00e9e.<\/p>\n\n\n\n<p><strong>VOZOL Gear Power 20000<\/strong> est parfait pour ceux qui veulent un appareil qui tienne la route, offrant \u00e0 la fois des performances sup\u00e9rieures et une grande souplesse d'utilisation. <strong>long\u00e9vit\u00e9<\/strong> et <strong>performance<\/strong>. Les <strong>syst\u00e8me de bobine \u00e0 double maille<\/strong> garantit des saveurs vibrantes et une vapeur douce, ce qui en fait un choix id\u00e9al pour les vapoteurs qui exigent le meilleur en termes de performances et de saveurs.<\/p>\n\n\n\n<h3 class=\"wp-block-heading\">Saveurs disponibles<\/h3>\n\n\n\n<ul class=\"wp-block-list\">\n<li>Glace \u00e0 la past\u00e8que<\/li>\n\n\n\n<li>Glace de raisin<\/li>\n\n\n\n<li>Glace \u00e0 la mangue<\/li>\n\n\n\n<li>Glace double pomme<\/li>\n\n\n\n<li>Menthe citronn\u00e9e<\/li>\n\n\n\n<li>Tabac<\/li>\n\n\n\n<li>Glace \u00e0 la p\u00eache<\/li>\n\n\n\n<li>Past\u00e8que \u00e0 la fraise<\/li>\n\n\n\n<li>Fraise Kiwi<\/li>\n\n\n\n<li>Melon d'eau \u00e0 la framboise<\/li>\n\n\n\n<li>Glace Blue Razz<\/li>\n\n\n\n<li>Fraise Mangue<\/li>\n\n\n\n<li>Citron vert<\/li>\n\n\n\n<li>Limonade \u00e0 la cerise<\/li>\n\n\n\n<li>Baies m\u00e9lang\u00e9es<\/li>\n\n\n\n<li>Fruit du dragon Banane Cerise<\/li>\n\n\n\n<li>Feu de lave<\/li>\n\n\n\n<li>Temp\u00eate de myrtilles<\/li>\n\n\n\n<li>Mojito bleu<\/li>\n\n\n\n<li>Mangue Ananas Pamplemousse<\/li>\n<\/ul>\n\n\n\n<h3 class=\"wp-block-heading\">Sp\u00e9cifications<\/h3>\n\n\n\n<figure class=\"wp-block-table\"><table class=\"has-fixed-layout\"><thead><tr><th>Objet<\/th><th>D\u00e9tails<\/th><\/tr><\/thead><tbody><tr><td><strong>Capacit\u00e9 de la batterie<\/strong><\/td><td>650mAh<\/td><\/tr><tr><td><strong>Capacit\u00e9 en e-liquide<\/strong><\/td><td>20mL (pr\u00e9-rempli)<\/td><\/tr><tr><td><strong>Intensit\u00e9 de la nicotine<\/strong><\/td><td>5% (50mg)<\/td><\/tr><tr><td><strong>Nombre de bouff\u00e9es<\/strong><\/td><td>Jusqu'\u00e0 20 000 (mode Eco) \/ 12 000 (mode Power)<\/td><\/tr><tr><td><strong>Type de bobine<\/strong><\/td><td>Dual Mesh Coil System (Technologie S.i.L.C.)<\/td><\/tr><tr><td><strong>Chargement<\/strong><\/td><td>Pas de chargement n\u00e9cessaire (jetable)<\/td><\/tr><tr><td><strong>Modes<\/strong><\/td><td>Mode Eco \/ Mode Puissance<\/td><\/tr><tr><td><strong>Affichage<\/strong><\/td><td>Ecran LED pour l'\u00e9tat de la batterie et de l'e-liquide<\/td><\/tr><tr><td><strong>Options de saveurs<\/strong><\/td><td>20 saveurs disponibles<\/td><\/tr><\/tbody><\/table><\/figure>\n\n\n\n<h3 class=\"wp-block-heading\">Comment utiliser le VOZOL Gear Power 20000 jetable<\/h3>\n\n\n\n<ol class=\"wp-block-list\">\n<li><strong>Activer l'appareil :<\/strong> Il suffit d'inhaler pour l'activer ; aucun bouton n'est n\u00e9cessaire.<\/li>\n\n\n\n<li><strong>Contr\u00f4le de la batterie et de l'e-liquide :<\/strong> Utiliser le <strong>Affichage LED<\/strong> pour v\u00e9rifier l'autonomie de la batterie et l'\u00e9tat de l'e-liquide.<\/li>\n\n\n\n<li><strong>Passer d'un mode \u00e0 l'autre :<\/strong> Choisir <strong>Mode Eco<\/strong> pour une utilisation prolong\u00e9e ou <strong>Mode d'alimentation<\/strong> pour une production de vapeur plus forte.<\/li>\n\n\n\n<li><strong>Appr\u00e9ciez :<\/strong> Rel\u00e2cher jusqu'\u00e0 <strong>20 000 bouff\u00e9es<\/strong> avec une saveur constante et des effets doux tout au long du processus.<\/li>\n<\/ol>\n\n\n\n<p>D\u00e9couvrez la gamme compl\u00e8te de vapes et d'accessoires jetables de qualit\u00e9 sup\u00e9rieure en explorant notre site web. <strong><a href=\"https:\/\/vapemaison.com\/\">Accueil <\/a><\/strong>, o\u00f9 vous pourrez en apprendre davantage sur notre engagement en mati\u00e8re de qualit\u00e9, d'authenticit\u00e9 et de satisfaction de la client\u00e8le. Si vous \u00eates pr\u00eat \u00e0 acheter, visitez notre <strong><a href=\"https:\/\/vapemaison.com\/shop\/\">Boutique<\/a><\/strong> pour d\u00e9couvrir les derniers appareils VOZOL, les saveurs les plus populaires et les offres exclusives disponibles pour une livraison rapide dans le monde entier. Pour une pr\u00e9sentation compl\u00e8te de la marque, y compris les mod\u00e8les les plus vendus et les innovations produits, consultez la page d\u00e9di\u00e9e \u00e0 la marque VOZOL. <strong><a href=\"https:\/\/vapemaison.com\/brand\/vozol\/\">VOZOL<\/a><\/strong>, o\u00f9 toutes les collections VOZOL actuelles sont organis\u00e9es de mani\u00e8re pratique en un seul endroit.<\/p>","protected":false},"excerpt":{"rendered":"<p>VOZOL Gear Power 20000 Disposable Vape The Watermelon Ice VOZOL Gear Power 20000 delivers a crisp summer breeze in every draw. First, you taste the sweetness of juicy, sun-ripened watermelon. Additionally, a chilling menthol blast follows to refresh your palate. Furthermore, the dual mesh coil system ensures the flavor stays vibrant throughout its 20,000-puff lifespan. [&hellip;]<\/p>\n","protected":false},"featured_media":12770,"comment_status":"open","ping_status":"closed","template":"","meta":[],"product_brand":[178],"product_cat":[133],"product_tag":[],"class_list":{"0":"post-20584","1":"product","2":"type-product","3":"status-publish","4":"has-post-thumbnail","6":"product_brand-vozol","7":"product_cat-20k-puffs","9":"first","10":"instock","11":"sale","12":"shipping-taxable","13":"purchasable","14":"product-type-variable"},"yoast_head":"<!-- This site is optimized with the Yoast SEO plugin v27.4 - https:\/\/yoast.com\/product\/yoast-seo-wordpress\/ -->\n<title>VOZOL Gear Power 20000 Vape - Watermelon Ice VOZOL 20k<\/title>\n<meta name=\"description\" content=\"Experience the Watermelon Ice VOZOL Gear Power 20000. Features S.i.L.C Tech, 20mL capacity, and up to 20,000 puffs. Shop this refreshing icy summer flavor now!\" \/>\n<meta name=\"robots\" content=\"index, follow, max-snippet:-1, max-image-preview:large, max-video-preview:-1\" \/>\n<link rel=\"canonical\" href=\"https:\/\/vapemaison.com\/fr\/produit\/vozol-gear-power-20000-jetable-vape-watermelon-ice-20k-puffs\/\" \/>\n<meta property=\"og:locale\" content=\"fr_FR\" \/>\n<meta property=\"og:type\" content=\"article\" \/>\n<meta property=\"og:title\" content=\"VOZOL Gear Power 20000 Vape - Watermelon Ice VOZOL 20k\" \/>\n<meta property=\"og:description\" content=\"Experience the Watermelon Ice VOZOL Gear Power 20000. Features S.i.L.C Tech, 20mL capacity, and up to 20,000 puffs. Shop this refreshing icy summer flavor now!\" \/>\n<meta property=\"og:url\" content=\"https:\/\/vapemaison.com\/fr\/produit\/vozol-gear-power-20000-jetable-vape-watermelon-ice-20k-puffs\/\" \/>\n<meta property=\"og:site_name\" content=\"VapeMaison\" \/>\n<meta property=\"article:modified_time\" content=\"2025-12-26T01:53:07+00:00\" \/>\n<meta property=\"og:image\" content=\"https:\/\/vapemaison.com\/wp-content\/uploads\/2025\/11\/watermelon-ice-vozol-gear-power-disposable-20000-puffs.webp\" \/>\n\t<meta property=\"og:image:width\" content=\"910\" \/>\n\t<meta property=\"og:image:height\" content=\"910\" \/>\n\t<meta property=\"og:image:type\" content=\"image\/webp\" \/>\n<meta name=\"twitter:card\" content=\"summary_large_image\" \/>\n<meta name=\"twitter:label1\" content=\"Dur\u00e9e de lecture estim\u00e9e\" \/>\n\t<meta name=\"twitter:data1\" content=\"2 minutes\" \/>\n<!-- \/ Yoast SEO plugin. -->","yoast_head_json":{"title":"VOZOL Gear Power 20000 Vape - Watermelon Ice VOZOL 20k","description":"D\u00e9couvrez la glace de past\u00e8que du VOZOL Gear Power 20000. Dot\u00e9 de la technologie S.i.L.C., d'une capacit\u00e9 de 20 ml et d'une capacit\u00e9 de 20 000 bouff\u00e9es. Achetez cette saveur estivale rafra\u00eechissante et glac\u00e9e d\u00e8s maintenant !","robots":{"index":"index","follow":"follow","max-snippet":"max-snippet:-1","max-image-preview":"max-image-preview:large","max-video-preview":"max-video-preview:-1"},"canonical":"https:\/\/vapemaison.com\/fr\/produit\/vozol-gear-power-20000-jetable-vape-watermelon-ice-20k-puffs\/","og_locale":"fr_FR","og_type":"article","og_title":"VOZOL Gear Power 20000 Vape - Watermelon Ice VOZOL 20k","og_description":"Experience the Watermelon Ice VOZOL Gear Power 20000. Features S.i.L.C Tech, 20mL capacity, and up to 20,000 puffs. Shop this refreshing icy summer flavor now!","og_url":"https:\/\/vapemaison.com\/fr\/produit\/vozol-gear-power-20000-jetable-vape-watermelon-ice-20k-puffs\/","og_site_name":"VapeMaison","article_modified_time":"2025-12-26T01:53:07+00:00","og_image":[{"width":910,"height":910,"url":"https:\/\/vapemaison.com\/wp-content\/uploads\/2025\/11\/watermelon-ice-vozol-gear-power-disposable-20000-puffs.webp","type":"image\/webp"}],"twitter_card":"summary_large_image","twitter_misc":{"Dur\u00e9e de lecture estim\u00e9e":"2 minutes"},"schema":{"@context":"https:\/\/schema.org","@graph":[{"@type":"WebPage","@id":"https:\/\/vapemaison.com\/product\/vozol-gear-power-20000-disposable-vape-watermelon-ice-20k-puffs\/","url":"https:\/\/vapemaison.com\/product\/vozol-gear-power-20000-disposable-vape-watermelon-ice-20k-puffs\/","name":"VOZOL Gear Power 20000 Vape - Watermelon Ice VOZOL 20k","isPartOf":{"@id":"https:\/\/vapemaison.com\/#website"},"primaryImageOfPage":{"@id":"https:\/\/vapemaison.com\/product\/vozol-gear-power-20000-disposable-vape-watermelon-ice-20k-puffs\/#primaryimage"},"image":{"@id":"https:\/\/vapemaison.com\/product\/vozol-gear-power-20000-disposable-vape-watermelon-ice-20k-puffs\/#primaryimage"},"thumbnailUrl":"https:\/\/vapemaison.com\/wp-content\/uploads\/2025\/11\/watermelon-ice-vozol-gear-power-disposable-20000-puffs.webp","datePublished":"2025-12-23T02:19:58+00:00","dateModified":"2025-12-26T01:53:07+00:00","description":"D\u00e9couvrez la glace de past\u00e8que du VOZOL Gear Power 20000. Dot\u00e9 de la technologie S.i.L.C., d'une capacit\u00e9 de 20 ml et d'une capacit\u00e9 de 20 000 bouff\u00e9es. Achetez cette saveur estivale rafra\u00eechissante et glac\u00e9e d\u00e8s maintenant !","breadcrumb":{"@id":"https:\/\/vapemaison.com\/product\/vozol-gear-power-20000-disposable-vape-watermelon-ice-20k-puffs\/#breadcrumb"},"inLanguage":"fr-FR","potentialAction":[{"@type":"ReadAction","target":["https:\/\/vapemaison.com\/product\/vozol-gear-power-20000-disposable-vape-watermelon-ice-20k-puffs\/"]}]},{"@type":"ImageObject","inLanguage":"fr-FR","@id":"https:\/\/vapemaison.com\/product\/vozol-gear-power-20000-disposable-vape-watermelon-ice-20k-puffs\/#primaryimage","url":"https:\/\/vapemaison.com\/wp-content\/uploads\/2025\/11\/watermelon-ice-vozol-gear-power-disposable-20000-puffs.webp","contentUrl":"https:\/\/vapemaison.com\/wp-content\/uploads\/2025\/11\/watermelon-ice-vozol-gear-power-disposable-20000-puffs.webp","width":910,"height":910,"caption":"watermelon-ice-vozol-gear-power-disposable-20000-puffs"},{"@type":"BreadcrumbList","@id":"https:\/\/vapemaison.com\/product\/vozol-gear-power-20000-disposable-vape-watermelon-ice-20k-puffs\/#breadcrumb","itemListElement":[{"@type":"ListItem","position":1,"name":"\u9996\u9875","item":"https:\/\/vapemaison.com\/"},{"@type":"ListItem","position":2,"name":"Shop","item":"https:\/\/vapemaison.com\/shop\/"},{"@type":"ListItem","position":3,"name":"Vozol","item":"https:\/\/vapemaison.com\/brand\/vozol\/"},{"@type":"ListItem","position":4,"name":"VOZOL Gear Power 20000 Disposable Vape | Watermelon Ice | 20K Puffs"}]},{"@type":"WebSite","@id":"https:\/\/vapemaison.com\/#website","url":"https:\/\/vapemaison.com\/","name":"VapeMaison","description":"Appareils et accessoires de vapotage haut de gamme","publisher":{"@id":"https:\/\/vapemaison.com\/#organization"},"potentialAction":[{"@type":"SearchAction","target":{"@type":"EntryPoint","urlTemplate":"https:\/\/vapemaison.com\/?s={search_term_string}"},"query-input":{"@type":"PropertyValueSpecification","valueRequired":true,"valueName":"search_term_string"}}],"inLanguage":"fr-FR"},{"@type":"Organization","@id":"https:\/\/vapemaison.com\/#organization","name":"VapeMaison","url":"https:\/\/vapemaison.com\/","logo":{"@type":"ImageObject","inLanguage":"fr-FR","@id":"https:\/\/vapemaison.com\/#\/schema\/logo\/image\/","url":"https:\/\/vapemaison.com\/wp-content\/uploads\/2026\/01\/cropped-vapemaison-logo-g-2026.webp","contentUrl":"https:\/\/vapemaison.com\/wp-content\/uploads\/2026\/01\/cropped-vapemaison-logo-g-2026.webp","width":350,"height":280,"caption":"VapeMaison"},"image":{"@id":"https:\/\/vapemaison.com\/#\/schema\/logo\/image\/"},"sameAs":["https:\/\/www.youtube.com\/@VapeMaison"]}]}},"tiered_pricing_type":"fixed","tiered_pricing_fixed_rules":{"30":"11.24","50":"10.36","100":"9.56","200":"8.47"},"tiered_pricing_product_settings":{"layout":"default","base_unit_name":{"singular":null,"plural":null},"default_variation":null},"tiered_pricing_minimum_quantity":10,"tiered_pricing_roles_data":[],"tiered_pricing_percentage_rules":[],"tiered_pricing_maximum_quantity":null,"tiered_pricing_quantity_step":"10","_links":{"self":[{"href":"https:\/\/vapemaison.com\/fr\/wp-json\/wp\/v2\/product\/20584","targetHints":{"allow":["GET"]}}],"collection":[{"href":"https:\/\/vapemaison.com\/fr\/wp-json\/wp\/v2\/product"}],"about":[{"href":"https:\/\/vapemaison.com\/fr\/wp-json\/wp\/v2\/types\/product"}],"replies":[{"embeddable":true,"href":"https:\/\/vapemaison.com\/fr\/wp-json\/wp\/v2\/comments?post=20584"}],"version-history":[{"count":0,"href":"https:\/\/vapemaison.com\/fr\/wp-json\/wp\/v2\/product\/20584\/revisions"}],"wp:featuredmedia":[{"embeddable":true,"href":"https:\/\/vapemaison.com\/fr\/wp-json\/wp\/v2\/media\/12770"}],"wp:attachment":[{"href":"https:\/\/vapemaison.com\/fr\/wp-json\/wp\/v2\/media?parent=20584"}],"wp:term":[{"taxonomy":"product_brand","embeddable":true,"href":"https:\/\/vapemaison.com\/fr\/wp-json\/wp\/v2\/product_brand?post=20584"},{"taxonomy":"product_cat","embeddable":true,"href":"https:\/\/vapemaison.com\/fr\/wp-json\/wp\/v2\/product_cat?post=20584"},{"taxonomy":"product_tag","embeddable":true,"href":"https:\/\/vapemaison.com\/fr\/wp-json\/wp\/v2\/product_tag?post=20584"}],"curies":[{"name":"wp","href":"https:\/\/api.w.org\/{rel}","templated":true}]}}