

{"id":21793,"date":"2025-12-26T07:08:24","date_gmt":"2025-12-26T07:08:24","guid":{"rendered":"https:\/\/vapemaison.com\/?post_type=product&#038;p=21793"},"modified":"2025-12-26T07:16:20","modified_gmt":"2025-12-26T07:16:20","slug":"hifancy-dream-45000-puffs-jetable-vape","status":"publish","type":"product","link":"https:\/\/vapemaison.com\/fr\/product\/hifancy-dream-45000-puffs-disposable-vape\/","title":{"rendered":"HIFANCY DREAM 45000 bouff\u00e9es Vape jetable"},"content":{"rendered":"<figure class=\"wp-block-image size-large\"><a href=\"https:\/\/vapemaison.com\/wp-content\/uploads\/2025\/12\/HIFANCY-LDREAM-45000-banner-1920x400px.webp\"><img fetchpriority=\"high\" decoding=\"async\" width=\"1024\" height=\"213\" src=\"https:\/\/vapemaison.com\/wp-content\/uploads\/2025\/12\/HIFANCY-LDREAM-45000-banner-1920x400px-1024x213.webp\" alt=\"HIFANCY-LDREAM-45000-banner-1920x400px\" class=\"wp-image-21801\" srcset=\"https:\/\/vapemaison.com\/wp-content\/uploads\/2025\/12\/HIFANCY-LDREAM-45000-banner-1920x400px-1024x213.webp 1024w, https:\/\/vapemaison.com\/wp-content\/uploads\/2025\/12\/HIFANCY-LDREAM-45000-banner-1920x400px-300x63.webp 300w, https:\/\/vapemaison.com\/wp-content\/uploads\/2025\/12\/HIFANCY-LDREAM-45000-banner-1920x400px-768x160.webp 768w, https:\/\/vapemaison.com\/wp-content\/uploads\/2025\/12\/HIFANCY-LDREAM-45000-banner-1920x400px-1536x320.webp 1536w, https:\/\/vapemaison.com\/wp-content\/uploads\/2025\/12\/HIFANCY-LDREAM-45000-banner-1920x400px-2048x427.webp 2048w, https:\/\/vapemaison.com\/wp-content\/uploads\/2025\/12\/HIFANCY-LDREAM-45000-banner-1920x400px-18x4.webp 18w, https:\/\/vapemaison.com\/wp-content\/uploads\/2025\/12\/HIFANCY-LDREAM-45000-banner-1920x400px-990x206.webp 990w, https:\/\/vapemaison.com\/wp-content\/uploads\/2025\/12\/HIFANCY-LDREAM-45000-banner-1920x400px-441x92.webp 441w, https:\/\/vapemaison.com\/wp-content\/uploads\/2025\/12\/HIFANCY-LDREAM-45000-banner-1920x400px-800x167.webp 800w, https:\/\/vapemaison.com\/wp-content\/uploads\/2025\/12\/HIFANCY-LDREAM-45000-banner-1920x400px-150x31.webp 150w\" sizes=\"(max-width: 1024px) 100vw, 1024px\" \/><\/a><\/figure>\n\n\n\n<p>Le <strong>HIFANCY DREAM 45000<\/strong> est con\u00e7u pour les vapoteurs qui ont envie de <strong>une long\u00e9vit\u00e9 maximale, une vapeur dense et une saveur riche et intense<\/strong>. Fournir jusqu'\u00e0 <strong>45 000 bouff\u00e9es<\/strong>, aliment\u00e9 par un <strong>Batterie rechargeable de 650mAh<\/strong>, et \u00e9quip\u00e9 de <strong>technologie de la bobine \u00e0 double maille<\/strong> plus <strong>d\u00e9bit d'air r\u00e9glable<\/strong>, Il vous donne un contr\u00f4le total sur chaque tirage.<\/p>\n\n\n\n<p>Que vous souhaitiez <strong>des tirages serr\u00e9s pour plus de saveur<\/strong> ou <strong>des nuages a\u00e9riens pour une vapeur massive<\/strong>, Le DREAM 45000 allie polyvalence, performance et commodit\u00e9 dans un appareil \u00e9l\u00e9gant et portable, id\u00e9al pour les longues sessions et l'utilisation prolong\u00e9e.<\/p>\n\n\n\n<h2 class=\"wp-block-heading\">Principales caract\u00e9ristiques et sp\u00e9cifications<\/h2>\n\n\n\n<figure class=\"wp-block-table is-style-stripes\"><table class=\"has-fixed-layout\"><thead><tr><th>Fonctionnalit\u00e9<\/th><th>Description<\/th><\/tr><\/thead><tbody><tr><td>Capacit\u00e9 de bouff\u00e9e<\/td><td>Jusqu'\u00e0 <strong>45 000 bouff\u00e9es<\/strong><\/td><\/tr><tr><td>Type de bobine<\/td><td><strong>Bobine \u00e0 double maille<\/strong> pour une saveur plus riche et une vapeur plus dense<\/td><\/tr><tr><td>Batterie<\/td><td><strong>650mAh rechargeable<\/strong> batterie<\/td><\/tr><tr><td>Chargement<\/td><td><strong>Chargement rapide de type C<\/strong><\/td><\/tr><tr><td>D\u00e9bit d'air<\/td><td>R\u00e9glable pour des tirages serr\u00e9s ax\u00e9s sur la saveur ou des nuages a\u00e9riens<\/td><\/tr><tr><td>Conception<\/td><td>\u00c9l\u00e9gant, ergonomique et portable<\/td><\/tr><tr><td>Utilisation<\/td><td>Rechargeable, jetable, pr\u00eat \u00e0 l'emploi<\/td><\/tr><\/tbody><\/table><\/figure>\n\n\n\n<h2 class=\"wp-block-heading\">Pourquoi choisir HIFANCY DREAM 45000 ?<\/h2>\n\n\n\n<ul class=\"wp-block-list\">\n<li><strong>Dur\u00e9e de vie ultra-longue<\/strong> - 45 000 bouff\u00e9es pour des sessions de vapotage prolong\u00e9es<\/li>\n\n\n\n<li><strong>Technologie Dual Mesh Coil<\/strong> - Saveur constante et nuages denses<\/li>\n\n\n\n<li><strong>Flux d'air r\u00e9glable<\/strong> - Personnalisez votre r\u00e9sistance \u00e0 l'\u00e9tirement en fonction de vos pr\u00e9f\u00e9rences<\/li>\n\n\n\n<li><strong>Recharge rapide<\/strong> - Le port Type-C minimise les temps d'arr\u00eat<\/li>\n\n\n\n<li><strong>Construction haut de gamme<\/strong> - Design ergonomique et \u00e9l\u00e9gant pour une utilisation quotidienne<\/li>\n<\/ul>\n\n\n\n<h2 class=\"wp-block-heading\">Saveurs disponibles<\/h2>\n\n\n\n<ol class=\"wp-block-list\">\n<li><strong>Glace \u00e0 la past\u00e8que<\/strong> - Past\u00e8que juteuse avec un fini givr\u00e9<\/li>\n\n\n\n<li><strong>Citron vert<\/strong> - Duo d'agrumes piquant et rafra\u00eechissant<\/li>\n\n\n\n<li><strong>Cola Ice<\/strong> - Go\u00fbt classique de cola, r\u00e9frig\u00e9r\u00e9 pour plus d'onctuosit\u00e9<\/li>\n\n\n\n<li><strong>P\u00eache Mangue Past\u00e8que<\/strong> - M\u00e9lange tropical de p\u00eache, de mangue et de past\u00e8que<\/li>\n\n\n\n<li><strong>Fraise et banane<\/strong> - La fraise cr\u00e9meuse rencontre la banane sucr\u00e9e<\/li>\n\n\n\n<li><strong>Glace \u00e0 la p\u00eache juteuse<\/strong> - P\u00eache succulente avec des notes glac\u00e9es et croustillantes<\/li>\n\n\n\n<li><strong>R\u00eave d'\u00e9t\u00e9<\/strong> - M\u00e9lange de raisin, d'orange, de citron et de Red Bull pour une \u00e9nergie d\u00e9bordante.<\/li>\n\n\n\n<li><strong>Amour 66<\/strong> - Past\u00e8que, melon de miel, fruit de la passion et menthe pour une exp\u00e9rience glac\u00e9e et juteuse.<\/li>\n\n\n\n<li><strong>Glace Blue Razz<\/strong> - Framboise bleue \u00e9lectrique avec une intensit\u00e9 glaciale froide<\/li>\n\n\n\n<li><strong>Glace \u00e0 la fraise<\/strong> - Fraises m\u00fbres congel\u00e9es en vapeur lisse<\/li>\n<\/ol>\n\n\n\n<p>D\u00e9couvrez l'exp\u00e9rience de vapotage ultime avec <strong>ESPACE HIFANCY 50000<\/strong>. D\u00e9couvrez notre gamme compl\u00e8te d'appareils haut de gamme sur le site Web de la Commission europ\u00e9enne. <a href=\"https:\/\/vapemaison.com\/\"><strong>Page d'accueil<\/strong><\/a> et consultez toutes les options disponibles dans notre <a href=\"https:\/\/vapemaison.com\/shop\/\"><strong>Boutique<\/strong><\/a>. Pour d'autres produits de la m\u00eame gamme, consultez la rubrique <a href=\"https:\/\/vapemaison.com\/brand\/hifancy\/\"><strong>Collection de la marque HIFANCY<\/strong><\/a> pour trouver votre prochaine vape pr\u00e9f\u00e9r\u00e9e.<\/p>","protected":false},"excerpt":{"rendered":"<p>Jusqu'\u00e0 45 000 bouff\u00e9es avec des bobines doubles, un flux d'air r\u00e9glable et une batterie rechargeable de 650mAh - un vaping durable et savoureux dans un appareil \u00e9l\u00e9gant.<\/p>","protected":false},"featured_media":21795,"comment_status":"open","ping_status":"closed","template":"","meta":[],"product_brand":[308],"product_cat":[156],"product_tag":[],"class_list":{"0":"post-21793","1":"product","2":"type-product","3":"status-publish","4":"has-post-thumbnail","6":"product_brand-hifancy","7":"product_cat-45k-puffs","9":"first","10":"instock","11":"sale","12":"shipping-taxable","13":"purchasable","14":"product-type-variable"},"yoast_head":"<!-- This site is optimized with the Yoast SEO plugin v27.4 - https:\/\/yoast.com\/product\/yoast-seo-wordpress\/ -->\n<title>HIFANCY DREAM 45000 Puffs Disposable Vape | Dual Mesh Coi - VapeMaison<\/title>\n<meta name=\"description\" content=\"Experience up to 45k puffs with HIFANCY DREAM 45000 disposable vape. Dual mesh coils, adjustable airflow, and a 650mAh rechargeable battery deliver smooth, flavorful clouds every time.\" \/>\n<meta name=\"robots\" content=\"index, follow, max-snippet:-1, max-image-preview:large, max-video-preview:-1\" \/>\n<link rel=\"canonical\" href=\"https:\/\/vapemaison.com\/fr\/produit\/hifancy-dream-45000-puffs-jetable-vape\/\" \/>\n<meta property=\"og:locale\" content=\"fr_FR\" \/>\n<meta property=\"og:type\" content=\"article\" \/>\n<meta property=\"og:title\" content=\"HIFANCY DREAM 45000 Puffs Disposable Vape | Dual Mesh Coi - VapeMaison\" \/>\n<meta property=\"og:description\" content=\"Experience up to 45k puffs with HIFANCY DREAM 45000 disposable vape. Dual mesh coils, adjustable airflow, and a 650mAh rechargeable battery deliver smooth, flavorful clouds every time.\" \/>\n<meta property=\"og:url\" content=\"https:\/\/vapemaison.com\/fr\/produit\/hifancy-dream-45000-puffs-jetable-vape\/\" \/>\n<meta property=\"og:site_name\" content=\"VapeMaison\" \/>\n<meta property=\"article:modified_time\" content=\"2025-12-26T07:16:20+00:00\" \/>\n<meta property=\"og:image\" content=\"https:\/\/vapemaison.com\/wp-content\/uploads\/2025\/12\/HIFANCY-DREAM-45000-display-3.webp\" \/>\n\t<meta property=\"og:image:width\" content=\"1000\" \/>\n\t<meta property=\"og:image:height\" content=\"1000\" \/>\n\t<meta property=\"og:image:type\" content=\"image\/webp\" \/>\n<meta name=\"twitter:card\" content=\"summary_large_image\" \/>\n<meta name=\"twitter:label1\" content=\"Dur\u00e9e de lecture estim\u00e9e\" \/>\n\t<meta name=\"twitter:data1\" content=\"2 minutes\" \/>\n<!-- \/ Yoast SEO plugin. -->","yoast_head_json":{"title":"HIFANCY DREAM 45000 bouff\u00e9es Vape jetable - Dual Mesh Coi - VapeMaison","description":"Exp\u00e9rimentez jusqu'\u00e0 45k bouff\u00e9es avec la vape jetable HIFANCY DREAM 45000. Les doubles bobines, le flux d'air r\u00e9glable et la batterie rechargeable de 650mAh produisent des nuages doux et savoureux \u00e0 chaque fois.","robots":{"index":"index","follow":"follow","max-snippet":"max-snippet:-1","max-image-preview":"max-image-preview:large","max-video-preview":"max-video-preview:-1"},"canonical":"https:\/\/vapemaison.com\/fr\/produit\/hifancy-dream-45000-puffs-jetable-vape\/","og_locale":"fr_FR","og_type":"article","og_title":"HIFANCY DREAM 45000 Puffs Disposable Vape | Dual Mesh Coi - VapeMaison","og_description":"Experience up to 45k puffs with HIFANCY DREAM 45000 disposable vape. Dual mesh coils, adjustable airflow, and a 650mAh rechargeable battery deliver smooth, flavorful clouds every time.","og_url":"https:\/\/vapemaison.com\/fr\/produit\/hifancy-dream-45000-puffs-jetable-vape\/","og_site_name":"VapeMaison","article_modified_time":"2025-12-26T07:16:20+00:00","og_image":[{"width":1000,"height":1000,"url":"https:\/\/vapemaison.com\/wp-content\/uploads\/2025\/12\/HIFANCY-DREAM-45000-display-3.webp","type":"image\/webp"}],"twitter_card":"summary_large_image","twitter_misc":{"Dur\u00e9e de lecture estim\u00e9e":"2 minutes"},"schema":{"@context":"https:\/\/schema.org","@graph":[{"@type":"WebPage","@id":"https:\/\/vapemaison.com\/product\/hifancy-dream-45000-puffs-disposable-vape\/","url":"https:\/\/vapemaison.com\/product\/hifancy-dream-45000-puffs-disposable-vape\/","name":"HIFANCY DREAM 45000 bouff\u00e9es Vape jetable - Dual Mesh Coi - VapeMaison","isPartOf":{"@id":"https:\/\/vapemaison.com\/#website"},"primaryImageOfPage":{"@id":"https:\/\/vapemaison.com\/product\/hifancy-dream-45000-puffs-disposable-vape\/#primaryimage"},"image":{"@id":"https:\/\/vapemaison.com\/product\/hifancy-dream-45000-puffs-disposable-vape\/#primaryimage"},"thumbnailUrl":"https:\/\/vapemaison.com\/wp-content\/uploads\/2025\/12\/HIFANCY-DREAM-45000-display-3.webp","datePublished":"2025-12-26T07:08:24+00:00","dateModified":"2025-12-26T07:16:20+00:00","description":"Exp\u00e9rimentez jusqu'\u00e0 45k bouff\u00e9es avec la vape jetable HIFANCY DREAM 45000. Les doubles bobines, le flux d'air r\u00e9glable et la batterie rechargeable de 650mAh produisent des nuages doux et savoureux \u00e0 chaque fois.","breadcrumb":{"@id":"https:\/\/vapemaison.com\/product\/hifancy-dream-45000-puffs-disposable-vape\/#breadcrumb"},"inLanguage":"fr-FR","potentialAction":[{"@type":"ReadAction","target":["https:\/\/vapemaison.com\/product\/hifancy-dream-45000-puffs-disposable-vape\/"]}]},{"@type":"ImageObject","inLanguage":"fr-FR","@id":"https:\/\/vapemaison.com\/product\/hifancy-dream-45000-puffs-disposable-vape\/#primaryimage","url":"https:\/\/vapemaison.com\/wp-content\/uploads\/2025\/12\/HIFANCY-DREAM-45000-display-3.webp","contentUrl":"https:\/\/vapemaison.com\/wp-content\/uploads\/2025\/12\/HIFANCY-DREAM-45000-display-3.webp","width":1000,"height":1000,"caption":"HIFANCY-DREAM-45000-display-3"},{"@type":"BreadcrumbList","@id":"https:\/\/vapemaison.com\/product\/hifancy-dream-45000-puffs-disposable-vape\/#breadcrumb","itemListElement":[{"@type":"ListItem","position":1,"name":"\u9996\u9875","item":"https:\/\/vapemaison.com\/"},{"@type":"ListItem","position":2,"name":"Shop","item":"https:\/\/vapemaison.com\/shop\/"},{"@type":"ListItem","position":3,"name":"HIFANCY","item":"https:\/\/vapemaison.com\/brand\/hifancy\/"},{"@type":"ListItem","position":4,"name":"HIFANCY DREAM 45000 Puffs Disposable Vape"}]},{"@type":"WebSite","@id":"https:\/\/vapemaison.com\/#website","url":"https:\/\/vapemaison.com\/","name":"VapeMaison","description":"Appareils et accessoires de vapotage haut de gamme","publisher":{"@id":"https:\/\/vapemaison.com\/#organization"},"potentialAction":[{"@type":"SearchAction","target":{"@type":"EntryPoint","urlTemplate":"https:\/\/vapemaison.com\/?s={search_term_string}"},"query-input":{"@type":"PropertyValueSpecification","valueRequired":true,"valueName":"search_term_string"}}],"inLanguage":"fr-FR"},{"@type":"Organization","@id":"https:\/\/vapemaison.com\/#organization","name":"VapeMaison","url":"https:\/\/vapemaison.com\/","logo":{"@type":"ImageObject","inLanguage":"fr-FR","@id":"https:\/\/vapemaison.com\/#\/schema\/logo\/image\/","url":"https:\/\/vapemaison.com\/wp-content\/uploads\/2026\/01\/cropped-vapemaison-logo-g-2026.webp","contentUrl":"https:\/\/vapemaison.com\/wp-content\/uploads\/2026\/01\/cropped-vapemaison-logo-g-2026.webp","width":350,"height":280,"caption":"VapeMaison"},"image":{"@id":"https:\/\/vapemaison.com\/#\/schema\/logo\/image\/"},"sameAs":["https:\/\/www.youtube.com\/@VapeMaison"]}]}},"tiered_pricing_type":"fixed","tiered_pricing_fixed_rules":{"30":"11.98","50":"11.36","100":"10.45","200":"9.54"},"tiered_pricing_product_settings":{"layout":"default","base_unit_name":{"singular":null,"plural":null},"default_variation":null},"tiered_pricing_minimum_quantity":10,"tiered_pricing_roles_data":[],"tiered_pricing_percentage_rules":[],"tiered_pricing_maximum_quantity":null,"tiered_pricing_quantity_step":"10","_links":{"self":[{"href":"https:\/\/vapemaison.com\/fr\/wp-json\/wp\/v2\/product\/21793","targetHints":{"allow":["GET"]}}],"collection":[{"href":"https:\/\/vapemaison.com\/fr\/wp-json\/wp\/v2\/product"}],"about":[{"href":"https:\/\/vapemaison.com\/fr\/wp-json\/wp\/v2\/types\/product"}],"replies":[{"embeddable":true,"href":"https:\/\/vapemaison.com\/fr\/wp-json\/wp\/v2\/comments?post=21793"}],"version-history":[{"count":0,"href":"https:\/\/vapemaison.com\/fr\/wp-json\/wp\/v2\/product\/21793\/revisions"}],"wp:featuredmedia":[{"embeddable":true,"href":"https:\/\/vapemaison.com\/fr\/wp-json\/wp\/v2\/media\/21795"}],"wp:attachment":[{"href":"https:\/\/vapemaison.com\/fr\/wp-json\/wp\/v2\/media?parent=21793"}],"wp:term":[{"taxonomy":"product_brand","embeddable":true,"href":"https:\/\/vapemaison.com\/fr\/wp-json\/wp\/v2\/product_brand?post=21793"},{"taxonomy":"product_cat","embeddable":true,"href":"https:\/\/vapemaison.com\/fr\/wp-json\/wp\/v2\/product_cat?post=21793"},{"taxonomy":"product_tag","embeddable":true,"href":"https:\/\/vapemaison.com\/fr\/wp-json\/wp\/v2\/product_tag?post=21793"}],"curies":[{"name":"wp","href":"https:\/\/api.w.org\/{rel}","templated":true}]}}