

{"id":22265,"date":"2025-12-29T06:40:21","date_gmt":"2025-12-29T06:40:21","guid":{"rendered":"https:\/\/vapemaison.com\/?post_type=product&#038;p=22265"},"modified":"2026-03-24T07:40:44","modified_gmt":"2026-03-24T07:40:44","slug":"bang-leader-stoll-300k-puffs-disposable-vape","status":"publish","type":"product","link":"https:\/\/vapemaison.com\/fr\/product\/bang-leader-stoll-300k-puffs-disposable-vape\/","title":{"rendered":"Bang Leader Stoll 300K Vape jetable"},"content":{"rendered":"<p>Le <strong>Bang Leader Stoll 300K<\/strong> est un mod\u00e8le phare de vape jetable \u00e0 haute capacit\u00e9 con\u00e7u pour les utilisateurs qui exigent une vape de qualit\u00e9. <strong>une long\u00e9vit\u00e9 maximale, une qualit\u00e9 de vapeur sup\u00e9rieure et une v\u00e9ritable libert\u00e9 de go\u00fbt<\/strong> dans un seul appareil.<\/p>\n\n\n\n<p>Avec un <strong>Syst\u00e8me d'ar\u00f4mes 6 en 1 enti\u00e8rement ind\u00e9pendant<\/strong>, Gr\u00e2ce \u00e0 la chambre d'ar\u00f4mes, vous pouvez passer instantan\u00e9ment d'un ar\u00f4me \u00e0 l'autre sans m\u00e9lange. Chaque chambre d'ar\u00f4me fonctionne s\u00e9par\u00e9ment, ce qui garantit un go\u00fbt pur et constant de la premi\u00e8re \u00e0 la derni\u00e8re bouff\u00e9e.<\/p>\n\n\n\n<p>Avec jusqu'\u00e0 <strong><a href=\"https:\/\/vapemaison.com\/product-category\/puffs-count\/300k-puffs\/\">300k bouff\u00e9es<\/a><\/strong>, Le Stoll 300K, avec sa technologie mesh coil \u00e0 haute efficacit\u00e9 et sa batterie rechargeable, \u00e9tablit une nouvelle norme pour les vapes jetables de la prochaine g\u00e9n\u00e9ration.<\/p>\n\n\n\n<p><strong>Cliquez ici pour en savoir plus <a href=\"https:\/\/vapemaison.com\/brand\/bang\/\">produits de Bang<\/a>, ainsi que <a href=\"https:\/\/vapemaison.com\/shop\/\" type=\"link\" id=\"https:\/\/vapemaison.com\/shop\/\">tous les produits<\/a>.<\/strong><\/p>\n\n\n\n<h2 class=\"wp-block-heading\">Les principaux avantages en un coup d'\u0153il<\/h2>\n\n\n\n<ul class=\"wp-block-list\">\n<li>Jusqu'\u00e0 <strong>300 000 bouff\u00e9es<\/strong> pour un plaisir durable<\/li>\n\n\n\n<li><strong>Syst\u00e8me d'ar\u00f4mes ind\u00e9pendants 6 en 1<\/strong><\/li>\n\n\n\n<li>Une saveur pure et non m\u00e9lang\u00e9e \u00e0 chaque fois<\/li>\n\n\n\n<li>Changement d'ar\u00f4me manuel et instantan\u00e9<\/li>\n\n\n\n<li>Vapeur dense au go\u00fbt constant<\/li>\n\n\n\n<li>Batterie rechargeable<\/li>\n\n\n\n<li>Conception ergonomique haut de gamme avec structure \u00e9tanche<\/li>\n<\/ul>\n\n\n\n<h2 class=\"wp-block-heading\">Sp\u00e9cifications des produits<\/h2>\n\n\n\n<figure class=\"wp-block-table is-style-stripes\"><table class=\"has-fixed-layout\"><thead><tr><th>Fonctionnalit\u00e9<\/th><th>Description<\/th><\/tr><\/thead><tbody><tr><td>Type de produit<\/td><td>Vape jetable de grande capacit\u00e9<\/td><\/tr><tr><td>Nombre maximal de bouff\u00e9es<\/td><td>Jusqu'\u00e0 300 000 bouff\u00e9es<\/td><\/tr><tr><td>Syst\u00e8me d'ar\u00f4mes<\/td><td>Syst\u00e8me d'ar\u00f4mes ind\u00e9pendants 6 en 1<\/td><\/tr><tr><td>Structure de l'ar\u00f4me<\/td><td>Six chambres \u00e0 e-liquide scell\u00e9es et s\u00e9par\u00e9es<\/td><\/tr><tr><td>Changement d'ar\u00f4me<\/td><td>Manuel, instantan\u00e9<\/td><\/tr><tr><td>Technologie des bobines<\/td><td>Bobine de maille avanc\u00e9e<\/td><\/tr><tr><td>Production de vapeur<\/td><td>Vapeur dense et saveur stable<\/td><\/tr><tr><td>Syst\u00e8me d'alimentation<\/td><td>Batterie rechargeable<\/td><\/tr><tr><td>Protection contre les fuites<\/td><td>Conception anti-fuite interne renforc\u00e9e<\/td><\/tr><tr><td>Conception<\/td><td>Bo\u00eetier ergonomique de qualit\u00e9 sup\u00e9rieure<\/td><\/tr><tr><td>Possibilit\u00e9 de recharge<\/td><td>Non rechargeable jetable<\/td><\/tr><\/tbody><\/table><\/figure>\n\n\n\n<h2 class=\"wp-block-heading\">Explication du syst\u00e8me d'ar\u00f4mes 6 en 1<\/h2>\n\n\n\n<p>Chaque <strong>Bang Leader Stoll 300K<\/strong> L'appareil comprend <strong>six saveurs distinctes en une seule unit\u00e9<\/strong>, ce qui permet aux utilisateurs de profiter d'une grande vari\u00e9t\u00e9 sans changer d'appareil.<\/p>\n\n\n\n<p>Chaque chambre est <strong>enti\u00e8rement scell\u00e9<\/strong>, Les produits de la gamme sont con\u00e7us pour \u00eatre utilis\u00e9s dans des conditions optimales, tout en pr\u00e9servant la puret\u00e9 et l'intensit\u00e9 de la saveur tout au long de leur utilisation.<\/p>\n\n\n\n<h2 class=\"wp-block-heading\">\u00c0 qui s'adresse ce dispositif ?<\/h2>\n\n\n\n<ul class=\"wp-block-list\">\n<li>Les utilisateurs qui aiment <strong>vari\u00e9t\u00e9 des saveurs<\/strong><\/li>\n\n\n\n<li>Les fumeurs \u00e0 l'exp\u00e9rience <strong>fatigue gustative<\/strong><\/li>\n\n\n\n<li><strong>Utilisateurs intensifs ou de longue dur\u00e9e<\/strong> \u00e0 la recherche d'une capacit\u00e9 de bouff\u00e9e ultra-\u00e9lev\u00e9e<\/li>\n\n\n\n<li>Les clients \u00e0 la recherche d'un <strong>solution jetable tout-en-un de premi\u00e8re qualit\u00e9<\/strong><\/li>\n<\/ul>","protected":false},"excerpt":{"rendered":"<p>The Bang Leader Stoll 300K is a flagship high-capacity disposable vape designed for users who demand maximum longevity, premium vapor quality, and true flavor freedom in a single device. With a 6-in-1 fully independent flavor system, you can instantly switch between six flavors without cross-mixing. Each flavor chamber operates separately, ensuring pure, consistent taste from [&hellip;]<\/p>\n","protected":false},"featured_media":22055,"comment_status":"open","ping_status":"closed","template":"","meta":[],"product_brand":[57],"product_cat":[311],"product_tag":[],"class_list":{"0":"post-22265","1":"product","2":"type-product","3":"status-publish","4":"has-post-thumbnail","6":"product_brand-bang","7":"product_cat-300k-puffs","9":"first","10":"instock","11":"sale","12":"shipping-taxable","13":"purchasable","14":"product-type-variable"},"yoast_head":"<!-- This site is optimized with the Yoast SEO plugin v27.4 - https:\/\/yoast.com\/product\/yoast-seo-wordpress\/ -->\n<title>Bang Leader Stoll 300K Vape \u2013 6-in-1 Flavors | 300k Puffs<\/title>\n<meta name=\"description\" content=\"Experience the Bang Leader Stoll 300K disposable vape with an advanced 6-in-1 independent flavor system and up to 300k puffs.\" \/>\n<meta name=\"robots\" content=\"index, follow, max-snippet:-1, max-image-preview:large, max-video-preview:-1\" \/>\n<link rel=\"canonical\" href=\"https:\/\/vapemaison.com\/fr\/produit\/bang-leader-stoll-300k-puffs-disposable-vape\/\" \/>\n<meta property=\"og:locale\" content=\"fr_FR\" \/>\n<meta property=\"og:type\" content=\"article\" \/>\n<meta property=\"og:title\" content=\"Bang Leader Stoll 300K Vape \u2013 6-in-1 Flavors | 300k Puffs\" \/>\n<meta property=\"og:description\" content=\"Experience the Bang Leader Stoll 300K disposable vape with an advanced 6-in-1 independent flavor system and up to 300k puffs.\" \/>\n<meta property=\"og:url\" content=\"https:\/\/vapemaison.com\/fr\/produit\/bang-leader-stoll-300k-puffs-disposable-vape\/\" \/>\n<meta property=\"og:site_name\" content=\"VapeMaison\" \/>\n<meta property=\"article:modified_time\" content=\"2026-03-24T07:40:44+00:00\" \/>\n<meta property=\"og:image\" content=\"https:\/\/vapemaison.com\/wp-content\/uploads\/2025\/12\/bang-leader-300000-pineapple-coconut-blue-razz-mixed-berries-mango-peach-blueberry-raspberry-strawberry-vanilla-coke-1024x1024.png\" \/>\n\t<meta property=\"og:image:width\" content=\"1024\" \/>\n\t<meta property=\"og:image:height\" content=\"1024\" \/>\n\t<meta property=\"og:image:type\" content=\"image\/png\" \/>\n<meta name=\"twitter:card\" content=\"summary_large_image\" \/>\n<meta name=\"twitter:label1\" content=\"Dur\u00e9e de lecture estim\u00e9e\" \/>\n\t<meta name=\"twitter:data1\" content=\"2 minutes\" \/>\n<!-- \/ Yoast SEO plugin. -->","yoast_head_json":{"title":"Bang Leader Stoll 300K Vape - 6-in-1 Flavors | 300k Puffs","description":"D\u00e9couvrez la vape Bang Leader Stoll 300K jetable avec un syst\u00e8me avanc\u00e9 de saveurs ind\u00e9pendantes 6-en-1 et jusqu'\u00e0 300k bouff\u00e9es.","robots":{"index":"index","follow":"follow","max-snippet":"max-snippet:-1","max-image-preview":"max-image-preview:large","max-video-preview":"max-video-preview:-1"},"canonical":"https:\/\/vapemaison.com\/fr\/produit\/bang-leader-stoll-300k-puffs-disposable-vape\/","og_locale":"fr_FR","og_type":"article","og_title":"Bang Leader Stoll 300K Vape \u2013 6-in-1 Flavors | 300k Puffs","og_description":"Experience the Bang Leader Stoll 300K disposable vape with an advanced 6-in-1 independent flavor system and up to 300k puffs.","og_url":"https:\/\/vapemaison.com\/fr\/produit\/bang-leader-stoll-300k-puffs-disposable-vape\/","og_site_name":"VapeMaison","article_modified_time":"2026-03-24T07:40:44+00:00","og_image":[{"width":1024,"height":1024,"url":"https:\/\/vapemaison.com\/wp-content\/uploads\/2025\/12\/bang-leader-300000-pineapple-coconut-blue-razz-mixed-berries-mango-peach-blueberry-raspberry-strawberry-vanilla-coke-1024x1024.png","type":"image\/png"}],"twitter_card":"summary_large_image","twitter_misc":{"Dur\u00e9e de lecture estim\u00e9e":"2 minutes"},"schema":{"@context":"https:\/\/schema.org","@graph":[{"@type":"WebPage","@id":"https:\/\/vapemaison.com\/product\/bang-leader-stoll-300k-puffs-disposable-vape\/","url":"https:\/\/vapemaison.com\/product\/bang-leader-stoll-300k-puffs-disposable-vape\/","name":"Bang Leader Stoll 300K Vape - 6-in-1 Flavors | 300k Puffs","isPartOf":{"@id":"https:\/\/vapemaison.com\/#website"},"primaryImageOfPage":{"@id":"https:\/\/vapemaison.com\/product\/bang-leader-stoll-300k-puffs-disposable-vape\/#primaryimage"},"image":{"@id":"https:\/\/vapemaison.com\/product\/bang-leader-stoll-300k-puffs-disposable-vape\/#primaryimage"},"thumbnailUrl":"https:\/\/vapemaison.com\/wp-content\/uploads\/2025\/12\/bang-leader-300000-pineapple-coconut-blue-razz-mixed-berries-mango-peach-blueberry-raspberry-strawberry-vanilla-coke.png","datePublished":"2025-12-29T06:40:21+00:00","dateModified":"2026-03-24T07:40:44+00:00","description":"D\u00e9couvrez la vape Bang Leader Stoll 300K jetable avec un syst\u00e8me avanc\u00e9 de saveurs ind\u00e9pendantes 6-en-1 et jusqu'\u00e0 300k bouff\u00e9es.","breadcrumb":{"@id":"https:\/\/vapemaison.com\/product\/bang-leader-stoll-300k-puffs-disposable-vape\/#breadcrumb"},"inLanguage":"fr-FR","potentialAction":[{"@type":"ReadAction","target":["https:\/\/vapemaison.com\/product\/bang-leader-stoll-300k-puffs-disposable-vape\/"]}]},{"@type":"ImageObject","inLanguage":"fr-FR","@id":"https:\/\/vapemaison.com\/product\/bang-leader-stoll-300k-puffs-disposable-vape\/#primaryimage","url":"https:\/\/vapemaison.com\/wp-content\/uploads\/2025\/12\/bang-leader-300000-pineapple-coconut-blue-razz-mixed-berries-mango-peach-blueberry-raspberry-strawberry-vanilla-coke.png","contentUrl":"https:\/\/vapemaison.com\/wp-content\/uploads\/2025\/12\/bang-leader-300000-pineapple-coconut-blue-razz-mixed-berries-mango-peach-blueberry-raspberry-strawberry-vanilla-coke.png","width":2000,"height":2000,"caption":"bang-leader-300000-pineapple-coconut-blue-razz-mixed-berries-mango-peach-blueberry-raspberry-strawberry-vanilla-coke"},{"@type":"BreadcrumbList","@id":"https:\/\/vapemaison.com\/product\/bang-leader-stoll-300k-puffs-disposable-vape\/#breadcrumb","itemListElement":[{"@type":"ListItem","position":1,"name":"\u9996\u9875","item":"https:\/\/vapemaison.com\/"},{"@type":"ListItem","position":2,"name":"Shop","item":"https:\/\/vapemaison.com\/shop\/"},{"@type":"ListItem","position":3,"name":"Bang","item":"https:\/\/vapemaison.com\/brand\/bang\/"},{"@type":"ListItem","position":4,"name":"Bang Leader Stoll 300K Disposable Vape"}]},{"@type":"WebSite","@id":"https:\/\/vapemaison.com\/#website","url":"https:\/\/vapemaison.com\/","name":"VapeMaison","description":"Appareils et accessoires de vapotage haut de gamme","publisher":{"@id":"https:\/\/vapemaison.com\/#organization"},"potentialAction":[{"@type":"SearchAction","target":{"@type":"EntryPoint","urlTemplate":"https:\/\/vapemaison.com\/?s={search_term_string}"},"query-input":{"@type":"PropertyValueSpecification","valueRequired":true,"valueName":"search_term_string"}}],"inLanguage":"fr-FR"},{"@type":"Organization","@id":"https:\/\/vapemaison.com\/#organization","name":"VapeMaison","url":"https:\/\/vapemaison.com\/","logo":{"@type":"ImageObject","inLanguage":"fr-FR","@id":"https:\/\/vapemaison.com\/#\/schema\/logo\/image\/","url":"https:\/\/vapemaison.com\/wp-content\/uploads\/2026\/01\/cropped-vapemaison-logo-g-2026.webp","contentUrl":"https:\/\/vapemaison.com\/wp-content\/uploads\/2026\/01\/cropped-vapemaison-logo-g-2026.webp","width":350,"height":280,"caption":"VapeMaison"},"image":{"@id":"https:\/\/vapemaison.com\/#\/schema\/logo\/image\/"},"sameAs":["https:\/\/www.youtube.com\/@VapeMaison"]}]}},"tiered_pricing_type":"fixed","tiered_pricing_fixed_rules":{"30":"12.24","50":"11.86","100":"11.36","200":"10.99"},"tiered_pricing_product_settings":{"layout":"default","base_unit_name":{"singular":null,"plural":null},"default_variation":null},"tiered_pricing_minimum_quantity":10,"tiered_pricing_roles_data":[],"tiered_pricing_percentage_rules":[],"tiered_pricing_maximum_quantity":null,"tiered_pricing_quantity_step":"10","_links":{"self":[{"href":"https:\/\/vapemaison.com\/fr\/wp-json\/wp\/v2\/product\/22265","targetHints":{"allow":["GET"]}}],"collection":[{"href":"https:\/\/vapemaison.com\/fr\/wp-json\/wp\/v2\/product"}],"about":[{"href":"https:\/\/vapemaison.com\/fr\/wp-json\/wp\/v2\/types\/product"}],"replies":[{"embeddable":true,"href":"https:\/\/vapemaison.com\/fr\/wp-json\/wp\/v2\/comments?post=22265"}],"version-history":[{"count":1,"href":"https:\/\/vapemaison.com\/fr\/wp-json\/wp\/v2\/product\/22265\/revisions"}],"predecessor-version":[{"id":28409,"href":"https:\/\/vapemaison.com\/fr\/wp-json\/wp\/v2\/product\/22265\/revisions\/28409"}],"wp:featuredmedia":[{"embeddable":true,"href":"https:\/\/vapemaison.com\/fr\/wp-json\/wp\/v2\/media\/22055"}],"wp:attachment":[{"href":"https:\/\/vapemaison.com\/fr\/wp-json\/wp\/v2\/media?parent=22265"}],"wp:term":[{"taxonomy":"product_brand","embeddable":true,"href":"https:\/\/vapemaison.com\/fr\/wp-json\/wp\/v2\/product_brand?post=22265"},{"taxonomy":"product_cat","embeddable":true,"href":"https:\/\/vapemaison.com\/fr\/wp-json\/wp\/v2\/product_cat?post=22265"},{"taxonomy":"product_tag","embeddable":true,"href":"https:\/\/vapemaison.com\/fr\/wp-json\/wp\/v2\/product_tag?post=22265"}],"curies":[{"name":"wp","href":"https:\/\/api.w.org\/{rel}","templated":true}]}}