

{"id":25109,"date":"2026-01-06T07:43:59","date_gmt":"2026-01-06T07:43:59","guid":{"rendered":"https:\/\/vapemaison.com\/?post_type=product&#038;p=25109"},"modified":"2026-01-06T09:02:14","modified_gmt":"2026-01-06T09:02:14","slug":"jnr-alien-10000-puffs-jetable-vape","status":"publish","type":"product","link":"https:\/\/vapemaison.com\/fr\/product\/jnr-alien-10000-puffs-disposable-vape\/","title":{"rendered":"JNR Alien 10000 Puffs Vape jetable"},"content":{"rendered":"<p>Le <strong>JNR Alien 10000 Puffs Vape jetable<\/strong> est un appareil rechargeable jetable de premi\u00e8re qualit\u00e9 cr\u00e9\u00e9 pour les vapoteurs qui recherchent <strong>performance durable, saveur riche et commodit\u00e9 quotidienne<\/strong>. Produit par la soci\u00e9t\u00e9 de confiance <strong>Marque JNR<\/strong>, Il offre jusqu'\u00e0 <strong>10 000 bouff\u00e9es<\/strong>, La dur\u00e9e de l'exp\u00e9rience de vapotage est nettement plus longue que celle des appareils jetables standard.<\/p>\n\n\n\n<p>Aliment\u00e9 par un <strong>Batterie rechargeable de 850 mAh<\/strong> avec <strong>Chargement rapide USB Type-C<\/strong>, Le JNR Alien assure une sortie stable et une production de vapeur constante de la premi\u00e8re \u00e0 la derni\u00e8re bouff\u00e9e. Ses <strong>Technologie de la bobine \u00e0 mailles 1.2\u03a9<\/strong> permet une chauffe homog\u00e8ne, une clart\u00e9 des saveurs am\u00e9lior\u00e9e, des tirages en douceur et des nuages de vapeur denses.<\/p>\n\n\n\n<p>Pr\u00e9-rempli avec <strong>20 ml d'e-liquide<\/strong>, Le JNR Alien 10K \u00e9limine le besoin de remplissage et d'entretien, ce qui en fait un choix id\u00e9al pour une utilisation quotidienne et des sessions de vapotage prolong\u00e9es. Avec <strong>Plus de 20 saveurs soigneusement \u00e9labor\u00e9es<\/strong>, Il r\u00e9pond \u00e0 un large \u00e9ventail de pr\u00e9f\u00e9rences gustatives - des profils fruit\u00e9s et glac\u00e9s aux profils sucr\u00e9s et classiques.<\/p>\n\n\n\n<p>Au <strong>VapeMaison<\/strong>, Nous nous engageons \u00e0 offrir des produits de vapotage authentiques et de haute qualit\u00e9 \u00e0 des prix comp\u00e9titifs, soutenus par un service fiable et une livraison rapide dans toute l'Europe.<\/p>\n\n\n\n<h2 class=\"wp-block-heading\"><strong>Sp\u00e9cifications des produits<\/strong><\/h2>\n\n\n\n<figure class=\"wp-block-table is-style-stripes\"><table class=\"has-fixed-layout\"><thead><tr><th>Fonctionnalit\u00e9<\/th><th>Description<\/th><\/tr><\/thead><tbody><tr><td>Capacit\u00e9 de bouff\u00e9e<\/td><td>Jusqu'\u00e0 10 000 bouff\u00e9es<\/td><\/tr><tr><td>Capacit\u00e9 de la batterie<\/td><td>Batterie rechargeable de 850 mAh<\/td><\/tr><tr><td>Port de charge<\/td><td>Chargement rapide USB Type-C<\/td><\/tr><tr><td>Capacit\u00e9 en e-liquide<\/td><td>20 ml pr\u00e9-rempli<\/td><\/tr><tr><td>Type de bobine<\/td><td>1.2\u03a9 bobine en maille de haute qualit\u00e9<\/td><\/tr><tr><td>Options de saveurs<\/td><td>Plus de 20 saveurs disponibles<\/td><\/tr><tr><td>Conception<\/td><td>Compact, ergonomique, design futuriste<\/td><\/tr><tr><td>Utilisation<\/td><td>Jetable, pas de remplissage n\u00e9cessaire<\/td><\/tr><\/tbody><\/table><\/figure>\n\n\n\n<h2 class=\"wp-block-heading\"><strong>Meilleurs prix pour JNR Alien 10000 Puffs chez VapeMaison<\/strong><\/h2>\n\n\n\n<p>Au <strong>VapeMaison<\/strong>, Nous offrons les services suivants <strong>JNR Alien 10000<\/strong> \u00e0 un prix exceptionnel de <strong>\u20ac18.99<\/strong>, Vous pouvez ainsi profiter d'une performance de vapotage de premier ordre sans d\u00e9penser trop.<\/p>\n\n\n\n<h3 class=\"wp-block-heading\"><strong>Offres en vrac - \u00c9conomisez davantage<\/strong><\/h3>\n\n\n\n<figure class=\"wp-block-table is-style-stripes\"><table class=\"has-fixed-layout\"><thead><tr><th>Offre<\/th><th>Prix<\/th><th>\u00c9pargne<\/th><\/tr><\/thead><tbody><tr><td>Acheter 3<\/td><td>\u20ac50.99<\/td><td>Economisez \u20ac5.98<\/td><\/tr><tr><td>Acheter 5<\/td><td>\u20ac77.99<\/td><td>Economisez \u20ac16.96<\/td><\/tr><tr><td>Acheter 10<\/td><td>\u20ac102.99<\/td><td>Economisez \u20ac86.91<\/td><\/tr><\/tbody><\/table><\/figure>\n\n\n\n<p>Ces offres en vrac sont id\u00e9ales pour les vapoteurs r\u00e9guliers et les acheteurs en vrac \u00e0 la recherche d'un produit de qualit\u00e9. <strong>une valeur maximale et une commodit\u00e9 \u00e0 long terme<\/strong>.<\/p>\n\n\n\n<h2 class=\"wp-block-heading\"><strong>Top JNR Alien 10000 Flavors<\/strong><\/h2>\n\n\n\n<p>Le JNR Alien 10K offre une s\u00e9lection vari\u00e9e d'ar\u00f4mes con\u00e7us pour offrir un go\u00fbt doux, satisfaisant et constant.<\/p>\n\n\n\n<p><strong>Les saveurs les plus populaires sont les suivantes :<\/strong><\/p>\n\n\n\n<ul class=\"wp-block-list\">\n<li>Glace Blue Razz<\/li>\n\n\n\n<li>Myrtille sur glace<\/li>\n\n\n\n<li>Cola cerise p\u00e9tillant<\/li>\n\n\n\n<li>Myrtille Kiwi<\/li>\n\n\n\n<li>Bonbons \u00e0 la p\u00eache et \u00e0 la myrtille<\/li>\n\n\n\n<li>Gomme \u00e0 m\u00e2cher \u00e0 la past\u00e8que<\/li>\n\n\n\n<li>Glace \u00e0 la fraise et \u00e0 la past\u00e8que<\/li>\n\n\n\n<li>Citron et citron vert<\/li>\n\n\n\n<li>Glace fraise framboise cerise<\/li>\n\n\n\n<li>Glace \u00e0 la p\u00eache<\/li>\n<\/ul>","protected":false},"excerpt":{"rendered":"<p>The JNR Alien 10000 Puffs Disposable Vape is a premium rechargeable disposable device created for vapers who seek long-lasting performance, rich flavor, and everyday convenience. Produced by the trusted JNR brand, it offers up to 10,000 puffs, providing a noticeably longer vaping experience than standard disposable devices. Powered by a reliable 850 mAh rechargeable battery [&hellip;]<\/p>\n","protected":false},"featured_media":25116,"comment_status":"open","ping_status":"closed","template":"","meta":[],"product_brand":[168],"product_cat":[132],"product_tag":[],"class_list":{"0":"post-25109","1":"product","2":"type-product","3":"status-publish","4":"has-post-thumbnail","6":"product_brand-jnr","7":"product_cat-10k-puffs","9":"first","10":"instock","11":"sale","12":"shipping-taxable","13":"purchasable","14":"product-type-variable"},"yoast_head":"<!-- This site is optimized with the Yoast SEO plugin v27.4 - https:\/\/yoast.com\/product\/yoast-seo-wordpress\/ -->\n<title>JNR Alien 10000 Puffs Disposable Vape | Rechargeable 10K Vape<\/title>\n<meta name=\"description\" content=\"Buy JNR Alien 10000 Puffs Disposable Vape with 850mAh rechargeable battery, 20ml e-liquid and mesh coil for smooth, long-lasting flavor.\" \/>\n<meta name=\"robots\" content=\"index, follow, max-snippet:-1, max-image-preview:large, max-video-preview:-1\" \/>\n<link rel=\"canonical\" href=\"https:\/\/vapemaison.com\/fr\/produit\/jnr-alien-10000-puffs-jetable-vape\/\" \/>\n<meta property=\"og:locale\" content=\"fr_FR\" \/>\n<meta property=\"og:type\" content=\"article\" \/>\n<meta property=\"og:title\" content=\"JNR Alien 10000 Puffs Disposable Vape | Rechargeable 10K Vape\" \/>\n<meta property=\"og:description\" content=\"Buy JNR Alien 10000 Puffs Disposable Vape with 850mAh rechargeable battery, 20ml e-liquid and mesh coil for smooth, long-lasting flavor.\" \/>\n<meta property=\"og:url\" content=\"https:\/\/vapemaison.com\/fr\/produit\/jnr-alien-10000-puffs-jetable-vape\/\" \/>\n<meta property=\"og:site_name\" content=\"VapeMaison\" \/>\n<meta property=\"article:modified_time\" content=\"2026-01-06T09:02:14+00:00\" \/>\n<meta property=\"og:image\" content=\"https:\/\/vapemaison.com\/wp-content\/uploads\/2026\/01\/jnr-alien-10000-puffs-flavor-mixed-berry.webp\" \/>\n\t<meta property=\"og:image:width\" content=\"800\" \/>\n\t<meta property=\"og:image:height\" content=\"800\" \/>\n\t<meta property=\"og:image:type\" content=\"image\/webp\" \/>\n<meta name=\"twitter:card\" content=\"summary_large_image\" \/>\n<meta name=\"twitter:label1\" content=\"Dur\u00e9e de lecture estim\u00e9e\" \/>\n\t<meta name=\"twitter:data1\" content=\"2 minutes\" \/>\n<!-- \/ Yoast SEO plugin. -->","yoast_head_json":{"title":"JNR Alien 10000 Puffs Vape jetable | Vape rechargeable 10K","description":"Acheter JNR Alien 10000 Puffs Vape jetable avec batterie rechargeable 850mAh, 20ml e-liquide et mesh coil pour une saveur douce et durable.","robots":{"index":"index","follow":"follow","max-snippet":"max-snippet:-1","max-image-preview":"max-image-preview:large","max-video-preview":"max-video-preview:-1"},"canonical":"https:\/\/vapemaison.com\/fr\/produit\/jnr-alien-10000-puffs-jetable-vape\/","og_locale":"fr_FR","og_type":"article","og_title":"JNR Alien 10000 Puffs Disposable Vape | Rechargeable 10K Vape","og_description":"Buy JNR Alien 10000 Puffs Disposable Vape with 850mAh rechargeable battery, 20ml e-liquid and mesh coil for smooth, long-lasting flavor.","og_url":"https:\/\/vapemaison.com\/fr\/produit\/jnr-alien-10000-puffs-jetable-vape\/","og_site_name":"VapeMaison","article_modified_time":"2026-01-06T09:02:14+00:00","og_image":[{"width":800,"height":800,"url":"https:\/\/vapemaison.com\/wp-content\/uploads\/2026\/01\/jnr-alien-10000-puffs-flavor-mixed-berry.webp","type":"image\/webp"}],"twitter_card":"summary_large_image","twitter_misc":{"Dur\u00e9e de lecture estim\u00e9e":"2 minutes"},"schema":{"@context":"https:\/\/schema.org","@graph":[{"@type":"WebPage","@id":"https:\/\/vapemaison.com\/product\/jnr-alien-10000-puffs-disposable-vape\/","url":"https:\/\/vapemaison.com\/product\/jnr-alien-10000-puffs-disposable-vape\/","name":"JNR Alien 10000 Puffs Vape jetable | Vape rechargeable 10K","isPartOf":{"@id":"https:\/\/vapemaison.com\/#website"},"primaryImageOfPage":{"@id":"https:\/\/vapemaison.com\/product\/jnr-alien-10000-puffs-disposable-vape\/#primaryimage"},"image":{"@id":"https:\/\/vapemaison.com\/product\/jnr-alien-10000-puffs-disposable-vape\/#primaryimage"},"thumbnailUrl":"https:\/\/vapemaison.com\/wp-content\/uploads\/2026\/01\/jnr-alien-10000-puffs-flavor-mixed-berry.webp","datePublished":"2026-01-06T07:43:59+00:00","dateModified":"2026-01-06T09:02:14+00:00","description":"Acheter JNR Alien 10000 Puffs Vape jetable avec batterie rechargeable 850mAh, 20ml e-liquide et mesh coil pour une saveur douce et durable.","breadcrumb":{"@id":"https:\/\/vapemaison.com\/product\/jnr-alien-10000-puffs-disposable-vape\/#breadcrumb"},"inLanguage":"fr-FR","potentialAction":[{"@type":"ReadAction","target":["https:\/\/vapemaison.com\/product\/jnr-alien-10000-puffs-disposable-vape\/"]}]},{"@type":"ImageObject","inLanguage":"fr-FR","@id":"https:\/\/vapemaison.com\/product\/jnr-alien-10000-puffs-disposable-vape\/#primaryimage","url":"https:\/\/vapemaison.com\/wp-content\/uploads\/2026\/01\/jnr-alien-10000-puffs-flavor-mixed-berry.webp","contentUrl":"https:\/\/vapemaison.com\/wp-content\/uploads\/2026\/01\/jnr-alien-10000-puffs-flavor-mixed-berry.webp","width":800,"height":800,"caption":"jnr-alien-10000-puffs-flavor-mixed-berry"},{"@type":"BreadcrumbList","@id":"https:\/\/vapemaison.com\/product\/jnr-alien-10000-puffs-disposable-vape\/#breadcrumb","itemListElement":[{"@type":"ListItem","position":1,"name":"\u9996\u9875","item":"https:\/\/vapemaison.com\/"},{"@type":"ListItem","position":2,"name":"Shop","item":"https:\/\/vapemaison.com\/shop\/"},{"@type":"ListItem","position":3,"name":"JNR","item":"https:\/\/vapemaison.com\/brand\/jnr\/"},{"@type":"ListItem","position":4,"name":"JNR Alien 10000 Puffs Disposable Vape"}]},{"@type":"WebSite","@id":"https:\/\/vapemaison.com\/#website","url":"https:\/\/vapemaison.com\/","name":"VapeMaison","description":"Appareils et accessoires de vapotage haut de gamme","publisher":{"@id":"https:\/\/vapemaison.com\/#organization"},"potentialAction":[{"@type":"SearchAction","target":{"@type":"EntryPoint","urlTemplate":"https:\/\/vapemaison.com\/?s={search_term_string}"},"query-input":{"@type":"PropertyValueSpecification","valueRequired":true,"valueName":"search_term_string"}}],"inLanguage":"fr-FR"},{"@type":"Organization","@id":"https:\/\/vapemaison.com\/#organization","name":"VapeMaison","url":"https:\/\/vapemaison.com\/","logo":{"@type":"ImageObject","inLanguage":"fr-FR","@id":"https:\/\/vapemaison.com\/#\/schema\/logo\/image\/","url":"https:\/\/vapemaison.com\/wp-content\/uploads\/2026\/01\/cropped-vapemaison-logo-g-2026.webp","contentUrl":"https:\/\/vapemaison.com\/wp-content\/uploads\/2026\/01\/cropped-vapemaison-logo-g-2026.webp","width":350,"height":280,"caption":"VapeMaison"},"image":{"@id":"https:\/\/vapemaison.com\/#\/schema\/logo\/image\/"},"sameAs":["https:\/\/www.youtube.com\/@VapeMaison"]}]}},"tiered_pricing_type":"fixed","tiered_pricing_fixed_rules":{"30":"12.84","50":"12.11","100":"11.56","200":"10.99"},"tiered_pricing_product_settings":{"layout":"default","base_unit_name":{"singular":null,"plural":null},"default_variation":null},"tiered_pricing_minimum_quantity":10,"tiered_pricing_roles_data":[],"tiered_pricing_percentage_rules":[],"tiered_pricing_maximum_quantity":null,"tiered_pricing_quantity_step":"10","_links":{"self":[{"href":"https:\/\/vapemaison.com\/fr\/wp-json\/wp\/v2\/product\/25109","targetHints":{"allow":["GET"]}}],"collection":[{"href":"https:\/\/vapemaison.com\/fr\/wp-json\/wp\/v2\/product"}],"about":[{"href":"https:\/\/vapemaison.com\/fr\/wp-json\/wp\/v2\/types\/product"}],"replies":[{"embeddable":true,"href":"https:\/\/vapemaison.com\/fr\/wp-json\/wp\/v2\/comments?post=25109"}],"version-history":[{"count":1,"href":"https:\/\/vapemaison.com\/fr\/wp-json\/wp\/v2\/product\/25109\/revisions"}],"predecessor-version":[{"id":25122,"href":"https:\/\/vapemaison.com\/fr\/wp-json\/wp\/v2\/product\/25109\/revisions\/25122"}],"wp:featuredmedia":[{"embeddable":true,"href":"https:\/\/vapemaison.com\/fr\/wp-json\/wp\/v2\/media\/25116"}],"wp:attachment":[{"href":"https:\/\/vapemaison.com\/fr\/wp-json\/wp\/v2\/media?parent=25109"}],"wp:term":[{"taxonomy":"product_brand","embeddable":true,"href":"https:\/\/vapemaison.com\/fr\/wp-json\/wp\/v2\/product_brand?post=25109"},{"taxonomy":"product_cat","embeddable":true,"href":"https:\/\/vapemaison.com\/fr\/wp-json\/wp\/v2\/product_cat?post=25109"},{"taxonomy":"product_tag","embeddable":true,"href":"https:\/\/vapemaison.com\/fr\/wp-json\/wp\/v2\/product_tag?post=25109"}],"curies":[{"name":"wp","href":"https:\/\/api.w.org\/{rel}","templated":true}]}}