

{"id":25514,"date":"2026-01-07T06:21:26","date_gmt":"2026-01-07T06:21:26","guid":{"rendered":"https:\/\/vapemaison.com\/?post_type=product&#038;p=25514"},"modified":"2026-03-28T07:01:00","modified_gmt":"2026-03-28T07:01:00","slug":"razz-bar-30000-puffs-jetable-vape","status":"publish","type":"product","link":"https:\/\/vapemaison.com\/fr\/product\/razz-bar-30000-puffs-disposable-vape\/","title":{"rendered":"RAZZ BAR 30000 Puffs Vape jetable"},"content":{"rendered":"<h3 class=\"wp-block-heading\">Am\u00e9liorez votre exp\u00e9rience de grossiste avec le distributeur europ\u00e9en de confiance<\/h3>\n\n\n\n<p>Depuis plus de <strong>8 ans<\/strong>, <strong>vapemaison<\/strong> est un partenaire de confiance pour la vente en gros de vapes jetables de premi\u00e8re qualit\u00e9 dans toute l'Europe, au service des d\u00e9taillants et des acheteurs en gros dans les pays suivants <strong>Allemagne, Pays-Bas, Belgique, Espagne, France, Portugal, Pologne, Italie<\/strong>, et au-del\u00e0.<\/p>\n\n\n\n<p>En tant que distributeur exp\u00e9riment\u00e9 de marques de vape mondialement reconnues, vapemaison associe une expertise approfondie de l'industrie \u00e0 un contr\u00f4le de qualit\u00e9 strict afin de s'assurer que chaque produit r\u00e9pond aux normes du march\u00e9 europ\u00e9en. <strong>performance, coh\u00e9rence et s\u00e9curit\u00e9<\/strong>.<br>Nous sommes fiers de pr\u00e9senter le <strong>RAZZ BAR 30000 Puffs Vape jetable<\/strong>-un appareil de haute performance con\u00e7u pour la fiabilit\u00e9, la long\u00e9vit\u00e9 et une forte demande de la part des d\u00e9taillants.<\/p>\n\n\n\n<h2 class=\"wp-block-heading\">RAZZ BAR 30000 Puffs - Con\u00e7ue pour la constance et la performance<\/h2>\n\n\n\n<p>Con\u00e7ue pour les consommateurs europ\u00e9ens exigeants, la <strong>RAZZ BAR 30000 Puffs Vape jetable<\/strong> offre une exp\u00e9rience de vaporisation douce et stable de la premi\u00e8re \u00e0 la derni\u00e8re bouff\u00e9e.<\/p>\n\n\n\n<p>\u00c9quip\u00e9 d'un <strong>Batterie rechargeable de 650mAh<\/strong> et <strong>Chargement rapide de type C<\/strong>, Ce dispositif \u00e9limine les temps d'immobilisation, ce qui constitue un avantage essentiel par rapport aux produits jetables traditionnels. Les <strong>technologie avanc\u00e9e de la bobine de maille<\/strong> garantit un d\u00e9bit de vapeur constant, une clart\u00e9 des saveurs am\u00e9lior\u00e9e et une r\u00e9duction de la surchauffe, \u00e9tablissant ainsi une nouvelle r\u00e9f\u00e9rence en mati\u00e8re de vapes jetables de longue dur\u00e9e.<\/p>\n\n\n\n<h2 class=\"wp-block-heading\">Principales sp\u00e9cifications et avantages pour les grossistes<\/h2>\n\n\n\n<figure class=\"wp-block-table is-style-stripes\"><table class=\"has-fixed-layout\"><thead><tr><th>Fonctionnalit\u00e9<\/th><th>D\u00e9tails<\/th><\/tr><\/thead><tbody><tr><td>Capacit\u00e9 de bouff\u00e9e<\/td><td>Jusqu'\u00e0 <strong>30 000 bouff\u00e9es<\/strong><\/td><\/tr><tr><td>Batterie<\/td><td><strong>Batterie rechargeable de 650mAh<\/strong><\/td><\/tr><tr><td>Chargement<\/td><td><strong>Chargement rapide USB Type-C<\/strong><\/td><\/tr><tr><td>Type de bobine<\/td><td><strong>Bobine de maille<\/strong> pour une vapeur stable et une saveur riche<\/td><\/tr><tr><td>Options de la nicotine<\/td><td><strong>2% \/ 5% sel nicotine<\/strong><\/td><\/tr><tr><td>Saveurs<\/td><td><strong>16 options d'ar\u00f4mes de qualit\u00e9 sup\u00e9rieure<\/strong><\/td><\/tr><tr><td>Emballage<\/td><td><strong>200 unit\u00e9s par carton<\/strong><\/td><\/tr><tr><td>Taille du carton<\/td><td><strong>45,5 \u00d7 45,5 \u00d7 27,5 cm<\/strong><\/td><\/tr><tr><td>Poids du carton<\/td><td><strong>25 kg<\/strong><\/td><\/tr><tr><td>March\u00e9 cible<\/td><td>Commerce de gros et de d\u00e9tail dans l'UE<\/td><\/tr><\/tbody><\/table><\/figure>\n\n\n\n<h3 class=\"wp-block-heading\">Pourquoi il se vend bien<\/h3>\n\n\n\n<ul class=\"wp-block-list\">\n<li><strong>Nombre \u00e9lev\u00e9 de bouff\u00e9es<\/strong> augmente la satisfaction des clients et les achats r\u00e9p\u00e9t\u00e9s<\/li>\n\n\n\n<li><strong>Flexibilit\u00e9 de la nicotine<\/strong> couvre \u00e0 la fois les utilisateurs l\u00e9gers et les utilisateurs intensifs<\/li>\n\n\n\n<li><strong>Emballage optimis\u00e9 pour le vrac<\/strong> r\u00e9duit les co\u00fbts d'exp\u00e9dition et de stockage<\/li>\n\n\n\n<li><strong>Large gamme d'ar\u00f4mes<\/strong> am\u00e9liore la conversion des rayons et le chiffre d'affaires<\/li>\n<\/ul>\n\n\n\n<h2 class=\"wp-block-heading\">S\u00e9lection de saveurs - 16 options qui ont fait leurs preuves<\/h2>\n\n\n\n<p><strong>Triple melon<\/strong> - Cantaloup, melon de miel et past\u00e8que m\u00e9lang\u00e9s dans un m\u00e9lange estival rafra\u00eechissant.<br><strong>Glace \u00e0 la fraise<\/strong> - Fraises m\u00fbres et sucr\u00e9es avec une finale glac\u00e9e et croustillante.<br><strong>Pomme acide<\/strong> - Pomme verte audacieuse avec un go\u00fbt acidul\u00e9 de bonbon<br><strong>Mangue P\u00eache Past\u00e8que<\/strong> - Mangue tropicale, p\u00eache douce et past\u00e8que juteuse<br><strong>Fraise et banane<\/strong> - Banane cr\u00e9meuse \u00e9quilibr\u00e9e avec des fraises sucr\u00e9es<br><strong>Glace aux myrtilles<\/strong> - Des myrtilles juteuses associ\u00e9es \u00e0 une fra\u00eecheur rafra\u00eechissante<br><strong>Glace \u00e0 la p\u00eache juteuse<\/strong> - Go\u00fbt de p\u00eache m\u00fbre avec un c\u00f4t\u00e9 glac\u00e9 et doux<br><strong>Fraise Kiwi<\/strong> - La fraise sucr\u00e9e rencontre le kiwi acidul\u00e9<br><strong>Glace \u00e0 la past\u00e8que<\/strong> - Melon d'eau propre et rafra\u00eechissant avec un l\u00e9ger rafra\u00eechissement.<br><strong>R\u00eave d'\u00e9t\u00e9<\/strong> - M\u00e9lange d'agrumes lumineux avec des notes de citron et de lime<br><strong>Past\u00e8que \u00e0 la fraise<\/strong> - Une fusion \u00e9quilibr\u00e9e de deux fruits classiques<br><strong>Baies m\u00e9lang\u00e9es<\/strong> - Harmonie de framboises, de myrtilles et de m\u00fbres<br><strong>Glace Blue Razz<\/strong> - Framboise bleue de type bonbon avec un fini frais<br><strong>Citron vert<\/strong> - \u00c9clat d'agrumes vif et rafra\u00eechissant<br><strong>Cola Ice<\/strong> - Go\u00fbt classique de cola avec une touche glac\u00e9e<br><strong>Glace \u00e0 la m\u00fbre<\/strong> - Douceur profonde de la m\u00fbre avec un rafra\u00eechissement subtil<\/p>\n\n\n\n<h2 class=\"wp-block-heading\">Pourquoi devenir partenaire de vapemaison<\/h2>\n\n\n\n<p><strong>vapemaison<\/strong> est plus qu'un fournisseur - nous sommes un partenaire grossiste \u00e0 long terme pour les entreprises de vape europ\u00e9ennes.<\/p>\n\n\n\n<ul class=\"wp-block-list\">\n<li><strong>Prix de gros comp\u00e9titifs<\/strong> - Approvisionnement direct de l'usine avec des prix transparents<\/li>\n\n\n\n<li><strong>Exp\u00e9dition rapide et assur\u00e9e dans l'UE<\/strong> - Livraison fiable dans toute l'Europe<\/li>\n\n\n\n<li><strong>M\u00e9thodes de paiement flexibles<\/strong> - PayPal, cartes de cr\u00e9dit, virement SEPA, iDEAL, Bancontact<\/li>\n\n\n\n<li><strong>Contr\u00f4le de qualit\u00e9 v\u00e9rifi\u00e9<\/strong> - Produits test\u00e9s pour r\u00e9pondre aux normes de conformit\u00e9 de l'UE<\/li>\n\n\n\n<li><strong>Un service apr\u00e8s-vente professionnel<\/strong> - Service d\u00e9di\u00e9 aux clients grossistes<\/li>\n<\/ul>\n\n\n\n<h2 class=\"wp-block-heading\">Am\u00e9liorez votre inventaire avec RAZZ BAR 30000 Puffs<\/h2>\n\n\n\n<p>Le <strong>RAZZ BAR 30000 Puffs Vape jetable<\/strong> est un moteur de revenus \u00e9prouv\u00e9, combinant une longue dur\u00e9e de vie, des ar\u00f4mes de premi\u00e8re qualit\u00e9 et une forte demande des consommateurs.<\/p>\n\n\n\n<p>Que vous soyez un <strong>d\u00e9taillant, distributeur ou acheteur en gros<\/strong>, vapemaison fournit les prix, la logistique et la fiabilit\u00e9 des produits dont vous avez besoin pour vous d\u00e9velopper sur le march\u00e9 europ\u00e9en.<\/p>\n\n\n\n<p><strong>Contactez vapemaison d\u00e8s aujourd'hui pour obtenir des prix de gros et s\u00e9curiser votre approvisionnement.<\/strong><\/p>","protected":false},"excerpt":{"rendered":"<p>Le <strong data-start=\"767\" data-end=\"807\">RAZZ BAR 30000 Puffs Vape jetable<\/strong> est dot\u00e9 d'une batterie rechargeable de 650mAh, d'une technologie mesh coil et d'une capacit\u00e9 de 30 000 bouff\u00e9es. Disponible en 16 saveurs avec 2% ou 5% de nicotine, id\u00e9al pour les acheteurs en gros de l'UE.<\/p>","protected":false},"featured_media":25526,"comment_status":"open","ping_status":"closed","template":"","meta":[],"product_brand":[313],"product_cat":[134],"product_tag":[],"class_list":{"0":"post-25514","1":"product","2":"type-product","3":"status-publish","4":"has-post-thumbnail","6":"product_brand-razz-bar","7":"product_cat-30k-puffs","9":"first","10":"instock","11":"sale","12":"shipping-taxable","13":"purchasable","14":"product-type-variable"},"yoast_head":"<!-- This site is optimized with the Yoast SEO plugin v27.4 - https:\/\/yoast.com\/product\/yoast-seo-wordpress\/ -->\n<title>RAZZ BAR 30000 Puffs Disposable Vape | Wholesale Europe<\/title>\n<meta name=\"description\" content=\"RAZZ BAR 30000 Puffs disposable vape with mesh coil, 650mAh rechargeable battery and 16 flavors. Available in 2% &amp; 5% nicotine.\" \/>\n<meta name=\"robots\" content=\"index, follow, max-snippet:-1, max-image-preview:large, max-video-preview:-1\" \/>\n<link rel=\"canonical\" href=\"https:\/\/vapemaison.com\/fr\/produit\/razz-bar-30000-puffs-jetable-vape\/\" \/>\n<meta property=\"og:locale\" content=\"fr_FR\" \/>\n<meta property=\"og:type\" content=\"article\" \/>\n<meta property=\"og:title\" content=\"RAZZ BAR 30000 Puffs Disposable Vape | Wholesale Europe\" \/>\n<meta property=\"og:description\" content=\"RAZZ BAR 30000 Puffs disposable vape with mesh coil, 650mAh rechargeable battery and 16 flavors. Available in 2% &amp; 5% nicotine.\" \/>\n<meta property=\"og:url\" content=\"https:\/\/vapemaison.com\/fr\/produit\/razz-bar-30000-puffs-jetable-vape\/\" \/>\n<meta property=\"og:site_name\" content=\"VapeMaison\" \/>\n<meta property=\"article:modified_time\" content=\"2026-03-28T07:01:00+00:00\" \/>\n<meta property=\"og:image\" content=\"https:\/\/vapemaison.com\/wp-content\/uploads\/2026\/01\/wholesale-razz-bar-30000-puffs-authentic-disposable-vape-device-low-nicotine-bulk-purchase-5.webp\" \/>\n\t<meta property=\"og:image:width\" content=\"2000\" \/>\n\t<meta property=\"og:image:height\" content=\"2000\" \/>\n\t<meta property=\"og:image:type\" content=\"image\/webp\" \/>\n<meta name=\"twitter:card\" content=\"summary_large_image\" \/>\n<meta name=\"twitter:label1\" content=\"Dur\u00e9e de lecture estim\u00e9e\" \/>\n\t<meta name=\"twitter:data1\" content=\"3 minutes\" \/>\n<!-- \/ Yoast SEO plugin. -->","yoast_head_json":{"title":"RAZZ BAR 30000 Puffs Vape | Wholesale Europe","description":"RAZZ BAR 30000 Puffs vape jetable avec mesh coil, batterie rechargeable 650mAh et 16 saveurs. Disponible en 2% et 5% nicotine.","robots":{"index":"index","follow":"follow","max-snippet":"max-snippet:-1","max-image-preview":"max-image-preview:large","max-video-preview":"max-video-preview:-1"},"canonical":"https:\/\/vapemaison.com\/fr\/produit\/razz-bar-30000-puffs-jetable-vape\/","og_locale":"fr_FR","og_type":"article","og_title":"RAZZ BAR 30000 Puffs Disposable Vape | Wholesale Europe","og_description":"RAZZ BAR 30000 Puffs disposable vape with mesh coil, 650mAh rechargeable battery and 16 flavors. Available in 2% & 5% nicotine.","og_url":"https:\/\/vapemaison.com\/fr\/produit\/razz-bar-30000-puffs-jetable-vape\/","og_site_name":"VapeMaison","article_modified_time":"2026-03-28T07:01:00+00:00","og_image":[{"width":2000,"height":2000,"url":"https:\/\/vapemaison.com\/wp-content\/uploads\/2026\/01\/wholesale-razz-bar-30000-puffs-authentic-disposable-vape-device-low-nicotine-bulk-purchase-5.webp","type":"image\/webp"}],"twitter_card":"summary_large_image","twitter_misc":{"Dur\u00e9e de lecture estim\u00e9e":"3 minutes"},"schema":{"@context":"https:\/\/schema.org","@graph":[{"@type":"WebPage","@id":"https:\/\/vapemaison.com\/product\/razz-bar-30000-puffs-disposable-vape\/","url":"https:\/\/vapemaison.com\/product\/razz-bar-30000-puffs-disposable-vape\/","name":"RAZZ BAR 30000 Puffs Vape | Wholesale Europe","isPartOf":{"@id":"https:\/\/vapemaison.com\/#website"},"primaryImageOfPage":{"@id":"https:\/\/vapemaison.com\/product\/razz-bar-30000-puffs-disposable-vape\/#primaryimage"},"image":{"@id":"https:\/\/vapemaison.com\/product\/razz-bar-30000-puffs-disposable-vape\/#primaryimage"},"thumbnailUrl":"https:\/\/vapemaison.com\/wp-content\/uploads\/2026\/01\/wholesale-razz-bar-30000-puffs-authentic-disposable-vape-device-low-nicotine-bulk-purchase-5.webp","datePublished":"2026-01-07T06:21:26+00:00","dateModified":"2026-03-28T07:01:00+00:00","description":"RAZZ BAR 30000 Puffs vape jetable avec mesh coil, batterie rechargeable 650mAh et 16 saveurs. Disponible en 2% et 5% nicotine.","breadcrumb":{"@id":"https:\/\/vapemaison.com\/product\/razz-bar-30000-puffs-disposable-vape\/#breadcrumb"},"inLanguage":"fr-FR","potentialAction":[{"@type":"ReadAction","target":["https:\/\/vapemaison.com\/product\/razz-bar-30000-puffs-disposable-vape\/"]}]},{"@type":"ImageObject","inLanguage":"fr-FR","@id":"https:\/\/vapemaison.com\/product\/razz-bar-30000-puffs-disposable-vape\/#primaryimage","url":"https:\/\/vapemaison.com\/wp-content\/uploads\/2026\/01\/wholesale-razz-bar-30000-puffs-authentic-disposable-vape-device-low-nicotine-bulk-purchase-5.webp","contentUrl":"https:\/\/vapemaison.com\/wp-content\/uploads\/2026\/01\/wholesale-razz-bar-30000-puffs-authentic-disposable-vape-device-low-nicotine-bulk-purchase-5.webp","width":2000,"height":2000,"caption":"wholesale-razz-bar-30000-puffs-authentic-disposable-vape-device-low-nicotine-bulk-purchase-5"},{"@type":"BreadcrumbList","@id":"https:\/\/vapemaison.com\/product\/razz-bar-30000-puffs-disposable-vape\/#breadcrumb","itemListElement":[{"@type":"ListItem","position":1,"name":"\u9996\u9875","item":"https:\/\/vapemaison.com\/"},{"@type":"ListItem","position":2,"name":"Shop","item":"https:\/\/vapemaison.com\/shop\/"},{"@type":"ListItem","position":3,"name":"Razz Bar","item":"https:\/\/vapemaison.com\/brand\/razz-bar\/"},{"@type":"ListItem","position":4,"name":"RAZZ BAR 30000 Puffs\u00a0Disposable Vape"}]},{"@type":"WebSite","@id":"https:\/\/vapemaison.com\/#website","url":"https:\/\/vapemaison.com\/","name":"VapeMaison","description":"Appareils et accessoires de vapotage haut de gamme","publisher":{"@id":"https:\/\/vapemaison.com\/#organization"},"potentialAction":[{"@type":"SearchAction","target":{"@type":"EntryPoint","urlTemplate":"https:\/\/vapemaison.com\/?s={search_term_string}"},"query-input":{"@type":"PropertyValueSpecification","valueRequired":true,"valueName":"search_term_string"}}],"inLanguage":"fr-FR"},{"@type":"Organization","@id":"https:\/\/vapemaison.com\/#organization","name":"VapeMaison","url":"https:\/\/vapemaison.com\/","logo":{"@type":"ImageObject","inLanguage":"fr-FR","@id":"https:\/\/vapemaison.com\/#\/schema\/logo\/image\/","url":"https:\/\/vapemaison.com\/wp-content\/uploads\/2026\/01\/cropped-vapemaison-logo-g-2026.webp","contentUrl":"https:\/\/vapemaison.com\/wp-content\/uploads\/2026\/01\/cropped-vapemaison-logo-g-2026.webp","width":350,"height":280,"caption":"VapeMaison"},"image":{"@id":"https:\/\/vapemaison.com\/#\/schema\/logo\/image\/"},"sameAs":["https:\/\/www.youtube.com\/@VapeMaison"]}]}},"tiered_pricing_type":"fixed","tiered_pricing_fixed_rules":{"100":"10.21","200":"9.40","500":"8.82","1000":"8.41"},"tiered_pricing_product_settings":{"layout":"default","base_unit_name":{"singular":null,"plural":null},"default_variation":null},"tiered_pricing_minimum_quantity":50,"tiered_pricing_roles_data":[],"tiered_pricing_percentage_rules":[],"tiered_pricing_maximum_quantity":null,"tiered_pricing_quantity_step":"10","_links":{"self":[{"href":"https:\/\/vapemaison.com\/fr\/wp-json\/wp\/v2\/product\/25514","targetHints":{"allow":["GET"]}}],"collection":[{"href":"https:\/\/vapemaison.com\/fr\/wp-json\/wp\/v2\/product"}],"about":[{"href":"https:\/\/vapemaison.com\/fr\/wp-json\/wp\/v2\/types\/product"}],"replies":[{"embeddable":true,"href":"https:\/\/vapemaison.com\/fr\/wp-json\/wp\/v2\/comments?post=25514"}],"version-history":[{"count":4,"href":"https:\/\/vapemaison.com\/fr\/wp-json\/wp\/v2\/product\/25514\/revisions"}],"predecessor-version":[{"id":27863,"href":"https:\/\/vapemaison.com\/fr\/wp-json\/wp\/v2\/product\/25514\/revisions\/27863"}],"wp:featuredmedia":[{"embeddable":true,"href":"https:\/\/vapemaison.com\/fr\/wp-json\/wp\/v2\/media\/25526"}],"wp:attachment":[{"href":"https:\/\/vapemaison.com\/fr\/wp-json\/wp\/v2\/media?parent=25514"}],"wp:term":[{"taxonomy":"product_brand","embeddable":true,"href":"https:\/\/vapemaison.com\/fr\/wp-json\/wp\/v2\/product_brand?post=25514"},{"taxonomy":"product_cat","embeddable":true,"href":"https:\/\/vapemaison.com\/fr\/wp-json\/wp\/v2\/product_cat?post=25514"},{"taxonomy":"product_tag","embeddable":true,"href":"https:\/\/vapemaison.com\/fr\/wp-json\/wp\/v2\/product_tag?post=25514"}],"curies":[{"name":"wp","href":"https:\/\/api.w.org\/{rel}","templated":true}]}}