

{"id":25580,"date":"2026-01-07T10:28:16","date_gmt":"2026-01-07T10:28:16","guid":{"rendered":"https:\/\/vapemaison.com\/?post_type=product&#038;p=25580"},"modified":"2026-01-22T07:48:22","modified_gmt":"2026-01-22T07:48:22","slug":"puff-zooy-flyer-35000-jetable-vape-wholesale","status":"publish","type":"product","link":"https:\/\/vapemaison.com\/fr\/product\/puff-zooy-flyer-35000-disposable-vape-wholesale\/","title":{"rendered":"Puff Zooy Flyer 35k Vape jetable Wholesale"},"content":{"rendered":"<p>Le <strong>puff zooyFlyer Vape jetable<\/strong> est con\u00e7u pour les utilisateurs \u00e0 la recherche de performances durables, d'un rendement stable et d'une diffusion coh\u00e9rente des ar\u00f4mes. Avec une capacit\u00e9 de 35 000 bouff\u00e9es et une batterie rechargeable de 850mAh, l'appareil permet une utilisation prolong\u00e9e tout en maintenant une production de vapeur fiable.<\/p>\n\n\n\n<p>\u00c9quip\u00e9 de <strong>technologie de la bobine \u00e0 double maille<\/strong>, Gr\u00e2ce \u00e0 l'utilisation de l'airflow, le puff zooy Flyer offre une chauffe homog\u00e8ne et une saveur constante tout au long du cycle de vie de l'appareil. Le flux d'air r\u00e9glable permet aux utilisateurs d'adapter la r\u00e9sistance \u00e0 l'aspiration \u00e0 leurs pr\u00e9f\u00e9rences, tandis que le syst\u00e8me click-switch int\u00e9gr\u00e9 permet de choisir entre les modes Normal et Turbo pour un contr\u00f4le de la puissance de sortie.<\/p>\n\n\n\n<p>L'appareil pr\u00e9sente les caract\u00e9ristiques suivantes <strong>Chargement rapide de type C<\/strong> pour minimiser les temps d'arr\u00eat et une logique de fonctionnement simple (contr\u00f4le de l'alimentation en 5 clics), ce qui le rend adapt\u00e9 aux nouveaux utilisateurs comme aux utilisateurs exp\u00e9riment\u00e9s. Chaque unit\u00e9 est livr\u00e9e hors tension pour garantir la s\u00e9curit\u00e9 du transport et du stockage.<\/p>\n\n\n\n<h2 class=\"wp-block-heading\">Sp\u00e9cifications techniques<\/h2>\n\n\n\n<figure class=\"wp-block-table is-style-stripes\"><table class=\"has-fixed-layout\"><thead><tr><th>Sp\u00e9cifications<\/th><th>D\u00e9tails<\/th><\/tr><\/thead><tbody><tr><td>Type de produit<\/td><td>Dispositif de vaporisation jetable<\/td><\/tr><tr><td>Intensit\u00e9 de la nicotine<\/td><td>0% \/ 2% \/ 5%<\/td><\/tr><tr><td>Nombre maximal de bouff\u00e9es<\/td><td>35 000 bouff\u00e9es<\/td><\/tr><tr><td>Capacit\u00e9 de la batterie<\/td><td>850mAh<\/td><\/tr><tr><td>Syst\u00e8me E-liquide<\/td><td>Pr\u00e9-rempli<\/td><\/tr><tr><td>Type de bobine<\/td><td>Bobine \u00e0 double maille<\/td><\/tr><tr><td>Port de charge<\/td><td>USB Type-C<\/td><\/tr><tr><td>Contr\u00f4le du d\u00e9bit d'air<\/td><td>Oui<\/td><\/tr><\/tbody><\/table><\/figure>\n\n\n\n<h2 class=\"wp-block-heading\">Saveurs disponibles<\/h2>\n\n\n\n<ul class=\"wp-block-list\">\n<li>Bonbons \u00e0 la fraise et \u00e0 la framboise<\/li>\n\n\n\n<li>Glace \u00e0 la p\u00eache d'\u00e9t\u00e9<\/li>\n\n\n\n<li>Cola cerise p\u00e9tillant<\/li>\n\n\n\n<li>Past\u00e8que \u00e0 la myrtille<\/li>\n\n\n\n<li>Fraise Kiwi<\/li>\n\n\n\n<li>Glace aux myrtilles<\/li>\n\n\n\n<li>Glace \u00e0 la past\u00e8que<\/li>\n\n\n\n<li>M. Bleu<\/li>\n\n\n\n<li>Glace \u00e0 la mangue<\/li>\n\n\n\n<li>Red Bull \u00e0 la fraise<\/li>\n<\/ul>\n\n\n\n<p>Si vous souhaitez en savoir plus sur <strong>bouff\u00e9e zooy<\/strong>, Consultez l'int\u00e9gralit\u00e9 de notre <strong><a href=\"https:\/\/vapemaison.com\/shop\/\">Collection de vaporisateurs jetables Zooy<\/a><\/strong> pour d\u00e9couvrir d'autres mod\u00e8les avec diff\u00e9rents nombres de bouff\u00e9es et diff\u00e9rents ar\u00f4mes. Pour des options similaires, le <strong><a href=\"https:\/\/vapemaison.com\/product\/zooy-trlple-70000-70k-puffs\/\">ZOOY SHISHA 25K<\/a><\/strong> et <strong><a href=\"https:\/\/vapemaison.com\/product\/zooy-zero-45k-puff\/\"><strong>ZOOY ZERO 45000<\/strong><\/a><\/strong> sont des alternatives populaires avec une autonomie de batterie \u00e9tendue et des choix de saveurs vari\u00e9s. Vous pouvez \u00e9galement consulter notre <strong><a href=\"https:\/\/vapemaison.com\/\">dispositifs de vaporisation jetables<\/a><\/strong> pour comparer d'autres marques et trouver celle qui correspond le mieux \u00e0 vos besoins.<\/p>\n\n\n\n<p><\/p>","protected":false},"excerpt":{"rendered":"<p>The puff zooy\u200bFlyer Disposable Vape is designed for users seeking long-lasting performance, stable output, and consistent flavor delivery. With a high-capacity 35,000-puff rating and an 850mAh rechargeable battery, the device supports extended use while maintaining reliable vapor production. Equipped with dual mesh coil technology, the puff zooy\u200b Flyer delivers even heating and consistent flavor throughout [&hellip;]<\/p>\n","protected":false},"featured_media":25616,"comment_status":"open","ping_status":"closed","template":"","meta":[],"product_brand":[170],"product_cat":[16],"product_tag":[],"class_list":{"0":"post-25580","1":"product","2":"type-product","3":"status-publish","4":"has-post-thumbnail","6":"product_brand-zooy","7":"product_cat-uncategorized","9":"first","10":"instock","11":"sale","12":"shipping-taxable","13":"purchasable","14":"product-type-variable"},"yoast_head":"<!-- This site is optimized with the Yoast SEO plugin v27.4 - https:\/\/yoast.com\/product\/yoast-seo-wordpress\/ -->\n<title>Puff zooy\u200b Flyer 35k Disposable Vape | Dual Mesh Coil<\/title>\n<meta name=\"description\" content=\"Discover the puff zooy\u200b Flyer 35k Disposable Vape featuring an 850mAh rechargeable battery,. Available in multiple nicotine strengths and flavors.\" \/>\n<meta name=\"robots\" content=\"index, follow, max-snippet:-1, max-image-preview:large, max-video-preview:-1\" \/>\n<link rel=\"canonical\" href=\"https:\/\/vapemaison.com\/fr\/produit\/puff-zooy-flyer-35000-jetable-vape-wholesale\/\" \/>\n<meta property=\"og:locale\" content=\"fr_FR\" \/>\n<meta property=\"og:type\" content=\"article\" \/>\n<meta property=\"og:title\" content=\"Puff zooy\u200b Flyer 35k Disposable Vape | Dual Mesh Coil\" \/>\n<meta property=\"og:description\" content=\"Discover the puff zooy\u200b Flyer 35k Disposable Vape featuring an 850mAh rechargeable battery,. Available in multiple nicotine strengths and flavors.\" \/>\n<meta property=\"og:url\" content=\"https:\/\/vapemaison.com\/fr\/produit\/puff-zooy-flyer-35000-jetable-vape-wholesale\/\" \/>\n<meta property=\"og:site_name\" content=\"VapeMaison\" \/>\n<meta property=\"article:modified_time\" content=\"2026-01-22T07:48:22+00:00\" \/>\n<meta property=\"og:image\" content=\"https:\/\/vapemaison.com\/wp-content\/uploads\/2026\/01\/Zooy-Flyer-35000-Strawberry-Kiwi.webp\" \/>\n\t<meta property=\"og:image:width\" content=\"800\" \/>\n\t<meta property=\"og:image:height\" content=\"800\" \/>\n\t<meta property=\"og:image:type\" content=\"image\/webp\" \/>\n<meta name=\"twitter:card\" content=\"summary_large_image\" \/>\n<meta name=\"twitter:label1\" content=\"Dur\u00e9e de lecture estim\u00e9e\" \/>\n\t<meta name=\"twitter:data1\" content=\"2 minutes\" \/>\n<!-- \/ Yoast SEO plugin. -->","yoast_head_json":{"title":"Puff zooy Flyer 35k Vape jetable - Dual Mesh Coil","description":"D\u00e9couvrez la vape jetable puff zooy Flyer 35k, dot\u00e9e d'une batterie rechargeable de 850mAh. Disponible en plusieurs taux de nicotine et ar\u00f4mes.","robots":{"index":"index","follow":"follow","max-snippet":"max-snippet:-1","max-image-preview":"max-image-preview:large","max-video-preview":"max-video-preview:-1"},"canonical":"https:\/\/vapemaison.com\/fr\/produit\/puff-zooy-flyer-35000-jetable-vape-wholesale\/","og_locale":"fr_FR","og_type":"article","og_title":"Puff zooy\u200b Flyer 35k Disposable Vape | Dual Mesh Coil","og_description":"Discover the puff zooy\u200b Flyer 35k Disposable Vape featuring an 850mAh rechargeable battery,. Available in multiple nicotine strengths and flavors.","og_url":"https:\/\/vapemaison.com\/fr\/produit\/puff-zooy-flyer-35000-jetable-vape-wholesale\/","og_site_name":"VapeMaison","article_modified_time":"2026-01-22T07:48:22+00:00","og_image":[{"width":800,"height":800,"url":"https:\/\/vapemaison.com\/wp-content\/uploads\/2026\/01\/Zooy-Flyer-35000-Strawberry-Kiwi.webp","type":"image\/webp"}],"twitter_card":"summary_large_image","twitter_misc":{"Dur\u00e9e de lecture estim\u00e9e":"2 minutes"},"schema":{"@context":"https:\/\/schema.org","@graph":[{"@type":"WebPage","@id":"https:\/\/vapemaison.com\/product\/puff-zooy-flyer-35000-disposable-vape-wholesale\/","url":"https:\/\/vapemaison.com\/product\/puff-zooy-flyer-35000-disposable-vape-wholesale\/","name":"Puff zooy Flyer 35k Vape jetable - Dual Mesh Coil","isPartOf":{"@id":"https:\/\/vapemaison.com\/#website"},"primaryImageOfPage":{"@id":"https:\/\/vapemaison.com\/product\/puff-zooy-flyer-35000-disposable-vape-wholesale\/#primaryimage"},"image":{"@id":"https:\/\/vapemaison.com\/product\/puff-zooy-flyer-35000-disposable-vape-wholesale\/#primaryimage"},"thumbnailUrl":"https:\/\/vapemaison.com\/wp-content\/uploads\/2026\/01\/Zooy-Flyer-35000-Strawberry-Kiwi.webp","datePublished":"2026-01-07T10:28:16+00:00","dateModified":"2026-01-22T07:48:22+00:00","description":"D\u00e9couvrez la vape jetable puff zooy Flyer 35k, dot\u00e9e d'une batterie rechargeable de 850mAh. Disponible en plusieurs taux de nicotine et ar\u00f4mes.","breadcrumb":{"@id":"https:\/\/vapemaison.com\/product\/puff-zooy-flyer-35000-disposable-vape-wholesale\/#breadcrumb"},"inLanguage":"fr-FR","potentialAction":[{"@type":"ReadAction","target":["https:\/\/vapemaison.com\/product\/puff-zooy-flyer-35000-disposable-vape-wholesale\/"]}]},{"@type":"ImageObject","inLanguage":"fr-FR","@id":"https:\/\/vapemaison.com\/product\/puff-zooy-flyer-35000-disposable-vape-wholesale\/#primaryimage","url":"https:\/\/vapemaison.com\/wp-content\/uploads\/2026\/01\/Zooy-Flyer-35000-Strawberry-Kiwi.webp","contentUrl":"https:\/\/vapemaison.com\/wp-content\/uploads\/2026\/01\/Zooy-Flyer-35000-Strawberry-Kiwi.webp","width":800,"height":800,"caption":"Zooy-Flyer-35000-Strawberry-Kiwi"},{"@type":"BreadcrumbList","@id":"https:\/\/vapemaison.com\/product\/puff-zooy-flyer-35000-disposable-vape-wholesale\/#breadcrumb","itemListElement":[{"@type":"ListItem","position":1,"name":"\u9996\u9875","item":"https:\/\/vapemaison.com\/"},{"@type":"ListItem","position":2,"name":"Shop","item":"https:\/\/vapemaison.com\/shop\/"},{"@type":"ListItem","position":3,"name":"Zooy","item":"https:\/\/vapemaison.com\/brand\/zooy\/"},{"@type":"ListItem","position":4,"name":"Puff Zooy Flyer 35k Disposable Vape Wholesale"}]},{"@type":"WebSite","@id":"https:\/\/vapemaison.com\/#website","url":"https:\/\/vapemaison.com\/","name":"VapeMaison","description":"Appareils et accessoires de vapotage haut de gamme","publisher":{"@id":"https:\/\/vapemaison.com\/#organization"},"potentialAction":[{"@type":"SearchAction","target":{"@type":"EntryPoint","urlTemplate":"https:\/\/vapemaison.com\/?s={search_term_string}"},"query-input":{"@type":"PropertyValueSpecification","valueRequired":true,"valueName":"search_term_string"}}],"inLanguage":"fr-FR"},{"@type":"Organization","@id":"https:\/\/vapemaison.com\/#organization","name":"VapeMaison","url":"https:\/\/vapemaison.com\/","logo":{"@type":"ImageObject","inLanguage":"fr-FR","@id":"https:\/\/vapemaison.com\/#\/schema\/logo\/image\/","url":"https:\/\/vapemaison.com\/wp-content\/uploads\/2026\/01\/cropped-vapemaison-logo-g-2026.webp","contentUrl":"https:\/\/vapemaison.com\/wp-content\/uploads\/2026\/01\/cropped-vapemaison-logo-g-2026.webp","width":350,"height":280,"caption":"VapeMaison"},"image":{"@id":"https:\/\/vapemaison.com\/#\/schema\/logo\/image\/"},"sameAs":["https:\/\/www.youtube.com\/@VapeMaison"]}]}},"tiered_pricing_type":"fixed","tiered_pricing_fixed_rules":{"30":"11.68","50":"11.11","100":"10.59","200":"9.78"},"tiered_pricing_product_settings":{"layout":"default","base_unit_name":{"singular":null,"plural":null},"default_variation":null},"tiered_pricing_minimum_quantity":10,"tiered_pricing_roles_data":[],"tiered_pricing_percentage_rules":[],"tiered_pricing_maximum_quantity":null,"tiered_pricing_quantity_step":"10","_links":{"self":[{"href":"https:\/\/vapemaison.com\/fr\/wp-json\/wp\/v2\/product\/25580","targetHints":{"allow":["GET"]}}],"collection":[{"href":"https:\/\/vapemaison.com\/fr\/wp-json\/wp\/v2\/product"}],"about":[{"href":"https:\/\/vapemaison.com\/fr\/wp-json\/wp\/v2\/types\/product"}],"replies":[{"embeddable":true,"href":"https:\/\/vapemaison.com\/fr\/wp-json\/wp\/v2\/comments?post=25580"}],"version-history":[{"count":5,"href":"https:\/\/vapemaison.com\/fr\/wp-json\/wp\/v2\/product\/25580\/revisions"}],"predecessor-version":[{"id":26179,"href":"https:\/\/vapemaison.com\/fr\/wp-json\/wp\/v2\/product\/25580\/revisions\/26179"}],"wp:featuredmedia":[{"embeddable":true,"href":"https:\/\/vapemaison.com\/fr\/wp-json\/wp\/v2\/media\/25616"}],"wp:attachment":[{"href":"https:\/\/vapemaison.com\/fr\/wp-json\/wp\/v2\/media?parent=25580"}],"wp:term":[{"taxonomy":"product_brand","embeddable":true,"href":"https:\/\/vapemaison.com\/fr\/wp-json\/wp\/v2\/product_brand?post=25580"},{"taxonomy":"product_cat","embeddable":true,"href":"https:\/\/vapemaison.com\/fr\/wp-json\/wp\/v2\/product_cat?post=25580"},{"taxonomy":"product_tag","embeddable":true,"href":"https:\/\/vapemaison.com\/fr\/wp-json\/wp\/v2\/product_tag?post=25580"}],"curies":[{"name":"wp","href":"https:\/\/api.w.org\/{rel}","templated":true}]}}