

{"id":25624,"date":"2026-01-08T08:20:18","date_gmt":"2026-01-08T08:20:18","guid":{"rendered":"https:\/\/vapemaison.com\/?post_type=product&#038;p=25624"},"modified":"2026-01-15T02:29:02","modified_gmt":"2026-01-15T02:29:02","slug":"razz-bar-10000-puffs-rechargeable-vape","status":"publish","type":"product","link":"https:\/\/vapemaison.com\/fr\/product\/razz-bar-10000-puffs-rechargeable-vape\/","title":{"rendered":"RAZZ BAR 10000 bouff\u00e9es Vape rechargeable"},"content":{"rendered":"<p>Le <strong>RAZZ BAR 10000 Puffs<\/strong> repr\u00e9sente un \u00e9quilibre parfait entre la technologie moderne et la commodit\u00e9 au quotidien. <strong>En particulier<\/strong>, Ce dispositif rechargeable de haute qualit\u00e9 offre jusqu'\u00e0 10 000 bouff\u00e9es douces et se d\u00e9cline en 16 saveurs diff\u00e9rentes. <strong>Parce que<\/strong> Gr\u00e2ce \u00e0 sa conception compacte et \u00e0 son fonctionnement intuitif, il s'int\u00e8gre parfaitement \u00e0 votre mode de vie, que vous soyez en voyage ou en train de vous d\u00e9tendre \u00e0 la maison. <strong>En outre<\/strong>, La puissante batterie de 650mAh prend en charge la charge rapide Type-C pour garantir des performances fiables et une vapeur dense sans compromis.<\/p>\n\n\n\n<p>En combinant la technologie innovante Mesh Coil avec un cadre portable, le RAZZ BAR garantit un go\u00fbt intense et une production de vapeur r\u00e9guli\u00e8re \u00e0 chaque aspiration. <strong>En cons\u00e9quence<\/strong>, Vous b\u00e9n\u00e9ficiez ainsi d'une exp\u00e9rience haut de gamme qui s'adapte \u00e0 vos pr\u00e9f\u00e9rences personnelles. <strong>En outre<\/strong>, Le r\u00e9servoir d'e-liquide de 20 ml et les options de nicotine flexibles (2% ou 5%) font de ce dispositif un choix durable et polyvalent par rapport aux alternatives jetables traditionnelles.<\/p>\n\n\n\n<h3 class=\"wp-block-heading\">Sp\u00e9cifications techniques : Pr\u00e9cision et puissance<\/h3>\n\n\n\n<ul class=\"wp-block-list\">\n<li><strong>Intensit\u00e9 de la nicotine :<\/strong> Les utilisateurs peuvent choisir entre <strong>2% et 5% sel de nicotine<\/strong>. <strong>En cons\u00e9quence, les<\/strong>, Vous pouvez personnaliser votre exp\u00e9rience pour obtenir une sensation de gorge douce ou plus intense.<\/li>\n\n\n\n<li><strong>Capacit\u00e9 de bouff\u00e9e :<\/strong> L'appareil d\u00e9livre jusqu'\u00e0 <strong>10 000 bouff\u00e9es<\/strong>. <strong>C'est pourquoi<\/strong>, Il s'agit de l'une des options les plus durables du march\u00e9 pour les utilisateurs actifs.<\/li>\n\n\n\n<li><strong>Batterie avanc\u00e9e :<\/strong> Une approche int\u00e9gr\u00e9e <strong>Batterie rechargeable de 650mAh<\/strong> r\u00e9pond \u00e0 vos besoins quotidiens. <strong>En attendant<\/strong>, le <strong>Port de type C<\/strong> minimise les temps d'arr\u00eat gr\u00e2ce \u00e0 une charge rapide.<\/li>\n\n\n\n<li><strong>Bobine en maille innovante :<\/strong> Cette technologie permet de chauffer l'e-liquide de mani\u00e8re homog\u00e8ne. <strong>En particulier<\/strong>, Il produit des ar\u00f4mes plus riches et une vapeur plus homog\u00e8ne que les serpentins traditionnels.+1<\/li>\n\n\n\n<li><strong>Emballage de gros :<\/strong> Nous emballons <strong>200 pi\u00e8ces par carton<\/strong> afin d'assurer un stockage et une distribution efficaces pour les acheteurs en gros.<\/li>\n<\/ul>\n\n\n\n<h3 class=\"wp-block-heading\">Une symphonie de saveurs : 16 choix de premi\u00e8re qualit\u00e9<\/h3>\n\n\n\n<p>Le RAZZ BAR 10000 Puffs offre une vaste s\u00e9lection de go\u00fbts pour que votre exp\u00e9rience de vapotage reste passionnante. <strong>Si<\/strong> que vous pr\u00e9f\u00e9riez les notes fruit\u00e9es, sucr\u00e9es ou glac\u00e9es, notre gamme vous offre la correspondance parfaite :<\/p>\n\n\n\n<ul class=\"wp-block-list\">\n<li><strong>Les classiques du fruit :<\/strong> Fraise Kiwi, P\u00eache Mangue Ananas, et Baies m\u00e9lang\u00e9es.<\/li>\n\n\n\n<li><strong>Rafra\u00eechissement glac\u00e9 :<\/strong> Glace \u00e0 la past\u00e8que, glace \u00e0 la p\u00eache et glace aux myrtilles.<\/li>\n\n\n\n<li><strong>M\u00e9langes uniques :<\/strong> Kiwi Passion Fruit Goyave, Mamba, et Blue Razz Lemonade.<\/li>\n\n\n\n<li><strong>Bonbons et sodas :<\/strong> Ourson gommeux et glace au cola.<\/li>\n<\/ul>\n\n\n\n<h3 class=\"wp-block-heading\">Pourquoi choisir RAZZ BAR 10kPuffs ?<\/h3>\n\n\n\n<p><strong>Premi\u00e8re<\/strong>, En outre, ce dispositif r\u00e9duit les d\u00e9chets environnementaux car la batterie rechargeable dure plus longtemps que les produits jetables standard. <strong>Deuxi\u00e8me<\/strong>, Le r\u00e9servoir d'e-liquide de grande capacit\u00e9 vous permet de ne pas avoir \u00e0 le remplacer. <strong>Enfin<\/strong>, Nos normes de qualit\u00e9 strictes garantissent que chaque unit\u00e9 est s\u00fbre, hygi\u00e9nique et conviviale. <strong>En cons\u00e9quence<\/strong>, Gr\u00e2ce \u00e0 ce syst\u00e8me, vous obtenez un produit de qualit\u00e9 sup\u00e9rieure qui am\u00e9liore votre exp\u00e9rience du vapotage tout en vous offrant une valeur incroyable.<\/p>","protected":false},"excerpt":{"rendered":"<p>Le RAZZ BAR 10000 Puffs combine une capacit\u00e9 massive de 20ml avec une technologie Mesh Coil avanc\u00e9e pour une exp\u00e9rience de saveur sup\u00e9rieure. Parce qu'il est dot\u00e9 d'une batterie rechargeable de 650mAh et d'un chargement rapide Type-C, cet appareil vous assure de ne jamais devoir faire de compromis sur les performances. Par cons\u00e9quent, il constitue la solution durable id\u00e9ale pour les vapoteurs qui exigent qualit\u00e9 et commodit\u00e9.<\/p>","protected":false},"featured_media":25711,"comment_status":"open","ping_status":"closed","template":"","meta":[],"product_brand":[313],"product_cat":[132],"product_tag":[],"class_list":{"0":"post-25624","1":"product","2":"type-product","3":"status-publish","4":"has-post-thumbnail","6":"product_brand-razz-bar","7":"product_cat-10k-puffs","9":"first","10":"instock","11":"sale","12":"shipping-taxable","13":"purchasable","14":"product-type-variable"},"yoast_head":"<!-- This site is optimized with the Yoast SEO plugin v27.4 - https:\/\/yoast.com\/product\/yoast-seo-wordpress\/ -->\n<title>RAZZ BAR 10000 Puffs | Rechargeable Disposable Vape<\/title>\n<meta name=\"description\" content=\"The RAZZ BAR 10000 Puffs features 16 premium flavors, a rechargeable 650mAh battery. Shop now for the best wholesale prices and fast shipping!\" \/>\n<meta name=\"robots\" content=\"index, follow, max-snippet:-1, max-image-preview:large, max-video-preview:-1\" \/>\n<link rel=\"canonical\" href=\"https:\/\/vapemaison.com\/fr\/produit\/razz-bar-10000-puffs-rechargeable-vape\/\" \/>\n<meta property=\"og:locale\" content=\"fr_FR\" \/>\n<meta property=\"og:type\" content=\"article\" \/>\n<meta property=\"og:title\" content=\"RAZZ BAR 10000 Puffs | Rechargeable Disposable Vape\" \/>\n<meta property=\"og:description\" content=\"The RAZZ BAR 10000 Puffs features 16 premium flavors, a rechargeable 650mAh battery. Shop now for the best wholesale prices and fast shipping!\" \/>\n<meta property=\"og:url\" content=\"https:\/\/vapemaison.com\/fr\/produit\/razz-bar-10000-puffs-rechargeable-vape\/\" \/>\n<meta property=\"og:site_name\" content=\"VapeMaison\" \/>\n<meta property=\"article:modified_time\" content=\"2026-01-15T02:29:02+00:00\" \/>\n<meta property=\"og:image\" content=\"https:\/\/vapemaison.com\/wp-content\/uploads\/2026\/01\/razz-bar-10000-puffs-product-display.jpg\" \/>\n\t<meta property=\"og:image:width\" content=\"1800\" \/>\n\t<meta property=\"og:image:height\" content=\"1800\" \/>\n\t<meta property=\"og:image:type\" content=\"image\/jpeg\" \/>\n<meta name=\"twitter:card\" content=\"summary_large_image\" \/>\n<meta name=\"twitter:label1\" content=\"Dur\u00e9e de lecture estim\u00e9e\" \/>\n\t<meta name=\"twitter:data1\" content=\"2 minutes\" \/>\n<!-- \/ Yoast SEO plugin. -->","yoast_head_json":{"title":"RAZZ BAR 10000 bouff\u00e9es | Vape jetable rechargeable","description":"La RAZZ BAR 10000 Puffs offre 16 saveurs de premi\u00e8re qualit\u00e9, une batterie rechargeable de 650mAh. Achetez maintenant pour les meilleurs prix de gros et une livraison rapide !","robots":{"index":"index","follow":"follow","max-snippet":"max-snippet:-1","max-image-preview":"max-image-preview:large","max-video-preview":"max-video-preview:-1"},"canonical":"https:\/\/vapemaison.com\/fr\/produit\/razz-bar-10000-puffs-rechargeable-vape\/","og_locale":"fr_FR","og_type":"article","og_title":"RAZZ BAR 10000 Puffs | Rechargeable Disposable Vape","og_description":"The RAZZ BAR 10000 Puffs features 16 premium flavors, a rechargeable 650mAh battery. Shop now for the best wholesale prices and fast shipping!","og_url":"https:\/\/vapemaison.com\/fr\/produit\/razz-bar-10000-puffs-rechargeable-vape\/","og_site_name":"VapeMaison","article_modified_time":"2026-01-15T02:29:02+00:00","og_image":[{"width":1800,"height":1800,"url":"https:\/\/vapemaison.com\/wp-content\/uploads\/2026\/01\/razz-bar-10000-puffs-product-display.jpg","type":"image\/jpeg"}],"twitter_card":"summary_large_image","twitter_misc":{"Dur\u00e9e de lecture estim\u00e9e":"2 minutes"},"schema":{"@context":"https:\/\/schema.org","@graph":[{"@type":"WebPage","@id":"https:\/\/vapemaison.com\/product\/razz-bar-10000-puffs-rechargeable-vape\/","url":"https:\/\/vapemaison.com\/product\/razz-bar-10000-puffs-rechargeable-vape\/","name":"RAZZ BAR 10000 bouff\u00e9es | Vape jetable rechargeable","isPartOf":{"@id":"https:\/\/vapemaison.com\/#website"},"primaryImageOfPage":{"@id":"https:\/\/vapemaison.com\/product\/razz-bar-10000-puffs-rechargeable-vape\/#primaryimage"},"image":{"@id":"https:\/\/vapemaison.com\/product\/razz-bar-10000-puffs-rechargeable-vape\/#primaryimage"},"thumbnailUrl":"https:\/\/vapemaison.com\/wp-content\/uploads\/2026\/01\/razz-bar-10000-puffs-product-display.jpg","datePublished":"2026-01-08T08:20:18+00:00","dateModified":"2026-01-15T02:29:02+00:00","description":"La RAZZ BAR 10000 Puffs offre 16 saveurs de premi\u00e8re qualit\u00e9, une batterie rechargeable de 650mAh. Achetez maintenant pour les meilleurs prix de gros et une livraison rapide !","breadcrumb":{"@id":"https:\/\/vapemaison.com\/product\/razz-bar-10000-puffs-rechargeable-vape\/#breadcrumb"},"inLanguage":"fr-FR","potentialAction":[{"@type":"ReadAction","target":["https:\/\/vapemaison.com\/product\/razz-bar-10000-puffs-rechargeable-vape\/"]}]},{"@type":"ImageObject","inLanguage":"fr-FR","@id":"https:\/\/vapemaison.com\/product\/razz-bar-10000-puffs-rechargeable-vape\/#primaryimage","url":"https:\/\/vapemaison.com\/wp-content\/uploads\/2026\/01\/razz-bar-10000-puffs-product-display.jpg","contentUrl":"https:\/\/vapemaison.com\/wp-content\/uploads\/2026\/01\/razz-bar-10000-puffs-product-display.jpg","width":1800,"height":1800,"caption":"razz-bar-10000-puffs-product-display"},{"@type":"BreadcrumbList","@id":"https:\/\/vapemaison.com\/product\/razz-bar-10000-puffs-rechargeable-vape\/#breadcrumb","itemListElement":[{"@type":"ListItem","position":1,"name":"\u9996\u9875","item":"https:\/\/vapemaison.com\/"},{"@type":"ListItem","position":2,"name":"Shop","item":"https:\/\/vapemaison.com\/shop\/"},{"@type":"ListItem","position":3,"name":"Razz Bar","item":"https:\/\/vapemaison.com\/brand\/razz-bar\/"},{"@type":"ListItem","position":4,"name":"RAZZ BAR 10000 Puffs Rechargeable Vape"}]},{"@type":"WebSite","@id":"https:\/\/vapemaison.com\/#website","url":"https:\/\/vapemaison.com\/","name":"VapeMaison","description":"Appareils et accessoires de vapotage haut de gamme","publisher":{"@id":"https:\/\/vapemaison.com\/#organization"},"potentialAction":[{"@type":"SearchAction","target":{"@type":"EntryPoint","urlTemplate":"https:\/\/vapemaison.com\/?s={search_term_string}"},"query-input":{"@type":"PropertyValueSpecification","valueRequired":true,"valueName":"search_term_string"}}],"inLanguage":"fr-FR"},{"@type":"Organization","@id":"https:\/\/vapemaison.com\/#organization","name":"VapeMaison","url":"https:\/\/vapemaison.com\/","logo":{"@type":"ImageObject","inLanguage":"fr-FR","@id":"https:\/\/vapemaison.com\/#\/schema\/logo\/image\/","url":"https:\/\/vapemaison.com\/wp-content\/uploads\/2026\/01\/cropped-vapemaison-logo-g-2026.webp","contentUrl":"https:\/\/vapemaison.com\/wp-content\/uploads\/2026\/01\/cropped-vapemaison-logo-g-2026.webp","width":350,"height":280,"caption":"VapeMaison"},"image":{"@id":"https:\/\/vapemaison.com\/#\/schema\/logo\/image\/"},"sameAs":["https:\/\/www.youtube.com\/@VapeMaison"]}]}},"tiered_pricing_type":"fixed","tiered_pricing_fixed_rules":{"100":"11.72","200":"8.45","500":"7.68"},"tiered_pricing_product_settings":{"layout":"default","base_unit_name":{"singular":null,"plural":null},"default_variation":null},"tiered_pricing_minimum_quantity":50,"tiered_pricing_roles_data":[],"tiered_pricing_percentage_rules":[],"tiered_pricing_maximum_quantity":null,"tiered_pricing_quantity_step":"10","_links":{"self":[{"href":"https:\/\/vapemaison.com\/fr\/wp-json\/wp\/v2\/product\/25624","targetHints":{"allow":["GET"]}}],"collection":[{"href":"https:\/\/vapemaison.com\/fr\/wp-json\/wp\/v2\/product"}],"about":[{"href":"https:\/\/vapemaison.com\/fr\/wp-json\/wp\/v2\/types\/product"}],"replies":[{"embeddable":true,"href":"https:\/\/vapemaison.com\/fr\/wp-json\/wp\/v2\/comments?post=25624"}],"version-history":[{"count":2,"href":"https:\/\/vapemaison.com\/fr\/wp-json\/wp\/v2\/product\/25624\/revisions"}],"predecessor-version":[{"id":25671,"href":"https:\/\/vapemaison.com\/fr\/wp-json\/wp\/v2\/product\/25624\/revisions\/25671"}],"wp:featuredmedia":[{"embeddable":true,"href":"https:\/\/vapemaison.com\/fr\/wp-json\/wp\/v2\/media\/25711"}],"wp:attachment":[{"href":"https:\/\/vapemaison.com\/fr\/wp-json\/wp\/v2\/media?parent=25624"}],"wp:term":[{"taxonomy":"product_brand","embeddable":true,"href":"https:\/\/vapemaison.com\/fr\/wp-json\/wp\/v2\/product_brand?post=25624"},{"taxonomy":"product_cat","embeddable":true,"href":"https:\/\/vapemaison.com\/fr\/wp-json\/wp\/v2\/product_cat?post=25624"},{"taxonomy":"product_tag","embeddable":true,"href":"https:\/\/vapemaison.com\/fr\/wp-json\/wp\/v2\/product_tag?post=25624"}],"curies":[{"name":"wp","href":"https:\/\/api.w.org\/{rel}","templated":true}]}}