

{"id":25626,"date":"2026-01-08T10:42:46","date_gmt":"2026-01-08T10:42:46","guid":{"rendered":"https:\/\/vapemaison.com\/?post_type=product&#038;p=25626"},"modified":"2026-01-15T02:27:26","modified_gmt":"2026-01-15T02:27:26","slug":"razz-bar-12000-puff-12k-22ml-5-nic-salt","status":"publish","type":"product","link":"https:\/\/vapemaison.com\/fr\/product\/razz-bar-12000-puff-12k-22ml-5-nic-salt\/","title":{"rendered":"Razz bar 12000 puff 12K 22mL, 5% Nic Salt"},"content":{"rendered":"<p>Le <strong>RAZZ BAR 12000 bouff\u00e9es<\/strong> repr\u00e9sente l'apog\u00e9e de la technologie moderne de vapotage. <strong>En particulier<\/strong>, Cet appareil phare offre une saveur plus authentique et une production de vapeur plus forte que tous les mod\u00e8les pr\u00e9c\u00e9dents. <strong>Parce que<\/strong> Il est dot\u00e9 d'une puissante puissance de 22W et d'un contr\u00f4le int\u00e9gr\u00e9 de la tension et de l'\u00e9coulement de l'air, ce qui offre une exp\u00e9rience enti\u00e8rement personnalisable. <strong>En outre<\/strong>, La capacit\u00e9 massive de 22 ml d'e-liquide et la batterie rechargeable de 650 mAh garantissent que votre appareil r\u00e9pond \u00e0 toutes les attentes en mati\u00e8re de robustesse et d'uniformit\u00e9.<\/p>\n\n\n\n<p><strong>En plus de<\/strong> En plus de ses hautes performances, le RAZZ BAR 12000 est dot\u00e9 d'une \u00e9tonnante coque translucide et d'un design sophistiqu\u00e9. Cette esth\u00e9tique accrocheuse \u00e9tablit de nouvelles normes dans l'industrie. <strong>En cons\u00e9quence<\/strong>, Si vous souhaitez am\u00e9liorer votre exp\u00e9rience de l'e-cigarette, le RAZZ BAR 12000 bouff\u00e9es est la solution ultime.<\/p>\n\n\n\n<h3 class=\"wp-block-heading\">Caract\u00e9ristiques techniques : Con\u00e7u pour la puissance<\/h3>\n\n\n\n<ul class=\"wp-block-list\">\n<li><strong>Capacit\u00e9 de bouff\u00e9e :<\/strong> D\u00e9livre jusqu'\u00e0 <strong>12 000 bouff\u00e9es<\/strong>, et garantissent une valeur \u00e0 long terme pour chaque utilisateur.<\/li>\n\n\n\n<li><strong>Capacit\u00e9 massive :<\/strong> Chaque dispositif contient <strong>22ml d'e-liquide premium<\/strong>. <strong>C'est pourquoi<\/strong>, Vous pouvez ainsi profiter de plusieurs semaines d'utilisation sans interruption.<\/li>\n\n\n\n<li><strong>Puissance variable :<\/strong> Le <strong>22W de puissance<\/strong> combin\u00e9e avec <strong>Contr\u00f4le du d\u00e9bit d'air<\/strong> vous permet de r\u00e9gler avec pr\u00e9cision la densit\u00e9 de la vapeur.<\/li>\n\n\n\n<li><strong>Options de nicotine :<\/strong> Disponible en <strong>2% et 5% sel nicotine<\/strong> pour s'adapter aux diff\u00e9rentes pr\u00e9f\u00e9rences des utilisateurs et aux r\u00e9glementations du march\u00e9.<\/li>\n\n\n\n<li><strong>Caract\u00e9ristiques intelligentes :<\/strong> Le syst\u00e8me int\u00e9gr\u00e9 <strong>\u00c9clairage RVB<\/strong> ajoute une touche de modernit\u00e9, tandis que le <strong>Port de type C<\/strong> assure une charge rapide.<\/li>\n\n\n\n<li><strong>Bobine en maille avanc\u00e9e :<\/strong> Cette technologie permet de chauffer le liquide de mani\u00e8re homog\u00e8ne. <strong>En particulier<\/strong>, Il garantit un effet de gorge doux et une saveur authentique de la premi\u00e8re \u00e0 la derni\u00e8re bouff\u00e9e.<\/li>\n<\/ul>\n\n\n\n<h3 class=\"wp-block-heading\">S\u00e9lection d'ar\u00f4mes de premi\u00e8re qualit\u00e9 : 16 m\u00e9langes d'\u00e9lite<\/h3>\n\n\n\n<p>La gamme RAZZ BAR 12000 offre une grande vari\u00e9t\u00e9 de saveurs. <strong>Si<\/strong> que vous pr\u00e9f\u00e9riez les rafra\u00eechissements glac\u00e9s ou les m\u00e9langes de bonbons sucr\u00e9s, notre collection s'adresse \u00e0 tous les palais :<\/p>\n\n\n\n<ul class=\"wp-block-list\">\n<li><strong>Fruits et glace :<\/strong> Glace p\u00eache, glace past\u00e8que, glace mangue et glace myrtille.<\/li>\n\n\n\n<li><strong>Fusions exotiques :<\/strong> Kiwi Fruit de la Passion Goyave, Mamba, et Myrtille Framboise.<\/li>\n\n\n\n<li><strong>Sucreries classiques :<\/strong> Bubble Gum \u00e0 la fraise et \u00e0 la past\u00e8que et Bubble Gum \u00e0 la myrtille.<\/li>\n\n\n\n<li><strong>Boissons inspir\u00e9es :<\/strong> Red Bull Ice et Blue Razz Lemonade.<\/li>\n<\/ul>\n\n\n\n<h3 class=\"wp-block-heading\">Avantages pour les grossistes et les d\u00e9taillants<\/h3>\n\n\n\n<p><strong>Choisir<\/strong> nos produits vous assure un avantage concurrentiel sur votre march\u00e9 local. <strong>En cons\u00e9quence<\/strong>, Nous fournissons une logistique optimis\u00e9e \u00e0 tous nos partenaires commerciaux :<\/p>\n\n\n\n<ul class=\"wp-block-list\">\n<li><strong>L'affichage est pr\u00eat :<\/strong> Chaque bo\u00eete de pr\u00e9sentation contient 10 pi\u00e8ces.<\/li>\n\n\n\n<li><strong>Emballage en vrac :<\/strong> Nous emballons 200 pi\u00e8ces par carton pour un stockage efficace.<\/li>\n\n\n\n<li><strong>S\u00e9curit\u00e9 garantie :<\/strong> Chaque unit\u00e9 est soumise \u00e0 un contr\u00f4le de qualit\u00e9 strict pour r\u00e9pondre aux normes internationales. <strong>Ainsi<\/strong>, vous pouvez vendre en toute confiance.<\/li>\n<\/ul>\n\n\n\n<h3 class=\"wp-block-heading\">Foire aux questions (FAQ)<\/h3>\n\n\n\n<p><strong>1. Puis-je r\u00e9gler le d\u00e9bit d'air ?<\/strong> Oui, l'appareil est dot\u00e9 d'un <strong>Contr\u00f4le du d\u00e9bit d'air<\/strong> valve. <strong>En cons\u00e9quence<\/strong>, Vous pouvez passer d'un tirage serr\u00e9 \u00e0 une exp\u00e9rience plus ouverte et nuageuse.<\/p>\n\n\n\n<p><strong>2. Quelle est la dur\u00e9e de vie de la capacit\u00e9 de 12 000 bouff\u00e9es ?<\/strong> Dans des conditions normales d'utilisation, le r\u00e9servoir de 22 ml dure plusieurs semaines. <strong>Cependant<\/strong>, La dur\u00e9e exacte d\u00e9pend de votre puissance et de votre d\u00e9bit d'air pr\u00e9f\u00e9r\u00e9s.<\/p>\n\n\n\n<p><strong>3. La batterie est-elle rechargeable ?<\/strong> Absolument. <strong>Depuis<\/strong> il comprend une batterie de 650mAh et un port Type-C, vous pouvez utiliser pleinement chaque goutte d'e-liquide.<\/p>\n\n\n\n<p><\/p>","protected":false},"excerpt":{"rendered":"<p>Le RAZZ BAR 12000 Puffs combine une \u00e9norme capacit\u00e9 d'e-liquide de 22ml avec une puissante sortie r\u00e9glable de 22W. Gr\u00e2ce au contr\u00f4le du flux d'air et \u00e0 la batterie rechargeable de type C, cet appareil offre une exp\u00e9rience de vapotage personnalis\u00e9e et durable. Par cons\u00e9quent, il repr\u00e9sente le premier choix pour ceux qui recherchent une saveur sup\u00e9rieure et un design moderne.<\/p>","protected":false},"featured_media":25778,"comment_status":"open","ping_status":"closed","template":"","meta":[],"product_brand":[313],"product_cat":[154],"product_tag":[],"class_list":{"0":"post-25626","1":"product","2":"type-product","3":"status-publish","4":"has-post-thumbnail","6":"product_brand-razz-bar","7":"product_cat-12k-puffs","9":"first","10":"instock","11":"sale","12":"shipping-taxable","13":"purchasable","14":"product-type-variable"},"yoast_head":"<!-- This site is optimized with the Yoast SEO plugin v27.4 - https:\/\/yoast.com\/product\/yoast-seo-wordpress\/ -->\n<title>RAZZ BAR 12000 Puffs Adjustable Airflow Disposable Vape<\/title>\n<meta name=\"description\" content=\"Discover the RAZZ BAR 12000 Puffs. Features 22ml capacity, 22W power control, RGB lights, and Mesh Coil technology. Shop wholesale now for the best prices!\" \/>\n<meta name=\"robots\" content=\"index, follow, max-snippet:-1, max-image-preview:large, max-video-preview:-1\" \/>\n<link rel=\"canonical\" href=\"https:\/\/vapemaison.com\/fr\/produit\/razz-bar-12000-puff-12k-22ml-5-nic-salt\/\" \/>\n<meta property=\"og:locale\" content=\"fr_FR\" \/>\n<meta property=\"og:type\" content=\"article\" \/>\n<meta property=\"og:title\" content=\"RAZZ BAR 12000 Puffs Adjustable Airflow Disposable Vape\" \/>\n<meta property=\"og:description\" content=\"Discover the RAZZ BAR 12000 Puffs. Features 22ml capacity, 22W power control, RGB lights, and Mesh Coil technology. Shop wholesale now for the best prices!\" \/>\n<meta property=\"og:url\" content=\"https:\/\/vapemaison.com\/fr\/produit\/razz-bar-12000-puff-12k-22ml-5-nic-salt\/\" \/>\n<meta property=\"og:site_name\" content=\"VapeMaison\" \/>\n<meta property=\"article:modified_time\" content=\"2026-01-15T02:27:26+00:00\" \/>\n<meta property=\"og:image\" content=\"https:\/\/vapemaison.com\/wp-content\/uploads\/2026\/01\/razz-bar-12000-puffs-vape-product-display.webp\" \/>\n\t<meta property=\"og:image:width\" content=\"640\" \/>\n\t<meta property=\"og:image:height\" content=\"640\" \/>\n\t<meta property=\"og:image:type\" content=\"image\/webp\" \/>\n<meta name=\"twitter:card\" content=\"summary_large_image\" \/>\n<meta name=\"twitter:label1\" content=\"Dur\u00e9e de lecture estim\u00e9e\" \/>\n\t<meta name=\"twitter:data1\" content=\"3 minutes\" \/>\n<!-- \/ Yoast SEO plugin. -->","yoast_head_json":{"title":"RAZZ BAR 12000 bouff\u00e9es Airflow r\u00e9glable Vape jetable","description":"D\u00e9couvrez la RAZZ BAR 12000 Puffs. Avec une capacit\u00e9 de 22ml, un contr\u00f4le de puissance de 22W, des lumi\u00e8res RGB et la technologie Mesh Coil. Achetez en gros maintenant pour les meilleurs prix !","robots":{"index":"index","follow":"follow","max-snippet":"max-snippet:-1","max-image-preview":"max-image-preview:large","max-video-preview":"max-video-preview:-1"},"canonical":"https:\/\/vapemaison.com\/fr\/produit\/razz-bar-12000-puff-12k-22ml-5-nic-salt\/","og_locale":"fr_FR","og_type":"article","og_title":"RAZZ BAR 12000 Puffs Adjustable Airflow Disposable Vape","og_description":"Discover the RAZZ BAR 12000 Puffs. Features 22ml capacity, 22W power control, RGB lights, and Mesh Coil technology. Shop wholesale now for the best prices!","og_url":"https:\/\/vapemaison.com\/fr\/produit\/razz-bar-12000-puff-12k-22ml-5-nic-salt\/","og_site_name":"VapeMaison","article_modified_time":"2026-01-15T02:27:26+00:00","og_image":[{"width":640,"height":640,"url":"https:\/\/vapemaison.com\/wp-content\/uploads\/2026\/01\/razz-bar-12000-puffs-vape-product-display.webp","type":"image\/webp"}],"twitter_card":"summary_large_image","twitter_misc":{"Dur\u00e9e de lecture estim\u00e9e":"3 minutes"},"schema":{"@context":"https:\/\/schema.org","@graph":[{"@type":"WebPage","@id":"https:\/\/vapemaison.com\/product\/razz-bar-12000-puff-12k-22ml-5-nic-salt\/","url":"https:\/\/vapemaison.com\/product\/razz-bar-12000-puff-12k-22ml-5-nic-salt\/","name":"RAZZ BAR 12000 bouff\u00e9es Airflow r\u00e9glable Vape jetable","isPartOf":{"@id":"https:\/\/vapemaison.com\/#website"},"primaryImageOfPage":{"@id":"https:\/\/vapemaison.com\/product\/razz-bar-12000-puff-12k-22ml-5-nic-salt\/#primaryimage"},"image":{"@id":"https:\/\/vapemaison.com\/product\/razz-bar-12000-puff-12k-22ml-5-nic-salt\/#primaryimage"},"thumbnailUrl":"https:\/\/vapemaison.com\/wp-content\/uploads\/2026\/01\/razz-bar-12000-puffs-vape-product-display.webp","datePublished":"2026-01-08T10:42:46+00:00","dateModified":"2026-01-15T02:27:26+00:00","description":"D\u00e9couvrez la RAZZ BAR 12000 Puffs. Avec une capacit\u00e9 de 22ml, un contr\u00f4le de puissance de 22W, des lumi\u00e8res RGB et la technologie Mesh Coil. Achetez en gros maintenant pour les meilleurs prix !","breadcrumb":{"@id":"https:\/\/vapemaison.com\/product\/razz-bar-12000-puff-12k-22ml-5-nic-salt\/#breadcrumb"},"inLanguage":"fr-FR","potentialAction":[{"@type":"ReadAction","target":["https:\/\/vapemaison.com\/product\/razz-bar-12000-puff-12k-22ml-5-nic-salt\/"]}]},{"@type":"ImageObject","inLanguage":"fr-FR","@id":"https:\/\/vapemaison.com\/product\/razz-bar-12000-puff-12k-22ml-5-nic-salt\/#primaryimage","url":"https:\/\/vapemaison.com\/wp-content\/uploads\/2026\/01\/razz-bar-12000-puffs-vape-product-display.webp","contentUrl":"https:\/\/vapemaison.com\/wp-content\/uploads\/2026\/01\/razz-bar-12000-puffs-vape-product-display.webp","width":640,"height":640,"caption":"razz-bar-12000-puffs-vape-product-display"},{"@type":"BreadcrumbList","@id":"https:\/\/vapemaison.com\/product\/razz-bar-12000-puff-12k-22ml-5-nic-salt\/#breadcrumb","itemListElement":[{"@type":"ListItem","position":1,"name":"\u9996\u9875","item":"https:\/\/vapemaison.com\/"},{"@type":"ListItem","position":2,"name":"Shop","item":"https:\/\/vapemaison.com\/shop\/"},{"@type":"ListItem","position":3,"name":"Razz Bar","item":"https:\/\/vapemaison.com\/brand\/razz-bar\/"},{"@type":"ListItem","position":4,"name":"Razz bar 12000 puff 12K 22mL, 5% Nic Salt"}]},{"@type":"WebSite","@id":"https:\/\/vapemaison.com\/#website","url":"https:\/\/vapemaison.com\/","name":"VapeMaison","description":"Appareils et accessoires de vapotage haut de gamme","publisher":{"@id":"https:\/\/vapemaison.com\/#organization"},"potentialAction":[{"@type":"SearchAction","target":{"@type":"EntryPoint","urlTemplate":"https:\/\/vapemaison.com\/?s={search_term_string}"},"query-input":{"@type":"PropertyValueSpecification","valueRequired":true,"valueName":"search_term_string"}}],"inLanguage":"fr-FR"},{"@type":"Organization","@id":"https:\/\/vapemaison.com\/#organization","name":"VapeMaison","url":"https:\/\/vapemaison.com\/","logo":{"@type":"ImageObject","inLanguage":"fr-FR","@id":"https:\/\/vapemaison.com\/#\/schema\/logo\/image\/","url":"https:\/\/vapemaison.com\/wp-content\/uploads\/2026\/01\/cropped-vapemaison-logo-g-2026.webp","contentUrl":"https:\/\/vapemaison.com\/wp-content\/uploads\/2026\/01\/cropped-vapemaison-logo-g-2026.webp","width":350,"height":280,"caption":"VapeMaison"},"image":{"@id":"https:\/\/vapemaison.com\/#\/schema\/logo\/image\/"},"sameAs":["https:\/\/www.youtube.com\/@VapeMaison"]}]}},"tiered_pricing_type":"fixed","tiered_pricing_fixed_rules":{"100":"11.13","200":"10.24","500":"9.45"},"tiered_pricing_product_settings":{"layout":"default","base_unit_name":{"singular":null,"plural":null},"default_variation":null},"tiered_pricing_minimum_quantity":50,"tiered_pricing_roles_data":[],"tiered_pricing_percentage_rules":[],"tiered_pricing_maximum_quantity":null,"tiered_pricing_quantity_step":"10","_links":{"self":[{"href":"https:\/\/vapemaison.com\/fr\/wp-json\/wp\/v2\/product\/25626","targetHints":{"allow":["GET"]}}],"collection":[{"href":"https:\/\/vapemaison.com\/fr\/wp-json\/wp\/v2\/product"}],"about":[{"href":"https:\/\/vapemaison.com\/fr\/wp-json\/wp\/v2\/types\/product"}],"replies":[{"embeddable":true,"href":"https:\/\/vapemaison.com\/fr\/wp-json\/wp\/v2\/comments?post=25626"}],"version-history":[{"count":2,"href":"https:\/\/vapemaison.com\/fr\/wp-json\/wp\/v2\/product\/25626\/revisions"}],"predecessor-version":[{"id":25821,"href":"https:\/\/vapemaison.com\/fr\/wp-json\/wp\/v2\/product\/25626\/revisions\/25821"}],"wp:featuredmedia":[{"embeddable":true,"href":"https:\/\/vapemaison.com\/fr\/wp-json\/wp\/v2\/media\/25778"}],"wp:attachment":[{"href":"https:\/\/vapemaison.com\/fr\/wp-json\/wp\/v2\/media?parent=25626"}],"wp:term":[{"taxonomy":"product_brand","embeddable":true,"href":"https:\/\/vapemaison.com\/fr\/wp-json\/wp\/v2\/product_brand?post=25626"},{"taxonomy":"product_cat","embeddable":true,"href":"https:\/\/vapemaison.com\/fr\/wp-json\/wp\/v2\/product_cat?post=25626"},{"taxonomy":"product_tag","embeddable":true,"href":"https:\/\/vapemaison.com\/fr\/wp-json\/wp\/v2\/product_tag?post=25626"}],"curies":[{"name":"wp","href":"https:\/\/api.w.org\/{rel}","templated":true}]}}