

{"id":25630,"date":"2026-01-08T09:24:19","date_gmt":"2026-01-08T09:24:19","guid":{"rendered":"https:\/\/vapemaison.com\/?post_type=product&#038;p=25630"},"modified":"2026-01-15T02:28:10","modified_gmt":"2026-01-15T02:28:10","slug":"razz-bar-16000-16k-puffs-20ml-jetable-e-cigarette","status":"publish","type":"product","link":"https:\/\/vapemaison.com\/fr\/product\/razz-bar-16000-16k-puffs-20ml-disposable-e-cigarette\/","title":{"rendered":"Razz Bar 16000 16K Puffs 20ml E-cigarette jetable"},"content":{"rendered":"<p>Le <strong>RAZZ BAR 16000 Puffs<\/strong> est une e-cigarette jetable de haute performance con\u00e7ue pour un plaisir durable et une saveur intense. <strong>En particulier<\/strong>, Il d\u00e9livre jusqu'\u00e0 16 000 bouff\u00e9es et dispose d'une g\u00e9n\u00e9reuse capacit\u00e9 de 20 ml d'e-liquide.<sup><\/sup> <strong>Parce que<\/strong> nous donnons la priorit\u00e9 \u00e0 la qualit\u00e9, cet appareil est une option fiable pour les vapoteurs qui appr\u00e9cient \u00e0 la fois la long\u00e9vit\u00e9 et la commodit\u00e9. <strong>Si<\/strong> que vous soyez en voyage ou en train de vous d\u00e9tendre, cette vape offre des performances constantes qui font de chaque tirage un moment fort. <strong>En outre<\/strong>, Nos ann\u00e9es d'exp\u00e9rience dans le secteur garantissent que chaque unit\u00e9 r\u00e9pond aux normes de s\u00e9curit\u00e9 les plus strictes.<\/p>\n\n\n\n<p>Cet appareil se distingue par son fonctionnement convivial et sa technologie moderne. <strong>Par exemple<\/strong>, La bobine Mesh Coil int\u00e9gr\u00e9e produit un go\u00fbt riche et des nuages de vapeur denses. <strong>En attendant<\/strong>, la batterie rechargeable de 650mAh avec un port USB Type-C permet une recharge rapide.<sup><\/sup> <strong>En cons\u00e9quence<\/strong>, Le RAZZ BAR est id\u00e9al pour les d\u00e9butants et les vapoteurs exp\u00e9riment\u00e9s qui souhaitent une exp\u00e9rience de longue dur\u00e9e sans avoir \u00e0 se soucier des recharges.<\/p>\n\n\n\n<h3 class=\"wp-block-heading\">Sp\u00e9cifications techniques : Construit pour l'autorit\u00e9<\/h3>\n\n\n\n<ul class=\"wp-block-list\">\n<li><strong>Nombre de bouff\u00e9es exceptionnel :<\/strong> Le RAZZ BAR d\u00e9livre un impressionnant <strong>16 000 bouff\u00e9es<\/strong> par appareil. <strong>En cons\u00e9quence, les<\/strong>, Gr\u00e2ce \u00e0 ce syst\u00e8me, vous b\u00e9n\u00e9ficiez de plusieurs semaines d'utilisation tout en r\u00e9duisant de mani\u00e8re significative les d\u00e9chets environnementaux.<\/li>\n\n\n\n<li><strong>Nicotine personnalisable :<\/strong> Nous proposons <strong>2% et 5% sel nicotine<\/strong> options. <strong>C'est pourquoi<\/strong>, L'appareil s'adapte \u00e0 vos besoins et vous offre un effet de gorge doux et une absorption rapide.<\/li>\n\n\n\n<li><strong>Capacit\u00e9 massive d'e-liquide :<\/strong> Chaque unit\u00e9 est pr\u00e9-remplie de <strong>20ml d'e-liquide premium<\/strong>. <strong>En cons\u00e9quence<\/strong>, Gr\u00e2ce \u00e0 ce syst\u00e8me, vous b\u00e9n\u00e9ficiez d'une saveur constante de la premi\u00e8re \u00e0 la derni\u00e8re bouff\u00e9e.<\/li>\n\n\n\n<li><strong>Bobine en maille avanc\u00e9e :<\/strong> Cette technologie permet de chauffer le liquide de mani\u00e8re uniforme. <strong>En particulier<\/strong>, Il am\u00e9liore l'ar\u00f4me authentique et augmente l'efficacit\u00e9 de la vapeur par rapport aux serpentins standard.+1<\/li>\n\n\n\n<li><strong>Chargement rapide :<\/strong> Le <strong>Connexion USB Type-C<\/strong> garantit que votre appareil est pr\u00eat \u00e0 l'emploi en un rien de temps. <strong>Ainsi<\/strong>, Vous n'aurez donc jamais \u00e0 attendre longtemps pour votre prochaine s\u00e9ance.<\/li>\n\n\n\n<li><strong>Optimisation du commerce de gros :<\/strong> Nous exp\u00e9dions <strong>200 pi\u00e8ces par carton<\/strong>, Ce qui facilite l'efficacit\u00e9 du stockage et de la distribution pour les d\u00e9taillants.<\/li>\n<\/ul>\n\n\n\n<h3 class=\"wp-block-heading\">Menu des saveurs : 12 M\u00e9langes Signature<\/h3>\n\n\n\n<p>Nous avons optimis\u00e9 notre s\u00e9lection d'ar\u00f4mes en nous basant sur les commentaires des utilisateurs afin de garantir que chaque palais trouve son favori :<\/p>\n\n\n\n<ul class=\"wp-block-list\">\n<li><strong>Glace \u00e0 la p\u00eache \/ Glace \u00e0 la past\u00e8que :<\/strong> Des notes de fruits croquants termin\u00e9es par un souffle glac\u00e9 rafra\u00eechissant.<\/li>\n\n\n\n<li><strong>Chewing-gum \u00e0 la fraise et \u00e0 la past\u00e8que :<\/strong> Un trio de saveurs nostalgiques et sucr\u00e9es.<\/li>\n\n\n\n<li><strong>Red Bull Grape :<\/strong> Une fusion \u00e9nergique de raisins inspir\u00e9e des boissons \u00e9nergisantes classiques.<\/li>\n\n\n\n<li><strong>Kiwi Fruit de la passion Goyave :<\/strong> Un vibrant pot-pourri tropical qui vous transporte dans les \u00eeles.<\/li>\n\n\n\n<li><strong>P\u00eache Mangue Past\u00e8que :<\/strong> Une fusion complexe et fruit\u00e9e pour un tirage vraiment satisfaisant.<\/li>\n<\/ul>\n\n\n\n<h3 class=\"wp-block-heading\">Foire aux questions (FAQ)<\/h3>\n\n\n\n<p><strong>1. Quelle est la quantit\u00e9 minimale de commande (QMC) ?<\/strong> Notre commande minimale commence \u00e0 <strong>50 pi\u00e8ces<\/strong>. <strong>Cette flexibilit\u00e9<\/strong> permet aux d\u00e9taillants de tester la gamme avant de s'engager dans des commandes plus importantes.<\/p>\n\n\n\n<p><strong>2. Quelle est la rapidit\u00e9 de l'exp\u00e9dition ?<\/strong> Nous exp\u00e9dions directement depuis notre <strong>Entrep\u00f4t europ\u00e9en<\/strong>. <strong>G\u00e9n\u00e9ralement<\/strong>, Le d\u00e9lai de livraison n'est que de 3 \u00e0 7 jours, ce qui garantit une livraison rapide et fiable de votre stock.<\/p>\n\n\n\n<p><strong>3. Le dispositif est-il respectueux de l'environnement ?<\/strong> <strong>Parce que<\/strong> Le RAZZ BAR 16000 est \u00e9quip\u00e9 d'une batterie rechargeable de 650mAh, qui dure beaucoup plus longtemps que les produits jetables standard. <strong>C'est pourquoi<\/strong>, Il contribue \u00e0 r\u00e9duire l'ensemble des d\u00e9chets \u00e9lectroniques.<\/p>\n\n\n\n<p><strong>4. Pourquoi la bobine en maille est-elle meilleure ?<\/strong> La technologie Mesh Coil offre une plus grande surface de chauffe.<sup><\/sup> <strong>En cons\u00e9quence<\/strong>, Il offre une saveur beaucoup plus profonde et une production de vapeur plus douce que les coils traditionnels.<\/p>","protected":false},"excerpt":{"rendered":"<p>Le RAZZ BAR 16000 Puffs offre une capacit\u00e9 de pointe gr\u00e2ce \u00e0 son r\u00e9servoir pr\u00e9-rempli de 20 ml et \u00e0 la technologie avanc\u00e9e Mesh Coil. Parce qu'il dispose d'une batterie rechargeable de 650mAh et d'un port Type-C, cet appareil garantit des performances durables sans aucune perte de saveur. Par cons\u00e9quent, il s'agit du choix le plus fiable pour les vapoteurs qui exigent une qualit\u00e9 sup\u00e9rieure et une commodit\u00e9 dans un ensemble \u00e9l\u00e9gant.<\/p>","protected":false},"featured_media":25745,"comment_status":"open","ping_status":"closed","template":"","meta":[],"product_brand":[313],"product_cat":[135],"product_tag":[],"class_list":{"0":"post-25630","1":"product","2":"type-product","3":"status-publish","4":"has-post-thumbnail","6":"product_brand-razz-bar","7":"product_cat-40k-puffs","9":"first","10":"instock","11":"sale","12":"shipping-taxable","13":"purchasable","14":"product-type-variable"},"yoast_head":"<!-- This site is optimized with the Yoast SEO plugin v27.4 - https:\/\/yoast.com\/product\/yoast-seo-wordpress\/ -->\n<title>RAZZ BAR 16000 Puffs | Bulk Wholesale Disposable Vape | 20ml<\/title>\n<meta name=\"description\" content=\"Looking for the best wholesale deal on RAZZ BAR 16000 Puffs? Featuring a 20ml tank, Mesh Coil technology, and 12 premium flavors. Consequently, we offer fast EU shipping and 2%\/5% nicotine options. Order today!\" \/>\n<meta name=\"robots\" content=\"index, follow, max-snippet:-1, max-image-preview:large, max-video-preview:-1\" \/>\n<link rel=\"canonical\" href=\"https:\/\/vapemaison.com\/fr\/produit\/razz-bar-16000-16k-puffs-20ml-jetable-e-cigarette\/\" \/>\n<meta property=\"og:locale\" content=\"fr_FR\" \/>\n<meta property=\"og:type\" content=\"article\" \/>\n<meta property=\"og:title\" content=\"RAZZ BAR 16000 Puffs | Bulk Wholesale Disposable Vape | 20ml\" \/>\n<meta property=\"og:description\" content=\"Looking for the best wholesale deal on RAZZ BAR 16000 Puffs? Featuring a 20ml tank, Mesh Coil technology, and 12 premium flavors. Consequently, we offer fast EU shipping and 2%\/5% nicotine options. Order today!\" \/>\n<meta property=\"og:url\" content=\"https:\/\/vapemaison.com\/fr\/produit\/razz-bar-16000-16k-puffs-20ml-jetable-e-cigarette\/\" \/>\n<meta property=\"og:site_name\" content=\"VapeMaison\" \/>\n<meta property=\"article:modified_time\" content=\"2026-01-15T02:28:10+00:00\" \/>\n<meta property=\"og:image\" content=\"https:\/\/vapemaison.com\/wp-content\/uploads\/2026\/01\/razz-bar-16000-puffs-vape-product.jpg\" \/>\n\t<meta property=\"og:image:width\" content=\"800\" \/>\n\t<meta property=\"og:image:height\" content=\"800\" \/>\n\t<meta property=\"og:image:type\" content=\"image\/jpeg\" \/>\n<meta name=\"twitter:card\" content=\"summary_large_image\" \/>\n<meta name=\"twitter:label1\" content=\"Dur\u00e9e de lecture estim\u00e9e\" \/>\n\t<meta name=\"twitter:data1\" content=\"3 minutes\" \/>\n<!-- \/ Yoast SEO plugin. -->","yoast_head_json":{"title":"RAZZ BAR 16000 bouff\u00e9es | Bulk Wholesale Disposable Vape | 20ml","description":"Vous recherchez la meilleure offre de gros sur RAZZ BAR 16000 Puffs ? Avec un r\u00e9servoir de 20ml, la technologie Mesh Coil, et 12 saveurs premium. Par cons\u00e9quent, nous offrons une livraison rapide dans l'UE et des options de nicotine 2%\/5%. Commandez d\u00e8s aujourd'hui !","robots":{"index":"index","follow":"follow","max-snippet":"max-snippet:-1","max-image-preview":"max-image-preview:large","max-video-preview":"max-video-preview:-1"},"canonical":"https:\/\/vapemaison.com\/fr\/produit\/razz-bar-16000-16k-puffs-20ml-jetable-e-cigarette\/","og_locale":"fr_FR","og_type":"article","og_title":"RAZZ BAR 16000 Puffs | Bulk Wholesale Disposable Vape | 20ml","og_description":"Looking for the best wholesale deal on RAZZ BAR 16000 Puffs? Featuring a 20ml tank, Mesh Coil technology, and 12 premium flavors. Consequently, we offer fast EU shipping and 2%\/5% nicotine options. Order today!","og_url":"https:\/\/vapemaison.com\/fr\/produit\/razz-bar-16000-16k-puffs-20ml-jetable-e-cigarette\/","og_site_name":"VapeMaison","article_modified_time":"2026-01-15T02:28:10+00:00","og_image":[{"width":800,"height":800,"url":"https:\/\/vapemaison.com\/wp-content\/uploads\/2026\/01\/razz-bar-16000-puffs-vape-product.jpg","type":"image\/jpeg"}],"twitter_card":"summary_large_image","twitter_misc":{"Dur\u00e9e de lecture estim\u00e9e":"3 minutes"},"schema":{"@context":"https:\/\/schema.org","@graph":[{"@type":"WebPage","@id":"https:\/\/vapemaison.com\/product\/razz-bar-16000-16k-puffs-20ml-disposable-e-cigarette\/","url":"https:\/\/vapemaison.com\/product\/razz-bar-16000-16k-puffs-20ml-disposable-e-cigarette\/","name":"RAZZ BAR 16000 bouff\u00e9es | Bulk Wholesale Disposable Vape | 20ml","isPartOf":{"@id":"https:\/\/vapemaison.com\/#website"},"primaryImageOfPage":{"@id":"https:\/\/vapemaison.com\/product\/razz-bar-16000-16k-puffs-20ml-disposable-e-cigarette\/#primaryimage"},"image":{"@id":"https:\/\/vapemaison.com\/product\/razz-bar-16000-16k-puffs-20ml-disposable-e-cigarette\/#primaryimage"},"thumbnailUrl":"https:\/\/vapemaison.com\/wp-content\/uploads\/2026\/01\/razz-bar-16000-puffs-vape-product.jpg","datePublished":"2026-01-08T09:24:19+00:00","dateModified":"2026-01-15T02:28:10+00:00","description":"Vous recherchez la meilleure offre de gros sur RAZZ BAR 16000 Puffs ? Avec un r\u00e9servoir de 20ml, la technologie Mesh Coil, et 12 saveurs premium. Par cons\u00e9quent, nous offrons une livraison rapide dans l'UE et des options de nicotine 2%\/5%. Commandez d\u00e8s aujourd'hui !","breadcrumb":{"@id":"https:\/\/vapemaison.com\/product\/razz-bar-16000-16k-puffs-20ml-disposable-e-cigarette\/#breadcrumb"},"inLanguage":"fr-FR","potentialAction":[{"@type":"ReadAction","target":["https:\/\/vapemaison.com\/product\/razz-bar-16000-16k-puffs-20ml-disposable-e-cigarette\/"]}]},{"@type":"ImageObject","inLanguage":"fr-FR","@id":"https:\/\/vapemaison.com\/product\/razz-bar-16000-16k-puffs-20ml-disposable-e-cigarette\/#primaryimage","url":"https:\/\/vapemaison.com\/wp-content\/uploads\/2026\/01\/razz-bar-16000-puffs-vape-product.jpg","contentUrl":"https:\/\/vapemaison.com\/wp-content\/uploads\/2026\/01\/razz-bar-16000-puffs-vape-product.jpg","width":800,"height":800,"caption":"razz-bar-16000-puffs-vape-product"},{"@type":"BreadcrumbList","@id":"https:\/\/vapemaison.com\/product\/razz-bar-16000-16k-puffs-20ml-disposable-e-cigarette\/#breadcrumb","itemListElement":[{"@type":"ListItem","position":1,"name":"\u9996\u9875","item":"https:\/\/vapemaison.com\/"},{"@type":"ListItem","position":2,"name":"Shop","item":"https:\/\/vapemaison.com\/shop\/"},{"@type":"ListItem","position":3,"name":"Razz Bar","item":"https:\/\/vapemaison.com\/brand\/razz-bar\/"},{"@type":"ListItem","position":4,"name":"Razz Bar 16000 16K Puffs 20ml Disposable E-cigarette"}]},{"@type":"WebSite","@id":"https:\/\/vapemaison.com\/#website","url":"https:\/\/vapemaison.com\/","name":"VapeMaison","description":"Appareils et accessoires de vapotage haut de gamme","publisher":{"@id":"https:\/\/vapemaison.com\/#organization"},"potentialAction":[{"@type":"SearchAction","target":{"@type":"EntryPoint","urlTemplate":"https:\/\/vapemaison.com\/?s={search_term_string}"},"query-input":{"@type":"PropertyValueSpecification","valueRequired":true,"valueName":"search_term_string"}}],"inLanguage":"fr-FR"},{"@type":"Organization","@id":"https:\/\/vapemaison.com\/#organization","name":"VapeMaison","url":"https:\/\/vapemaison.com\/","logo":{"@type":"ImageObject","inLanguage":"fr-FR","@id":"https:\/\/vapemaison.com\/#\/schema\/logo\/image\/","url":"https:\/\/vapemaison.com\/wp-content\/uploads\/2026\/01\/cropped-vapemaison-logo-g-2026.webp","contentUrl":"https:\/\/vapemaison.com\/wp-content\/uploads\/2026\/01\/cropped-vapemaison-logo-g-2026.webp","width":350,"height":280,"caption":"VapeMaison"},"image":{"@id":"https:\/\/vapemaison.com\/#\/schema\/logo\/image\/"},"sameAs":["https:\/\/www.youtube.com\/@VapeMaison"]}]}},"tiered_pricing_type":"fixed","tiered_pricing_fixed_rules":{"100":"9.99","200":"8.75","500":"7.36"},"tiered_pricing_product_settings":{"layout":"default","base_unit_name":{"singular":null,"plural":null},"default_variation":null},"tiered_pricing_minimum_quantity":50,"tiered_pricing_roles_data":[],"tiered_pricing_percentage_rules":[],"tiered_pricing_maximum_quantity":null,"tiered_pricing_quantity_step":"10","_links":{"self":[{"href":"https:\/\/vapemaison.com\/fr\/wp-json\/wp\/v2\/product\/25630","targetHints":{"allow":["GET"]}}],"collection":[{"href":"https:\/\/vapemaison.com\/fr\/wp-json\/wp\/v2\/product"}],"about":[{"href":"https:\/\/vapemaison.com\/fr\/wp-json\/wp\/v2\/types\/product"}],"replies":[{"embeddable":true,"href":"https:\/\/vapemaison.com\/fr\/wp-json\/wp\/v2\/comments?post=25630"}],"version-history":[{"count":4,"href":"https:\/\/vapemaison.com\/fr\/wp-json\/wp\/v2\/product\/25630\/revisions"}],"predecessor-version":[{"id":25747,"href":"https:\/\/vapemaison.com\/fr\/wp-json\/wp\/v2\/product\/25630\/revisions\/25747"}],"wp:featuredmedia":[{"embeddable":true,"href":"https:\/\/vapemaison.com\/fr\/wp-json\/wp\/v2\/media\/25745"}],"wp:attachment":[{"href":"https:\/\/vapemaison.com\/fr\/wp-json\/wp\/v2\/media?parent=25630"}],"wp:term":[{"taxonomy":"product_brand","embeddable":true,"href":"https:\/\/vapemaison.com\/fr\/wp-json\/wp\/v2\/product_brand?post=25630"},{"taxonomy":"product_cat","embeddable":true,"href":"https:\/\/vapemaison.com\/fr\/wp-json\/wp\/v2\/product_cat?post=25630"},{"taxonomy":"product_tag","embeddable":true,"href":"https:\/\/vapemaison.com\/fr\/wp-json\/wp\/v2\/product_tag?post=25630"}],"curies":[{"name":"wp","href":"https:\/\/api.w.org\/{rel}","templated":true}]}}