

{"id":25911,"date":"2026-01-12T11:04:05","date_gmt":"2026-01-12T11:04:05","guid":{"rendered":"https:\/\/vapemaison.com\/?post_type=product&#038;p=25911"},"modified":"2026-04-15T10:43:54","modified_gmt":"2026-04-15T10:43:54","slug":"fihp-multi-120k-puffs-6-en-1-saveurs-rechargeable-led-jetable-vape","status":"publish","type":"product","link":"https:\/\/vapemaison.com\/fr\/product\/fihp-multi-120k-puffs-6-in-1-flavors-rechargeable-led-disposable-vape\/","title":{"rendered":"FIHP MULTI 120K Puffs 6-en-1 Flavors Rechargeable LED Disposable Vape"},"content":{"rendered":"<p>Le <strong>FIHP MULTI 120K<\/strong> est con\u00e7u pour les vapoteurs qui recherchent des performances durables, des ar\u00f4mes polyvalents et des fonctionnalit\u00e9s avanc\u00e9es dans un seul appareil \u00e9l\u00e9gant. Avec jusqu'\u00e0 <strong><a href=\"https:\/\/vapemaison.com\/product-category\/puffs-count\/12k-puffs\/\" type=\"link\" id=\"https:\/\/vapemaison.com\/product-category\/puffs-count\/12k-puffs\/\">120k bouff\u00e9es<\/a><\/strong>, Il offre une exp\u00e9rience de vaporisation ultra-longue sans remplacement fr\u00e9quent. Les <strong>Affichage LED<\/strong> indique clairement l'autonomie de la batterie et l'\u00e9tat d'utilisation, pour que chaque bouff\u00e9e soit douce et satisfaisante.<\/p>\n\n\n\n<p>Passez d'une mani\u00e8re transparente de l'un \u00e0 l'autre <strong>6 saveurs r\u00e9glables<\/strong> pour s'adapter \u00e0 votre humeur \u00e0 tout moment. Les <strong>bobine \u00e0 double maille<\/strong> am\u00e9liore la consistance des ar\u00f4mes et la densit\u00e9 de la vapeur, d\u00e9livrant des saveurs riches, pures et durables \u00e0 chaque aspiration.<\/p>\n\n\n\n<p>Aliment\u00e9 par un <strong>Batterie rechargeable de 650mAh<\/strong> avec <strong>Chargement rapide de type C<\/strong> et une g\u00e9n\u00e9reuse <strong>Capacit\u00e9 de 64mL d'e-liquide<\/strong>, Avec le FIHP MULTI, la saveur se prolonge. Emball\u00e9 <strong>10 pi\u00e8ces par bo\u00eete<\/strong>, Il est parfait pour un usage personnel ou pour la vente en gros. Combinant performance, technologie et style, cette vape \u00e9tablit un nouveau standard pour les appareils rechargeables jetables.<\/p>\n\n\n\n<h2 class=\"wp-block-heading\"><strong>Sp\u00e9cifications des produits<\/strong><\/h2>\n\n\n\n<ul class=\"wp-block-list\">\n<li><strong>Puffs :<\/strong> Jusqu'\u00e0 120 000<\/li>\n\n\n\n<li><strong>Intensit\u00e9 de la nicotine :<\/strong> 2% \/ 5%<\/li>\n\n\n\n<li><strong>Capacit\u00e9 d'e-liquide :<\/strong> 64mL<\/li>\n\n\n\n<li><strong>Saveurs :<\/strong> 6 R\u00e9glable<\/li>\n\n\n\n<li><strong>Type de bobine :<\/strong> Bobine \u00e0 double maille<\/li>\n\n\n\n<li><strong>Batterie :<\/strong> 650mAh Rechargeable<\/li>\n\n\n\n<li><strong>Affichage :<\/strong> LED<\/li>\n\n\n\n<li><strong>Chargement :<\/strong> Chargement rapide de type C<\/li>\n\n\n\n<li><strong>Emballage :<\/strong> 10 pi\u00e8ces\/bo\u00eete<\/li>\n<\/ul>\n\n\n\n<h2 class=\"wp-block-heading\"><strong>Combinaisons de saveurs<\/strong><\/h2>\n\n\n\n<ul class=\"wp-block-list\">\n<li>Past\u00e8que \u00e0 la fraise, glace \u00e0 la past\u00e8que, Red Bull, kiwi \u00e0 la fraise, glace \u00e0 la myrtille, citron vert<\/li>\n\n\n\n<li>P\u00eache au citron, fraise, banane, pomme double, framboise, past\u00e8que, mangue acide, ananas, fruits tropicaux<\/li>\n\n\n\n<li>Coke \u00e0 la fraise et \u00e0 la vanille, ananas et noix de coco, Blue Razz, baies m\u00e9lang\u00e9es, mangue et p\u00eache, myrtille et framboise.<\/li>\n\n\n\n<li>Ourson gommeux, p\u00eache, triple melon, glace au raisin, glace au dragon noir, glace \u00e0 la cerise p\u00e9tillante.<\/li>\n\n\n\n<li>Glace \u00e0 la p\u00eache, bonbons arc-en-ciel, glace au cerisier, Love 666, glace \u00e0 la mangue, barbe \u00e0 papa aux myrtilles<\/li>\n\n\n\n<li>Citron melon d'eau, glace alo\u00e8s-litchi, citron rose, glace glacier, menthe aiguilles de pin, glace cassis<\/li>\n<\/ul>\n\n\n\n<p><\/p>","protected":false},"excerpt":{"rendered":"<p data-start=\"613\" data-end=\"994\">L'exp\u00e9rience de la <strong data-start=\"628\" data-end=\"647\">FIHP MULTI 120K<\/strong>, La vape rechargeable jetable est con\u00e7ue pour un plaisir de longue dur\u00e9e. Passez de l'un \u00e0 l'autre <strong data-start=\"732\" data-end=\"745\">6 saveurs<\/strong>, suivre l'\u00e9tat de la batterie et l'utilisation avec l'application <strong data-start=\"780\" data-end=\"795\">Affichage LED<\/strong>, et profiter d'une vapeur riche et homog\u00e8ne gr\u00e2ce \u00e0 la <strong data-start=\"844\" data-end=\"862\">bobine \u00e0 double maille<\/strong>. Avec <strong data-start=\"869\" data-end=\"886\">64mL d'e-liquide<\/strong> et <strong data-start=\"891\" data-end=\"915\">Chargement rapide de type C<\/strong>, Cette vape offre commodit\u00e9, performance et style dans un seul appareil \u00e9l\u00e9gant.<\/p>","protected":false},"featured_media":25912,"comment_status":"open","ping_status":"closed","template":"","meta":[],"product_brand":[59],"product_cat":[153],"product_tag":[],"class_list":{"0":"post-25911","1":"product","2":"type-product","3":"status-publish","4":"has-post-thumbnail","6":"product_brand-waspe","7":"product_cat-120k-puffs","9":"first","10":"instock","11":"sale","12":"shipping-taxable","13":"purchasable","14":"product-type-variable"},"yoast_head":"<!-- This site is optimized with the Yoast SEO plugin v27.4 - https:\/\/yoast.com\/product\/yoast-seo-wordpress\/ -->\n<title>FIHP MULTI 120K Puffs Rechargeable Disposable Vape<\/title>\n<meta name=\"description\" content=\"Discover the FIHP MULTI 120K disposable vape with up to 120,000 puffs, 6 adjustable flavors, LED display, dual mesh coil, and 650mAh rechargeable battery.\" \/>\n<meta name=\"robots\" content=\"index, follow, max-snippet:-1, max-image-preview:large, max-video-preview:-1\" \/>\n<link rel=\"canonical\" href=\"https:\/\/vapemaison.com\/fr\/produit\/fihp-multi-120k-puffs-6-en-1-saveurs-rechargeable-led-jetable-vape\/\" \/>\n<meta property=\"og:locale\" content=\"fr_FR\" \/>\n<meta property=\"og:type\" content=\"article\" \/>\n<meta property=\"og:title\" content=\"FIHP MULTI 120K Puffs Rechargeable Disposable Vape\" \/>\n<meta property=\"og:description\" content=\"Discover the FIHP MULTI 120K disposable vape with up to 120,000 puffs, 6 adjustable flavors, LED display, dual mesh coil, and 650mAh rechargeable battery.\" \/>\n<meta property=\"og:url\" content=\"https:\/\/vapemaison.com\/fr\/produit\/fihp-multi-120k-puffs-6-en-1-saveurs-rechargeable-led-jetable-vape\/\" \/>\n<meta property=\"og:site_name\" content=\"VapeMaison\" \/>\n<meta property=\"article:modified_time\" content=\"2026-04-15T10:43:54+00:00\" \/>\n<meta property=\"og:image\" content=\"https:\/\/vapemaison.com\/wp-content\/uploads\/2026\/01\/features.jpg.webp\" \/>\n\t<meta property=\"og:image:width\" content=\"800\" \/>\n\t<meta property=\"og:image:height\" content=\"800\" \/>\n\t<meta property=\"og:image:type\" content=\"image\/webp\" \/>\n<meta name=\"twitter:card\" content=\"summary_large_image\" \/>\n<meta name=\"twitter:label1\" content=\"Dur\u00e9e de lecture estim\u00e9e\" \/>\n\t<meta name=\"twitter:data1\" content=\"2 minutes\" \/>\n<!-- \/ Yoast SEO plugin. -->","yoast_head_json":{"title":"FIHP MULTI 120K Puffs Vape jetable rechargeable","description":"D\u00e9couvrez la vape jetable FIHP MULTI 120K avec jusqu'\u00e0 120 000 bouff\u00e9es, 6 saveurs r\u00e9glables, un \u00e9cran LED, une double bobine et une batterie rechargeable de 650mAh.","robots":{"index":"index","follow":"follow","max-snippet":"max-snippet:-1","max-image-preview":"max-image-preview:large","max-video-preview":"max-video-preview:-1"},"canonical":"https:\/\/vapemaison.com\/fr\/produit\/fihp-multi-120k-puffs-6-en-1-saveurs-rechargeable-led-jetable-vape\/","og_locale":"fr_FR","og_type":"article","og_title":"FIHP MULTI 120K Puffs Rechargeable Disposable Vape","og_description":"Discover the FIHP MULTI 120K disposable vape with up to 120,000 puffs, 6 adjustable flavors, LED display, dual mesh coil, and 650mAh rechargeable battery.","og_url":"https:\/\/vapemaison.com\/fr\/produit\/fihp-multi-120k-puffs-6-en-1-saveurs-rechargeable-led-jetable-vape\/","og_site_name":"VapeMaison","article_modified_time":"2026-04-15T10:43:54+00:00","og_image":[{"width":800,"height":800,"url":"https:\/\/vapemaison.com\/wp-content\/uploads\/2026\/01\/features.jpg.webp","type":"image\/webp"}],"twitter_card":"summary_large_image","twitter_misc":{"Dur\u00e9e de lecture estim\u00e9e":"2 minutes"},"schema":{"@context":"https:\/\/schema.org","@graph":[{"@type":"WebPage","@id":"https:\/\/vapemaison.com\/product\/fihp-multi-120k-puffs-6-in-1-flavors-rechargeable-led-disposable-vape\/","url":"https:\/\/vapemaison.com\/product\/fihp-multi-120k-puffs-6-in-1-flavors-rechargeable-led-disposable-vape\/","name":"FIHP MULTI 120K Puffs Vape jetable rechargeable","isPartOf":{"@id":"https:\/\/vapemaison.com\/#website"},"primaryImageOfPage":{"@id":"https:\/\/vapemaison.com\/product\/fihp-multi-120k-puffs-6-in-1-flavors-rechargeable-led-disposable-vape\/#primaryimage"},"image":{"@id":"https:\/\/vapemaison.com\/product\/fihp-multi-120k-puffs-6-in-1-flavors-rechargeable-led-disposable-vape\/#primaryimage"},"thumbnailUrl":"https:\/\/vapemaison.com\/wp-content\/uploads\/2026\/01\/features.jpg.webp","datePublished":"2026-01-12T11:04:05+00:00","dateModified":"2026-04-15T10:43:54+00:00","description":"D\u00e9couvrez la vape jetable FIHP MULTI 120K avec jusqu'\u00e0 120 000 bouff\u00e9es, 6 saveurs r\u00e9glables, un \u00e9cran LED, une double bobine et une batterie rechargeable de 650mAh.","breadcrumb":{"@id":"https:\/\/vapemaison.com\/product\/fihp-multi-120k-puffs-6-in-1-flavors-rechargeable-led-disposable-vape\/#breadcrumb"},"inLanguage":"fr-FR","potentialAction":[{"@type":"ReadAction","target":["https:\/\/vapemaison.com\/product\/fihp-multi-120k-puffs-6-in-1-flavors-rechargeable-led-disposable-vape\/"]}]},{"@type":"ImageObject","inLanguage":"fr-FR","@id":"https:\/\/vapemaison.com\/product\/fihp-multi-120k-puffs-6-in-1-flavors-rechargeable-led-disposable-vape\/#primaryimage","url":"https:\/\/vapemaison.com\/wp-content\/uploads\/2026\/01\/features.jpg.webp","contentUrl":"https:\/\/vapemaison.com\/wp-content\/uploads\/2026\/01\/features.jpg.webp","width":800,"height":800,"caption":"Features.jpg Disposable Vape Device"},{"@type":"BreadcrumbList","@id":"https:\/\/vapemaison.com\/product\/fihp-multi-120k-puffs-6-in-1-flavors-rechargeable-led-disposable-vape\/#breadcrumb","itemListElement":[{"@type":"ListItem","position":1,"name":"\u9996\u9875","item":"https:\/\/vapemaison.com\/"},{"@type":"ListItem","position":2,"name":"Shop","item":"https:\/\/vapemaison.com\/shop\/"},{"@type":"ListItem","position":3,"name":"Waspe","item":"https:\/\/vapemaison.com\/brand\/waspe\/"},{"@type":"ListItem","position":4,"name":"FIHP MULTI 120K Puffs 6-in-1 Flavors Rechargeable LED Disposable Vape"}]},{"@type":"WebSite","@id":"https:\/\/vapemaison.com\/#website","url":"https:\/\/vapemaison.com\/","name":"VapeMaison","description":"Appareils et accessoires de vapotage haut de gamme","publisher":{"@id":"https:\/\/vapemaison.com\/#organization"},"potentialAction":[{"@type":"SearchAction","target":{"@type":"EntryPoint","urlTemplate":"https:\/\/vapemaison.com\/?s={search_term_string}"},"query-input":{"@type":"PropertyValueSpecification","valueRequired":true,"valueName":"search_term_string"}}],"inLanguage":"fr-FR"},{"@type":"Organization","@id":"https:\/\/vapemaison.com\/#organization","name":"VapeMaison","url":"https:\/\/vapemaison.com\/","logo":{"@type":"ImageObject","inLanguage":"fr-FR","@id":"https:\/\/vapemaison.com\/#\/schema\/logo\/image\/","url":"https:\/\/vapemaison.com\/wp-content\/uploads\/2026\/01\/cropped-vapemaison-logo-g-2026.webp","contentUrl":"https:\/\/vapemaison.com\/wp-content\/uploads\/2026\/01\/cropped-vapemaison-logo-g-2026.webp","width":350,"height":280,"caption":"VapeMaison"},"image":{"@id":"https:\/\/vapemaison.com\/#\/schema\/logo\/image\/"},"sameAs":["https:\/\/www.youtube.com\/@VapeMaison"]}]}},"tiered_pricing_type":"fixed","tiered_pricing_fixed_rules":{"30":"10.56","50":"9.99","100":"9.12","200":"8.37"},"tiered_pricing_product_settings":{"layout":"default","base_unit_name":{"singular":null,"plural":null},"default_variation":null},"tiered_pricing_minimum_quantity":10,"tiered_pricing_roles_data":[],"tiered_pricing_percentage_rules":[],"tiered_pricing_maximum_quantity":null,"tiered_pricing_quantity_step":"10","_links":{"self":[{"href":"https:\/\/vapemaison.com\/fr\/wp-json\/wp\/v2\/product\/25911","targetHints":{"allow":["GET"]}}],"collection":[{"href":"https:\/\/vapemaison.com\/fr\/wp-json\/wp\/v2\/product"}],"about":[{"href":"https:\/\/vapemaison.com\/fr\/wp-json\/wp\/v2\/types\/product"}],"replies":[{"embeddable":true,"href":"https:\/\/vapemaison.com\/fr\/wp-json\/wp\/v2\/comments?post=25911"}],"version-history":[{"count":3,"href":"https:\/\/vapemaison.com\/fr\/wp-json\/wp\/v2\/product\/25911\/revisions"}],"predecessor-version":[{"id":29460,"href":"https:\/\/vapemaison.com\/fr\/wp-json\/wp\/v2\/product\/25911\/revisions\/29460"}],"wp:featuredmedia":[{"embeddable":true,"href":"https:\/\/vapemaison.com\/fr\/wp-json\/wp\/v2\/media\/25912"}],"wp:attachment":[{"href":"https:\/\/vapemaison.com\/fr\/wp-json\/wp\/v2\/media?parent=25911"}],"wp:term":[{"taxonomy":"product_brand","embeddable":true,"href":"https:\/\/vapemaison.com\/fr\/wp-json\/wp\/v2\/product_brand?post=25911"},{"taxonomy":"product_cat","embeddable":true,"href":"https:\/\/vapemaison.com\/fr\/wp-json\/wp\/v2\/product_cat?post=25911"},{"taxonomy":"product_tag","embeddable":true,"href":"https:\/\/vapemaison.com\/fr\/wp-json\/wp\/v2\/product_tag?post=25911"}],"curies":[{"name":"wp","href":"https:\/\/api.w.org\/{rel}","templated":true}]}}