

{"id":26265,"date":"2026-01-23T09:20:07","date_gmt":"2026-01-23T09:20:07","guid":{"rendered":"https:\/\/vapemaison.com\/?post_type=product&#038;p=26265"},"modified":"2026-04-11T06:41:14","modified_gmt":"2026-04-11T06:41:14","slug":"airmez-fox-120k-puffs-4-in-1-flavors-disposable-vape-eu-warehouse","status":"publish","type":"product","link":"https:\/\/vapemaison.com\/fr\/product\/airmez-fox-120k-puffs-4-in-1-flavors-disposable-vape-eu-warehouse\/","title":{"rendered":"Airmez Fox 120K Puffs 4 in 1 Flavors Vape jetable EU Warehouse"},"content":{"rendered":"<p>Faites l'exp\u00e9rience d'une performance de vapotage in\u00e9gal\u00e9e avec le <strong>Airmez Fox 120K Puffs<\/strong>, Cette vape rechargeable jetable innovante est con\u00e7ue pour une utilisation de longue dur\u00e9e et une d\u00e9gustation d'ar\u00f4mes personnalisable. Cette vape jetable rechargeable innovante propose quatre modes de saveurs r\u00e9glables, vous permettant de changer de saveurs sans effort et de profiter d'une exp\u00e9rience de vapotage sur mesure.<\/p>\n\n\n\n<p>\u00c9quip\u00e9 d'un <strong>syst\u00e8me e-liquide de grande capacit\u00e9<\/strong> et un <strong>serpentin \u00e0 mailles \u00e0 haut rendement<\/strong>, L'Airmez Fox produit une vapeur riche et douce avec des nuages denses. Ses <strong>Batterie rechargeable de 850mAh<\/strong> garantit une utilisation prolong\u00e9e, tandis que la <strong>Affichage LED<\/strong> fournit des informations en temps r\u00e9el sur la dur\u00e9e de vie de la batterie et l'\u00e9tat de la vaporisation. Avec <strong>Chargement rapide par USB Type-C<\/strong> et un emballage pratique, cet appareil est id\u00e9al pour les utilisateurs qui recherchent une combinaison de puissance, de vari\u00e9t\u00e9 de saveurs et de design moderne.<\/p>\n\n\n\n<h3 class=\"wp-block-heading\">Sp\u00e9cifications<\/h3>\n\n\n\n<figure class=\"wp-block-table is-style-stripes\"><table class=\"has-fixed-layout\"><thead><tr><th>Fonctionnalit\u00e9<\/th><th>Description<\/th><\/tr><\/thead><tbody><tr><td>Nombre de bouff\u00e9es<\/td><td>120 000 bouff\u00e9es<\/td><\/tr><tr><td>Capacit\u00e9 en e-liquide<\/td><td>15ml \u00d7 4 r\u00e9servoirs<\/td><\/tr><tr><td>Modes d'ar\u00f4mes<\/td><td>4 modes d'ar\u00f4mes r\u00e9glables<\/td><\/tr><tr><td>Type de bobine<\/td><td>Bobine \u00e0 mailles de 1,0\u03a9<\/td><\/tr><tr><td>Batterie<\/td><td>850mAh rechargeable<\/td><\/tr><tr><td>Affichage<\/td><td>\u00c9cran LED pour la batterie et l'\u00e9tat<\/td><\/tr><tr><td>Chargement<\/td><td>Chargement rapide USB Type-C<\/td><\/tr><tr><td>Emballage<\/td><td>10 pi\u00e8ces par paquet<\/td><\/tr><tr><td>Saveurs disponibles<\/td><td>Plus de 40 saveurs dans de multiples combinaisons<\/td><\/tr><\/tbody><\/table><\/figure>\n\n\n\n<h2 class=\"wp-block-heading\">Saveur<\/h2>\n\n\n\n<ol class=\"wp-block-list\">\n<li>Fraise framboise &amp; fraise kiwi &amp; fraise glace &amp; p\u00eache mangue past\u00e8que<\/li>\n\n\n\n<li>Past\u00e8que glac\u00e9e et fraise Past\u00e8que et framboise Past\u00e8que et myrtille framboise<\/li>\n\n\n\n<li>Limonade rose &amp; Baiser de la passion &amp; Baies m\u00e9lang\u00e9es &amp; Triple baie<\/li>\n\n\n\n<li>Cherry &amp; Love 66 &amp; Berry Lemonade &amp; Grape Ice<\/li>\n\n\n\n<li>Mangue-p\u00eache &amp; fruits tropicaux &amp; p\u00eache glac\u00e9e &amp; mangue-ananas acidul\u00e9e<\/li>\n\n\n\n<li>Grape Ice &amp; Love 66 &amp; Blueberry On Ice &amp; Dragonfruit Ice<\/li>\n\n\n\n<li>Love 66 &amp; Cherry &amp; Blueberry On Ice &amp; Kiwi Passion Fruit Guava<\/li>\n\n\n\n<li>Glace p\u00eache &amp; Limonade rose &amp; Glace past\u00e8que &amp; Dr Blue<\/li>\n\n\n\n<li>Mojito rouge &amp; Love 66 &amp; Baies m\u00e9lang\u00e9es &amp; Past\u00e8que fraise<\/li>\n\n\n\n<li>P\u00eache Mangue Past\u00e8que &amp; Myrtille Cerise &amp; Past\u00e8que Fruit du Dragon &amp; Baiser de la Passion<\/li>\n<\/ol>\n\n\n\n<p>Si vous souhaitez explorer d'autres options que la <strong>AiRMEZ FOX 120K<\/strong>, Il y a bien d'autres choses \u00e0 d\u00e9couvrir. Vous pouvez consulter notre <strong><a href=\"https:\/\/vapemaison.com\/shop\/\" type=\"link\" id=\"https:\/\/vapemaison.com\/shop\/\">Collection de la boutique<\/a><\/strong> pour trouver une large gamme de vapes jetables de haute performance avec diff\u00e9rents nombres de bouff\u00e9es, caract\u00e9ristiques et profils d'ar\u00f4mes pour r\u00e9pondre \u00e0 vos pr\u00e9f\u00e9rences.<\/p>\n\n\n\n<p>Si vous aimez le design et l'innovation de cet appareil, nous vous recommandons de d\u00e9couvrir d'autres produits de la marque <strong><a href=\"https:\/\/vapemaison.com\/brand\/airmez\/\" type=\"link\" id=\"https:\/\/vapemaison.com\/brand\/airmez\/\">Gamme Airmez<\/a><\/strong>, o\u00f9 vous trouverez des mod\u00e8les tout aussi avanc\u00e9s, dot\u00e9s de caract\u00e9ristiques uniques et d'une qualit\u00e9 de fabrication sup\u00e9rieure.<\/p>\n\n\n\n<p>Pour ceux qui s'int\u00e9ressent plus particuli\u00e8rement aux appareils \u00e0 longue dur\u00e9e de vie, ne manquez pas notre s\u00e9lection de <strong><a href=\"https:\/\/vapemaison.com\/product-category\/puffs-count\/120k-puffs\/\" type=\"link\" id=\"https:\/\/vapemaison.com\/product-category\/puffs-count\/120k-puffs\/\">120K Puffs<\/a><\/strong> les vapes jetables. Ces options offrent une utilisation prolong\u00e9e, un ar\u00f4me riche et une excellente valeur pour les utilisateurs qui souhaitent moins de remplacements sans compromettre les performances.<\/p>\n\n\n\n<p>D\u00e9couvrez-en plus et trouvez la vape parfaite qui correspond \u00e0 votre style et \u00e0 vos besoins.<\/p>","protected":false},"excerpt":{"rendered":"<p>Experience unparalleled vaping performance with the Airmez Fox 120K Puffs, designed for long-lasting use and customizable flavor enjoyment. This innovative rechargeable disposable vape features four adjustable flavor modes, allowing you to switch flavors effortlessly and enjoy a tailored vaping experience. Equipped with a large-capacity e-liquid system and a high-efficiency mesh coil, the Airmez Fox produces [&hellip;]<\/p>\n","protected":false},"featured_media":26307,"comment_status":"open","ping_status":"closed","template":"","meta":[],"product_brand":[314],"product_cat":[153],"product_tag":[],"class_list":{"0":"post-26265","1":"product","2":"type-product","3":"status-publish","4":"has-post-thumbnail","6":"product_brand-airmez","7":"product_cat-120k-puffs","9":"first","10":"instock","11":"sale","12":"shipping-taxable","13":"purchasable","14":"product-type-variable"},"yoast_head":"<!-- This site is optimized with the Yoast SEO plugin v27.4 - https:\/\/yoast.com\/product\/yoast-seo-wordpress\/ -->\n<title>Airmez Fox 120K Puffs \u2013 Rechargeable Disposable Vape 4 Flavors<\/title>\n<meta name=\"description\" content=\"Airmez Fox 120K Puffs features 4 adjustable flavors, 120,000 puffs, 15ml\u00d74 tanks, 850mAh rechargeable battery &amp; USB-C charging for smooth vaping.\" \/>\n<meta name=\"robots\" content=\"index, follow, max-snippet:-1, max-image-preview:large, max-video-preview:-1\" \/>\n<link rel=\"canonical\" href=\"https:\/\/vapemaison.com\/fr\/produit\/airmez-fox-120k-puffs-4-in-1-flavors-disposable-vape-eu-warehouse\/\" \/>\n<meta property=\"og:locale\" content=\"fr_FR\" \/>\n<meta property=\"og:type\" content=\"article\" \/>\n<meta property=\"og:title\" content=\"Airmez Fox 120K Puffs \u2013 Rechargeable Disposable Vape 4 Flavors\" \/>\n<meta property=\"og:description\" content=\"Airmez Fox 120K Puffs features 4 adjustable flavors, 120,000 puffs, 15ml\u00d74 tanks, 850mAh rechargeable battery &amp; USB-C charging for smooth vaping.\" \/>\n<meta property=\"og:url\" content=\"https:\/\/vapemaison.com\/fr\/produit\/airmez-fox-120k-puffs-4-in-1-flavors-disposable-vape-eu-warehouse\/\" \/>\n<meta property=\"og:site_name\" content=\"VapeMaison\" \/>\n<meta property=\"article:modified_time\" content=\"2026-04-11T06:41:14+00:00\" \/>\n<meta property=\"og:image\" content=\"https:\/\/vapemaison.com\/wp-content\/uploads\/2026\/01\/airmez-fox-120000-puffs-7.webp\" \/>\n\t<meta property=\"og:image:width\" content=\"805\" \/>\n\t<meta property=\"og:image:height\" content=\"805\" \/>\n\t<meta property=\"og:image:type\" content=\"image\/webp\" \/>\n<meta name=\"twitter:card\" content=\"summary_large_image\" \/>\n<meta name=\"twitter:label1\" content=\"Dur\u00e9e de lecture estim\u00e9e\" \/>\n\t<meta name=\"twitter:data1\" content=\"2 minutes\" \/>\n<!-- \/ Yoast SEO plugin. -->","yoast_head_json":{"title":"Airmez Fox 120K Puffs - Vapeur jetable rechargeable 4 saveurs","description":"Airmez Fox 120K Puffs propose 4 saveurs r\u00e9glables, 120 000 bouff\u00e9es, des r\u00e9servoirs de 15ml\u00d74, une batterie rechargeable de 850mAh et un chargement USB-C pour un vapotage en douceur.","robots":{"index":"index","follow":"follow","max-snippet":"max-snippet:-1","max-image-preview":"max-image-preview:large","max-video-preview":"max-video-preview:-1"},"canonical":"https:\/\/vapemaison.com\/fr\/produit\/airmez-fox-120k-puffs-4-in-1-flavors-disposable-vape-eu-warehouse\/","og_locale":"fr_FR","og_type":"article","og_title":"Airmez Fox 120K Puffs \u2013 Rechargeable Disposable Vape 4 Flavors","og_description":"Airmez Fox 120K Puffs features 4 adjustable flavors, 120,000 puffs, 15ml\u00d74 tanks, 850mAh rechargeable battery & USB-C charging for smooth vaping.","og_url":"https:\/\/vapemaison.com\/fr\/produit\/airmez-fox-120k-puffs-4-in-1-flavors-disposable-vape-eu-warehouse\/","og_site_name":"VapeMaison","article_modified_time":"2026-04-11T06:41:14+00:00","og_image":[{"width":805,"height":805,"url":"https:\/\/vapemaison.com\/wp-content\/uploads\/2026\/01\/airmez-fox-120000-puffs-7.webp","type":"image\/webp"}],"twitter_card":"summary_large_image","twitter_misc":{"Dur\u00e9e de lecture estim\u00e9e":"2 minutes"},"schema":{"@context":"https:\/\/schema.org","@graph":[{"@type":"WebPage","@id":"https:\/\/vapemaison.com\/product\/airmez-fox-120k-puffs-4-in-1-flavors-disposable-vape-eu-warehouse\/","url":"https:\/\/vapemaison.com\/product\/airmez-fox-120k-puffs-4-in-1-flavors-disposable-vape-eu-warehouse\/","name":"Airmez Fox 120K Puffs - Vapeur jetable rechargeable 4 saveurs","isPartOf":{"@id":"https:\/\/vapemaison.com\/#website"},"primaryImageOfPage":{"@id":"https:\/\/vapemaison.com\/product\/airmez-fox-120k-puffs-4-in-1-flavors-disposable-vape-eu-warehouse\/#primaryimage"},"image":{"@id":"https:\/\/vapemaison.com\/product\/airmez-fox-120k-puffs-4-in-1-flavors-disposable-vape-eu-warehouse\/#primaryimage"},"thumbnailUrl":"https:\/\/vapemaison.com\/wp-content\/uploads\/2026\/01\/airmez-fox-120000-puffs-7.webp","datePublished":"2026-01-23T09:20:07+00:00","dateModified":"2026-04-11T06:41:14+00:00","description":"Airmez Fox 120K Puffs propose 4 saveurs r\u00e9glables, 120 000 bouff\u00e9es, des r\u00e9servoirs de 15ml\u00d74, une batterie rechargeable de 850mAh et un chargement USB-C pour un vapotage en douceur.","breadcrumb":{"@id":"https:\/\/vapemaison.com\/product\/airmez-fox-120k-puffs-4-in-1-flavors-disposable-vape-eu-warehouse\/#breadcrumb"},"inLanguage":"fr-FR","potentialAction":[{"@type":"ReadAction","target":["https:\/\/vapemaison.com\/product\/airmez-fox-120k-puffs-4-in-1-flavors-disposable-vape-eu-warehouse\/"]}]},{"@type":"ImageObject","inLanguage":"fr-FR","@id":"https:\/\/vapemaison.com\/product\/airmez-fox-120k-puffs-4-in-1-flavors-disposable-vape-eu-warehouse\/#primaryimage","url":"https:\/\/vapemaison.com\/wp-content\/uploads\/2026\/01\/airmez-fox-120000-puffs-7.webp","contentUrl":"https:\/\/vapemaison.com\/wp-content\/uploads\/2026\/01\/airmez-fox-120000-puffs-7.webp","width":805,"height":805,"caption":"Airmez Fox Puffs Disposable Vape Device detail"},{"@type":"BreadcrumbList","@id":"https:\/\/vapemaison.com\/product\/airmez-fox-120k-puffs-4-in-1-flavors-disposable-vape-eu-warehouse\/#breadcrumb","itemListElement":[{"@type":"ListItem","position":1,"name":"\u9996\u9875","item":"https:\/\/vapemaison.com\/"},{"@type":"ListItem","position":2,"name":"Shop","item":"https:\/\/vapemaison.com\/shop\/"},{"@type":"ListItem","position":3,"name":"Airmez","item":"https:\/\/vapemaison.com\/brand\/airmez\/"},{"@type":"ListItem","position":4,"name":"Airmez Fox 120K Puffs 4 in 1 Flavors Disposable Vape EU Warehouse"}]},{"@type":"WebSite","@id":"https:\/\/vapemaison.com\/#website","url":"https:\/\/vapemaison.com\/","name":"VapeMaison","description":"Appareils et accessoires de vapotage haut de gamme","publisher":{"@id":"https:\/\/vapemaison.com\/#organization"},"potentialAction":[{"@type":"SearchAction","target":{"@type":"EntryPoint","urlTemplate":"https:\/\/vapemaison.com\/?s={search_term_string}"},"query-input":{"@type":"PropertyValueSpecification","valueRequired":true,"valueName":"search_term_string"}}],"inLanguage":"fr-FR"},{"@type":"Organization","@id":"https:\/\/vapemaison.com\/#organization","name":"VapeMaison","url":"https:\/\/vapemaison.com\/","logo":{"@type":"ImageObject","inLanguage":"fr-FR","@id":"https:\/\/vapemaison.com\/#\/schema\/logo\/image\/","url":"https:\/\/vapemaison.com\/wp-content\/uploads\/2026\/01\/cropped-vapemaison-logo-g-2026.webp","contentUrl":"https:\/\/vapemaison.com\/wp-content\/uploads\/2026\/01\/cropped-vapemaison-logo-g-2026.webp","width":350,"height":280,"caption":"VapeMaison"},"image":{"@id":"https:\/\/vapemaison.com\/#\/schema\/logo\/image\/"},"sameAs":["https:\/\/www.youtube.com\/@VapeMaison"]}]}},"tiered_pricing_type":"fixed","tiered_pricing_fixed_rules":{"30":"11.73","50":"11.12","100":"10.65","200":"9.99"},"tiered_pricing_product_settings":{"layout":"default","base_unit_name":{"singular":null,"plural":null},"default_variation":null},"tiered_pricing_minimum_quantity":10,"tiered_pricing_roles_data":[],"tiered_pricing_percentage_rules":[],"tiered_pricing_maximum_quantity":null,"tiered_pricing_quantity_step":"10","_links":{"self":[{"href":"https:\/\/vapemaison.com\/fr\/wp-json\/wp\/v2\/product\/26265","targetHints":{"allow":["GET"]}}],"collection":[{"href":"https:\/\/vapemaison.com\/fr\/wp-json\/wp\/v2\/product"}],"about":[{"href":"https:\/\/vapemaison.com\/fr\/wp-json\/wp\/v2\/types\/product"}],"replies":[{"embeddable":true,"href":"https:\/\/vapemaison.com\/fr\/wp-json\/wp\/v2\/comments?post=26265"}],"version-history":[{"count":3,"href":"https:\/\/vapemaison.com\/fr\/wp-json\/wp\/v2\/product\/26265\/revisions"}],"predecessor-version":[{"id":29283,"href":"https:\/\/vapemaison.com\/fr\/wp-json\/wp\/v2\/product\/26265\/revisions\/29283"}],"wp:featuredmedia":[{"embeddable":true,"href":"https:\/\/vapemaison.com\/fr\/wp-json\/wp\/v2\/media\/26307"}],"wp:attachment":[{"href":"https:\/\/vapemaison.com\/fr\/wp-json\/wp\/v2\/media?parent=26265"}],"wp:term":[{"taxonomy":"product_brand","embeddable":true,"href":"https:\/\/vapemaison.com\/fr\/wp-json\/wp\/v2\/product_brand?post=26265"},{"taxonomy":"product_cat","embeddable":true,"href":"https:\/\/vapemaison.com\/fr\/wp-json\/wp\/v2\/product_cat?post=26265"},{"taxonomy":"product_tag","embeddable":true,"href":"https:\/\/vapemaison.com\/fr\/wp-json\/wp\/v2\/product_tag?post=26265"}],"curies":[{"name":"wp","href":"https:\/\/api.w.org\/{rel}","templated":true}]}}