

{"id":26314,"date":"2026-01-26T08:14:17","date_gmt":"2026-01-26T08:14:17","guid":{"rendered":"https:\/\/vapemaison.com\/?post_type=product&#038;p=26314"},"modified":"2026-04-11T06:41:29","modified_gmt":"2026-04-11T06:41:29","slug":"airmez-fox-6-en-1-140k","status":"publish","type":"product","link":"https:\/\/vapemaison.com\/fr\/product\/airmez-fox-6-in-1-140k\/","title":{"rendered":"Airmez FOX 6 EN 1 140K\u00a0"},"content":{"rendered":"<p>Le <strong>Airmez FOX 6 IN 1<\/strong> est con\u00e7u pour les utilisateurs qui recherchent la vari\u00e9t\u00e9, la coh\u00e9rence et la performance durable dans un seul dispositif jetable. Dot\u00e9 d'un <strong>Syst\u00e8me d'ar\u00f4mes 6 en 1<\/strong>, Avec un e-liquide de haute capacit\u00e9 et un coil mesh fiable, il d\u00e9livre une vapeur douce et une saveur riche de la premi\u00e8re \u00e0 la derni\u00e8re bouff\u00e9e.<\/p>\n\n\n\n<p>Avec son design moderne, sa batterie rechargeable Type-C et ses combinaisons de saveurs soigneusement s\u00e9lectionn\u00e9es, le FOX 6 IN 1 est id\u00e9al pour la vente au d\u00e9tail et la distribution en gros.<\/p>\n\n\n\n<h2 class=\"wp-block-heading\">Caract\u00e9ristiques principales<\/h2>\n\n\n\n<figure class=\"wp-block-table is-style-stripes\"><table class=\"has-cyan-bluish-gray-background-color has-background has-fixed-layout\"><thead><tr><th>Fonctionnalit\u00e9<\/th><th>Description<\/th><\/tr><\/thead><tbody><tr><td>Syst\u00e8me d'ar\u00f4mes 6-IN-1<\/td><td>Un seul appareil offre six saveurs diff\u00e9rentes pour une plus grande vari\u00e9t\u00e9 et un plaisir prolong\u00e9.<\/td><\/tr><tr><td>15ml \u00d7 3 Capacit\u00e9 E-Liquide<\/td><td>La grande capacit\u00e9 totale garantit une utilisation prolong\u00e9e avec moins de remplacements.<\/td><\/tr><tr><td>Bobine en maille avanc\u00e9e<\/td><td>Chauffage homog\u00e8ne, clart\u00e9 des ar\u00f4mes et production de vapeur plus douce.<\/td><\/tr><tr><td>Batterie rechargeable 650mAh<\/td><td>Sortie d'\u00e9nergie stable avec charge de type C pratique<\/td><\/tr><tr><td>Conception compacte et conviviale<\/td><td>Aucun bouton ni r\u00e9glage n'est n\u00e9cessaire - il suffit d'inhaler pour activer le produit.<\/td><\/tr><\/tbody><\/table><\/figure>\n\n\n\n<h2 class=\"wp-block-heading\">Sp\u00e9cifications techniques<\/h2>\n\n\n\n<figure class=\"wp-block-table is-style-stripes\"><table class=\"has-cyan-bluish-gray-background-color has-background has-fixed-layout\"><thead><tr><th>Sp\u00e9cifications<\/th><th>D\u00e9tails<\/th><\/tr><\/thead><tbody><tr><td>Nom du produit<\/td><td>Airmez FOX 6 IN 1<\/td><\/tr><tr><td>Capacit\u00e9 en e-liquide<\/td><td>15ml \u00d7 3<\/td><\/tr><tr><td>Type de bobine<\/td><td>Bobine de maille<\/td><\/tr><tr><td>Capacit\u00e9 de la batterie<\/td><td>650mAh<\/td><\/tr><tr><td>Port de charge<\/td><td>Type-C<\/td><\/tr><tr><td>Fonctionnement<\/td><td>Dessin activ\u00e9<\/td><\/tr><tr><td>Syst\u00e8me d'ar\u00f4mes<\/td><td>6 en 1<\/td><\/tr><tr><td>Type d'appareil<\/td><td>Rechargeable Jetable<\/td><\/tr><\/tbody><\/table><\/figure>\n\n\n\n<h3 class=\"wp-block-heading\">Options de saveurs<\/h3>\n\n\n\n<p>Chaque version comprend <strong>6 saveurs soigneusement assorties<\/strong> pour s'adapter aux diff\u00e9rentes pr\u00e9f\u00e9rences :<\/p>\n\n\n\n<ol class=\"wp-block-list\">\n<li><strong>LOVE 66 \/ Berry Lemonade \/ Fizzy Cherry<\/strong><\/li>\n\n\n\n<li><strong>Baies m\u00e9lang\u00e9es \/ Blue Razz Lemonade \/ Cherry Berry<\/strong><\/li>\n\n\n\n<li><strong>Dragonfruit Ice \/ Fruity Fusion \/ Framboise Past\u00e8que<\/strong><\/li>\n\n\n\n<li><strong>Cerise \/ glace au cola \/ glace \u00e0 la mangue<\/strong><\/li>\n\n\n\n<li><strong>P\u00eache glac\u00e9e \/ Mangue glac\u00e9e \/ Dr Blue<\/strong><\/li>\n\n\n\n<li><strong>Fraise Banane \/ Vimto \/ Myrtille Cerise Canneberge<\/strong><\/li>\n\n\n\n<li><strong>Glace \u00e0 la fraise \/ Limonade rose \/ Bingo Crush<\/strong><\/li>\n\n\n\n<li><strong>LOVE 66 \/ Fraise Kiwi \/ P\u00eache Mangue<\/strong><\/li>\n\n\n\n<li><strong>Past\u00e8que \u00e0 la fraise \/ Triple melon \/ Blue Razz Ice<\/strong><\/li>\n\n\n\n<li><strong>Past\u00e8que glac\u00e9e \/ Bingo Crush \/ Baies m\u00e9lang\u00e9es<\/strong><\/li>\n<\/ol>\n\n\n\n<h3 class=\"wp-block-heading\">D\u00e9tails de l'emballage<\/h3>\n\n\n\n<ul class=\"wp-block-list\">\n<li><strong>10 pi\u00e8ces par bo\u00eete de pr\u00e9sentation<\/strong><\/li>\n\n\n\n<li><strong>100 pi\u00e8ces par carton<\/strong><\/li>\n\n\n\n<li>Con\u00e7us pour une pr\u00e9sentation facile en rayon et une exp\u00e9dition en vrac efficace<\/li>\n<\/ul>\n\n\n\n<h3 class=\"wp-block-heading\">Pourquoi choisir Airmez FOX 6 IN 1 ?<\/h3>\n\n\n\n<ul class=\"wp-block-list\">\n<li>La pr\u00e9sence de plusieurs saveurs dans un seul appareil augmente la fid\u00e9lisation des utilisateurs<\/li>\n\n\n\n<li>La technologie de la bobine en maille garantit un go\u00fbt homog\u00e8ne<\/li>\n\n\n\n<li>La grande capacit\u00e9 d'e-liquide r\u00e9duit la fr\u00e9quence de remplacement<\/li>\n\n\n\n<li>Id\u00e9al pour les magasins de d\u00e9tail, les distributeurs et les grossistes<\/li>\n<\/ul>\n\n\n\n<p>Si vous souhaitez explorer d'autres options que la <strong>AiRMEZ 140K<\/strong>, Il y a bien d'autres choses \u00e0 d\u00e9couvrir. Vous pouvez consulter notre <strong><a href=\"https:\/\/vapemaison.com\/shop\/\" type=\"link\" id=\"https:\/\/vapemaison.com\/shop\/\">Collection de la boutique<\/a><\/strong> pour trouver une large gamme de vapes jetables de haute performance avec diff\u00e9rents nombres de bouff\u00e9es, caract\u00e9ristiques et profils d'ar\u00f4mes pour r\u00e9pondre \u00e0 vos pr\u00e9f\u00e9rences.<\/p>\n\n\n\n<p>Si vous aimez le design et l'innovation de cet appareil, nous vous recommandons de d\u00e9couvrir d'autres produits de la marque <strong><a href=\"https:\/\/vapemaison.com\/brand\/airmez\/\" type=\"link\" id=\"https:\/\/vapemaison.com\/brand\/airmez\/\">Gamme Airmez<\/a><\/strong>, o\u00f9 vous trouverez des mod\u00e8les tout aussi avanc\u00e9s, dot\u00e9s de caract\u00e9ristiques uniques et d'une qualit\u00e9 de fabrication sup\u00e9rieure.<\/p>\n\n\n\n<p>Pour ceux qui s'int\u00e9ressent plus particuli\u00e8rement aux appareils \u00e0 longue dur\u00e9e de vie, ne manquez pas notre s\u00e9lection de <strong><a href=\"https:\/\/vapemaison.com\/product-category\/puffs-count\/140k-puffs\/\" type=\"link\" id=\"https:\/\/vapemaison.com\/product-category\/puffs-count\/140k-puffs\/\">140K Puffs<\/a><\/strong> les vapes jetables. Ces options offrent une utilisation prolong\u00e9e, un ar\u00f4me riche et une excellente valeur pour les utilisateurs qui souhaitent moins de remplacements sans compromettre les performances.<\/p>\n\n\n\n<p>D\u00e9couvrez-en plus et trouvez la vape parfaite qui correspond \u00e0 votre style et \u00e0 vos besoins.<\/p>","protected":false},"excerpt":{"rendered":"<p>The Airmez FOX 6 IN 1 is designed for users who want variety, consistency, and long-lasting performance in a single disposable device. Featuring a 6-in-1 flavor system, high-capacity e-liquid, and a reliable mesh coil, it delivers smooth vapor and rich flavor from the first puff to the last. With a modern design, Type-C rechargeable battery, [&hellip;]<\/p>\n","protected":false},"featured_media":26323,"comment_status":"open","ping_status":"closed","template":"","meta":[],"product_brand":[314],"product_cat":[16],"product_tag":[],"class_list":{"0":"post-26314","1":"product","2":"type-product","3":"status-publish","4":"has-post-thumbnail","6":"product_brand-airmez","7":"product_cat-uncategorized","9":"first","10":"instock","11":"sale","12":"shipping-taxable","13":"purchasable","14":"product-type-variable"},"yoast_head":"<!-- This site is optimized with the Yoast SEO plugin v27.4 - https:\/\/yoast.com\/product\/yoast-seo-wordpress\/ -->\n<title>Airmez FOX 6 IN 1 Disposable Vape | 6-Flavor System<\/title>\n<meta name=\"description\" content=\"Discover Airmez FOX 6 IN 1 disposable vape featuring a 6-in-1 flavor system, 15ml\u00d73 e-liquid capacity, mesh coil. Ideal for retail and wholesale.\" \/>\n<meta name=\"robots\" content=\"index, follow, max-snippet:-1, max-image-preview:large, max-video-preview:-1\" \/>\n<link rel=\"canonical\" href=\"https:\/\/vapemaison.com\/fr\/produit\/airmez-fox-6-en-1-140k\/\" \/>\n<meta property=\"og:locale\" content=\"fr_FR\" \/>\n<meta property=\"og:type\" content=\"article\" \/>\n<meta property=\"og:title\" content=\"Airmez FOX 6 IN 1 Disposable Vape | 6-Flavor System\" \/>\n<meta property=\"og:description\" content=\"Discover Airmez FOX 6 IN 1 disposable vape featuring a 6-in-1 flavor system, 15ml\u00d73 e-liquid capacity, mesh coil. Ideal for retail and wholesale.\" \/>\n<meta property=\"og:url\" content=\"https:\/\/vapemaison.com\/fr\/produit\/airmez-fox-6-en-1-140k\/\" \/>\n<meta property=\"og:site_name\" content=\"VapeMaison\" \/>\n<meta property=\"article:modified_time\" content=\"2026-04-11T06:41:29+00:00\" \/>\n<meta property=\"og:image\" content=\"https:\/\/vapemaison.com\/wp-content\/uploads\/2026\/01\/airmez-fox-6-in-1-140000-puff-flavor-8.webp\" \/>\n\t<meta property=\"og:image:width\" content=\"2327\" \/>\n\t<meta property=\"og:image:height\" content=\"2327\" \/>\n\t<meta property=\"og:image:type\" content=\"image\/webp\" \/>\n<meta name=\"twitter:card\" content=\"summary_large_image\" \/>\n<meta name=\"twitter:label1\" content=\"Dur\u00e9e de lecture estim\u00e9e\" \/>\n\t<meta name=\"twitter:data1\" content=\"3 minutes\" \/>\n<!-- \/ Yoast SEO plugin. -->","yoast_head_json":{"title":"Airmez FOX 6 IN 1 Disposable Vape | 6-Flavor System","description":"D\u00e9couvrez la vape jetable Airmez FOX 6 IN 1 avec un syst\u00e8me d'ar\u00f4mes 6 en 1, une capacit\u00e9 de e-liquide de 15ml\u00d73, un coil mesh. Id\u00e9al pour la vente au d\u00e9tail et en gros.","robots":{"index":"index","follow":"follow","max-snippet":"max-snippet:-1","max-image-preview":"max-image-preview:large","max-video-preview":"max-video-preview:-1"},"canonical":"https:\/\/vapemaison.com\/fr\/produit\/airmez-fox-6-en-1-140k\/","og_locale":"fr_FR","og_type":"article","og_title":"Airmez FOX 6 IN 1 Disposable Vape | 6-Flavor System","og_description":"Discover Airmez FOX 6 IN 1 disposable vape featuring a 6-in-1 flavor system, 15ml\u00d73 e-liquid capacity, mesh coil. Ideal for retail and wholesale.","og_url":"https:\/\/vapemaison.com\/fr\/produit\/airmez-fox-6-en-1-140k\/","og_site_name":"VapeMaison","article_modified_time":"2026-04-11T06:41:29+00:00","og_image":[{"width":2327,"height":2327,"url":"https:\/\/vapemaison.com\/wp-content\/uploads\/2026\/01\/airmez-fox-6-in-1-140000-puff-flavor-8.webp","type":"image\/webp"}],"twitter_card":"summary_large_image","twitter_misc":{"Dur\u00e9e de lecture estim\u00e9e":"3 minutes"},"schema":{"@context":"https:\/\/schema.org","@graph":[{"@type":"WebPage","@id":"https:\/\/vapemaison.com\/product\/airmez-fox-6-in-1-140k\/","url":"https:\/\/vapemaison.com\/product\/airmez-fox-6-in-1-140k\/","name":"Airmez FOX 6 IN 1 Disposable Vape | 6-Flavor System","isPartOf":{"@id":"https:\/\/vapemaison.com\/#website"},"primaryImageOfPage":{"@id":"https:\/\/vapemaison.com\/product\/airmez-fox-6-in-1-140k\/#primaryimage"},"image":{"@id":"https:\/\/vapemaison.com\/product\/airmez-fox-6-in-1-140k\/#primaryimage"},"thumbnailUrl":"https:\/\/vapemaison.com\/wp-content\/uploads\/2026\/01\/airmez-fox-6-in-1-140000-puff-flavor-8.webp","datePublished":"2026-01-26T08:14:17+00:00","dateModified":"2026-04-11T06:41:29+00:00","description":"D\u00e9couvrez la vape jetable Airmez FOX 6 IN 1 avec un syst\u00e8me d'ar\u00f4mes 6 en 1, une capacit\u00e9 de e-liquide de 15ml\u00d73, un coil mesh. Id\u00e9al pour la vente au d\u00e9tail et en gros.","breadcrumb":{"@id":"https:\/\/vapemaison.com\/product\/airmez-fox-6-in-1-140k\/#breadcrumb"},"inLanguage":"fr-FR","potentialAction":[{"@type":"ReadAction","target":["https:\/\/vapemaison.com\/product\/airmez-fox-6-in-1-140k\/"]}]},{"@type":"ImageObject","inLanguage":"fr-FR","@id":"https:\/\/vapemaison.com\/product\/airmez-fox-6-in-1-140k\/#primaryimage","url":"https:\/\/vapemaison.com\/wp-content\/uploads\/2026\/01\/airmez-fox-6-in-1-140000-puff-flavor-8.webp","contentUrl":"https:\/\/vapemaison.com\/wp-content\/uploads\/2026\/01\/airmez-fox-6-in-1-140000-puff-flavor-8.webp","width":2327,"height":2327,"caption":"Airmez Fox 6 In 1 Puff Flavor Disposable Vape Device view"},{"@type":"BreadcrumbList","@id":"https:\/\/vapemaison.com\/product\/airmez-fox-6-in-1-140k\/#breadcrumb","itemListElement":[{"@type":"ListItem","position":1,"name":"\u9996\u9875","item":"https:\/\/vapemaison.com\/"},{"@type":"ListItem","position":2,"name":"Shop","item":"https:\/\/vapemaison.com\/shop\/"},{"@type":"ListItem","position":3,"name":"Airmez","item":"https:\/\/vapemaison.com\/brand\/airmez\/"},{"@type":"ListItem","position":4,"name":"Airmez FOX 6 IN 1 140K\u00a0"}]},{"@type":"WebSite","@id":"https:\/\/vapemaison.com\/#website","url":"https:\/\/vapemaison.com\/","name":"VapeMaison","description":"Appareils et accessoires de vapotage haut de gamme","publisher":{"@id":"https:\/\/vapemaison.com\/#organization"},"potentialAction":[{"@type":"SearchAction","target":{"@type":"EntryPoint","urlTemplate":"https:\/\/vapemaison.com\/?s={search_term_string}"},"query-input":{"@type":"PropertyValueSpecification","valueRequired":true,"valueName":"search_term_string"}}],"inLanguage":"fr-FR"},{"@type":"Organization","@id":"https:\/\/vapemaison.com\/#organization","name":"VapeMaison","url":"https:\/\/vapemaison.com\/","logo":{"@type":"ImageObject","inLanguage":"fr-FR","@id":"https:\/\/vapemaison.com\/#\/schema\/logo\/image\/","url":"https:\/\/vapemaison.com\/wp-content\/uploads\/2026\/01\/cropped-vapemaison-logo-g-2026.webp","contentUrl":"https:\/\/vapemaison.com\/wp-content\/uploads\/2026\/01\/cropped-vapemaison-logo-g-2026.webp","width":350,"height":280,"caption":"VapeMaison"},"image":{"@id":"https:\/\/vapemaison.com\/#\/schema\/logo\/image\/"},"sameAs":["https:\/\/www.youtube.com\/@VapeMaison"]}]}},"tiered_pricing_type":"fixed","tiered_pricing_fixed_rules":{"30":"12.24","50":"11.99","100":"11.38","200":"10.99"},"tiered_pricing_product_settings":{"layout":"default","base_unit_name":{"singular":null,"plural":null},"default_variation":null},"tiered_pricing_minimum_quantity":10,"tiered_pricing_roles_data":[],"tiered_pricing_percentage_rules":[],"tiered_pricing_maximum_quantity":null,"tiered_pricing_quantity_step":"10","_links":{"self":[{"href":"https:\/\/vapemaison.com\/fr\/wp-json\/wp\/v2\/product\/26314","targetHints":{"allow":["GET"]}}],"collection":[{"href":"https:\/\/vapemaison.com\/fr\/wp-json\/wp\/v2\/product"}],"about":[{"href":"https:\/\/vapemaison.com\/fr\/wp-json\/wp\/v2\/types\/product"}],"replies":[{"embeddable":true,"href":"https:\/\/vapemaison.com\/fr\/wp-json\/wp\/v2\/comments?post=26314"}],"version-history":[{"count":3,"href":"https:\/\/vapemaison.com\/fr\/wp-json\/wp\/v2\/product\/26314\/revisions"}],"predecessor-version":[{"id":29284,"href":"https:\/\/vapemaison.com\/fr\/wp-json\/wp\/v2\/product\/26314\/revisions\/29284"}],"wp:featuredmedia":[{"embeddable":true,"href":"https:\/\/vapemaison.com\/fr\/wp-json\/wp\/v2\/media\/26323"}],"wp:attachment":[{"href":"https:\/\/vapemaison.com\/fr\/wp-json\/wp\/v2\/media?parent=26314"}],"wp:term":[{"taxonomy":"product_brand","embeddable":true,"href":"https:\/\/vapemaison.com\/fr\/wp-json\/wp\/v2\/product_brand?post=26314"},{"taxonomy":"product_cat","embeddable":true,"href":"https:\/\/vapemaison.com\/fr\/wp-json\/wp\/v2\/product_cat?post=26314"},{"taxonomy":"product_tag","embeddable":true,"href":"https:\/\/vapemaison.com\/fr\/wp-json\/wp\/v2\/product_tag?post=26314"}],"curies":[{"name":"wp","href":"https:\/\/api.w.org\/{rel}","templated":true}]}}