

{"id":26368,"date":"2026-01-26T08:48:03","date_gmt":"2026-01-26T08:48:03","guid":{"rendered":"https:\/\/vapemaison.com\/?post_type=product&#038;p=26368"},"modified":"2026-04-11T06:34:02","modified_gmt":"2026-04-11T06:34:02","slug":"airmez-matrix-30k-jetable-vape","status":"publish","type":"product","link":"https:\/\/vapemaison.com\/fr\/product\/airmez-matrix-30k-disposable-vape\/","title":{"rendered":"Airmez Matrix 30K Vape jetable"},"content":{"rendered":"<p>Le <strong>Airmez Matrix 30K<\/strong> \u00e9l\u00e8ve le vapotage jetable avec un m\u00e9lange parfait de technologie intelligente, de performance de haute capacit\u00e9 et de design moderne. Dot\u00e9 d'un <strong>Grand \u00e9cran de 2,1 pouces<\/strong>, <strong>pav\u00e9 tactile r\u00e9actif<\/strong>, et <strong>syst\u00e8me de d\u00e9bit d'air r\u00e9glable<\/strong>, Il offre une exp\u00e9rience de vapotage interactive et enti\u00e8rement personnalisable.<\/p>\n\n\n\n<p>Aliment\u00e9 par un <strong>22ml d'e-liquide pr\u00e9-rempli<\/strong>, <strong>bobine \u00e0 double maille<\/strong>, et un <strong>Batterie rechargeable de 800mAh<\/strong>, Cet appareil est con\u00e7u pour les utilisateurs qui recherchent \u00e0 la fois la performance et le style dans un produit jetable de premi\u00e8re qualit\u00e9.<\/p>\n\n\n\n<h2 class=\"wp-block-heading\">Caract\u00e9ristiques principales<\/h2>\n\n\n\n<figure class=\"wp-block-table is-style-regular has-x-small-font-size\" style=\"line-height:1\"><table class=\"has-background has-fixed-layout\" style=\"background:linear-gradient(135deg,rgb(197,213,224) 0%,rgb(155,81,224) 100%)\"><thead><tr><th>Fonctionnalit\u00e9<\/th><th>Description<\/th><\/tr><\/thead><tbody><tr><td>Jusqu'\u00e0 30 000 bouff\u00e9es<\/td><td>Con\u00e7u pour une utilisation prolong\u00e9e avec une gestion efficace de l'e-liquide et de l'\u00e9nergie.<\/td><\/tr><tr><td>\u00c9cran g\u00e9ant de 2,1 pouces<\/td><td>Contr\u00f4le en temps r\u00e9el de la batterie et de l'e-liquide gr\u00e2ce \u00e0 une interface visuelle haut de gamme<\/td><\/tr><tr><td>Touch Pad r\u00e9actif<\/td><td>Permet une interaction fluide et intuitive pour une exp\u00e9rience utilisateur moderne<\/td><\/tr><tr><td>Bobine double (1.2\u03a9)<\/td><td>Assure un chauffage plus rapide, des couches d'ar\u00f4mes plus riches et un d\u00e9bit de vapeur constant.<\/td><\/tr><tr><td>Flux d'air r\u00e9glable<\/td><td>Permet aux utilisateurs de personnaliser la r\u00e9sistance \u00e0 l'aspiration pour une exp\u00e9rience de vapotage personnalis\u00e9e.<\/td><\/tr><tr><td>22ml E-Liquide pr\u00e9-rempli<\/td><td>La grande capacit\u00e9 r\u00e9duit le besoin de remplacements fr\u00e9quents<\/td><\/tr><tr><td>Batterie rechargeable 800mAh (Type-C)<\/td><td>Fournit une alimentation fiable avec une prise en charge pratique de la charge rapide<\/td><\/tr><tr><td>Fonctionnalit\u00e9 du jeu Lucky Room<\/td><td>Fonctionnalit\u00e9 interactive int\u00e9gr\u00e9e qui renforce l'engagement et l'unicit\u00e9 du produit<\/td><\/tr><\/tbody><\/table><\/figure>\n\n\n\n<h2 class=\"wp-block-heading\">Saveurs disponibles<\/h2>\n\n\n\n<ul class=\"wp-block-list\">\n<li>Glace \u00e0 la past\u00e8que<\/li>\n\n\n\n<li>Myrtille sur glace<\/li>\n\n\n\n<li style=\"border-top-left-radius:0px;border-top-right-radius:0px;border-bottom-left-radius:0px;border-bottom-right-radius:0px\">Myrtille Framboise<\/li>\n\n\n\n<li>Glace \u00e0 la fraise<\/li>\n\n\n\n<li>Glace de raisin<\/li>\n\n\n\n<li>Baies m\u00e9lang\u00e9es<\/li>\n\n\n\n<li>Fruit du dragon<\/li>\n\n\n\n<li>Fraise Kiwi<\/li>\n\n\n\n<li>Kiwi Fruit de la passion Goyave<\/li>\n\n\n\n<li>Framboise bleue acidul\u00e9e<\/li>\n\n\n\n<li>Cola \u00e0 la cerise<\/li>\n\n\n\n<li>Citron et citron vert<\/li>\n<\/ul>\n\n\n\n<h2 class=\"wp-block-heading\">Informations sur l'emballage<\/h2>\n\n\n\n<ul class=\"wp-block-list\">\n<li><strong>5 pcs \/ bo\u00eete de pr\u00e9sentation<\/strong><\/li>\n\n\n\n<li><strong>200 pcs \/ carton<\/strong><\/li>\n\n\n\n<li>Id\u00e9al pour les rayons de d\u00e9tail et la distribution en gros<\/li>\n<\/ul>\n\n\n\n<h2 class=\"wp-block-heading\">Pourquoi choisir Airmez Matrix 30K ?<\/h2>\n\n\n\n<p>\u00c9cran tactile intelligent + fonctions interactives<br>\u2714 Performance de longue dur\u00e9e avec un nombre \u00e9lev\u00e9 de bouff\u00e9es<br>\u2714 Saveur homog\u00e8ne gr\u00e2ce \u00e0 la bobine \u00e0 double maille<br>\u2714 D\u00e9bit d'air r\u00e9glable pour une vaporisation personnalis\u00e9e<br>\u2714 Un design haut de gamme pour diff\u00e9rencier les d\u00e9taillants<\/p>\n\n\n\n<h2 class=\"wp-block-heading\">Explorer d'autres options<\/h2>\n\n\n\n<p>Vous cherchez d'autres choix que l'Airmez Matrix 30K ? Vous pouvez explorer notre collection compl\u00e8te dans la section <a href=\"https:\/\/vapemaison.com\/shop\/\" type=\"link\" id=\"https:\/\/vapemaison.com\/shop\/\"><strong>Boutique<\/strong><\/a> pour d\u00e9couvrir une large gamme de vapes jetables avec des caract\u00e9ristiques, des designs et des capacit\u00e9s de bouff\u00e9e diff\u00e9rents.<\/p>\n\n\n\n<p>Si vous \u00eates int\u00e9ress\u00e9 par des dispositifs innovants similaires, d\u00e9couvrez d'autres produits de la gamme <strong><a href=\"https:\/\/vapemaison.com\/brand\/airmez\/\" type=\"link\" id=\"https:\/\/vapemaison.com\/brand\/airmez\/\">S\u00e9rie Airmez<\/a><\/strong>, o\u00f9 la technologie de pointe et le design moderne s'allient.<\/p>\n\n\n\n<p>Pour les utilisateurs qui pr\u00e9f\u00e8rent les performances \u00e0 long terme, nous proposons \u00e9galement une vari\u00e9t\u00e9 de <strong><a href=\"https:\/\/vapemaison.com\/product-category\/puffs-count\/30k-puffs\/\" type=\"link\" id=\"https:\/\/vapemaison.com\/product-category\/puffs-count\/30k-puffs\/\">30K bouff\u00e9es<\/a> vapes jetables<\/strong>, Vous disposez ainsi d'un plus grand nombre d'options pour une utilisation prolong\u00e9e et d'un excellent rapport qualit\u00e9-prix.<\/p>\n\n\n\n<p>Parcourez-en davantage et trouvez l'appareil id\u00e9al qui r\u00e9pond \u00e0 vos besoins.<\/p>","protected":false},"excerpt":{"rendered":"<p>The Airmez Matrix 30K elevates disposable vaping with a perfect blend of smart technology, high-capacity performance, and modern design. Featuring a 2.1-inch large screen, responsive touch pad, and adjustable airflow system, it delivers a fully customizable and interactive vaping experience. Powered by a 22ml pre-filled e-liquid, dual mesh coil, and an 800mAh rechargeable battery, this [&hellip;]<\/p>\n","protected":false},"featured_media":26373,"comment_status":"open","ping_status":"closed","template":"","meta":[],"product_brand":[314],"product_cat":[134],"product_tag":[],"class_list":{"0":"post-26368","1":"product","2":"type-product","3":"status-publish","4":"has-post-thumbnail","6":"product_brand-airmez","7":"product_cat-30k-puffs","9":"first","10":"instock","11":"sale","12":"shipping-taxable","13":"purchasable","14":"product-type-variable"},"yoast_head":"<!-- This site is optimized with the Yoast SEO plugin v27.4 - https:\/\/yoast.com\/product\/yoast-seo-wordpress\/ -->\n<title>Airmez Matrix 30K Disposable Vape | 22ml, 5% Nicotine<\/title>\n<meta name=\"description\" content=\"Airmez Matrix 30K disposable vape features 22ml e-liquid, 5% nicotine, dual mesh coil, adjustable airflow, 2.1-inch big screen, touch pad.\" \/>\n<meta name=\"robots\" content=\"index, follow, max-snippet:-1, max-image-preview:large, max-video-preview:-1\" \/>\n<link rel=\"canonical\" href=\"https:\/\/vapemaison.com\/fr\/produit\/airmez-matrix-30k-jetable-vape\/\" \/>\n<meta property=\"og:locale\" content=\"fr_FR\" \/>\n<meta property=\"og:type\" content=\"article\" \/>\n<meta property=\"og:title\" content=\"Airmez Matrix 30K Disposable Vape | 22ml, 5% Nicotine\" \/>\n<meta property=\"og:description\" content=\"Airmez Matrix 30K disposable vape features 22ml e-liquid, 5% nicotine, dual mesh coil, adjustable airflow, 2.1-inch big screen, touch pad.\" \/>\n<meta property=\"og:url\" content=\"https:\/\/vapemaison.com\/fr\/produit\/airmez-matrix-30k-jetable-vape\/\" \/>\n<meta property=\"og:site_name\" content=\"VapeMaison\" \/>\n<meta property=\"article:modified_time\" content=\"2026-04-11T06:34:02+00:00\" \/>\n<meta property=\"og:image\" content=\"https:\/\/vapemaison.com\/wp-content\/uploads\/2026\/01\/Airmez-Matrix-Pro-30000-Puffs-8.webp\" \/>\n\t<meta property=\"og:image:width\" content=\"800\" \/>\n\t<meta property=\"og:image:height\" content=\"800\" \/>\n\t<meta property=\"og:image:type\" content=\"image\/webp\" \/>\n<meta name=\"twitter:card\" content=\"summary_large_image\" \/>\n<meta name=\"twitter:label1\" content=\"Dur\u00e9e de lecture estim\u00e9e\" \/>\n\t<meta name=\"twitter:data1\" content=\"2 minutes\" \/>\n<!-- \/ Yoast SEO plugin. -->","yoast_head_json":{"title":"Airmez Matrix 30K Vape jetable - 22ml, 5% Nicotine","description":"Airmez Matrix 30K dispose d'un e-liquide de 22ml, 5% nicotine, dual mesh coil, airflow r\u00e9glable, grand \u00e9cran de 2.1 pouces, touch pad.","robots":{"index":"index","follow":"follow","max-snippet":"max-snippet:-1","max-image-preview":"max-image-preview:large","max-video-preview":"max-video-preview:-1"},"canonical":"https:\/\/vapemaison.com\/fr\/produit\/airmez-matrix-30k-jetable-vape\/","og_locale":"fr_FR","og_type":"article","og_title":"Airmez Matrix 30K Disposable Vape | 22ml, 5% Nicotine","og_description":"Airmez Matrix 30K disposable vape features 22ml e-liquid, 5% nicotine, dual mesh coil, adjustable airflow, 2.1-inch big screen, touch pad.","og_url":"https:\/\/vapemaison.com\/fr\/produit\/airmez-matrix-30k-jetable-vape\/","og_site_name":"VapeMaison","article_modified_time":"2026-04-11T06:34:02+00:00","og_image":[{"width":800,"height":800,"url":"https:\/\/vapemaison.com\/wp-content\/uploads\/2026\/01\/Airmez-Matrix-Pro-30000-Puffs-8.webp","type":"image\/webp"}],"twitter_card":"summary_large_image","twitter_misc":{"Dur\u00e9e de lecture estim\u00e9e":"2 minutes"},"schema":{"@context":"https:\/\/schema.org","@graph":[{"@type":"WebPage","@id":"https:\/\/vapemaison.com\/product\/airmez-matrix-30k-disposable-vape\/","url":"https:\/\/vapemaison.com\/product\/airmez-matrix-30k-disposable-vape\/","name":"Airmez Matrix 30K Vape jetable - 22ml, 5% Nicotine","isPartOf":{"@id":"https:\/\/vapemaison.com\/#website"},"primaryImageOfPage":{"@id":"https:\/\/vapemaison.com\/product\/airmez-matrix-30k-disposable-vape\/#primaryimage"},"image":{"@id":"https:\/\/vapemaison.com\/product\/airmez-matrix-30k-disposable-vape\/#primaryimage"},"thumbnailUrl":"https:\/\/vapemaison.com\/wp-content\/uploads\/2026\/01\/Airmez-Matrix-Pro-30000-Puffs-8.webp","datePublished":"2026-01-26T08:48:03+00:00","dateModified":"2026-04-11T06:34:02+00:00","description":"Airmez Matrix 30K dispose d'un e-liquide de 22ml, 5% nicotine, dual mesh coil, airflow r\u00e9glable, grand \u00e9cran de 2.1 pouces, touch pad.","breadcrumb":{"@id":"https:\/\/vapemaison.com\/product\/airmez-matrix-30k-disposable-vape\/#breadcrumb"},"inLanguage":"fr-FR","potentialAction":[{"@type":"ReadAction","target":["https:\/\/vapemaison.com\/product\/airmez-matrix-30k-disposable-vape\/"]}]},{"@type":"ImageObject","inLanguage":"fr-FR","@id":"https:\/\/vapemaison.com\/product\/airmez-matrix-30k-disposable-vape\/#primaryimage","url":"https:\/\/vapemaison.com\/wp-content\/uploads\/2026\/01\/Airmez-Matrix-Pro-30000-Puffs-8.webp","contentUrl":"https:\/\/vapemaison.com\/wp-content\/uploads\/2026\/01\/Airmez-Matrix-Pro-30000-Puffs-8.webp","width":800,"height":800,"caption":"Airmez Matrix Pro Puffs Disposable Vape Device detail"},{"@type":"BreadcrumbList","@id":"https:\/\/vapemaison.com\/product\/airmez-matrix-30k-disposable-vape\/#breadcrumb","itemListElement":[{"@type":"ListItem","position":1,"name":"\u9996\u9875","item":"https:\/\/vapemaison.com\/"},{"@type":"ListItem","position":2,"name":"Shop","item":"https:\/\/vapemaison.com\/shop\/"},{"@type":"ListItem","position":3,"name":"Airmez","item":"https:\/\/vapemaison.com\/brand\/airmez\/"},{"@type":"ListItem","position":4,"name":"Airmez Matrix 30K Disposable Vape"}]},{"@type":"WebSite","@id":"https:\/\/vapemaison.com\/#website","url":"https:\/\/vapemaison.com\/","name":"VapeMaison","description":"Appareils et accessoires de vapotage haut de gamme","publisher":{"@id":"https:\/\/vapemaison.com\/#organization"},"potentialAction":[{"@type":"SearchAction","target":{"@type":"EntryPoint","urlTemplate":"https:\/\/vapemaison.com\/?s={search_term_string}"},"query-input":{"@type":"PropertyValueSpecification","valueRequired":true,"valueName":"search_term_string"}}],"inLanguage":"fr-FR"},{"@type":"Organization","@id":"https:\/\/vapemaison.com\/#organization","name":"VapeMaison","url":"https:\/\/vapemaison.com\/","logo":{"@type":"ImageObject","inLanguage":"fr-FR","@id":"https:\/\/vapemaison.com\/#\/schema\/logo\/image\/","url":"https:\/\/vapemaison.com\/wp-content\/uploads\/2026\/01\/cropped-vapemaison-logo-g-2026.webp","contentUrl":"https:\/\/vapemaison.com\/wp-content\/uploads\/2026\/01\/cropped-vapemaison-logo-g-2026.webp","width":350,"height":280,"caption":"VapeMaison"},"image":{"@id":"https:\/\/vapemaison.com\/#\/schema\/logo\/image\/"},"sameAs":["https:\/\/www.youtube.com\/@VapeMaison"]}]}},"tiered_pricing_type":"fixed","tiered_pricing_fixed_rules":{"30":"12.76","50":"12.24","100":"11.88","200":"11.46"},"tiered_pricing_product_settings":{"layout":"default","base_unit_name":{"singular":null,"plural":null},"default_variation":null},"tiered_pricing_minimum_quantity":10,"tiered_pricing_roles_data":[],"tiered_pricing_percentage_rules":[],"tiered_pricing_maximum_quantity":null,"tiered_pricing_quantity_step":"10","_links":{"self":[{"href":"https:\/\/vapemaison.com\/fr\/wp-json\/wp\/v2\/product\/26368","targetHints":{"allow":["GET"]}}],"collection":[{"href":"https:\/\/vapemaison.com\/fr\/wp-json\/wp\/v2\/product"}],"about":[{"href":"https:\/\/vapemaison.com\/fr\/wp-json\/wp\/v2\/types\/product"}],"replies":[{"embeddable":true,"href":"https:\/\/vapemaison.com\/fr\/wp-json\/wp\/v2\/comments?post=26368"}],"version-history":[{"count":4,"href":"https:\/\/vapemaison.com\/fr\/wp-json\/wp\/v2\/product\/26368\/revisions"}],"predecessor-version":[{"id":29277,"href":"https:\/\/vapemaison.com\/fr\/wp-json\/wp\/v2\/product\/26368\/revisions\/29277"}],"wp:featuredmedia":[{"embeddable":true,"href":"https:\/\/vapemaison.com\/fr\/wp-json\/wp\/v2\/media\/26373"}],"wp:attachment":[{"href":"https:\/\/vapemaison.com\/fr\/wp-json\/wp\/v2\/media?parent=26368"}],"wp:term":[{"taxonomy":"product_brand","embeddable":true,"href":"https:\/\/vapemaison.com\/fr\/wp-json\/wp\/v2\/product_brand?post=26368"},{"taxonomy":"product_cat","embeddable":true,"href":"https:\/\/vapemaison.com\/fr\/wp-json\/wp\/v2\/product_cat?post=26368"},{"taxonomy":"product_tag","embeddable":true,"href":"https:\/\/vapemaison.com\/fr\/wp-json\/wp\/v2\/product_tag?post=26368"}],"curies":[{"name":"wp","href":"https:\/\/api.w.org\/{rel}","templated":true}]}}