

{"id":26566,"date":"2026-01-31T05:50:19","date_gmt":"2026-01-31T05:50:19","guid":{"rendered":"https:\/\/vapemaison.com\/?post_type=product&#038;p=26566"},"modified":"2026-04-14T07:28:24","modified_gmt":"2026-04-14T07:28:24","slug":"elf-bar-18000-kiwi-ananas-glace","status":"publish","type":"product","link":"https:\/\/vapemaison.com\/fr\/product\/elf-bar-18000-kiwi-pineapple-ice\/","title":{"rendered":"ELF BAR 18000 Kiwi Ananas Ice"},"content":{"rendered":"<p>Le <strong>bar \u00e0 elfes 18000<\/strong> est con\u00e7u pour les utilisateurs qui s'attendent \u00e0 <strong>go\u00fbt prononc\u00e9, rendement stable et performance durable<\/strong> dans un appareil compact. Il offre un tirage en douceur, une production de vapeur r\u00e9guli\u00e8re et un design moderne qui donne une impression de qualit\u00e9 sup\u00e9rieure en main. Si vous recherchez la commodit\u00e9 sans sacrifier la qualit\u00e9, cet appareil r\u00e9pond parfaitement \u00e0 vos attentes.<\/p>\n\n\n\n<h3 class=\"wp-block-heading\"><strong>Design compact et haut de gamme<\/strong><\/h3>\n\n\n\n<p>Le FS18000 est dot\u00e9 d'un <strong>corps \u00e9l\u00e9gant et ergonomique (47 \u00d7 24 \u00d7 101 mm)<\/strong> qui tient confortablement dans la main et se glisse facilement dans une poche ou un sac. L'ext\u00e9rieur minimaliste lui conf\u00e8re un aspect propre et moderne, tandis que la qualit\u00e9 de fabrication solide lui conf\u00e8re une sensation de fiabilit\u00e9 et de haut de gamme.<\/p>\n\n\n\n<h3 class=\"wp-block-heading\"><strong>Pr\u00eat \u00e0 l'emploi - Pas de souci<\/strong><\/h3>\n\n\n\n<p>Con\u00e7u pour \u00eatre simple, le dispositif fonctionne <strong>tout droit sorti de la bo\u00eete<\/strong>.<\/p>\n\n\n\n<ul class=\"wp-block-list\">\n<li>Pas de recharge<\/li>\n\n\n\n<li>Pas de changement de bobine<\/li>\n\n\n\n<li>Pas de maintenance<\/li>\n<\/ul>\n\n\n\n<p>Le <strong>syst\u00e8me activ\u00e9 par tirage au sort<\/strong> permet une inhalation naturelle et sans effort \u00e0 chaque fois. A <strong>\u00e9cran lat\u00e9ral intelligent<\/strong> montre \u00e0 la fois <strong>niveau de batterie<\/strong> et <strong>niveau d'e-liquide<\/strong>, Vous savez donc toujours quand il est temps de le recharger ou de le remplacer.<\/p>\n\n\n\n<h3 class=\"wp-block-heading\"><strong>Saveur puissante et performance stable<\/strong><\/h3>\n\n\n\n<p>Au c\u0153ur du FS18000 se trouve un syst\u00e8me de contr\u00f4le de la qualit\u00e9. <strong>syst\u00e8me d'enroulement \u00e0 triple maille<\/strong> qui garantit :<\/p>\n\n\n\n<ul class=\"wp-block-list\">\n<li>Saveur riche et pleine<\/li>\n\n\n\n<li>Chauffage homog\u00e8ne<\/li>\n\n\n\n<li>Production de vapeur douce<\/li>\n<\/ul>\n\n\n\n<p>Avec <strong>22 ml d'e-liquide<\/strong> et un <strong>Batterie rechargeable de 850 mAh<\/strong>, Le dispositif fournit <strong>jusqu'\u00e0 18 000 bouff\u00e9es<\/strong>. Les performances restent constantes de la premi\u00e8re \u00e0 la derni\u00e8re bouff\u00e9e, sans go\u00fbt de br\u00fbl\u00e9 ni perte de saveur.<\/p>\n\n\n\n<h3 class=\"wp-block-heading\"><strong>Pourquoi choisir la barre elf 18000<\/strong><\/h3>\n\n\n\n<p>\u2714 Sortie d'ar\u00f4me forte et stable<br>\u2714 Capacit\u00e9 de bouff\u00e9e longue dur\u00e9e<br>\u2714 Rechargeable pour une utilisation compl\u00e8te de l'e-liquide<br>Batterie intelligente et affichage liquide<br>\u2714 Conception compacte et facile \u00e0 transporter<br>\u2714 Tirage en douceur sans entretien<\/p>\n\n\n\n<p>Il combine la facilit\u00e9 d'un jetable avec la sensation de performance d'un syst\u00e8me \u00e0 dosettes.<\/p>\n\n\n\n<h3 class=\"wp-block-heading\"><strong>Acheter le bar \u00e0 lutins 18000<\/strong><\/h3>\n\n\n\n<p>Choisissez votre parfum pr\u00e9f\u00e9r\u00e9 et d\u00e9couvrez un appareil qui offre <strong>une performance propre, un rendement fiable et une utilisation sans effort<\/strong>. Nous fournissons <strong>produits authentiques<\/strong>, Le traitement rapide des commandes et l'assistance fiable garantissent un achat sans probl\u00e8me \u00e0 chaque fois.<\/p>\n\n\n\n<p>Profitez d'une satisfaction constante \u00e0 chaque bouff\u00e9e.<\/p>\n\n\n\n<p>D\u00e9couvrez d'autres produits de notre collection pour trouver la vape parfaite pour vos besoins. Parcourez notre gamme compl\u00e8te sur le site <strong><a href=\"https:\/\/vapemaison.com\/\" type=\"link\" id=\"https:\/\/vapemaison.com\/\">Page d'accueil<\/a><\/strong>, D\u00e9couvrez des appareils similaires \u00e0 haute performance sur le site de la Commission europ\u00e9enne. <strong><a href=\"https:\/\/vapemaison.com\/shop\/\" type=\"link\" id=\"https:\/\/vapemaison.com\/shop\/\">Vape Store \u00e0 usage unique<\/a><\/strong>, ou en savoir plus sur la qualit\u00e9 de confiance de la <strong><a href=\"https:\/\/vapemaison.com\/brand\/elfbar\/\" type=\"link\" id=\"https:\/\/vapemaison.com\/brand\/elfbar\/\">Marque Elfbar<\/a><\/strong>.<\/p>\n\n\n\n<p>Si vous comparez diff\u00e9rents niveaux d'utilisation, consultez notre <strong><a href=\"https:\/\/vapemaison.com\/product-category\/puffs-count\/18k-puffs\/\" type=\"link\" id=\"https:\/\/vapemaison.com\/product-category\/puffs-count\/30k-puffs\/\">18K Puffs<\/a><\/strong> pour trouver des appareils qui correspondent \u00e0 votre capacit\u00e9 pr\u00e9f\u00e9r\u00e9e - des options compactes aux mod\u00e8les \u00e0 tr\u00e8s forte puissance.<\/p>","protected":false},"excerpt":{"rendered":"<p>The elf bar 18000 is built for users who expect strong flavor, stable output, and long-lasting performance in a compact device. It delivers a smooth draw, consistent vapor production, and a modern design that feels premium in hand. If you want convenience without sacrificing quality, this device fits the role perfectly. Compact, Premium Design The [&hellip;]<\/p>\n","protected":false},"featured_media":13955,"comment_status":"open","ping_status":"closed","template":"","meta":[],"product_brand":[177],"product_cat":[175],"product_tag":[],"class_list":{"0":"post-26566","1":"product","2":"type-product","3":"status-publish","4":"has-post-thumbnail","6":"product_brand-elfbar","7":"product_cat-18k-puffs","9":"first","10":"instock","11":"sale","12":"shipping-taxable","13":"purchasable","14":"product-type-variable"},"yoast_head":"<!-- This site is optimized with the Yoast SEO plugin v27.4 - https:\/\/yoast.com\/product\/yoast-seo-wordpress\/ -->\n<title>Elf bar 18000 Disposable Vape \u2013 Smooth Draw<\/title>\n<meta name=\"description\" content=\"Experience the elf bar 18000k th rich flavor, up to 18k puff, and a sleek, portable design. Enjoy smooth, consistent performance with zero maintenance.\" \/>\n<meta name=\"robots\" content=\"index, follow, max-snippet:-1, max-image-preview:large, max-video-preview:-1\" \/>\n<link rel=\"canonical\" href=\"https:\/\/vapemaison.com\/fr\/produit\/elf-bar-18000-kiwi-ananas-glace\/\" \/>\n<meta property=\"og:locale\" content=\"fr_FR\" \/>\n<meta property=\"og:type\" content=\"article\" \/>\n<meta property=\"og:title\" content=\"Elf bar 18000 Disposable Vape \u2013 Smooth Draw\" \/>\n<meta property=\"og:description\" content=\"Experience the elf bar 18000k th rich flavor, up to 18k puff, and a sleek, portable design. Enjoy smooth, consistent performance with zero maintenance.\" \/>\n<meta property=\"og:url\" content=\"https:\/\/vapemaison.com\/fr\/produit\/elf-bar-18000-kiwi-ananas-glace\/\" \/>\n<meta property=\"og:site_name\" content=\"VapeMaison\" \/>\n<meta property=\"article:modified_time\" content=\"2026-04-14T07:28:24+00:00\" \/>\n<meta property=\"og:image\" content=\"https:\/\/vapemaison.com\/wp-content\/uploads\/2025\/11\/elf-bar-fs18000-kiwi-pineapple-ice-disposable-pod-vape-50mg.webp\" \/>\n\t<meta property=\"og:image:width\" content=\"536\" \/>\n\t<meta property=\"og:image:height\" content=\"536\" \/>\n\t<meta property=\"og:image:type\" content=\"image\/webp\" \/>\n<meta name=\"twitter:card\" content=\"summary_large_image\" \/>\n<meta name=\"twitter:label1\" content=\"Dur\u00e9e de lecture estim\u00e9e\" \/>\n\t<meta name=\"twitter:data1\" content=\"2 minutes\" \/>\n<!-- \/ Yoast SEO plugin. -->","yoast_head_json":{"title":"Elf bar 18000 Vape jetable - Smooth Draw","description":"Faites l'exp\u00e9rience de l'elf bar 18000k avec une saveur riche, jusqu'\u00e0 18 000 bouff\u00e9es, et un design \u00e9l\u00e9gant et portable. Profitez d'une performance r\u00e9guli\u00e8re et sans entretien.","robots":{"index":"index","follow":"follow","max-snippet":"max-snippet:-1","max-image-preview":"max-image-preview:large","max-video-preview":"max-video-preview:-1"},"canonical":"https:\/\/vapemaison.com\/fr\/produit\/elf-bar-18000-kiwi-ananas-glace\/","og_locale":"fr_FR","og_type":"article","og_title":"Elf bar 18000 Disposable Vape \u2013 Smooth Draw","og_description":"Experience the elf bar 18000k th rich flavor, up to 18k puff, and a sleek, portable design. Enjoy smooth, consistent performance with zero maintenance.","og_url":"https:\/\/vapemaison.com\/fr\/produit\/elf-bar-18000-kiwi-ananas-glace\/","og_site_name":"VapeMaison","article_modified_time":"2026-04-14T07:28:24+00:00","og_image":[{"width":536,"height":536,"url":"https:\/\/vapemaison.com\/wp-content\/uploads\/2025\/11\/elf-bar-fs18000-kiwi-pineapple-ice-disposable-pod-vape-50mg.webp","type":"image\/webp"}],"twitter_card":"summary_large_image","twitter_misc":{"Dur\u00e9e de lecture estim\u00e9e":"2 minutes"},"schema":{"@context":"https:\/\/schema.org","@graph":[{"@type":"WebPage","@id":"https:\/\/vapemaison.com\/product\/elf-bar-18000-kiwi-pineapple-ice\/","url":"https:\/\/vapemaison.com\/product\/elf-bar-18000-kiwi-pineapple-ice\/","name":"Elf bar 18000 Vape jetable - Smooth Draw","isPartOf":{"@id":"https:\/\/vapemaison.com\/#website"},"primaryImageOfPage":{"@id":"https:\/\/vapemaison.com\/product\/elf-bar-18000-kiwi-pineapple-ice\/#primaryimage"},"image":{"@id":"https:\/\/vapemaison.com\/product\/elf-bar-18000-kiwi-pineapple-ice\/#primaryimage"},"thumbnailUrl":"https:\/\/vapemaison.com\/wp-content\/uploads\/2025\/11\/elf-bar-fs18000-kiwi-pineapple-ice-disposable-pod-vape-50mg.webp","datePublished":"2026-01-31T05:50:19+00:00","dateModified":"2026-04-14T07:28:24+00:00","description":"Faites l'exp\u00e9rience de l'elf bar 18000k avec une saveur riche, jusqu'\u00e0 18 000 bouff\u00e9es, et un design \u00e9l\u00e9gant et portable. Profitez d'une performance r\u00e9guli\u00e8re et sans entretien.","breadcrumb":{"@id":"https:\/\/vapemaison.com\/product\/elf-bar-18000-kiwi-pineapple-ice\/#breadcrumb"},"inLanguage":"fr-FR","potentialAction":[{"@type":"ReadAction","target":["https:\/\/vapemaison.com\/product\/elf-bar-18000-kiwi-pineapple-ice\/"]}]},{"@type":"ImageObject","inLanguage":"fr-FR","@id":"https:\/\/vapemaison.com\/product\/elf-bar-18000-kiwi-pineapple-ice\/#primaryimage","url":"https:\/\/vapemaison.com\/wp-content\/uploads\/2025\/11\/elf-bar-fs18000-kiwi-pineapple-ice-disposable-pod-vape-50mg.webp","contentUrl":"https:\/\/vapemaison.com\/wp-content\/uploads\/2025\/11\/elf-bar-fs18000-kiwi-pineapple-ice-disposable-pod-vape-50mg.webp","width":536,"height":536,"caption":"Elf Bar Fs Kiwi Pineapple Ice Disposable Vape Pod 50mg"},{"@type":"BreadcrumbList","@id":"https:\/\/vapemaison.com\/product\/elf-bar-18000-kiwi-pineapple-ice\/#breadcrumb","itemListElement":[{"@type":"ListItem","position":1,"name":"\u9996\u9875","item":"https:\/\/vapemaison.com\/"},{"@type":"ListItem","position":2,"name":"Shop","item":"https:\/\/vapemaison.com\/shop\/"},{"@type":"ListItem","position":3,"name":"Elfbar","item":"https:\/\/vapemaison.com\/brand\/elfbar\/"},{"@type":"ListItem","position":4,"name":"ELF BAR 18000 Kiwi Pineapple Ice"}]},{"@type":"WebSite","@id":"https:\/\/vapemaison.com\/#website","url":"https:\/\/vapemaison.com\/","name":"VapeMaison","description":"Appareils et accessoires de vapotage haut de gamme","publisher":{"@id":"https:\/\/vapemaison.com\/#organization"},"potentialAction":[{"@type":"SearchAction","target":{"@type":"EntryPoint","urlTemplate":"https:\/\/vapemaison.com\/?s={search_term_string}"},"query-input":{"@type":"PropertyValueSpecification","valueRequired":true,"valueName":"search_term_string"}}],"inLanguage":"fr-FR"},{"@type":"Organization","@id":"https:\/\/vapemaison.com\/#organization","name":"VapeMaison","url":"https:\/\/vapemaison.com\/","logo":{"@type":"ImageObject","inLanguage":"fr-FR","@id":"https:\/\/vapemaison.com\/#\/schema\/logo\/image\/","url":"https:\/\/vapemaison.com\/wp-content\/uploads\/2026\/01\/cropped-vapemaison-logo-g-2026.webp","contentUrl":"https:\/\/vapemaison.com\/wp-content\/uploads\/2026\/01\/cropped-vapemaison-logo-g-2026.webp","width":350,"height":280,"caption":"VapeMaison"},"image":{"@id":"https:\/\/vapemaison.com\/#\/schema\/logo\/image\/"},"sameAs":["https:\/\/www.youtube.com\/@VapeMaison"]}]}},"tiered_pricing_type":"fixed","tiered_pricing_fixed_rules":{"30":"15.42","50":"14.12","100":"12.78","200":"11.98"},"tiered_pricing_product_settings":{"layout":"default","base_unit_name":{"singular":null,"plural":null},"default_variation":null},"tiered_pricing_minimum_quantity":10,"tiered_pricing_roles_data":[],"tiered_pricing_percentage_rules":[],"tiered_pricing_maximum_quantity":null,"tiered_pricing_quantity_step":"10","_links":{"self":[{"href":"https:\/\/vapemaison.com\/fr\/wp-json\/wp\/v2\/product\/26566","targetHints":{"allow":["GET"]}}],"collection":[{"href":"https:\/\/vapemaison.com\/fr\/wp-json\/wp\/v2\/product"}],"about":[{"href":"https:\/\/vapemaison.com\/fr\/wp-json\/wp\/v2\/types\/product"}],"replies":[{"embeddable":true,"href":"https:\/\/vapemaison.com\/fr\/wp-json\/wp\/v2\/comments?post=26566"}],"version-history":[{"count":2,"href":"https:\/\/vapemaison.com\/fr\/wp-json\/wp\/v2\/product\/26566\/revisions"}],"predecessor-version":[{"id":29395,"href":"https:\/\/vapemaison.com\/fr\/wp-json\/wp\/v2\/product\/26566\/revisions\/29395"}],"wp:featuredmedia":[{"embeddable":true,"href":"https:\/\/vapemaison.com\/fr\/wp-json\/wp\/v2\/media\/13955"}],"wp:attachment":[{"href":"https:\/\/vapemaison.com\/fr\/wp-json\/wp\/v2\/media?parent=26566"}],"wp:term":[{"taxonomy":"product_brand","embeddable":true,"href":"https:\/\/vapemaison.com\/fr\/wp-json\/wp\/v2\/product_brand?post=26566"},{"taxonomy":"product_cat","embeddable":true,"href":"https:\/\/vapemaison.com\/fr\/wp-json\/wp\/v2\/product_cat?post=26566"},{"taxonomy":"product_tag","embeddable":true,"href":"https:\/\/vapemaison.com\/fr\/wp-json\/wp\/v2\/product_tag?post=26566"}],"curies":[{"name":"wp","href":"https:\/\/api.w.org\/{rel}","templated":true}]}}