

{"id":26824,"date":"2026-02-02T10:47:43","date_gmt":"2026-02-02T10:47:43","guid":{"rendered":"https:\/\/vapemaison.com\/?post_type=product&#038;p=26824"},"modified":"2026-03-20T07:22:31","modified_gmt":"2026-03-20T07:22:31","slug":"zooy-king-triple-80k-3-en-1-jetable-vape-eu-warehouse","status":"publish","type":"product","link":"https:\/\/vapemaison.com\/fr\/product\/zooy-king-triple-80k-3-in-1-disposable-vape-eu-warehouse\/","title":{"rendered":"ZOOY King Triple 80K 3-en-1 Vape jetable - EU Warehouse"},"content":{"rendered":"<p>Le <strong>ZOOY King Triple 80K<\/strong> est une vape jetable de grande capacit\u00e9 con\u00e7ue pour un plaisir durable. Avec une \u00e9norme <strong><a href=\"https:\/\/vapemaison.com\/product-category\/puffs-count\/80k-puffs\/\">80k puffs<\/a><\/strong> par appareil et un <strong>syst\u00e8me triple saveur<\/strong>, Les utilisateurs peuvent passer d'une saveur \u00e0 l'autre sans changer d'appareil. \u00c9quip\u00e9 d'un <strong>Bobine \u00e0 triple maille de 0,8\u03a9<\/strong>, <strong>Batterie rechargeable de 850mAh<\/strong>, <strong>Chargement de type C<\/strong>, et un <strong>Affichage LED<\/strong>, Cet appareil offre des aspirations douces et r\u00e9guli\u00e8res, une vapeur riche et une utilisation quotidienne pratique. Id\u00e9al pour les grossistes et les vapoteurs individuels \u00e0 la recherche d'endurance, de vari\u00e9t\u00e9 de saveurs et de fiabilit\u00e9.<\/p>\n\n\n\n<h2 class=\"wp-block-heading\">Sp\u00e9cifications des produits<\/h2>\n\n\n\n<figure class=\"wp-block-table is-style-stripes\"><table class=\"has-fixed-layout\"><thead><tr><th>Param\u00e8tres<\/th><th>D\u00e9tails<\/th><\/tr><\/thead><tbody><tr><td>Marque<\/td><td><a href=\"https:\/\/vapemaison.com\/brand\/zooy\/\">ZOOY Vape<\/a><\/td><\/tr><tr><td>Nom du produit<\/td><td>ZOOY King Triple 80K<\/td><\/tr><tr><td>Type d'appareil<\/td><td>Vapeur jetable (rechargeable)<\/td><\/tr><tr><td>Capacit\u00e9 de bouff\u00e9e<\/td><td>Jusqu'\u00e0 80 000 bouff\u00e9es<\/td><\/tr><tr><td>Style de vapotage<\/td><td>MTL \/ DTL<\/td><\/tr><tr><td>Intensit\u00e9 de la nicotine<\/td><td>2% \/ 5% (sel de nicotine)<\/td><\/tr><tr><td>Modes d'ar\u00f4mes<\/td><td>Ar\u00f4mes commutables 3 en 1<\/td><\/tr><tr><td>Capacit\u00e9 de la batterie<\/td><td>850mAh<\/td><\/tr><tr><td>Port de charge<\/td><td>USB Type-C<\/td><\/tr><tr><td>Type de bobine<\/td><td>0.8\u03a9 Triple Mesh Coil<\/td><\/tr><tr><td>Affichage<\/td><td>\u00c9cran LED (niveau de batterie et d'e-liquide)<\/td><\/tr><tr><td>Lumi\u00e8re LED<\/td><td>Lumi\u00e8re LGB \u00e0 3 couleurs<\/td><\/tr><tr><td>Dimensions<\/td><td>45 \u00d7 50 \u00d7 120 mm<\/td><\/tr><tr><td>Poids<\/td><td>165 g par appareil<\/td><\/tr><tr><td>Emballage<\/td><td>10 pi\u00e8ces \/ bo\u00eete<\/td><\/tr><tr><td>Quantit\u00e9 de cartons<\/td><td>200 pcs \/ carton<\/td><\/tr><tr><td>Service OEM<\/td><td>Soutenu<\/td><\/tr><\/tbody><\/table><\/figure>\n\n\n\n<h2 class=\"wp-block-heading\">Options de saveurs (ensembles 3 en 1)<\/h2>\n\n\n\n<ol class=\"wp-block-list\">\n<li>Glace past\u00e8que &amp; Cola cerise &amp; Kiwi fraise<\/li>\n\n\n\n<li>Glace au citron vert et \u00e0 la fraise Glace \u00e0 la past\u00e8que et \u00e0 la myrtille<\/li>\n\n\n\n<li>Fraise, banane et framboise Past\u00e8que et citron vert<\/li>\n\n\n\n<li>Fraise Kiwi &amp; Love 66 &amp; Red Bull<\/li>\n\n\n\n<li>Fruits tropicaux &amp; fraise Past\u00e8que &amp; fraise Mangue<\/li>\n\n\n\n<li>Fraise, framboise, cerise, raisin, menthe<\/li>\n\n\n\n<li>Glace \u00e0 la past\u00e8que, glace \u00e0 la fraise et triple melon<\/li>\n\n\n\n<li>Kiwi Passion &amp; Fraise Banane &amp; Bleu Razz<\/li>\n\n\n\n<li>Baies m\u00e9lang\u00e9es et ananas Mangue P\u00eache et banane Glace<\/li>\n\n\n\n<li>Myrtille Sour Framboise &amp; Double Pomme &amp; Fraise Framboise Cerise<\/li>\n<\/ol>\n\n\n\n<p><\/p>","protected":false},"excerpt":{"rendered":"<p>The ZOOY King Triple 80K is a high-capacity disposable vape designed for long-lasting enjoyment. With a massive 80k puffs per device and a triple-flavor system, users can switch between three flavors without changing devices. Equipped with a 0.8\u03a9 triple mesh coil, 850mAh rechargeable battery, Type-C charging, and a LED display, this device offers smooth, consistent [&hellip;]<\/p>\n","protected":false},"featured_media":26826,"comment_status":"open","ping_status":"closed","template":"","meta":[],"product_brand":[170],"product_cat":[149],"product_tag":[],"class_list":{"0":"post-26824","1":"product","2":"type-product","3":"status-publish","4":"has-post-thumbnail","6":"product_brand-zooy","7":"product_cat-80k-puffs","9":"first","10":"instock","11":"sale","12":"shipping-taxable","13":"purchasable","14":"product-type-variable"},"yoast_head":"<!-- This site is optimized with the Yoast SEO plugin v27.4 - https:\/\/yoast.com\/product\/yoast-seo-wordpress\/ -->\n<title>ZOOY King Triple 80K 3-in-1 Disposable Vape \u2013 Triple Flavors<\/title>\n<meta name=\"description\" content=\"Enjoy long-lasting vaping with the ZOOY King Triple 80K disposable vape, and 2% or 5% nicotine salt options. Perfect for flavor variety and extended use.\" \/>\n<meta name=\"robots\" content=\"index, follow, max-snippet:-1, max-image-preview:large, max-video-preview:-1\" \/>\n<link rel=\"canonical\" href=\"https:\/\/vapemaison.com\/fr\/produit\/zooy-king-triple-80k-3-en-1-jetable-vape-eu-warehouse\/\" \/>\n<meta property=\"og:locale\" content=\"fr_FR\" \/>\n<meta property=\"og:type\" content=\"article\" \/>\n<meta property=\"og:title\" content=\"ZOOY King Triple 80K 3-in-1 Disposable Vape \u2013 Triple Flavors\" \/>\n<meta property=\"og:description\" content=\"Enjoy long-lasting vaping with the ZOOY King Triple 80K disposable vape, and 2% or 5% nicotine salt options. Perfect for flavor variety and extended use.\" \/>\n<meta property=\"og:url\" content=\"https:\/\/vapemaison.com\/fr\/produit\/zooy-king-triple-80k-3-en-1-jetable-vape-eu-warehouse\/\" \/>\n<meta property=\"og:site_name\" content=\"VapeMaison\" \/>\n<meta property=\"article:modified_time\" content=\"2026-03-20T07:22:31+00:00\" \/>\n<meta property=\"og:image\" content=\"https:\/\/vapemaison.com\/wp-content\/uploads\/2026\/02\/zooy-king-triple-80000-puffs-3.webp\" \/>\n\t<meta property=\"og:image:width\" content=\"808\" \/>\n\t<meta property=\"og:image:height\" content=\"808\" \/>\n\t<meta property=\"og:image:type\" content=\"image\/webp\" \/>\n<meta name=\"twitter:card\" content=\"summary_large_image\" \/>\n<meta name=\"twitter:label1\" content=\"Dur\u00e9e de lecture estim\u00e9e\" \/>\n\t<meta name=\"twitter:data1\" content=\"2 minutes\" \/>\n<!-- \/ Yoast SEO plugin. -->","yoast_head_json":{"title":"ZOOY King Triple 80K 3-en-1 Vape jetable - Triple Flavors","description":"Profitez d'une vape de longue dur\u00e9e avec la vape jetable ZOOY King Triple 80K et les options de sel de nicotine 2% ou 5%. Parfait pour une vari\u00e9t\u00e9 d'ar\u00f4mes et une utilisation prolong\u00e9e.","robots":{"index":"index","follow":"follow","max-snippet":"max-snippet:-1","max-image-preview":"max-image-preview:large","max-video-preview":"max-video-preview:-1"},"canonical":"https:\/\/vapemaison.com\/fr\/produit\/zooy-king-triple-80k-3-en-1-jetable-vape-eu-warehouse\/","og_locale":"fr_FR","og_type":"article","og_title":"ZOOY King Triple 80K 3-in-1 Disposable Vape \u2013 Triple Flavors","og_description":"Enjoy long-lasting vaping with the ZOOY King Triple 80K disposable vape, and 2% or 5% nicotine salt options. Perfect for flavor variety and extended use.","og_url":"https:\/\/vapemaison.com\/fr\/produit\/zooy-king-triple-80k-3-en-1-jetable-vape-eu-warehouse\/","og_site_name":"VapeMaison","article_modified_time":"2026-03-20T07:22:31+00:00","og_image":[{"width":808,"height":808,"url":"https:\/\/vapemaison.com\/wp-content\/uploads\/2026\/02\/zooy-king-triple-80000-puffs-3.webp","type":"image\/webp"}],"twitter_card":"summary_large_image","twitter_misc":{"Dur\u00e9e de lecture estim\u00e9e":"2 minutes"},"schema":{"@context":"https:\/\/schema.org","@graph":[{"@type":"WebPage","@id":"https:\/\/vapemaison.com\/product\/zooy-king-triple-80k-3-in-1-disposable-vape-eu-warehouse\/","url":"https:\/\/vapemaison.com\/product\/zooy-king-triple-80k-3-in-1-disposable-vape-eu-warehouse\/","name":"ZOOY King Triple 80K 3-en-1 Vape jetable - Triple Flavors","isPartOf":{"@id":"https:\/\/vapemaison.com\/#website"},"primaryImageOfPage":{"@id":"https:\/\/vapemaison.com\/product\/zooy-king-triple-80k-3-in-1-disposable-vape-eu-warehouse\/#primaryimage"},"image":{"@id":"https:\/\/vapemaison.com\/product\/zooy-king-triple-80k-3-in-1-disposable-vape-eu-warehouse\/#primaryimage"},"thumbnailUrl":"https:\/\/vapemaison.com\/wp-content\/uploads\/2026\/02\/zooy-king-triple-80000-puffs-3.webp","datePublished":"2026-02-02T10:47:43+00:00","dateModified":"2026-03-20T07:22:31+00:00","description":"Profitez d'une vape de longue dur\u00e9e avec la vape jetable ZOOY King Triple 80K et les options de sel de nicotine 2% ou 5%. Parfait pour une vari\u00e9t\u00e9 d'ar\u00f4mes et une utilisation prolong\u00e9e.","breadcrumb":{"@id":"https:\/\/vapemaison.com\/product\/zooy-king-triple-80k-3-in-1-disposable-vape-eu-warehouse\/#breadcrumb"},"inLanguage":"fr-FR","potentialAction":[{"@type":"ReadAction","target":["https:\/\/vapemaison.com\/product\/zooy-king-triple-80k-3-in-1-disposable-vape-eu-warehouse\/"]}]},{"@type":"ImageObject","inLanguage":"fr-FR","@id":"https:\/\/vapemaison.com\/product\/zooy-king-triple-80k-3-in-1-disposable-vape-eu-warehouse\/#primaryimage","url":"https:\/\/vapemaison.com\/wp-content\/uploads\/2026\/02\/zooy-king-triple-80000-puffs-3.webp","contentUrl":"https:\/\/vapemaison.com\/wp-content\/uploads\/2026\/02\/zooy-king-triple-80000-puffs-3.webp","width":808,"height":808,"caption":"zooy-king-triple-80000-puffs-3"},{"@type":"BreadcrumbList","@id":"https:\/\/vapemaison.com\/product\/zooy-king-triple-80k-3-in-1-disposable-vape-eu-warehouse\/#breadcrumb","itemListElement":[{"@type":"ListItem","position":1,"name":"\u9996\u9875","item":"https:\/\/vapemaison.com\/"},{"@type":"ListItem","position":2,"name":"Shop","item":"https:\/\/vapemaison.com\/shop\/"},{"@type":"ListItem","position":3,"name":"Zooy","item":"https:\/\/vapemaison.com\/brand\/zooy\/"},{"@type":"ListItem","position":4,"name":"ZOOY King Triple 80K 3-in-1 Disposable Vape \u2013 EU Warehouse"}]},{"@type":"WebSite","@id":"https:\/\/vapemaison.com\/#website","url":"https:\/\/vapemaison.com\/","name":"VapeMaison","description":"Appareils et accessoires de vapotage haut de gamme","publisher":{"@id":"https:\/\/vapemaison.com\/#organization"},"potentialAction":[{"@type":"SearchAction","target":{"@type":"EntryPoint","urlTemplate":"https:\/\/vapemaison.com\/?s={search_term_string}"},"query-input":{"@type":"PropertyValueSpecification","valueRequired":true,"valueName":"search_term_string"}}],"inLanguage":"fr-FR"},{"@type":"Organization","@id":"https:\/\/vapemaison.com\/#organization","name":"VapeMaison","url":"https:\/\/vapemaison.com\/","logo":{"@type":"ImageObject","inLanguage":"fr-FR","@id":"https:\/\/vapemaison.com\/#\/schema\/logo\/image\/","url":"https:\/\/vapemaison.com\/wp-content\/uploads\/2026\/01\/cropped-vapemaison-logo-g-2026.webp","contentUrl":"https:\/\/vapemaison.com\/wp-content\/uploads\/2026\/01\/cropped-vapemaison-logo-g-2026.webp","width":350,"height":280,"caption":"VapeMaison"},"image":{"@id":"https:\/\/vapemaison.com\/#\/schema\/logo\/image\/"},"sameAs":["https:\/\/www.youtube.com\/@VapeMaison"]}]}},"tiered_pricing_type":"fixed","tiered_pricing_fixed_rules":{"30":"12.24","50":"11.58","100":"10.12","200":"9.36"},"tiered_pricing_product_settings":{"layout":"default","base_unit_name":{"singular":null,"plural":null},"default_variation":null},"tiered_pricing_minimum_quantity":10,"tiered_pricing_roles_data":[],"tiered_pricing_percentage_rules":[],"tiered_pricing_maximum_quantity":null,"tiered_pricing_quantity_step":"10","_links":{"self":[{"href":"https:\/\/vapemaison.com\/fr\/wp-json\/wp\/v2\/product\/26824","targetHints":{"allow":["GET"]}}],"collection":[{"href":"https:\/\/vapemaison.com\/fr\/wp-json\/wp\/v2\/product"}],"about":[{"href":"https:\/\/vapemaison.com\/fr\/wp-json\/wp\/v2\/types\/product"}],"replies":[{"embeddable":true,"href":"https:\/\/vapemaison.com\/fr\/wp-json\/wp\/v2\/comments?post=26824"}],"version-history":[{"count":2,"href":"https:\/\/vapemaison.com\/fr\/wp-json\/wp\/v2\/product\/26824\/revisions"}],"predecessor-version":[{"id":28220,"href":"https:\/\/vapemaison.com\/fr\/wp-json\/wp\/v2\/product\/26824\/revisions\/28220"}],"wp:featuredmedia":[{"embeddable":true,"href":"https:\/\/vapemaison.com\/fr\/wp-json\/wp\/v2\/media\/26826"}],"wp:attachment":[{"href":"https:\/\/vapemaison.com\/fr\/wp-json\/wp\/v2\/media?parent=26824"}],"wp:term":[{"taxonomy":"product_brand","embeddable":true,"href":"https:\/\/vapemaison.com\/fr\/wp-json\/wp\/v2\/product_brand?post=26824"},{"taxonomy":"product_cat","embeddable":true,"href":"https:\/\/vapemaison.com\/fr\/wp-json\/wp\/v2\/product_cat?post=26824"},{"taxonomy":"product_tag","embeddable":true,"href":"https:\/\/vapemaison.com\/fr\/wp-json\/wp\/v2\/product_tag?post=26824"}],"curies":[{"name":"wp","href":"https:\/\/api.w.org\/{rel}","templated":true}]}}