

{"id":26956,"date":"2026-02-04T06:50:51","date_gmt":"2026-02-04T06:50:51","guid":{"rendered":"https:\/\/vapemaison.com\/?post_type=product&#038;p=26956"},"modified":"2026-02-04T06:51:11","modified_gmt":"2026-02-04T06:51:11","slug":"randm-tornado-7000-puffs-jetable-vape-puff-7k","status":"publish","type":"product","link":"https:\/\/vapemaison.com\/fr\/product\/randm-tornado-7000-puffs-disposable-vape-puff-7k\/","title":{"rendered":"RandM Tornado 7000 Puffs Vape jetable | Puff 7k"},"content":{"rendered":"<p>Le <strong>RandM Tornado 7000 7k<\/strong> est une vape jetable innovante con\u00e7ue pour les vapoteurs qui exigent qualit\u00e9 et commodit\u00e9. Il associe des caract\u00e9ristiques puissantes \u00e0 une grande facilit\u00e9 d'utilisation, garantissant une exp\u00e9rience satisfaisante \u00e0 chaque bouff\u00e9e.<\/p>\n\n\n\n<p><strong>D\u00e9bit d'air r\u00e9glable<\/strong> permet aux utilisateurs de contr\u00f4ler la densit\u00e9 de la vapeur et l'intensit\u00e9 des ar\u00f4mes, ce qui vous permet de personnaliser votre exp\u00e9rience de vapotage \u00e0 la perfection.<\/p>\n\n\n\n<p><strong>Conception rechargeable<\/strong> le distingue des produits jetables habituels. Le port de charge Type-C situ\u00e9 en bas vous permet de tirer le meilleur parti de chaque goutte d'e-liquide, prolongeant ainsi l'utilisation de l'appareil.<\/p>\n\n\n\n<p><strong>Capacit\u00e9 g\u00e9n\u00e9reuse en e-liquide<\/strong>: Avec 14 ml d'e-juice, l'appareil permet de longues sessions de vapotage et offre des options de sels de nicotine 2% et 5% pour r\u00e9pondre aux diff\u00e9rentes pr\u00e9f\u00e9rences.<\/p>\n\n\n\n<p>En outre, le RandM Tornado 7000 7k offre <strong>56 saveurs<\/strong>, La gamme de produits de l'Union europ\u00e9enne offre une grande vari\u00e9t\u00e9 d'exp\u00e9riences gustatives, de la menthe fra\u00eeche aux m\u00e9langes fruit\u00e9s en passant par les desserts et les boissons, offrant ainsi aux utilisateurs une grande diversit\u00e9 de go\u00fbts.<\/p>\n\n\n\n<h3 class=\"wp-block-heading\">Sp\u00e9cifications des produits<\/h3>\n\n\n\n<figure class=\"wp-block-table is-style-stripes\"><table class=\"has-fixed-layout\"><thead><tr><th>Sp\u00e9cifications<\/th><th>D\u00e9tails<\/th><\/tr><\/thead><tbody><tr><td>Sel de nicotine<\/td><td>2% \/ 5%<\/td><\/tr><tr><td>Capacit\u00e9 en e-liquide<\/td><td>14ml<\/td><\/tr><tr><td>Bouff\u00e9es par appareil<\/td><td>Environ 7000<\/td><\/tr><tr><td>Contr\u00f4le du d\u00e9bit d'air<\/td><td>R\u00e9glable pour une vapeur et une saveur personnalis\u00e9es<\/td><\/tr><tr><td>Port de charge<\/td><td>Type-C<\/td><\/tr><tr><td>Batterie<\/td><td>Batterie rechargeable int\u00e9gr\u00e9e de 850mAh<\/td><\/tr><tr><td>Rechargeable<\/td><td>Oui<\/td><\/tr><tr><td>Saveurs disponibles<\/td><td>56<\/td><\/tr><tr><td>Emballage<\/td><td>10 pcs \/ bo\u00eete de pr\u00e9sentation<\/td><\/tr><\/tbody><\/table><\/figure>\n\n\n\n<h3 class=\"wp-block-heading\">Saveurs disponibles<\/h3>\n\n\n\n<ol class=\"wp-block-list\">\n<li>Menthe fra\u00eeche<\/li>\n\n\n\n<li>Glace luxuriante<\/li>\n\n\n\n<li>Glace \u00e0 la mandarine<\/li>\n\n\n\n<li>Donut \u00e0 la fraise<\/li>\n\n\n\n<li>Ours en gomme<\/li>\n\n\n\n<li>Myrtille sur glace<\/li>\n\n\n\n<li>Mangue sur glace<\/li>\n\n\n\n<li>Glace \u00e0 la p\u00eache<\/li>\n\n\n\n<li>Banane glac\u00e9e<\/li>\n\n\n\n<li>Glace de raisin<\/li>\n\n\n\n<li>Limonade rose<\/li>\n\n\n\n<li>Rhum Pina Colada<\/li>\n\n\n\n<li>Baies m\u00e9lang\u00e9es<\/li>\n\n\n\n<li>Milkshake \u00e0 la banane<\/li>\n\n\n\n<li>Past\u00e8que \u00e0 la fraise<\/li>\n\n\n\n<li>Pomme rouge Citron<\/li>\n\n\n\n<li>Glace \u00e0 l'ananas<\/li>\n\n\n\n<li>Barbe \u00e0 papa<\/li>\n\n\n\n<li>Fraise et banane<\/li>\n\n\n\n<li>Glace \u00e0 la fraise<\/li>\n\n\n\n<li>Glace \u00e9nerg\u00e9tique rouge<\/li>\n\n\n\n<li>Limonade Blue Razz<\/li>\n\n\n\n<li>Glace aux pommes rouges<\/li>\n\n\n\n<li>Limonade aux baies<\/li>\n\n\n\n<li>Myrtille et chewing-gum<\/li>\n\n\n\n<li>Bluesour Framboise<\/li>\n\n\n\n<li>M. Bleu<\/li>\n\n\n\n<li>Pomme P\u00eache Poire<\/li>\n\n\n\n<li>Myrtille Grenade<\/li>\n\n\n\n<li>Vimto<\/li>\n\n\n\n<li>Kiwi Fruit de la passion Goyave<\/li>\n\n\n\n<li>Cola<\/li>\n\n\n\n<li>Pomme acide<\/li>\n\n\n\n<li>Cassis Menthol<\/li>\n\n\n\n<li>Sang de tigre<\/li>\n\n\n\n<li>Bonbons \u00e0 la p\u00eache et \u00e0 la myrtille<\/li>\n\n\n\n<li>P\u00eache Mangue<\/li>\n\n\n\n<li>Red Bull \u00e0 la fraise<\/li>\n\n\n\n<li>Glace au cassis<\/li>\n\n\n\n<li>Limonade \u00e0 la fraise et \u00e0 la past\u00e8que<\/li>\n\n\n\n<li>Cerise<\/li>\n\n\n\n<li>Bleu Razz Cherry<\/li>\n\n\n\n<li>Skittles<\/li>\n\n\n\n<li>Myrtille Framboise<\/li>\n\n\n\n<li>Fraise Raisin<\/li>\n\n\n\n<li>Myrtille Cerise Canneberge<\/li>\n\n\n\n<li>Explosion de pommes et de baies<\/li>\n\n\n\n<li>Cola \u00e0 la cerise<\/li>\n\n\n\n<li>Citron et citron vert<\/li>\n\n\n\n<li>\u00c9clat rose<\/li>\n\n\n\n<li>Glaci\u00e8re du Pacifique<\/li>\n\n\n\n<li>Glaces<\/li>\n\n\n\n<li>Bingo Crush<\/li>\n\n\n\n<li>Vimto Crush<\/li>\n\n\n\n<li>Tabac<\/li>\n<\/ol>","protected":false},"excerpt":{"rendered":"<p>The RandM Tornado 7000 7k is an innovative disposable vape designed for vapers who demand quality and convenience. It combines powerful features with ease of use, ensuring a satisfying experience with every puff. Adjustable airflow allows users to control vapor density and flavor intensity, letting you customize your vaping experience to perfection. Rechargeable design sets [&hellip;]<\/p>\n","protected":false},"featured_media":26967,"comment_status":"open","ping_status":"closed","template":"","meta":[],"product_brand":[],"product_cat":[16],"product_tag":[],"class_list":{"0":"post-26956","1":"product","2":"type-product","3":"status-publish","4":"has-post-thumbnail","6":"product_cat-uncategorized","8":"first","9":"instock","10":"sale","11":"shipping-taxable","12":"purchasable","13":"product-type-variable"},"yoast_head":"<!-- This site is optimized with the Yoast SEO plugin v27.4 - https:\/\/yoast.com\/product\/yoast-seo-wordpress\/ -->\n<title>RandM Tornado 7000 7k Disposable Vape \u2013 7000 Puffs, 56 Flavor<\/title>\n<meta name=\"description\" content=\"Experience the RandM Tornado disposable vape with 7000 puffs, Choose from 56 flavors and 2% or 5% nicotine salt for a fully customizable vaping experience.\" \/>\n<meta name=\"robots\" content=\"index, follow, max-snippet:-1, max-image-preview:large, max-video-preview:-1\" \/>\n<link rel=\"canonical\" href=\"https:\/\/vapemaison.com\/fr\/produit\/randm-tornado-7000-puffs-jetable-vape-puff-7k\/\" \/>\n<meta property=\"og:locale\" content=\"fr_FR\" \/>\n<meta property=\"og:type\" content=\"article\" \/>\n<meta property=\"og:title\" content=\"RandM Tornado 7000 7k Disposable Vape \u2013 7000 Puffs, 56 Flavor\" \/>\n<meta property=\"og:description\" content=\"Experience the RandM Tornado disposable vape with 7000 puffs, Choose from 56 flavors and 2% or 5% nicotine salt for a fully customizable vaping experience.\" \/>\n<meta property=\"og:url\" content=\"https:\/\/vapemaison.com\/fr\/produit\/randm-tornado-7000-puffs-jetable-vape-puff-7k\/\" \/>\n<meta property=\"og:site_name\" content=\"VapeMaison\" \/>\n<meta property=\"article:modified_time\" content=\"2026-02-04T06:51:11+00:00\" \/>\n<meta property=\"og:image\" content=\"https:\/\/vapemaison.com\/wp-content\/uploads\/2026\/02\/vapemaison-RandM-tornado-7000-puffs-00011.webp\" \/>\n\t<meta property=\"og:image:width\" content=\"1000\" \/>\n\t<meta property=\"og:image:height\" content=\"1000\" \/>\n\t<meta property=\"og:image:type\" content=\"image\/webp\" \/>\n<meta name=\"twitter:card\" content=\"summary_large_image\" \/>\n<meta name=\"twitter:label1\" content=\"Dur\u00e9e de lecture estim\u00e9e\" \/>\n\t<meta name=\"twitter:data1\" content=\"2 minutes\" \/>\n<!-- \/ Yoast SEO plugin. -->","yoast_head_json":{"title":"RandM Tornado 7000 7k Vape jetable - 7000 bouff\u00e9es, 56 saveurs","description":"D\u00e9couvrez la vape jetable RandM Tornado avec 7000 bouff\u00e9es, choisissez parmi 56 ar\u00f4mes et 2% ou 5% de sel de nicotine pour une exp\u00e9rience de vapotage enti\u00e8rement personnalisable.","robots":{"index":"index","follow":"follow","max-snippet":"max-snippet:-1","max-image-preview":"max-image-preview:large","max-video-preview":"max-video-preview:-1"},"canonical":"https:\/\/vapemaison.com\/fr\/produit\/randm-tornado-7000-puffs-jetable-vape-puff-7k\/","og_locale":"fr_FR","og_type":"article","og_title":"RandM Tornado 7000 7k Disposable Vape \u2013 7000 Puffs, 56 Flavor","og_description":"Experience the RandM Tornado disposable vape with 7000 puffs, Choose from 56 flavors and 2% or 5% nicotine salt for a fully customizable vaping experience.","og_url":"https:\/\/vapemaison.com\/fr\/produit\/randm-tornado-7000-puffs-jetable-vape-puff-7k\/","og_site_name":"VapeMaison","article_modified_time":"2026-02-04T06:51:11+00:00","og_image":[{"width":1000,"height":1000,"url":"https:\/\/vapemaison.com\/wp-content\/uploads\/2026\/02\/vapemaison-RandM-tornado-7000-puffs-00011.webp","type":"image\/webp"}],"twitter_card":"summary_large_image","twitter_misc":{"Dur\u00e9e de lecture estim\u00e9e":"2 minutes"},"schema":{"@context":"https:\/\/schema.org","@graph":[{"@type":"WebPage","@id":"https:\/\/vapemaison.com\/product\/randm-tornado-7000-puffs-disposable-vape-puff-7k\/","url":"https:\/\/vapemaison.com\/product\/randm-tornado-7000-puffs-disposable-vape-puff-7k\/","name":"RandM Tornado 7000 7k Vape jetable - 7000 bouff\u00e9es, 56 saveurs","isPartOf":{"@id":"https:\/\/vapemaison.com\/#website"},"primaryImageOfPage":{"@id":"https:\/\/vapemaison.com\/product\/randm-tornado-7000-puffs-disposable-vape-puff-7k\/#primaryimage"},"image":{"@id":"https:\/\/vapemaison.com\/product\/randm-tornado-7000-puffs-disposable-vape-puff-7k\/#primaryimage"},"thumbnailUrl":"https:\/\/vapemaison.com\/wp-content\/uploads\/2026\/02\/vapemaison-RandM-tornado-7000-puffs-00011.webp","datePublished":"2026-02-04T06:50:51+00:00","dateModified":"2026-02-04T06:51:11+00:00","description":"D\u00e9couvrez la vape jetable RandM Tornado avec 7000 bouff\u00e9es, choisissez parmi 56 ar\u00f4mes et 2% ou 5% de sel de nicotine pour une exp\u00e9rience de vapotage enti\u00e8rement personnalisable.","breadcrumb":{"@id":"https:\/\/vapemaison.com\/product\/randm-tornado-7000-puffs-disposable-vape-puff-7k\/#breadcrumb"},"inLanguage":"fr-FR","potentialAction":[{"@type":"ReadAction","target":["https:\/\/vapemaison.com\/product\/randm-tornado-7000-puffs-disposable-vape-puff-7k\/"]}]},{"@type":"ImageObject","inLanguage":"fr-FR","@id":"https:\/\/vapemaison.com\/product\/randm-tornado-7000-puffs-disposable-vape-puff-7k\/#primaryimage","url":"https:\/\/vapemaison.com\/wp-content\/uploads\/2026\/02\/vapemaison-RandM-tornado-7000-puffs-00011.webp","contentUrl":"https:\/\/vapemaison.com\/wp-content\/uploads\/2026\/02\/vapemaison-RandM-tornado-7000-puffs-00011.webp","width":1000,"height":1000,"caption":"vapemaison-RandM-tornado-7000-puffs-00011"},{"@type":"BreadcrumbList","@id":"https:\/\/vapemaison.com\/product\/randm-tornado-7000-puffs-disposable-vape-puff-7k\/#breadcrumb","itemListElement":[{"@type":"ListItem","position":1,"name":"\u9996\u9875","item":"https:\/\/vapemaison.com\/"},{"@type":"ListItem","position":2,"name":"Shop","item":"https:\/\/vapemaison.com\/shop\/"},{"@type":"ListItem","position":3,"name":"RandM Tornado 7000 Puffs Disposable Vape | Puff 7k"}]},{"@type":"WebSite","@id":"https:\/\/vapemaison.com\/#website","url":"https:\/\/vapemaison.com\/","name":"VapeMaison","description":"Appareils et accessoires de vapotage haut de gamme","publisher":{"@id":"https:\/\/vapemaison.com\/#organization"},"potentialAction":[{"@type":"SearchAction","target":{"@type":"EntryPoint","urlTemplate":"https:\/\/vapemaison.com\/?s={search_term_string}"},"query-input":{"@type":"PropertyValueSpecification","valueRequired":true,"valueName":"search_term_string"}}],"inLanguage":"fr-FR"},{"@type":"Organization","@id":"https:\/\/vapemaison.com\/#organization","name":"VapeMaison","url":"https:\/\/vapemaison.com\/","logo":{"@type":"ImageObject","inLanguage":"fr-FR","@id":"https:\/\/vapemaison.com\/#\/schema\/logo\/image\/","url":"https:\/\/vapemaison.com\/wp-content\/uploads\/2026\/01\/cropped-vapemaison-logo-g-2026.webp","contentUrl":"https:\/\/vapemaison.com\/wp-content\/uploads\/2026\/01\/cropped-vapemaison-logo-g-2026.webp","width":350,"height":280,"caption":"VapeMaison"},"image":{"@id":"https:\/\/vapemaison.com\/#\/schema\/logo\/image\/"},"sameAs":["https:\/\/www.youtube.com\/@VapeMaison"]}]}},"tiered_pricing_type":"fixed","tiered_pricing_fixed_rules":{"30":"9.98","50":"9.12","100":"8.36","200":"7.99"},"tiered_pricing_product_settings":{"layout":"default","base_unit_name":{"singular":null,"plural":null},"default_variation":null},"tiered_pricing_minimum_quantity":10,"tiered_pricing_roles_data":[],"tiered_pricing_percentage_rules":[],"tiered_pricing_maximum_quantity":null,"tiered_pricing_quantity_step":"10","_links":{"self":[{"href":"https:\/\/vapemaison.com\/fr\/wp-json\/wp\/v2\/product\/26956","targetHints":{"allow":["GET"]}}],"collection":[{"href":"https:\/\/vapemaison.com\/fr\/wp-json\/wp\/v2\/product"}],"about":[{"href":"https:\/\/vapemaison.com\/fr\/wp-json\/wp\/v2\/types\/product"}],"replies":[{"embeddable":true,"href":"https:\/\/vapemaison.com\/fr\/wp-json\/wp\/v2\/comments?post=26956"}],"version-history":[{"count":1,"href":"https:\/\/vapemaison.com\/fr\/wp-json\/wp\/v2\/product\/26956\/revisions"}],"predecessor-version":[{"id":26971,"href":"https:\/\/vapemaison.com\/fr\/wp-json\/wp\/v2\/product\/26956\/revisions\/26971"}],"wp:featuredmedia":[{"embeddable":true,"href":"https:\/\/vapemaison.com\/fr\/wp-json\/wp\/v2\/media\/26967"}],"wp:attachment":[{"href":"https:\/\/vapemaison.com\/fr\/wp-json\/wp\/v2\/media?parent=26956"}],"wp:term":[{"taxonomy":"product_brand","embeddable":true,"href":"https:\/\/vapemaison.com\/fr\/wp-json\/wp\/v2\/product_brand?post=26956"},{"taxonomy":"product_cat","embeddable":true,"href":"https:\/\/vapemaison.com\/fr\/wp-json\/wp\/v2\/product_cat?post=26956"},{"taxonomy":"product_tag","embeddable":true,"href":"https:\/\/vapemaison.com\/fr\/wp-json\/wp\/v2\/product_tag?post=26956"}],"curies":[{"name":"wp","href":"https:\/\/api.w.org\/{rel}","templated":true}]}}