

{"id":26976,"date":"2026-02-04T10:10:02","date_gmt":"2026-02-04T10:10:02","guid":{"rendered":"https:\/\/vapemaison.com\/?post_type=product&#038;p=26976"},"modified":"2026-02-05T08:40:46","modified_gmt":"2026-02-05T08:40:46","slug":"jnr-falcon-bar-48000-jetable-vape","status":"publish","type":"product","link":"https:\/\/vapemaison.com\/fr\/product\/jnr-falcon-bar-48000-disposable-vape\/","title":{"rendered":"JNR Falcon Bar 48000 Vape jetable"},"content":{"rendered":"<p>Le <strong>JNR Falcon 48000<\/strong> est un produit rechargeable jetable de grande capacit\u00e9 con\u00e7u pour les vapoteurs qui veulent <strong>longue dur\u00e9e de vie, go\u00fbt stable et performance r\u00e9glable<\/strong> en un seul appareil. Dot\u00e9 de la technologie avanc\u00e9e JNR \u00e0 double maille et d'un design ultra-transparent, il d\u00e9livre une vapeur constante de la premi\u00e8re \u00e0 la derni\u00e8re bouff\u00e9e.<\/p>\n\n\n\n<p>Avec un <strong>Capacit\u00e9 de 45 ml d'e-liquide<\/strong>, <strong>Batterie rechargeable de 1000mAh<\/strong>, et <strong>d\u00e9bit d'air r\u00e9glable<\/strong>, Ce dispositif va bien au-del\u00e0 des produits jetables standard. La coque transparente vous permet de contr\u00f4ler facilement les niveaux de liquide, tandis que le syst\u00e8me d'aspiration permet une utilisation sans effort - pas de boutons, pas de r\u00e9glages, il suffit d'inhaler.<\/p>\n\n\n\n<p>Que vous pr\u00e9f\u00e9riez les tirages MTL serr\u00e9s ou les nuages DTL a\u00e9r\u00e9s, le Falcon 48K s'adapte \u00e0 votre style tout en pr\u00e9servant la clart\u00e9 des saveurs et la satisfaction de la gorge.<\/p>\n\n\n\n<h3 class=\"wp-block-heading\"><strong>Faits marquants<\/strong><\/h3>\n\n\n\n<ul class=\"wp-block-list\">\n<li>Jusqu'\u00e0 <strong>48 000 bouff\u00e9es<\/strong><\/li>\n\n\n\n<li><strong>45ml<\/strong> grande capacit\u00e9 d'e-liquide<\/li>\n\n\n\n<li><strong>Coils Dual Mesh<\/strong> pour une consistance aromatique plus forte<\/li>\n\n\n\n<li><strong>D\u00e9bit d'air r\u00e9glable<\/strong> (MTL \u2194 DTL)<\/li>\n\n\n\n<li><strong>Batterie rechargeable de 1000mAh<\/strong><\/li>\n\n\n\n<li><strong>Chargement rapide de type C<\/strong><\/li>\n\n\n\n<li><strong>R\u00e9servoir ultra-transparent<\/strong><\/li>\n\n\n\n<li>Fonctionnement par tirage au sort<\/li>\n\n\n\n<li>D\u00e9livrance de nicotine en douceur (2%)<\/li>\n<\/ul>\n\n\n\n<h2 class=\"wp-block-heading\"><strong>Sp\u00e9cifications<\/strong><\/h2>\n\n\n\n<figure class=\"wp-block-table is-style-stripes\"><table class=\"has-fixed-layout\"><thead><tr><th>Fonctionnalit\u00e9<\/th><th>D\u00e9tails<\/th><\/tr><\/thead><tbody><tr><td>Nombre de bouff\u00e9es<\/td><td>Jusqu'\u00e0 48 000 bouff\u00e9es<\/td><\/tr><tr><td>Capacit\u00e9 en e-liquide<\/td><td>45 ml<\/td><\/tr><tr><td>Batterie<\/td><td>1000 mAh Rechargeable<\/td><\/tr><tr><td>Port de charge<\/td><td>USB Type-C<\/td><\/tr><tr><td>Type de bobine<\/td><td>Coils Dual Mesh<\/td><\/tr><tr><td>D\u00e9bit d'air<\/td><td>R\u00e9glable<\/td><\/tr><tr><td>Activation<\/td><td>Dessin activ\u00e9<\/td><\/tr><tr><td>Conception<\/td><td>Coque ultra-transparente<\/td><\/tr><tr><td>Intensit\u00e9 de la nicotine<\/td><td>2% (20mg\/ml)<\/td><\/tr><\/tbody><\/table><\/figure>\n\n\n\n<hr class=\"wp-block-separator has-alpha-channel-opacity\"\/>\n\n\n\n<h2 class=\"wp-block-heading\"><strong>FAQ<\/strong><\/h2>\n\n\n\n<h3 class=\"wp-block-heading\"><strong>1. Quelle est la dur\u00e9e de vie du JNR Falcon 48000 ?<\/strong><\/h3>\n\n\n\n<p>Selon les habitudes d'utilisation, il peut durer de plusieurs semaines \u00e0 plus d'un mois. La grande capacit\u00e9 d'e-liquide et la batterie rechargeable garantissent des performances accrues par rapport aux produits jetables standard.<\/p>\n\n\n\n<h3 class=\"wp-block-heading\"><strong>2. Puis-je recharger l'appareil ?<\/strong><\/h3>\n\n\n\n<p>Oui. Il comporte un <strong>Batterie rechargeable de 1000mAh<\/strong> avec charge de type C. Cela vous permet d'utiliser tout le e-liquide sans gaspiller de capacit\u00e9.<\/p>\n\n\n\n<h3 class=\"wp-block-heading\"><strong>3. Que fait la technologie de la bobine \u00e0 double maille ?<\/strong><\/h3>\n\n\n\n<p>Les serpentins \u00e0 double maille chauffent plus uniform\u00e9ment que les serpentins traditionnels, produisant ainsi <strong>une saveur plus prononc\u00e9e, une vapeur plus douce et un rendement constant<\/strong> pendant toute la dur\u00e9e de vie de l'appareil.<\/p>\n\n\n\n<h3 class=\"wp-block-heading\"><strong>4. Convient-il aux d\u00e9butants ?<\/strong><\/h3>\n\n\n\n<p>Oui, c'est <strong>dessin-activ\u00e9<\/strong>, Il ne n\u00e9cessite aucun r\u00e9glage et est tr\u00e8s facile \u00e0 utiliser. Il suffit d'inhaler pour l'activer.<\/p>\n\n\n\n<h3 class=\"wp-block-heading\"><strong>5. Puis-je ajuster le style de dessin ?<\/strong><\/h3>\n\n\n\n<p>Oui. Le curseur de r\u00e9glage du flux d'air vous permet de passer d'un flux d'air \u00e0 l'autre. <strong>tirage serr\u00e9 comme une cigarette (MTL)<\/strong> et un <strong>un tirage au sort plus l\u00e2che ax\u00e9 sur le nuage (DTL).<\/strong><\/p>\n\n\n\n<h3 class=\"wp-block-heading\"><strong>6. Comment savoir quand le recharger ?<\/strong><\/h3>\n\n\n\n<p>Le voyant lumineux clignote lorsque la batterie est faible et la production de vapeur peut diminuer. Il suffit de la recharger via le port Type-C.<\/p>","protected":false},"excerpt":{"rendered":"<p>The JNR Falcon 48000 is a high-capacity rechargeable disposable designed for vapers who want long lifespan, stable flavour, and adjustable performance in one device. Built with JNR\u2019s advanced dual-mesh technology and ultra-transparent design, it delivers consistent vapour output from the first puff to the last. With a 45ml e-liquid capacity, 1000mAh rechargeable battery, and adjustable [&hellip;]<\/p>\n","protected":false},"featured_media":26986,"comment_status":"open","ping_status":"closed","template":"","meta":[],"product_brand":[],"product_cat":[16],"product_tag":[],"class_list":{"0":"post-26976","1":"product","2":"type-product","3":"status-publish","4":"has-post-thumbnail","6":"product_cat-uncategorized","8":"first","9":"instock","10":"sale","11":"featured","12":"shipping-taxable","13":"purchasable","14":"product-type-variable"},"yoast_head":"<!-- This site is optimized with the Yoast SEO plugin v27.4 - https:\/\/yoast.com\/product\/yoast-seo-wordpress\/ -->\n<title>JNR Falcon 48000 Disposable Vape<\/title>\n<meta name=\"description\" content=\"Discover JNR Falcon 48000 with 45ml e-liquid, dual mesh coils, adjustable airflow, and a rechargeable 1000mAh battery for long-lasting smooth flavour.\" \/>\n<meta name=\"robots\" content=\"index, follow, max-snippet:-1, max-image-preview:large, max-video-preview:-1\" \/>\n<link rel=\"canonical\" href=\"https:\/\/vapemaison.com\/fr\/produit\/jnr-falcon-bar-48000-jetable-vape\/\" \/>\n<meta property=\"og:locale\" content=\"fr_FR\" \/>\n<meta property=\"og:type\" content=\"article\" \/>\n<meta property=\"og:title\" content=\"JNR Falcon 48000 Disposable Vape\" \/>\n<meta property=\"og:description\" content=\"Discover JNR Falcon 48000 with 45ml e-liquid, dual mesh coils, adjustable airflow, and a rechargeable 1000mAh battery for long-lasting smooth flavour.\" \/>\n<meta property=\"og:url\" content=\"https:\/\/vapemaison.com\/fr\/produit\/jnr-falcon-bar-48000-jetable-vape\/\" \/>\n<meta property=\"og:site_name\" content=\"VapeMaison\" \/>\n<meta property=\"article:modified_time\" content=\"2026-02-05T08:40:46+00:00\" \/>\n<meta property=\"og:image\" content=\"https:\/\/vapemaison.com\/wp-content\/uploads\/2026\/02\/jnr-falcon-bar-48000-puffs-dispasable-vape-flavor-strawberry-watermelon-ice.webp\" \/>\n\t<meta property=\"og:image:width\" content=\"1600\" \/>\n\t<meta property=\"og:image:height\" content=\"1600\" \/>\n\t<meta property=\"og:image:type\" content=\"image\/webp\" \/>\n<meta name=\"twitter:card\" content=\"summary_large_image\" \/>\n<meta name=\"twitter:label1\" content=\"Dur\u00e9e de lecture estim\u00e9e\" \/>\n\t<meta name=\"twitter:data1\" content=\"2 minutes\" \/>\n<!-- \/ Yoast SEO plugin. -->","yoast_head_json":{"title":"JNR Falcon 48000 Vape jetable","description":"D\u00e9couvrez le JNR Falcon 48000 avec 45ml d'e-liquide, des dual mesh coils, un airflow r\u00e9glable et une batterie rechargeable de 1000mAh pour une saveur douce et durable.","robots":{"index":"index","follow":"follow","max-snippet":"max-snippet:-1","max-image-preview":"max-image-preview:large","max-video-preview":"max-video-preview:-1"},"canonical":"https:\/\/vapemaison.com\/fr\/produit\/jnr-falcon-bar-48000-jetable-vape\/","og_locale":"fr_FR","og_type":"article","og_title":"JNR Falcon 48000 Disposable Vape","og_description":"Discover JNR Falcon 48000 with 45ml e-liquid, dual mesh coils, adjustable airflow, and a rechargeable 1000mAh battery for long-lasting smooth flavour.","og_url":"https:\/\/vapemaison.com\/fr\/produit\/jnr-falcon-bar-48000-jetable-vape\/","og_site_name":"VapeMaison","article_modified_time":"2026-02-05T08:40:46+00:00","og_image":[{"width":1600,"height":1600,"url":"https:\/\/vapemaison.com\/wp-content\/uploads\/2026\/02\/jnr-falcon-bar-48000-puffs-dispasable-vape-flavor-strawberry-watermelon-ice.webp","type":"image\/webp"}],"twitter_card":"summary_large_image","twitter_misc":{"Dur\u00e9e de lecture estim\u00e9e":"2 minutes"},"schema":{"@context":"https:\/\/schema.org","@graph":[{"@type":"WebPage","@id":"https:\/\/vapemaison.com\/product\/jnr-falcon-bar-48000-disposable-vape\/","url":"https:\/\/vapemaison.com\/product\/jnr-falcon-bar-48000-disposable-vape\/","name":"JNR Falcon 48000 Vape jetable","isPartOf":{"@id":"https:\/\/vapemaison.com\/#website"},"primaryImageOfPage":{"@id":"https:\/\/vapemaison.com\/product\/jnr-falcon-bar-48000-disposable-vape\/#primaryimage"},"image":{"@id":"https:\/\/vapemaison.com\/product\/jnr-falcon-bar-48000-disposable-vape\/#primaryimage"},"thumbnailUrl":"https:\/\/vapemaison.com\/wp-content\/uploads\/2026\/02\/jnr-falcon-bar-48000-puffs-dispasable-vape-flavor-strawberry-watermelon-ice.webp","datePublished":"2026-02-04T10:10:02+00:00","dateModified":"2026-02-05T08:40:46+00:00","description":"D\u00e9couvrez le JNR Falcon 48000 avec 45ml d'e-liquide, des dual mesh coils, un airflow r\u00e9glable et une batterie rechargeable de 1000mAh pour une saveur douce et durable.","breadcrumb":{"@id":"https:\/\/vapemaison.com\/product\/jnr-falcon-bar-48000-disposable-vape\/#breadcrumb"},"inLanguage":"fr-FR","potentialAction":[{"@type":"ReadAction","target":["https:\/\/vapemaison.com\/product\/jnr-falcon-bar-48000-disposable-vape\/"]}]},{"@type":"ImageObject","inLanguage":"fr-FR","@id":"https:\/\/vapemaison.com\/product\/jnr-falcon-bar-48000-disposable-vape\/#primaryimage","url":"https:\/\/vapemaison.com\/wp-content\/uploads\/2026\/02\/jnr-falcon-bar-48000-puffs-dispasable-vape-flavor-strawberry-watermelon-ice.webp","contentUrl":"https:\/\/vapemaison.com\/wp-content\/uploads\/2026\/02\/jnr-falcon-bar-48000-puffs-dispasable-vape-flavor-strawberry-watermelon-ice.webp","width":1600,"height":1600,"caption":"jnr-falcon-bar-48000-puffs-dispasable-vape-flavor-strawberry-watermelon-ice"},{"@type":"BreadcrumbList","@id":"https:\/\/vapemaison.com\/product\/jnr-falcon-bar-48000-disposable-vape\/#breadcrumb","itemListElement":[{"@type":"ListItem","position":1,"name":"\u9996\u9875","item":"https:\/\/vapemaison.com\/"},{"@type":"ListItem","position":2,"name":"Shop","item":"https:\/\/vapemaison.com\/shop\/"},{"@type":"ListItem","position":3,"name":"JNR Falcon Bar 48000 Disposable Vape"}]},{"@type":"WebSite","@id":"https:\/\/vapemaison.com\/#website","url":"https:\/\/vapemaison.com\/","name":"VapeMaison","description":"Appareils et accessoires de vapotage haut de gamme","publisher":{"@id":"https:\/\/vapemaison.com\/#organization"},"potentialAction":[{"@type":"SearchAction","target":{"@type":"EntryPoint","urlTemplate":"https:\/\/vapemaison.com\/?s={search_term_string}"},"query-input":{"@type":"PropertyValueSpecification","valueRequired":true,"valueName":"search_term_string"}}],"inLanguage":"fr-FR"},{"@type":"Organization","@id":"https:\/\/vapemaison.com\/#organization","name":"VapeMaison","url":"https:\/\/vapemaison.com\/","logo":{"@type":"ImageObject","inLanguage":"fr-FR","@id":"https:\/\/vapemaison.com\/#\/schema\/logo\/image\/","url":"https:\/\/vapemaison.com\/wp-content\/uploads\/2026\/01\/cropped-vapemaison-logo-g-2026.webp","contentUrl":"https:\/\/vapemaison.com\/wp-content\/uploads\/2026\/01\/cropped-vapemaison-logo-g-2026.webp","width":350,"height":280,"caption":"VapeMaison"},"image":{"@id":"https:\/\/vapemaison.com\/#\/schema\/logo\/image\/"},"sameAs":["https:\/\/www.youtube.com\/@VapeMaison"]}]}},"tiered_pricing_type":"fixed","tiered_pricing_fixed_rules":{"30":"16.42","50":"15.36","100":"14.21","200":"12.42"},"tiered_pricing_product_settings":{"layout":"default","base_unit_name":{"singular":null,"plural":null},"default_variation":null},"tiered_pricing_minimum_quantity":10,"tiered_pricing_roles_data":[],"tiered_pricing_percentage_rules":[],"tiered_pricing_maximum_quantity":null,"tiered_pricing_quantity_step":"10","_links":{"self":[{"href":"https:\/\/vapemaison.com\/fr\/wp-json\/wp\/v2\/product\/26976","targetHints":{"allow":["GET"]}}],"collection":[{"href":"https:\/\/vapemaison.com\/fr\/wp-json\/wp\/v2\/product"}],"about":[{"href":"https:\/\/vapemaison.com\/fr\/wp-json\/wp\/v2\/types\/product"}],"replies":[{"embeddable":true,"href":"https:\/\/vapemaison.com\/fr\/wp-json\/wp\/v2\/comments?post=26976"}],"version-history":[{"count":1,"href":"https:\/\/vapemaison.com\/fr\/wp-json\/wp\/v2\/product\/26976\/revisions"}],"predecessor-version":[{"id":26989,"href":"https:\/\/vapemaison.com\/fr\/wp-json\/wp\/v2\/product\/26976\/revisions\/26989"}],"wp:featuredmedia":[{"embeddable":true,"href":"https:\/\/vapemaison.com\/fr\/wp-json\/wp\/v2\/media\/26986"}],"wp:attachment":[{"href":"https:\/\/vapemaison.com\/fr\/wp-json\/wp\/v2\/media?parent=26976"}],"wp:term":[{"taxonomy":"product_brand","embeddable":true,"href":"https:\/\/vapemaison.com\/fr\/wp-json\/wp\/v2\/product_brand?post=26976"},{"taxonomy":"product_cat","embeddable":true,"href":"https:\/\/vapemaison.com\/fr\/wp-json\/wp\/v2\/product_cat?post=26976"},{"taxonomy":"product_tag","embeddable":true,"href":"https:\/\/vapemaison.com\/fr\/wp-json\/wp\/v2\/product_tag?post=26976"}],"curies":[{"name":"wp","href":"https:\/\/api.w.org\/{rel}","templated":true}]}}