

{"id":27023,"date":"2026-02-06T02:50:29","date_gmt":"2026-02-06T02:50:29","guid":{"rendered":"https:\/\/vapemaison.com\/?post_type=product&#038;p=27023"},"modified":"2026-02-06T03:05:41","modified_gmt":"2026-02-06T03:05:41","slug":"zooy-triple-70000-puffs-3-in-1-adjustable-flavor-disposable-vape","status":"publish","type":"product","link":"https:\/\/vapemaison.com\/fr\/product\/zooy-triple-70000-puffs-3-in-1-adjustable-flavor-disposable-vape\/","title":{"rendered":"ZOOY Triple 70000 Puffs | 3-en-1 Adjustable Flavor Disposable Vape"},"content":{"rendered":"<p>Le <strong>ZOOY Triple 70000 Puffs<\/strong> est une vape jetable multi-saveurs de grande capacit\u00e9, con\u00e7ue pour les utilisateurs qui exigent <strong>utilisation prolong\u00e9e, performance constante de la vapeur et flexibilit\u00e9 des ar\u00f4mes<\/strong> dans un seul appareil.<\/p>\n\n\n\n<p>Ce syst\u00e8me 3 en 1 int\u00e8gre <strong>trois chambres \u00e0 e-liquide et bobines ind\u00e9pendantes<\/strong>, La bobine \u00e0 trois mailles am\u00e9liore la fluidit\u00e9 de la vapeur et la clart\u00e9 des ar\u00f4mes tout au long du cycle de vie de l'appareil. La configuration de la bobine \u00e0 triple maillage am\u00e9liore la fluidit\u00e9 de la vapeur et la clart\u00e9 des ar\u00f4mes tout au long du cycle de vie de l'appareil.<\/p>\n\n\n\n<p>Une approche int\u00e9gr\u00e9e <strong>\u00c9cran intelligent LCD<\/strong> permet de contr\u00f4ler en temps r\u00e9el le niveau de la batterie, le nombre de bouff\u00e9es et l'\u00e9tat de l'e-liquide, offrant ainsi aux utilisateurs un contr\u00f4le pr\u00e9cis sur le fonctionnement de l'appareil. Avec <strong>Recharge rapide de type C<\/strong>, Le temps d'immobilisation est r\u00e9duit au minimum, ce qui permet une utilisation quotidienne \u00e0 long terme.<\/p>\n\n\n\n<p>Con\u00e7u pour la commodit\u00e9, la capacit\u00e9 et la stabilit\u00e9 des performances, cet appareil convient aux utilisateurs \u00e0 la recherche d'un produit de qualit\u00e9. <strong>solution jetable rechargeable \u00e0 grand volume et \u00e0 ar\u00f4mes multiples<\/strong>.<\/p>\n\n\n\n<h2 class=\"wp-block-heading\"><strong>Sp\u00e9cifications techniques<\/strong><\/h2>\n\n\n\n<figure class=\"wp-block-table is-style-stripes\"><table class=\"has-fixed-layout\"><thead><tr><th>Objet<\/th><th>Sp\u00e9cifications<\/th><\/tr><\/thead><tbody><tr><td>Nom du produit<\/td><td>ZOOY Triple 70000 Puffs<\/td><\/tr><tr><td>Type d'appareil<\/td><td>Vapeur jetable rechargeable 3 en 1<\/td><\/tr><tr><td>Nombre maximal de bouff\u00e9es<\/td><td>Jusqu'\u00e0 70 000 bouff\u00e9es<\/td><\/tr><tr><td>Syst\u00e8me d'ar\u00f4mes<\/td><td>3 saveurs r\u00e9glables ind\u00e9pendamment<\/td><\/tr><tr><td>Capacit\u00e9 en e-liquide<\/td><td>18 ml \u00d7 3 r\u00e9servoirs (Total 54 ml)<\/td><\/tr><tr><td>Intensit\u00e9 de la nicotine<\/td><td>Options 2% \/ 3% \/ 5%<\/td><\/tr><tr><td>Type de bobine<\/td><td>Bobine \u00e0 triple maille (0.9\u03a9 \u00d73)<\/td><\/tr><tr><td>Capacit\u00e9 de la batterie<\/td><td>650 mAh rechargeable<\/td><\/tr><tr><td>Port de charge<\/td><td>Type-C<\/td><\/tr><tr><td>Affichage<\/td><td>\u00c9cran intelligent LCD<\/td><\/tr><tr><td>Fonctions pr\u00e9sent\u00e9es<\/td><td>Niveau de batterie, nombre de bouff\u00e9es, niveau d'e-liquide<\/td><\/tr><tr><td>Emballage<\/td><td>10 pi\u00e8ces par paquet<\/td><\/tr><tr><td>Sets d'ar\u00f4mes disponibles<\/td><td>10 combinaisons<\/td><\/tr><\/tbody><\/table><\/figure>\n\n\n\n<h2 class=\"wp-block-heading\"><strong>Combinaisons de saveurs<\/strong><\/h2>\n\n\n\n<ol class=\"wp-block-list\">\n<li>Past\u00e8que &amp; citron Citron vert &amp; cerise Cola<\/li>\n\n\n\n<li>Glace \u00e0 la fraise, \u00e0 la past\u00e8que et \u00e0 la myrtille &amp; Love 666<\/li>\n\n\n\n<li>Fraise, kiwi, past\u00e8que, glace et Red Bull<\/li>\n\n\n\n<li>Triple melon et fraise Past\u00e8que et p\u00eache au citron<\/li>\n\n\n\n<li>M. Bleu &amp; Fraise Banane &amp; Citron Lime<\/li>\n\n\n\n<li>Baies m\u00e9lang\u00e9es et fraises Vanilla Cola et Lemon Cola<\/li>\n\n\n\n<li>Fraise glac\u00e9e &amp; citron Menthe &amp; fruit de la passion Citron<\/li>\n\n\n\n<li>Myrtille Bubblegum &amp; Love 666 &amp; Fraise Kiwi<\/li>\n\n\n\n<li>Limonade rose &amp; fraise Framboise Cerise &amp; myrtille Glace<\/li>\n\n\n\n<li>Mangue glac\u00e9e et alo\u00e8s Raisin et kiwi Fruit de la passion<\/li>\n<\/ol>","protected":false},"excerpt":{"rendered":"<p>3 ar\u00f4mes dans un seul appareil - changez ou m\u00e9langez \u00e0 tout moment pour une exp\u00e9rience de vapotage enti\u00e8rement personnalisable.<br data-start=\"93\" data-end=\"96\" \/>Capacit\u00e9 massive de 54 ml, \u00e9cran LCD intelligent et alimentation rechargeable pour des performances durables.<\/p>","protected":false},"featured_media":27025,"comment_status":"open","ping_status":"closed","template":"","meta":[],"product_brand":[],"product_cat":[16],"product_tag":[],"class_list":{"0":"post-27023","1":"product","2":"type-product","3":"status-publish","4":"has-post-thumbnail","6":"product_cat-uncategorized","8":"first","9":"instock","10":"sale","11":"shipping-taxable","12":"purchasable","13":"product-type-variable"},"yoast_head":"<!-- This site is optimized with the Yoast SEO plugin v27.4 - https:\/\/yoast.com\/product\/yoast-seo-wordpress\/ -->\n<title>ZOOY Triple 70000 Puffs 3-in-1 Disposable Vape LCD- VapeMaison<\/title>\n<meta name=\"description\" content=\"ZOOY Triple 70000 Puffs disposable vape with 3 adjustable flavors, 54mL e-liquid, triple mesh coils, LCD display, and Type-C rechargeable battery.\" \/>\n<meta name=\"robots\" content=\"index, follow, max-snippet:-1, max-image-preview:large, max-video-preview:-1\" \/>\n<link rel=\"canonical\" href=\"https:\/\/vapemaison.com\/fr\/produit\/zooy-triple-70000-puffs-3-in-1-adjustable-flavor-disposable-vape\/\" \/>\n<meta property=\"og:locale\" content=\"fr_FR\" \/>\n<meta property=\"og:type\" content=\"article\" \/>\n<meta property=\"og:title\" content=\"ZOOY Triple 70000 Puffs 3-in-1 Disposable Vape LCD- VapeMaison\" \/>\n<meta property=\"og:description\" content=\"ZOOY Triple 70000 Puffs disposable vape with 3 adjustable flavors, 54mL e-liquid, triple mesh coils, LCD display, and Type-C rechargeable battery.\" \/>\n<meta property=\"og:url\" content=\"https:\/\/vapemaison.com\/fr\/produit\/zooy-triple-70000-puffs-3-in-1-adjustable-flavor-disposable-vape\/\" \/>\n<meta property=\"og:site_name\" content=\"VapeMaison\" \/>\n<meta property=\"article:modified_time\" content=\"2026-02-06T03:05:41+00:00\" \/>\n<meta property=\"og:image\" content=\"https:\/\/vapemaison.com\/wp-content\/uploads\/2026\/02\/zooy-70000-70k-puffs-3-in-1-flavor-switch-vape.webp\" \/>\n\t<meta property=\"og:image:width\" content=\"2500\" \/>\n\t<meta property=\"og:image:height\" content=\"2500\" \/>\n\t<meta property=\"og:image:type\" content=\"image\/webp\" \/>\n<meta name=\"twitter:card\" content=\"summary_large_image\" \/>\n<meta name=\"twitter:label1\" content=\"Dur\u00e9e de lecture estim\u00e9e\" \/>\n\t<meta name=\"twitter:data1\" content=\"2 minutes\" \/>\n<!-- \/ Yoast SEO plugin. -->","yoast_head_json":{"title":"ZOOY Triple 70000 Puffs 3-en-1 Vape jetable LCD- VapeMaison","description":"ZOOY Triple 70000 Puffs vape jetable avec 3 saveurs r\u00e9glables, 54mL d'e-liquide, coils triple mesh, \u00e9cran LCD, et batterie rechargeable Type-C.","robots":{"index":"index","follow":"follow","max-snippet":"max-snippet:-1","max-image-preview":"max-image-preview:large","max-video-preview":"max-video-preview:-1"},"canonical":"https:\/\/vapemaison.com\/fr\/produit\/zooy-triple-70000-puffs-3-in-1-adjustable-flavor-disposable-vape\/","og_locale":"fr_FR","og_type":"article","og_title":"ZOOY Triple 70000 Puffs 3-in-1 Disposable Vape LCD- VapeMaison","og_description":"ZOOY Triple 70000 Puffs disposable vape with 3 adjustable flavors, 54mL e-liquid, triple mesh coils, LCD display, and Type-C rechargeable battery.","og_url":"https:\/\/vapemaison.com\/fr\/produit\/zooy-triple-70000-puffs-3-in-1-adjustable-flavor-disposable-vape\/","og_site_name":"VapeMaison","article_modified_time":"2026-02-06T03:05:41+00:00","og_image":[{"width":2500,"height":2500,"url":"https:\/\/vapemaison.com\/wp-content\/uploads\/2026\/02\/zooy-70000-70k-puffs-3-in-1-flavor-switch-vape.webp","type":"image\/webp"}],"twitter_card":"summary_large_image","twitter_misc":{"Dur\u00e9e de lecture estim\u00e9e":"2 minutes"},"schema":{"@context":"https:\/\/schema.org","@graph":[{"@type":"WebPage","@id":"https:\/\/vapemaison.com\/product\/zooy-triple-70000-puffs-3-in-1-adjustable-flavor-disposable-vape\/","url":"https:\/\/vapemaison.com\/product\/zooy-triple-70000-puffs-3-in-1-adjustable-flavor-disposable-vape\/","name":"ZOOY Triple 70000 Puffs 3-en-1 Vape jetable LCD- VapeMaison","isPartOf":{"@id":"https:\/\/vapemaison.com\/#website"},"primaryImageOfPage":{"@id":"https:\/\/vapemaison.com\/product\/zooy-triple-70000-puffs-3-in-1-adjustable-flavor-disposable-vape\/#primaryimage"},"image":{"@id":"https:\/\/vapemaison.com\/product\/zooy-triple-70000-puffs-3-in-1-adjustable-flavor-disposable-vape\/#primaryimage"},"thumbnailUrl":"https:\/\/vapemaison.com\/wp-content\/uploads\/2026\/02\/zooy-70000-70k-puffs-3-in-1-flavor-switch-vape.webp","datePublished":"2026-02-06T02:50:29+00:00","dateModified":"2026-02-06T03:05:41+00:00","description":"ZOOY Triple 70000 Puffs vape jetable avec 3 saveurs r\u00e9glables, 54mL d'e-liquide, coils triple mesh, \u00e9cran LCD, et batterie rechargeable Type-C.","breadcrumb":{"@id":"https:\/\/vapemaison.com\/product\/zooy-triple-70000-puffs-3-in-1-adjustable-flavor-disposable-vape\/#breadcrumb"},"inLanguage":"fr-FR","potentialAction":[{"@type":"ReadAction","target":["https:\/\/vapemaison.com\/product\/zooy-triple-70000-puffs-3-in-1-adjustable-flavor-disposable-vape\/"]}]},{"@type":"ImageObject","inLanguage":"fr-FR","@id":"https:\/\/vapemaison.com\/product\/zooy-triple-70000-puffs-3-in-1-adjustable-flavor-disposable-vape\/#primaryimage","url":"https:\/\/vapemaison.com\/wp-content\/uploads\/2026\/02\/zooy-70000-70k-puffs-3-in-1-flavor-switch-vape.webp","contentUrl":"https:\/\/vapemaison.com\/wp-content\/uploads\/2026\/02\/zooy-70000-70k-puffs-3-in-1-flavor-switch-vape.webp","width":2500,"height":2500,"caption":"zooy-70000-70k-puffs-3-in-1-flavor-switch-vape"},{"@type":"BreadcrumbList","@id":"https:\/\/vapemaison.com\/product\/zooy-triple-70000-puffs-3-in-1-adjustable-flavor-disposable-vape\/#breadcrumb","itemListElement":[{"@type":"ListItem","position":1,"name":"\u9996\u9875","item":"https:\/\/vapemaison.com\/"},{"@type":"ListItem","position":2,"name":"Shop","item":"https:\/\/vapemaison.com\/shop\/"},{"@type":"ListItem","position":3,"name":"ZOOY Triple 70000 Puffs | 3-in-1 Adjustable Flavor Disposable Vape"}]},{"@type":"WebSite","@id":"https:\/\/vapemaison.com\/#website","url":"https:\/\/vapemaison.com\/","name":"VapeMaison","description":"Appareils et accessoires de vapotage haut de gamme","publisher":{"@id":"https:\/\/vapemaison.com\/#organization"},"potentialAction":[{"@type":"SearchAction","target":{"@type":"EntryPoint","urlTemplate":"https:\/\/vapemaison.com\/?s={search_term_string}"},"query-input":{"@type":"PropertyValueSpecification","valueRequired":true,"valueName":"search_term_string"}}],"inLanguage":"fr-FR"},{"@type":"Organization","@id":"https:\/\/vapemaison.com\/#organization","name":"VapeMaison","url":"https:\/\/vapemaison.com\/","logo":{"@type":"ImageObject","inLanguage":"fr-FR","@id":"https:\/\/vapemaison.com\/#\/schema\/logo\/image\/","url":"https:\/\/vapemaison.com\/wp-content\/uploads\/2026\/01\/cropped-vapemaison-logo-g-2026.webp","contentUrl":"https:\/\/vapemaison.com\/wp-content\/uploads\/2026\/01\/cropped-vapemaison-logo-g-2026.webp","width":350,"height":280,"caption":"VapeMaison"},"image":{"@id":"https:\/\/vapemaison.com\/#\/schema\/logo\/image\/"},"sameAs":["https:\/\/www.youtube.com\/@VapeMaison"]}]}},"tiered_pricing_type":"fixed","tiered_pricing_fixed_rules":{"30":"10.35","50":"9.98","100":"9.42","200":"8.99"},"tiered_pricing_product_settings":{"layout":"default","base_unit_name":{"singular":null,"plural":null},"default_variation":null},"tiered_pricing_minimum_quantity":10,"tiered_pricing_roles_data":[],"tiered_pricing_percentage_rules":[],"tiered_pricing_maximum_quantity":null,"tiered_pricing_quantity_step":"10","_links":{"self":[{"href":"https:\/\/vapemaison.com\/fr\/wp-json\/wp\/v2\/product\/27023","targetHints":{"allow":["GET"]}}],"collection":[{"href":"https:\/\/vapemaison.com\/fr\/wp-json\/wp\/v2\/product"}],"about":[{"href":"https:\/\/vapemaison.com\/fr\/wp-json\/wp\/v2\/types\/product"}],"replies":[{"embeddable":true,"href":"https:\/\/vapemaison.com\/fr\/wp-json\/wp\/v2\/comments?post=27023"}],"version-history":[{"count":4,"href":"https:\/\/vapemaison.com\/fr\/wp-json\/wp\/v2\/product\/27023\/revisions"}],"predecessor-version":[{"id":27066,"href":"https:\/\/vapemaison.com\/fr\/wp-json\/wp\/v2\/product\/27023\/revisions\/27066"}],"wp:featuredmedia":[{"embeddable":true,"href":"https:\/\/vapemaison.com\/fr\/wp-json\/wp\/v2\/media\/27025"}],"wp:attachment":[{"href":"https:\/\/vapemaison.com\/fr\/wp-json\/wp\/v2\/media?parent=27023"}],"wp:term":[{"taxonomy":"product_brand","embeddable":true,"href":"https:\/\/vapemaison.com\/fr\/wp-json\/wp\/v2\/product_brand?post=27023"},{"taxonomy":"product_cat","embeddable":true,"href":"https:\/\/vapemaison.com\/fr\/wp-json\/wp\/v2\/product_cat?post=27023"},{"taxonomy":"product_tag","embeddable":true,"href":"https:\/\/vapemaison.com\/fr\/wp-json\/wp\/v2\/product_tag?post=27023"}],"curies":[{"name":"wp","href":"https:\/\/api.w.org\/{rel}","templated":true}]}}