

{"id":27267,"date":"2026-02-24T09:51:03","date_gmt":"2026-02-24T09:51:03","guid":{"rendered":"https:\/\/vapemaison.com\/?post_type=product&#038;p=27267"},"modified":"2026-02-24T09:55:09","modified_gmt":"2026-02-24T09:55:09","slug":"bang-king-200k-200000-puffs-8-in-1-flavor-disposable-vape","status":"publish","type":"product","link":"https:\/\/vapemaison.com\/fr\/product\/bang-king-200k-200000-puffs-8-in-1-flavor-disposable-vape\/","title":{"rendered":"Bang King 200k 200000 Puffs 8 en 1 Flavor Disposable Vape"},"content":{"rendered":"<figure class=\"wp-block-image size-large has-custom-border is-style-rounded\"><a href=\"https:\/\/vapemaison.com\/wp-content\/uploads\/2026\/02\/bang-king-200000-puffs-vape-8-in-1-flavors-adjustables-display-2-scaled.webp\"><img fetchpriority=\"high\" decoding=\"async\" width=\"1024\" height=\"576\" src=\"https:\/\/vapemaison.com\/wp-content\/uploads\/2026\/02\/bang-king-200000-puffs-vape-8-in-1-flavors-adjustables-display-2-1024x576.webp\" alt=\"bang-king-200000-puffs-vape-8-in-1-flavors-adjustables-display-2\" class=\"wp-image-27281\" style=\"border-top-left-radius:30px;border-top-right-radius:30px;border-bottom-left-radius:30px;border-bottom-right-radius:30px\" srcset=\"https:\/\/vapemaison.com\/wp-content\/uploads\/2026\/02\/bang-king-200000-puffs-vape-8-in-1-flavors-adjustables-display-2-1024x576.webp 1024w, https:\/\/vapemaison.com\/wp-content\/uploads\/2026\/02\/bang-king-200000-puffs-vape-8-in-1-flavors-adjustables-display-2-300x169.webp 300w, https:\/\/vapemaison.com\/wp-content\/uploads\/2026\/02\/bang-king-200000-puffs-vape-8-in-1-flavors-adjustables-display-2-768x432.webp 768w, https:\/\/vapemaison.com\/wp-content\/uploads\/2026\/02\/bang-king-200000-puffs-vape-8-in-1-flavors-adjustables-display-2-1536x864.webp 1536w, https:\/\/vapemaison.com\/wp-content\/uploads\/2026\/02\/bang-king-200000-puffs-vape-8-in-1-flavors-adjustables-display-2-2048x1152.webp 2048w, https:\/\/vapemaison.com\/wp-content\/uploads\/2026\/02\/bang-king-200000-puffs-vape-8-in-1-flavors-adjustables-display-2-18x10.webp 18w, https:\/\/vapemaison.com\/wp-content\/uploads\/2026\/02\/bang-king-200000-puffs-vape-8-in-1-flavors-adjustables-display-2-990x557.webp 990w, https:\/\/vapemaison.com\/wp-content\/uploads\/2026\/02\/bang-king-200000-puffs-vape-8-in-1-flavors-adjustables-display-2-441x248.webp 441w, https:\/\/vapemaison.com\/wp-content\/uploads\/2026\/02\/bang-king-200000-puffs-vape-8-in-1-flavors-adjustables-display-2-800x450.webp 800w, https:\/\/vapemaison.com\/wp-content\/uploads\/2026\/02\/bang-king-200000-puffs-vape-8-in-1-flavors-adjustables-display-2-150x84.webp 150w\" sizes=\"(max-width: 1024px) 100vw, 1024px\" \/><\/a><\/figure>\n\n\n\n<p>Le <strong>Bang King 200000<\/strong> est une vape jetable rechargeable \u00e0 tr\u00e8s haute capacit\u00e9 con\u00e7ue pour les utilisateurs qui exigent une long\u00e9vit\u00e9 maximale, des fonctionnalit\u00e9s avanc\u00e9es et une diversit\u00e9 de saveurs. Avec <strong>jusqu'\u00e0 200 000 bouff\u00e9es<\/strong>, En outre, ce dispositif r\u00e9duit consid\u00e9rablement la fr\u00e9quence de remplacement, ce qui le rend id\u00e9al pour une utilisation \u00e0 long terme et des sc\u00e9narios de consommation \u00e9lev\u00e9e.<\/p>\n\n\n\n<p>L'une des principales innovations est le <strong>Syst\u00e8me d'ar\u00f4me r\u00e9glable 8 en 1<\/strong>, Il suffit de tourner le s\u00e9lecteur pour changer instantan\u00e9ment d'ar\u00f4me, ce qui permet de varier les plaisirs sans avoir \u00e0 transporter plusieurs appareils. Il suffit de tourner le s\u00e9lecteur pour changer instantan\u00e9ment d'ar\u00f4me, ce qui permet de varier les plaisirs sans avoir \u00e0 transporter plusieurs appareils.<\/p>\n\n\n\n<p>Le syst\u00e8me int\u00e9gr\u00e9 <strong>technologie de la bobine \u00e0 double maille<\/strong> garantit un chauffage efficace et des performances stables, offrant une vapeur douce et une saveur constante tout au long du cycle de vie de l'appareil.<\/p>\n\n\n\n<p>Pour un meilleur contr\u00f4le, le Bang King 200K est dot\u00e9 d'un syst\u00e8me de contr\u00f4le de la qualit\u00e9. <strong>\u00e9cran LED intelligent<\/strong> qui indique en temps r\u00e9el l'\u00e9tat de la batterie et les informations relatives \u00e0 son utilisation. Les <strong>Batterie rechargeable de type C<\/strong> prend en charge la charge rapide, minimisant ainsi les temps d'arr\u00eat et garantissant des performances fiables pour une utilisation prolong\u00e9e.<\/p>\n\n\n\n<p>Con\u00e7u pour l'usage personnel et les canaux de distribution, le Bang King 200000 combine une capacit\u00e9 extr\u00eame, une flexibilit\u00e9 multi-saveurs et un contr\u00f4le avanc\u00e9 de l'utilisateur en un seul appareil.<\/p>\n\n\n\n<h2 class=\"wp-block-heading\">Sp\u00e9cifications<\/h2>\n\n\n\n<figure class=\"wp-block-table is-style-stripes\"><table class=\"has-fixed-layout\"><thead><tr><th>Param\u00e8tres<\/th><th>D\u00e9tails<\/th><\/tr><\/thead><tbody><tr><td>Capacit\u00e9 de bouff\u00e9e<\/td><td>Jusqu'\u00e0 200 000 bouff\u00e9es<\/td><\/tr><tr><td>Syst\u00e8me d'ar\u00f4mes<\/td><td>S\u00e9lection d'ar\u00f4mes r\u00e9glable 8 en 1<\/td><\/tr><tr><td>Type de bobine<\/td><td>Bobine \u00e0 double maille<\/td><\/tr><tr><td>Batterie<\/td><td>Batterie rechargeable<\/td><\/tr><tr><td>Chargement<\/td><td>Chargement rapide de type C<\/td><\/tr><tr><td>Affichage<\/td><td>\u00c9cran LED intelligent (informations sur la batterie et l'utilisation)<\/td><\/tr><tr><td>Conception<\/td><td>Structure de rotation multi-saveurs<\/td><\/tr><tr><td>Utilisation<\/td><td>Convient \u00e0 l'usage personnel et \u00e0 la distribution en gros<\/td><\/tr><\/tbody><\/table><\/figure>\n\n\n\n<figure class=\"wp-block-image aligncenter size-large has-custom-border is-style-rounded\"><a href=\"https:\/\/vapemaison.com\/wp-content\/uploads\/2026\/02\/bang-king-200000-puffs-vape-8-in-1-flavors-adjustables-list-scaled.webp\"><img decoding=\"async\" width=\"638\" height=\"1024\" src=\"https:\/\/vapemaison.com\/wp-content\/uploads\/2026\/02\/bang-king-200000-puffs-vape-8-in-1-flavors-adjustables-list-638x1024.webp\" alt=\"bang-king-200000-puffs-vape-8-in-1-flavors-adjustables-list\" class=\"wp-image-27282\" style=\"border-top-left-radius:30px;border-top-right-radius:30px;border-bottom-left-radius:30px;border-bottom-right-radius:30px\" srcset=\"https:\/\/vapemaison.com\/wp-content\/uploads\/2026\/02\/bang-king-200000-puffs-vape-8-in-1-flavors-adjustables-list-638x1024.webp 638w, https:\/\/vapemaison.com\/wp-content\/uploads\/2026\/02\/bang-king-200000-puffs-vape-8-in-1-flavors-adjustables-list-187x300.webp 187w, https:\/\/vapemaison.com\/wp-content\/uploads\/2026\/02\/bang-king-200000-puffs-vape-8-in-1-flavors-adjustables-list-768x1233.webp 768w, https:\/\/vapemaison.com\/wp-content\/uploads\/2026\/02\/bang-king-200000-puffs-vape-8-in-1-flavors-adjustables-list-957x1536.webp 957w, https:\/\/vapemaison.com\/wp-content\/uploads\/2026\/02\/bang-king-200000-puffs-vape-8-in-1-flavors-adjustables-list-1276x2048.webp 1276w, https:\/\/vapemaison.com\/wp-content\/uploads\/2026\/02\/bang-king-200000-puffs-vape-8-in-1-flavors-adjustables-list-7x12.webp 7w, https:\/\/vapemaison.com\/wp-content\/uploads\/2026\/02\/bang-king-200000-puffs-vape-8-in-1-flavors-adjustables-list-990x1589.webp 990w, https:\/\/vapemaison.com\/wp-content\/uploads\/2026\/02\/bang-king-200000-puffs-vape-8-in-1-flavors-adjustables-list-441x708.webp 441w, https:\/\/vapemaison.com\/wp-content\/uploads\/2026\/02\/bang-king-200000-puffs-vape-8-in-1-flavors-adjustables-list-800x1284.webp 800w, https:\/\/vapemaison.com\/wp-content\/uploads\/2026\/02\/bang-king-200000-puffs-vape-8-in-1-flavors-adjustables-list-150x241.webp 150w, https:\/\/vapemaison.com\/wp-content\/uploads\/2026\/02\/bang-king-200000-puffs-vape-8-in-1-flavors-adjustables-list-scaled.webp 1595w\" sizes=\"(max-width: 638px) 100vw, 638px\" \/><\/a><\/figure>\n\n\n\n<h2 class=\"wp-block-heading\">Syst\u00e8me d'ar\u00f4mes 8 en 1<\/h2>\n\n\n\n<p>L'appareil int\u00e8gre huit chambres d'ar\u00f4mes ind\u00e9pendantes. Les utilisateurs peuvent changer d'ar\u00f4me instantan\u00e9ment en tournant le s\u00e9lecteur, ce qui r\u00e9duit la fatigue des ar\u00f4mes et am\u00e9liore l'utilisation \u00e0 long terme.<\/p>\n\n\n\n<p>Les profils de saveurs typiques comprennent un m\u00e9lange de.. :<\/p>\n\n\n\n<ul class=\"wp-block-list\">\n<li>1.glace Blue Razz &amp; glace p\u00eache &amp; glace raisin &amp; glace mangue<\/li>\n\n\n\n<li>2.Double Coca Pomme &amp; Mangue P\u00eache &amp; Fraise Past\u00e8que &amp; Fraise Vanille<\/li>\n\n\n\n<li>3. melon d'eau glac\u00e9 et citron 8 menthe et fraise glac\u00e9e et cerise bleu vif<\/li>\n\n\n\n<li>4.past\u00e8que Bubblegum &amp; myrtilles framboises &amp; framboises past\u00e8que &amp; past\u00e8que myrtille<\/li>\n\n\n\n<li>5.p\u00eache mangue past\u00e8que &amp; Red Bull &amp; fraise Red Bull &amp; fraise kiwi<\/li>\n\n\n\n<li>6. Black Dragon Ice &amp; Love 66&amp; Mr Blue&amp; Strawberry Lemonade<\/li>\n\n\n\n<li>7.Triple Berry &amp; Tropicalfruit &amp; Strawberry Banana &amp; Pink Lemonade<\/li>\n\n\n\n<li>8.Cool Menthe &amp; P\u00eache Berre &amp; Cerise Bleue Citron &amp; Kiwi Past\u00e8que Glace<\/li>\n\n\n\n<li>9. mangue fraise &amp; glace fraise &amp; glace banane &amp; litchi fraise<\/li>\n\n\n\n<li>10.Kiwi Fruit de la Passion Goyave &amp; Ours en gomme &amp; Arc-en-ciel &amp; Barbe \u00e0 papa<\/li>\n\n\n\n<li>11.Triple Melon &amp; Blueberry Ice &amp; Cherry Bomb &amp; Pineapple Coconut<\/li>\n\n\n\n<li>12.p\u00e9tillant Citron &amp; Lime &amp; Pomme Mojt &amp; Ananas Ice &amp; Colaice<\/li>\n<\/ul>","protected":false},"excerpt":{"rendered":"<p>Jusqu'\u00e0 200 000 bouff\u00e9es avec un syst\u00e8me innovant d'ar\u00f4mes r\u00e9glables 8 en 1.<br data-start=\"2574\" data-end=\"2577\" \/>La double bobine et l'affichage LED intelligent garantissent des performances stables et un contr\u00f4le total.<\/p>","protected":false},"featured_media":27268,"comment_status":"open","ping_status":"closed","template":"","meta":[],"product_brand":[57],"product_cat":[16],"product_tag":[],"class_list":{"0":"post-27267","1":"product","2":"type-product","3":"status-publish","4":"has-post-thumbnail","6":"product_brand-bang","7":"product_cat-uncategorized","9":"first","10":"instock","11":"sale","12":"shipping-taxable","13":"purchasable","14":"product-type-variable"},"yoast_head":"<!-- This site is optimized with the Yoast SEO plugin v27.4 - https:\/\/yoast.com\/product\/yoast-seo-wordpress\/ -->\n<title>Bang King 200000 Puffs Disposable Vape | 8-in-1 Flavors<\/title>\n<meta name=\"description\" content=\"Buy Bang King 200000 disposable vape with up to 200K puffs, 8-in-1 adjustable flavors, dual mesh coil, smart LED display, and Type-C charging.\" \/>\n<meta name=\"robots\" content=\"index, follow, max-snippet:-1, max-image-preview:large, max-video-preview:-1\" \/>\n<link rel=\"canonical\" href=\"https:\/\/vapemaison.com\/fr\/produit\/bang-king-200k-200000-puffs-8-in-1-flavor-disposable-vape\/\" \/>\n<meta property=\"og:locale\" content=\"fr_FR\" \/>\n<meta property=\"og:type\" content=\"article\" \/>\n<meta property=\"og:title\" content=\"Bang King 200000 Puffs Disposable Vape | 8-in-1 Flavors\" \/>\n<meta property=\"og:description\" content=\"Buy Bang King 200000 disposable vape with up to 200K puffs, 8-in-1 adjustable flavors, dual mesh coil, smart LED display, and Type-C charging.\" \/>\n<meta property=\"og:url\" content=\"https:\/\/vapemaison.com\/fr\/produit\/bang-king-200k-200000-puffs-8-in-1-flavor-disposable-vape\/\" \/>\n<meta property=\"og:site_name\" content=\"VapeMaison\" \/>\n<meta property=\"article:modified_time\" content=\"2026-02-24T09:55:09+00:00\" \/>\n<meta property=\"og:image\" content=\"https:\/\/vapemaison.com\/wp-content\/uploads\/2026\/02\/bang-king-200000-puffs-vape-8-in-1-flavors-adjustables-1-scaled.webp\" \/>\n\t<meta property=\"og:image:width\" content=\"2560\" \/>\n\t<meta property=\"og:image:height\" content=\"2560\" \/>\n\t<meta property=\"og:image:type\" content=\"image\/webp\" \/>\n<meta name=\"twitter:card\" content=\"summary_large_image\" \/>\n<meta name=\"twitter:label1\" content=\"Dur\u00e9e de lecture estim\u00e9e\" \/>\n\t<meta name=\"twitter:data1\" content=\"3 minutes\" \/>\n<!-- \/ Yoast SEO plugin. -->","yoast_head_json":{"title":"Bang King 200000 Puffs Vape jetable - 8-in-1 Flavors","description":"Acheter Bang King 200000 vape jetable avec jusqu'\u00e0 200K bouff\u00e9es, saveurs r\u00e9glables 8-en-1, bobine \u00e0 double maille, affichage LED intelligent et charge Type-C.","robots":{"index":"index","follow":"follow","max-snippet":"max-snippet:-1","max-image-preview":"max-image-preview:large","max-video-preview":"max-video-preview:-1"},"canonical":"https:\/\/vapemaison.com\/fr\/produit\/bang-king-200k-200000-puffs-8-in-1-flavor-disposable-vape\/","og_locale":"fr_FR","og_type":"article","og_title":"Bang King 200000 Puffs Disposable Vape | 8-in-1 Flavors","og_description":"Buy Bang King 200000 disposable vape with up to 200K puffs, 8-in-1 adjustable flavors, dual mesh coil, smart LED display, and Type-C charging.","og_url":"https:\/\/vapemaison.com\/fr\/produit\/bang-king-200k-200000-puffs-8-in-1-flavor-disposable-vape\/","og_site_name":"VapeMaison","article_modified_time":"2026-02-24T09:55:09+00:00","og_image":[{"width":2560,"height":2560,"url":"https:\/\/vapemaison.com\/wp-content\/uploads\/2026\/02\/bang-king-200000-puffs-vape-8-in-1-flavors-adjustables-1-scaled.webp","type":"image\/webp"}],"twitter_card":"summary_large_image","twitter_misc":{"Dur\u00e9e de lecture estim\u00e9e":"3 minutes"},"schema":{"@context":"https:\/\/schema.org","@graph":[{"@type":"WebPage","@id":"https:\/\/vapemaison.com\/product\/bang-king-200k-200000-puffs-8-in-1-flavor-disposable-vape\/","url":"https:\/\/vapemaison.com\/product\/bang-king-200k-200000-puffs-8-in-1-flavor-disposable-vape\/","name":"Bang King 200000 Puffs Vape jetable - 8-in-1 Flavors","isPartOf":{"@id":"https:\/\/vapemaison.com\/#website"},"primaryImageOfPage":{"@id":"https:\/\/vapemaison.com\/product\/bang-king-200k-200000-puffs-8-in-1-flavor-disposable-vape\/#primaryimage"},"image":{"@id":"https:\/\/vapemaison.com\/product\/bang-king-200k-200000-puffs-8-in-1-flavor-disposable-vape\/#primaryimage"},"thumbnailUrl":"https:\/\/vapemaison.com\/wp-content\/uploads\/2026\/02\/bang-king-200000-puffs-vape-8-in-1-flavors-adjustables-1-scaled.webp","datePublished":"2026-02-24T09:51:03+00:00","dateModified":"2026-02-24T09:55:09+00:00","description":"Acheter Bang King 200000 vape jetable avec jusqu'\u00e0 200K bouff\u00e9es, saveurs r\u00e9glables 8-en-1, bobine \u00e0 double maille, affichage LED intelligent et charge Type-C.","breadcrumb":{"@id":"https:\/\/vapemaison.com\/product\/bang-king-200k-200000-puffs-8-in-1-flavor-disposable-vape\/#breadcrumb"},"inLanguage":"fr-FR","potentialAction":[{"@type":"ReadAction","target":["https:\/\/vapemaison.com\/product\/bang-king-200k-200000-puffs-8-in-1-flavor-disposable-vape\/"]}]},{"@type":"ImageObject","inLanguage":"fr-FR","@id":"https:\/\/vapemaison.com\/product\/bang-king-200k-200000-puffs-8-in-1-flavor-disposable-vape\/#primaryimage","url":"https:\/\/vapemaison.com\/wp-content\/uploads\/2026\/02\/bang-king-200000-puffs-vape-8-in-1-flavors-adjustables-1-scaled.webp","contentUrl":"https:\/\/vapemaison.com\/wp-content\/uploads\/2026\/02\/bang-king-200000-puffs-vape-8-in-1-flavors-adjustables-1-scaled.webp","width":2560,"height":2560,"caption":"bang-king-200000-puffs-vape-8-in-1-flavors-adjustables-1"},{"@type":"BreadcrumbList","@id":"https:\/\/vapemaison.com\/product\/bang-king-200k-200000-puffs-8-in-1-flavor-disposable-vape\/#breadcrumb","itemListElement":[{"@type":"ListItem","position":1,"name":"\u9996\u9875","item":"https:\/\/vapemaison.com\/"},{"@type":"ListItem","position":2,"name":"Shop","item":"https:\/\/vapemaison.com\/shop\/"},{"@type":"ListItem","position":3,"name":"Bang","item":"https:\/\/vapemaison.com\/brand\/bang\/"},{"@type":"ListItem","position":4,"name":"Bang King 200k 200000 Puffs 8 in 1 Flavor Disposable Vape"}]},{"@type":"WebSite","@id":"https:\/\/vapemaison.com\/#website","url":"https:\/\/vapemaison.com\/","name":"VapeMaison","description":"Appareils et accessoires de vapotage haut de gamme","publisher":{"@id":"https:\/\/vapemaison.com\/#organization"},"potentialAction":[{"@type":"SearchAction","target":{"@type":"EntryPoint","urlTemplate":"https:\/\/vapemaison.com\/?s={search_term_string}"},"query-input":{"@type":"PropertyValueSpecification","valueRequired":true,"valueName":"search_term_string"}}],"inLanguage":"fr-FR"},{"@type":"Organization","@id":"https:\/\/vapemaison.com\/#organization","name":"VapeMaison","url":"https:\/\/vapemaison.com\/","logo":{"@type":"ImageObject","inLanguage":"fr-FR","@id":"https:\/\/vapemaison.com\/#\/schema\/logo\/image\/","url":"https:\/\/vapemaison.com\/wp-content\/uploads\/2026\/01\/cropped-vapemaison-logo-g-2026.webp","contentUrl":"https:\/\/vapemaison.com\/wp-content\/uploads\/2026\/01\/cropped-vapemaison-logo-g-2026.webp","width":350,"height":280,"caption":"VapeMaison"},"image":{"@id":"https:\/\/vapemaison.com\/#\/schema\/logo\/image\/"},"sameAs":["https:\/\/www.youtube.com\/@VapeMaison"]}]}},"tiered_pricing_type":"fixed","tiered_pricing_fixed_rules":{"30":"11.78","50":"11.36","100":"10.99","200":"9.99"},"tiered_pricing_product_settings":{"layout":"default","base_unit_name":{"singular":null,"plural":null},"default_variation":null},"tiered_pricing_minimum_quantity":10,"tiered_pricing_roles_data":[],"tiered_pricing_percentage_rules":[],"tiered_pricing_maximum_quantity":null,"tiered_pricing_quantity_step":"10","_links":{"self":[{"href":"https:\/\/vapemaison.com\/fr\/wp-json\/wp\/v2\/product\/27267","targetHints":{"allow":["GET"]}}],"collection":[{"href":"https:\/\/vapemaison.com\/fr\/wp-json\/wp\/v2\/product"}],"about":[{"href":"https:\/\/vapemaison.com\/fr\/wp-json\/wp\/v2\/types\/product"}],"replies":[{"embeddable":true,"href":"https:\/\/vapemaison.com\/fr\/wp-json\/wp\/v2\/comments?post=27267"}],"version-history":[{"count":5,"href":"https:\/\/vapemaison.com\/fr\/wp-json\/wp\/v2\/product\/27267\/revisions"}],"predecessor-version":[{"id":27336,"href":"https:\/\/vapemaison.com\/fr\/wp-json\/wp\/v2\/product\/27267\/revisions\/27336"}],"wp:featuredmedia":[{"embeddable":true,"href":"https:\/\/vapemaison.com\/fr\/wp-json\/wp\/v2\/media\/27268"}],"wp:attachment":[{"href":"https:\/\/vapemaison.com\/fr\/wp-json\/wp\/v2\/media?parent=27267"}],"wp:term":[{"taxonomy":"product_brand","embeddable":true,"href":"https:\/\/vapemaison.com\/fr\/wp-json\/wp\/v2\/product_brand?post=27267"},{"taxonomy":"product_cat","embeddable":true,"href":"https:\/\/vapemaison.com\/fr\/wp-json\/wp\/v2\/product_cat?post=27267"},{"taxonomy":"product_tag","embeddable":true,"href":"https:\/\/vapemaison.com\/fr\/wp-json\/wp\/v2\/product_tag?post=27267"}],"curies":[{"name":"wp","href":"https:\/\/api.w.org\/{rel}","templated":true}]}}