

{"id":27399,"date":"2026-02-26T08:47:12","date_gmt":"2026-02-26T08:47:12","guid":{"rendered":"https:\/\/vapemaison.com\/?post_type=product&#038;p=27399"},"modified":"2026-03-12T02:18:46","modified_gmt":"2026-03-12T02:18:46","slug":"waspe-crystal-8in1-180k-jetable-vape","status":"publish","type":"product","link":"https:\/\/vapemaison.com\/fr\/product\/waspe-crystal-8in1-180k-disposable-vape\/","title":{"rendered":"Waspe Crystal 8in1 180K Vape jetable"},"content":{"rendered":"<p>Faites l'exp\u00e9rience d'une long\u00e9vit\u00e9 et d'une performance exceptionnelles avec le <strong>Waspe Crystal 8-in-1 180K Puffs Vape jetable<\/strong>, Le syst\u00e8me d'alimentation en eau potable est con\u00e7u pour les utilisateurs qui exigent une capacit\u00e9 maximale, une saveur constante et une fiabilit\u00e9 \u00e0 long terme.<\/p>\n\n\n\n<p>Avec une incroyable <strong><strong>180K Puffs<\/strong><\/strong> et un \u00e9norme <strong>Capacit\u00e9 de 68 ml d'e-liquide<\/strong>, Cet appareil est con\u00e7u pour une utilisation prolong\u00e9e sans remplacement fr\u00e9quent. Le syst\u00e8me avanc\u00e9 pr\u00e9sente les caract\u00e9ristiques suivantes <strong>quatre bobines de 1,0\u03a9<\/strong>, L'airflow est r\u00e9gulier, la vapeur dense et la saveur riche, de la premi\u00e8re \u00e0 la derni\u00e8re bouff\u00e9e.<\/p>\n\n\n\n<p>Con\u00e7u pour la commodit\u00e9, le Waspe Crystal comprend un <strong>Batterie rechargeable de 650mAh<\/strong> rapide <strong>Chargement de type C<\/strong>, garantissant des performances ininterrompues. Le syst\u00e8me int\u00e9gr\u00e9 <strong>Affichage LED<\/strong> vous permet de contr\u00f4ler facilement le niveau de la batterie et l'\u00e9tat de l'e-liquide. En d\u00e9pit de sa puissante capacit\u00e9 interne, l'appareil conserve une autonomie d'une heure et demie. <strong>conception compacte et portable<\/strong>, Il est donc id\u00e9al pour le transport quotidien.<\/p>\n\n\n\n<h2 class=\"wp-block-heading\">Sp\u00e9cifications des produits<\/h2>\n\n\n\n<figure class=\"wp-block-table\"><table class=\"has-fixed-layout\"><thead><tr><th>Param\u00e8tres<\/th><th>D\u00e9tails<\/th><\/tr><\/thead><tbody><tr><td>Capacit\u00e9 de bouff\u00e9e<\/td><td><strong>180K Puffs<\/strong><\/td><\/tr><tr><td>Capacit\u00e9 en e-liquide<\/td><td>68ml<\/td><\/tr><tr><td>Intensit\u00e9 de la nicotine<\/td><td>0% \/ 2% \/ 5%<\/td><\/tr><tr><td>Type de bobine<\/td><td>1.0\u03a9 Mesh Coil \u00d7 4<\/td><\/tr><tr><td>Batterie<\/td><td>650mAh Rechargeable<\/td><\/tr><tr><td>Port de charge<\/td><td>Type-C<\/td><\/tr><tr><td>Affichage<\/td><td>\u00c9cran LED (indicateur de batterie et d'e-liquide)<\/td><\/tr><tr><td>Poids du produit<\/td><td>150g<\/td><\/tr><tr><td>Taille de l'appareil<\/td><td>53 \u00d7 46 \u00d7 138 mm<\/td><\/tr><\/tbody><\/table><\/figure>\n\n\n\n<h2 class=\"wp-block-heading\">Saveurs disponibles<\/h2>\n\n\n\n<p>Glace past\u00e8que, citron vert, glace mangue acide, glace melon kiwi<br>Glace \u00e0 la myrtille, Cola \u00e0 la cerise, Vanille \u00e0 la fraise, Cerise au citron<br>Red Bull Ice, Strawberry Ice, Sour Fcuking Fab, Cola Ice<br>Grape Ice, Strawberry Kiwi, Watermelon Ice, Blue Rancher<br>Melon fruit de la passion, mangue acide ananas, banane bonbon au caramel, fraise baie<br>Past\u00e8que \u00e0 la fraise, menthe fra\u00eeche, glace Blue Razz, glace au cassis<br>M\u00fbre Ice, Double Pomme, Dragon Noir Ice, Fraise Kiwi<br>Red Bull Fraise, Cola Cerise, Citron Cerise, Fruits Tropicaux<br>Baies m\u00e9lang\u00e9es, citron vert, myrtille, framboise, pomme verte<br>Fraise framboise cerise, fraise past\u00e8que, kiwi past\u00e8que, citron citron vert<br>Banane fraise, p\u00eache mangue, triple baies, ananas fraise<br>Blue Razz Lemonade, Cherry Lemon, Blueberry Ice, Watermelon Peach<\/p>","protected":false},"excerpt":{"rendered":"<p>Ultra-haute capacit\u00e9 avec jusqu'\u00e0 180 000 bouff\u00e9es pour une utilisation \u00e0 long terme.<br data-start=\"2290\" data-end=\"2293\" \/>Conception rechargeable avec affichage LED pour un vapotage pratique au quotidien.<\/p>","protected":false},"featured_media":27404,"comment_status":"open","ping_status":"closed","template":"","meta":[],"product_brand":[59],"product_cat":[16],"product_tag":[],"class_list":{"0":"post-27399","1":"product","2":"type-product","3":"status-publish","4":"has-post-thumbnail","6":"product_brand-waspe","7":"product_cat-uncategorized","9":"first","10":"instock","11":"sale","12":"shipping-taxable","13":"purchasable","14":"product-type-variable"},"yoast_head":"<!-- This site is optimized with the Yoast SEO plugin v27.4 - https:\/\/yoast.com\/product\/yoast-seo-wordpress\/ -->\n<title>Waspe Crystal 8in1 180K Disposable Vape \u2013 180k Puffs<\/title>\n<meta name=\"description\" content=\"Shop Waspe Crystal 8in1 180K Disposable Vape with up to 180,000 puffs, 68ml e-liquid, 650mAh rechargeable battery, and LED display.\" \/>\n<meta name=\"robots\" content=\"index, follow, max-snippet:-1, max-image-preview:large, max-video-preview:-1\" \/>\n<link rel=\"canonical\" href=\"https:\/\/vapemaison.com\/fr\/produit\/waspe-crystal-8in1-180k-jetable-vape\/\" \/>\n<meta property=\"og:locale\" content=\"fr_FR\" \/>\n<meta property=\"og:type\" content=\"article\" \/>\n<meta property=\"og:title\" content=\"Waspe Crystal 8in1 180K Disposable Vape \u2013 180k Puffs\" \/>\n<meta property=\"og:description\" content=\"Shop Waspe Crystal 8in1 180K Disposable Vape with up to 180,000 puffs, 68ml e-liquid, 650mAh rechargeable battery, and LED display.\" \/>\n<meta property=\"og:url\" content=\"https:\/\/vapemaison.com\/fr\/produit\/waspe-crystal-8in1-180k-jetable-vape\/\" \/>\n<meta property=\"og:site_name\" content=\"VapeMaison\" \/>\n<meta property=\"article:modified_time\" content=\"2026-03-12T02:18:46+00:00\" \/>\n<meta property=\"og:image\" content=\"https:\/\/vapemaison.com\/wp-content\/uploads\/2026\/02\/waspe-crystal-8in1-180k-puffs-disposable-vape-6.webp\" \/>\n\t<meta property=\"og:image:width\" content=\"800\" \/>\n\t<meta property=\"og:image:height\" content=\"800\" \/>\n\t<meta property=\"og:image:type\" content=\"image\/webp\" \/>\n<meta name=\"twitter:card\" content=\"summary_large_image\" \/>\n<meta name=\"twitter:label1\" content=\"Dur\u00e9e de lecture estim\u00e9e\" \/>\n\t<meta name=\"twitter:data1\" content=\"2 minutes\" \/>\n<!-- \/ Yoast SEO plugin. -->","yoast_head_json":{"title":"Waspe Crystal 8in1 180K Vape jetable - 180k bouff\u00e9es","description":"Shop Waspe Crystal 8in1 180K Vape jetable avec jusqu'\u00e0 180 000 bouff\u00e9es, 68ml d'e-liquide, batterie rechargeable de 650mAh, et affichage LED.","robots":{"index":"index","follow":"follow","max-snippet":"max-snippet:-1","max-image-preview":"max-image-preview:large","max-video-preview":"max-video-preview:-1"},"canonical":"https:\/\/vapemaison.com\/fr\/produit\/waspe-crystal-8in1-180k-jetable-vape\/","og_locale":"fr_FR","og_type":"article","og_title":"Waspe Crystal 8in1 180K Disposable Vape \u2013 180k Puffs","og_description":"Shop Waspe Crystal 8in1 180K Disposable Vape with up to 180,000 puffs, 68ml e-liquid, 650mAh rechargeable battery, and LED display.","og_url":"https:\/\/vapemaison.com\/fr\/produit\/waspe-crystal-8in1-180k-jetable-vape\/","og_site_name":"VapeMaison","article_modified_time":"2026-03-12T02:18:46+00:00","og_image":[{"width":800,"height":800,"url":"https:\/\/vapemaison.com\/wp-content\/uploads\/2026\/02\/waspe-crystal-8in1-180k-puffs-disposable-vape-6.webp","type":"image\/webp"}],"twitter_card":"summary_large_image","twitter_misc":{"Dur\u00e9e de lecture estim\u00e9e":"2 minutes"},"schema":{"@context":"https:\/\/schema.org","@graph":[{"@type":"WebPage","@id":"https:\/\/vapemaison.com\/product\/waspe-crystal-8in1-180k-disposable-vape\/","url":"https:\/\/vapemaison.com\/product\/waspe-crystal-8in1-180k-disposable-vape\/","name":"Waspe Crystal 8in1 180K Vape jetable - 180k bouff\u00e9es","isPartOf":{"@id":"https:\/\/vapemaison.com\/#website"},"primaryImageOfPage":{"@id":"https:\/\/vapemaison.com\/product\/waspe-crystal-8in1-180k-disposable-vape\/#primaryimage"},"image":{"@id":"https:\/\/vapemaison.com\/product\/waspe-crystal-8in1-180k-disposable-vape\/#primaryimage"},"thumbnailUrl":"https:\/\/vapemaison.com\/wp-content\/uploads\/2026\/02\/waspe-crystal-8in1-180k-puffs-disposable-vape-6.webp","datePublished":"2026-02-26T08:47:12+00:00","dateModified":"2026-03-12T02:18:46+00:00","description":"Shop Waspe Crystal 8in1 180K Vape jetable avec jusqu'\u00e0 180 000 bouff\u00e9es, 68ml d'e-liquide, batterie rechargeable de 650mAh, et affichage LED.","breadcrumb":{"@id":"https:\/\/vapemaison.com\/product\/waspe-crystal-8in1-180k-disposable-vape\/#breadcrumb"},"inLanguage":"fr-FR","potentialAction":[{"@type":"ReadAction","target":["https:\/\/vapemaison.com\/product\/waspe-crystal-8in1-180k-disposable-vape\/"]}]},{"@type":"ImageObject","inLanguage":"fr-FR","@id":"https:\/\/vapemaison.com\/product\/waspe-crystal-8in1-180k-disposable-vape\/#primaryimage","url":"https:\/\/vapemaison.com\/wp-content\/uploads\/2026\/02\/waspe-crystal-8in1-180k-puffs-disposable-vape-6.webp","contentUrl":"https:\/\/vapemaison.com\/wp-content\/uploads\/2026\/02\/waspe-crystal-8in1-180k-puffs-disposable-vape-6.webp","width":800,"height":800,"caption":"waspe-crystal-8in1-180k-puffs-disposable-vape-6"},{"@type":"BreadcrumbList","@id":"https:\/\/vapemaison.com\/product\/waspe-crystal-8in1-180k-disposable-vape\/#breadcrumb","itemListElement":[{"@type":"ListItem","position":1,"name":"\u9996\u9875","item":"https:\/\/vapemaison.com\/"},{"@type":"ListItem","position":2,"name":"Shop","item":"https:\/\/vapemaison.com\/shop\/"},{"@type":"ListItem","position":3,"name":"Waspe","item":"https:\/\/vapemaison.com\/brand\/waspe\/"},{"@type":"ListItem","position":4,"name":"Waspe Crystal 8in1 180K Disposable Vape"}]},{"@type":"WebSite","@id":"https:\/\/vapemaison.com\/#website","url":"https:\/\/vapemaison.com\/","name":"VapeMaison","description":"Appareils et accessoires de vapotage haut de gamme","publisher":{"@id":"https:\/\/vapemaison.com\/#organization"},"potentialAction":[{"@type":"SearchAction","target":{"@type":"EntryPoint","urlTemplate":"https:\/\/vapemaison.com\/?s={search_term_string}"},"query-input":{"@type":"PropertyValueSpecification","valueRequired":true,"valueName":"search_term_string"}}],"inLanguage":"fr-FR"},{"@type":"Organization","@id":"https:\/\/vapemaison.com\/#organization","name":"VapeMaison","url":"https:\/\/vapemaison.com\/","logo":{"@type":"ImageObject","inLanguage":"fr-FR","@id":"https:\/\/vapemaison.com\/#\/schema\/logo\/image\/","url":"https:\/\/vapemaison.com\/wp-content\/uploads\/2026\/01\/cropped-vapemaison-logo-g-2026.webp","contentUrl":"https:\/\/vapemaison.com\/wp-content\/uploads\/2026\/01\/cropped-vapemaison-logo-g-2026.webp","width":350,"height":280,"caption":"VapeMaison"},"image":{"@id":"https:\/\/vapemaison.com\/#\/schema\/logo\/image\/"},"sameAs":["https:\/\/www.youtube.com\/@VapeMaison"]}]}},"tiered_pricing_type":"fixed","tiered_pricing_fixed_rules":{"30":"10.99","50":"9.78","100":"8.99","200":"8.36"},"tiered_pricing_product_settings":{"layout":"default","base_unit_name":{"singular":null,"plural":null},"default_variation":null},"tiered_pricing_minimum_quantity":10,"tiered_pricing_roles_data":[],"tiered_pricing_percentage_rules":[],"tiered_pricing_maximum_quantity":null,"tiered_pricing_quantity_step":"10","_links":{"self":[{"href":"https:\/\/vapemaison.com\/fr\/wp-json\/wp\/v2\/product\/27399","targetHints":{"allow":["GET"]}}],"collection":[{"href":"https:\/\/vapemaison.com\/fr\/wp-json\/wp\/v2\/product"}],"about":[{"href":"https:\/\/vapemaison.com\/fr\/wp-json\/wp\/v2\/types\/product"}],"replies":[{"embeddable":true,"href":"https:\/\/vapemaison.com\/fr\/wp-json\/wp\/v2\/comments?post=27399"}],"version-history":[{"count":5,"href":"https:\/\/vapemaison.com\/fr\/wp-json\/wp\/v2\/product\/27399\/revisions"}],"predecessor-version":[{"id":27866,"href":"https:\/\/vapemaison.com\/fr\/wp-json\/wp\/v2\/product\/27399\/revisions\/27866"}],"wp:featuredmedia":[{"embeddable":true,"href":"https:\/\/vapemaison.com\/fr\/wp-json\/wp\/v2\/media\/27404"}],"wp:attachment":[{"href":"https:\/\/vapemaison.com\/fr\/wp-json\/wp\/v2\/media?parent=27399"}],"wp:term":[{"taxonomy":"product_brand","embeddable":true,"href":"https:\/\/vapemaison.com\/fr\/wp-json\/wp\/v2\/product_brand?post=27399"},{"taxonomy":"product_cat","embeddable":true,"href":"https:\/\/vapemaison.com\/fr\/wp-json\/wp\/v2\/product_cat?post=27399"},{"taxonomy":"product_tag","embeddable":true,"href":"https:\/\/vapemaison.com\/fr\/wp-json\/wp\/v2\/product_tag?post=27399"}],"curies":[{"name":"wp","href":"https:\/\/api.w.org\/{rel}","templated":true}]}}