

{"id":27451,"date":"2026-02-26T09:56:19","date_gmt":"2026-02-26T09:56:19","guid":{"rendered":"https:\/\/vapemaison.com\/?post_type=product&#038;p=27451"},"modified":"2026-04-11T06:06:04","modified_gmt":"2026-04-11T06:06:04","slug":"airmez-xbeats-pro-50000-smart-vape-avec-oreillettes-bluetooth","status":"publish","type":"product","link":"https:\/\/vapemaison.com\/fr\/product\/airmez-xbeats-pro-50000-smart-vape-with-bluetooth-earbuds\/","title":{"rendered":"Airmez Xbeats Pro 50000 Smart Vape avec oreillettes Bluetooth"},"content":{"rendered":"<p>Profitez d'une toute nouvelle exp\u00e9rience de vapotage avec le <strong>Airmez Xbeats Pro 50000 Vape jetable<\/strong>, Le premier appareil innovant au monde qui combine un syst\u00e8me de vaporisation \u00e0 haute capacit\u00e9 et des \u00e9couteurs Bluetooth TWS int\u00e9gr\u00e9s.<\/p>\n\n\n\n<p>Con\u00e7u pour le divertissement et la performance, cet appareil intelligent d\u00e9livre jusqu'\u00e0 <strong>50 000 bouff\u00e9es<\/strong> tout en pr\u00e9sentant <strong>Ecouteurs sans fil haute fid\u00e9lit\u00e9 avec Bluetooth 5.0<\/strong>. La puissante batterie interne rechargeable permet de vaper et de charger les \u00e9couteurs, ce qui vous permet de profiter d'une vapeur riche et de votre musique pr\u00e9f\u00e9r\u00e9e \u00e0 tout moment, o\u00f9 que vous soyez.<\/p>\n\n\n\n<p>\u00c9quip\u00e9 de <strong>Technologie Gen 2 dual mesh coil<\/strong>, L'Airmez Xbeats Pro assure un flux d'air r\u00e9gulier, une saveur am\u00e9lior\u00e9e et une production de vapeur constante. Un syst\u00e8me de <strong>affichage num\u00e9rique lat\u00e9ral<\/strong> indique les niveaux de batterie et d'e-liquide en temps r\u00e9el. <strong>syst\u00e8me activ\u00e9 par tirage au sort<\/strong> permet une utilisation facile, sans bouton.<\/p>\n\n\n\n<p>Cet appareil tout-en-un est parfait pour les utilisateurs \u00e0 la recherche de performances durables, de fonctionnalit\u00e9s modernes et d'une exp\u00e9rience de vapotage unique.<\/p>\n\n\n\n<h2 class=\"wp-block-heading\">Sp\u00e9cifications des produits<\/h2>\n\n\n\n<figure class=\"wp-block-table is-style-stripes\"><table class=\"has-fixed-layout\"><thead><tr><th>Param\u00e8tres<\/th><th>D\u00e9tails<\/th><\/tr><\/thead><tbody><tr><td>Capacit\u00e9 de bouff\u00e9e<\/td><td>Jusqu'\u00e0 50 000 bouff\u00e9es<\/td><\/tr><tr><td>Intensit\u00e9 de la nicotine<\/td><td>5% (50mg)<\/td><\/tr><tr><td>Type de bobine<\/td><td>Gen 2 Dual Mesh Coil<\/td><\/tr><tr><td>Batterie<\/td><td>Rechargeable (prend en charge le chargement des oreillettes)<\/td><\/tr><tr><td>Port de charge<\/td><td>USB Type-C<\/td><\/tr><tr><td>Ecouteurs<\/td><td>Ecouteurs Hi-Fi TWS int\u00e9gr\u00e9s<\/td><\/tr><tr><td>Version Bluetooth<\/td><td>Bluetooth 5.0<\/td><\/tr><tr><td>Affichage<\/td><td>\u00c9cran digital lat\u00e9ral (batterie et e-liquide)<\/td><\/tr><tr><td>Activation<\/td><td>Dessin activ\u00e9<\/td><\/tr><tr><td>Style de vapotage<\/td><td>MTL (bouche \u00e0 poumon)<\/td><\/tr><\/tbody><\/table><\/figure>\n\n\n\n<h2 class=\"wp-block-heading\">Saveurs disponibles<\/h2>\n\n\n\n<p>Past\u00e8que \u00e0 la myrtille<br>P\u00eache juteuse<br>Glace de raisin<br>B-pop aux fraises<br>Sour Fucking Fab<br>Glace Blue Razz<br>Menthe glac\u00e9e<br>Esprit de cr\u00e8me rose<\/p>\n\n\n\n<p>Si vous souhaitez explorer d'autres options que la <strong><strong>Airmez Xbeats Pro 50000<\/strong><\/strong>, Il y a bien d'autres choses \u00e0 d\u00e9couvrir. Vous pouvez consulter notre <strong><a href=\"https:\/\/vapemaison.com\/shop\/\" type=\"link\" id=\"https:\/\/vapemaison.com\/shop\/\">Collection de la boutique<\/a><\/strong> pour trouver une large gamme de vapes jetables de haute performance avec diff\u00e9rents nombres de bouff\u00e9es, caract\u00e9ristiques et profils d'ar\u00f4mes pour r\u00e9pondre \u00e0 vos pr\u00e9f\u00e9rences.<\/p>\n\n\n\n<p>Si vous aimez le design et l'innovation de cet appareil, nous vous recommandons de d\u00e9couvrir d'autres produits de la marque <strong><a href=\"https:\/\/vapemaison.com\/brand\/airmez\/\" type=\"link\" id=\"https:\/\/vapemaison.com\/brand\/airmez\/\">Gamme Airmez<\/a><\/strong>, o\u00f9 vous trouverez des mod\u00e8les tout aussi avanc\u00e9s, dot\u00e9s de caract\u00e9ristiques uniques et d'une qualit\u00e9 de fabrication sup\u00e9rieure.<\/p>\n\n\n\n<p>Pour ceux qui s'int\u00e9ressent plus particuli\u00e8rement aux appareils \u00e0 longue dur\u00e9e de vie, ne manquez pas notre s\u00e9lection de <strong><a href=\"https:\/\/vapemaison.com\/product-category\/puffs-count\/50k-puffs\/\" type=\"link\" id=\"https:\/\/vapemaison.com\/product-category\/puffs-count\/50k-puffs\/\">50K puffs<\/a><\/strong> les vapes jetables. Ces options offrent une utilisation prolong\u00e9e, un ar\u00f4me riche et une excellente valeur pour les utilisateurs qui souhaitent moins de remplacements sans compromettre les performances.<\/p>\n\n\n\n<p>D\u00e9couvrez-en plus et trouvez la vape parfaite qui correspond \u00e0 votre style et \u00e0 vos besoins.<\/p>\n\n\n\n<p><\/p>","protected":false},"excerpt":{"rendered":"<p data-start=\"1799\" data-end=\"1972\">Conception innovante 2-en-1 avec oreillettes Bluetooth int\u00e9gr\u00e9es et jusqu'\u00e0 50 000 bouff\u00e9es.<br data-start=\"1879\" data-end=\"1882\" \/>Vapeur intelligente rechargeable avec affichage num\u00e9rique pour une performance et une commodit\u00e9 durables.<\/p>","protected":false},"featured_media":27459,"comment_status":"open","ping_status":"closed","template":"","meta":[],"product_brand":[314],"product_cat":[136],"product_tag":[],"class_list":{"0":"post-27451","1":"product","2":"type-product","3":"status-publish","4":"has-post-thumbnail","6":"product_brand-airmez","7":"product_cat-50k-puffs","9":"first","10":"instock","11":"sale","12":"shipping-taxable","13":"purchasable","14":"product-type-variable"},"yoast_head":"<!-- This site is optimized with the Yoast SEO plugin v27.4 - https:\/\/yoast.com\/product\/yoast-seo-wordpress\/ -->\n<title>Airmez Xbeats Pro 50000 Smart Vape with Bluetooth Earbuds<\/title>\n<meta name=\"description\" content=\"Discover Airmez Xbeats Pro 50000 disposable vape with built-in Bluetooth 5.0 TWS earbuds, up to 50,000 puffs, dual mesh coils, rechargeable battery.\" \/>\n<meta name=\"robots\" content=\"index, follow, max-snippet:-1, max-image-preview:large, max-video-preview:-1\" \/>\n<link rel=\"canonical\" href=\"https:\/\/vapemaison.com\/fr\/produit\/airmez-xbeats-pro-50000-smart-vape-avec-oreillettes-bluetooth\/\" \/>\n<meta property=\"og:locale\" content=\"fr_FR\" \/>\n<meta property=\"og:type\" content=\"article\" \/>\n<meta property=\"og:title\" content=\"Airmez Xbeats Pro 50000 Smart Vape with Bluetooth Earbuds\" \/>\n<meta property=\"og:description\" content=\"Discover Airmez Xbeats Pro 50000 disposable vape with built-in Bluetooth 5.0 TWS earbuds, up to 50,000 puffs, dual mesh coils, rechargeable battery.\" \/>\n<meta property=\"og:url\" content=\"https:\/\/vapemaison.com\/fr\/produit\/airmez-xbeats-pro-50000-smart-vape-avec-oreillettes-bluetooth\/\" \/>\n<meta property=\"og:site_name\" content=\"VapeMaison\" \/>\n<meta property=\"article:modified_time\" content=\"2026-04-11T06:06:04+00:00\" \/>\n<meta property=\"og:image\" content=\"https:\/\/vapemaison.com\/wp-content\/uploads\/2026\/02\/airmez-xbeats-pro-50000-puffs-x-beats-disposable-vape-strawberry-b-pop.webp\" \/>\n\t<meta property=\"og:image:width\" content=\"1280\" \/>\n\t<meta property=\"og:image:height\" content=\"1280\" \/>\n\t<meta property=\"og:image:type\" content=\"image\/webp\" \/>\n<meta name=\"twitter:card\" content=\"summary_large_image\" \/>\n<meta name=\"twitter:label1\" content=\"Dur\u00e9e de lecture estim\u00e9e\" \/>\n\t<meta name=\"twitter:data1\" content=\"2 minutes\" \/>\n<!-- \/ Yoast SEO plugin. -->","yoast_head_json":{"title":"Airmez Xbeats Pro 50000 Smart Vape avec oreillettes Bluetooth","description":"D\u00e9couvrez la vape jetable Airmez Xbeats Pro 50000 avec oreillettes Bluetooth 5.0 TWS int\u00e9gr\u00e9es, jusqu'\u00e0 50 000 bouff\u00e9es, dual mesh coils, batterie rechargeable.","robots":{"index":"index","follow":"follow","max-snippet":"max-snippet:-1","max-image-preview":"max-image-preview:large","max-video-preview":"max-video-preview:-1"},"canonical":"https:\/\/vapemaison.com\/fr\/produit\/airmez-xbeats-pro-50000-smart-vape-avec-oreillettes-bluetooth\/","og_locale":"fr_FR","og_type":"article","og_title":"Airmez Xbeats Pro 50000 Smart Vape with Bluetooth Earbuds","og_description":"Discover Airmez Xbeats Pro 50000 disposable vape with built-in Bluetooth 5.0 TWS earbuds, up to 50,000 puffs, dual mesh coils, rechargeable battery.","og_url":"https:\/\/vapemaison.com\/fr\/produit\/airmez-xbeats-pro-50000-smart-vape-avec-oreillettes-bluetooth\/","og_site_name":"VapeMaison","article_modified_time":"2026-04-11T06:06:04+00:00","og_image":[{"width":1280,"height":1280,"url":"https:\/\/vapemaison.com\/wp-content\/uploads\/2026\/02\/airmez-xbeats-pro-50000-puffs-x-beats-disposable-vape-strawberry-b-pop.webp","type":"image\/webp"}],"twitter_card":"summary_large_image","twitter_misc":{"Dur\u00e9e de lecture estim\u00e9e":"2 minutes"},"schema":{"@context":"https:\/\/schema.org","@graph":[{"@type":"WebPage","@id":"https:\/\/vapemaison.com\/product\/airmez-xbeats-pro-50000-smart-vape-with-bluetooth-earbuds\/","url":"https:\/\/vapemaison.com\/product\/airmez-xbeats-pro-50000-smart-vape-with-bluetooth-earbuds\/","name":"Airmez Xbeats Pro 50000 Smart Vape avec oreillettes Bluetooth","isPartOf":{"@id":"https:\/\/vapemaison.com\/#website"},"primaryImageOfPage":{"@id":"https:\/\/vapemaison.com\/product\/airmez-xbeats-pro-50000-smart-vape-with-bluetooth-earbuds\/#primaryimage"},"image":{"@id":"https:\/\/vapemaison.com\/product\/airmez-xbeats-pro-50000-smart-vape-with-bluetooth-earbuds\/#primaryimage"},"thumbnailUrl":"https:\/\/vapemaison.com\/wp-content\/uploads\/2026\/02\/airmez-xbeats-pro-50000-puffs-x-beats-disposable-vape-strawberry-b-pop.webp","datePublished":"2026-02-26T09:56:19+00:00","dateModified":"2026-04-11T06:06:04+00:00","description":"D\u00e9couvrez la vape jetable Airmez Xbeats Pro 50000 avec oreillettes Bluetooth 5.0 TWS int\u00e9gr\u00e9es, jusqu'\u00e0 50 000 bouff\u00e9es, dual mesh coils, batterie rechargeable.","breadcrumb":{"@id":"https:\/\/vapemaison.com\/product\/airmez-xbeats-pro-50000-smart-vape-with-bluetooth-earbuds\/#breadcrumb"},"inLanguage":"fr-FR","potentialAction":[{"@type":"ReadAction","target":["https:\/\/vapemaison.com\/product\/airmez-xbeats-pro-50000-smart-vape-with-bluetooth-earbuds\/"]}]},{"@type":"ImageObject","inLanguage":"fr-FR","@id":"https:\/\/vapemaison.com\/product\/airmez-xbeats-pro-50000-smart-vape-with-bluetooth-earbuds\/#primaryimage","url":"https:\/\/vapemaison.com\/wp-content\/uploads\/2026\/02\/airmez-xbeats-pro-50000-puffs-x-beats-disposable-vape-strawberry-b-pop.webp","contentUrl":"https:\/\/vapemaison.com\/wp-content\/uploads\/2026\/02\/airmez-xbeats-pro-50000-puffs-x-beats-disposable-vape-strawberry-b-pop.webp","width":1280,"height":1280,"caption":"airmez-xbeats-pro-50000-puffs-x-beats-disposable-vape-strawberry-b-pop"},{"@type":"BreadcrumbList","@id":"https:\/\/vapemaison.com\/product\/airmez-xbeats-pro-50000-smart-vape-with-bluetooth-earbuds\/#breadcrumb","itemListElement":[{"@type":"ListItem","position":1,"name":"\u9996\u9875","item":"https:\/\/vapemaison.com\/"},{"@type":"ListItem","position":2,"name":"Shop","item":"https:\/\/vapemaison.com\/shop\/"},{"@type":"ListItem","position":3,"name":"Airmez","item":"https:\/\/vapemaison.com\/brand\/airmez\/"},{"@type":"ListItem","position":4,"name":"Airmez Xbeats Pro 50000 Smart Vape with Bluetooth Earbuds"}]},{"@type":"WebSite","@id":"https:\/\/vapemaison.com\/#website","url":"https:\/\/vapemaison.com\/","name":"VapeMaison","description":"Appareils et accessoires de vapotage haut de gamme","publisher":{"@id":"https:\/\/vapemaison.com\/#organization"},"potentialAction":[{"@type":"SearchAction","target":{"@type":"EntryPoint","urlTemplate":"https:\/\/vapemaison.com\/?s={search_term_string}"},"query-input":{"@type":"PropertyValueSpecification","valueRequired":true,"valueName":"search_term_string"}}],"inLanguage":"fr-FR"},{"@type":"Organization","@id":"https:\/\/vapemaison.com\/#organization","name":"VapeMaison","url":"https:\/\/vapemaison.com\/","logo":{"@type":"ImageObject","inLanguage":"fr-FR","@id":"https:\/\/vapemaison.com\/#\/schema\/logo\/image\/","url":"https:\/\/vapemaison.com\/wp-content\/uploads\/2026\/01\/cropped-vapemaison-logo-g-2026.webp","contentUrl":"https:\/\/vapemaison.com\/wp-content\/uploads\/2026\/01\/cropped-vapemaison-logo-g-2026.webp","width":350,"height":280,"caption":"VapeMaison"},"image":{"@id":"https:\/\/vapemaison.com\/#\/schema\/logo\/image\/"},"sameAs":["https:\/\/www.youtube.com\/@VapeMaison"]}]}},"tiered_pricing_type":"fixed","tiered_pricing_fixed_rules":{"30":"12.34","50":"11.23","100":"10.56","200":"9.99"},"tiered_pricing_product_settings":{"layout":"default","base_unit_name":{"singular":null,"plural":null},"default_variation":null},"tiered_pricing_minimum_quantity":10,"tiered_pricing_roles_data":[],"tiered_pricing_percentage_rules":[],"tiered_pricing_maximum_quantity":null,"tiered_pricing_quantity_step":"10","_links":{"self":[{"href":"https:\/\/vapemaison.com\/fr\/wp-json\/wp\/v2\/product\/27451","targetHints":{"allow":["GET"]}}],"collection":[{"href":"https:\/\/vapemaison.com\/fr\/wp-json\/wp\/v2\/product"}],"about":[{"href":"https:\/\/vapemaison.com\/fr\/wp-json\/wp\/v2\/types\/product"}],"replies":[{"embeddable":true,"href":"https:\/\/vapemaison.com\/fr\/wp-json\/wp\/v2\/comments?post=27451"}],"version-history":[{"count":3,"href":"https:\/\/vapemaison.com\/fr\/wp-json\/wp\/v2\/product\/27451\/revisions"}],"predecessor-version":[{"id":29272,"href":"https:\/\/vapemaison.com\/fr\/wp-json\/wp\/v2\/product\/27451\/revisions\/29272"}],"wp:featuredmedia":[{"embeddable":true,"href":"https:\/\/vapemaison.com\/fr\/wp-json\/wp\/v2\/media\/27459"}],"wp:attachment":[{"href":"https:\/\/vapemaison.com\/fr\/wp-json\/wp\/v2\/media?parent=27451"}],"wp:term":[{"taxonomy":"product_brand","embeddable":true,"href":"https:\/\/vapemaison.com\/fr\/wp-json\/wp\/v2\/product_brand?post=27451"},{"taxonomy":"product_cat","embeddable":true,"href":"https:\/\/vapemaison.com\/fr\/wp-json\/wp\/v2\/product_cat?post=27451"},{"taxonomy":"product_tag","embeddable":true,"href":"https:\/\/vapemaison.com\/fr\/wp-json\/wp\/v2\/product_tag?post=27451"}],"curies":[{"name":"wp","href":"https:\/\/api.w.org\/{rel}","templated":true}]}}