

{"id":27559,"date":"2026-03-02T10:32:38","date_gmt":"2026-03-02T10:32:38","guid":{"rendered":"https:\/\/vapemaison.com\/?post_type=product&#038;p=27559"},"modified":"2026-03-26T06:06:44","modified_gmt":"2026-03-26T06:06:44","slug":"bang-king-250k-4-en-1-jetable-vape","status":"publish","type":"product","link":"https:\/\/vapemaison.com\/fr\/product\/bang-king-250k-4-in-1-disposable-vape\/","title":{"rendered":"Bang King 250K 4-en-1 Vape jetable"},"content":{"rendered":"<p>Le <strong>Bang King 250K 4-en-1 Vape jetable<\/strong> est con\u00e7u pour les utilisateurs et les distributeurs \u00e0 la recherche d'une capacit\u00e9 ultra-\u00e9lev\u00e9e, de performances \u00e9lev\u00e9es et d'une flexibilit\u00e9 maximale en mati\u00e8re d'ar\u00f4mes. En combinant un d\u00e9bit de bouff\u00e9es massif avec un syst\u00e8me multiar\u00f4mes, il offre une puissante solution de vapotage tout-en-un. En savoir plus sur notre <a href=\"https:\/\/vapemaison.com\/shop\/\" type=\"link\" id=\"https:\/\/vapemaison.com\/shop\/\">page de la boutique<\/a> ou explorer l'ensemble du site <a href=\"https:\/\/vapemaison.com\/brand\/bang\/\">Collection de la marque Bang<\/a>.<\/p>\n\n\n\n<p>L'appareil offre jusqu'\u00e0 250 000 bouff\u00e9es, ce qui le place parmi les produits jetables les plus performants du march\u00e9. D\u00e9couvrez d'autres options telles que <a href=\"https:\/\/vapemaison.com\/product\/bang-king-250k-4-in-1-disposable-vape\/\" type=\"link\" id=\"https:\/\/vapemaison.com\/product\/bang-king-250k-4-in-1-disposable-vape\/\">Bang 200K<\/a> ou <a href=\"https:\/\/vapemaison.com\/product\/bang-leader-stoll-350k-puffs-8-in-1-disposable-vape\/\" type=\"link\" id=\"https:\/\/vapemaison.com\/product\/bang-leader-stoll-350k-puffs-8-in-1-disposable-vape\/\">Bang 350K <\/a> pour diff\u00e9rentes capacit\u00e9s de bouff\u00e9es. Cela garantit une utilisation durable pour les consommateurs et un fort potentiel de valeur pour les grossistes ciblant les segments haut de gamme.<\/p>\n\n\n\n<p>Son syst\u00e8me de changement d'ar\u00f4me 4 en 1 int\u00e8gre quatre ar\u00f4mes dans un seul appareil, ce qui permet aux utilisateurs de passer instantan\u00e9ment d'un ar\u00f4me \u00e0 l'autre sans changer d'unit\u00e9. Cela am\u00e9liore la vari\u00e9t\u00e9 et maintient la fra\u00eecheur de l'exp\u00e9rience tout au long du cycle de vie du produit.<\/p>\n\n\n\n<p>\u00c9quip\u00e9 d'une bobine \u00e0 mailles de 1,0\u03a9, l'appareil assure un chauffage constant et une vaporisation efficace, offrant un flux d'air r\u00e9gulier, une saveur riche et une vapeur dense \u00e0 chaque bouff\u00e9e.<\/p>\n\n\n\n<p>La batterie rechargeable int\u00e9gr\u00e9e de 650mAh, associ\u00e9e \u00e0 un port de charge Type-C, garantit des performances stables et un temps d'arr\u00eat minimal.<\/p>\n\n\n\n<p>Prenant en charge les taux de nicotine 0%, 2%, 3% et 5%, et offrant une personnalisation OEM\/ODM compl\u00e8te, le Bang King 250K est bien adapt\u00e9 aux marques priv\u00e9es, aux propri\u00e9taires de marques et \u00e0 la distribution \u00e0 grande \u00e9chelle.<\/p>\n\n\n\n<p>Dans l'ensemble, il combine une capacit\u00e9 extr\u00eame, une polyvalence des ar\u00f4mes et des performances fiables, ce qui en fait un choix comp\u00e9titif pour les utilisateurs finaux et les march\u00e9s de gros mondiaux. Visitez notre <a href=\"https:\/\/vapemaison.com\/shop\/\">page de la boutique<\/a> \u00e0 parcourir maintenant.<\/p>\n\n\n\n<h2 class=\"wp-block-heading\">Sp\u00e9cifications des produits<\/h2>\n\n\n\n<figure class=\"wp-block-table\"><table class=\"has-fixed-layout\"><thead><tr><th>Param\u00e8tres<\/th><th>D\u00e9tails<\/th><\/tr><\/thead><tbody><tr><td>Capacit\u00e9 de bouff\u00e9e<\/td><td>Jusqu'\u00e0 250 000 bouff\u00e9es<\/td><\/tr><tr><td>Syst\u00e8me d'ar\u00f4mes<\/td><td>Commutation multi-saveurs 4 en 1<\/td><\/tr><tr><td>Intensit\u00e9 de la nicotine<\/td><td>0% \/ 2% \/ 3% \/ 5%<\/td><\/tr><tr><td>Type de bobine<\/td><td>1.0\u03a9 Mesh Coil<\/td><\/tr><tr><td>Batterie<\/td><td>650mAh Rechargeable<\/td><\/tr><tr><td>Port de charge<\/td><td>Type-C<\/td><\/tr><tr><td>Type d'appareil<\/td><td>Jetable (rechargeable)<\/td><\/tr><tr><td>Personnalisation<\/td><td>OEM \/ ODM disponibles<\/td><\/tr><tr><td>Combinaisons de saveurs<\/td><td>10 options (4 saveurs par appareil)<\/td><\/tr><\/tbody><\/table><\/figure>\n\n\n\n<h2 class=\"wp-block-heading\">Options de combinaisons de saveurs<\/h2>\n\n\n\n<p>Citron vert, past\u00e8que Ice, Black Ice Fruit du dragon Fraise, Love 66<br>Citron vert, fraise glac\u00e9e, framboise, past\u00e8que, cerise p\u00e9tillante<br>Vanilla Cola, Lemon Peach, Strawberry Raspberry Cherry Ice, Grape Ice<br>Limonade rose, Kiwi, Fruit de la passion, Goyave, P\u00eache, Fraise, Banane<br>Grape Burst, Lychee Ice, Peach Berry, Kiwi Passion Fruit Guava<br>Mangue fraise, limonade Blue Razz, glace \u00e0 la vanille, triple baie acidul\u00e9e<br>Glace past\u00e8que, fraise mangue, glace myrtille, cerise p\u00e9tillante<br>Baies m\u00e9lang\u00e9es, cerise citron, fraise kiwi, fraise past\u00e8que bubblegum<br>Past\u00e8que \u00e0 la fraise, cola \u00e0 la cerise, glace \u00e0 la p\u00eache juteuse, rafra\u00eechissement au pamplemousse<br>Mojito, Monster Mango, Lady Killer, Pink Lemonade<\/p>\n\n\n\n<p><\/p>","protected":false},"excerpt":{"rendered":"<p>Jusqu'\u00e0 250 000 bouff\u00e9es avec un syst\u00e8me innovant de changement d'ar\u00f4me 4 en 1 pour une vari\u00e9t\u00e9 maximale.<br data-start=\"3222\" data-end=\"3225\" \/>Batterie rechargeable et technologie mesh coil pour des performances durables et constantes.<\/p>","protected":false},"featured_media":27569,"comment_status":"open","ping_status":"closed","template":"","meta":[],"product_brand":[57],"product_cat":[],"product_tag":[],"class_list":{"0":"post-27559","1":"product","2":"type-product","3":"status-publish","4":"has-post-thumbnail","6":"product_brand-bang","8":"first","9":"instock","10":"sale","11":"shipping-taxable","12":"purchasable","13":"product-type-variable"},"yoast_head":"<!-- This site is optimized with the Yoast SEO plugin v27.4 - https:\/\/yoast.com\/product\/yoast-seo-wordpress\/ -->\n<title>Bang King 25000 250K Puffs 4-in-1 Disposable Vape<\/title>\n<meta name=\"description\" content=\"Shop Bang King 250K 4-in-1 disposable vape with up to 250k puffs, four flavors in one device, mesh coil technology, and rechargeable Type-C battery.\" \/>\n<meta name=\"robots\" content=\"index, follow, max-snippet:-1, max-image-preview:large, max-video-preview:-1\" \/>\n<link rel=\"canonical\" href=\"https:\/\/vapemaison.com\/fr\/produit\/bang-king-250k-4-en-1-jetable-vape\/\" \/>\n<meta property=\"og:locale\" content=\"fr_FR\" \/>\n<meta property=\"og:type\" content=\"article\" \/>\n<meta property=\"og:title\" content=\"Bang King 25000 250K Puffs 4-in-1 Disposable Vape\" \/>\n<meta property=\"og:description\" content=\"Shop Bang King 250K 4-in-1 disposable vape with up to 250k puffs, four flavors in one device, mesh coil technology, and rechargeable Type-C battery.\" \/>\n<meta property=\"og:url\" content=\"https:\/\/vapemaison.com\/fr\/produit\/bang-king-250k-4-en-1-jetable-vape\/\" \/>\n<meta property=\"og:site_name\" content=\"VapeMaison\" \/>\n<meta property=\"article:modified_time\" content=\"2026-03-26T06:06:44+00:00\" \/>\n<meta property=\"og:image\" content=\"https:\/\/vapemaison.com\/wp-content\/uploads\/2026\/03\/bang-king-250000-puffs-disposable-vape-flavor-10-scaled.webp\" \/>\n\t<meta property=\"og:image:width\" content=\"1652\" \/>\n\t<meta property=\"og:image:height\" content=\"2560\" \/>\n\t<meta property=\"og:image:type\" content=\"image\/webp\" \/>\n<meta name=\"twitter:card\" content=\"summary_large_image\" \/>\n<meta name=\"twitter:label1\" content=\"Dur\u00e9e de lecture estim\u00e9e\" \/>\n\t<meta name=\"twitter:data1\" content=\"2 minutes\" \/>\n<!-- \/ Yoast SEO plugin. -->","yoast_head_json":{"title":"Bang King 25000 250K Puffs 4-en-1 Vape jetable","description":"Boutique Bang King 250K 4-en-1 vape jetable avec jusqu'\u00e0 250k bouff\u00e9es, quatre saveurs dans un seul appareil, technologie mesh coil, et batterie rechargeable Type-C.","robots":{"index":"index","follow":"follow","max-snippet":"max-snippet:-1","max-image-preview":"max-image-preview:large","max-video-preview":"max-video-preview:-1"},"canonical":"https:\/\/vapemaison.com\/fr\/produit\/bang-king-250k-4-en-1-jetable-vape\/","og_locale":"fr_FR","og_type":"article","og_title":"Bang King 25000 250K Puffs 4-in-1 Disposable Vape","og_description":"Shop Bang King 250K 4-in-1 disposable vape with up to 250k puffs, four flavors in one device, mesh coil technology, and rechargeable Type-C battery.","og_url":"https:\/\/vapemaison.com\/fr\/produit\/bang-king-250k-4-en-1-jetable-vape\/","og_site_name":"VapeMaison","article_modified_time":"2026-03-26T06:06:44+00:00","og_image":[{"width":1652,"height":2560,"url":"https:\/\/vapemaison.com\/wp-content\/uploads\/2026\/03\/bang-king-250000-puffs-disposable-vape-flavor-10-scaled.webp","type":"image\/webp"}],"twitter_card":"summary_large_image","twitter_misc":{"Dur\u00e9e de lecture estim\u00e9e":"2 minutes"},"schema":{"@context":"https:\/\/schema.org","@graph":[{"@type":"WebPage","@id":"https:\/\/vapemaison.com\/product\/bang-king-250k-4-in-1-disposable-vape\/","url":"https:\/\/vapemaison.com\/product\/bang-king-250k-4-in-1-disposable-vape\/","name":"Bang King 25000 250K Puffs 4-en-1 Vape jetable","isPartOf":{"@id":"https:\/\/vapemaison.com\/#website"},"primaryImageOfPage":{"@id":"https:\/\/vapemaison.com\/product\/bang-king-250k-4-in-1-disposable-vape\/#primaryimage"},"image":{"@id":"https:\/\/vapemaison.com\/product\/bang-king-250k-4-in-1-disposable-vape\/#primaryimage"},"thumbnailUrl":"https:\/\/vapemaison.com\/wp-content\/uploads\/2026\/03\/bang-king-250000-puffs-disposable-vape-flavor-10-scaled.webp","datePublished":"2026-03-02T10:32:38+00:00","dateModified":"2026-03-26T06:06:44+00:00","description":"Boutique Bang King 250K 4-en-1 vape jetable avec jusqu'\u00e0 250k bouff\u00e9es, quatre saveurs dans un seul appareil, technologie mesh coil, et batterie rechargeable Type-C.","breadcrumb":{"@id":"https:\/\/vapemaison.com\/product\/bang-king-250k-4-in-1-disposable-vape\/#breadcrumb"},"inLanguage":"fr-FR","potentialAction":[{"@type":"ReadAction","target":["https:\/\/vapemaison.com\/product\/bang-king-250k-4-in-1-disposable-vape\/"]}]},{"@type":"ImageObject","inLanguage":"fr-FR","@id":"https:\/\/vapemaison.com\/product\/bang-king-250k-4-in-1-disposable-vape\/#primaryimage","url":"https:\/\/vapemaison.com\/wp-content\/uploads\/2026\/03\/bang-king-250000-puffs-disposable-vape-flavor-10-scaled.webp","contentUrl":"https:\/\/vapemaison.com\/wp-content\/uploads\/2026\/03\/bang-king-250000-puffs-disposable-vape-flavor-10-scaled.webp","width":1652,"height":2560,"caption":"Bang King Puffs Disposable Vape Flavor 10 Scaled"},{"@type":"BreadcrumbList","@id":"https:\/\/vapemaison.com\/product\/bang-king-250k-4-in-1-disposable-vape\/#breadcrumb","itemListElement":[{"@type":"ListItem","position":1,"name":"\u9996\u9875","item":"https:\/\/vapemaison.com\/"},{"@type":"ListItem","position":2,"name":"Shop","item":"https:\/\/vapemaison.com\/shop\/"},{"@type":"ListItem","position":3,"name":"Bang","item":"https:\/\/vapemaison.com\/brand\/bang\/"},{"@type":"ListItem","position":4,"name":"Bang King 250K 4-in-1 Disposable Vape"}]},{"@type":"WebSite","@id":"https:\/\/vapemaison.com\/#website","url":"https:\/\/vapemaison.com\/","name":"VapeMaison","description":"Appareils et accessoires de vapotage haut de gamme","publisher":{"@id":"https:\/\/vapemaison.com\/#organization"},"potentialAction":[{"@type":"SearchAction","target":{"@type":"EntryPoint","urlTemplate":"https:\/\/vapemaison.com\/?s={search_term_string}"},"query-input":{"@type":"PropertyValueSpecification","valueRequired":true,"valueName":"search_term_string"}}],"inLanguage":"fr-FR"},{"@type":"Organization","@id":"https:\/\/vapemaison.com\/#organization","name":"VapeMaison","url":"https:\/\/vapemaison.com\/","logo":{"@type":"ImageObject","inLanguage":"fr-FR","@id":"https:\/\/vapemaison.com\/#\/schema\/logo\/image\/","url":"https:\/\/vapemaison.com\/wp-content\/uploads\/2026\/01\/cropped-vapemaison-logo-g-2026.webp","contentUrl":"https:\/\/vapemaison.com\/wp-content\/uploads\/2026\/01\/cropped-vapemaison-logo-g-2026.webp","width":350,"height":280,"caption":"VapeMaison"},"image":{"@id":"https:\/\/vapemaison.com\/#\/schema\/logo\/image\/"},"sameAs":["https:\/\/www.youtube.com\/@VapeMaison"]}]}},"tiered_pricing_type":"fixed","tiered_pricing_fixed_rules":{"30":"11.99","50":"11.12","100":"10.56","200":"9.99"},"tiered_pricing_product_settings":{"layout":"default","base_unit_name":{"singular":null,"plural":null},"default_variation":null},"tiered_pricing_minimum_quantity":10,"tiered_pricing_roles_data":[],"tiered_pricing_percentage_rules":[],"tiered_pricing_maximum_quantity":null,"tiered_pricing_quantity_step":"10","_links":{"self":[{"href":"https:\/\/vapemaison.com\/fr\/wp-json\/wp\/v2\/product\/27559","targetHints":{"allow":["GET"]}}],"collection":[{"href":"https:\/\/vapemaison.com\/fr\/wp-json\/wp\/v2\/product"}],"about":[{"href":"https:\/\/vapemaison.com\/fr\/wp-json\/wp\/v2\/types\/product"}],"replies":[{"embeddable":true,"href":"https:\/\/vapemaison.com\/fr\/wp-json\/wp\/v2\/comments?post=27559"}],"version-history":[{"count":4,"href":"https:\/\/vapemaison.com\/fr\/wp-json\/wp\/v2\/product\/27559\/revisions"}],"predecessor-version":[{"id":28469,"href":"https:\/\/vapemaison.com\/fr\/wp-json\/wp\/v2\/product\/27559\/revisions\/28469"}],"wp:featuredmedia":[{"embeddable":true,"href":"https:\/\/vapemaison.com\/fr\/wp-json\/wp\/v2\/media\/27569"}],"wp:attachment":[{"href":"https:\/\/vapemaison.com\/fr\/wp-json\/wp\/v2\/media?parent=27559"}],"wp:term":[{"taxonomy":"product_brand","embeddable":true,"href":"https:\/\/vapemaison.com\/fr\/wp-json\/wp\/v2\/product_brand?post=27559"},{"taxonomy":"product_cat","embeddable":true,"href":"https:\/\/vapemaison.com\/fr\/wp-json\/wp\/v2\/product_cat?post=27559"},{"taxonomy":"product_tag","embeddable":true,"href":"https:\/\/vapemaison.com\/fr\/wp-json\/wp\/v2\/product_tag?post=27559"}],"curies":[{"name":"wp","href":"https:\/\/api.w.org\/{rel}","templated":true}]}}