

{"id":27633,"date":"2026-03-04T10:04:29","date_gmt":"2026-03-04T10:04:29","guid":{"rendered":"https:\/\/vapemaison.com\/?post_type=product&#038;p=27633"},"modified":"2026-03-20T07:21:16","modified_gmt":"2026-03-20T07:21:16","slug":"zooy-triple-70000-puffs-3-en-1-jetable-vape","status":"publish","type":"product","link":"https:\/\/vapemaison.com\/fr\/product\/zooy-triple-70000-puffs-3-in-1-disposable-vape\/","title":{"rendered":"ZOOY TRIPLE 70000 Puffs- 3-in-1 Vape jetable"},"content":{"rendered":"<p>Si vous \u00eates \u00e0 la recherche d'une vape jetable qui d\u00e9passe les limites habituelles, le ZOOY TRIPLE 70000 offre un niveau de performance totalement diff\u00e9rent. Dot\u00e9 d'un syst\u00e8me de changement d'ar\u00f4me 3 en 1, d'une technologie de bobine \u00e0 triple maillage et d'une capacit\u00e9 de bouff\u00e9e ultra \u00e9lev\u00e9e de 70 000 bouff\u00e9es, cet appareil est con\u00e7u pour les utilisateurs qui recherchent la long\u00e9vit\u00e9, la coh\u00e9rence et la vari\u00e9t\u00e9 dans un seul appareil.<\/p>\n\n\n\n<p>Contrairement aux produits jetables traditionnels, il s'agit d'un <strong>syst\u00e8me multichambre<\/strong> qui \u00e9limine la fatigue de la saveur tout en maintenant un d\u00e9bit de vapeur stable lors d'une utilisation prolong\u00e9e.<\/p>\n\n\n\n<h2 class=\"wp-block-heading\"><a href=\"https:\/\/vapemaison.com\/product-category\/puffs-count\/70k-puffs\/\">70k Puffs<\/a> - Con\u00e7u pour les utilisateurs intensifs<\/h2>\n\n\n\n<p>L'avantage d\u00e9terminant du ZOOY TRIPLE 70000 est son extr\u00eame capacit\u00e9 de bouff\u00e9e. Con\u00e7ue pour les utilisateurs fr\u00e9quents, elle r\u00e9duit consid\u00e9rablement le besoin de remplacements fr\u00e9quents.<\/p>\n\n\n\n<p>Il est donc id\u00e9al pour :<\/p>\n\n\n\n<ul class=\"wp-block-list\">\n<li>Les gros fumeurs quotidiens<\/li>\n\n\n\n<li>Acheteurs en gros \u00e0 la recherche de produits de grande valeur<\/li>\n\n\n\n<li>Les utilisateurs qui privil\u00e9gient les appareils \u00e0 longue dur\u00e9e de vie<\/li>\n<\/ul>\n\n\n\n<p>Par rapport aux appareils standard de 5 000 \u00e0 15 000 bouff\u00e9es, ce mod\u00e8le offre un cycle de vie nettement plus long.<\/p>\n\n\n\n<h2 class=\"wp-block-heading\">Triple bobine 0.9\u03a9 Mesh Coil - Go\u00fbt stable<\/h2>\n\n\n\n<p>Au c\u0153ur de l'appareil se trouve un triple syst\u00e8me de bobine \u00e0 mailles de 0,9\u03a9 con\u00e7u pour une production de vapeur constante.<\/p>\n\n\n\n<p>Les principaux avantages sont les suivants :<\/p>\n\n\n\n<ul class=\"wp-block-list\">\n<li>R\u00e9ponse plus rapide au chauffage<\/li>\n\n\n\n<li>M\u00eame la vaporisation de l'e-liquide<\/li>\n\n\n\n<li>Une diffusion plus forte des ar\u00f4mes<\/li>\n\n\n\n<li>Nuages lisses et denses<\/li>\n<\/ul>\n\n\n\n<p>Chaque chambre fonctionne ind\u00e9pendamment, ce qui garantit que le changement d'ar\u00f4me ne compromet pas les performances.<\/p>\n\n\n\n<p>\ud83d\udc49 En savoir plus sur la technologie des bobines de maille :<\/p>\n\n\n\n<ul class=\"wp-block-list\">\n<li>Lien externe : <a href=\"https:\/\/en.wikipedia.org\/wiki\/Electronic_cigarette\">https:\/\/en.wikipedia.org\/wiki\/Electronic_cigarette<\/a><\/li>\n<\/ul>\n\n\n\n<h2 class=\"wp-block-heading\">Syst\u00e8me de changement d'ar\u00f4me 3 en 1<\/h2>\n\n\n\n<p>Ce dispositif int\u00e8gre trois chambres d'ar\u00f4mes distinctes, ce qui permet aux utilisateurs de passer instantan\u00e9ment d'un ar\u00f4me \u00e0 l'autre.<\/p>\n\n\n\n<p>Avantages :<\/p>\n\n\n\n<ul class=\"wp-block-list\">\n<li>Pas besoin de transporter plusieurs appareils<\/li>\n\n\n\n<li>R\u00e9duction de la fatigue gustative<\/li>\n\n\n\n<li>Une exp\u00e9rience de vaporisation dynamique tout au long de la journ\u00e9e<\/li>\n<\/ul>\n\n\n\n<p>Cette fonction r\u00e9pond directement \u00e0 l'un des principaux probl\u00e8mes li\u00e9s \u00e0 l'utilisation de la vape jetable : la monotonie.<\/p>\n\n\n\n<h2 class=\"wp-block-heading\">\u00c9cran intelligent + batterie rechargeable<\/h2>\n\n\n\n<p>Le ZOOY TRIPLE 70000 est \u00e9quip\u00e9 d'un \u00e9cran LED intelligent et d'une batterie Type-C rechargeable, offrant aux utilisateurs un contr\u00f4le total sur l'utilisation.<\/p>\n\n\n\n<p>L'\u00e9cran affiche :<\/p>\n\n\n\n<ul class=\"wp-block-list\">\n<li>Niveau de la batterie<\/li>\n\n\n\n<li>Niveau d'e-liquide (par chambre d'ar\u00f4me)<\/li>\n<\/ul>\n\n\n\n<p>Syst\u00e8me de batterie :<\/p>\n\n\n\n<ul class=\"wp-block-list\">\n<li>Chargement rapide de type C<\/li>\n\n\n\n<li>Sortie stable<\/li>\n\n\n\n<li>Con\u00e7u pour supporter un cycle de vie complet de 70 000 bouff\u00e9es<\/li>\n<\/ul>\n\n\n\n<h2 class=\"wp-block-heading\">Combinaisons de saveurs (3 en 1)<\/h2>\n\n\n\n<p>Chaque appareil comprend trois ar\u00f4mes pr\u00e9-appari\u00e9s con\u00e7us pour l'\u00e9quilibre et la vari\u00e9t\u00e9 :<\/p>\n\n\n\n<ul class=\"wp-block-list\">\n<li>Past\u00e8que \/ Citron vert \/ Cerise Cola<\/li>\n\n\n\n<li>Past\u00e8que \u00e0 la fraise \/ Glace \u00e0 la myrtille \/ Love 666<\/li>\n\n\n\n<li>Fraise Kiwi \/ Past\u00e8que Ice \/ Red Bull<\/li>\n\n\n\n<li>Triple melon \/ Past\u00e8que \u00e0 la fraise \/ P\u00eache au citron<\/li>\n\n\n\n<li>M. Bleu \/ Fraise Banane \/ Citron Vert<\/li>\n\n\n\n<li>Fruits m\u00e9lang\u00e9s \/ Fraise Vanille Cola \/ Citron Cola<\/li>\n\n\n\n<li>Fraise glac\u00e9e \/ Citron menthe \/ Fruit de la passion citron<\/li>\n\n\n\n<li>Blueberry Bubblegum \/ Love 666 \/ Strawberry Kiwi<\/li>\n\n\n\n<li>Limonade rose \/ Fraise Framboise Cerise \/ Glace Myrtille<\/li>\n\n\n\n<li>Mangue glac\u00e9e \/ Alo\u00e8s raisin \/ Kiwi fruit de la passion<\/li>\n<\/ul>\n\n\n\n<p>Ces combinaisons sont con\u00e7ues pour offrir une progression de la saveur en couches plut\u00f4t qu'un go\u00fbt r\u00e9p\u00e9titif.<\/p>\n\n\n\n<h2 class=\"wp-block-heading\">Sp\u00e9cifications des produits<\/h2>\n\n\n\n<ul class=\"wp-block-list\">\n<li>Capacit\u00e9 de bouff\u00e9e : 70 000 bouff\u00e9es<\/li>\n\n\n\n<li>Bobine : Triple bobine 0.9\u03a9 Mesh Coil<\/li>\n\n\n\n<li>Syst\u00e8me d'ar\u00f4mes : 3 en 1 commutable<\/li>\n\n\n\n<li>Batterie : Rechargeable<\/li>\n\n\n\n<li>Chargement : Type-C<\/li>\n\n\n\n<li>\u00c9cran : \u00c9cran LED intelligent<\/li>\n\n\n\n<li>Poids : 140g<\/li>\n\n\n\n<li>Taille : 48 \u00d7 48 \u00d7 117 mm<\/li>\n<\/ul>\n\n\n\n<h2 class=\"wp-block-heading\">Pourquoi choisir ZOOY TRIPLE 70000<\/h2>\n\n\n\n<p>Le ZOOY TRIPLE 70000 n'est pas une vape jetable comme les autres. C'est une <strong>syst\u00e8me \u00e0 haute capacit\u00e9 et \u00e0 ar\u00f4mes multiples<\/strong> con\u00e7u pour les utilisateurs qui recherchent un maximum d'efficacit\u00e9, de performance et de flexibilit\u00e9 dans un seul appareil.<\/p>\n\n\n\n<p>Il combine :<\/p>\n\n\n\n<ul class=\"wp-block-list\">\n<li>Nombre de bouff\u00e9es tr\u00e8s \u00e9lev\u00e9<\/li>\n\n\n\n<li>Technologie avanc\u00e9e de triple maille<\/li>\n\n\n\n<li>Pratique multi-saveurs<\/li>\n\n\n\n<li>Contr\u00f4le de l'utilisation en temps r\u00e9el<\/li>\n\n\n\n<li><\/li>\n<\/ul>","protected":false},"excerpt":{"rendered":"<p>If you&#8217;re looking for a disposable vape that goes beyond standard limits, the ZOOY TRIPLE 70000 delivers a completely different level of performance. Built with a 3-in-1 flavor switching system, triple mesh coil technology, and an ultra-high puff capacity of 70,000 puffs, this device is designed for users who demand longevity, consistency, and variety in [&hellip;]<\/p>\n","protected":false},"featured_media":27635,"comment_status":"open","ping_status":"closed","template":"","meta":[],"product_brand":[170],"product_cat":[138],"product_tag":[],"class_list":{"0":"post-27633","1":"product","2":"type-product","3":"status-publish","4":"has-post-thumbnail","6":"product_brand-zooy","7":"product_cat-70k-puffs","9":"first","10":"instock","11":"sale","12":"shipping-taxable","13":"purchasable","14":"product-type-variable"},"yoast_head":"<!-- This site is optimized with the Yoast SEO plugin v27.4 - https:\/\/yoast.com\/product\/yoast-seo-wordpress\/ -->\n<title>ZOOY TRIPLE 70000 Disposable Vape | 70k Puffs<\/title>\n<meta name=\"description\" content=\"Shop ZOOY TRIPLE 70000 disposable vape with 70,000 puffs, 3-in-1 flavor switching, triple 0.9\u03a9 mesh coil, smart display, and Type-C rechargeable battery.\" \/>\n<meta name=\"robots\" content=\"index, follow, max-snippet:-1, max-image-preview:large, max-video-preview:-1\" \/>\n<link rel=\"canonical\" href=\"https:\/\/vapemaison.com\/fr\/produit\/zooy-triple-70000-puffs-3-en-1-jetable-vape\/\" \/>\n<meta property=\"og:locale\" content=\"fr_FR\" \/>\n<meta property=\"og:type\" content=\"article\" \/>\n<meta property=\"og:title\" content=\"ZOOY TRIPLE 70000 Disposable Vape | 70k Puffs\" \/>\n<meta property=\"og:description\" content=\"Shop ZOOY TRIPLE 70000 disposable vape with 70,000 puffs, 3-in-1 flavor switching, triple 0.9\u03a9 mesh coil, smart display, and Type-C rechargeable battery.\" \/>\n<meta property=\"og:url\" content=\"https:\/\/vapemaison.com\/fr\/produit\/zooy-triple-70000-puffs-3-en-1-jetable-vape\/\" \/>\n<meta property=\"og:site_name\" content=\"VapeMaison\" \/>\n<meta property=\"article:modified_time\" content=\"2026-03-20T07:21:16+00:00\" \/>\n<meta property=\"og:image\" content=\"https:\/\/vapemaison.com\/wp-content\/uploads\/2026\/03\/vapemaison-zooy-70000-70k-puffs-3-in-1-flavor-switch-vape.webp\" \/>\n\t<meta property=\"og:image:width\" content=\"2500\" \/>\n\t<meta property=\"og:image:height\" content=\"2500\" \/>\n\t<meta property=\"og:image:type\" content=\"image\/webp\" \/>\n<meta name=\"twitter:card\" content=\"summary_large_image\" \/>\n<meta name=\"twitter:label1\" content=\"Dur\u00e9e de lecture estim\u00e9e\" \/>\n\t<meta name=\"twitter:data1\" content=\"3 minutes\" \/>\n<!-- \/ Yoast SEO plugin. -->","yoast_head_json":{"title":"ZOOY TRIPLE 70000 Vape jetable - 70k bouff\u00e9es","description":"Boutique ZOOY TRIPLE 70000 vape jetable avec 70 000 bouff\u00e9es, commutation de saveur 3 en 1, triple bobine mesh 0,9\u03a9, affichage intelligent et batterie rechargeable Type-C.","robots":{"index":"index","follow":"follow","max-snippet":"max-snippet:-1","max-image-preview":"max-image-preview:large","max-video-preview":"max-video-preview:-1"},"canonical":"https:\/\/vapemaison.com\/fr\/produit\/zooy-triple-70000-puffs-3-en-1-jetable-vape\/","og_locale":"fr_FR","og_type":"article","og_title":"ZOOY TRIPLE 70000 Disposable Vape | 70k Puffs","og_description":"Shop ZOOY TRIPLE 70000 disposable vape with 70,000 puffs, 3-in-1 flavor switching, triple 0.9\u03a9 mesh coil, smart display, and Type-C rechargeable battery.","og_url":"https:\/\/vapemaison.com\/fr\/produit\/zooy-triple-70000-puffs-3-en-1-jetable-vape\/","og_site_name":"VapeMaison","article_modified_time":"2026-03-20T07:21:16+00:00","og_image":[{"width":2500,"height":2500,"url":"https:\/\/vapemaison.com\/wp-content\/uploads\/2026\/03\/vapemaison-zooy-70000-70k-puffs-3-in-1-flavor-switch-vape.webp","type":"image\/webp"}],"twitter_card":"summary_large_image","twitter_misc":{"Dur\u00e9e de lecture estim\u00e9e":"3 minutes"},"schema":{"@context":"https:\/\/schema.org","@graph":[{"@type":"WebPage","@id":"https:\/\/vapemaison.com\/product\/zooy-triple-70000-puffs-3-in-1-disposable-vape\/","url":"https:\/\/vapemaison.com\/product\/zooy-triple-70000-puffs-3-in-1-disposable-vape\/","name":"ZOOY TRIPLE 70000 Vape jetable - 70k bouff\u00e9es","isPartOf":{"@id":"https:\/\/vapemaison.com\/#website"},"primaryImageOfPage":{"@id":"https:\/\/vapemaison.com\/product\/zooy-triple-70000-puffs-3-in-1-disposable-vape\/#primaryimage"},"image":{"@id":"https:\/\/vapemaison.com\/product\/zooy-triple-70000-puffs-3-in-1-disposable-vape\/#primaryimage"},"thumbnailUrl":"https:\/\/vapemaison.com\/wp-content\/uploads\/2026\/03\/vapemaison-zooy-70000-70k-puffs-3-in-1-flavor-switch-vape.webp","datePublished":"2026-03-04T10:04:29+00:00","dateModified":"2026-03-20T07:21:16+00:00","description":"Boutique ZOOY TRIPLE 70000 vape jetable avec 70 000 bouff\u00e9es, commutation de saveur 3 en 1, triple bobine mesh 0,9\u03a9, affichage intelligent et batterie rechargeable Type-C.","breadcrumb":{"@id":"https:\/\/vapemaison.com\/product\/zooy-triple-70000-puffs-3-in-1-disposable-vape\/#breadcrumb"},"inLanguage":"fr-FR","potentialAction":[{"@type":"ReadAction","target":["https:\/\/vapemaison.com\/product\/zooy-triple-70000-puffs-3-in-1-disposable-vape\/"]}]},{"@type":"ImageObject","inLanguage":"fr-FR","@id":"https:\/\/vapemaison.com\/product\/zooy-triple-70000-puffs-3-in-1-disposable-vape\/#primaryimage","url":"https:\/\/vapemaison.com\/wp-content\/uploads\/2026\/03\/vapemaison-zooy-70000-70k-puffs-3-in-1-flavor-switch-vape.webp","contentUrl":"https:\/\/vapemaison.com\/wp-content\/uploads\/2026\/03\/vapemaison-zooy-70000-70k-puffs-3-in-1-flavor-switch-vape.webp","width":2500,"height":2500,"caption":"Vapemaison Zooy 70k Puffs 3 In 1 Flavor Switch Vape"},{"@type":"BreadcrumbList","@id":"https:\/\/vapemaison.com\/product\/zooy-triple-70000-puffs-3-in-1-disposable-vape\/#breadcrumb","itemListElement":[{"@type":"ListItem","position":1,"name":"\u9996\u9875","item":"https:\/\/vapemaison.com\/"},{"@type":"ListItem","position":2,"name":"Shop","item":"https:\/\/vapemaison.com\/shop\/"},{"@type":"ListItem","position":3,"name":"Zooy","item":"https:\/\/vapemaison.com\/brand\/zooy\/"},{"@type":"ListItem","position":4,"name":"ZOOY TRIPLE 70000 Puffs\u2013 3-in-1 Disposable Vape"}]},{"@type":"WebSite","@id":"https:\/\/vapemaison.com\/#website","url":"https:\/\/vapemaison.com\/","name":"VapeMaison","description":"Appareils et accessoires de vapotage haut de gamme","publisher":{"@id":"https:\/\/vapemaison.com\/#organization"},"potentialAction":[{"@type":"SearchAction","target":{"@type":"EntryPoint","urlTemplate":"https:\/\/vapemaison.com\/?s={search_term_string}"},"query-input":{"@type":"PropertyValueSpecification","valueRequired":true,"valueName":"search_term_string"}}],"inLanguage":"fr-FR"},{"@type":"Organization","@id":"https:\/\/vapemaison.com\/#organization","name":"VapeMaison","url":"https:\/\/vapemaison.com\/","logo":{"@type":"ImageObject","inLanguage":"fr-FR","@id":"https:\/\/vapemaison.com\/#\/schema\/logo\/image\/","url":"https:\/\/vapemaison.com\/wp-content\/uploads\/2026\/01\/cropped-vapemaison-logo-g-2026.webp","contentUrl":"https:\/\/vapemaison.com\/wp-content\/uploads\/2026\/01\/cropped-vapemaison-logo-g-2026.webp","width":350,"height":280,"caption":"VapeMaison"},"image":{"@id":"https:\/\/vapemaison.com\/#\/schema\/logo\/image\/"},"sameAs":["https:\/\/www.youtube.com\/@VapeMaison"]}]}},"tiered_pricing_type":"fixed","tiered_pricing_fixed_rules":{"30":"11.63","50":"10.99","100":"9.48","200":"8.99"},"tiered_pricing_product_settings":{"layout":"default","base_unit_name":{"singular":null,"plural":null},"default_variation":null},"tiered_pricing_minimum_quantity":10,"tiered_pricing_roles_data":[],"tiered_pricing_percentage_rules":[],"tiered_pricing_maximum_quantity":null,"tiered_pricing_quantity_step":"10","_links":{"self":[{"href":"https:\/\/vapemaison.com\/fr\/wp-json\/wp\/v2\/product\/27633","targetHints":{"allow":["GET"]}}],"collection":[{"href":"https:\/\/vapemaison.com\/fr\/wp-json\/wp\/v2\/product"}],"about":[{"href":"https:\/\/vapemaison.com\/fr\/wp-json\/wp\/v2\/types\/product"}],"replies":[{"embeddable":true,"href":"https:\/\/vapemaison.com\/fr\/wp-json\/wp\/v2\/comments?post=27633"}],"version-history":[{"count":2,"href":"https:\/\/vapemaison.com\/fr\/wp-json\/wp\/v2\/product\/27633\/revisions"}],"predecessor-version":[{"id":28218,"href":"https:\/\/vapemaison.com\/fr\/wp-json\/wp\/v2\/product\/27633\/revisions\/28218"}],"wp:featuredmedia":[{"embeddable":true,"href":"https:\/\/vapemaison.com\/fr\/wp-json\/wp\/v2\/media\/27635"}],"wp:attachment":[{"href":"https:\/\/vapemaison.com\/fr\/wp-json\/wp\/v2\/media?parent=27633"}],"wp:term":[{"taxonomy":"product_brand","embeddable":true,"href":"https:\/\/vapemaison.com\/fr\/wp-json\/wp\/v2\/product_brand?post=27633"},{"taxonomy":"product_cat","embeddable":true,"href":"https:\/\/vapemaison.com\/fr\/wp-json\/wp\/v2\/product_cat?post=27633"},{"taxonomy":"product_tag","embeddable":true,"href":"https:\/\/vapemaison.com\/fr\/wp-json\/wp\/v2\/product_tag?post=27633"}],"curies":[{"name":"wp","href":"https:\/\/api.w.org\/{rel}","templated":true}]}}