

{"id":27822,"date":"2026-03-10T06:51:09","date_gmt":"2026-03-10T06:51:09","guid":{"rendered":"https:\/\/vapemaison.com\/?post_type=product&#038;p=27822"},"modified":"2026-03-10T06:51:14","modified_gmt":"2026-03-10T06:51:14","slug":"jnr-falcon-bar-48000-jetable-vape-48000-puffs-dual-mesh-coil","status":"publish","type":"product","link":"https:\/\/vapemaison.com\/fr\/product\/jnr-falcon-bar-48000-disposable-vape-48000-puffs-dual-mesh-coil\/","title":{"rendered":"JNR Falcon Bar 48000 Vape jetable | 48,000 Puffs | Dual Mesh Coil"},"content":{"rendered":"<p>Le <strong>JNR Falcon Bar 48000<\/strong> est con\u00e7u pour les vapoteurs qui recherchent des performances \u00e9tendues, des ar\u00f4mes riches et un design moderne et transparent. Avec jusqu'\u00e0 <strong>48 000 bouff\u00e9es<\/strong>, un puissant <strong>Batterie rechargeable de 1000mAh<\/strong>, et <strong>technologie de la bobine \u00e0 double maille<\/strong>, Cet appareil offre une exp\u00e9rience de vapotage coh\u00e9rente et satisfaisante du d\u00e9but \u00e0 la fin.<\/p>\n\n\n\n<p>Son <strong>coque ultra-transparente<\/strong> cr\u00e9e non seulement une esth\u00e9tique futuriste, mais permet \u00e9galement aux utilisateurs de contr\u00f4ler facilement les niveaux d'e-liquide. Associ\u00e9 \u00e0 un flux d'air r\u00e9glable et \u00e0 un fonctionnement activ\u00e9 par le tirage, le Falcon 48000 offre \u00e0 la fois simplicit\u00e9 et personnalisation dans un appareil puissant.<\/p>\n\n\n\n<h3 class=\"wp-block-heading\">Jusqu'\u00e0 48 000 bouff\u00e9es<\/h3>\n\n\n\n<p>Con\u00e7u pour une utilisation \u00e0 long terme, le Falcon 48000 offre une capacit\u00e9 de bouff\u00e9e exceptionnelle avec <strong>45ml d'e-liquide<\/strong>, r\u00e9duisant ainsi la n\u00e9cessit\u00e9 de remplacer fr\u00e9quemment les appareils.<\/p>\n\n\n\n<h3 class=\"wp-block-heading\">Technologie Dual Mesh Coil<\/h3>\n\n\n\n<p>Le programme avanc\u00e9 <strong>syst\u00e8me de bobine \u00e0 double maille<\/strong> assure :<\/p>\n\n\n\n<ul class=\"wp-block-list\">\n<li>R\u00e9ponse plus rapide au chauffage<\/li>\n\n\n\n<li>Am\u00e9lioration de l'intensit\u00e9 de la saveur<\/li>\n\n\n\n<li>Production de vapeur douce et dense<\/li>\n\n\n\n<li>Des r\u00e9sultats coh\u00e9rents tout au long du cycle de vie de l'appareil<\/li>\n<\/ul>\n\n\n\n<p>Con\u00e7u pour maintenir la clart\u00e9 des saveurs de la premi\u00e8re \u00e0 la derni\u00e8re bouff\u00e9e.<\/p>\n\n\n\n<h3 class=\"wp-block-heading\">Coque ultra-transparente<\/h3>\n\n\n\n<p>Le corps transparent permet aux utilisateurs de contr\u00f4ler facilement les niveaux d'e-liquide tout en montrant la structure interne de l'appareil.<\/p>\n\n\n\n<ul class=\"wp-block-list\">\n<li>Conception esth\u00e9tique moderne<\/li>\n\n\n\n<li>Visibilit\u00e9 fonctionnelle<\/li>\n\n\n\n<li>Un attrait visuel de premier ordre<\/li>\n<\/ul>\n\n\n\n<h3 class=\"wp-block-heading\">Contr\u00f4le r\u00e9glable du flux d'air<\/h3>\n\n\n\n<p>Personnalisez votre style de vapotage gr\u00e2ce au flux d'air r\u00e9glable :<\/p>\n\n\n\n<ul class=\"wp-block-list\">\n<li>Serr\u00e9 <strong>Tirage MTL<\/strong> pour le vapotage de type cigarette<\/li>\n\n\n\n<li>A\u00e9rien <strong>DTL dessine<\/strong> pour des nuages de vapeur plus importants<\/li>\n<\/ul>\n\n\n\n<p>Adaptez le flux d'air \u00e0 vos pr\u00e9f\u00e9rences personnelles.<\/p>\n\n\n\n<h3 class=\"wp-block-heading\">Batterie rechargeable de 1000mAh<\/h3>\n\n\n\n<p>Le puissant <strong>Batterie de 1000mAh<\/strong> garantit des performances stables et une utilisation prolong\u00e9e.<\/p>\n\n\n\n<p>Associ\u00e9 \u00e0 <strong>Chargement rapide de type C<\/strong>, Il pr\u00e9voit<\/p>\n\n\n\n<ul class=\"wp-block-list\">\n<li>Temps de recharge rapide<\/li>\n\n\n\n<li>Une puissance fiable<\/li>\n\n\n\n<li>R\u00e9duction des temps d'arr\u00eat<\/li>\n<\/ul>\n\n\n\n<h3 class=\"wp-block-heading\">Op\u00e9ration activ\u00e9e par tirage au sort<\/h3>\n\n\n\n<p>Le Falcon 48000 utilise un <strong>syst\u00e8me d'activation du tirage sans bouton<\/strong>, Il est donc extr\u00eamement facile \u00e0 utiliser.<\/p>\n\n\n\n<p>Il suffit d'inhaler pour activer l'appareil.<\/p>\n\n\n\n<h2 class=\"wp-block-heading\">Sp\u00e9cifications<\/h2>\n\n\n\n<ul class=\"wp-block-list\">\n<li>Capacit\u00e9 de bouff\u00e9es : Jusqu'\u00e0 48 000 bouff\u00e9es<\/li>\n\n\n\n<li>Capacit\u00e9 E-Liquide : 45ml<\/li>\n\n\n\n<li>Batterie : 1000mAh rechargeable<\/li>\n\n\n\n<li>Bobine : Bobine Dual Mesh<\/li>\n\n\n\n<li>Flux d'air : R\u00e9glable<\/li>\n\n\n\n<li>Port de charge : Type-C<\/li>\n\n\n\n<li>Activation : Activ\u00e9 par tirage au sort<\/li>\n\n\n\n<li>Design : Coque ultra-transparente<\/li>\n<\/ul>\n\n\n\n<h2 class=\"wp-block-heading\">Collection d'ar\u00f4mes<\/h2>\n\n\n\n<p>Disponible dans une grande vari\u00e9t\u00e9 de saveurs populaires :<\/p>\n\n\n\n<ul class=\"wp-block-list\">\n<li>Glace \u00e0 la past\u00e8que<\/li>\n\n\n\n<li>Past\u00e8que Mangue P\u00eache<\/li>\n\n\n\n<li>Glace \u00e0 la fraise et \u00e0 la past\u00e8que<\/li>\n\n\n\n<li>Red Bull \u00e0 la fraise<\/li>\n\n\n\n<li>Glace fraise framboise cerise<\/li>\n\n\n\n<li>Fraise Kiwi<\/li>\n\n\n\n<li>Glace \u00e0 la fraise<\/li>\n\n\n\n<li>Fruit de la passion Kiwi<\/li>\n\n\n\n<li>Baies m\u00e9lang\u00e9es<\/li>\n\n\n\n<li>Amour 66<\/li>\n\n\n\n<li>Glace au kiwi et \u00e0 la past\u00e8que<\/li>\n\n\n\n<li>P\u00eaches juteuses<\/li>\n\n\n\n<li>Bandes de fraises p\u00e9tillantes<\/li>\n\n\n\n<li>Hawa\u00ef<\/li>\n\n\n\n<li>Cola \u00e0 la cerise<\/li>\n\n\n\n<li>Baie de cerise<\/li>\n\n\n\n<li>Myrtille Framboise<\/li>\n\n\n\n<li>Myrtille Kiwi<\/li>\n\n\n\n<li>Bleu Razz Cherry<\/li>\n\n\n\n<li>Glace du dragon noir<\/li>\n<\/ul>\n\n\n\n<p>Ces profils d'ar\u00f4mes combinent des inspirations de fruits, de glace, de bonbons et de boissons pour offrir une exp\u00e9rience de vapotage \u00e9quilibr\u00e9e et agr\u00e9able.<\/p>\n\n\n\n<h2 class=\"wp-block-heading\">Pourquoi choisir JNR Falcon Bar 48000 ?<\/h2>\n\n\n\n<ul class=\"wp-block-list\">\n<li>Capacit\u00e9 de bouff\u00e9e tr\u00e8s \u00e9lev\u00e9e<\/li>\n\n\n\n<li>Design moderne et transparent<\/li>\n\n\n\n<li>Technologie d'ar\u00f4me \u00e0 double bobine<\/li>\n\n\n\n<li>Contr\u00f4le r\u00e9glable du d\u00e9bit d'air<\/li>\n\n\n\n<li>Puissante batterie rechargeable<\/li>\n\n\n\n<li>Large choix de saveurs<\/li>\n<\/ul>\n\n\n\n<p>Le <strong>JNR Falcon Bar 48000<\/strong> allie performance, esth\u00e9tique et fiabilit\u00e9 dans une seule vape jetable de grande capacit\u00e9 con\u00e7ue pour une satisfaction durable.<\/p>","protected":false},"excerpt":{"rendered":"<p>The JNR Falcon Bar 48000 is designed for vapers who want extended performance, rich flavor delivery, and a modern transparent design. With up to 48,000 puffs, a powerful 1000mAh rechargeable battery, and dual mesh coil technology, this device delivers a consistent and satisfying vaping experience from start to finish. Its ultra-transparent shell not only creates [&hellip;]<\/p>\n","protected":false},"featured_media":27832,"comment_status":"open","ping_status":"closed","template":"","meta":[],"product_brand":[168],"product_cat":[],"product_tag":[],"class_list":{"0":"post-27822","1":"product","2":"type-product","3":"status-publish","4":"has-post-thumbnail","6":"product_brand-jnr","8":"first","9":"instock","10":"sale","11":"shipping-taxable","12":"purchasable","13":"product-type-variable"},"yoast_head":"<!-- This site is optimized with the Yoast SEO plugin v27.4 - https:\/\/yoast.com\/product\/yoast-seo-wordpress\/ -->\n<title>JNR Falcon Bar 48000 Disposable Vape | 48K Puffs<\/title>\n<meta name=\"description\" content=\"Shop JNR Falcon Bar 48000 disposable vape with 48K puffs 45ml e-liquid capacity, adjustable airflow, and 1000mAh rechargeable battery with Type-C charging.\" \/>\n<meta name=\"robots\" content=\"index, follow, max-snippet:-1, max-image-preview:large, max-video-preview:-1\" \/>\n<link rel=\"canonical\" href=\"https:\/\/vapemaison.com\/fr\/produit\/jnr-falcon-bar-48000-jetable-vape-48000-puffs-dual-mesh-coil\/\" \/>\n<meta property=\"og:locale\" content=\"fr_FR\" \/>\n<meta property=\"og:type\" content=\"article\" \/>\n<meta property=\"og:title\" content=\"JNR Falcon Bar 48000 Disposable Vape | 48K Puffs\" \/>\n<meta property=\"og:description\" content=\"Shop JNR Falcon Bar 48000 disposable vape with 48K puffs 45ml e-liquid capacity, adjustable airflow, and 1000mAh rechargeable battery with Type-C charging.\" \/>\n<meta property=\"og:url\" content=\"https:\/\/vapemaison.com\/fr\/produit\/jnr-falcon-bar-48000-jetable-vape-48000-puffs-dual-mesh-coil\/\" \/>\n<meta property=\"og:site_name\" content=\"VapeMaison\" \/>\n<meta property=\"article:modified_time\" content=\"2026-03-10T06:51:14+00:00\" \/>\n<meta property=\"og:image\" content=\"https:\/\/vapemaison.com\/wp-content\/uploads\/2026\/03\/vapemaison-jnr-falcon-bar-48000-puffs-dispasable-vape-flavor-strawberry-watermelon-ice.webp\" \/>\n\t<meta property=\"og:image:width\" content=\"1600\" \/>\n\t<meta property=\"og:image:height\" content=\"1600\" \/>\n\t<meta property=\"og:image:type\" content=\"image\/webp\" \/>\n<meta name=\"twitter:card\" content=\"summary_large_image\" \/>\n<meta name=\"twitter:label1\" content=\"Dur\u00e9e de lecture estim\u00e9e\" \/>\n\t<meta name=\"twitter:data1\" content=\"3 minutes\" \/>\n<!-- \/ Yoast SEO plugin. -->","yoast_head_json":{"title":"JNR Falcon Bar 48000 Vape jetable | 48K Puffs","description":"Boutique JNR Falcon Bar 48000 vape jetable avec 48K puffs Capacit\u00e9 d'e-liquide de 45ml, airflow r\u00e9glable, et batterie rechargeable de 1000mAh avec charge Type-C.","robots":{"index":"index","follow":"follow","max-snippet":"max-snippet:-1","max-image-preview":"max-image-preview:large","max-video-preview":"max-video-preview:-1"},"canonical":"https:\/\/vapemaison.com\/fr\/produit\/jnr-falcon-bar-48000-jetable-vape-48000-puffs-dual-mesh-coil\/","og_locale":"fr_FR","og_type":"article","og_title":"JNR Falcon Bar 48000 Disposable Vape | 48K Puffs","og_description":"Shop JNR Falcon Bar 48000 disposable vape with 48K puffs 45ml e-liquid capacity, adjustable airflow, and 1000mAh rechargeable battery with Type-C charging.","og_url":"https:\/\/vapemaison.com\/fr\/produit\/jnr-falcon-bar-48000-jetable-vape-48000-puffs-dual-mesh-coil\/","og_site_name":"VapeMaison","article_modified_time":"2026-03-10T06:51:14+00:00","og_image":[{"width":1600,"height":1600,"url":"https:\/\/vapemaison.com\/wp-content\/uploads\/2026\/03\/vapemaison-jnr-falcon-bar-48000-puffs-dispasable-vape-flavor-strawberry-watermelon-ice.webp","type":"image\/webp"}],"twitter_card":"summary_large_image","twitter_misc":{"Dur\u00e9e de lecture estim\u00e9e":"3 minutes"},"schema":{"@context":"https:\/\/schema.org","@graph":[{"@type":"WebPage","@id":"https:\/\/vapemaison.com\/product\/jnr-falcon-bar-48000-disposable-vape-48000-puffs-dual-mesh-coil\/","url":"https:\/\/vapemaison.com\/product\/jnr-falcon-bar-48000-disposable-vape-48000-puffs-dual-mesh-coil\/","name":"JNR Falcon Bar 48000 Vape jetable | 48K Puffs","isPartOf":{"@id":"https:\/\/vapemaison.com\/#website"},"primaryImageOfPage":{"@id":"https:\/\/vapemaison.com\/product\/jnr-falcon-bar-48000-disposable-vape-48000-puffs-dual-mesh-coil\/#primaryimage"},"image":{"@id":"https:\/\/vapemaison.com\/product\/jnr-falcon-bar-48000-disposable-vape-48000-puffs-dual-mesh-coil\/#primaryimage"},"thumbnailUrl":"https:\/\/vapemaison.com\/wp-content\/uploads\/2026\/03\/vapemaison-jnr-falcon-bar-48000-puffs-dispasable-vape-flavor-strawberry-watermelon-ice.webp","datePublished":"2026-03-10T06:51:09+00:00","dateModified":"2026-03-10T06:51:14+00:00","description":"Boutique JNR Falcon Bar 48000 vape jetable avec 48K puffs Capacit\u00e9 d'e-liquide de 45ml, airflow r\u00e9glable, et batterie rechargeable de 1000mAh avec charge Type-C.","breadcrumb":{"@id":"https:\/\/vapemaison.com\/product\/jnr-falcon-bar-48000-disposable-vape-48000-puffs-dual-mesh-coil\/#breadcrumb"},"inLanguage":"fr-FR","potentialAction":[{"@type":"ReadAction","target":["https:\/\/vapemaison.com\/product\/jnr-falcon-bar-48000-disposable-vape-48000-puffs-dual-mesh-coil\/"]}]},{"@type":"ImageObject","inLanguage":"fr-FR","@id":"https:\/\/vapemaison.com\/product\/jnr-falcon-bar-48000-disposable-vape-48000-puffs-dual-mesh-coil\/#primaryimage","url":"https:\/\/vapemaison.com\/wp-content\/uploads\/2026\/03\/vapemaison-jnr-falcon-bar-48000-puffs-dispasable-vape-flavor-strawberry-watermelon-ice.webp","contentUrl":"https:\/\/vapemaison.com\/wp-content\/uploads\/2026\/03\/vapemaison-jnr-falcon-bar-48000-puffs-dispasable-vape-flavor-strawberry-watermelon-ice.webp","width":1600,"height":1600,"caption":"Vapemaison Jnr Falcon Bar Puffs Dispasable Vape Flavor Strawberry Watermelon Ice"},{"@type":"BreadcrumbList","@id":"https:\/\/vapemaison.com\/product\/jnr-falcon-bar-48000-disposable-vape-48000-puffs-dual-mesh-coil\/#breadcrumb","itemListElement":[{"@type":"ListItem","position":1,"name":"\u9996\u9875","item":"https:\/\/vapemaison.com\/"},{"@type":"ListItem","position":2,"name":"Shop","item":"https:\/\/vapemaison.com\/shop\/"},{"@type":"ListItem","position":3,"name":"JNR","item":"https:\/\/vapemaison.com\/brand\/jnr\/"},{"@type":"ListItem","position":4,"name":"JNR Falcon Bar 48000 Disposable Vape | 48,000 Puffs | Dual Mesh Coil"}]},{"@type":"WebSite","@id":"https:\/\/vapemaison.com\/#website","url":"https:\/\/vapemaison.com\/","name":"VapeMaison","description":"Appareils et accessoires de vapotage haut de gamme","publisher":{"@id":"https:\/\/vapemaison.com\/#organization"},"potentialAction":[{"@type":"SearchAction","target":{"@type":"EntryPoint","urlTemplate":"https:\/\/vapemaison.com\/?s={search_term_string}"},"query-input":{"@type":"PropertyValueSpecification","valueRequired":true,"valueName":"search_term_string"}}],"inLanguage":"fr-FR"},{"@type":"Organization","@id":"https:\/\/vapemaison.com\/#organization","name":"VapeMaison","url":"https:\/\/vapemaison.com\/","logo":{"@type":"ImageObject","inLanguage":"fr-FR","@id":"https:\/\/vapemaison.com\/#\/schema\/logo\/image\/","url":"https:\/\/vapemaison.com\/wp-content\/uploads\/2026\/01\/cropped-vapemaison-logo-g-2026.webp","contentUrl":"https:\/\/vapemaison.com\/wp-content\/uploads\/2026\/01\/cropped-vapemaison-logo-g-2026.webp","width":350,"height":280,"caption":"VapeMaison"},"image":{"@id":"https:\/\/vapemaison.com\/#\/schema\/logo\/image\/"},"sameAs":["https:\/\/www.youtube.com\/@VapeMaison"]}]}},"tiered_pricing_type":"fixed","tiered_pricing_fixed_rules":{"30":"11.99","50":"11.36","100":"10.78","200":"9.99"},"tiered_pricing_product_settings":{"layout":"default","base_unit_name":{"singular":null,"plural":null},"default_variation":null},"tiered_pricing_minimum_quantity":10,"tiered_pricing_roles_data":[],"tiered_pricing_percentage_rules":[],"tiered_pricing_maximum_quantity":null,"tiered_pricing_quantity_step":"10","_links":{"self":[{"href":"https:\/\/vapemaison.com\/fr\/wp-json\/wp\/v2\/product\/27822","targetHints":{"allow":["GET"]}}],"collection":[{"href":"https:\/\/vapemaison.com\/fr\/wp-json\/wp\/v2\/product"}],"about":[{"href":"https:\/\/vapemaison.com\/fr\/wp-json\/wp\/v2\/types\/product"}],"replies":[{"embeddable":true,"href":"https:\/\/vapemaison.com\/fr\/wp-json\/wp\/v2\/comments?post=27822"}],"version-history":[{"count":1,"href":"https:\/\/vapemaison.com\/fr\/wp-json\/wp\/v2\/product\/27822\/revisions"}],"predecessor-version":[{"id":27835,"href":"https:\/\/vapemaison.com\/fr\/wp-json\/wp\/v2\/product\/27822\/revisions\/27835"}],"wp:featuredmedia":[{"embeddable":true,"href":"https:\/\/vapemaison.com\/fr\/wp-json\/wp\/v2\/media\/27832"}],"wp:attachment":[{"href":"https:\/\/vapemaison.com\/fr\/wp-json\/wp\/v2\/media?parent=27822"}],"wp:term":[{"taxonomy":"product_brand","embeddable":true,"href":"https:\/\/vapemaison.com\/fr\/wp-json\/wp\/v2\/product_brand?post=27822"},{"taxonomy":"product_cat","embeddable":true,"href":"https:\/\/vapemaison.com\/fr\/wp-json\/wp\/v2\/product_cat?post=27822"},{"taxonomy":"product_tag","embeddable":true,"href":"https:\/\/vapemaison.com\/fr\/wp-json\/wp\/v2\/product_tag?post=27822"}],"curies":[{"name":"wp","href":"https:\/\/api.w.org\/{rel}","templated":true}]}}