

{"id":27868,"date":"2026-03-12T03:34:34","date_gmt":"2026-03-12T03:34:34","guid":{"rendered":"https:\/\/vapemaison.com\/?post_type=product&#038;p=27868"},"modified":"2026-03-12T03:34:39","modified_gmt":"2026-03-12T03:34:39","slug":"fumot-digital-monkey-40000-40k-puffs-disposable-vape","status":"publish","type":"product","link":"https:\/\/vapemaison.com\/fr\/product\/fumot-digital-monkey-40000-40k-puffs-disposable-vape\/","title":{"rendered":"Fumot Digital Monkey 40000 40K Puffs Vape jetable"},"content":{"rendered":"<p>Le <strong>Fumot Digital Monkey 40000 40K Puffs Vape jetable<\/strong> est une puissante mise \u00e0 jour du c\u00e9l\u00e8bre <strong>Fumot 12000<\/strong>. Con\u00e7u avec une technologie avanc\u00e9e et une apparence moderne, cet appareil combine <strong>performance de la bobine double, affichage intelligent et modes de vapotage commutables<\/strong> pour offrir une exp\u00e9rience de vapotage plus interactive.<\/p>\n\n\n\n<p>Tout d'abord, l'appareil est dot\u00e9 d'un <strong>ext\u00e9rieur \u00e9l\u00e9gant et vitr\u00e9<\/strong> ainsi que l'embl\u00e9matique <strong>\u201cGraphique \u201dDigital Monkey<\/strong>, lui conf\u00e9rant un aspect distinctif et haut de gamme. En m\u00eame temps, le <strong>grand \u00e9cran intelligent orient\u00e9 vers l'avant<\/strong> affiche des informations essentielles en temps r\u00e9el, notamment <strong>le niveau de la batterie, l'\u00e9tat de l'e-liquide et le mode de vapotage actuel<\/strong>.<\/p>\n\n\n\n<h2 class=\"wp-block-heading\">\u00c9cran intelligent avec informations en temps r\u00e9el<\/h2>\n\n\n\n<p>L'une des caract\u00e9ristiques les plus remarquables du Digital Monkey <strong>Puff 40k<\/strong> est son <strong>syst\u00e8me d'affichage intelligent int\u00e9gr\u00e9<\/strong>. L'\u00e9cran ne met pas seulement en valeur le design de Digital Monkey, mais il fournit \u00e9galement <strong>donn\u00e9es op\u00e9rationnelles en temps r\u00e9el<\/strong> pour une exp\u00e9rience de vapotage plus pratique.<\/p>\n\n\n\n<p>L'\u00e9cran affiche :<\/p>\n\n\n\n<ul class=\"wp-block-list\">\n<li>Restant <strong>niveau de batterie<\/strong><\/li>\n\n\n\n<li><strong>Niveau d'e-liquide<\/strong><\/li>\n\n\n\n<li>Actuel <strong>mode de vapotage<\/strong><\/li>\n\n\n\n<li>Indicateurs d'\u00e9tat de l'appareil<\/li>\n<\/ul>\n\n\n\n<p>Ainsi, les utilisateurs peuvent facilement surveiller l'appareil et \u00e9viter les interruptions inattendues.<\/p>\n\n\n\n<h2 class=\"wp-block-heading\">Modes de vaporisation \u00e0 double moteur<\/h2>\n\n\n\n<p>En outre, l'appareil offre <strong>deux modes d'alimentation s\u00e9lectionnables<\/strong> pour s'adapter aux diff\u00e9rents styles de vapotage.<\/p>\n\n\n\n<p><strong>Mode double moteur (D)<\/strong><br>Produit une vapeur plus forte et une saveur plus intense.<\/p>\n\n\n\n<p><strong>Mode monomoteur (S)<\/strong><br>Permet un vapotage quotidien plus doux et plus \u00e9quilibr\u00e9.<\/p>\n\n\n\n<p>De plus, le passage d'un mode \u00e0 l'autre est simple. Il suffit d'appuyer sur la touche <strong>situ\u00e9 en bas de l'appareil<\/strong>.<\/p>\n\n\n\n<h2 class=\"wp-block-heading\">Technologie Dual Mesh Coil<\/h2>\n\n\n\n<p>Une autre caract\u00e9ristique essentielle est la <strong>syst\u00e8me de bobine \u00e0 double maille<\/strong>. Par rapport aux bobines traditionnelles, cette conception utilise <strong>deux couches de mat\u00e9riau chauffant en maille<\/strong>, Ce qui augmente la surface en contact avec l'e-liquide.<\/p>\n\n\n\n<p>Gr\u00e2ce \u00e0 cette structure :<\/p>\n\n\n\n<ul class=\"wp-block-list\">\n<li>La r\u00e9partition de la chaleur devient plus homog\u00e8ne<\/li>\n\n\n\n<li>La production de vapeur devient plus fluide<\/li>\n\n\n\n<li>L'intensit\u00e9 de la saveur s'am\u00e9liore consid\u00e9rablement<\/li>\n<\/ul>\n\n\n\n<p>Par cons\u00e9quent, chaque bouff\u00e9e d\u00e9livre une <strong>un go\u00fbt plus riche et plus satisfaisant<\/strong>.<\/p>\n\n\n\n<h2 class=\"wp-block-heading\">Batterie rechargeable pour une utilisation prolong\u00e9e<\/h2>\n\n\n\n<p>Par ailleurs, l'appareil est aliment\u00e9 par un <strong>Batterie rechargeable de 850mAh<\/strong> avec <strong>Chargement rapide USB-C<\/strong>. Cela permet aux utilisateurs de recharger l'appareil plusieurs fois pendant sa dur\u00e9e de vie.<\/p>\n\n\n\n<p>Par cons\u00e9quent, la batterie ne sera pas d\u00e9charg\u00e9e avant que la <strong>e-liquide pr\u00e9-rempli<\/strong> est enti\u00e8rement utilis\u00e9, ce qui garantit une exp\u00e9rience de vapotage plus longue et plus fiable.<\/p>\n\n\n\n<h2 class=\"wp-block-heading\">Sp\u00e9cifications rapides<\/h2>\n\n\n\n<p>Puffs : <strong>Jusqu'\u00e0 40 000 bouff\u00e9es<\/strong><br>Batterie : <strong>850mAh rechargeable (USB-C)<\/strong><br>Bobine : <strong>Bobine \u00e0 double maille<\/strong><br>Affichage : <strong>Smart Screen (batterie, niveau d'e-liquide, indicateur de mode)<\/strong><br>Capacit\u00e9 d'e-liquide : <strong>16mL pr\u00e9-rempli<\/strong><br>Intensit\u00e9 de la nicotine : <strong>2% (20mg) \/ 5% (50mg)<\/strong><br>Modes : <strong>Moteur double (D) \/ Moteur simple (S)<\/strong><br>Conception : <strong>Motif ext\u00e9rieur glac\u00e9 + graphique digital Monkey<\/strong><\/p>\n\n\n\n<h2 class=\"wp-block-heading\">Saveurs disponibles<\/h2>\n\n\n\n<p>Banane glac\u00e9e<br>Past\u00e8que \u00e0 la fraise<br>Monnaie de Miami<br>Myrtille Framboise<br>Glace noire<br>Glace gommeuse blanche<br>Glace \u00e0 la past\u00e8que<br>Glace \u00e0 la p\u00eache juteuse<br>Limonade rose<br>Fraise Mangue<br>P\u00eache Mangue Past\u00e8que<br>Raisin Citron<br>L'explosion de l'arc-en-ciel tropical<br>Bombe \u00e0 la cerise<br>Bonbons \u00e0 la fraise et \u00e0 la menthe<br>Double pomme<\/p>","protected":false},"excerpt":{"rendered":"<p>Le Fumot Digital Monkey 40000 combine la performance d'une double bobine, la technologie de l'\u00e9cran intelligent et des modes de vapotage commutables.<br data-start=\"3810\" data-end=\"3813\" \/>Avec jusqu'\u00e0 40 000 bouff\u00e9es et une batterie rechargeable de 850mAh, il offre une exp\u00e9rience de vapotage puissante et durable.<\/p>","protected":false},"featured_media":27882,"comment_status":"open","ping_status":"closed","template":"","meta":[],"product_brand":[58],"product_cat":[135],"product_tag":[],"class_list":{"0":"post-27868","1":"product","2":"type-product","3":"status-publish","4":"has-post-thumbnail","6":"product_brand-fumot","7":"product_cat-40k-puffs","9":"first","10":"instock","11":"sale","12":"shipping-taxable","13":"purchasable","14":"product-type-variable"},"yoast_head":"<!-- This site is optimized with the Yoast SEO plugin v27.4 - https:\/\/yoast.com\/product\/yoast-seo-wordpress\/ -->\n<title>Fumot Digital Monkey 40000 40K Puffs Disposable Vape<\/title>\n<meta name=\"description\" content=\"Fumot Digital Monkey 40000 disposable vape with dual mesh coil, smart display, dual modes and rechargeable 850mAh battery. Up to 40K puffs.\" \/>\n<meta name=\"robots\" content=\"index, follow, max-snippet:-1, max-image-preview:large, max-video-preview:-1\" \/>\n<link rel=\"canonical\" href=\"https:\/\/vapemaison.com\/fr\/produit\/fumot-digital-monkey-40000-40k-puffs-disposable-vape\/\" \/>\n<meta property=\"og:locale\" content=\"fr_FR\" \/>\n<meta property=\"og:type\" content=\"article\" \/>\n<meta property=\"og:title\" content=\"Fumot Digital Monkey 40000 40K Puffs Disposable Vape\" \/>\n<meta property=\"og:description\" content=\"Fumot Digital Monkey 40000 disposable vape with dual mesh coil, smart display, dual modes and rechargeable 850mAh battery. Up to 40K puffs.\" \/>\n<meta property=\"og:url\" content=\"https:\/\/vapemaison.com\/fr\/produit\/fumot-digital-monkey-40000-40k-puffs-disposable-vape\/\" \/>\n<meta property=\"og:site_name\" content=\"VapeMaison\" \/>\n<meta property=\"article:modified_time\" content=\"2026-03-12T03:34:39+00:00\" \/>\n<meta property=\"og:image\" content=\"https:\/\/vapemaison.com\/wp-content\/uploads\/2026\/03\/vapemaison-fumot-digital-monkey-40000-puffs-strawberry-watermelon.webp\" \/>\n\t<meta property=\"og:image:width\" content=\"1000\" \/>\n\t<meta property=\"og:image:height\" content=\"1000\" \/>\n\t<meta property=\"og:image:type\" content=\"image\/webp\" \/>\n<meta name=\"twitter:card\" content=\"summary_large_image\" \/>\n<meta name=\"twitter:label1\" content=\"Dur\u00e9e de lecture estim\u00e9e\" \/>\n\t<meta name=\"twitter:data1\" content=\"3 minutes\" \/>\n<!-- \/ Yoast SEO plugin. -->","yoast_head_json":{"title":"Fumot Digital Monkey 40000 40K Puffs Vape jetable","description":"Fumot Digital Monkey 40000 vape jetable avec dual mesh coil, smart display, dual modes et batterie rechargeable 850mAh. Jusqu'\u00e0 40 000 bouff\u00e9es.","robots":{"index":"index","follow":"follow","max-snippet":"max-snippet:-1","max-image-preview":"max-image-preview:large","max-video-preview":"max-video-preview:-1"},"canonical":"https:\/\/vapemaison.com\/fr\/produit\/fumot-digital-monkey-40000-40k-puffs-disposable-vape\/","og_locale":"fr_FR","og_type":"article","og_title":"Fumot Digital Monkey 40000 40K Puffs Disposable Vape","og_description":"Fumot Digital Monkey 40000 disposable vape with dual mesh coil, smart display, dual modes and rechargeable 850mAh battery. Up to 40K puffs.","og_url":"https:\/\/vapemaison.com\/fr\/produit\/fumot-digital-monkey-40000-40k-puffs-disposable-vape\/","og_site_name":"VapeMaison","article_modified_time":"2026-03-12T03:34:39+00:00","og_image":[{"width":1000,"height":1000,"url":"https:\/\/vapemaison.com\/wp-content\/uploads\/2026\/03\/vapemaison-fumot-digital-monkey-40000-puffs-strawberry-watermelon.webp","type":"image\/webp"}],"twitter_card":"summary_large_image","twitter_misc":{"Dur\u00e9e de lecture estim\u00e9e":"3 minutes"},"schema":{"@context":"https:\/\/schema.org","@graph":[{"@type":"WebPage","@id":"https:\/\/vapemaison.com\/product\/fumot-digital-monkey-40000-40k-puffs-disposable-vape\/","url":"https:\/\/vapemaison.com\/product\/fumot-digital-monkey-40000-40k-puffs-disposable-vape\/","name":"Fumot Digital Monkey 40000 40K Puffs Vape jetable","isPartOf":{"@id":"https:\/\/vapemaison.com\/#website"},"primaryImageOfPage":{"@id":"https:\/\/vapemaison.com\/product\/fumot-digital-monkey-40000-40k-puffs-disposable-vape\/#primaryimage"},"image":{"@id":"https:\/\/vapemaison.com\/product\/fumot-digital-monkey-40000-40k-puffs-disposable-vape\/#primaryimage"},"thumbnailUrl":"https:\/\/vapemaison.com\/wp-content\/uploads\/2026\/03\/vapemaison-fumot-digital-monkey-40000-puffs-strawberry-watermelon.webp","datePublished":"2026-03-12T03:34:34+00:00","dateModified":"2026-03-12T03:34:39+00:00","description":"Fumot Digital Monkey 40000 vape jetable avec dual mesh coil, smart display, dual modes et batterie rechargeable 850mAh. Jusqu'\u00e0 40 000 bouff\u00e9es.","breadcrumb":{"@id":"https:\/\/vapemaison.com\/product\/fumot-digital-monkey-40000-40k-puffs-disposable-vape\/#breadcrumb"},"inLanguage":"fr-FR","potentialAction":[{"@type":"ReadAction","target":["https:\/\/vapemaison.com\/product\/fumot-digital-monkey-40000-40k-puffs-disposable-vape\/"]}]},{"@type":"ImageObject","inLanguage":"fr-FR","@id":"https:\/\/vapemaison.com\/product\/fumot-digital-monkey-40000-40k-puffs-disposable-vape\/#primaryimage","url":"https:\/\/vapemaison.com\/wp-content\/uploads\/2026\/03\/vapemaison-fumot-digital-monkey-40000-puffs-strawberry-watermelon.webp","contentUrl":"https:\/\/vapemaison.com\/wp-content\/uploads\/2026\/03\/vapemaison-fumot-digital-monkey-40000-puffs-strawberry-watermelon.webp","width":1000,"height":1000,"caption":"Vapemaison Fumot Digital Monkey Puffs Strawberry Watermelon"},{"@type":"BreadcrumbList","@id":"https:\/\/vapemaison.com\/product\/fumot-digital-monkey-40000-40k-puffs-disposable-vape\/#breadcrumb","itemListElement":[{"@type":"ListItem","position":1,"name":"\u9996\u9875","item":"https:\/\/vapemaison.com\/"},{"@type":"ListItem","position":2,"name":"Shop","item":"https:\/\/vapemaison.com\/shop\/"},{"@type":"ListItem","position":3,"name":"Fumot","item":"https:\/\/vapemaison.com\/brand\/fumot\/"},{"@type":"ListItem","position":4,"name":"Fumot Digital Monkey 40000 40K Puffs Disposable Vape"}]},{"@type":"WebSite","@id":"https:\/\/vapemaison.com\/#website","url":"https:\/\/vapemaison.com\/","name":"VapeMaison","description":"Appareils et accessoires de vapotage haut de gamme","publisher":{"@id":"https:\/\/vapemaison.com\/#organization"},"potentialAction":[{"@type":"SearchAction","target":{"@type":"EntryPoint","urlTemplate":"https:\/\/vapemaison.com\/?s={search_term_string}"},"query-input":{"@type":"PropertyValueSpecification","valueRequired":true,"valueName":"search_term_string"}}],"inLanguage":"fr-FR"},{"@type":"Organization","@id":"https:\/\/vapemaison.com\/#organization","name":"VapeMaison","url":"https:\/\/vapemaison.com\/","logo":{"@type":"ImageObject","inLanguage":"fr-FR","@id":"https:\/\/vapemaison.com\/#\/schema\/logo\/image\/","url":"https:\/\/vapemaison.com\/wp-content\/uploads\/2026\/01\/cropped-vapemaison-logo-g-2026.webp","contentUrl":"https:\/\/vapemaison.com\/wp-content\/uploads\/2026\/01\/cropped-vapemaison-logo-g-2026.webp","width":350,"height":280,"caption":"VapeMaison"},"image":{"@id":"https:\/\/vapemaison.com\/#\/schema\/logo\/image\/"},"sameAs":["https:\/\/www.youtube.com\/@VapeMaison"]}]}},"tiered_pricing_type":"fixed","tiered_pricing_fixed_rules":{"30":"9.78","50":"8.99","100":"8.45","200":"7.99"},"tiered_pricing_product_settings":{"layout":"default","base_unit_name":{"singular":null,"plural":null},"default_variation":null},"tiered_pricing_minimum_quantity":10,"tiered_pricing_roles_data":[],"tiered_pricing_percentage_rules":[],"tiered_pricing_maximum_quantity":null,"tiered_pricing_quantity_step":"10","_links":{"self":[{"href":"https:\/\/vapemaison.com\/fr\/wp-json\/wp\/v2\/product\/27868","targetHints":{"allow":["GET"]}}],"collection":[{"href":"https:\/\/vapemaison.com\/fr\/wp-json\/wp\/v2\/product"}],"about":[{"href":"https:\/\/vapemaison.com\/fr\/wp-json\/wp\/v2\/types\/product"}],"replies":[{"embeddable":true,"href":"https:\/\/vapemaison.com\/fr\/wp-json\/wp\/v2\/comments?post=27868"}],"version-history":[{"count":4,"href":"https:\/\/vapemaison.com\/fr\/wp-json\/wp\/v2\/product\/27868\/revisions"}],"predecessor-version":[{"id":27921,"href":"https:\/\/vapemaison.com\/fr\/wp-json\/wp\/v2\/product\/27868\/revisions\/27921"}],"wp:featuredmedia":[{"embeddable":true,"href":"https:\/\/vapemaison.com\/fr\/wp-json\/wp\/v2\/media\/27882"}],"wp:attachment":[{"href":"https:\/\/vapemaison.com\/fr\/wp-json\/wp\/v2\/media?parent=27868"}],"wp:term":[{"taxonomy":"product_brand","embeddable":true,"href":"https:\/\/vapemaison.com\/fr\/wp-json\/wp\/v2\/product_brand?post=27868"},{"taxonomy":"product_cat","embeddable":true,"href":"https:\/\/vapemaison.com\/fr\/wp-json\/wp\/v2\/product_cat?post=27868"},{"taxonomy":"product_tag","embeddable":true,"href":"https:\/\/vapemaison.com\/fr\/wp-json\/wp\/v2\/product_tag?post=27868"}],"curies":[{"name":"wp","href":"https:\/\/api.w.org\/{rel}","templated":true}]}}