

{"id":28250,"date":"2026-03-24T06:01:05","date_gmt":"2026-03-24T06:01:05","guid":{"rendered":"https:\/\/vapemaison.com\/?post_type=product&#038;p=28250"},"modified":"2026-04-11T05:57:07","modified_gmt":"2026-04-11T05:57:07","slug":"airmez-matrix-25k-jetable-vape-touch-screen-25000-puffs-smart-vape","status":"publish","type":"product","link":"https:\/\/vapemaison.com\/fr\/product\/airmez-matrix-25k-disposable-vape-touch-screen-25000-puffs-smart-vape\/","title":{"rendered":"AiRMEZ Matrix 25K Vape jetable \u00e9cran tactile 25000 bouff\u00e9es Smart Vape"},"content":{"rendered":"<p><strong>AiRMEZ Matrix 25K<\/strong> Disposable Vape red\u00e9finit l'exp\u00e9rience du vapotage gr\u00e2ce \u00e0 son \u00e9cran tactile LED innovant de 2,1 pouces, qui apporte une interactivit\u00e9 intelligente \u00e0 un appareil jetable. Surveillez facilement l'autonomie de la batterie et les niveaux d'e-liquide en un coup d'\u0153il, ou faites une pause et profitez du jeu Lucky Room int\u00e9gr\u00e9 pour plus de divertissement. Aliment\u00e9 par une batterie rechargeable de 850mAh, il d\u00e9livre jusqu'\u00e0 25 000 bouff\u00e9es pour une performance durable sans remplacements fr\u00e9quents. Avec un d\u00e9bit d'air et une puissance de sortie r\u00e9glables, vous pouvez adapter chaque bouff\u00e9e \u00e0 vos pr\u00e9f\u00e9rences, tandis que la bobine double mesh avanc\u00e9e garantit une saveur riche et une vapeur douce \u00e0 chaque tirage.<\/p>\n\n\n\n<h3 class=\"wp-block-heading\"><strong>Sp\u00e9cifications des produits<\/strong><\/h3>\n\n\n\n<figure class=\"wp-block-table\"><table class=\"has-fixed-layout\"><thead><tr><th>Sp\u00e9cifications<\/th><th>D\u00e9tails<\/th><\/tr><\/thead><tbody><tr><td>Nombre de bouff\u00e9es<\/td><td>Mode normal : Jusqu'\u00e0 25 000 bouff\u00e9es<\/td><\/tr><tr><td>Style de vapotage<\/td><td>MTL (bouche \u00e0 poumon)<\/td><\/tr><tr><td>Batterie<\/td><td>850mAh Rechargeable<\/td><\/tr><tr><td>Capacit\u00e9 en e-liquide<\/td><td>20ml pr\u00e9-rempli<\/td><\/tr><tr><td>Intensit\u00e9 de la nicotine<\/td><td>5% (50mg)<\/td><\/tr><tr><td>\u00c9cran<\/td><td>\u00c9cran tactile LED de 2,1 pouces<\/td><\/tr><tr><td>Bobine<\/td><td>Bobine \u00e0 double maille<\/td><\/tr><tr><td>Chargement<\/td><td>USB Type-C<\/td><\/tr><tr><td>Activation<\/td><td>Dessin activ\u00e9<\/td><\/tr><\/tbody><\/table><\/figure>\n\n\n\n<h3 class=\"wp-block-heading\">Saveurs disponibles<\/h3>\n\n\n\n<ul class=\"wp-block-list\">\n<li>Fantaisie \u00e0 la banane et aux baies<\/li>\n\n\n\n<li>Brise froide bleue<\/li>\n\n\n\n<li>Volcan de cerises<\/li>\n\n\n\n<li>Zeste de cerise et de citron<\/li>\n\n\n\n<li>Dessert Bloom Delight<\/li>\n\n\n\n<li>Limonade aux fruits du dragon<\/li>\n\n\n\n<li>Cerise de minuit<\/li>\n\n\n\n<li>Glacier de raisin congel\u00e9<\/li>\n\n\n\n<li>D\u00e9rive de fraises congel\u00e9es<\/li>\n\n\n\n<li>Blizzard aux trois baies<\/li>\n\n\n\n<li>Fusion du dragon mystique<\/li>\n\n\n\n<li>Vague de past\u00e8que et de baies<\/li>\n<\/ul>\n\n\n\n<h3 class=\"wp-block-heading\">Pourquoi choisir AiRMEZ Matrix 25K ?<\/h3>\n\n\n\n<p>Premi\u00e8re vape jetable \u00e0 \u00e9cran tactile<br>\u2714 Nombre massif de bouff\u00e9es gr\u00e2ce \u00e0 la batterie rechargeable<br>Fonctionnalit\u00e9 de jeu interactive<br>\u2714 Exp\u00e9rience de vapotage enti\u00e8rement personnalisable<br>\u2714 Premium flavor with dual mesh coil<\/p>\n\n\n\n<p>Si vous souhaitez explorer d'autres options que la <strong>AiRMEZ Matrix 25K<\/strong>, Il y a bien d'autres choses \u00e0 d\u00e9couvrir. Vous pouvez consulter notre <strong><a href=\"https:\/\/vapemaison.com\/shop\/\" type=\"link\" id=\"https:\/\/vapemaison.com\/shop\/\">Collection de la boutique<\/a><\/strong> pour trouver une large gamme de vapes jetables de haute performance avec diff\u00e9rents nombres de bouff\u00e9es, caract\u00e9ristiques et profils d'ar\u00f4mes pour r\u00e9pondre \u00e0 vos pr\u00e9f\u00e9rences.<\/p>\n\n\n\n<p>Si vous aimez le design et l'innovation de cet appareil, nous vous recommandons de d\u00e9couvrir d'autres produits de la marque <strong><a href=\"https:\/\/vapemaison.com\/brand\/airmez\/\" type=\"link\" id=\"https:\/\/vapemaison.com\/brand\/airmez\/\">Gamme Airmez<\/a><\/strong>, o\u00f9 vous trouverez des mod\u00e8les tout aussi avanc\u00e9s, dot\u00e9s de caract\u00e9ristiques uniques et d'une qualit\u00e9 de fabrication sup\u00e9rieure.<\/p>\n\n\n\n<p>Pour ceux qui s'int\u00e9ressent plus particuli\u00e8rement aux appareils \u00e0 longue dur\u00e9e de vie, ne manquez pas notre s\u00e9lection de <strong><a href=\"https:\/\/vapemaison.com\/product-category\/puffs-count\/25k-puffs\/\" type=\"link\" id=\"https:\/\/vapemaison.com\/product-category\/puffs-count\/25k-puffs\/\">25K bouff\u00e9es<\/a><\/strong> les vapes jetables. Ces options offrent une utilisation prolong\u00e9e, un ar\u00f4me riche et une excellente valeur pour les utilisateurs qui souhaitent moins de remplacements sans compromettre les performances.<\/p>\n\n\n\n<p>D\u00e9couvrez-en plus et trouvez la vape parfaite qui correspond \u00e0 votre style et \u00e0 vos besoins.<\/p>\n\n\n\n<p><\/p>","protected":false},"excerpt":{"rendered":"<p>AiRMEZ Matrix 25K - Le premier vaporisateur \u00e0 \u00e9cran tactile intelligent \u00c9cran tactile LED de 2,1 pouces - 25 000 bouff\u00e9es - Puissance et d\u00e9bit d'air r\u00e9glables Plus qu'un vaporisateur, c'est une exp\u00e9rience interactive.<\/p>","protected":false},"featured_media":28316,"comment_status":"open","ping_status":"closed","template":"","meta":[],"product_brand":[314],"product_cat":[144],"product_tag":[],"class_list":{"0":"post-28250","1":"product","2":"type-product","3":"status-publish","4":"has-post-thumbnail","6":"product_brand-airmez","7":"product_cat-25k-puffs","9":"first","10":"instock","11":"sale","12":"shipping-taxable","13":"purchasable","14":"product-type-variable"},"yoast_head":"<!-- This site is optimized with the Yoast SEO plugin v27.4 - https:\/\/yoast.com\/product\/yoast-seo-wordpress\/ -->\n<title>AiRMEZ Matrix 25K Disposable Vape | 2.1&quot; Touch Screen Vape<\/title>\n<meta name=\"description\" content=\"Experience the AiRMEZ Matrix 25K disposable vape with a 2.1-inch touch screen, adjustable airflow, and up to 25k puffs. Smart vaping with dual mesh coil.\" \/>\n<meta name=\"robots\" content=\"index, follow, max-snippet:-1, max-image-preview:large, max-video-preview:-1\" \/>\n<link rel=\"canonical\" href=\"https:\/\/vapemaison.com\/fr\/produit\/airmez-matrix-25k-jetable-vape-touch-screen-25000-puffs-smart-vape\/\" \/>\n<meta property=\"og:locale\" content=\"fr_FR\" \/>\n<meta property=\"og:type\" content=\"article\" \/>\n<meta property=\"og:title\" content=\"AiRMEZ Matrix 25K Disposable Vape | 2.1&quot; Touch Screen Vape\" \/>\n<meta property=\"og:description\" content=\"Experience the AiRMEZ Matrix 25K disposable vape with a 2.1-inch touch screen, adjustable airflow, and up to 25k puffs. Smart vaping with dual mesh coil.\" \/>\n<meta property=\"og:url\" content=\"https:\/\/vapemaison.com\/fr\/produit\/airmez-matrix-25k-jetable-vape-touch-screen-25000-puffs-smart-vape\/\" \/>\n<meta property=\"og:site_name\" content=\"VapeMaison\" \/>\n<meta property=\"article:modified_time\" content=\"2026-04-11T05:57:07+00:00\" \/>\n<meta property=\"og:image\" content=\"https:\/\/vapemaison.com\/wp-content\/uploads\/2026\/03\/airmez-tornado-25000-puffs-vape-flavor-sour-apple.webp\" \/>\n\t<meta property=\"og:image:width\" content=\"1080\" \/>\n\t<meta property=\"og:image:height\" content=\"1080\" \/>\n\t<meta property=\"og:image:type\" content=\"image\/webp\" \/>\n<meta name=\"twitter:card\" content=\"summary_large_image\" \/>\n<meta name=\"twitter:label1\" content=\"Dur\u00e9e de lecture estim\u00e9e\" \/>\n\t<meta name=\"twitter:data1\" content=\"2 minutes\" \/>\n<!-- \/ Yoast SEO plugin. -->","yoast_head_json":{"title":"AiRMEZ Matrix 25K Vape jetable | 2.1\" Touch Screen Vape","description":"D\u00e9couvrez la vape jetable AiRMEZ Matrix 25K avec un \u00e9cran tactile de 2,1 pouces, un d\u00e9bit d'air r\u00e9glable et jusqu'\u00e0 25 000 bouff\u00e9es. La vape intelligente avec le double coil mesh.","robots":{"index":"index","follow":"follow","max-snippet":"max-snippet:-1","max-image-preview":"max-image-preview:large","max-video-preview":"max-video-preview:-1"},"canonical":"https:\/\/vapemaison.com\/fr\/produit\/airmez-matrix-25k-jetable-vape-touch-screen-25000-puffs-smart-vape\/","og_locale":"fr_FR","og_type":"article","og_title":"AiRMEZ Matrix 25K Disposable Vape | 2.1\" Touch Screen Vape","og_description":"Experience the AiRMEZ Matrix 25K disposable vape with a 2.1-inch touch screen, adjustable airflow, and up to 25k puffs. Smart vaping with dual mesh coil.","og_url":"https:\/\/vapemaison.com\/fr\/produit\/airmez-matrix-25k-jetable-vape-touch-screen-25000-puffs-smart-vape\/","og_site_name":"VapeMaison","article_modified_time":"2026-04-11T05:57:07+00:00","og_image":[{"width":1080,"height":1080,"url":"https:\/\/vapemaison.com\/wp-content\/uploads\/2026\/03\/airmez-tornado-25000-puffs-vape-flavor-sour-apple.webp","type":"image\/webp"}],"twitter_card":"summary_large_image","twitter_misc":{"Dur\u00e9e de lecture estim\u00e9e":"2 minutes"},"schema":{"@context":"https:\/\/schema.org","@graph":[{"@type":"WebPage","@id":"https:\/\/vapemaison.com\/product\/airmez-matrix-25k-disposable-vape-touch-screen-25000-puffs-smart-vape\/","url":"https:\/\/vapemaison.com\/product\/airmez-matrix-25k-disposable-vape-touch-screen-25000-puffs-smart-vape\/","name":"AiRMEZ Matrix 25K Vape jetable | 2.1\" Touch Screen Vape","isPartOf":{"@id":"https:\/\/vapemaison.com\/#website"},"primaryImageOfPage":{"@id":"https:\/\/vapemaison.com\/product\/airmez-matrix-25k-disposable-vape-touch-screen-25000-puffs-smart-vape\/#primaryimage"},"image":{"@id":"https:\/\/vapemaison.com\/product\/airmez-matrix-25k-disposable-vape-touch-screen-25000-puffs-smart-vape\/#primaryimage"},"thumbnailUrl":"https:\/\/vapemaison.com\/wp-content\/uploads\/2026\/03\/airmez-tornado-25000-puffs-vape-flavor-sour-apple.webp","datePublished":"2026-03-24T06:01:05+00:00","dateModified":"2026-04-11T05:57:07+00:00","description":"D\u00e9couvrez la vape jetable AiRMEZ Matrix 25K avec un \u00e9cran tactile de 2,1 pouces, un d\u00e9bit d'air r\u00e9glable et jusqu'\u00e0 25 000 bouff\u00e9es. La vape intelligente avec le double coil mesh.","breadcrumb":{"@id":"https:\/\/vapemaison.com\/product\/airmez-matrix-25k-disposable-vape-touch-screen-25000-puffs-smart-vape\/#breadcrumb"},"inLanguage":"fr-FR","potentialAction":[{"@type":"ReadAction","target":["https:\/\/vapemaison.com\/product\/airmez-matrix-25k-disposable-vape-touch-screen-25000-puffs-smart-vape\/"]}]},{"@type":"ImageObject","inLanguage":"fr-FR","@id":"https:\/\/vapemaison.com\/product\/airmez-matrix-25k-disposable-vape-touch-screen-25000-puffs-smart-vape\/#primaryimage","url":"https:\/\/vapemaison.com\/wp-content\/uploads\/2026\/03\/airmez-tornado-25000-puffs-vape-flavor-sour-apple.webp","contentUrl":"https:\/\/vapemaison.com\/wp-content\/uploads\/2026\/03\/airmez-tornado-25000-puffs-vape-flavor-sour-apple.webp","width":1080,"height":1080,"caption":"Airmez Tornado Puffs Vape Flavor Sour Apple"},{"@type":"BreadcrumbList","@id":"https:\/\/vapemaison.com\/product\/airmez-matrix-25k-disposable-vape-touch-screen-25000-puffs-smart-vape\/#breadcrumb","itemListElement":[{"@type":"ListItem","position":1,"name":"\u9996\u9875","item":"https:\/\/vapemaison.com\/"},{"@type":"ListItem","position":2,"name":"Shop","item":"https:\/\/vapemaison.com\/shop\/"},{"@type":"ListItem","position":3,"name":"Airmez","item":"https:\/\/vapemaison.com\/brand\/airmez\/"},{"@type":"ListItem","position":4,"name":"AiRMEZ Matrix 25K Disposable Vape Touch Screen 25000 Puffs Smart Vape"}]},{"@type":"WebSite","@id":"https:\/\/vapemaison.com\/#website","url":"https:\/\/vapemaison.com\/","name":"VapeMaison","description":"Appareils et accessoires de vapotage haut de gamme","publisher":{"@id":"https:\/\/vapemaison.com\/#organization"},"potentialAction":[{"@type":"SearchAction","target":{"@type":"EntryPoint","urlTemplate":"https:\/\/vapemaison.com\/?s={search_term_string}"},"query-input":{"@type":"PropertyValueSpecification","valueRequired":true,"valueName":"search_term_string"}}],"inLanguage":"fr-FR"},{"@type":"Organization","@id":"https:\/\/vapemaison.com\/#organization","name":"VapeMaison","url":"https:\/\/vapemaison.com\/","logo":{"@type":"ImageObject","inLanguage":"fr-FR","@id":"https:\/\/vapemaison.com\/#\/schema\/logo\/image\/","url":"https:\/\/vapemaison.com\/wp-content\/uploads\/2026\/01\/cropped-vapemaison-logo-g-2026.webp","contentUrl":"https:\/\/vapemaison.com\/wp-content\/uploads\/2026\/01\/cropped-vapemaison-logo-g-2026.webp","width":350,"height":280,"caption":"VapeMaison"},"image":{"@id":"https:\/\/vapemaison.com\/#\/schema\/logo\/image\/"},"sameAs":["https:\/\/www.youtube.com\/@VapeMaison"]}]}},"tiered_pricing_type":"fixed","tiered_pricing_fixed_rules":{"30":"11.68","50":"11.12","100":"10.56","200":"9.99"},"tiered_pricing_product_settings":{"layout":"default","base_unit_name":{"singular":null,"plural":null},"default_variation":null},"tiered_pricing_minimum_quantity":10,"tiered_pricing_roles_data":[],"tiered_pricing_percentage_rules":[],"tiered_pricing_maximum_quantity":null,"tiered_pricing_quantity_step":"10","_links":{"self":[{"href":"https:\/\/vapemaison.com\/fr\/wp-json\/wp\/v2\/product\/28250","targetHints":{"allow":["GET"]}}],"collection":[{"href":"https:\/\/vapemaison.com\/fr\/wp-json\/wp\/v2\/product"}],"about":[{"href":"https:\/\/vapemaison.com\/fr\/wp-json\/wp\/v2\/types\/product"}],"replies":[{"embeddable":true,"href":"https:\/\/vapemaison.com\/fr\/wp-json\/wp\/v2\/comments?post=28250"}],"version-history":[{"count":7,"href":"https:\/\/vapemaison.com\/fr\/wp-json\/wp\/v2\/product\/28250\/revisions"}],"predecessor-version":[{"id":29269,"href":"https:\/\/vapemaison.com\/fr\/wp-json\/wp\/v2\/product\/28250\/revisions\/29269"}],"wp:featuredmedia":[{"embeddable":true,"href":"https:\/\/vapemaison.com\/fr\/wp-json\/wp\/v2\/media\/28316"}],"wp:attachment":[{"href":"https:\/\/vapemaison.com\/fr\/wp-json\/wp\/v2\/media?parent=28250"}],"wp:term":[{"taxonomy":"product_brand","embeddable":true,"href":"https:\/\/vapemaison.com\/fr\/wp-json\/wp\/v2\/product_brand?post=28250"},{"taxonomy":"product_cat","embeddable":true,"href":"https:\/\/vapemaison.com\/fr\/wp-json\/wp\/v2\/product_cat?post=28250"},{"taxonomy":"product_tag","embeddable":true,"href":"https:\/\/vapemaison.com\/fr\/wp-json\/wp\/v2\/product_tag?post=28250"}],"curies":[{"name":"wp","href":"https:\/\/api.w.org\/{rel}","templated":true}]}}