

{"id":28605,"date":"2026-04-01T06:51:53","date_gmt":"2026-04-01T06:51:53","guid":{"rendered":"https:\/\/vapemaison.com\/?post_type=product&#038;p=28605"},"modified":"2026-04-03T08:24:55","modified_gmt":"2026-04-03T08:24:55","slug":"stagbar-jagger-pro-40000-high-performance-rechargeable-disposable-vape","status":"publish","type":"product","link":"https:\/\/vapemaison.com\/fr\/product\/stagbar-jagger-pro-40000-high-performance-rechargeable-disposable-vape\/","title":{"rendered":"Stagbar Jagger Pro 40000 - Vape jetable rechargeable haute performance"},"content":{"rendered":"<p>Le <strong><a href=\"https:\/\/vapemaison.com\/brand\/stag-bar\/\" type=\"link\" id=\"https:\/\/vapemaison.com\/brand\/stag-bar\/\">Stagbar<\/a> Jagger Pro 40000 <a href=\"https:\/\/vapemaison.com\/product-category\/puffs-count\/40k-puffs\/\" type=\"link\" id=\"https:\/\/vapemaison.com\/product-category\/puffs-count\/40k-puffs\/\">Puff 40k<\/a><\/strong> est une vape jetable rechargeable de haute performance con\u00e7ue pour les utilisateurs intensifs et quotidiens. Avec jusqu'\u00e0 <strong>40 000 bouff\u00e9es<\/strong>, a <strong>Capacit\u00e9 de 22mL d'e-liquide<\/strong>, et <strong>2% \/ 5% options de nicotine<\/strong>, Il offre une saveur constante et une exp\u00e9rience nicotinique douce.<\/p>\n\n\n\n<p>\u00c9quip\u00e9 d'un <strong>Batterie rechargeable de 750mAh<\/strong> et <strong>Chargement rapide de type C<\/strong>, L'appareil garantit une utilisation prolong\u00e9e et une recharge rapide. Les <strong>Bobine \u00e0 mailles de 1,0\u03a9<\/strong> am\u00e9liore la production de vapeur et la pr\u00e9cision des ar\u00f4mes. <strong>Affichage LED<\/strong> offre une visibilit\u00e9 claire de l'\u00e9tat de la batterie et de l'utilisation.<\/p>\n\n\n\n<p>Pour une exp\u00e9rience de vapotage enti\u00e8rement personnalis\u00e9e, le <strong>syst\u00e8me de d\u00e9bit d'air r\u00e9glable<\/strong> permet aux utilisateurs de contr\u00f4ler facilement la r\u00e9sistance \u00e0 l'\u00e9tirement. Disponible en <strong>20 saveurs<\/strong> et emball\u00e9 <strong>10 pi\u00e8ces par bo\u00eete<\/strong>, Le Stagbar Jagger Pro 40K est le choix id\u00e9al pour les d\u00e9taillants et les consommateurs \u00e0 la recherche d'une vape jetable haut de gamme.<\/p>\n\n\n\n<h3 class=\"wp-block-heading\">Sp\u00e9cifications<\/h3>\n\n\n\n<figure class=\"wp-block-table\"><table class=\"has-fixed-layout\"><thead><tr><th>Sp\u00e9cifications<\/th><th>D\u00e9tails<\/th><\/tr><\/thead><tbody><tr><td>Options de la nicotine<\/td><td>2% \/ 5%<\/td><\/tr><tr><td>Nombre de bouff\u00e9es<\/td><td>Jusqu'\u00e0 40 000 bouff\u00e9es<\/td><\/tr><tr><td>Capacit\u00e9 en e-liquide<\/td><td>22 mL<\/td><\/tr><tr><td>Type de bobine<\/td><td>1.0\u03a9 Mesh Coil<\/td><\/tr><tr><td>Batterie<\/td><td>750mAh Rechargeable<\/td><\/tr><tr><td>Affichage<\/td><td>LED d'\u00e9tat de la batterie et de l'utilisation<\/td><\/tr><tr><td>Flux d'air r\u00e9glable<\/td><td>Oui<\/td><\/tr><tr><td>Port de charge<\/td><td>Chargement rapide de type C<\/td><\/tr><tr><td>Options de saveurs<\/td><td>20 saveurs disponibles<\/td><\/tr><tr><td>Emballage<\/td><td>10 pi\u00e8ces \/ bo\u00eete<\/td><\/tr><\/tbody><\/table><\/figure>\n\n\n\n<h3 class=\"wp-block-heading\">Saveurs disponibles<\/h3>\n\n\n\n<ul class=\"wp-block-list\">\n<li>Coco Loco<\/li>\n\n\n\n<li>Sexe sur la plage<\/li>\n\n\n\n<li>Citron vert<\/li>\n\n\n\n<li>Red Bull<\/li>\n\n\n\n<li>Glace \u00e0 la past\u00e8que<\/li>\n\n\n\n<li>Baies m\u00e9lang\u00e9es<\/li>\n\n\n\n<li>Fraise Kiwi<\/li>\n\n\n\n<li>Banane glac\u00e9e<\/li>\n\n\n\n<li>Myrtille Framboise<\/li>\n\n\n\n<li>Fraise Raisin<\/li>\n\n\n\n<li>Limonade aux framboises bleues<\/li>\n\n\n\n<li>Mamba blanc<\/li>\n\n\n\n<li>Fraise et banane<\/li>\n\n\n\n<li>Glace de raisin<\/li>\n\n\n\n<li>Past\u00e8que \u00e0 la fraise<\/li>\n\n\n\n<li>Glace du dragon noir<\/li>\n\n\n\n<li>Cola Ice<\/li>\n\n\n\n<li>Triple melon<\/li>\n\n\n\n<li>Cerise Canneberge<\/li>\n\n\n\n<li>Bonbons g\u00e9lifi\u00e9s<\/li>\n<\/ul>","protected":false},"excerpt":{"rendered":"<p>Vapeur rechargeable jetable avec jusqu'\u00e0 40 000 bouff\u00e9es, 22mL d'e-liquide, airflow r\u00e9glable, et 20 saveurs. Id\u00e9al pour le vapotage quotidien ou intensif.<\/p>","protected":false},"featured_media":28616,"comment_status":"open","ping_status":"closed","template":"","meta":[],"product_brand":[320],"product_cat":[135],"product_tag":[],"class_list":{"0":"post-28605","1":"product","2":"type-product","3":"status-publish","4":"has-post-thumbnail","6":"product_brand-stag-bar","7":"product_cat-40k-puffs","9":"first","10":"instock","11":"sale","12":"shipping-taxable","13":"purchasable","14":"product-type-variable"},"yoast_head":"<!-- This site is optimized with the Yoast SEO plugin v27.4 - https:\/\/yoast.com\/product\/yoast-seo-wordpress\/ -->\n<title>Stagbar Jagger Pro 40000 40K Puff Disposable Vape<\/title>\n<meta name=\"description\" content=\"Experience long-lasting satisfaction with the Stagbar Jagger Pro 40000. Up to 40,000 puffs. Perfect for daily and heavy users.\" \/>\n<meta name=\"robots\" content=\"index, follow, max-snippet:-1, max-image-preview:large, max-video-preview:-1\" \/>\n<link rel=\"canonical\" href=\"https:\/\/vapemaison.com\/fr\/produit\/stagbar-jagger-pro-40000-high-performance-rechargeable-disposable-vape\/\" \/>\n<meta property=\"og:locale\" content=\"fr_FR\" \/>\n<meta property=\"og:type\" content=\"article\" \/>\n<meta property=\"og:title\" content=\"Stagbar Jagger Pro 40000 40K Puff Disposable Vape\" \/>\n<meta property=\"og:description\" content=\"Experience long-lasting satisfaction with the Stagbar Jagger Pro 40000. Up to 40,000 puffs. Perfect for daily and heavy users.\" \/>\n<meta property=\"og:url\" content=\"https:\/\/vapemaison.com\/fr\/produit\/stagbar-jagger-pro-40000-high-performance-rechargeable-disposable-vape\/\" \/>\n<meta property=\"og:site_name\" content=\"VapeMaison\" \/>\n<meta property=\"article:modified_time\" content=\"2026-04-03T08:24:55+00:00\" \/>\n<meta property=\"og:image\" content=\"https:\/\/vapemaison.com\/wp-content\/uploads\/2026\/04\/vapemaison-stagbar-jagger-pro-40000-40k-puffs-main-picture.webp\" \/>\n\t<meta property=\"og:image:width\" content=\"800\" \/>\n\t<meta property=\"og:image:height\" content=\"800\" \/>\n\t<meta property=\"og:image:type\" content=\"image\/webp\" \/>\n<meta name=\"twitter:card\" content=\"summary_large_image\" \/>\n<meta name=\"twitter:label1\" content=\"Dur\u00e9e de lecture estim\u00e9e\" \/>\n\t<meta name=\"twitter:data1\" content=\"2 minutes\" \/>\n<!-- \/ Yoast SEO plugin. -->","yoast_head_json":{"title":"Stagbar Jagger Pro 40000 40K Puff Vape jetable","description":"Faites l'exp\u00e9rience d'une satisfaction durable avec le Stagbar Jagger Pro 40000. Jusqu'\u00e0 40 000 bouff\u00e9es. Parfait pour les utilisateurs quotidiens et intensifs.","robots":{"index":"index","follow":"follow","max-snippet":"max-snippet:-1","max-image-preview":"max-image-preview:large","max-video-preview":"max-video-preview:-1"},"canonical":"https:\/\/vapemaison.com\/fr\/produit\/stagbar-jagger-pro-40000-high-performance-rechargeable-disposable-vape\/","og_locale":"fr_FR","og_type":"article","og_title":"Stagbar Jagger Pro 40000 40K Puff Disposable Vape","og_description":"Experience long-lasting satisfaction with the Stagbar Jagger Pro 40000. Up to 40,000 puffs. Perfect for daily and heavy users.","og_url":"https:\/\/vapemaison.com\/fr\/produit\/stagbar-jagger-pro-40000-high-performance-rechargeable-disposable-vape\/","og_site_name":"VapeMaison","article_modified_time":"2026-04-03T08:24:55+00:00","og_image":[{"width":800,"height":800,"url":"https:\/\/vapemaison.com\/wp-content\/uploads\/2026\/04\/vapemaison-stagbar-jagger-pro-40000-40k-puffs-main-picture.webp","type":"image\/webp"}],"twitter_card":"summary_large_image","twitter_misc":{"Dur\u00e9e de lecture estim\u00e9e":"2 minutes"},"schema":{"@context":"https:\/\/schema.org","@graph":[{"@type":"WebPage","@id":"https:\/\/vapemaison.com\/product\/stagbar-jagger-pro-40000-high-performance-rechargeable-disposable-vape\/","url":"https:\/\/vapemaison.com\/product\/stagbar-jagger-pro-40000-high-performance-rechargeable-disposable-vape\/","name":"Stagbar Jagger Pro 40000 40K Puff Vape jetable","isPartOf":{"@id":"https:\/\/vapemaison.com\/#website"},"primaryImageOfPage":{"@id":"https:\/\/vapemaison.com\/product\/stagbar-jagger-pro-40000-high-performance-rechargeable-disposable-vape\/#primaryimage"},"image":{"@id":"https:\/\/vapemaison.com\/product\/stagbar-jagger-pro-40000-high-performance-rechargeable-disposable-vape\/#primaryimage"},"thumbnailUrl":"https:\/\/vapemaison.com\/wp-content\/uploads\/2026\/04\/vapemaison-stagbar-jagger-pro-40000-40k-puffs-main-picture.webp","datePublished":"2026-04-01T06:51:53+00:00","dateModified":"2026-04-03T08:24:55+00:00","description":"Faites l'exp\u00e9rience d'une satisfaction durable avec le Stagbar Jagger Pro 40000. Jusqu'\u00e0 40 000 bouff\u00e9es. Parfait pour les utilisateurs quotidiens et intensifs.","breadcrumb":{"@id":"https:\/\/vapemaison.com\/product\/stagbar-jagger-pro-40000-high-performance-rechargeable-disposable-vape\/#breadcrumb"},"inLanguage":"fr-FR","potentialAction":[{"@type":"ReadAction","target":["https:\/\/vapemaison.com\/product\/stagbar-jagger-pro-40000-high-performance-rechargeable-disposable-vape\/"]}]},{"@type":"ImageObject","inLanguage":"fr-FR","@id":"https:\/\/vapemaison.com\/product\/stagbar-jagger-pro-40000-high-performance-rechargeable-disposable-vape\/#primaryimage","url":"https:\/\/vapemaison.com\/wp-content\/uploads\/2026\/04\/vapemaison-stagbar-jagger-pro-40000-40k-puffs-main-picture.webp","contentUrl":"https:\/\/vapemaison.com\/wp-content\/uploads\/2026\/04\/vapemaison-stagbar-jagger-pro-40000-40k-puffs-main-picture.webp","width":800,"height":800,"caption":"Vapemaison Stagbar Jagger Pro 40k Puffs Main Picture"},{"@type":"BreadcrumbList","@id":"https:\/\/vapemaison.com\/product\/stagbar-jagger-pro-40000-high-performance-rechargeable-disposable-vape\/#breadcrumb","itemListElement":[{"@type":"ListItem","position":1,"name":"\u9996\u9875","item":"https:\/\/vapemaison.com\/"},{"@type":"ListItem","position":2,"name":"Shop","item":"https:\/\/vapemaison.com\/shop\/"},{"@type":"ListItem","position":3,"name":"Stag Bar","item":"https:\/\/vapemaison.com\/brand\/stag-bar\/"},{"@type":"ListItem","position":4,"name":"Stagbar Jagger Pro 40000 \u2013 High-Performance Rechargeable Disposable Vape"}]},{"@type":"WebSite","@id":"https:\/\/vapemaison.com\/#website","url":"https:\/\/vapemaison.com\/","name":"VapeMaison","description":"Appareils et accessoires de vapotage haut de gamme","publisher":{"@id":"https:\/\/vapemaison.com\/#organization"},"potentialAction":[{"@type":"SearchAction","target":{"@type":"EntryPoint","urlTemplate":"https:\/\/vapemaison.com\/?s={search_term_string}"},"query-input":{"@type":"PropertyValueSpecification","valueRequired":true,"valueName":"search_term_string"}}],"inLanguage":"fr-FR"},{"@type":"Organization","@id":"https:\/\/vapemaison.com\/#organization","name":"VapeMaison","url":"https:\/\/vapemaison.com\/","logo":{"@type":"ImageObject","inLanguage":"fr-FR","@id":"https:\/\/vapemaison.com\/#\/schema\/logo\/image\/","url":"https:\/\/vapemaison.com\/wp-content\/uploads\/2026\/01\/cropped-vapemaison-logo-g-2026.webp","contentUrl":"https:\/\/vapemaison.com\/wp-content\/uploads\/2026\/01\/cropped-vapemaison-logo-g-2026.webp","width":350,"height":280,"caption":"VapeMaison"},"image":{"@id":"https:\/\/vapemaison.com\/#\/schema\/logo\/image\/"},"sameAs":["https:\/\/www.youtube.com\/@VapeMaison"]}]}},"tiered_pricing_type":"fixed","tiered_pricing_fixed_rules":{"30":"10.99","50":"10.56","100":"9.99","200":"9.47"},"tiered_pricing_product_settings":{"layout":"default","base_unit_name":{"singular":null,"plural":null},"default_variation":null},"tiered_pricing_minimum_quantity":10,"tiered_pricing_roles_data":[],"tiered_pricing_percentage_rules":[],"tiered_pricing_maximum_quantity":null,"tiered_pricing_quantity_step":"10","_links":{"self":[{"href":"https:\/\/vapemaison.com\/fr\/wp-json\/wp\/v2\/product\/28605","targetHints":{"allow":["GET"]}}],"collection":[{"href":"https:\/\/vapemaison.com\/fr\/wp-json\/wp\/v2\/product"}],"about":[{"href":"https:\/\/vapemaison.com\/fr\/wp-json\/wp\/v2\/types\/product"}],"replies":[{"embeddable":true,"href":"https:\/\/vapemaison.com\/fr\/wp-json\/wp\/v2\/comments?post=28605"}],"version-history":[{"count":4,"href":"https:\/\/vapemaison.com\/fr\/wp-json\/wp\/v2\/product\/28605\/revisions"}],"predecessor-version":[{"id":28893,"href":"https:\/\/vapemaison.com\/fr\/wp-json\/wp\/v2\/product\/28605\/revisions\/28893"}],"wp:featuredmedia":[{"embeddable":true,"href":"https:\/\/vapemaison.com\/fr\/wp-json\/wp\/v2\/media\/28616"}],"wp:attachment":[{"href":"https:\/\/vapemaison.com\/fr\/wp-json\/wp\/v2\/media?parent=28605"}],"wp:term":[{"taxonomy":"product_brand","embeddable":true,"href":"https:\/\/vapemaison.com\/fr\/wp-json\/wp\/v2\/product_brand?post=28605"},{"taxonomy":"product_cat","embeddable":true,"href":"https:\/\/vapemaison.com\/fr\/wp-json\/wp\/v2\/product_cat?post=28605"},{"taxonomy":"product_tag","embeddable":true,"href":"https:\/\/vapemaison.com\/fr\/wp-json\/wp\/v2\/product_tag?post=28605"}],"curies":[{"name":"wp","href":"https:\/\/api.w.org\/{rel}","templated":true}]}}