

{"id":28674,"date":"2026-04-01T09:43:35","date_gmt":"2026-04-01T09:43:35","guid":{"rendered":"https:\/\/vapemaison.com\/?post_type=product&#038;p=28674"},"modified":"2026-04-03T08:48:08","modified_gmt":"2026-04-03T08:48:08","slug":"stagbar-nexus-60000-60k-puffs-rechargeable-jetable-vape","status":"publish","type":"product","link":"https:\/\/vapemaison.com\/fr\/product\/stagbar-nexus-60000-60k-puffs-rechargeable-disposable-vape\/","title":{"rendered":"Stagbar Nexus 60000 60K Puffs Rechargeable Disposable Vape"},"content":{"rendered":"<p>Le <strong><a href=\"https:\/\/vapemaison.com\/brand\/stag-bar\/\" type=\"link\" id=\"https:\/\/vapemaison.com\/brand\/stag-bar\/\">Stagbar<\/a> Nexus 60000 (<a href=\"https:\/\/vapemaison.com\/product-category\/puffs-count\/60k-puffs\/\" type=\"link\" id=\"https:\/\/vapemaison.com\/product-category\/puffs-count\/60k-puffs\/\">60K Puffs<\/a>)<\/strong> est con\u00e7u pour les utilisateurs qui privil\u00e9gient la capacit\u00e9, la coh\u00e9rence et le contr\u00f4le des appareils. Avec jusqu'\u00e0 <strong>60 000 bouff\u00e9es<\/strong> et un <strong>Capacit\u00e9 de 50mL d'e-liquide<\/strong>, Il r\u00e9duit la fr\u00e9quence de remplacement tout en maintenant des performances stables pour une utilisation quotidienne.<\/p>\n\n\n\n<p>Aliment\u00e9 par un <strong>Batterie rechargeable de 850mAh<\/strong> avec <strong>Chargement de type C<\/strong>, L'appareil garantit un fonctionnement fiable et une recharge ais\u00e9e. Le syst\u00e8me int\u00e9gr\u00e9 de <strong>Affichage LED<\/strong> offre une visibilit\u00e9 en temps r\u00e9el de l'\u00e9tat de la batterie, ce qui am\u00e9liore la convivialit\u00e9.<\/p>\n\n\n\n<h3 class=\"wp-block-heading\">Performance et contr\u00f4le du flux d'air<\/h3>\n\n\n\n<p>Avec <strong>Bobines \u00e0 mailles de 0,9\u03a9<\/strong> et un <strong>syst\u00e8me de d\u00e9bit d'air r\u00e9glable<\/strong>, la Nexus 60000 est \u00e0 la hauteur :<\/p>\n\n\n\n<ul class=\"wp-block-list\">\n<li>Un d\u00e9bit de vapeur doux et \u00e9quilibr\u00e9<\/li>\n\n\n\n<li>Chauffage rapide et homog\u00e8ne<\/li>\n\n\n\n<li>Diffusion homog\u00e8ne des ar\u00f4mes tout au long de l'utilisation<\/li>\n<\/ul>\n\n\n\n<p>Le contr\u00f4le du flux d'air permet aux utilisateurs de personnaliser leur tirage, d'une inhalation plus serr\u00e9e \u00e0 un flux d'air plus ouvert, s'adaptant ainsi aux diff\u00e9rentes pr\u00e9f\u00e9rences de vapotage.<\/p>\n\n\n\n<h3 class=\"wp-block-heading\">Sp\u00e9cifications<\/h3>\n\n\n\n<figure class=\"wp-block-table\"><table class=\"has-fixed-layout\"><thead><tr><th>Sp\u00e9cifications<\/th><th>D\u00e9tails<\/th><\/tr><\/thead><tbody><tr><td>Nombre de bouff\u00e9es<\/td><td>Jusqu'\u00e0 60 000 bouff\u00e9es<\/td><\/tr><tr><td>Intensit\u00e9 de la nicotine<\/td><td>2% \/ 5%<\/td><\/tr><tr><td>Capacit\u00e9 en e-liquide<\/td><td>50 ml<\/td><\/tr><tr><td>Type de bobine<\/td><td>Bobine en maille de 0,9\u03a9<\/td><\/tr><tr><td>Batterie<\/td><td>850mAh Rechargeable<\/td><\/tr><tr><td>Affichage<\/td><td>Affichage LED<\/td><\/tr><tr><td>D\u00e9bit d'air<\/td><td>R\u00e9glable<\/td><\/tr><tr><td>Port de charge<\/td><td>Type-C<\/td><\/tr><tr><td>Options de saveurs<\/td><td>10 saveurs<\/td><\/tr><tr><td>Emballage<\/td><td>10 pi\u00e8ces \/ bo\u00eete<\/td><\/tr><tr><td>Taille du carton<\/td><td>40 \u00d7 32 \u00d7 40 cm<\/td><\/tr><\/tbody><\/table><\/figure>\n\n\n\n<h3 class=\"wp-block-heading\">Saveurs disponibles<\/h3>\n\n\n\n<ul class=\"wp-block-list\">\n<li>Glace \u00e0 la past\u00e8que<\/li>\n\n\n\n<li>Glace \u00e0 la myrtille et \u00e0 la framboise<\/li>\n\n\n\n<li>Baies m\u00e9lang\u00e9es<\/li>\n\n\n\n<li>Fraise Raisin<\/li>\n\n\n\n<li>Fraise Kiwi<\/li>\n\n\n\n<li>Amour 66<\/li>\n\n\n\n<li>Melon d'eau \u00e0 la framboise<\/li>\n\n\n\n<li>Citron vert<\/li>\n\n\n\n<li>P\u00eache Mangue<\/li>\n\n\n\n<li>Red Bull<\/li>\n<\/ul>\n\n\n\n<p>Chaque ar\u00f4me est d\u00e9velopp\u00e9 pour fournir une combinaison \u00e9quilibr\u00e9e de <strong>intensit\u00e9 du fruit, douceur et effet rafra\u00eechissant<\/strong>, Vous pouvez \u00e9galement consulter le site Web de la Commission europ\u00e9enne.\u00a0<strong><a href=\"https:\/\/vapemaison.com\/shop\/\">boutique<\/a><\/strong>\u00a0pour voir d'autres produits.<\/p>\n\n\n\n<h3 class=\"wp-block-heading\">Pourquoi choisir Stagbar Nexus 60000 ?<\/h3>\n\n\n\n<ul class=\"wp-block-list\">\n<li><strong>Conception \u00e0 haute capacit\u00e9<\/strong> - 50mL d'e-liquide pour une utilisation prolong\u00e9e<\/li>\n\n\n\n<li><strong>Sortie d'ar\u00f4mes raffin\u00e9s<\/strong> - La bobine \u00e0 mailles de 0,9\u03a9 am\u00e9liore l'homog\u00e9n\u00e9it\u00e9<\/li>\n\n\n\n<li><strong>Une exp\u00e9rience personnalisable<\/strong> - Flux d'air r\u00e9glable pour diff\u00e9rents styles de tirage<\/li>\n\n\n\n<li><strong>Syst\u00e8me rechargeable<\/strong> - R\u00e9duction des d\u00e9chets et am\u00e9lioration de la facilit\u00e9 d'utilisation<\/li>\n\n\n\n<li><strong>Vente au d\u00e9tail et en gros Pr\u00eat<\/strong> - Emballage standard de 10 pi\u00e8ces par bo\u00eete<\/li>\n<\/ul>\n\n\n\n<p><\/p>","protected":false},"excerpt":{"rendered":"<p>Vape jetable de 60k bouff\u00e9es avec 50mL d'e-liquide, bobine mesh de 0,9\u03a9, airflow r\u00e9glable et batterie rechargeable pour des performances quotidiennes constantes.<\/p>","protected":false},"featured_media":28678,"comment_status":"open","ping_status":"closed","template":"","meta":[],"product_brand":[320],"product_cat":[137],"product_tag":[],"class_list":{"0":"post-28674","1":"product","2":"type-product","3":"status-publish","4":"has-post-thumbnail","6":"product_brand-stag-bar","7":"product_cat-60k-puffs","9":"first","10":"instock","11":"sale","12":"shipping-taxable","13":"purchasable","14":"product-type-variable"},"yoast_head":"<!-- This site is optimized with the Yoast SEO plugin v27.4 - https:\/\/yoast.com\/product\/yoast-seo-wordpress\/ -->\n<title>Stagbar Nexus 60000 Disposable Vape \u2013 60K Puffs<\/title>\n<meta name=\"description\" content=\"Shop Stagbar Nexus 60000 disposable vape with up to 60,000 puffs, 50mL e-liquid, 0.9\u03a9 mesh coil, adjustable airflow, and rechargeable battery.\" \/>\n<meta name=\"robots\" content=\"index, follow, max-snippet:-1, max-image-preview:large, max-video-preview:-1\" \/>\n<link rel=\"canonical\" href=\"https:\/\/vapemaison.com\/fr\/produit\/stagbar-nexus-60000-60k-puffs-rechargeable-jetable-vape\/\" \/>\n<meta property=\"og:locale\" content=\"fr_FR\" \/>\n<meta property=\"og:type\" content=\"article\" \/>\n<meta property=\"og:title\" content=\"Stagbar Nexus 60000 Disposable Vape \u2013 60K Puffs\" \/>\n<meta property=\"og:description\" content=\"Shop Stagbar Nexus 60000 disposable vape with up to 60,000 puffs, 50mL e-liquid, 0.9\u03a9 mesh coil, adjustable airflow, and rechargeable battery.\" \/>\n<meta property=\"og:url\" content=\"https:\/\/vapemaison.com\/fr\/produit\/stagbar-nexus-60000-60k-puffs-rechargeable-jetable-vape\/\" \/>\n<meta property=\"og:site_name\" content=\"VapeMaison\" \/>\n<meta property=\"article:modified_time\" content=\"2026-04-03T08:48:08+00:00\" \/>\n<meta property=\"og:image\" content=\"https:\/\/vapemaison.com\/wp-content\/uploads\/2026\/04\/vapemaison-stagbar-nexus-60000-60k-puffs-main-image.webp\" \/>\n\t<meta property=\"og:image:width\" content=\"2000\" \/>\n\t<meta property=\"og:image:height\" content=\"2000\" \/>\n\t<meta property=\"og:image:type\" content=\"image\/webp\" \/>\n<meta name=\"twitter:card\" content=\"summary_large_image\" \/>\n<meta name=\"twitter:label1\" content=\"Dur\u00e9e de lecture estim\u00e9e\" \/>\n\t<meta name=\"twitter:data1\" content=\"2 minutes\" \/>\n<!-- \/ Yoast SEO plugin. -->","yoast_head_json":{"title":"Stagbar Nexus 60000 Vape jetable - 60K bouff\u00e9es","description":"Boutique Stagbar Nexus 60000 vape jetable avec jusqu'\u00e0 60 000 bouff\u00e9es, 50mL e-liquide, 0.9\u03a9 mesh coil, airflow r\u00e9glable, et batterie rechargeable.","robots":{"index":"index","follow":"follow","max-snippet":"max-snippet:-1","max-image-preview":"max-image-preview:large","max-video-preview":"max-video-preview:-1"},"canonical":"https:\/\/vapemaison.com\/fr\/produit\/stagbar-nexus-60000-60k-puffs-rechargeable-jetable-vape\/","og_locale":"fr_FR","og_type":"article","og_title":"Stagbar Nexus 60000 Disposable Vape \u2013 60K Puffs","og_description":"Shop Stagbar Nexus 60000 disposable vape with up to 60,000 puffs, 50mL e-liquid, 0.9\u03a9 mesh coil, adjustable airflow, and rechargeable battery.","og_url":"https:\/\/vapemaison.com\/fr\/produit\/stagbar-nexus-60000-60k-puffs-rechargeable-jetable-vape\/","og_site_name":"VapeMaison","article_modified_time":"2026-04-03T08:48:08+00:00","og_image":[{"width":2000,"height":2000,"url":"https:\/\/vapemaison.com\/wp-content\/uploads\/2026\/04\/vapemaison-stagbar-nexus-60000-60k-puffs-main-image.webp","type":"image\/webp"}],"twitter_card":"summary_large_image","twitter_misc":{"Dur\u00e9e de lecture estim\u00e9e":"2 minutes"},"schema":{"@context":"https:\/\/schema.org","@graph":[{"@type":"WebPage","@id":"https:\/\/vapemaison.com\/product\/stagbar-nexus-60000-60k-puffs-rechargeable-disposable-vape\/","url":"https:\/\/vapemaison.com\/product\/stagbar-nexus-60000-60k-puffs-rechargeable-disposable-vape\/","name":"Stagbar Nexus 60000 Vape jetable - 60K bouff\u00e9es","isPartOf":{"@id":"https:\/\/vapemaison.com\/#website"},"primaryImageOfPage":{"@id":"https:\/\/vapemaison.com\/product\/stagbar-nexus-60000-60k-puffs-rechargeable-disposable-vape\/#primaryimage"},"image":{"@id":"https:\/\/vapemaison.com\/product\/stagbar-nexus-60000-60k-puffs-rechargeable-disposable-vape\/#primaryimage"},"thumbnailUrl":"https:\/\/vapemaison.com\/wp-content\/uploads\/2026\/04\/vapemaison-stagbar-nexus-60000-60k-puffs-main-image.webp","datePublished":"2026-04-01T09:43:35+00:00","dateModified":"2026-04-03T08:48:08+00:00","description":"Boutique Stagbar Nexus 60000 vape jetable avec jusqu'\u00e0 60 000 bouff\u00e9es, 50mL e-liquide, 0.9\u03a9 mesh coil, airflow r\u00e9glable, et batterie rechargeable.","breadcrumb":{"@id":"https:\/\/vapemaison.com\/product\/stagbar-nexus-60000-60k-puffs-rechargeable-disposable-vape\/#breadcrumb"},"inLanguage":"fr-FR","potentialAction":[{"@type":"ReadAction","target":["https:\/\/vapemaison.com\/product\/stagbar-nexus-60000-60k-puffs-rechargeable-disposable-vape\/"]}]},{"@type":"ImageObject","inLanguage":"fr-FR","@id":"https:\/\/vapemaison.com\/product\/stagbar-nexus-60000-60k-puffs-rechargeable-disposable-vape\/#primaryimage","url":"https:\/\/vapemaison.com\/wp-content\/uploads\/2026\/04\/vapemaison-stagbar-nexus-60000-60k-puffs-main-image.webp","contentUrl":"https:\/\/vapemaison.com\/wp-content\/uploads\/2026\/04\/vapemaison-stagbar-nexus-60000-60k-puffs-main-image.webp","width":2000,"height":2000,"caption":"Vapemaison Stagbar Nexus 60k Puffs Main Image"},{"@type":"BreadcrumbList","@id":"https:\/\/vapemaison.com\/product\/stagbar-nexus-60000-60k-puffs-rechargeable-disposable-vape\/#breadcrumb","itemListElement":[{"@type":"ListItem","position":1,"name":"\u9996\u9875","item":"https:\/\/vapemaison.com\/"},{"@type":"ListItem","position":2,"name":"Shop","item":"https:\/\/vapemaison.com\/shop\/"},{"@type":"ListItem","position":3,"name":"Stag Bar","item":"https:\/\/vapemaison.com\/brand\/stag-bar\/"},{"@type":"ListItem","position":4,"name":"Stagbar Nexus 60000 60K Puffs Rechargeable Disposable Vape"}]},{"@type":"WebSite","@id":"https:\/\/vapemaison.com\/#website","url":"https:\/\/vapemaison.com\/","name":"VapeMaison","description":"Appareils et accessoires de vapotage haut de gamme","publisher":{"@id":"https:\/\/vapemaison.com\/#organization"},"potentialAction":[{"@type":"SearchAction","target":{"@type":"EntryPoint","urlTemplate":"https:\/\/vapemaison.com\/?s={search_term_string}"},"query-input":{"@type":"PropertyValueSpecification","valueRequired":true,"valueName":"search_term_string"}}],"inLanguage":"fr-FR"},{"@type":"Organization","@id":"https:\/\/vapemaison.com\/#organization","name":"VapeMaison","url":"https:\/\/vapemaison.com\/","logo":{"@type":"ImageObject","inLanguage":"fr-FR","@id":"https:\/\/vapemaison.com\/#\/schema\/logo\/image\/","url":"https:\/\/vapemaison.com\/wp-content\/uploads\/2026\/01\/cropped-vapemaison-logo-g-2026.webp","contentUrl":"https:\/\/vapemaison.com\/wp-content\/uploads\/2026\/01\/cropped-vapemaison-logo-g-2026.webp","width":350,"height":280,"caption":"VapeMaison"},"image":{"@id":"https:\/\/vapemaison.com\/#\/schema\/logo\/image\/"},"sameAs":["https:\/\/www.youtube.com\/@VapeMaison"]}]}},"tiered_pricing_type":"fixed","tiered_pricing_fixed_rules":{"30":"11.78","50":"10.99","100":"10.69","200":"10.12"},"tiered_pricing_product_settings":{"layout":"default","base_unit_name":{"singular":null,"plural":null},"default_variation":null},"tiered_pricing_minimum_quantity":10,"tiered_pricing_roles_data":[],"tiered_pricing_percentage_rules":[],"tiered_pricing_maximum_quantity":null,"tiered_pricing_quantity_step":"10","_links":{"self":[{"href":"https:\/\/vapemaison.com\/fr\/wp-json\/wp\/v2\/product\/28674","targetHints":{"allow":["GET"]}}],"collection":[{"href":"https:\/\/vapemaison.com\/fr\/wp-json\/wp\/v2\/product"}],"about":[{"href":"https:\/\/vapemaison.com\/fr\/wp-json\/wp\/v2\/types\/product"}],"replies":[{"embeddable":true,"href":"https:\/\/vapemaison.com\/fr\/wp-json\/wp\/v2\/comments?post=28674"}],"version-history":[{"count":4,"href":"https:\/\/vapemaison.com\/fr\/wp-json\/wp\/v2\/product\/28674\/revisions"}],"predecessor-version":[{"id":28904,"href":"https:\/\/vapemaison.com\/fr\/wp-json\/wp\/v2\/product\/28674\/revisions\/28904"}],"wp:featuredmedia":[{"embeddable":true,"href":"https:\/\/vapemaison.com\/fr\/wp-json\/wp\/v2\/media\/28678"}],"wp:attachment":[{"href":"https:\/\/vapemaison.com\/fr\/wp-json\/wp\/v2\/media?parent=28674"}],"wp:term":[{"taxonomy":"product_brand","embeddable":true,"href":"https:\/\/vapemaison.com\/fr\/wp-json\/wp\/v2\/product_brand?post=28674"},{"taxonomy":"product_cat","embeddable":true,"href":"https:\/\/vapemaison.com\/fr\/wp-json\/wp\/v2\/product_cat?post=28674"},{"taxonomy":"product_tag","embeddable":true,"href":"https:\/\/vapemaison.com\/fr\/wp-json\/wp\/v2\/product_tag?post=28674"}],"curies":[{"name":"wp","href":"https:\/\/api.w.org\/{rel}","templated":true}]}}