{"id":28813,"date":"2026-04-02T08:12:20","date_gmt":"2026-04-02T08:12:20","guid":{"rendered":"https:\/\/vapemaison.com\/?post_type=product&#038;p=28813"},"modified":"2026-04-03T08:38:22","modified_gmt":"2026-04-03T08:38:22","slug":"stag-bar-pulse-35000-rechargeable-jetable-vape-avec-affichage-led","status":"publish","type":"product","link":"https:\/\/vapemaison.com\/fr\/product\/stag-bar-pulse-35000-rechargeable-disposable-vape-with-led-display\/","title":{"rendered":"Stag Bar Pulse 35000 - Vape jetable rechargeable avec \u00e9cran LED"},"content":{"rendered":"<p>Le <strong>Stag Bar Pulse 35000 (35K Puffs)<\/strong> est con\u00e7u pour offrir une combinaison \u00e9quilibr\u00e9e de performances, de clart\u00e9 des ar\u00f4mes et de contr\u00f4le par l'utilisateur. Dans le cadre du programme officiel <strong><a href=\"https:\/\/vapemaison.com\/brand\/stag-bar\/\" type=\"link\" id=\"https:\/\/vapemaison.com\/brand\/stag-bar\/\">Stag Bar<\/a><\/strong> Cet appareil refl\u00e8te l'importance accord\u00e9e par la marque \u00e0 l'innovation et \u00e0 la fiabilit\u00e9. Vous pouvez d\u00e9couvrir d'autres produits sur le site <strong><a href=\"https:\/\/vapemaison.com\/brand\/stag-bar\/\" type=\"link\" id=\"https:\/\/vapemaison.com\/brand\/stag-bar\/\">Page de la marque Stag Bar<\/a><\/strong>.<\/p>\n\n\n\n<p>Avec un <strong>Capacit\u00e9 de 30 ml d'e-liquide<\/strong> et un <strong>Batterie rechargeable de 750mAh<\/strong>, Gr\u00e2ce \u00e0 cette technologie, l'appareil garantit une production r\u00e9guli\u00e8re et des performances fiables tout au long de son cycle d'utilisation. L'ajout de <strong>Chargement rapide de type C<\/strong> permet une recharge rapide et pratique en cas de besoin.<\/p>\n\n\n\n<h3 class=\"wp-block-heading\">Performance et exp\u00e9rience de l'utilisateur<\/h3>\n\n\n\n<p>\u00c9quip\u00e9 d'un <strong>Bobine \u00e0 mailles de 1,0\u03a9<\/strong>, Le Pulse 35000 est con\u00e7u pour fournir.. :<\/p>\n\n\n\n<ul class=\"wp-block-list\">\n<li>D\u00e9livrance de vapeur douce et homog\u00e8ne<\/li>\n\n\n\n<li>Meilleure d\u00e9finition des ar\u00f4mes<\/li>\n\n\n\n<li>Effet de gorge \u00e9quilibr\u00e9 convenant \u00e0 une utilisation quotidienne<\/li>\n<\/ul>\n\n\n\n<p>Le <strong>syst\u00e8me de d\u00e9bit d'air r\u00e9glable<\/strong> permet aux utilisateurs de personnaliser leur tirage, qu'ils pr\u00e9f\u00e8rent une inhalation plus serr\u00e9e ou un flux d'air plus ouvert, offrant ainsi une flexibilit\u00e9 pour diff\u00e9rents styles de vapotage.<\/p>\n\n\n\n<h3 class=\"wp-block-heading\">Affichage intelligent et commodit\u00e9<\/h3>\n\n\n\n<p>Le <strong>affichage LED complet<\/strong> am\u00e9liore la facilit\u00e9 d'utilisation en montrant :<\/p>\n\n\n\n<ul class=\"wp-block-list\">\n<li>Niveau de batterie en temps r\u00e9el<\/li>\n\n\n\n<li>Statut des e-liquides restants<\/li>\n<\/ul>\n\n\n\n<p>Cela permet de mieux planifier l'utilisation et d'\u00e9viter les interruptions inattendues. Associ\u00e9 \u00e0 son design \u00e9pur\u00e9, l'appareil est \u00e0 la fois pratique et facile \u00e0 utiliser.<\/p>\n\n\n\n<h3 class=\"wp-block-heading\">Sp\u00e9cifications<\/h3>\n\n\n\n<figure class=\"wp-block-table\"><table class=\"has-fixed-layout\"><thead><tr><th>Sp\u00e9cifications<\/th><th>D\u00e9tails<\/th><\/tr><\/thead><tbody><tr><td>Nombre de bouff\u00e9es<\/td><td>Jusqu'\u00e0 35 000 bouff\u00e9es<\/td><\/tr><tr><td>Capacit\u00e9 en e-liquide<\/td><td>30 ml<\/td><\/tr><tr><td>Intensit\u00e9 de la nicotine<\/td><td>2% \/ 5% <em>(le cas \u00e9ch\u00e9ant)<\/em><\/td><\/tr><tr><td>Type de bobine<\/td><td>1.0\u03a9 Mesh Coil<\/td><\/tr><tr><td>Batterie<\/td><td>750mAh Rechargeable<\/td><\/tr><tr><td>Affichage<\/td><td>Affichage LED (Batterie et E-Liquide)<\/td><\/tr><tr><td>D\u00e9bit d'air<\/td><td>R\u00e9glable<\/td><\/tr><tr><td>Port de charge<\/td><td>Type-C<\/td><\/tr><tr><td>Options de saveurs<\/td><td>16 saveurs<\/td><\/tr><tr><td>Emballage<\/td><td>10 pi\u00e8ces \/ bo\u00eete<\/td><\/tr><\/tbody><\/table><\/figure>\n\n\n\n<h3 class=\"wp-block-heading\">Saveurs disponibles<\/h3>\n\n\n\n<ul class=\"wp-block-list\">\n<li>Glace \u00e0 la past\u00e8que<\/li>\n\n\n\n<li>Myrtille Framboise<\/li>\n\n\n\n<li>Glace aux myrtilles<\/li>\n\n\n\n<li>Glace aux pommes rouges<\/li>\n\n\n\n<li>Glace \u00e0 la fraise<\/li>\n\n\n\n<li>Fraise Kiwi<\/li>\n\n\n\n<li>Glace Blue Razz<\/li>\n\n\n\n<li>Cerise p\u00e9tillante<\/li>\n\n\n\n<li>Past\u00e8que \u00e0 la fraise<\/li>\n\n\n\n<li>P\u00eache Mangue Past\u00e8que<\/li>\n\n\n\n<li>Citron vert<\/li>\n\n\n\n<li>Cola Ice<\/li>\n\n\n\n<li>Mamba blanc<\/li>\n\n\n\n<li>Glace du dragon noir<\/li>\n\n\n\n<li>Hawa\u00ef<\/li>\n\n\n\n<li>Limonade Blue Rasp<\/li>\n<\/ul>\n\n\n\n<p>Chaque ar\u00f4me est formul\u00e9 pour offrir une <strong>\u00e9quilibre parfait entre la douceur, l'intensit\u00e9 du fruit et les notes rafra\u00eechissantes<\/strong>, La Commission europ\u00e9enne a mis en place un syst\u00e8me de gestion de l'information qui permet d'offrir une exp\u00e9rience coh\u00e9rente et agr\u00e9able en fonction des pr\u00e9f\u00e9rences de chacun.<\/p>\n\n\n\n<h3 class=\"wp-block-heading\">Pourquoi choisir le Stag Bar Pulse 35000 ?<\/h3>\n\n\n\n<ul class=\"wp-block-list\">\n<li><strong>Une performance \u00e9quilibr\u00e9e<\/strong> - 35K bouff\u00e9es avec une sortie stable<\/li>\n\n\n\n<li><strong>Am\u00e9lioration de la diffusion des ar\u00f4mes<\/strong> - La bobine en maille am\u00e9liore la clart\u00e9 du go\u00fbt<\/li>\n\n\n\n<li><strong>Contr\u00f4le de l'utilisateur<\/strong> - Flux d'air r\u00e9glable pour un tirage personnalis\u00e9<\/li>\n\n\n\n<li><strong>Surveillance intelligente<\/strong> - Affichage LED pour un statut en temps r\u00e9el<\/li>\n\n\n\n<li><strong>Conception rechargeable<\/strong> - Chargement pratique de type C<\/li>\n\n\n\n<li><strong>Large choix d'ar\u00f4mes<\/strong> - 16 options pour r\u00e9pondre aux diff\u00e9rents go\u00fbts<\/li>\n<\/ul>","protected":false},"excerpt":{"rendered":"<p>35 000 bouff\u00e9es avec 30 ml d'e-liquide, bobine en maille, d\u00e9bit d'air r\u00e9glable et affichage LED pour un vapotage fluide et contr\u00f4l\u00e9.<\/p>","protected":false},"featured_media":28820,"comment_status":"open","ping_status":"closed","template":"","meta":{"googlesitekit_rrm_CAow8MHCDA:productID":""},"product_brand":[320],"product_cat":[],"product_tag":[],"class_list":{"0":"post-28813","1":"product","2":"type-product","3":"status-publish","4":"has-post-thumbnail","6":"product_brand-stag-bar","8":"first","9":"instock","10":"sale","11":"shipping-taxable","12":"purchasable","13":"product-type-variable"},"yoast_head":"<!-- This site is optimized with the Yoast SEO plugin v27.3 - https:\/\/yoast.com\/product\/yoast-seo-wordpress\/ -->\n<title>Stag Bar Pulse 35000 Disposable Vape \u2013 35K Puffs<\/title>\n<meta name=\"description\" content=\"Shop Stag Bar Pulse 35000 disposable vape with up to 35,000 puffs, 30mL e-liquid, mesh coi. Smooth and consistent performance with 16 flavors.\" \/>\n<meta name=\"robots\" content=\"index, follow, max-snippet:-1, max-image-preview:large, max-video-preview:-1\" \/>\n<link rel=\"canonical\" href=\"https:\/\/vapemaison.com\/fr\/produit\/stag-bar-pulse-35000-rechargeable-jetable-vape-avec-affichage-led\/\" \/>\n<meta property=\"og:locale\" content=\"fr_FR\" \/>\n<meta property=\"og:type\" content=\"article\" \/>\n<meta property=\"og:title\" content=\"Stag Bar Pulse 35000 Disposable Vape \u2013 35K Puffs\" \/>\n<meta property=\"og:description\" content=\"Shop Stag Bar Pulse 35000 disposable vape with up to 35,000 puffs, 30mL e-liquid, mesh coi. Smooth and consistent performance with 16 flavors.\" \/>\n<meta property=\"og:url\" content=\"https:\/\/vapemaison.com\/fr\/produit\/stag-bar-pulse-35000-rechargeable-jetable-vape-avec-affichage-led\/\" \/>\n<meta property=\"og:site_name\" content=\"VapeMaison\" \/>\n<meta property=\"article:modified_time\" content=\"2026-04-03T08:38:22+00:00\" \/>\n<meta property=\"og:image\" content=\"https:\/\/vapemaison.com\/wp-content\/uploads\/2026\/04\/vapemaison-stag-bar-pulse-35k-main-picture.webp\" \/>\n\t<meta property=\"og:image:width\" content=\"1600\" \/>\n\t<meta property=\"og:image:height\" content=\"1600\" \/>\n\t<meta property=\"og:image:type\" content=\"image\/webp\" \/>\n<meta name=\"twitter:card\" content=\"summary_large_image\" \/>\n<meta name=\"twitter:label1\" content=\"Dur\u00e9e de lecture estim\u00e9e\" \/>\n\t<meta name=\"twitter:data1\" content=\"2 minutes\" \/>\n<!-- \/ Yoast SEO plugin. -->","yoast_head_json":{"title":"Stag Bar Pulse 35000 Vape jetable - 35K bouff\u00e9es","description":"Shop Stag Bar Pulse 35000 vape jetable avec jusqu'\u00e0 35 000 bouff\u00e9es, 30mL e-liquide, mesh coi. Performances douces et constantes avec 16 saveurs.","robots":{"index":"index","follow":"follow","max-snippet":"max-snippet:-1","max-image-preview":"max-image-preview:large","max-video-preview":"max-video-preview:-1"},"canonical":"https:\/\/vapemaison.com\/fr\/produit\/stag-bar-pulse-35000-rechargeable-jetable-vape-avec-affichage-led\/","og_locale":"fr_FR","og_type":"article","og_title":"Stag Bar Pulse 35000 Disposable Vape \u2013 35K Puffs","og_description":"Shop Stag Bar Pulse 35000 disposable vape with up to 35,000 puffs, 30mL e-liquid, mesh coi. Smooth and consistent performance with 16 flavors.","og_url":"https:\/\/vapemaison.com\/fr\/produit\/stag-bar-pulse-35000-rechargeable-jetable-vape-avec-affichage-led\/","og_site_name":"VapeMaison","article_modified_time":"2026-04-03T08:38:22+00:00","og_image":[{"width":1600,"height":1600,"url":"https:\/\/vapemaison.com\/wp-content\/uploads\/2026\/04\/vapemaison-stag-bar-pulse-35k-main-picture.webp","type":"image\/webp"}],"twitter_card":"summary_large_image","twitter_misc":{"Dur\u00e9e de lecture estim\u00e9e":"2 minutes"},"schema":{"@context":"https:\/\/schema.org","@graph":[{"@type":"WebPage","@id":"https:\/\/vapemaison.com\/product\/stag-bar-pulse-35000-rechargeable-disposable-vape-with-led-display\/","url":"https:\/\/vapemaison.com\/product\/stag-bar-pulse-35000-rechargeable-disposable-vape-with-led-display\/","name":"Stag Bar Pulse 35000 Vape jetable - 35K bouff\u00e9es","isPartOf":{"@id":"https:\/\/vapemaison.com\/#website"},"primaryImageOfPage":{"@id":"https:\/\/vapemaison.com\/product\/stag-bar-pulse-35000-rechargeable-disposable-vape-with-led-display\/#primaryimage"},"image":{"@id":"https:\/\/vapemaison.com\/product\/stag-bar-pulse-35000-rechargeable-disposable-vape-with-led-display\/#primaryimage"},"thumbnailUrl":"https:\/\/vapemaison.com\/wp-content\/uploads\/2026\/04\/vapemaison-stag-bar-pulse-35k-main-picture.webp","datePublished":"2026-04-02T08:12:20+00:00","dateModified":"2026-04-03T08:38:22+00:00","description":"Shop Stag Bar Pulse 35000 vape jetable avec jusqu'\u00e0 35 000 bouff\u00e9es, 30mL e-liquide, mesh coi. Performances douces et constantes avec 16 saveurs.","breadcrumb":{"@id":"https:\/\/vapemaison.com\/product\/stag-bar-pulse-35000-rechargeable-disposable-vape-with-led-display\/#breadcrumb"},"inLanguage":"fr-FR","potentialAction":[{"@type":"ReadAction","target":["https:\/\/vapemaison.com\/product\/stag-bar-pulse-35000-rechargeable-disposable-vape-with-led-display\/"]}]},{"@type":"ImageObject","inLanguage":"fr-FR","@id":"https:\/\/vapemaison.com\/product\/stag-bar-pulse-35000-rechargeable-disposable-vape-with-led-display\/#primaryimage","url":"https:\/\/vapemaison.com\/wp-content\/uploads\/2026\/04\/vapemaison-stag-bar-pulse-35k-main-picture.webp","contentUrl":"https:\/\/vapemaison.com\/wp-content\/uploads\/2026\/04\/vapemaison-stag-bar-pulse-35k-main-picture.webp","width":1600,"height":1600,"caption":"vapemaison-stag-bar-pulse-35k-main-picture"},{"@type":"BreadcrumbList","@id":"https:\/\/vapemaison.com\/product\/stag-bar-pulse-35000-rechargeable-disposable-vape-with-led-display\/#breadcrumb","itemListElement":[{"@type":"ListItem","position":1,"name":"\u9996\u9875","item":"https:\/\/vapemaison.com\/"},{"@type":"ListItem","position":2,"name":"Shop","item":"https:\/\/vapemaison.com\/shop\/"},{"@type":"ListItem","position":3,"name":"Stag Bar","item":"https:\/\/vapemaison.com\/brand\/stag-bar\/"},{"@type":"ListItem","position":4,"name":"Stag Bar Pulse 35000 \u2013 Rechargeable Disposable Vape with LED Display"}]},{"@type":"WebSite","@id":"https:\/\/vapemaison.com\/#website","url":"https:\/\/vapemaison.com\/","name":"VapeMaison","description":"Appareils et accessoires de vapotage haut de gamme","publisher":{"@id":"https:\/\/vapemaison.com\/#organization"},"potentialAction":[{"@type":"SearchAction","target":{"@type":"EntryPoint","urlTemplate":"https:\/\/vapemaison.com\/?s={search_term_string}"},"query-input":{"@type":"PropertyValueSpecification","valueRequired":true,"valueName":"search_term_string"}}],"inLanguage":"fr-FR"},{"@type":"Organization","@id":"https:\/\/vapemaison.com\/#organization","name":"VapeMaison","url":"https:\/\/vapemaison.com\/","logo":{"@type":"ImageObject","inLanguage":"fr-FR","@id":"https:\/\/vapemaison.com\/#\/schema\/logo\/image\/","url":"https:\/\/vapemaison.com\/wp-content\/uploads\/2026\/01\/cropped-vapemaison-logo-g-2026.webp","contentUrl":"https:\/\/vapemaison.com\/wp-content\/uploads\/2026\/01\/cropped-vapemaison-logo-g-2026.webp","width":350,"height":280,"caption":"VapeMaison"},"image":{"@id":"https:\/\/vapemaison.com\/#\/schema\/logo\/image\/"},"sameAs":["https:\/\/www.youtube.com\/@VapeMaison"]}]}},"tiered_pricing_type":"fixed","tiered_pricing_fixed_rules":{"30":"11.42","50":"10.99","100":"10.56","200":"9.99"},"tiered_pricing_product_settings":{"layout":"default","base_unit_name":{"singular":null,"plural":null},"default_variation":null},"tiered_pricing_minimum_quantity":10,"tiered_pricing_roles_data":[],"tiered_pricing_percentage_rules":[],"tiered_pricing_maximum_quantity":null,"tiered_pricing_quantity_step":"10","_links":{"self":[{"href":"https:\/\/vapemaison.com\/fr\/wp-json\/wp\/v2\/product\/28813","targetHints":{"allow":["GET"]}}],"collection":[{"href":"https:\/\/vapemaison.com\/fr\/wp-json\/wp\/v2\/product"}],"about":[{"href":"https:\/\/vapemaison.com\/fr\/wp-json\/wp\/v2\/types\/product"}],"replies":[{"embeddable":true,"href":"https:\/\/vapemaison.com\/fr\/wp-json\/wp\/v2\/comments?post=28813"}],"version-history":[{"count":6,"href":"https:\/\/vapemaison.com\/fr\/wp-json\/wp\/v2\/product\/28813\/revisions"}],"predecessor-version":[{"id":28896,"href":"https:\/\/vapemaison.com\/fr\/wp-json\/wp\/v2\/product\/28813\/revisions\/28896"}],"wp:featuredmedia":[{"embeddable":true,"href":"https:\/\/vapemaison.com\/fr\/wp-json\/wp\/v2\/media\/28820"}],"wp:attachment":[{"href":"https:\/\/vapemaison.com\/fr\/wp-json\/wp\/v2\/media?parent=28813"}],"wp:term":[{"taxonomy":"product_brand","embeddable":true,"href":"https:\/\/vapemaison.com\/fr\/wp-json\/wp\/v2\/product_brand?post=28813"},{"taxonomy":"product_cat","embeddable":true,"href":"https:\/\/vapemaison.com\/fr\/wp-json\/wp\/v2\/product_cat?post=28813"},{"taxonomy":"product_tag","embeddable":true,"href":"https:\/\/vapemaison.com\/fr\/wp-json\/wp\/v2\/product_tag?post=28813"}],"curies":[{"name":"wp","href":"https:\/\/api.w.org\/{rel}","templated":true}]}}