

{"id":29047,"date":"2026-04-07T09:58:49","date_gmt":"2026-04-07T09:58:49","guid":{"rendered":"https:\/\/vapemaison.com\/?post_type=product&#038;p=29047"},"modified":"2026-04-08T03:21:28","modified_gmt":"2026-04-08T03:21:28","slug":"waspe-bar-60k-vape-60k-puffs-36ml-rechargeable-avec-ecran-led","status":"publish","type":"product","link":"https:\/\/vapemaison.com\/fr\/product\/waspe-bar-60k-vape-60k-puffs-36ml-rechargeable-vape-with-led-display\/","title":{"rendered":"Waspe Bar 60K Vape | 60k Puffs 36ml Vape rechargeable avec \u00e9cran LED"},"content":{"rendered":"<figure class=\"wp-block-image size-large has-custom-border wp-duotone-unset-1\"><a href=\"https:\/\/vapemaison.com\/wp-content\/uploads\/2026\/04\/waspe-bar-60000-puffs-new-vape-banner-scaled.webp\"><img fetchpriority=\"high\" decoding=\"async\" width=\"1024\" height=\"576\" src=\"https:\/\/vapemaison.com\/wp-content\/uploads\/2026\/04\/waspe-bar-60000-puffs-new-vape-banner-1024x576.webp\" alt=\"waspe-bar-60000-puffs-new-vape-banner\" class=\"wp-image-29048\" style=\"border-top-left-radius:10px;border-top-right-radius:10px;border-bottom-left-radius:10px;border-bottom-right-radius:10px\" srcset=\"https:\/\/vapemaison.com\/wp-content\/uploads\/2026\/04\/waspe-bar-60000-puffs-new-vape-banner-1024x576.webp 1024w, https:\/\/vapemaison.com\/wp-content\/uploads\/2026\/04\/waspe-bar-60000-puffs-new-vape-banner-300x169.webp 300w, https:\/\/vapemaison.com\/wp-content\/uploads\/2026\/04\/waspe-bar-60000-puffs-new-vape-banner-768x432.webp 768w, https:\/\/vapemaison.com\/wp-content\/uploads\/2026\/04\/waspe-bar-60000-puffs-new-vape-banner-1536x864.webp 1536w, https:\/\/vapemaison.com\/wp-content\/uploads\/2026\/04\/waspe-bar-60000-puffs-new-vape-banner-2048x1152.webp 2048w, https:\/\/vapemaison.com\/wp-content\/uploads\/2026\/04\/waspe-bar-60000-puffs-new-vape-banner-18x10.webp 18w, https:\/\/vapemaison.com\/wp-content\/uploads\/2026\/04\/waspe-bar-60000-puffs-new-vape-banner-990x557.webp 990w, https:\/\/vapemaison.com\/wp-content\/uploads\/2026\/04\/waspe-bar-60000-puffs-new-vape-banner-441x248.webp 441w, https:\/\/vapemaison.com\/wp-content\/uploads\/2026\/04\/waspe-bar-60000-puffs-new-vape-banner-800x450.webp 800w, https:\/\/vapemaison.com\/wp-content\/uploads\/2026\/04\/waspe-bar-60000-puffs-new-vape-banner-150x84.webp 150w\" sizes=\"(max-width: 1024px) 100vw, 1024px\" \/><\/a><\/figure>\n\n\n\n<p>Le <strong>Waspe Bar 60K Vape jetable<\/strong> est con\u00e7u pour les utilisateurs qui exigent \u00e0 la fois long\u00e9vit\u00e9 et performances constantes. Fournissant jusqu'\u00e0 <strong>60 000 bouff\u00e9es<\/strong> et qui dispose d'un grand <strong>Capacit\u00e9 de 36ml d'e-liquide pr\u00e9-rempli<\/strong>, Cet appareil est con\u00e7u pour offrir une exp\u00e9rience de vapotage prolong\u00e9e et ininterrompue.<\/p>\n\n\n\n<p>Con\u00e7ue dans un souci de polyvalence, elle offre de multiples possibilit\u00e9s d'utilisation. <strong>options de taux de nicotine (0%, 2% et 5%)<\/strong>, Il convient donc \u00e0 un large \u00e9ventail d'utilisateurs, qu'il s'agisse de vapoteurs occasionnels ou de personnes \u00e0 la recherche d'un effet plus puissant. Le syst\u00e8me de vaporisation <strong>Batterie rechargeable de 650mAh<\/strong> combin\u00e9e \u00e0 une <strong>Port de charge de type C<\/strong> garantit une alimentation stable et une recharge rapide et pratique.<\/p>\n\n\n\n<p>L'une des caract\u00e9ristiques les plus remarquables est le <strong>\u00e9cran LED intelligent<\/strong>, permettant aux utilisateurs de surveiller facilement l'\u00e9tat de la batterie et de garder un contr\u00f4le total sur leur appareil. Associ\u00e9 \u00e0 une s\u00e9lection vari\u00e9e de <strong>saveurs inspir\u00e9es des fruits, de la glace et des boissons<\/strong>, Le Waspe Bar 60K offre un go\u00fbt doux et constant \u00e0 chaque bouff\u00e9e.<\/p>\n\n\n\n<p>Con\u00e7u pour les deux <strong>l'attrait du commerce de d\u00e9tail et l'efficacit\u00e9 du commerce de gros<\/strong>, Chaque parfum est pr\u00e9sent\u00e9 dans un <strong>Bo\u00eete de pr\u00e9sentation de 10 pi\u00e8ces<\/strong>, ce qui en fait un excellent choix pour les distributeurs et les boutiques de vapotage.<\/p>\n\n\n\n<h2 class=\"wp-block-heading\">Caract\u00e9ristiques principales<\/h2>\n\n\n\n<ul class=\"wp-block-list\">\n<li><strong>Jusqu'\u00e0 60 000 bouff\u00e9es<\/strong> - Performance durable<\/li>\n\n\n\n<li><strong>36ml E-liquide pr\u00e9-rempli<\/strong> - Utilisation prolong\u00e9e sans recharge<\/li>\n\n\n\n<li><strong>Batterie rechargeable 650mAh<\/strong> - Une alimentation stable et fiable<\/li>\n\n\n\n<li><strong>Chargement de type C<\/strong> - Recharge rapide et pratique<\/li>\n\n\n\n<li><strong>\u00c9cran LED intelligent<\/strong> - Surveillance facile de la batterie<\/li>\n\n\n\n<li><strong>Options de nicotine multiples<\/strong> - 0%, 2%, 5%<\/li>\n\n\n\n<li><strong>Emballage pr\u00eat pour la vente au d\u00e9tail<\/strong> - 10 pi\u00e8ces par bo\u00eete de pr\u00e9sentation des ar\u00f4mes<\/li>\n<\/ul>\n\n\n\n<h2 class=\"wp-block-heading\">Sp\u00e9cifications<\/h2>\n\n\n\n<figure class=\"wp-block-table\"><table class=\"has-fixed-layout\"><thead><tr><th>Sp\u00e9cifications<\/th><th>D\u00e9tails<\/th><\/tr><\/thead><tbody><tr><td>Nombre de bouff\u00e9es<\/td><td>Jusqu'\u00e0 60 000 bouff\u00e9es<\/td><\/tr><tr><td>Capacit\u00e9 en e-liquide<\/td><td>36ml<\/td><\/tr><tr><td>Intensit\u00e9 de la nicotine<\/td><td>0% \/ 2% \/ 5%<\/td><\/tr><tr><td>Capacit\u00e9 de la batterie<\/td><td>650mAh<\/td><\/tr><tr><td>Port de charge<\/td><td>Type-C<\/td><\/tr><tr><td>Affichage<\/td><td>\u00c9cran LED intelligent<\/td><\/tr><tr><td>Type d'appareil<\/td><td>Jetable (rechargeable)<\/td><\/tr><tr><td>Emballage<\/td><td>10 pi\u00e8ces \/ bo\u00eete de pr\u00e9sentation des ar\u00f4mes<\/td><\/tr><\/tbody><\/table><\/figure>\n\n\n\n<h2 class=\"wp-block-heading\">Saveur<\/h2>\n\n\n\n<div class=\"wp-block-buttons is-layout-flex wp-block-buttons-is-layout-flex\">\n<div class=\"wp-block-button\"><a class=\"wp-block-button__link wp-element-button\">1. glace \u00e0 la past\u00e8que<\/a><\/div>\n\n\n\n<div class=\"wp-block-button\"><a class=\"wp-block-button__link wp-element-button\">2. glace aux myrtilles<\/a><\/div>\n\n\n\n<div class=\"wp-block-button\"><a class=\"wp-block-button__link wp-element-button\">3. glace de raisin<\/a><\/div>\n\n\n\n<div class=\"wp-block-button\"><a class=\"wp-block-button__link wp-element-button\">4. citron vert<\/a><\/div>\n\n\n\n<div class=\"wp-block-button\"><a class=\"wp-block-button__link wp-element-button\">5. banane fraise<\/a><\/div>\n\n\n\n<div class=\"wp-block-button\"><a class=\"wp-block-button__link wp-element-button\">6.baies m\u00e9lang\u00e9es<\/a><\/div>\n\n\n\n<div class=\"wp-block-button\"><a class=\"wp-block-button__link wp-element-button\">7. le Red Bull Ice<\/a><\/div>\n\n\n\n<div class=\"wp-block-button\"><a class=\"wp-block-button__link wp-element-button\">8. past\u00e8que \u00e0 la fraise<\/a><\/div>\n\n\n\n<div class=\"wp-block-button\"><a class=\"wp-block-button__link wp-element-button\">9.myrtille framboise cerise<\/a><\/div>\n\n\n\n<div class=\"wp-block-button\"><a class=\"wp-block-button__link wp-element-button\">10. fraise kiwi<\/a><\/div>\n\n\n\n<div class=\"wp-block-button\"><a class=\"wp-block-button__link wp-element-button\">11.p\u00eache mangue ananas<\/a><\/div>\n\n\n\n<div class=\"wp-block-button\"><a class=\"wp-block-button__link wp-element-button\">12. past\u00e8que kiwi<\/a><\/div>\n\n\n\n<div class=\"wp-block-button\"><a class=\"wp-block-button__link wp-element-button\">13.m\u00fbre cassis<\/a><\/div>\n\n\n\n<div class=\"wp-block-button\"><a class=\"wp-block-button__link wp-element-button\">14.Strawberry Black Dragon Ice<\/a><\/div>\n\n\n\n<div class=\"wp-block-button\"><a class=\"wp-block-button__link wp-element-button\">15.Cola Cerise Bleue<\/a><\/div>\n\n\n\n<div class=\"wp-block-button\"><a class=\"wp-block-button__link wp-element-button\">16. glace au melon et au kiwi<\/a><\/div>\n<\/div>\n\n\n\n<figure class=\"wp-block-image size-large\"><a href=\"https:\/\/vapemaison.com\/wp-content\/uploads\/2026\/04\/waspe-bar-60000-puffs-new-vape-flavor-list-scaled.webp\"><img decoding=\"async\" width=\"876\" height=\"1024\" src=\"https:\/\/vapemaison.com\/wp-content\/uploads\/2026\/04\/waspe-bar-60000-puffs-new-vape-flavor-list-876x1024.webp\" alt=\"waspe-bar-60000-puffs-new-vape-flavor-list\" class=\"wp-image-29057\" srcset=\"https:\/\/vapemaison.com\/wp-content\/uploads\/2026\/04\/waspe-bar-60000-puffs-new-vape-flavor-list-876x1024.webp 876w, https:\/\/vapemaison.com\/wp-content\/uploads\/2026\/04\/waspe-bar-60000-puffs-new-vape-flavor-list-257x300.webp 257w, https:\/\/vapemaison.com\/wp-content\/uploads\/2026\/04\/waspe-bar-60000-puffs-new-vape-flavor-list-768x898.webp 768w, https:\/\/vapemaison.com\/wp-content\/uploads\/2026\/04\/waspe-bar-60000-puffs-new-vape-flavor-list-1314x1536.webp 1314w, https:\/\/vapemaison.com\/wp-content\/uploads\/2026\/04\/waspe-bar-60000-puffs-new-vape-flavor-list-1752x2048.webp 1752w, https:\/\/vapemaison.com\/wp-content\/uploads\/2026\/04\/waspe-bar-60000-puffs-new-vape-flavor-list-10x12.webp 10w, https:\/\/vapemaison.com\/wp-content\/uploads\/2026\/04\/waspe-bar-60000-puffs-new-vape-flavor-list-990x1157.webp 990w, https:\/\/vapemaison.com\/wp-content\/uploads\/2026\/04\/waspe-bar-60000-puffs-new-vape-flavor-list-441x515.webp 441w, https:\/\/vapemaison.com\/wp-content\/uploads\/2026\/04\/waspe-bar-60000-puffs-new-vape-flavor-list-800x935.webp 800w, https:\/\/vapemaison.com\/wp-content\/uploads\/2026\/04\/waspe-bar-60000-puffs-new-vape-flavor-list-150x175.webp 150w\" sizes=\"(max-width: 876px) 100vw, 876px\" \/><\/a><\/figure>","protected":false},"excerpt":{"rendered":"<p>The Waspe Bar 60K Disposable Vape is engineered for users who demand both longevity and consistent performance. Delivering up to 60,000 puffs and featuring a large 36ml pre-filled e-liquid capacity, this device is built to provide an extended and uninterrupted vaping experience. Designed with versatility in mind, it offers multiple nicotine strength options (0%, 2%, [&hellip;]<\/p>\n","protected":false},"featured_media":29053,"comment_status":"open","ping_status":"closed","template":"","meta":[],"product_brand":[59],"product_cat":[137],"product_tag":[],"class_list":{"0":"post-29047","1":"product","2":"type-product","3":"status-publish","4":"has-post-thumbnail","6":"product_brand-waspe","7":"product_cat-60k-puffs","9":"first","10":"instock","11":"sale","12":"shipping-taxable","13":"purchasable","14":"product-type-variable"},"yoast_head":"<!-- This site is optimized with the Yoast SEO plugin v27.4 - https:\/\/yoast.com\/product\/yoast-seo-wordpress\/ -->\n<title>Waspe Bar 60K Vape | 60k Puffs with LED Display<\/title>\n<meta name=\"description\" content=\"Buy Waspe Bar 60K disposable vape with up to 60k puffs, 36ml e-liquid, rechargeable 650mAh battery, and smart LED display.\" \/>\n<meta name=\"robots\" content=\"index, follow, max-snippet:-1, max-image-preview:large, max-video-preview:-1\" \/>\n<link rel=\"canonical\" href=\"https:\/\/vapemaison.com\/fr\/produit\/waspe-bar-60k-vape-60k-puffs-36ml-rechargeable-avec-ecran-led\/\" \/>\n<meta property=\"og:locale\" content=\"fr_FR\" \/>\n<meta property=\"og:type\" content=\"article\" \/>\n<meta property=\"og:title\" content=\"Waspe Bar 60K Vape | 60k Puffs with LED Display\" \/>\n<meta property=\"og:description\" content=\"Buy Waspe Bar 60K disposable vape with up to 60k puffs, 36ml e-liquid, rechargeable 650mAh battery, and smart LED display.\" \/>\n<meta property=\"og:url\" content=\"https:\/\/vapemaison.com\/fr\/produit\/waspe-bar-60k-vape-60k-puffs-36ml-rechargeable-avec-ecran-led\/\" \/>\n<meta property=\"og:site_name\" content=\"VapeMaison\" \/>\n<meta property=\"article:modified_time\" content=\"2026-04-08T03:21:28+00:00\" \/>\n<meta property=\"og:image\" content=\"https:\/\/vapemaison.com\/wp-content\/uploads\/2026\/04\/waspe-bar-60000-puffs-new-vape-flavor-grape-ice.webp\" \/>\n\t<meta property=\"og:image:width\" content=\"1200\" \/>\n\t<meta property=\"og:image:height\" content=\"1200\" \/>\n\t<meta property=\"og:image:type\" content=\"image\/webp\" \/>\n<meta name=\"twitter:card\" content=\"summary_large_image\" \/>\n<meta name=\"twitter:label1\" content=\"Dur\u00e9e de lecture estim\u00e9e\" \/>\n\t<meta name=\"twitter:data1\" content=\"2 minutes\" \/>\n<!-- \/ Yoast SEO plugin. -->","yoast_head_json":{"title":"Waspe Bar 60K Vape | 60k Puffs avec affichage LED","description":"Achetez la vape Waspe Bar 60K jetable avec jusqu'\u00e0 60k bouff\u00e9es, 36ml d'e-liquide, une batterie rechargeable de 650mAh, et un \u00e9cran LED intelligent.","robots":{"index":"index","follow":"follow","max-snippet":"max-snippet:-1","max-image-preview":"max-image-preview:large","max-video-preview":"max-video-preview:-1"},"canonical":"https:\/\/vapemaison.com\/fr\/produit\/waspe-bar-60k-vape-60k-puffs-36ml-rechargeable-avec-ecran-led\/","og_locale":"fr_FR","og_type":"article","og_title":"Waspe Bar 60K Vape | 60k Puffs with LED Display","og_description":"Buy Waspe Bar 60K disposable vape with up to 60k puffs, 36ml e-liquid, rechargeable 650mAh battery, and smart LED display.","og_url":"https:\/\/vapemaison.com\/fr\/produit\/waspe-bar-60k-vape-60k-puffs-36ml-rechargeable-avec-ecran-led\/","og_site_name":"VapeMaison","article_modified_time":"2026-04-08T03:21:28+00:00","og_image":[{"width":1200,"height":1200,"url":"https:\/\/vapemaison.com\/wp-content\/uploads\/2026\/04\/waspe-bar-60000-puffs-new-vape-flavor-grape-ice.webp","type":"image\/webp"}],"twitter_card":"summary_large_image","twitter_misc":{"Dur\u00e9e de lecture estim\u00e9e":"2 minutes"},"schema":{"@context":"https:\/\/schema.org","@graph":[{"@type":"WebPage","@id":"https:\/\/vapemaison.com\/product\/waspe-bar-60k-vape-60k-puffs-36ml-rechargeable-vape-with-led-display\/","url":"https:\/\/vapemaison.com\/product\/waspe-bar-60k-vape-60k-puffs-36ml-rechargeable-vape-with-led-display\/","name":"Waspe Bar 60K Vape | 60k Puffs avec affichage LED","isPartOf":{"@id":"https:\/\/vapemaison.com\/#website"},"primaryImageOfPage":{"@id":"https:\/\/vapemaison.com\/product\/waspe-bar-60k-vape-60k-puffs-36ml-rechargeable-vape-with-led-display\/#primaryimage"},"image":{"@id":"https:\/\/vapemaison.com\/product\/waspe-bar-60k-vape-60k-puffs-36ml-rechargeable-vape-with-led-display\/#primaryimage"},"thumbnailUrl":"https:\/\/vapemaison.com\/wp-content\/uploads\/2026\/04\/waspe-bar-60000-puffs-new-vape-flavor-grape-ice.webp","datePublished":"2026-04-07T09:58:49+00:00","dateModified":"2026-04-08T03:21:28+00:00","description":"Achetez la vape Waspe Bar 60K jetable avec jusqu'\u00e0 60k bouff\u00e9es, 36ml d'e-liquide, une batterie rechargeable de 650mAh, et un \u00e9cran LED intelligent.","breadcrumb":{"@id":"https:\/\/vapemaison.com\/product\/waspe-bar-60k-vape-60k-puffs-36ml-rechargeable-vape-with-led-display\/#breadcrumb"},"inLanguage":"fr-FR","potentialAction":[{"@type":"ReadAction","target":["https:\/\/vapemaison.com\/product\/waspe-bar-60k-vape-60k-puffs-36ml-rechargeable-vape-with-led-display\/"]}]},{"@type":"ImageObject","inLanguage":"fr-FR","@id":"https:\/\/vapemaison.com\/product\/waspe-bar-60k-vape-60k-puffs-36ml-rechargeable-vape-with-led-display\/#primaryimage","url":"https:\/\/vapemaison.com\/wp-content\/uploads\/2026\/04\/waspe-bar-60000-puffs-new-vape-flavor-grape-ice.webp","contentUrl":"https:\/\/vapemaison.com\/wp-content\/uploads\/2026\/04\/waspe-bar-60000-puffs-new-vape-flavor-grape-ice.webp","width":1200,"height":1200,"caption":"waspe-bar-60000-puffs-new-vape-flavor-grape-ice"},{"@type":"BreadcrumbList","@id":"https:\/\/vapemaison.com\/product\/waspe-bar-60k-vape-60k-puffs-36ml-rechargeable-vape-with-led-display\/#breadcrumb","itemListElement":[{"@type":"ListItem","position":1,"name":"\u9996\u9875","item":"https:\/\/vapemaison.com\/"},{"@type":"ListItem","position":2,"name":"Shop","item":"https:\/\/vapemaison.com\/shop\/"},{"@type":"ListItem","position":3,"name":"Waspe","item":"https:\/\/vapemaison.com\/brand\/waspe\/"},{"@type":"ListItem","position":4,"name":"Waspe Bar 60K Vape | 60k Puffs 36ml Rechargeable Vape with LED Display"}]},{"@type":"WebSite","@id":"https:\/\/vapemaison.com\/#website","url":"https:\/\/vapemaison.com\/","name":"VapeMaison","description":"Appareils et accessoires de vapotage haut de gamme","publisher":{"@id":"https:\/\/vapemaison.com\/#organization"},"potentialAction":[{"@type":"SearchAction","target":{"@type":"EntryPoint","urlTemplate":"https:\/\/vapemaison.com\/?s={search_term_string}"},"query-input":{"@type":"PropertyValueSpecification","valueRequired":true,"valueName":"search_term_string"}}],"inLanguage":"fr-FR"},{"@type":"Organization","@id":"https:\/\/vapemaison.com\/#organization","name":"VapeMaison","url":"https:\/\/vapemaison.com\/","logo":{"@type":"ImageObject","inLanguage":"fr-FR","@id":"https:\/\/vapemaison.com\/#\/schema\/logo\/image\/","url":"https:\/\/vapemaison.com\/wp-content\/uploads\/2026\/01\/cropped-vapemaison-logo-g-2026.webp","contentUrl":"https:\/\/vapemaison.com\/wp-content\/uploads\/2026\/01\/cropped-vapemaison-logo-g-2026.webp","width":350,"height":280,"caption":"VapeMaison"},"image":{"@id":"https:\/\/vapemaison.com\/#\/schema\/logo\/image\/"},"sameAs":["https:\/\/www.youtube.com\/@VapeMaison"]}]}},"tiered_pricing_type":"fixed","tiered_pricing_fixed_rules":{"100":"8.34","200":"7.99"},"tiered_pricing_product_settings":{"layout":"default","base_unit_name":{"singular":null,"plural":null},"default_variation":null},"tiered_pricing_minimum_quantity":50,"tiered_pricing_roles_data":[],"tiered_pricing_percentage_rules":[],"tiered_pricing_maximum_quantity":null,"tiered_pricing_quantity_step":null,"_links":{"self":[{"href":"https:\/\/vapemaison.com\/fr\/wp-json\/wp\/v2\/product\/29047","targetHints":{"allow":["GET"]}}],"collection":[{"href":"https:\/\/vapemaison.com\/fr\/wp-json\/wp\/v2\/product"}],"about":[{"href":"https:\/\/vapemaison.com\/fr\/wp-json\/wp\/v2\/types\/product"}],"replies":[{"embeddable":true,"href":"https:\/\/vapemaison.com\/fr\/wp-json\/wp\/v2\/comments?post=29047"}],"version-history":[{"count":1,"href":"https:\/\/vapemaison.com\/fr\/wp-json\/wp\/v2\/product\/29047\/revisions"}],"predecessor-version":[{"id":29114,"href":"https:\/\/vapemaison.com\/fr\/wp-json\/wp\/v2\/product\/29047\/revisions\/29114"}],"wp:featuredmedia":[{"embeddable":true,"href":"https:\/\/vapemaison.com\/fr\/wp-json\/wp\/v2\/media\/29053"}],"wp:attachment":[{"href":"https:\/\/vapemaison.com\/fr\/wp-json\/wp\/v2\/media?parent=29047"}],"wp:term":[{"taxonomy":"product_brand","embeddable":true,"href":"https:\/\/vapemaison.com\/fr\/wp-json\/wp\/v2\/product_brand?post=29047"},{"taxonomy":"product_cat","embeddable":true,"href":"https:\/\/vapemaison.com\/fr\/wp-json\/wp\/v2\/product_cat?post=29047"},{"taxonomy":"product_tag","embeddable":true,"href":"https:\/\/vapemaison.com\/fr\/wp-json\/wp\/v2\/product_tag?post=29047"}],"curies":[{"name":"wp","href":"https:\/\/api.w.org\/{rel}","templated":true}]}}