{"id":29184,"date":"2026-04-10T08:33:34","date_gmt":"2026-04-10T08:33:34","guid":{"rendered":"https:\/\/vapemaison.com\/?post_type=product&#038;p=29184"},"modified":"2026-04-11T09:09:03","modified_gmt":"2026-04-11T09:09:03","slug":"al-fakher-nic-salt-e-liquid-10ml-20mg-2-saveurs-multiples-disponibles","status":"publish","type":"product","link":"https:\/\/vapemaison.com\/fr\/product\/al-fakher-nic-salt-e-liquid-10ml-20mg-2-multiple-flavours-available\/","title":{"rendered":"Al Fakher Nic Salt E-Liquid 10ml 20mg (2%) - Plusieurs saveurs disponibles"},"content":{"rendered":"<p>D\u00e9couvrez la gamme haut de gamme de <strong><strong>Liquide Al Fakher<\/strong> E-liquides Nic Salt<\/strong>. Ces jus de vape sont con\u00e7us pour une satisfaction en douceur. De plus, ils offrent une saveur riche et authentique \u00e0 chaque bouff\u00e9e.<\/p>\n\n\n\n<p>Cette collection comprend de nombreux profils de saveurs diff\u00e9rents. Par exemple, vous pouvez appr\u00e9cier <strong>menthe rafra\u00eechissante, fruits glac\u00e9s et m\u00e9lange sucr\u00e9<\/strong>s. Il y a donc toujours une saveur qui correspond \u00e0 vos pr\u00e9f\u00e9rences.<\/p>\n\n\n\n<p>Chaque <strong>e-liquide<\/strong> utilise un ratio \u00e9quilibr\u00e9 50VG\/50PG. Ainsi, vous obtenez \u00e0 la fois une saveur forte et une vapeur douce. De plus, la formule garantit des performances constantes.<\/p>\n\n\n\n<p>Le <strong>le taux de nicotine est de 20 mg (2%)<\/strong> sel de nicotine. De ce fait, l'absorption de la nicotine est rapide et satisfaisante. En outre, il convient aux syst\u00e8mes de pods et aux dispositifs MTL.<\/p>\n\n\n\n<p>Que vous pr\u00e9f\u00e9riez les profils fruit\u00e9s, glac\u00e9s ou classiques, cette gamme offre une grande vari\u00e9t\u00e9. Vous pouvez donc facilement passer d'une saveur \u00e0 l'autre \u00e0 tout moment.<\/p>\n\n\n\n<h3 class=\"wp-block-heading\">Caract\u00e9ristiques principales<\/h3>\n\n\n\n<ul class=\"wp-block-list\">\n<li>Large gamme d'ar\u00f4mes populaires disponibles<\/li>\n\n\n\n<li>Flacon de 10 ml<\/li>\n\n\n\n<li>20mg (2%) de sel de nicotine<\/li>\n\n\n\n<li>D\u00e9livrance rapide et douce de la nicotine<\/li>\n\n\n\n<li>Rapport 50VG\/50PG pour une performance \u00e9quilibr\u00e9e<\/li>\n\n\n\n<li>Con\u00e7u pour les syst\u00e8mes \u00e0 dosettes et les appareils MTL<\/li>\n\n\n\n<li>Saveurs authentiques inspir\u00e9es de la shisha Al Fakher<\/li>\n<\/ul>\n\n\n\n<h3 class=\"wp-block-heading\">Saveurs disponibles<\/h3>\n\n\n\n<p>Cette collection comprend une s\u00e9lection vari\u00e9e de saveurs, telles que :<\/p>\n\n\n\n<p class=\"has-pale-pink-color has-text-color has-link-color wp-elements-8a05a1628708385c7669c7d98216b092\"><strong>Fruit\u00e9 et sucr\u00e9 :<br>GOMME MENTHE, GLACE AUX BAIES, GLACE AU CASSIS, LIMONADE BLUE RAZZ, GOMME AUX MYRTILLES, FIESTA AUX CERISES, PUNCH AUX FRAISES, M\u00c9LANGE DE BAIES, BLEU AUX BAIES<\/strong><\/p>\n\n\n\n<p class=\"has-vivid-green-cyan-color has-text-color has-link-color wp-elements-253015ea3756f77bdf6c12a41af5d5f4\"><strong>Frais et menthol\u00e9 :<br>MENTHE RAISIN, MENTHE CITRON, MENTHE CASSIS, MENTHE ORANGE, MENTHE VERTE, MENTHOL<\/strong><\/p>\n\n\n\n<p class=\"has-vivid-cyan-blue-color has-text-color has-link-color wp-elements-bebf0fafe554d32a22f7a47e8f071895\"><strong>Glacial et froid :<br>GLACE LUXURIANTE, GLACE P\u00caCHE, GLACE ANANAS, GLACE CERISE<\/strong><\/p>\n\n\n\n<p class=\"has-luminous-vivid-orange-color has-text-color has-link-color wp-elements-e5f777c7e4d8d63384bb659078b67d0c\"><strong>Exotique et m\u00e9langes :<br>MAGIC LOVE, SPACE DREAM, HUBBA, TWO APPLE, COOL MANGO, MANGO PINEAPPLE, WATERMELON LIME, WATERMELON PINEAPPLE, BLUEBERRY RASPBERRY, BLUEBERRY SOUR RASPBERRY, LEMON LIME, CHERRY FIZZ<\/strong><\/p>\n\n\n\n<h3 class=\"wp-block-heading\">A propos de Al Fakher Nic Salt E-Liquids<\/h3>\n\n\n\n<p>Les e-liquides Al Fakher Nic Salt s'inspirent de l'h\u00e9ritage de la marque de shisha de renomm\u00e9e mondiale, apportant de riches profils de saveurs du Moyen-Orient dans le vapotage moderne. Connus pour leur profondeur, leur douceur et leur consistance, ces jus de vape sont con\u00e7us pour les utilisateurs qui appr\u00e9cient \u00e0 la fois la qualit\u00e9 des saveurs et les performances.<\/p>\n\n\n\n<p>Parfait pour le vapotage quotidien, <strong><strong>Liquide Al Fakher<\/strong><\/strong> Les sels nic offrent une exp\u00e9rience fiable et agr\u00e9able \u00e0 chaque utilisation.<\/p>\n\n\n\n<p>Si vous recherchez une alternative plus pratique, notre magasin propose \u00e9galement une large s\u00e9lection de <strong><a href=\"https:\/\/vapemaison.com\/shop\/\" type=\"link\" id=\"https:\/\/vapemaison.com\/shop\/\">vapes jetables<\/a><\/strong>. Ces appareils sont pr\u00e9-remplis et pr\u00eats \u00e0 l'emploi, sans recharge ni entretien. Ils sont parfaits pour les utilisateurs qui pr\u00e9f\u00e8rent une exp\u00e9rience de vapotage sans tracas.<\/p>\n\n\n\n<p>Si vous appr\u00e9ciez la qualit\u00e9 des ar\u00f4mes de cette gamme, vous pouvez \u00e9galement d\u00e9couvrir d'autres produits de la gamme <strong><a href=\"https:\/\/vapemaison.com\/brand\/al-fakher\/\" type=\"link\" id=\"https:\/\/vapemaison.com\/brand\/al-fakher\/\">Al Fakher<\/a><\/strong> y compris des options jetables qui offrent le m\u00eame go\u00fbt riche inspir\u00e9 de la chicha dans un format plus pratique.<\/p>\n\n\n\n<p>Pour ceux qui souhaitent des performances plus durables, nous proposons \u00e9galement une vari\u00e9t\u00e9 de vapes jetables \u00e0 nombre de bouff\u00e9es \u00e9lev\u00e9, ce qui vous donne plus de choix pour une utilisation prolong\u00e9e et une diffusion constante des ar\u00f4mes.<\/p>\n\n\n\n<p>Parcourez-en d'autres et trouvez le style de vapotage qui vous convient.<\/p>","protected":false},"excerpt":{"rendered":"<p>Experience the premium range of Al Fakher Liquid Nic Salt E-Liquids. These vape juices are crafted for smooth satisfaction. In addition, they deliver rich and authentic flavor in every puff. This collection includes many different flavor profiles. For example, you can enjoy refreshing mint, icy fruits, and sweet blends. Therefore, there is always a flavor [&hellip;]<\/p>\n","protected":false},"featured_media":29220,"comment_status":"open","ping_status":"closed","template":"","meta":{"googlesitekit_rrm_CAow8MHCDA:productID":""},"product_brand":[179],"product_cat":[324],"product_tag":[],"class_list":{"0":"post-29184","1":"product","2":"type-product","3":"status-publish","4":"has-post-thumbnail","6":"product_brand-al-fakher","7":"product_cat-vape-liquid","9":"first","10":"instock","11":"shipping-taxable","12":"purchasable","13":"product-type-variable","14":"has-default-attributes"},"yoast_head":"<!-- This site is optimized with the Yoast SEO plugin v27.3 - https:\/\/yoast.com\/product\/yoast-seo-wordpress\/ -->\n<title>Al Fakher Nic Salt E-Liquid 10ml 20mg (2%) | Vape Juice Flavours<\/title>\n<meta name=\"description\" content=\"Shop Al Fakher Nic Salt E-Liquid 10ml 20mg (2%). Enjoy smooth vape juice with a wide range of flavours including mint, fruit, and icy blends.\" \/>\n<meta name=\"robots\" content=\"index, follow, max-snippet:-1, max-image-preview:large, max-video-preview:-1\" \/>\n<link rel=\"canonical\" href=\"https:\/\/vapemaison.com\/fr\/produit\/al-fakher-nic-salt-e-liquid-10ml-20mg-2-saveurs-multiples-disponibles\/\" \/>\n<meta property=\"og:locale\" content=\"fr_FR\" \/>\n<meta property=\"og:type\" content=\"article\" \/>\n<meta property=\"og:title\" content=\"Al Fakher Nic Salt E-Liquid 10ml 20mg (2%) | Vape Juice Flavours\" \/>\n<meta property=\"og:description\" content=\"Shop Al Fakher Nic Salt E-Liquid 10ml 20mg (2%). Enjoy smooth vape juice with a wide range of flavours including mint, fruit, and icy blends.\" \/>\n<meta property=\"og:url\" content=\"https:\/\/vapemaison.com\/fr\/produit\/al-fakher-nic-salt-e-liquid-10ml-20mg-2-saveurs-multiples-disponibles\/\" \/>\n<meta property=\"og:site_name\" content=\"VapeMaison\" \/>\n<meta property=\"article:modified_time\" content=\"2026-04-11T09:09:03+00:00\" \/>\n<meta property=\"og:image\" content=\"https:\/\/vapemaison.com\/wp-content\/uploads\/2026\/04\/vapemaison-al-fakher-peach-ice-10ml-nic-salt-e-liquid.webp\" \/>\n\t<meta property=\"og:image:width\" content=\"900\" \/>\n\t<meta property=\"og:image:height\" content=\"900\" \/>\n\t<meta property=\"og:image:type\" content=\"image\/webp\" \/>\n<meta name=\"twitter:card\" content=\"summary_large_image\" \/>\n<meta name=\"twitter:label1\" content=\"Dur\u00e9e de lecture estim\u00e9e\" \/>\n\t<meta name=\"twitter:data1\" content=\"3 minutes\" \/>\n<!-- \/ Yoast SEO plugin. -->","yoast_head_json":{"title":"Al Fakher Nic Salt E-Liquid 10ml 20mg (2%) | Vape Juice Flavours","description":"Boutique Al Fakher Nic Salt E-Liquid 10ml 20mg (2%). Profitez d'un jus de vape doux avec une large gamme d'ar\u00f4mes incluant la menthe, les fruits et les m\u00e9langes glac\u00e9s.","robots":{"index":"index","follow":"follow","max-snippet":"max-snippet:-1","max-image-preview":"max-image-preview:large","max-video-preview":"max-video-preview:-1"},"canonical":"https:\/\/vapemaison.com\/fr\/produit\/al-fakher-nic-salt-e-liquid-10ml-20mg-2-saveurs-multiples-disponibles\/","og_locale":"fr_FR","og_type":"article","og_title":"Al Fakher Nic Salt E-Liquid 10ml 20mg (2%) | Vape Juice Flavours","og_description":"Shop Al Fakher Nic Salt E-Liquid 10ml 20mg (2%). Enjoy smooth vape juice with a wide range of flavours including mint, fruit, and icy blends.","og_url":"https:\/\/vapemaison.com\/fr\/produit\/al-fakher-nic-salt-e-liquid-10ml-20mg-2-saveurs-multiples-disponibles\/","og_site_name":"VapeMaison","article_modified_time":"2026-04-11T09:09:03+00:00","og_image":[{"width":900,"height":900,"url":"https:\/\/vapemaison.com\/wp-content\/uploads\/2026\/04\/vapemaison-al-fakher-peach-ice-10ml-nic-salt-e-liquid.webp","type":"image\/webp"}],"twitter_card":"summary_large_image","twitter_misc":{"Dur\u00e9e de lecture estim\u00e9e":"3 minutes"},"schema":{"@context":"https:\/\/schema.org","@graph":[{"@type":"WebPage","@id":"https:\/\/vapemaison.com\/product\/al-fakher-nic-salt-e-liquid-10ml-20mg-2-multiple-flavours-available\/","url":"https:\/\/vapemaison.com\/product\/al-fakher-nic-salt-e-liquid-10ml-20mg-2-multiple-flavours-available\/","name":"Al Fakher Nic Salt E-Liquid 10ml 20mg (2%) | Vape Juice Flavours","isPartOf":{"@id":"https:\/\/vapemaison.com\/#website"},"primaryImageOfPage":{"@id":"https:\/\/vapemaison.com\/product\/al-fakher-nic-salt-e-liquid-10ml-20mg-2-multiple-flavours-available\/#primaryimage"},"image":{"@id":"https:\/\/vapemaison.com\/product\/al-fakher-nic-salt-e-liquid-10ml-20mg-2-multiple-flavours-available\/#primaryimage"},"thumbnailUrl":"https:\/\/vapemaison.com\/wp-content\/uploads\/2026\/04\/vapemaison-al-fakher-peach-ice-10ml-nic-salt-e-liquid.webp","datePublished":"2026-04-10T08:33:34+00:00","dateModified":"2026-04-11T09:09:03+00:00","description":"Boutique Al Fakher Nic Salt E-Liquid 10ml 20mg (2%). Profitez d'un jus de vape doux avec une large gamme d'ar\u00f4mes incluant la menthe, les fruits et les m\u00e9langes glac\u00e9s.","breadcrumb":{"@id":"https:\/\/vapemaison.com\/product\/al-fakher-nic-salt-e-liquid-10ml-20mg-2-multiple-flavours-available\/#breadcrumb"},"inLanguage":"fr-FR","potentialAction":[{"@type":"ReadAction","target":["https:\/\/vapemaison.com\/product\/al-fakher-nic-salt-e-liquid-10ml-20mg-2-multiple-flavours-available\/"]}]},{"@type":"ImageObject","inLanguage":"fr-FR","@id":"https:\/\/vapemaison.com\/product\/al-fakher-nic-salt-e-liquid-10ml-20mg-2-multiple-flavours-available\/#primaryimage","url":"https:\/\/vapemaison.com\/wp-content\/uploads\/2026\/04\/vapemaison-al-fakher-peach-ice-10ml-nic-salt-e-liquid.webp","contentUrl":"https:\/\/vapemaison.com\/wp-content\/uploads\/2026\/04\/vapemaison-al-fakher-peach-ice-10ml-nic-salt-e-liquid.webp","width":900,"height":900,"caption":"vapemaison-al-fakher-peach-ice-10ml-nic-salt-e-liquid"},{"@type":"BreadcrumbList","@id":"https:\/\/vapemaison.com\/product\/al-fakher-nic-salt-e-liquid-10ml-20mg-2-multiple-flavours-available\/#breadcrumb","itemListElement":[{"@type":"ListItem","position":1,"name":"\u9996\u9875","item":"https:\/\/vapemaison.com\/"},{"@type":"ListItem","position":2,"name":"Shop","item":"https:\/\/vapemaison.com\/shop\/"},{"@type":"ListItem","position":3,"name":"Al Fakher","item":"https:\/\/vapemaison.com\/brand\/al-fakher\/"},{"@type":"ListItem","position":4,"name":"Al Fakher Nic Salt E-Liquid 10ml 20mg (2%) \u2013 Multiple Flavours Available"}]},{"@type":"WebSite","@id":"https:\/\/vapemaison.com\/#website","url":"https:\/\/vapemaison.com\/","name":"VapeMaison","description":"Appareils et accessoires de vapotage haut de gamme","publisher":{"@id":"https:\/\/vapemaison.com\/#organization"},"potentialAction":[{"@type":"SearchAction","target":{"@type":"EntryPoint","urlTemplate":"https:\/\/vapemaison.com\/?s={search_term_string}"},"query-input":{"@type":"PropertyValueSpecification","valueRequired":true,"valueName":"search_term_string"}}],"inLanguage":"fr-FR"},{"@type":"Organization","@id":"https:\/\/vapemaison.com\/#organization","name":"VapeMaison","url":"https:\/\/vapemaison.com\/","logo":{"@type":"ImageObject","inLanguage":"fr-FR","@id":"https:\/\/vapemaison.com\/#\/schema\/logo\/image\/","url":"https:\/\/vapemaison.com\/wp-content\/uploads\/2026\/01\/cropped-vapemaison-logo-g-2026.webp","contentUrl":"https:\/\/vapemaison.com\/wp-content\/uploads\/2026\/01\/cropped-vapemaison-logo-g-2026.webp","width":350,"height":280,"caption":"VapeMaison"},"image":{"@id":"https:\/\/vapemaison.com\/#\/schema\/logo\/image\/"},"sameAs":["https:\/\/www.youtube.com\/@VapeMaison"]}]}},"tiered_pricing_type":"fixed","tiered_pricing_fixed_rules":{"30":"1.99","100":"1.79"},"tiered_pricing_product_settings":{"layout":"default","base_unit_name":{"singular":null,"plural":null},"default_variation":null},"tiered_pricing_minimum_quantity":10,"tiered_pricing_roles_data":[],"tiered_pricing_percentage_rules":[],"tiered_pricing_maximum_quantity":null,"tiered_pricing_quantity_step":"10","_links":{"self":[{"href":"https:\/\/vapemaison.com\/fr\/wp-json\/wp\/v2\/product\/29184","targetHints":{"allow":["GET"]}}],"collection":[{"href":"https:\/\/vapemaison.com\/fr\/wp-json\/wp\/v2\/product"}],"about":[{"href":"https:\/\/vapemaison.com\/fr\/wp-json\/wp\/v2\/types\/product"}],"replies":[{"embeddable":true,"href":"https:\/\/vapemaison.com\/fr\/wp-json\/wp\/v2\/comments?post=29184"}],"version-history":[{"count":2,"href":"https:\/\/vapemaison.com\/fr\/wp-json\/wp\/v2\/product\/29184\/revisions"}],"predecessor-version":[{"id":29288,"href":"https:\/\/vapemaison.com\/fr\/wp-json\/wp\/v2\/product\/29184\/revisions\/29288"}],"wp:featuredmedia":[{"embeddable":true,"href":"https:\/\/vapemaison.com\/fr\/wp-json\/wp\/v2\/media\/29220"}],"wp:attachment":[{"href":"https:\/\/vapemaison.com\/fr\/wp-json\/wp\/v2\/media?parent=29184"}],"wp:term":[{"taxonomy":"product_brand","embeddable":true,"href":"https:\/\/vapemaison.com\/fr\/wp-json\/wp\/v2\/product_brand?post=29184"},{"taxonomy":"product_cat","embeddable":true,"href":"https:\/\/vapemaison.com\/fr\/wp-json\/wp\/v2\/product_cat?post=29184"},{"taxonomy":"product_tag","embeddable":true,"href":"https:\/\/vapemaison.com\/fr\/wp-json\/wp\/v2\/product_tag?post=29184"}],"curies":[{"name":"wp","href":"https:\/\/api.w.org\/{rel}","templated":true}]}}