

{"id":7296,"date":"2025-10-16T06:47:28","date_gmt":"2025-10-16T06:47:28","guid":{"rendered":"https:\/\/vapemaison.com\/?post_type=product&#038;p=7296"},"modified":"2026-05-15T06:18:39","modified_gmt":"2026-05-15T06:18:39","slug":"waspe-aiviou-60000-puffs-3in1-disposable-vape","status":"publish","type":"product","link":"https:\/\/vapemaison.com\/fr\/product\/waspe-aiviou-60000-puffs-3in1-disposable-vape\/","title":{"rendered":"WASPE 60k Puffs | Ecran LED pour Vape rechargeable"},"content":{"rendered":"<h3 class=\"wp-block-heading\"><strong>WASPE AIVIOU 60k Puffs - Vapeur jetable - 3 saveurs en une<\/strong><\/h3>\n\n\n\n<p>Le <strong>WASPE<\/strong> AIVIOU 60000 Puffs apporte le confort ultime au vapotage.<br>Chaque appareil contient trois saveurs d\u00e9licieuses, une \u00e9norme capacit\u00e9 d'e-liquide de 54 ml et un \u00e9cran LED indiquant les niveaux de batterie et de liquide. Avec une batterie rechargeable de type C et un syst\u00e8me de bobines \u00e0 trois mailles, vous profiterez d'une vapeur douce, d'un go\u00fbt riche et d'une satisfaction de longue dur\u00e9e.<\/p>\n\n\n\n<h3 class=\"wp-block-heading\"><strong>Caract\u00e9ristiques principales<\/strong><\/h3>\n\n\n\n<ul class=\"wp-block-list\">\n<li><strong>Jusqu'\u00e0 60 000 bouff\u00e9es :<\/strong> Longue dur\u00e9e de vie pour les utilisateurs intensifs.<\/li>\n\n\n\n<li><strong>3 ar\u00f4mes dans 1 appareil :<\/strong> Passez facilement d'une saveur \u00e0 l'autre pour une exp\u00e9rience nouvelle.<\/li>\n\n\n\n<li><strong>\u00c9cran LED :<\/strong> Contr\u00f4lez les niveaux de batterie et d'e-liquide en temps r\u00e9el.<\/li>\n\n\n\n<li><strong>Batterie rechargeable :<\/strong> La charge rapide de type C garantit une utilisation continue.<\/li>\n\n\n\n<li><strong>Bobines \u00e0 triple maille :<\/strong> D\u00e9livre une vapeur dense et une saveur intense.<\/li>\n\n\n\n<li><strong>Compact et l\u00e9ger :<\/strong> (47mm \u00d7 47mm \u00d7 116mm) pour une manipulation ais\u00e9e.<\/li>\n\n\n\n<li><strong>Options de nicotine :<\/strong> 0%, 2% ou 5%.<\/li>\n<\/ul>\n\n\n\n<h3 class=\"wp-block-heading\"><strong>Combinaisons d'ar\u00f4mes disponibles<\/strong><\/h3>\n\n\n\n<ol class=\"wp-block-list\">\n<li>Glace past\u00e8que - Fraise kiwi - Citron vert<\/li>\n\n\n\n<li>Past\u00e8que \u00e0 la fraise - Fraise Framboise Candy - Raisin Ice<\/li>\n\n\n\n<li>Glace aux myrtilles - Glace au dragon noir - Glace \u00e0 la cerise p\u00e9tillante<\/li>\n\n\n\n<li>Fraise Framboise Cerise - Love 666 - Cherry Candy Ice<\/li>\n\n\n\n<li>P\u00eache glac\u00e9e - Ananas Mangue P\u00eache - Canneberge Citron<\/li>\n\n\n\n<li>Red Bull Ice - Fraise Mangue - Fraise Past\u00e8que Bubblegum<\/li>\n\n\n\n<li>Baies m\u00e9lang\u00e9es - Ours en gomme - Fruits m\u00e9lang\u00e9s<\/li>\n\n\n\n<li>Glace triple melon - Bonbons arc-en-ciel - Bonbons \u00e0 la myrtille<\/li>\n\n\n\n<li>Glace de raisin - Bonbon \u00e0 la fraise - Fraise Framboise Cerise<\/li>\n\n\n\n<li>Banane fraise - Glace ananas noix de coco - Glace mangue<\/li>\n\n\n\n<li>Cherry Cola Ice - Strawberry Cola - Cola Ice<\/li>\n\n\n\n<li>Myrtille framboise - Barbe \u00e0 papa myrtille - Glace double pomme<\/li>\n<\/ol>\n\n\n\n<p>D\u00e9couvrez le vaping haut de gamme sur <a href=\"https:\/\/vapemaison.com\/\">VapeMaison<\/a>, Le site web de la Commission europ\u00e9enne, votre destination pour la qualit\u00e9 et l'innovation. D\u00e9couvrez notre s\u00e9lection compl\u00e8te sur le site <a href=\"https:\/\/vapemaison.com\/shop\/\">Boutique<\/a> ou de consulter la populaire page <a href=\"https:\/\/vapemaison.com\/brand\/bang\/\">Bang<\/a> et <a href=\"https:\/\/vapemaison.com\/brand\/waspe\/\">WASPE<\/a> appr\u00e9ci\u00e9s par les vapoteurs du monde entier. Vous cherchez d'autres options ? Parcourez tous nos <a href=\"https:\/\/vapemaison.com\/product-category\/puffs-count\/\">Puffs<\/a> pour trouver la vape parfaite pour votre style et votre go\u00fbt.<\/p>","protected":false},"excerpt":{"rendered":"<p>Faites l'exp\u00e9rience d'une vaporisation de longue dur\u00e9e avec le <strong data-start=\"1068\" data-end=\"1112\">WASPE AIVIOU 60000 Puffs Vape jetable<\/strong>. Con\u00e7u pour les grossistes europ\u00e9ens et les amateurs de vape, cet appareil 3-en-1 allie commodit\u00e9, vari\u00e9t\u00e9 et performance. Profitez de 60 000 bouff\u00e9es avec un \u00e9cran LED, 54 ml d'e-liquide et une batterie Type-C rechargeable.<\/p>","protected":false},"featured_media":7985,"comment_status":"open","ping_status":"closed","template":"","meta":[],"product_brand":[59],"product_cat":[137],"product_tag":[],"class_list":{"0":"post-7296","1":"product","2":"type-product","3":"status-publish","4":"has-post-thumbnail","6":"product_brand-waspe","7":"product_cat-60k-puffs","9":"first","10":"instock","11":"sale","12":"featured","13":"shipping-taxable","14":"purchasable","15":"product-type-variable"},"yoast_head":"<!-- This site is optimized with the Yoast SEO plugin v27.4 - https:\/\/yoast.com\/product\/yoast-seo-wordpress\/ -->\n<title>WASPE AIVIOU 60k Puffs | 3 in 1 Flavors Disposable Vape<\/title>\n<meta name=\"description\" content=\"Discover the WASPE AIVIOU 60k Puffs Disposable Vape.featuring 3 flavors in one device. Perfect for wholesalers and vape retailers across Europe.\" \/>\n<meta name=\"robots\" content=\"index, follow, max-snippet:-1, max-image-preview:large, max-video-preview:-1\" \/>\n<link rel=\"canonical\" href=\"https:\/\/vapemaison.com\/fr\/produit\/waspe-aiviou-60000-puffs-3in1-disposable-vape\/\" \/>\n<meta property=\"og:locale\" content=\"fr_FR\" \/>\n<meta property=\"og:type\" content=\"article\" \/>\n<meta property=\"og:title\" content=\"WASPE AIVIOU 60k Puffs | 3 in 1 Flavors Disposable Vape\" \/>\n<meta property=\"og:description\" content=\"Discover the WASPE AIVIOU 60k Puffs Disposable Vape.featuring 3 flavors in one device. Perfect for wholesalers and vape retailers across Europe.\" \/>\n<meta property=\"og:url\" content=\"https:\/\/vapemaison.com\/fr\/produit\/waspe-aiviou-60000-puffs-3in1-disposable-vape\/\" \/>\n<meta property=\"og:site_name\" content=\"VapeMaison\" \/>\n<meta property=\"article:modified_time\" content=\"2026-05-15T06:18:39+00:00\" \/>\n<meta property=\"og:image\" content=\"https:\/\/vapemaison.com\/wp-content\/uploads\/2025\/10\/waspe-3in1-60k-0.jpg\" \/>\n\t<meta property=\"og:image:width\" content=\"1200\" \/>\n\t<meta property=\"og:image:height\" content=\"1200\" \/>\n\t<meta property=\"og:image:type\" content=\"image\/jpeg\" \/>\n<meta name=\"twitter:card\" content=\"summary_large_image\" \/>\n<meta name=\"twitter:label1\" content=\"Dur\u00e9e de lecture estim\u00e9e\" \/>\n\t<meta name=\"twitter:data1\" content=\"2 minutes\" \/>\n<!-- \/ Yoast SEO plugin. -->","yoast_head_json":{"title":"WASPE AIVIOU 60k Puffs | 3 en 1 Flavors Disposable Vape","description":"D\u00e9couvrez la WASPE AIVIOU 60k Puffs Vape jetable, avec 3 saveurs dans un seul appareil. Parfait pour les grossistes et les d\u00e9taillants de vape \u00e0 travers l'Europe.","robots":{"index":"index","follow":"follow","max-snippet":"max-snippet:-1","max-image-preview":"max-image-preview:large","max-video-preview":"max-video-preview:-1"},"canonical":"https:\/\/vapemaison.com\/fr\/produit\/waspe-aiviou-60000-puffs-3in1-disposable-vape\/","og_locale":"fr_FR","og_type":"article","og_title":"WASPE AIVIOU 60k Puffs | 3 in 1 Flavors Disposable Vape","og_description":"Discover the WASPE AIVIOU 60k Puffs Disposable Vape.featuring 3 flavors in one device. Perfect for wholesalers and vape retailers across Europe.","og_url":"https:\/\/vapemaison.com\/fr\/produit\/waspe-aiviou-60000-puffs-3in1-disposable-vape\/","og_site_name":"VapeMaison","article_modified_time":"2026-05-15T06:18:39+00:00","og_image":[{"width":1200,"height":1200,"url":"https:\/\/vapemaison.com\/wp-content\/uploads\/2025\/10\/waspe-3in1-60k-0.jpg","type":"image\/jpeg"}],"twitter_card":"summary_large_image","twitter_misc":{"Dur\u00e9e de lecture estim\u00e9e":"2 minutes"},"schema":{"@context":"https:\/\/schema.org","@graph":[{"@type":"WebPage","@id":"https:\/\/vapemaison.com\/product\/waspe-aiviou-60000-puffs-3in1-disposable-vape\/","url":"https:\/\/vapemaison.com\/product\/waspe-aiviou-60000-puffs-3in1-disposable-vape\/","name":"WASPE AIVIOU 60k Puffs | 3 en 1 Flavors Disposable Vape","isPartOf":{"@id":"https:\/\/vapemaison.com\/#website"},"primaryImageOfPage":{"@id":"https:\/\/vapemaison.com\/product\/waspe-aiviou-60000-puffs-3in1-disposable-vape\/#primaryimage"},"image":{"@id":"https:\/\/vapemaison.com\/product\/waspe-aiviou-60000-puffs-3in1-disposable-vape\/#primaryimage"},"thumbnailUrl":"https:\/\/vapemaison.com\/wp-content\/uploads\/2025\/10\/waspe-3in1-60k-0.jpg","datePublished":"2025-10-16T06:47:28+00:00","dateModified":"2026-05-15T06:18:39+00:00","description":"D\u00e9couvrez la WASPE AIVIOU 60k Puffs Vape jetable, avec 3 saveurs dans un seul appareil. Parfait pour les grossistes et les d\u00e9taillants de vape \u00e0 travers l'Europe.","breadcrumb":{"@id":"https:\/\/vapemaison.com\/product\/waspe-aiviou-60000-puffs-3in1-disposable-vape\/#breadcrumb"},"inLanguage":"fr-FR","potentialAction":[{"@type":"ReadAction","target":["https:\/\/vapemaison.com\/product\/waspe-aiviou-60000-puffs-3in1-disposable-vape\/"]}]},{"@type":"ImageObject","inLanguage":"fr-FR","@id":"https:\/\/vapemaison.com\/product\/waspe-aiviou-60000-puffs-3in1-disposable-vape\/#primaryimage","url":"https:\/\/vapemaison.com\/wp-content\/uploads\/2025\/10\/waspe-3in1-60k-0.jpg","contentUrl":"https:\/\/vapemaison.com\/wp-content\/uploads\/2025\/10\/waspe-3in1-60k-0.jpg","width":1200,"height":1200,"caption":"Waspe 3in1 60k Disposable Vape Device detail"},{"@type":"BreadcrumbList","@id":"https:\/\/vapemaison.com\/product\/waspe-aiviou-60000-puffs-3in1-disposable-vape\/#breadcrumb","itemListElement":[{"@type":"ListItem","position":1,"name":"\u9996\u9875","item":"https:\/\/vapemaison.com\/"},{"@type":"ListItem","position":2,"name":"Shop","item":"https:\/\/vapemaison.com\/shop\/"},{"@type":"ListItem","position":3,"name":"Waspe","item":"https:\/\/vapemaison.com\/brand\/waspe\/"},{"@type":"ListItem","position":4,"name":"WASPE 60k Puffs | Rechargeable Vape LED Screen"}]},{"@type":"WebSite","@id":"https:\/\/vapemaison.com\/#website","url":"https:\/\/vapemaison.com\/","name":"VapeMaison","description":"Appareils et accessoires de vapotage haut de gamme","publisher":{"@id":"https:\/\/vapemaison.com\/#organization"},"potentialAction":[{"@type":"SearchAction","target":{"@type":"EntryPoint","urlTemplate":"https:\/\/vapemaison.com\/?s={search_term_string}"},"query-input":{"@type":"PropertyValueSpecification","valueRequired":true,"valueName":"search_term_string"}}],"inLanguage":"fr-FR"},{"@type":"Organization","@id":"https:\/\/vapemaison.com\/#organization","name":"VapeMaison","url":"https:\/\/vapemaison.com\/","logo":{"@type":"ImageObject","inLanguage":"fr-FR","@id":"https:\/\/vapemaison.com\/#\/schema\/logo\/image\/","url":"https:\/\/vapemaison.com\/wp-content\/uploads\/2026\/01\/cropped-vapemaison-logo-g-2026.webp","contentUrl":"https:\/\/vapemaison.com\/wp-content\/uploads\/2026\/01\/cropped-vapemaison-logo-g-2026.webp","width":350,"height":280,"caption":"VapeMaison"},"image":{"@id":"https:\/\/vapemaison.com\/#\/schema\/logo\/image\/"},"sameAs":["https:\/\/www.youtube.com\/@VapeMaison"]}]}},"tiered_pricing_type":"fixed","tiered_pricing_fixed_rules":{"30":"11.99","50":"10.99","100":"9.98","200":"8.88"},"tiered_pricing_product_settings":{"layout":"default","base_unit_name":{"singular":null,"plural":null},"default_variation":null},"tiered_pricing_minimum_quantity":10,"tiered_pricing_roles_data":[],"tiered_pricing_percentage_rules":[],"tiered_pricing_maximum_quantity":null,"tiered_pricing_quantity_step":"10","_links":{"self":[{"href":"https:\/\/vapemaison.com\/fr\/wp-json\/wp\/v2\/product\/7296","targetHints":{"allow":["GET"]}}],"collection":[{"href":"https:\/\/vapemaison.com\/fr\/wp-json\/wp\/v2\/product"}],"about":[{"href":"https:\/\/vapemaison.com\/fr\/wp-json\/wp\/v2\/types\/product"}],"replies":[{"embeddable":true,"href":"https:\/\/vapemaison.com\/fr\/wp-json\/wp\/v2\/comments?post=7296"}],"version-history":[{"count":0,"href":"https:\/\/vapemaison.com\/fr\/wp-json\/wp\/v2\/product\/7296\/revisions"}],"wp:featuredmedia":[{"embeddable":true,"href":"https:\/\/vapemaison.com\/fr\/wp-json\/wp\/v2\/media\/7985"}],"wp:attachment":[{"href":"https:\/\/vapemaison.com\/fr\/wp-json\/wp\/v2\/media?parent=7296"}],"wp:term":[{"taxonomy":"product_brand","embeddable":true,"href":"https:\/\/vapemaison.com\/fr\/wp-json\/wp\/v2\/product_brand?post=7296"},{"taxonomy":"product_cat","embeddable":true,"href":"https:\/\/vapemaison.com\/fr\/wp-json\/wp\/v2\/product_cat?post=7296"},{"taxonomy":"product_tag","embeddable":true,"href":"https:\/\/vapemaison.com\/fr\/wp-json\/wp\/v2\/product_tag?post=7296"}],"curies":[{"name":"wp","href":"https:\/\/api.w.org\/{rel}","templated":true}]}}