

{"id":7299,"date":"2025-10-16T06:49:06","date_gmt":"2025-10-16T06:49:06","guid":{"rendered":"https:\/\/vapemaison.com\/?post_type=product&#038;p=7299"},"modified":"2026-05-11T18:05:20","modified_gmt":"2026-05-11T18:05:20","slug":"waspe-100000-puffs-4-in-1-flavor-disposable-vape","status":"publish","type":"product","link":"https:\/\/vapemaison.com\/fr\/product\/waspe-100000-puffs-4-in-1-flavor-disposable-vape\/","title":{"rendered":"WASPE 100k Puffs Vape jetable \u00e0 faible teneur en nicotine"},"content":{"rendered":"<p>D\u00e9couvrez quatre saveurs dans un seul appareil puissant. Le <strong>WASPE 4-en-1 Saveur 100000 Puffs<\/strong> est con\u00e7u pour les vapoteurs qui recherchent une longue dur\u00e9e de vie, des performances \u00e9lev\u00e9es et un changement d'ar\u00f4me instantan\u00e9. Avec jusqu'\u00e0 <strong>100 000 bouff\u00e9es<\/strong>, a <strong>syst\u00e8me rechargeable<\/strong>, et un <strong>s\u00e9lecteur de quadruple saveur<\/strong>, Ce dispositif offre un maximum de commodit\u00e9 sans avoir \u00e0 transporter plusieurs vapes.<\/p>\n\n\n\n<p>Disponible pour <strong>commandes en gros et en masse<\/strong> par l'interm\u00e9diaire de Gleevape, qui b\u00e9n\u00e9ficie de la confiance des d\u00e9taillants et des distributeurs dans toute l'Europe.<\/p>\n\n\n\n<h2 class=\"wp-block-heading\"><strong>Caract\u00e9ristiques principales<\/strong><\/h2>\n\n\n\n<ul class=\"wp-block-list\">\n<li>Syst\u00e8me de commutation \u00e0 4 ar\u00f4mes<\/li>\n\n\n\n<li>Ultra-longue 100 000 bouff\u00e9es<\/li>\n\n\n\n<li>Batterie rechargeable 650mAh<\/li>\n\n\n\n<li>1.0\u03a9 Quad Mesh Coils<\/li>\n\n\n\n<li>Capacit\u00e9 totale de 56 ml d'e-liquide<\/li>\n\n\n\n<li>Plusieurs concentrations de nicotine<\/li>\n\n\n\n<li>Id\u00e9al pour le commerce de gros<\/li>\n<\/ul>\n\n\n\n<h3 class=\"wp-block-heading\"><strong>Pourquoi les d\u00e9taillants choisissent WASPE 4-in-1<\/strong><\/h3>\n\n\n\n<ul class=\"wp-block-list\">\n<li>Meilleure valeur par appareil<\/li>\n\n\n\n<li>Taux \u00e9lev\u00e9 d'achats r\u00e9p\u00e9t\u00e9s de la part des clients<\/li>\n\n\n\n<li>Quatre saveurs en une = pression SKU r\u00e9duite<\/li>\n\n\n\n<li>Parfait pour les magasins, les kiosques et les boutiques de vape en ligne<\/li>\n<\/ul>\n\n\n\n<h3 class=\"wp-block-heading\"><strong>WASPE Sets de saveurs 4 en 1<\/strong><\/h3>\n\n\n\n<p>Choisissez parmi 12 combinaisons de saveurs, chacune offrant quatre m\u00e9langes uniques :<\/p>\n\n\n\n<ol class=\"wp-block-list\">\n<li>Past\u00e8que glac\u00e9e \/ Fraise kiwi \/ Framboise past\u00e8que \/ Citron vert<\/li>\n\n\n\n<li>Past\u00e8que \u00e0 la fraise \/ M. Bleu \/ Glace de raisin \/ Bonbons arc-en-ciel<\/li>\n\n\n\n<li>Red Bull Ice \/ Banana Ice \/ Pineapple Coconut Ice \/ Triple Mango Ice<\/li>\n\n\n\n<li>Fraise Framboise Cerise \/ Cerise Folle Glace \/ Cerise Bleue Glace \/ Cola Glace<\/li>\n\n\n\n<li>Banane fraise \/ Red Bull fraise \/ Mangue fraise \/ Limonade rose<\/li>\n\n\n\n<li>Glace aux myrtilles \/ Chevalier noir \/ Glace \u00e0 la fraise \/ Past\u00e8que \u00e0 la fraise<\/li>\n\n\n\n<li>Cerise Cola Ice \/ Fraise Cherry Ice \/ Fraise Cola Ice \/ Fraise Watermelon Bubblegum<\/li>\n\n\n\n<li>P\u00eache Juicy Ice \/ Fruits Tropicaux \/ Fruit Blast \/ P\u00eache Berry<\/li>\n\n\n\n<li>Raisin glac\u00e9 \/ Fraise kiwi \/ Fraise framboise cerise \/ Chevalier noir<\/li>\n\n\n\n<li>Baies m\u00e9lang\u00e9es \/ Glace double pomme \/ Framboise myrtille \/ Miel myrtille<\/li>\n\n\n\n<li>Red Bull fraise \/ Watermelon fraise \/ Red Bull Ice \/ Cherry Cola Ice<\/li>\n\n\n\n<li>Myrtille framboise \/ Myrtille limonade \/ Baies m\u00e9lang\u00e9es \/ Raisin miel glace<\/li>\n<\/ol>\n\n\n\n<h2 class=\"wp-block-heading\"><strong>Sp\u00e9cifications<\/strong><\/h2>\n\n\n\n<ul class=\"wp-block-list\">\n<li><strong>Intensit\u00e9 de la nicotine :<\/strong> 0% \/ 2% \/ 5%<\/li>\n\n\n\n<li><strong>Batterie :<\/strong> 650mAh (rechargeable)<\/li>\n\n\n\n<li><strong>Bobine :<\/strong> 1.0\u03a9 Quad Mesh<\/li>\n\n\n\n<li><strong>Port de charge :<\/strong> Type-C<\/li>\n\n\n\n<li><strong>Volume de l'e-liquide :<\/strong> 56mL<\/li>\n\n\n\n<li><strong>Taille de l'appareil :<\/strong> 47 \u00d7 47 \u00d7 118 mm<\/li>\n\n\n\n<li><strong>Poids :<\/strong> 142g<\/li>\n\n\n\n<li><strong>Emballage :<\/strong> 10 dispositifs\/bo\u00eete ; 160 dispositifs\/carton<\/li>\n\n\n\n<li><strong>Poids brut\/carton :<\/strong> 23 kg<\/li>\n<\/ul>\n\n\n\n<p>D\u00e9couvrez le vaping haut de gamme sur <a href=\"https:\/\/vapemaison.com\/\">VapeMaison<\/a>, Le site web de la Commission europ\u00e9enne, votre destination pour la qualit\u00e9 et l'innovation. D\u00e9couvrez notre s\u00e9lection compl\u00e8te sur le site <a href=\"https:\/\/vapemaison.com\/shop\/\">Boutique<\/a> ou de consulter la populaire page <a href=\"https:\/\/vapemaison.com\/brand\/bang\/\">Bang<\/a> et <a href=\"https:\/\/vapemaison.com\/brand\/waspe\/\">WASPE<\/a> appr\u00e9ci\u00e9s par les vapoteurs du monde entier. Vous cherchez d'autres options ? Parcourez tous nos <a href=\"https:\/\/vapemaison.com\/product-category\/puffs-count\/\">Puffs<\/a> pour trouver la vape parfaite pour votre style et votre go\u00fbt.<\/p>\n\n\n\n<p><\/p>","protected":false},"excerpt":{"rendered":"<p><strong data-start=\"0\" data-end=\"34\" data-is-only-node=\"\">WASPE 4in1 Flavor 100000 Puffs<\/strong>\u00a0est une vape rechargeable jetable avec quatre ar\u00f4mes commutables, une batterie de 650mAh, 56ml d'e-liquide, et jusqu'\u00e0 100 000 bouff\u00e9es - disponible en gros chez Gleevape, votre fournisseur europ\u00e9en de confiance de vape \u00e0 faible teneur en nicotine.<\/p>","protected":false},"featured_media":9504,"comment_status":"open","ping_status":"closed","template":"","meta":[],"product_brand":[59],"product_cat":[151,142],"product_tag":[],"class_list":{"0":"post-7299","1":"product","2":"type-product","3":"status-publish","4":"has-post-thumbnail","6":"product_brand-waspe","7":"product_cat-100k-puffs","8":"product_cat-eu-stock","10":"first","11":"instock","12":"sale","13":"featured","14":"shipping-taxable","15":"purchasable","16":"product-type-variable"},"yoast_head":"<!-- This site is optimized with the Yoast SEO plugin v27.4 - https:\/\/yoast.com\/product\/yoast-seo-wordpress\/ -->\n<title>WASPE 100k Puffs Disposable Vape Low Nicotine<\/title>\n<meta name=\"description\" content=\"WASPE 100k Puffs\u00a0is a rechargeable vape featuring four switchable flavors, a 650mAh battery,your trusted European low-nicotine vape supplier.\" \/>\n<meta name=\"robots\" content=\"index, follow, max-snippet:-1, max-image-preview:large, max-video-preview:-1\" \/>\n<link rel=\"canonical\" href=\"https:\/\/vapemaison.com\/fr\/produit\/waspe-100000-puffs-4-in-1-flavor-disposable-vape\/\" \/>\n<meta property=\"og:locale\" content=\"fr_FR\" \/>\n<meta property=\"og:type\" content=\"article\" \/>\n<meta property=\"og:title\" content=\"WASPE 100k Puffs Disposable Vape Low Nicotine\" \/>\n<meta property=\"og:description\" content=\"WASPE 100k Puffs\u00a0is a rechargeable vape featuring four switchable flavors, a 650mAh battery,your trusted European low-nicotine vape supplier.\" \/>\n<meta property=\"og:url\" content=\"https:\/\/vapemaison.com\/fr\/produit\/waspe-100000-puffs-4-in-1-flavor-disposable-vape\/\" \/>\n<meta property=\"og:site_name\" content=\"VapeMaison\" \/>\n<meta property=\"article:modified_time\" content=\"2026-05-11T18:05:20+00:00\" \/>\n<meta property=\"og:image\" content=\"https:\/\/vapemaison.com\/wp-content\/uploads\/2025\/10\/waspe-100000-puffs-flavor-picture-5.jpg\" \/>\n\t<meta property=\"og:image:width\" content=\"1500\" \/>\n\t<meta property=\"og:image:height\" content=\"1500\" \/>\n\t<meta property=\"og:image:type\" content=\"image\/jpeg\" \/>\n<meta name=\"twitter:card\" content=\"summary_large_image\" \/>\n<meta name=\"twitter:label1\" content=\"Dur\u00e9e de lecture estim\u00e9e\" \/>\n\t<meta name=\"twitter:data1\" content=\"2 minutes\" \/>\n<!-- \/ Yoast SEO plugin. -->","yoast_head_json":{"title":"WASPE 100k Puffs Vape jetable \u00e0 faible teneur en nicotine","description":"WASPE 100k Puffs est une vape rechargeable avec quatre ar\u00f4mes commutables, une batterie de 650mAh, votre fournisseur europ\u00e9en de confiance de vape \u00e0 faible teneur en nicotine.","robots":{"index":"index","follow":"follow","max-snippet":"max-snippet:-1","max-image-preview":"max-image-preview:large","max-video-preview":"max-video-preview:-1"},"canonical":"https:\/\/vapemaison.com\/fr\/produit\/waspe-100000-puffs-4-in-1-flavor-disposable-vape\/","og_locale":"fr_FR","og_type":"article","og_title":"WASPE 100k Puffs Disposable Vape Low Nicotine","og_description":"WASPE 100k Puffs\u00a0is a rechargeable vape featuring four switchable flavors, a 650mAh battery,your trusted European low-nicotine vape supplier.","og_url":"https:\/\/vapemaison.com\/fr\/produit\/waspe-100000-puffs-4-in-1-flavor-disposable-vape\/","og_site_name":"VapeMaison","article_modified_time":"2026-05-11T18:05:20+00:00","og_image":[{"width":1500,"height":1500,"url":"https:\/\/vapemaison.com\/wp-content\/uploads\/2025\/10\/waspe-100000-puffs-flavor-picture-5.jpg","type":"image\/jpeg"}],"twitter_card":"summary_large_image","twitter_misc":{"Dur\u00e9e de lecture estim\u00e9e":"2 minutes"},"schema":{"@context":"https:\/\/schema.org","@graph":[{"@type":"WebPage","@id":"https:\/\/vapemaison.com\/product\/waspe-100000-puffs-4-in-1-flavor-disposable-vape\/","url":"https:\/\/vapemaison.com\/product\/waspe-100000-puffs-4-in-1-flavor-disposable-vape\/","name":"WASPE 100k Puffs Vape jetable \u00e0 faible teneur en nicotine","isPartOf":{"@id":"https:\/\/vapemaison.com\/#website"},"primaryImageOfPage":{"@id":"https:\/\/vapemaison.com\/product\/waspe-100000-puffs-4-in-1-flavor-disposable-vape\/#primaryimage"},"image":{"@id":"https:\/\/vapemaison.com\/product\/waspe-100000-puffs-4-in-1-flavor-disposable-vape\/#primaryimage"},"thumbnailUrl":"https:\/\/vapemaison.com\/wp-content\/uploads\/2025\/10\/waspe-100000-puffs-flavor-picture-5.jpg","datePublished":"2025-10-16T06:49:06+00:00","dateModified":"2026-05-11T18:05:20+00:00","description":"WASPE 100k Puffs est une vape rechargeable avec quatre ar\u00f4mes commutables, une batterie de 650mAh, votre fournisseur europ\u00e9en de confiance de vape \u00e0 faible teneur en nicotine.","breadcrumb":{"@id":"https:\/\/vapemaison.com\/product\/waspe-100000-puffs-4-in-1-flavor-disposable-vape\/#breadcrumb"},"inLanguage":"fr-FR","potentialAction":[{"@type":"ReadAction","target":["https:\/\/vapemaison.com\/product\/waspe-100000-puffs-4-in-1-flavor-disposable-vape\/"]}]},{"@type":"ImageObject","inLanguage":"fr-FR","@id":"https:\/\/vapemaison.com\/product\/waspe-100000-puffs-4-in-1-flavor-disposable-vape\/#primaryimage","url":"https:\/\/vapemaison.com\/wp-content\/uploads\/2025\/10\/waspe-100000-puffs-flavor-picture-5.jpg","contentUrl":"https:\/\/vapemaison.com\/wp-content\/uploads\/2025\/10\/waspe-100000-puffs-flavor-picture-5.jpg","width":1500,"height":1500,"caption":"Waspe Puffs Flavor Picture Disposable Vape Device design 2"},{"@type":"BreadcrumbList","@id":"https:\/\/vapemaison.com\/product\/waspe-100000-puffs-4-in-1-flavor-disposable-vape\/#breadcrumb","itemListElement":[{"@type":"ListItem","position":1,"name":"\u9996\u9875","item":"https:\/\/vapemaison.com\/"},{"@type":"ListItem","position":2,"name":"Shop","item":"https:\/\/vapemaison.com\/shop\/"},{"@type":"ListItem","position":3,"name":"Waspe","item":"https:\/\/vapemaison.com\/brand\/waspe\/"},{"@type":"ListItem","position":4,"name":"WASPE 100k Puffs Disposable Vape Low Nicotine"}]},{"@type":"WebSite","@id":"https:\/\/vapemaison.com\/#website","url":"https:\/\/vapemaison.com\/","name":"VapeMaison","description":"Appareils et accessoires de vapotage haut de gamme","publisher":{"@id":"https:\/\/vapemaison.com\/#organization"},"potentialAction":[{"@type":"SearchAction","target":{"@type":"EntryPoint","urlTemplate":"https:\/\/vapemaison.com\/?s={search_term_string}"},"query-input":{"@type":"PropertyValueSpecification","valueRequired":true,"valueName":"search_term_string"}}],"inLanguage":"fr-FR"},{"@type":"Organization","@id":"https:\/\/vapemaison.com\/#organization","name":"VapeMaison","url":"https:\/\/vapemaison.com\/","logo":{"@type":"ImageObject","inLanguage":"fr-FR","@id":"https:\/\/vapemaison.com\/#\/schema\/logo\/image\/","url":"https:\/\/vapemaison.com\/wp-content\/uploads\/2026\/01\/cropped-vapemaison-logo-g-2026.webp","contentUrl":"https:\/\/vapemaison.com\/wp-content\/uploads\/2026\/01\/cropped-vapemaison-logo-g-2026.webp","width":350,"height":280,"caption":"VapeMaison"},"image":{"@id":"https:\/\/vapemaison.com\/#\/schema\/logo\/image\/"},"sameAs":["https:\/\/www.youtube.com\/@VapeMaison"]}]}},"tiered_pricing_type":"fixed","tiered_pricing_fixed_rules":{"30":"11.88","50":"11.42","100":"10.88","200":"9.98"},"tiered_pricing_product_settings":{"layout":"default","base_unit_name":{"singular":null,"plural":null},"default_variation":null},"tiered_pricing_minimum_quantity":10,"tiered_pricing_roles_data":[],"tiered_pricing_percentage_rules":[],"tiered_pricing_maximum_quantity":null,"tiered_pricing_quantity_step":"10","_links":{"self":[{"href":"https:\/\/vapemaison.com\/fr\/wp-json\/wp\/v2\/product\/7299","targetHints":{"allow":["GET"]}}],"collection":[{"href":"https:\/\/vapemaison.com\/fr\/wp-json\/wp\/v2\/product"}],"about":[{"href":"https:\/\/vapemaison.com\/fr\/wp-json\/wp\/v2\/types\/product"}],"replies":[{"embeddable":true,"href":"https:\/\/vapemaison.com\/fr\/wp-json\/wp\/v2\/comments?post=7299"}],"version-history":[{"count":0,"href":"https:\/\/vapemaison.com\/fr\/wp-json\/wp\/v2\/product\/7299\/revisions"}],"wp:featuredmedia":[{"embeddable":true,"href":"https:\/\/vapemaison.com\/fr\/wp-json\/wp\/v2\/media\/9504"}],"wp:attachment":[{"href":"https:\/\/vapemaison.com\/fr\/wp-json\/wp\/v2\/media?parent=7299"}],"wp:term":[{"taxonomy":"product_brand","embeddable":true,"href":"https:\/\/vapemaison.com\/fr\/wp-json\/wp\/v2\/product_brand?post=7299"},{"taxonomy":"product_cat","embeddable":true,"href":"https:\/\/vapemaison.com\/fr\/wp-json\/wp\/v2\/product_cat?post=7299"},{"taxonomy":"product_tag","embeddable":true,"href":"https:\/\/vapemaison.com\/fr\/wp-json\/wp\/v2\/product_tag?post=7299"}],"curies":[{"name":"wp","href":"https:\/\/api.w.org\/{rel}","templated":true}]}}