

{"id":8068,"date":"2025-10-22T07:08:18","date_gmt":"2025-10-22T07:08:18","guid":{"rendered":"https:\/\/vapemaison.com\/?post_type=product&#038;p=8068"},"modified":"2026-05-13T11:13:37","modified_gmt":"2026-05-13T11:13:37","slug":"bang-leader-45000-puffs-disposable-device","status":"publish","type":"product","link":"https:\/\/vapemaison.com\/fr\/product\/bang-leader-45000-puffs-disposable-device\/","title":{"rendered":"Bang Leader 45000 bouff\u00e9es Appareil jetable \u00e0 double chambre - Type-C Rechargeable"},"content":{"rendered":"<h3 class=\"wp-block-heading\"><strong>Long\u00e9vit\u00e9 extr\u00eame - jusqu'\u00e0 45 000 bouff\u00e9es<\/strong><\/h3>\n\n\n\n<p>Le <strong>Bang Leader 45000 bouff\u00e9es Dispositif jetable<\/strong> est con\u00e7u pour la performance, la puissance et l'endurance. Con\u00e7ue pour les utilisateurs qui exigent une satisfaction durable, elle fournit jusqu'\u00e0 <strong>45 000 bouff\u00e9es<\/strong> de vapeur riche et r\u00e9guli\u00e8re.<\/p>\n\n\n\n<p>Aliment\u00e9 par un <strong>Batterie rechargeable de 650mAh<\/strong> avec <strong>Chargement rapide de type C<\/strong>, Il vous permet de tenir plusieurs jours sans interruption. Les <strong>Deux dosettes d'e-liquide de 30ML<\/strong> garantissent une utilisation prolong\u00e9e et un passage sans effort d'une saveur \u00e0 l'autre, offrant \u00e0 la fois vari\u00e9t\u00e9 et commodit\u00e9.<\/p>\n\n\n\n<p>Avec un <strong>Bobine \u00e0 mailles de 1,0\u03a9<\/strong>, Chaque bouff\u00e9e d\u00e9livre une vapeur dense et un tirage en douceur. Choisissez parmi <strong>0%, 2%, 3%, ou 5% taux de nicotine<\/strong>, et explorer <strong>12 saveurs d\u00e9licieuses<\/strong> - des m\u00e9langes fruit\u00e9s aux sensations de fra\u00eecheur glac\u00e9e. Les <strong>Chef de groupe 45000<\/strong> combine une capacit\u00e9 massive, un go\u00fbt personnalisable et un design d'avant-garde dans un seul appareil portable et \u00e9l\u00e9gant.<\/p>\n\n\n\n<h3 class=\"wp-block-heading\"><strong>Caract\u00e9ristiques principales :<\/strong><\/h3>\n\n\n\n<ul class=\"wp-block-list\">\n<li>Jusqu'\u00e0\u00a0<strong>45000 bouff\u00e9es<\/strong>\u00a0par appareil<\/li>\n\n\n\n<li><strong>30ml+30ml e-juice pr\u00e9-rempli<\/strong><\/li>\n\n\n\n<li><strong>Batterie rechargeable de 650mAh<\/strong><\/li>\n\n\n\n<li><strong>Chargement rapide de type C<\/strong><\/li>\n\n\n\n<li><strong>Bobine \u00e0 mailles de 1,0\u03a9<\/strong>&nbsp;pour une vapeur douce<\/li>\n\n\n\n<li><strong>Intensit\u00e9 de la nicotine<\/strong>: 0%, 2%, 3%, 5%<\/li>\n\n\n\n<li><strong>12 saveurs diff\u00e9rentes<\/strong>&nbsp;de profiter<\/li>\n<\/ul>\n\n\n\n<h3 class=\"wp-block-heading\"><strong>Saveurs\uff1a<\/strong><\/h3>\n\n\n\n<div class=\"wp-block-group has-global-padding is-layout-constrained wp-block-group-is-layout-constrained\">\n<div class=\"wp-block-group has-global-padding is-layout-constrained wp-block-group-is-layout-constrained\">\n<ul class=\"wp-block-list\">\n<li>Glace \u00e0 la past\u00e8que, fraise et mangue<\/li>\n\n\n\n<li>Fraise et past\u00e8que &amp; Kiwi Fruit de la passion Goyave<\/li>\n\n\n\n<li>Glace \u00e0 la fraise, \u00e0 la past\u00e8que et au raisin<\/li>\n\n\n\n<li>Myrtille Framboise &amp; P\u00eache Mangue Past\u00e8que<\/li>\n\n\n\n<li>Past\u00e8que \u00e0 la myrtille et mangue \u00e0 la fraise<\/li>\n\n\n\n<li>Glace aux myrtilles et glace au dragon noir<\/li>\n\n\n\n<li>Glace aux myrtilles, fraises et bananes<\/li>\n\n\n\n<li>Red Bull et past\u00e8que \u00e0 la myrtille<\/li>\n\n\n\n<li>Red Bull et bonbons \u00e0 la past\u00e8que<\/li>\n\n\n\n<li>Glace \u00e0 la fraise, au kiwi et \u00e0 la p\u00eache<\/li>\n\n\n\n<li>Cola Ice &amp; Cerise Canneberge<\/li>\n\n\n\n<li>Glace \u00e0 l'ananas et triple mangue<\/li>\n\n\n\n<li>Glace \u00e0 la fraise et glace au citron rose<\/li>\n\n\n\n<li>Cr\u00e8me glac\u00e9e au cerisier et \u00e0 la past\u00e8que<\/li>\n\n\n\n<li>Glace \u00e0 la cerise et \u00e0 la fraise Glace \u00e0 la cerise et \u00e0 la canneberge<\/li>\n\n\n\n<li>Lemon and Lime &amp; Blue Razzle<\/li>\n\n\n\n<li>Mojito framboise Glace p\u00eache et pomme poire<\/li>\n\n\n\n<li>Glace au litchi et confiture de melon<\/li>\n<\/ul>\n<\/div>\n\n\n\n<p>Plus d'informations <a href=\"https:\/\/vapemaison.com\/brand\/bang\/\">Bang<\/a> !<\/p>\n<\/div>","protected":false},"excerpt":{"rendered":"<p>Le Bang Leader 45000 Puffs Disposable Device est con\u00e7u pour la performance, la puissance et l'endurance. Con\u00e7u pour les utilisateurs qui exigent une satisfaction durable, il d\u00e9livre jusqu'\u00e0 45 000 bouff\u00e9es de vapeur riche et r\u00e9guli\u00e8re.<\/p>","protected":false},"featured_media":8119,"comment_status":"open","ping_status":"closed","template":"","meta":[],"product_brand":[57],"product_cat":[156,142],"product_tag":[],"class_list":{"0":"post-8068","1":"product","2":"type-product","3":"status-publish","4":"has-post-thumbnail","6":"product_brand-bang","7":"product_cat-45k-puffs","8":"product_cat-eu-stock","10":"first","11":"instock","12":"sale","13":"shipping-taxable","14":"purchasable","15":"product-type-variable"},"yoast_head":"<!-- This site is optimized with the Yoast SEO plugin v27.4 - https:\/\/yoast.com\/product\/yoast-seo-wordpress\/ -->\n<title>Bang Leader 45000 Puffs Disposable Device Dual E-liquid Pods<\/title>\n<meta name=\"description\" content=\"Explore the Bang Leader 45000 Puffs Disposable Device. Enjoy 12 unique flavors, and multiple nicotine options for a smooth and lasting experience.\" \/>\n<meta name=\"robots\" content=\"index, follow, max-snippet:-1, max-image-preview:large, max-video-preview:-1\" \/>\n<link rel=\"canonical\" href=\"https:\/\/vapemaison.com\/fr\/produit\/bang-leader-45000-puffs-disposable-device\/\" \/>\n<meta property=\"og:locale\" content=\"fr_FR\" \/>\n<meta property=\"og:type\" content=\"article\" \/>\n<meta property=\"og:title\" content=\"Bang Leader 45000 Puffs Disposable Device Dual E-liquid Pods\" \/>\n<meta property=\"og:description\" content=\"Explore the Bang Leader 45000 Puffs Disposable Device. Enjoy 12 unique flavors, and multiple nicotine options for a smooth and lasting experience.\" \/>\n<meta property=\"og:url\" content=\"https:\/\/vapemaison.com\/fr\/produit\/bang-leader-45000-puffs-disposable-device\/\" \/>\n<meta property=\"og:site_name\" content=\"VapeMaison\" \/>\n<meta property=\"article:modified_time\" content=\"2026-05-13T11:13:37+00:00\" \/>\n<meta property=\"og:image\" content=\"https:\/\/vapemaison.com\/wp-content\/uploads\/2025\/10\/vape-bang-leader-45000-45k-puffs-pineapple-ice-triple-mango.jpg\" \/>\n\t<meta property=\"og:image:width\" content=\"800\" \/>\n\t<meta property=\"og:image:height\" content=\"800\" \/>\n\t<meta property=\"og:image:type\" content=\"image\/jpeg\" \/>\n<meta name=\"twitter:card\" content=\"summary_large_image\" \/>\n<meta name=\"twitter:label1\" content=\"Dur\u00e9e de lecture estim\u00e9e\" \/>\n\t<meta name=\"twitter:data1\" content=\"2 minutes\" \/>\n<!-- \/ Yoast SEO plugin. -->","yoast_head_json":{"title":"Bang Leader 45000 Puffs Disposable Device Dual E-liquid Pods","description":"D\u00e9couvrez le dispositif jetable Bang Leader 45000 bouff\u00e9es. Appr\u00e9ciez 12 saveurs uniques et plusieurs options de nicotine pour une exp\u00e9rience douce et durable.","robots":{"index":"index","follow":"follow","max-snippet":"max-snippet:-1","max-image-preview":"max-image-preview:large","max-video-preview":"max-video-preview:-1"},"canonical":"https:\/\/vapemaison.com\/fr\/produit\/bang-leader-45000-puffs-disposable-device\/","og_locale":"fr_FR","og_type":"article","og_title":"Bang Leader 45000 Puffs Disposable Device Dual E-liquid Pods","og_description":"Explore the Bang Leader 45000 Puffs Disposable Device. Enjoy 12 unique flavors, and multiple nicotine options for a smooth and lasting experience.","og_url":"https:\/\/vapemaison.com\/fr\/produit\/bang-leader-45000-puffs-disposable-device\/","og_site_name":"VapeMaison","article_modified_time":"2026-05-13T11:13:37+00:00","og_image":[{"width":800,"height":800,"url":"https:\/\/vapemaison.com\/wp-content\/uploads\/2025\/10\/vape-bang-leader-45000-45k-puffs-pineapple-ice-triple-mango.jpg","type":"image\/jpeg"}],"twitter_card":"summary_large_image","twitter_misc":{"Dur\u00e9e de lecture estim\u00e9e":"2 minutes"},"schema":{"@context":"https:\/\/schema.org","@graph":[{"@type":"WebPage","@id":"https:\/\/vapemaison.com\/product\/bang-leader-45000-puffs-disposable-device\/","url":"https:\/\/vapemaison.com\/product\/bang-leader-45000-puffs-disposable-device\/","name":"Bang Leader 45000 Puffs Disposable Device Dual E-liquid Pods","isPartOf":{"@id":"https:\/\/vapemaison.com\/#website"},"primaryImageOfPage":{"@id":"https:\/\/vapemaison.com\/product\/bang-leader-45000-puffs-disposable-device\/#primaryimage"},"image":{"@id":"https:\/\/vapemaison.com\/product\/bang-leader-45000-puffs-disposable-device\/#primaryimage"},"thumbnailUrl":"https:\/\/vapemaison.com\/wp-content\/uploads\/2025\/10\/vape-bang-leader-45000-45k-puffs-pineapple-ice-triple-mango.jpg","datePublished":"2025-10-22T07:08:18+00:00","dateModified":"2026-05-13T11:13:37+00:00","description":"D\u00e9couvrez le dispositif jetable Bang Leader 45000 bouff\u00e9es. Appr\u00e9ciez 12 saveurs uniques et plusieurs options de nicotine pour une exp\u00e9rience douce et durable.","breadcrumb":{"@id":"https:\/\/vapemaison.com\/product\/bang-leader-45000-puffs-disposable-device\/#breadcrumb"},"inLanguage":"fr-FR","potentialAction":[{"@type":"ReadAction","target":["https:\/\/vapemaison.com\/product\/bang-leader-45000-puffs-disposable-device\/"]}]},{"@type":"ImageObject","inLanguage":"fr-FR","@id":"https:\/\/vapemaison.com\/product\/bang-leader-45000-puffs-disposable-device\/#primaryimage","url":"https:\/\/vapemaison.com\/wp-content\/uploads\/2025\/10\/vape-bang-leader-45000-45k-puffs-pineapple-ice-triple-mango.jpg","contentUrl":"https:\/\/vapemaison.com\/wp-content\/uploads\/2025\/10\/vape-bang-leader-45000-45k-puffs-pineapple-ice-triple-mango.jpg","width":800,"height":800,"caption":"Vape Bang Leader 45k Puffs Pineapple Ice Triple Mango"},{"@type":"BreadcrumbList","@id":"https:\/\/vapemaison.com\/product\/bang-leader-45000-puffs-disposable-device\/#breadcrumb","itemListElement":[{"@type":"ListItem","position":1,"name":"\u9996\u9875","item":"https:\/\/vapemaison.com\/"},{"@type":"ListItem","position":2,"name":"Shop","item":"https:\/\/vapemaison.com\/shop\/"},{"@type":"ListItem","position":3,"name":"Bang","item":"https:\/\/vapemaison.com\/brand\/bang\/"},{"@type":"ListItem","position":4,"name":"Bang Leader 45000 Puffs Dual-Chamber Disposable Device \u2013 Type-C Rechargeable"}]},{"@type":"WebSite","@id":"https:\/\/vapemaison.com\/#website","url":"https:\/\/vapemaison.com\/","name":"VapeMaison","description":"Appareils et accessoires de vapotage haut de gamme","publisher":{"@id":"https:\/\/vapemaison.com\/#organization"},"potentialAction":[{"@type":"SearchAction","target":{"@type":"EntryPoint","urlTemplate":"https:\/\/vapemaison.com\/?s={search_term_string}"},"query-input":{"@type":"PropertyValueSpecification","valueRequired":true,"valueName":"search_term_string"}}],"inLanguage":"fr-FR"},{"@type":"Organization","@id":"https:\/\/vapemaison.com\/#organization","name":"VapeMaison","url":"https:\/\/vapemaison.com\/","logo":{"@type":"ImageObject","inLanguage":"fr-FR","@id":"https:\/\/vapemaison.com\/#\/schema\/logo\/image\/","url":"https:\/\/vapemaison.com\/wp-content\/uploads\/2026\/01\/cropped-vapemaison-logo-g-2026.webp","contentUrl":"https:\/\/vapemaison.com\/wp-content\/uploads\/2026\/01\/cropped-vapemaison-logo-g-2026.webp","width":350,"height":280,"caption":"VapeMaison"},"image":{"@id":"https:\/\/vapemaison.com\/#\/schema\/logo\/image\/"},"sameAs":["https:\/\/www.youtube.com\/@VapeMaison"]}]}},"tiered_pricing_type":"fixed","tiered_pricing_fixed_rules":{"30":"8.68","50":"8.21","100":"7.99","200":"7.68"},"tiered_pricing_product_settings":{"layout":"default","base_unit_name":{"singular":null,"plural":null},"default_variation":null},"tiered_pricing_minimum_quantity":10,"tiered_pricing_roles_data":[],"tiered_pricing_percentage_rules":[],"tiered_pricing_maximum_quantity":null,"tiered_pricing_quantity_step":"10","_links":{"self":[{"href":"https:\/\/vapemaison.com\/fr\/wp-json\/wp\/v2\/product\/8068","targetHints":{"allow":["GET"]}}],"collection":[{"href":"https:\/\/vapemaison.com\/fr\/wp-json\/wp\/v2\/product"}],"about":[{"href":"https:\/\/vapemaison.com\/fr\/wp-json\/wp\/v2\/types\/product"}],"replies":[{"embeddable":true,"href":"https:\/\/vapemaison.com\/fr\/wp-json\/wp\/v2\/comments?post=8068"}],"version-history":[{"count":0,"href":"https:\/\/vapemaison.com\/fr\/wp-json\/wp\/v2\/product\/8068\/revisions"}],"wp:featuredmedia":[{"embeddable":true,"href":"https:\/\/vapemaison.com\/fr\/wp-json\/wp\/v2\/media\/8119"}],"wp:attachment":[{"href":"https:\/\/vapemaison.com\/fr\/wp-json\/wp\/v2\/media?parent=8068"}],"wp:term":[{"taxonomy":"product_brand","embeddable":true,"href":"https:\/\/vapemaison.com\/fr\/wp-json\/wp\/v2\/product_brand?post=8068"},{"taxonomy":"product_cat","embeddable":true,"href":"https:\/\/vapemaison.com\/fr\/wp-json\/wp\/v2\/product_cat?post=8068"},{"taxonomy":"product_tag","embeddable":true,"href":"https:\/\/vapemaison.com\/fr\/wp-json\/wp\/v2\/product_tag?post=8068"}],"curies":[{"name":"wp","href":"https:\/\/api.w.org\/{rel}","templated":true}]}}