

{"id":8133,"date":"2025-10-22T10:12:47","date_gmt":"2025-10-22T10:12:47","guid":{"rendered":"https:\/\/vapemaison.com\/?post_type=product&#038;p=8133"},"modified":"2026-05-01T09:16:42","modified_gmt":"2026-05-01T09:16:42","slug":"bang-blaze-40000-puffs-vape-recharge-32-flavor-combos","status":"publish","type":"product","link":"https:\/\/vapemaison.com\/fr\/product\/bang-blaze-40000-puffs-vape-recharge-32-flavor-combos\/","title":{"rendered":"Bang Blaze 40000 40K Puffs Vape"},"content":{"rendered":"<p>Bang Blaze 40000 <a href=\"https:\/\/vapemaison.com\/product-category\/puffs-count\/40k-puffs\/\">Puff 40k<\/a> La Vape jetable est con\u00e7ue pour des performances \u00e9tendues et une flexibilit\u00e9 de saveurs, d\u00e9livrant jusqu'\u00e0 40K bouff\u00e9es dans un appareil compact et rechargeable. Avec un syst\u00e8me \u00e0 double ar\u00f4me et un e-liquide pr\u00e9-rempli de 40 ml, les utilisateurs peuvent passer d'un ar\u00f4me \u00e0 l'autre ou les combiner pour une exp\u00e9rience de m\u00e9lange.<\/p>\n\n\n\n<p>\u00c9quip\u00e9 d'une bobine \u00e0 double maille de 0,6\u03a9, il assure une vapeur fluide et homog\u00e8ne et une diffusion am\u00e9lior\u00e9e des ar\u00f4mes. La batterie rechargeable de 650mAh avec chargement Type-C fournit une alimentation fiable pour une utilisation durable, tandis que les multiples options de nicotine permettent une exp\u00e9rience de vapotage personnalis\u00e9e.<\/p>\n\n\n\n<p>Vous cherchez d'autres options \u00e0 partir de BANG ? D\u00e9couvrez nos <strong><a href=\"https:\/\/vapemaison.com\/brand\/bang\/\">Collection Bang Vape<\/a><\/strong> pour d\u00e9couvrir une large gamme de saveurs, de nombres de bouff\u00e9es et les derniers mod\u00e8les disponibles.<\/p>\n\n\n\n<h2 class=\"wp-block-heading\"><strong>Sp\u00e9cifications<\/strong><\/h2>\n\n\n\n<figure class=\"wp-block-table\"><table class=\"has-fixed-layout\"><thead><tr><th>Sp\u00e9cifications<\/th><th>D\u00e9tails<\/th><\/tr><\/thead><tbody><tr><td>Nombre de bouff\u00e9es<\/td><td>Jusqu'\u00e0 40 000 bouff\u00e9es<\/td><\/tr><tr><td>Capacit\u00e9 en e-liquide<\/td><td>40ml pr\u00e9-rempli<\/td><\/tr><tr><td>Syst\u00e8me d'ar\u00f4mes<\/td><td>Double saveur (m\u00e9langeable)<\/td><\/tr><tr><td>Batterie<\/td><td>650mAh Rechargeable<\/td><\/tr><tr><td>Bobine<\/td><td>Bobine Dual Mesh (0.6\u03a9)<\/td><\/tr><tr><td>Chargement<\/td><td>USB Type-C<\/td><\/tr><tr><td>Intensit\u00e9 de la nicotine<\/td><td>0%, 2%, 3%, 5%<\/td><\/tr><tr><td>Fonctionnement<\/td><td>Dessin activ\u00e9<\/td><\/tr><\/tbody><\/table><\/figure>\n\n\n\n<h3 class=\"wp-block-heading\">Combinaisons de deux ar\u00f4mes disponibles (32 options) :<\/h3>\n\n\n\n<ol class=\"wp-block-list\">\n<li>Past\u00e8que \/ Past\u00e8que \u00e0 la fraise<\/li>\n\n\n\n<li>Glace aux myrtilles \/ Framboise aux myrtilles<\/li>\n\n\n\n<li>Glace \u00e0 la mangue \/ Mangue \u00e0 la fraise<\/li>\n\n\n\n<li>Past\u00e8que \/ Past\u00e8que Bubblegum<\/li>\n\n\n\n<li>Ananas glac\u00e9 \/ Ananas noix de coco<\/li>\n\n\n\n<li>Fruits m\u00e9lang\u00e9s \/ Triple baie<\/li>\n\n\n\n<li>P\u00eache glac\u00e9e \/ Mangue p\u00eache<\/li>\n\n\n\n<li>Cerise \/ Coca cerise<\/li>\n\n\n\n<li>Raisin \/ Raisin myrtille<\/li>\n\n\n\n<li>Menthe \/ Myrtille Menthe<\/li>\n\n\n\n<li>Black Dragon Ice \/ Red Bull<\/li>\n\n\n\n<li>Fraise glac\u00e9e \/ Fraise kiwi<\/li>\n\n\n\n<li>Fruits tropicaux \/ Triple past\u00e8que<\/li>\n\n\n\n<li>Mangue acide Ananas \/ Citron vert<\/li>\n\n\n\n<li>Heure d'\u00e9t\u00e9 \/ Glace \u00e0 la pomme<\/li>\n\n\n\n<li>Bonbons arc-en-ciel \/ Cong\u00e9lation arctique<\/li>\n\n\n\n<li>Past\u00e8que \u00e0 la framboise \/ Jieshuang<\/li>\n\n\n\n<li>Romance au citron \/ Cerise de Californie<\/li>\n\n\n\n<li>Mangue P\u00eache Abricot \/ Gommes blanches<\/li>\n\n\n\n<li>Mary's Dream \/ Aloe Mango Melon Ice<\/li>\n\n\n\n<li>Kiwi Fruit de la passion Goyave \/ Myrtille Cerise<\/li>\n\n\n\n<li>Ananas Mangue \/ Ananas Coco Glace<\/li>\n\n\n\n<li>Framboise Past\u00e8que \/ Aloe Vera Raisin<\/li>\n\n\n\n<li>Glace au litchi \/ Fraise au litchi<\/li>\n\n\n\n<li>Beach Sex \/ Past\u00e8que framboise<\/li>\n\n\n\n<li>Ourson gommeux \/ framboise noir paillet\u00e9<\/li>\n\n\n\n<li>Baies fra\u00eeches \/ past\u00e8que p\u00eache acidul\u00e9e<\/li>\n\n\n\n<li>Fraise Banane \/ Fruit de la passion Kiwi<\/li>\n\n\n\n<li>Acai Storm Ice \/ Love 66<\/li>\n\n\n\n<li>Limonade rose \/ Myrtille Cerise Citron<\/li>\n\n\n\n<li>Glace \u00e0 la fraise \/ Vanille \u00e0 la fraise<\/li>\n\n\n\n<li>Myrtille, canneberge, cerise \/ past\u00e8que, cerise<\/li>\n<\/ol>\n\n\n\n<p><\/p>","protected":false},"excerpt":{"rendered":"<p>Faites l'exp\u00e9rience d'une endurance et d'une saveur de niveau sup\u00e9rieur avec la Bang Blaze 40000 Puffs Vape. Dot\u00e9 d'un syst\u00e8me double saveur de 40ML, il vous permet de profiter de deux saveurs distinctes ou de les m\u00e9langer pour obtenir un troisi\u00e8me m\u00e9lange unique.  Disponible en 0%, 2%, 3%, et 5% nicotine, c'est le choix parfait pour les utilisateurs qui appr\u00e9cient \u00e0 la fois la performance et la vari\u00e9t\u00e9.<\/p>","protected":false},"featured_media":8156,"comment_status":"open","ping_status":"closed","template":"","meta":[],"product_brand":[57],"product_cat":[135,142],"product_tag":[],"class_list":{"0":"post-8133","1":"product","2":"type-product","3":"status-publish","4":"has-post-thumbnail","6":"product_brand-bang","7":"product_cat-40k-puffs","8":"product_cat-eu-stock","10":"first","11":"instock","12":"sale","13":"shipping-taxable","14":"purchasable","15":"product-type-variable"},"yoast_head":"<!-- This site is optimized with the Yoast SEO plugin v27.4 - https:\/\/yoast.com\/product\/yoast-seo-wordpress\/ -->\n<title>Bang Blaze 40000 40K Puffs Disposable Vape<\/title>\n<meta name=\"description\" content=\"Experience the Bang Blaze 40000 40K Puffs Vape with 40ML dual-flavor e-liquid. Enjoy up to 40K Puffs with triple taste options .\" \/>\n<meta name=\"robots\" content=\"index, follow, max-snippet:-1, max-image-preview:large, max-video-preview:-1\" \/>\n<link rel=\"canonical\" href=\"https:\/\/vapemaison.com\/fr\/produit\/bang-blaze-40000-puffs-vape-recharge-32-flavor-combos\/\" \/>\n<meta property=\"og:locale\" content=\"fr_FR\" \/>\n<meta property=\"og:type\" content=\"article\" \/>\n<meta property=\"og:title\" content=\"Bang Blaze 40000 40K Puffs Disposable Vape\" \/>\n<meta property=\"og:description\" content=\"Experience the Bang Blaze 40000 40K Puffs Vape with 40ML dual-flavor e-liquid. Enjoy up to 40K Puffs with triple taste options .\" \/>\n<meta property=\"og:url\" content=\"https:\/\/vapemaison.com\/fr\/produit\/bang-blaze-40000-puffs-vape-recharge-32-flavor-combos\/\" \/>\n<meta property=\"og:site_name\" content=\"VapeMaison\" \/>\n<meta property=\"article:modified_time\" content=\"2026-05-01T09:16:42+00:00\" \/>\n<meta property=\"og:image\" content=\"https:\/\/vapemaison.com\/wp-content\/uploads\/2025\/10\/bang-blaze-40000-puffs-vape-flavor-12.jpg\" \/>\n\t<meta property=\"og:image:width\" content=\"800\" \/>\n\t<meta property=\"og:image:height\" content=\"800\" \/>\n\t<meta property=\"og:image:type\" content=\"image\/jpeg\" \/>\n<meta name=\"twitter:card\" content=\"summary_large_image\" \/>\n<meta name=\"twitter:label1\" content=\"Dur\u00e9e de lecture estim\u00e9e\" \/>\n\t<meta name=\"twitter:data1\" content=\"2 minutes\" \/>\n<!-- \/ Yoast SEO plugin. -->","yoast_head_json":{"title":"Bang Blaze 40000 40K Puffs Vape jetable","description":"D\u00e9couvrez la vape Bang Blaze 40000 40K Puffs avec 40ML d'e-liquide double saveur. Appr\u00e9ciez jusqu'\u00e0 40K bouff\u00e9es avec trois options de go\u00fbt. .","robots":{"index":"index","follow":"follow","max-snippet":"max-snippet:-1","max-image-preview":"max-image-preview:large","max-video-preview":"max-video-preview:-1"},"canonical":"https:\/\/vapemaison.com\/fr\/produit\/bang-blaze-40000-puffs-vape-recharge-32-flavor-combos\/","og_locale":"fr_FR","og_type":"article","og_title":"Bang Blaze 40000 40K Puffs Disposable Vape","og_description":"Experience the Bang Blaze 40000 40K Puffs Vape with 40ML dual-flavor e-liquid. Enjoy up to 40K Puffs with triple taste options .","og_url":"https:\/\/vapemaison.com\/fr\/produit\/bang-blaze-40000-puffs-vape-recharge-32-flavor-combos\/","og_site_name":"VapeMaison","article_modified_time":"2026-05-01T09:16:42+00:00","og_image":[{"width":800,"height":800,"url":"https:\/\/vapemaison.com\/wp-content\/uploads\/2025\/10\/bang-blaze-40000-puffs-vape-flavor-12.jpg","type":"image\/jpeg"}],"twitter_card":"summary_large_image","twitter_misc":{"Dur\u00e9e de lecture estim\u00e9e":"2 minutes"},"schema":{"@context":"https:\/\/schema.org","@graph":[{"@type":"WebPage","@id":"https:\/\/vapemaison.com\/product\/bang-blaze-40000-puffs-vape-recharge-32-flavor-combos\/","url":"https:\/\/vapemaison.com\/product\/bang-blaze-40000-puffs-vape-recharge-32-flavor-combos\/","name":"Bang Blaze 40000 40K Puffs Vape jetable","isPartOf":{"@id":"https:\/\/vapemaison.com\/#website"},"primaryImageOfPage":{"@id":"https:\/\/vapemaison.com\/product\/bang-blaze-40000-puffs-vape-recharge-32-flavor-combos\/#primaryimage"},"image":{"@id":"https:\/\/vapemaison.com\/product\/bang-blaze-40000-puffs-vape-recharge-32-flavor-combos\/#primaryimage"},"thumbnailUrl":"https:\/\/vapemaison.com\/wp-content\/uploads\/2025\/10\/bang-blaze-40000-puffs-vape-flavor-12.jpg","datePublished":"2025-10-22T10:12:47+00:00","dateModified":"2026-05-01T09:16:42+00:00","description":"D\u00e9couvrez la vape Bang Blaze 40000 40K Puffs avec 40ML d'e-liquide double saveur. Appr\u00e9ciez jusqu'\u00e0 40K bouff\u00e9es avec trois options de go\u00fbt. .","breadcrumb":{"@id":"https:\/\/vapemaison.com\/product\/bang-blaze-40000-puffs-vape-recharge-32-flavor-combos\/#breadcrumb"},"inLanguage":"fr-FR","potentialAction":[{"@type":"ReadAction","target":["https:\/\/vapemaison.com\/product\/bang-blaze-40000-puffs-vape-recharge-32-flavor-combos\/"]}]},{"@type":"ImageObject","inLanguage":"fr-FR","@id":"https:\/\/vapemaison.com\/product\/bang-blaze-40000-puffs-vape-recharge-32-flavor-combos\/#primaryimage","url":"https:\/\/vapemaison.com\/wp-content\/uploads\/2025\/10\/bang-blaze-40000-puffs-vape-flavor-12.jpg","contentUrl":"https:\/\/vapemaison.com\/wp-content\/uploads\/2025\/10\/bang-blaze-40000-puffs-vape-flavor-12.jpg","width":800,"height":800,"caption":"Bang Blaze Puffs Vape Flavor"},{"@type":"BreadcrumbList","@id":"https:\/\/vapemaison.com\/product\/bang-blaze-40000-puffs-vape-recharge-32-flavor-combos\/#breadcrumb","itemListElement":[{"@type":"ListItem","position":1,"name":"\u9996\u9875","item":"https:\/\/vapemaison.com\/"},{"@type":"ListItem","position":2,"name":"Shop","item":"https:\/\/vapemaison.com\/shop\/"},{"@type":"ListItem","position":3,"name":"Bang","item":"https:\/\/vapemaison.com\/brand\/bang\/"},{"@type":"ListItem","position":4,"name":"Bang Blaze 40000 40K Puffs Vape"}]},{"@type":"WebSite","@id":"https:\/\/vapemaison.com\/#website","url":"https:\/\/vapemaison.com\/","name":"VapeMaison","description":"Appareils et accessoires de vapotage haut de gamme","publisher":{"@id":"https:\/\/vapemaison.com\/#organization"},"potentialAction":[{"@type":"SearchAction","target":{"@type":"EntryPoint","urlTemplate":"https:\/\/vapemaison.com\/?s={search_term_string}"},"query-input":{"@type":"PropertyValueSpecification","valueRequired":true,"valueName":"search_term_string"}}],"inLanguage":"fr-FR"},{"@type":"Organization","@id":"https:\/\/vapemaison.com\/#organization","name":"VapeMaison","url":"https:\/\/vapemaison.com\/","logo":{"@type":"ImageObject","inLanguage":"fr-FR","@id":"https:\/\/vapemaison.com\/#\/schema\/logo\/image\/","url":"https:\/\/vapemaison.com\/wp-content\/uploads\/2026\/01\/cropped-vapemaison-logo-g-2026.webp","contentUrl":"https:\/\/vapemaison.com\/wp-content\/uploads\/2026\/01\/cropped-vapemaison-logo-g-2026.webp","width":350,"height":280,"caption":"VapeMaison"},"image":{"@id":"https:\/\/vapemaison.com\/#\/schema\/logo\/image\/"},"sameAs":["https:\/\/www.youtube.com\/@VapeMaison"]}]}},"tiered_pricing_type":"fixed","tiered_pricing_fixed_rules":{"30":"8.98","50":"8.58","100":"8.10","200":"7.69"},"tiered_pricing_product_settings":{"layout":"default","base_unit_name":{"singular":null,"plural":null},"default_variation":null},"tiered_pricing_minimum_quantity":10,"tiered_pricing_roles_data":[],"tiered_pricing_percentage_rules":[],"tiered_pricing_maximum_quantity":null,"tiered_pricing_quantity_step":"10","_links":{"self":[{"href":"https:\/\/vapemaison.com\/fr\/wp-json\/wp\/v2\/product\/8133","targetHints":{"allow":["GET"]}}],"collection":[{"href":"https:\/\/vapemaison.com\/fr\/wp-json\/wp\/v2\/product"}],"about":[{"href":"https:\/\/vapemaison.com\/fr\/wp-json\/wp\/v2\/types\/product"}],"replies":[{"embeddable":true,"href":"https:\/\/vapemaison.com\/fr\/wp-json\/wp\/v2\/comments?post=8133"}],"version-history":[{"count":2,"href":"https:\/\/vapemaison.com\/fr\/wp-json\/wp\/v2\/product\/8133\/revisions"}],"predecessor-version":[{"id":28427,"href":"https:\/\/vapemaison.com\/fr\/wp-json\/wp\/v2\/product\/8133\/revisions\/28427"}],"wp:featuredmedia":[{"embeddable":true,"href":"https:\/\/vapemaison.com\/fr\/wp-json\/wp\/v2\/media\/8156"}],"wp:attachment":[{"href":"https:\/\/vapemaison.com\/fr\/wp-json\/wp\/v2\/media?parent=8133"}],"wp:term":[{"taxonomy":"product_brand","embeddable":true,"href":"https:\/\/vapemaison.com\/fr\/wp-json\/wp\/v2\/product_brand?post=8133"},{"taxonomy":"product_cat","embeddable":true,"href":"https:\/\/vapemaison.com\/fr\/wp-json\/wp\/v2\/product_cat?post=8133"},{"taxonomy":"product_tag","embeddable":true,"href":"https:\/\/vapemaison.com\/fr\/wp-json\/wp\/v2\/product_tag?post=8133"}],"curies":[{"name":"wp","href":"https:\/\/api.w.org\/{rel}","templated":true}]}}