

{"id":8253,"date":"2025-10-23T05:30:13","date_gmt":"2025-10-23T05:30:13","guid":{"rendered":"https:\/\/vapemaison.com\/?post_type=product&#038;p=8253"},"modified":"2026-04-14T10:58:49","modified_gmt":"2026-04-14T10:58:49","slug":"bang-25000-puffs-jetable-vape","status":"publish","type":"product","link":"https:\/\/vapemaison.com\/fr\/product\/bang-25000-puffs-disposable-vape\/","title":{"rendered":"Bang 25000 25k Puffs Vape jetable"},"content":{"rendered":"<p>Le Bang 25k Puffs Disposable Vape est con\u00e7u pour offrir un \u00e9quilibre entre une performance de longue dur\u00e9e, une saveur constante et une utilisation conviviale. Avec jusqu'\u00e0 25 000 bouff\u00e9es et une capacit\u00e9 de 30 ml d'e-liquide pr\u00e9-rempli, il offre une utilisation prolong\u00e9e par rapport aux dispositifs jetables standard.<\/p>\n\n\n\n<p>Aliment\u00e9 par une batterie rechargeable de 650mAh, l'appareil assure une production stable tout au long de son cycle de vie. Le syst\u00e8me de d\u00e9bit d'air r\u00e9glable permet aux utilisateurs d'ajuster avec pr\u00e9cision la densit\u00e9 de la vapeur et la r\u00e9sistance au tirage, tandis que la bobine \u00e0 mailles de 1,0\u03a9 am\u00e9liore la coh\u00e9rence des saveurs et la production de vapeur en douceur. Plusieurs options de taux de nicotine sont disponibles, offrant une flexibilit\u00e9 pour diff\u00e9rentes pr\u00e9f\u00e9rences.<\/p>\n\n\n\n<p>Vous cherchez d'autres options \u00e0 partir de BANG ? D\u00e9couvrez nos <strong><a href=\"https:\/\/vapemaison.com\/brand\/bang\/\">Collection Bang Vape<\/a><\/strong> pour d\u00e9couvrir une large gamme d'ar\u00f4mes, de nombres de bouff\u00e9es et les derniers mod\u00e8les disponibles. Lisez notre <strong><a href=\"https:\/\/vapemaison.com\/2026-no-nicotine-vape-guide-why-zero-nic-is-the-future-of-vaping\/\">guide pour choisir la bonne vape jetable<\/a><\/strong> Vous pouvez \u00e9galement consulter notre site web pour trouver la meilleure option pour vos besoins. <strong><a href=\"https:\/\/vapemaison.com\/product-category\/hot-series\/\">les vapes jetables les plus vendues<\/a><\/strong> pour voir ce que les autres clients ach\u00e8tent en ce moment.<\/p>\n\n\n\n<p><\/p>\n\n\n\n<h2 class=\"wp-block-heading\"><strong>Sp\u00e9cifications<\/strong><\/h2>\n\n\n\n<figure class=\"wp-block-table\"><table class=\"has-fixed-layout\"><thead><tr><th>Sp\u00e9cifications<\/th><th>D\u00e9tails<\/th><\/tr><\/thead><tbody><tr><td>Nombre de bouff\u00e9es<\/td><td>Jusqu'\u00e0 25 000 bouff\u00e9es<\/td><\/tr><tr><td>Capacit\u00e9 en e-liquide<\/td><td>30ml pr\u00e9-rempli<\/td><\/tr><tr><td>Batterie<\/td><td>650mAh Rechargeable<\/td><\/tr><tr><td>Bobine<\/td><td>Bobine en maille (1.0\u03a9)<\/td><\/tr><tr><td>D\u00e9bit d'air<\/td><td>R\u00e9glable<\/td><\/tr><tr><td>Chargement<\/td><td>USB Type-C<\/td><\/tr><tr><td>Intensit\u00e9 de la nicotine<\/td><td>0%, 2%, 3%, 5%<\/td><\/tr><tr><td>Fonctionnement<\/td><td>Dessin activ\u00e9<\/td><\/tr><\/tbody><\/table><\/figure>\n\n\n\n<h2 class=\"wp-block-heading\"><strong>Saveurs disponibles<\/strong><\/h2>\n\n\n\n<ul class=\"wp-block-list\">\n<li>Glace aux myrtilles<\/li>\n\n\n\n<li>Fraise Kiwi<\/li>\n\n\n\n<li>Past\u00e8que \u00e0 la fraise<\/li>\n\n\n\n<li>M\u00e9lange de fruits<\/li>\n\n\n\n<li>Myrtille Menthe<\/li>\n\n\n\n<li>Sang de tigre<\/li>\n\n\n\n<li>Mangue P\u00eache<\/li>\n\n\n\n<li>Glace de raisin<\/li>\n\n\n\n<li>Myrtille Framboise<\/li>\n\n\n\n<li>Glace \u00e0 la past\u00e8que<\/li>\n\n\n\n<li>Gomme \u00e0 m\u00e2cher \u00e0 la past\u00e8que<\/li>\n\n\n\n<li>Glace \u00e0 la fraise<\/li>\n<\/ul>\n\n\n\n<h2 class=\"wp-block-heading\"><strong>Pourquoi choisir Bang 25k Puffs<\/strong><\/h2>\n\n\n\n<p>Bang 25000 est con\u00e7u pour les utilisateurs qui ont besoin d'une utilisation prolong\u00e9e sans sacrifier le contr\u00f4le ou la qualit\u00e9 des saveurs. Sa grande capacit\u00e9 d'e-liquide et son nombre \u00e9lev\u00e9 de bouff\u00e9es r\u00e9duisent le besoin de remplacements fr\u00e9quents, tandis que le syst\u00e8me de flux d'air r\u00e9glable permet une exp\u00e9rience de vapotage plus personnalis\u00e9e.<\/p>\n\n\n\n<p>La technologie de la bobine \u00e0 mailles assure un chauffage constant et un d\u00e9bit de vapeur r\u00e9gulier, tout en maintenant la stabilit\u00e9 des ar\u00f4mes tout au long du cycle d'utilisation. Associ\u00e9 \u00e0 une batterie rechargeable et \u00e0 plusieurs options de nicotine, il constitue une solution pratique et flexible pour le vapotage quotidien.<\/p>\n\n\n\n<p><\/p>","protected":false},"excerpt":{"rendered":"<p>Voici la Bang 25000 Puffs Disposable Vape, un appareil de grande capacit\u00e9 offrant un nombre impressionnant de 25 000 bouff\u00e9es pour une commodit\u00e9 in\u00e9gal\u00e9e. Cette vape jetable est pr\u00e9-remplie de 30 ml d'e-liquide et offre des options de taux de nicotine de 0%, 2%, 3%, et 5%, r\u00e9pondant ainsi \u00e0 une gamme de pr\u00e9f\u00e9rences d'utilisateurs.\u00a0<\/p>","protected":false},"featured_media":8261,"comment_status":"open","ping_status":"closed","template":"","meta":[],"product_brand":[57],"product_cat":[144,142],"product_tag":[],"class_list":{"0":"post-8253","1":"product","2":"type-product","3":"status-publish","4":"has-post-thumbnail","6":"product_brand-bang","7":"product_cat-25k-puffs","8":"product_cat-eu-stock","10":"first","11":"instock","12":"sale","13":"shipping-taxable","14":"purchasable","15":"product-type-variable"},"yoast_head":"<!-- This site is optimized with the Yoast SEO plugin v27.4 - https:\/\/yoast.com\/product\/yoast-seo-wordpress\/ -->\n<title>Bang 25000 25k Puffs Disposable Vape - VapeMaison<\/title>\n<meta name=\"description\" content=\"Discover the Bang 25000 25k Puffs Disposable Vape with 30ml e-liquid, adjustable airflow, and 1.0\u03a9 mesh coil for rich, smooth flavor.\" \/>\n<meta name=\"robots\" content=\"index, follow, max-snippet:-1, max-image-preview:large, max-video-preview:-1\" \/>\n<link rel=\"canonical\" href=\"https:\/\/vapemaison.com\/fr\/produit\/bang-25000-puffs-jetable-vape\/\" \/>\n<meta property=\"og:locale\" content=\"fr_FR\" \/>\n<meta property=\"og:type\" content=\"article\" \/>\n<meta property=\"og:title\" content=\"Bang 25000 25k Puffs Disposable Vape - VapeMaison\" \/>\n<meta property=\"og:description\" content=\"Discover the Bang 25000 25k Puffs Disposable Vape with 30ml e-liquid, adjustable airflow, and 1.0\u03a9 mesh coil for rich, smooth flavor.\" \/>\n<meta property=\"og:url\" content=\"https:\/\/vapemaison.com\/fr\/produit\/bang-25000-puffs-jetable-vape\/\" \/>\n<meta property=\"og:site_name\" content=\"VapeMaison\" \/>\n<meta property=\"article:modified_time\" content=\"2026-04-14T10:58:49+00:00\" \/>\n<meta property=\"og:image\" content=\"https:\/\/vapemaison.com\/wp-content\/uploads\/2025\/10\/bang-25000-puffs-strawberry-ice-flavor.webp\" \/>\n\t<meta property=\"og:image:width\" content=\"1000\" \/>\n\t<meta property=\"og:image:height\" content=\"1000\" \/>\n\t<meta property=\"og:image:type\" content=\"image\/webp\" \/>\n<meta name=\"twitter:card\" content=\"summary_large_image\" \/>\n<meta name=\"twitter:label1\" content=\"Dur\u00e9e de lecture estim\u00e9e\" \/>\n\t<meta name=\"twitter:data1\" content=\"2 minutes\" \/>\n<!-- \/ Yoast SEO plugin. -->","yoast_head_json":{"title":"Bang 25000 25k Puffs Vape jetable - VapeMaison","description":"D\u00e9couvrez la Bang 25000 25k Puffs Vape jetable avec 30ml d'e-liquide, un airflow r\u00e9glable, et une bobine mesh de 1,0\u03a9 pour une saveur riche et douce.","robots":{"index":"index","follow":"follow","max-snippet":"max-snippet:-1","max-image-preview":"max-image-preview:large","max-video-preview":"max-video-preview:-1"},"canonical":"https:\/\/vapemaison.com\/fr\/produit\/bang-25000-puffs-jetable-vape\/","og_locale":"fr_FR","og_type":"article","og_title":"Bang 25000 25k Puffs Disposable Vape - VapeMaison","og_description":"Discover the Bang 25000 25k Puffs Disposable Vape with 30ml e-liquid, adjustable airflow, and 1.0\u03a9 mesh coil for rich, smooth flavor.","og_url":"https:\/\/vapemaison.com\/fr\/produit\/bang-25000-puffs-jetable-vape\/","og_site_name":"VapeMaison","article_modified_time":"2026-04-14T10:58:49+00:00","og_image":[{"width":1000,"height":1000,"url":"https:\/\/vapemaison.com\/wp-content\/uploads\/2025\/10\/bang-25000-puffs-strawberry-ice-flavor.webp","type":"image\/webp"}],"twitter_card":"summary_large_image","twitter_misc":{"Dur\u00e9e de lecture estim\u00e9e":"2 minutes"},"schema":{"@context":"https:\/\/schema.org","@graph":[{"@type":"WebPage","@id":"https:\/\/vapemaison.com\/product\/bang-25000-puffs-disposable-vape\/","url":"https:\/\/vapemaison.com\/product\/bang-25000-puffs-disposable-vape\/","name":"Bang 25000 25k Puffs Vape jetable - VapeMaison","isPartOf":{"@id":"https:\/\/vapemaison.com\/#website"},"primaryImageOfPage":{"@id":"https:\/\/vapemaison.com\/product\/bang-25000-puffs-disposable-vape\/#primaryimage"},"image":{"@id":"https:\/\/vapemaison.com\/product\/bang-25000-puffs-disposable-vape\/#primaryimage"},"thumbnailUrl":"https:\/\/vapemaison.com\/wp-content\/uploads\/2025\/10\/bang-25000-puffs-strawberry-ice-flavor.webp","datePublished":"2025-10-23T05:30:13+00:00","dateModified":"2026-04-14T10:58:49+00:00","description":"D\u00e9couvrez la Bang 25000 25k Puffs Vape jetable avec 30ml d'e-liquide, un airflow r\u00e9glable, et une bobine mesh de 1,0\u03a9 pour une saveur riche et douce.","breadcrumb":{"@id":"https:\/\/vapemaison.com\/product\/bang-25000-puffs-disposable-vape\/#breadcrumb"},"inLanguage":"fr-FR","potentialAction":[{"@type":"ReadAction","target":["https:\/\/vapemaison.com\/product\/bang-25000-puffs-disposable-vape\/"]}]},{"@type":"ImageObject","inLanguage":"fr-FR","@id":"https:\/\/vapemaison.com\/product\/bang-25000-puffs-disposable-vape\/#primaryimage","url":"https:\/\/vapemaison.com\/wp-content\/uploads\/2025\/10\/bang-25000-puffs-strawberry-ice-flavor.webp","contentUrl":"https:\/\/vapemaison.com\/wp-content\/uploads\/2025\/10\/bang-25000-puffs-strawberry-ice-flavor.webp","width":1000,"height":1000,"caption":"Bang Puffs Strawberry Ice Flavor Disposable Vape Device"},{"@type":"BreadcrumbList","@id":"https:\/\/vapemaison.com\/product\/bang-25000-puffs-disposable-vape\/#breadcrumb","itemListElement":[{"@type":"ListItem","position":1,"name":"\u9996\u9875","item":"https:\/\/vapemaison.com\/"},{"@type":"ListItem","position":2,"name":"Shop","item":"https:\/\/vapemaison.com\/shop\/"},{"@type":"ListItem","position":3,"name":"Bang","item":"https:\/\/vapemaison.com\/brand\/bang\/"},{"@type":"ListItem","position":4,"name":"Bang 25000 25k Puffs Disposable Vape"}]},{"@type":"WebSite","@id":"https:\/\/vapemaison.com\/#website","url":"https:\/\/vapemaison.com\/","name":"VapeMaison","description":"Appareils et accessoires de vapotage haut de gamme","publisher":{"@id":"https:\/\/vapemaison.com\/#organization"},"potentialAction":[{"@type":"SearchAction","target":{"@type":"EntryPoint","urlTemplate":"https:\/\/vapemaison.com\/?s={search_term_string}"},"query-input":{"@type":"PropertyValueSpecification","valueRequired":true,"valueName":"search_term_string"}}],"inLanguage":"fr-FR"},{"@type":"Organization","@id":"https:\/\/vapemaison.com\/#organization","name":"VapeMaison","url":"https:\/\/vapemaison.com\/","logo":{"@type":"ImageObject","inLanguage":"fr-FR","@id":"https:\/\/vapemaison.com\/#\/schema\/logo\/image\/","url":"https:\/\/vapemaison.com\/wp-content\/uploads\/2026\/01\/cropped-vapemaison-logo-g-2026.webp","contentUrl":"https:\/\/vapemaison.com\/wp-content\/uploads\/2026\/01\/cropped-vapemaison-logo-g-2026.webp","width":350,"height":280,"caption":"VapeMaison"},"image":{"@id":"https:\/\/vapemaison.com\/#\/schema\/logo\/image\/"},"sameAs":["https:\/\/www.youtube.com\/@VapeMaison"]}]}},"tiered_pricing_type":"fixed","tiered_pricing_fixed_rules":{"30":"10.99","50":"10.29","100":"9.56","200":"8.42"},"tiered_pricing_product_settings":{"layout":"default","base_unit_name":{"singular":null,"plural":null},"default_variation":null},"tiered_pricing_minimum_quantity":10,"tiered_pricing_roles_data":[],"tiered_pricing_percentage_rules":[],"tiered_pricing_maximum_quantity":null,"tiered_pricing_quantity_step":"10","_links":{"self":[{"href":"https:\/\/vapemaison.com\/fr\/wp-json\/wp\/v2\/product\/8253","targetHints":{"allow":["GET"]}}],"collection":[{"href":"https:\/\/vapemaison.com\/fr\/wp-json\/wp\/v2\/product"}],"about":[{"href":"https:\/\/vapemaison.com\/fr\/wp-json\/wp\/v2\/types\/product"}],"replies":[{"embeddable":true,"href":"https:\/\/vapemaison.com\/fr\/wp-json\/wp\/v2\/comments?post=8253"}],"version-history":[{"count":2,"href":"https:\/\/vapemaison.com\/fr\/wp-json\/wp\/v2\/product\/8253\/revisions"}],"predecessor-version":[{"id":28430,"href":"https:\/\/vapemaison.com\/fr\/wp-json\/wp\/v2\/product\/8253\/revisions\/28430"}],"wp:featuredmedia":[{"embeddable":true,"href":"https:\/\/vapemaison.com\/fr\/wp-json\/wp\/v2\/media\/8261"}],"wp:attachment":[{"href":"https:\/\/vapemaison.com\/fr\/wp-json\/wp\/v2\/media?parent=8253"}],"wp:term":[{"taxonomy":"product_brand","embeddable":true,"href":"https:\/\/vapemaison.com\/fr\/wp-json\/wp\/v2\/product_brand?post=8253"},{"taxonomy":"product_cat","embeddable":true,"href":"https:\/\/vapemaison.com\/fr\/wp-json\/wp\/v2\/product_cat?post=8253"},{"taxonomy":"product_tag","embeddable":true,"href":"https:\/\/vapemaison.com\/fr\/wp-json\/wp\/v2\/product_tag?post=8253"}],"curies":[{"name":"wp","href":"https:\/\/api.w.org\/{rel}","templated":true}]}}