

{"id":8801,"date":"2025-10-24T10:32:47","date_gmt":"2025-10-24T10:32:47","guid":{"rendered":"https:\/\/vapemaison.com\/?post_type=product&#038;p=8801"},"modified":"2026-03-25T08:13:54","modified_gmt":"2026-03-25T08:13:54","slug":"bang-12000-puffs-jetable-vape","status":"publish","type":"product","link":"https:\/\/vapemaison.com\/fr\/product\/bang-12000-puffs-disposable-vape\/","title":{"rendered":"Bang Puff 12k Vape jetable"},"content":{"rendered":"<p>Faites l'exp\u00e9rience d'une performance de niveau sup\u00e9rieur avec la vape Puff 12k, con\u00e7ue pour les amateurs de saveurs et les gros consommateurs. \u00c9quip\u00e9 d'une puissante batterie de 650mAh et d'une grande capacit\u00e9 d'e-liquide de 20ML, il garantit une utilisation durable sans recharge fr\u00e9quente.<\/p>\n\n\n\n<p>Le programme avanc\u00e9 <strong>Technologie Mesh Coil combin\u00e9e \u00e0 une bobine m\u00e9canique de 1.0\u03a9<\/strong> offre une vapeur plus douce et am\u00e9liore consid\u00e9rablement la puret\u00e9 des ar\u00f4mes. Chaque bouff\u00e9e est riche, consistante et satisfaisante.<\/p>\n\n\n\n<p>La recharge se fait sans effort gr\u00e2ce \u00e0 la <strong>Port de type C avec entr\u00e9e 5V\/1A<\/strong>, vous permettant de vous remettre rapidement \u00e0 la pratique du vapotage. Le syst\u00e8me de <strong>Effet de lumi\u00e8re LED<\/strong> ajoute une touche moderne et \u00e9l\u00e9gante, rendant chaque session plus agr\u00e9able.<\/p>\n\n\n\n<p>Que vous pr\u00e9f\u00e9riez les options sans nicotine ou une satisfaction plus forte, ce dispositif offre <strong>0%, 2%, 3% et 5% taux de nicotine dans le sel<\/strong> pour r\u00e9pondre \u00e0 vos pr\u00e9f\u00e9rences personnelles.<\/p>\n\n\n\n<p>Vous cherchez d'autres options ? Vous pouvez explorer nos <strong><a href=\"https:\/\/vapemaison.com\/brand\/bang\/\">Collection BANG vape<\/a><\/strong> pour d\u00e9couvrir d'autres saveurs et mod\u00e8les. Si vous souhaitez comparer avec d'autres appareils, consultez notre <strong>cat\u00e9gorie vape jetable<\/strong> pour les produits les plus vendus. Vous ne savez pas lequel choisir ? Lisez notre <strong>guide pour choisir la bonne vape jetable<\/strong>. Vous pouvez \u00e9galement consulter nos <strong>les vapes jetables les plus vendues<\/strong> pour voir ce que les autres clients aiment.<\/p>\n\n\n\n<figure class=\"wp-block-table\"><table class=\"has-fixed-layout\"><thead><tr><th>Sp\u00e9cifications<\/th><th>D\u00e9tails<\/th><\/tr><\/thead><tbody><tr><td>Capacit\u00e9 en e-liquide<\/td><td>20ML<\/td><\/tr><tr><td>Batterie<\/td><td>650mAh<\/td><\/tr><tr><td>Port de charge<\/td><td>Type-C<\/td><\/tr><tr><td>Entr\u00e9e<\/td><td>5V \/ 1A<\/td><\/tr><tr><td>Type de bobine<\/td><td>Bobine de maille<\/td><\/tr><tr><td>R\u00e9sistance<\/td><td>1.0\u03a9 Mech Coil<\/td><\/tr><tr><td>Intensit\u00e9 de la nicotine<\/td><td>0% \/ 2% \/ 3% \/ 5%<\/td><\/tr><tr><td>Mat\u00e9riau<\/td><td>PC<\/td><\/tr><tr><td>Lumi\u00e8re LED<\/td><td>Oui<\/td><\/tr><tr><td>Emballage<\/td><td>10 pi\u00e8ces \/ bo\u00eete<\/td><\/tr><tr><td>Garantie<\/td><td>1 an<\/td><\/tr><tr><td>MFD<\/td><td>Voir l'emballage<\/td><\/tr><\/tbody><\/table><\/figure>\n\n\n\n<h2 class=\"wp-block-heading\">Liste des ar\u00f4mes<\/h2>\n\n\n\n<p>Fraise et banane<br>Kiwi Fruit de la passion Goyave<br>Fraise Kiwi<br>Glace Blue Razz<br>Pomme acide Framboise<br>Past\u00e8que Bubblegum<br>Past\u00e8que \u00e0 la fraise<br>Jus de fraise<br>Glace du dragon noir<br>Glace \u00e0 la past\u00e8que<br>Glace aux myrtilles<br>P\u00eache Mangue Past\u00e8que<br>Glace de raisin<br>M\u00e9lange de fruits<br>Lychee \u00e0 la fraise<br>Glace \u00e0 la menthe<br>Melon d'eau \u00e0 la framboise<br>Glace \u00e0 la fraise<br>Glace \u00e0 la p\u00eache<br>Fraise Mangue<\/p>","protected":false},"excerpt":{"rendered":"<p>Experience next-level performance with Puff 12k vape, designed for both flavor lovers and heavy users. Equipped with a powerful 650mAh battery and a large 20ML e-liquid capacity, it ensures long-lasting use without frequent recharging. The advanced Mesh Coil technology combined with a 1.0\u03a9 mech coil delivers smoother vapor and significantly enhances flavor purity. Every puff [&hellip;]<\/p>\n","protected":false},"featured_media":8814,"comment_status":"open","ping_status":"closed","template":"","meta":[],"product_brand":[57],"product_cat":[154],"product_tag":[],"class_list":{"0":"post-8801","1":"product","2":"type-product","3":"status-publish","4":"has-post-thumbnail","6":"product_brand-bang","7":"product_cat-12k-puffs","9":"first","10":"instock","11":"sale","12":"shipping-taxable","13":"purchasable","14":"product-type-variable"},"yoast_head":"<!-- This site is optimized with the Yoast SEO plugin v27.4 - https:\/\/yoast.com\/product\/yoast-seo-wordpress\/ -->\n<title>Bang Puff 12k Disposable Vape - 20ML E-Liquid, Fast Charging<\/title>\n<meta name=\"description\" content=\"Experience the Bang Puff 12k Disposable Vape. Enjoy quick recharging with TYPE-C fast charging and vibrant LED effects. Available your preferences.\" \/>\n<meta name=\"robots\" content=\"index, follow, max-snippet:-1, max-image-preview:large, max-video-preview:-1\" \/>\n<link rel=\"canonical\" href=\"https:\/\/vapemaison.com\/fr\/produit\/bang-12000-puffs-jetable-vape\/\" \/>\n<meta property=\"og:locale\" content=\"fr_FR\" \/>\n<meta property=\"og:type\" content=\"article\" \/>\n<meta property=\"og:title\" content=\"Bang Puff 12k Disposable Vape - 20ML E-Liquid, Fast Charging\" \/>\n<meta property=\"og:description\" content=\"Experience the Bang Puff 12k Disposable Vape. Enjoy quick recharging with TYPE-C fast charging and vibrant LED effects. Available your preferences.\" \/>\n<meta property=\"og:url\" content=\"https:\/\/vapemaison.com\/fr\/produit\/bang-12000-puffs-jetable-vape\/\" \/>\n<meta property=\"og:site_name\" content=\"VapeMaison\" \/>\n<meta property=\"article:modified_time\" content=\"2026-03-25T08:13:54+00:00\" \/>\n<meta property=\"og:image\" content=\"https:\/\/vapemaison.com\/wp-content\/uploads\/2025\/10\/Bang_12k-1-scaled-1.jpg\" \/>\n\t<meta property=\"og:image:width\" content=\"2045\" \/>\n\t<meta property=\"og:image:height\" content=\"2560\" \/>\n\t<meta property=\"og:image:type\" content=\"image\/jpeg\" \/>\n<meta name=\"twitter:card\" content=\"summary_large_image\" \/>\n<meta name=\"twitter:label1\" content=\"Dur\u00e9e de lecture estim\u00e9e\" \/>\n\t<meta name=\"twitter:data1\" content=\"2 minutes\" \/>\n<!-- \/ Yoast SEO plugin. -->","yoast_head_json":{"title":"Bang Puff 12k Vape jetable - 20ML E-Liquid, Chargement rapide","description":"D\u00e9couvrez le Bang Puff 12k Vape jetable. Profitez d'une recharge rapide gr\u00e2ce au chargement rapide TYPE-C et d'effets LED vibrants. Disponible selon vos pr\u00e9f\u00e9rences.","robots":{"index":"index","follow":"follow","max-snippet":"max-snippet:-1","max-image-preview":"max-image-preview:large","max-video-preview":"max-video-preview:-1"},"canonical":"https:\/\/vapemaison.com\/fr\/produit\/bang-12000-puffs-jetable-vape\/","og_locale":"fr_FR","og_type":"article","og_title":"Bang Puff 12k Disposable Vape - 20ML E-Liquid, Fast Charging","og_description":"Experience the Bang Puff 12k Disposable Vape. Enjoy quick recharging with TYPE-C fast charging and vibrant LED effects. Available your preferences.","og_url":"https:\/\/vapemaison.com\/fr\/produit\/bang-12000-puffs-jetable-vape\/","og_site_name":"VapeMaison","article_modified_time":"2026-03-25T08:13:54+00:00","og_image":[{"width":2045,"height":2560,"url":"https:\/\/vapemaison.com\/wp-content\/uploads\/2025\/10\/Bang_12k-1-scaled-1.jpg","type":"image\/jpeg"}],"twitter_card":"summary_large_image","twitter_misc":{"Dur\u00e9e de lecture estim\u00e9e":"2 minutes"},"schema":{"@context":"https:\/\/schema.org","@graph":[{"@type":"WebPage","@id":"https:\/\/vapemaison.com\/product\/bang-12000-puffs-disposable-vape\/","url":"https:\/\/vapemaison.com\/product\/bang-12000-puffs-disposable-vape\/","name":"Bang Puff 12k Vape jetable - 20ML E-Liquid, Chargement rapide","isPartOf":{"@id":"https:\/\/vapemaison.com\/#website"},"primaryImageOfPage":{"@id":"https:\/\/vapemaison.com\/product\/bang-12000-puffs-disposable-vape\/#primaryimage"},"image":{"@id":"https:\/\/vapemaison.com\/product\/bang-12000-puffs-disposable-vape\/#primaryimage"},"thumbnailUrl":"https:\/\/vapemaison.com\/wp-content\/uploads\/2025\/10\/Bang_12k-1-scaled-1.jpg","datePublished":"2025-10-24T10:32:47+00:00","dateModified":"2026-03-25T08:13:54+00:00","description":"D\u00e9couvrez le Bang Puff 12k Vape jetable. Profitez d'une recharge rapide gr\u00e2ce au chargement rapide TYPE-C et d'effets LED vibrants. Disponible selon vos pr\u00e9f\u00e9rences.","breadcrumb":{"@id":"https:\/\/vapemaison.com\/product\/bang-12000-puffs-disposable-vape\/#breadcrumb"},"inLanguage":"fr-FR","potentialAction":[{"@type":"ReadAction","target":["https:\/\/vapemaison.com\/product\/bang-12000-puffs-disposable-vape\/"]}]},{"@type":"ImageObject","inLanguage":"fr-FR","@id":"https:\/\/vapemaison.com\/product\/bang-12000-puffs-disposable-vape\/#primaryimage","url":"https:\/\/vapemaison.com\/wp-content\/uploads\/2025\/10\/Bang_12k-1-scaled-1.jpg","contentUrl":"https:\/\/vapemaison.com\/wp-content\/uploads\/2025\/10\/Bang_12k-1-scaled-1.jpg","width":2045,"height":2560,"caption":"Bang 12k 1 Scaled Disposable Vape Device"},{"@type":"BreadcrumbList","@id":"https:\/\/vapemaison.com\/product\/bang-12000-puffs-disposable-vape\/#breadcrumb","itemListElement":[{"@type":"ListItem","position":1,"name":"\u9996\u9875","item":"https:\/\/vapemaison.com\/"},{"@type":"ListItem","position":2,"name":"Shop","item":"https:\/\/vapemaison.com\/shop\/"},{"@type":"ListItem","position":3,"name":"Bang","item":"https:\/\/vapemaison.com\/brand\/bang\/"},{"@type":"ListItem","position":4,"name":"Bang Puff 12k Disposable Vape"}]},{"@type":"WebSite","@id":"https:\/\/vapemaison.com\/#website","url":"https:\/\/vapemaison.com\/","name":"VapeMaison","description":"Appareils et accessoires de vapotage haut de gamme","publisher":{"@id":"https:\/\/vapemaison.com\/#organization"},"potentialAction":[{"@type":"SearchAction","target":{"@type":"EntryPoint","urlTemplate":"https:\/\/vapemaison.com\/?s={search_term_string}"},"query-input":{"@type":"PropertyValueSpecification","valueRequired":true,"valueName":"search_term_string"}}],"inLanguage":"fr-FR"},{"@type":"Organization","@id":"https:\/\/vapemaison.com\/#organization","name":"VapeMaison","url":"https:\/\/vapemaison.com\/","logo":{"@type":"ImageObject","inLanguage":"fr-FR","@id":"https:\/\/vapemaison.com\/#\/schema\/logo\/image\/","url":"https:\/\/vapemaison.com\/wp-content\/uploads\/2026\/01\/cropped-vapemaison-logo-g-2026.webp","contentUrl":"https:\/\/vapemaison.com\/wp-content\/uploads\/2026\/01\/cropped-vapemaison-logo-g-2026.webp","width":350,"height":280,"caption":"VapeMaison"},"image":{"@id":"https:\/\/vapemaison.com\/#\/schema\/logo\/image\/"},"sameAs":["https:\/\/www.youtube.com\/@VapeMaison"]}]}},"tiered_pricing_type":"fixed","tiered_pricing_fixed_rules":{"30":"11.99","50":"10.68","100":"9.42","200":"8.56"},"tiered_pricing_product_settings":{"layout":"default","base_unit_name":{"singular":null,"plural":null},"default_variation":null},"tiered_pricing_minimum_quantity":10,"tiered_pricing_roles_data":[],"tiered_pricing_percentage_rules":[],"tiered_pricing_maximum_quantity":null,"tiered_pricing_quantity_step":"10","_links":{"self":[{"href":"https:\/\/vapemaison.com\/fr\/wp-json\/wp\/v2\/product\/8801","targetHints":{"allow":["GET"]}}],"collection":[{"href":"https:\/\/vapemaison.com\/fr\/wp-json\/wp\/v2\/product"}],"about":[{"href":"https:\/\/vapemaison.com\/fr\/wp-json\/wp\/v2\/types\/product"}],"replies":[{"embeddable":true,"href":"https:\/\/vapemaison.com\/fr\/wp-json\/wp\/v2\/comments?post=8801"}],"version-history":[{"count":2,"href":"https:\/\/vapemaison.com\/fr\/wp-json\/wp\/v2\/product\/8801\/revisions"}],"predecessor-version":[{"id":28449,"href":"https:\/\/vapemaison.com\/fr\/wp-json\/wp\/v2\/product\/8801\/revisions\/28449"}],"wp:featuredmedia":[{"embeddable":true,"href":"https:\/\/vapemaison.com\/fr\/wp-json\/wp\/v2\/media\/8814"}],"wp:attachment":[{"href":"https:\/\/vapemaison.com\/fr\/wp-json\/wp\/v2\/media?parent=8801"}],"wp:term":[{"taxonomy":"product_brand","embeddable":true,"href":"https:\/\/vapemaison.com\/fr\/wp-json\/wp\/v2\/product_brand?post=8801"},{"taxonomy":"product_cat","embeddable":true,"href":"https:\/\/vapemaison.com\/fr\/wp-json\/wp\/v2\/product_cat?post=8801"},{"taxonomy":"product_tag","embeddable":true,"href":"https:\/\/vapemaison.com\/fr\/wp-json\/wp\/v2\/product_tag?post=8801"}],"curies":[{"name":"wp","href":"https:\/\/api.w.org\/{rel}","templated":true}]}}