

{"id":8984,"date":"2025-10-25T07:07:17","date_gmt":"2025-10-25T07:07:17","guid":{"rendered":"https:\/\/vapemaison.com\/?post_type=product&#038;p=8984"},"modified":"2026-05-16T09:26:14","modified_gmt":"2026-05-16T09:26:14","slug":"hume-azul-24000-puffs-jetable-vape","status":"publish","type":"product","link":"https:\/\/vapemaison.com\/fr\/product\/hume-azul-24000-puffs-disposable-vape\/","title":{"rendered":"Azul Puff 24k Disposable Vape - Premium Mesh Coil, 600mAh Battery, 2% Nicotine"},"content":{"rendered":"<p>D\u00e9couvrez l'exp\u00e9rience de vapotage ultime avec le <strong>Azul Puff 24k Vape jetable<\/strong>, L'appareil est con\u00e7u pour ceux qui recherchent des performances \u00e9lev\u00e9es et une saveur exceptionnelle. Avec jusqu'\u00e0 <strong>24 000 bouff\u00e9es<\/strong> par appareil, il promet une satisfaction durable. Dot\u00e9 d'un <strong>bobine de maille<\/strong>, a <strong>Batterie de 600mAh<\/strong>, et un <strong>Port de charge de type C<\/strong>, Cet appareil est con\u00e7u pour offrir une exp\u00e9rience fluide et homog\u00e8ne. Appr\u00e9ciez une vari\u00e9t\u00e9 de saveurs d\u00e9licieuses avec <strong>2% teneur en nicotine<\/strong>, Il y en a pour tous les go\u00fbts.<\/p>\n\n\n\n<figure class=\"wp-block-embed is-type-video is-provider-youtube wp-block-embed-youtube wp-embed-aspect-9-16 wp-has-aspect-ratio\"><div class=\"wp-block-embed__wrapper\">\n<div class=\"video-container\"><iframe title=\"Humo Azul 24000 Puffs Vape - Unboxing &amp; How to Use | Watermelon Ice Flavor\" width=\"563\" height=\"1000\" src=\"https:\/\/www.youtube.com\/embed\/U0POWHMEwbU?feature=oembed\" frameborder=\"0\" allow=\"accelerometer; autoplay; clipboard-write; encrypted-media; gyroscope; picture-in-picture; web-share\" referrerpolicy=\"strict-origin-when-cross-origin\" allowfullscreen><\/iframe><\/div>\n<\/div><\/figure>\n\n\n\n<h3 class=\"wp-block-heading\"><strong>Pourquoi choisir <strong>Azul Puff 24k Vape jetable<\/strong>?<\/strong><\/h3>\n\n\n\n<p><strong>Capacit\u00e9 de bouff\u00e9e in\u00e9gal\u00e9e<\/strong><br>Avec jusqu'\u00e0 <strong>24000 bouff\u00e9es<\/strong>, le <strong>Humo Azul<\/strong> se distingue comme l'une des vapes jetables les plus durables sur le march\u00e9 aujourd'hui. Dites adieu aux remplacements constants et bonjour aux semaines de plaisir continu. Elle est parfaite pour les vapoteurs qui exigent une durabilit\u00e9 sans compromis sur les performances.<\/p>\n\n\n\n<p><strong>Technologie avanc\u00e9e d'enroulement en maille<\/strong><br>Notre <strong>Bobine de maille<\/strong> garanties technologiques <strong>une saveur plus riche et plus douce<\/strong> \u00e0 chaque inhalation. Contrairement aux serpentins traditionnels, les serpentins \u00e0 mailles chauffent l'e-liquide de mani\u00e8re homog\u00e8ne, cr\u00e9ant ainsi une vapeur plus satisfaisante et plus savoureuse. Attendez-vous \u00e0 un go\u00fbt constant qui ne s'estompe pas - parfait pour chaque session.<\/p>\n\n\n\n<p><strong>Puissance durable<\/strong><br>Aliment\u00e9 par un <strong>Batterie rechargeable de 600mAh<\/strong>, le <strong><strong>Humo Azul 24000 bouff\u00e9es Vape jetable<\/strong><\/strong> est con\u00e7u pour une utilisation \u00e0 long terme. Chargez-la gr\u00e2ce \u00e0 l'adaptateur pratique <strong>Port de type C<\/strong>, et vous pourrez recommencer \u00e0 vaper en un rien de temps avec un minimum de temps d'arr\u00eat.<\/p>\n\n\n\n<p><strong>Satisfaction douce de la nicotine<\/strong><br>Avec <strong>2% nicotine<\/strong>, Chaque bouff\u00e9e offre l'\u00e9quilibre id\u00e9al entre un hit satisfaisant et une exp\u00e9rience de vapotage en douceur. Que vous souhaitiez abandonner les cigarettes traditionnelles ou simplement profiter d'une alternative plus propre, cette vape est \u00e0 la hauteur \u00e0 chaque fois.<\/p>\n\n\n\n<p><strong>Caract\u00e9ristiques principales<\/strong>:<\/p>\n\n\n\n<ul class=\"wp-block-list\">\n<li><strong>24 000 bouff\u00e9es<\/strong>: Capacit\u00e9 de bouff\u00e9e maximale pour une exp\u00e9rience de vapotage prolong\u00e9e.<\/li>\n\n\n\n<li><strong>Technologie de la bobine en maille<\/strong>: Offre une saveur riche et pleine \u00e0 chaque inhalation.<\/li>\n\n\n\n<li><strong>Batterie de 600mAh<\/strong>: Puissance durable et efficace, garantissant un plaisir ininterrompu.<\/li>\n\n\n\n<li><strong>Chargement de type C<\/strong>: Chargement rapide et facile pour une commodit\u00e9 maximale.<\/li>\n\n\n\n<li><strong>2% Teneur en nicotine<\/strong>: Une touche de nicotine douce et satisfaisante.<\/li>\n<\/ul>\n\n\n\n<p><strong>Saveurs disponibles<\/strong>:<\/p>\n\n\n\n<ul class=\"wp-block-list\">\n<li><strong>Glace \u00e0 la p\u00eache<\/strong><\/li>\n\n\n\n<li><strong>Glace aux myrtilles<\/strong><\/li>\n\n\n\n<li><strong>Glace de raisin<\/strong><\/li>\n\n\n\n<li><strong>M\u00fbre Dragonfruit<\/strong><\/li>\n\n\n\n<li><strong>Glace au melon<\/strong><\/li>\n\n\n\n<li><strong>Fraise Past\u00e8que Raisin<\/strong><\/li>\n\n\n\n<li><strong>Citron vert<\/strong><\/li>\n\n\n\n<li><strong>Glace \u00e0 la past\u00e8que<\/strong><\/li>\n\n\n\n<li><strong>Fraise Canneberge Cerise<\/strong><\/li>\n\n\n\n<li><strong>Glace Blue Razz<\/strong><\/li>\n\n\n\n<li><strong>Fruit de la passion Kiwi Goyave<\/strong><\/li>\n<\/ul>\n\n\n\n<p><strong>Options d'emballage<\/strong>:<\/p>\n\n\n\n<ul class=\"wp-block-list\">\n<li><strong>Petit paquet<\/strong>: 1 pi\u00e8ce par paquet (Taille : 42.5<em>42.5<\/em>137mm)<\/li>\n\n\n\n<li><strong>Paquet moyen<\/strong>: 10 pi\u00e8ces par paquet (Taille : 218<em>89<\/em>140mm)<\/li>\n\n\n\n<li><strong>Carton de base<\/strong>Emballage : 200 pi\u00e8ces (Dimensions : 474x305x518mm, Poids : 20kg)<\/li>\n<\/ul>\n\n\n\n<h4 class=\"wp-block-heading\">Pour en savoir plus sur les produits de la marque, <a href=\"https:\/\/vapemaison.com\/shop\/\">cliquez ici<\/a> pour en savoir plus ! Explorez le monde du vapotage haut de gamme \u00e0 <a href=\"https:\/\/vapemaison.com\/\">VapeMaison<\/a>, o\u00f9 l'innovation rencontre le style. Parcourez notre collection compl\u00e8te sur le site <a href=\"https:\/\/vapemaison.com\/shop\/\">Boutique<\/a> ou d\u00e9couvrez la populaire page <a href=\"https:\/\/vapemaison.com\/brand\/humo-azul\/\">Collection de la marque Humo Vape<\/a> et <a href=\"https:\/\/vapemaison.com\/brand\/bang\/\">Bang<\/a> appr\u00e9ci\u00e9s par les vapoteurs du monde entier. Vous cherchez d'autres options ? Consultez tous nos <a href=\"https:\/\/vapemaison.com\/product-category\/puffs-count\/\">Puffs<\/a> et trouver le produit qui correspond parfaitement \u00e0 vos go\u00fbts et \u00e0 votre style de vie.<\/h4>\n\n\n\n<h2 class=\"wp-block-heading has-text-align-center\">Faqs<\/h2>\n\n\n\n<h3 class=\"wp-block-heading\">1<strong>. Quelle est la dur\u00e9e de vie du Humo Azul 24k ?<\/strong><\/h3>\n\n\n\n<p>Le Humo Azul 24000 est con\u00e7u pour fournir <strong>jusqu'\u00e0 24 000 bouff\u00e9es<\/strong>, La dur\u00e9e r\u00e9elle varie en fonction des habitudes de vapotage de chacun. Sa grande capacit\u00e9 en fait une excellente option pour les utilisateurs \u00e0 la recherche d'un appareil pouvant les accompagner pendant une p\u00e9riode prolong\u00e9e.<\/p>\n\n\n\n<h3 class=\"wp-block-heading\"><strong>2. Combien de temps faut-il pour recharger le Humo Azul ?<\/strong><\/h3>\n\n\n\n<p>Ce dispositif comprend un <strong>Batterie rechargeable de 600mAh<\/strong>, qui n\u00e9cessite g\u00e9n\u00e9ralement <strong>35-45 minutes<\/strong> pour atteindre une charge compl\u00e8te via le Type-C. La fonction de charge rapide minimise le temps d'attente, ce qui vous permet de recommencer \u00e0 vaper rapidement.<\/p>\n\n\n\n<h3 class=\"wp-block-heading\"><strong>3. Comment puis-je savoir si l'Azul Puff 24k est fini ?<\/strong><\/h3>\n\n\n\n<p>Vous remarquerez que c'est vers la fin quand <strong>la saveur devient faible<\/strong>, Le d\u00e9bit de vapeur diminue ou l'appareil cesse compl\u00e8tement de produire de la vapeur. Certains utilisateurs observent \u00e9galement que l'appareil semble plus l\u00e9ger une fois que tout l'e-liquide a \u00e9t\u00e9 consomm\u00e9.<\/p>\n\n\n\n<h3 class=\"wp-block-heading\"><strong>4. Puis-je recharger le Humo Azul 24000 ?<\/strong><\/h3>\n\n\n\n<p>Non. Le Humo Azul 24000 est un <strong>dispositif jetable \u00e0 usage unique<\/strong>, Cela signifie qu'il ne peut pas \u00eatre recharg\u00e9. Une fois le e-liquide int\u00e9gr\u00e9 \u00e9puis\u00e9, il suffit de jeter l'appareil et d'en changer.<\/p>\n\n\n\n<h3 class=\"wp-block-heading\"><strong>5. Ce dispositif est-il adapt\u00e9 aux d\u00e9butants ?<\/strong><\/h3>\n\n\n\n<p>Oui. <strong>conception simple, de l'inhalation \u00e0 l'activation<\/strong> le rend particuli\u00e8rement adapt\u00e9 aux nouveaux vapoteurs. Sans boutons ni r\u00e9glages \u00e0 g\u00e9rer, les d\u00e9butants peuvent profiter imm\u00e9diatement d'une exp\u00e9rience fluide et homog\u00e8ne.<\/p>\n\n\n\n<h3 class=\"wp-block-heading\">6. combien de temps dure l'exp\u00e9dition ?<\/h3>\n\n\n\n<p>Les commandes sont trait\u00e9es dans un d\u00e9lai de <strong>24 heures<\/strong> apr\u00e8s confirmation du paiement.<br>Le <strong>Humo Azul<\/strong> Le produit est actuellement stock\u00e9 dans notre <strong>Entrep\u00f4t en Allemagne<\/strong>.<\/p>\n\n\n\n<ul class=\"wp-block-list\">\n<li><strong>Allemagne :<\/strong> 3-5 jours ouvrables<\/li>\n\n\n\n<li><strong>Autres pays europ\u00e9ens :<\/strong> 5-7 jours ouvrables<\/li>\n\n\n\n<li><strong>Hors Europe :<\/strong> Exp\u00e9di\u00e9 de Chine, environ 10-15 jours ouvrables<\/li>\n<\/ul>\n\n\n\n<p>Les d\u00e9lais de livraison r\u00e9els peuvent varier en fonction de la destination et des coutumes locales. Si vous avez besoin d'informations plus pr\u00e9cises, veuillez contacter notre service client\u00e8le avant de passer votre commande.<\/p>","protected":false},"excerpt":{"rendered":"<p data-start=\"155\" data-end=\"418\">Le <strong data-start=\"159\" data-end=\"200\">Humo Azul 24000 bouff\u00e9es Vape jetable<\/strong> est con\u00e7u pour les vapoteurs qui souhaitent une utilisation prolong\u00e9e sans sacrifier la saveur ou la consistance. Facile \u00e0 utiliser, confortable \u00e0 transporter et disponible dans une large gamme de saveurs populaires, c'est une option quotidienne fiable pour ceux qui appr\u00e9cient les performances durables et une vape propre et \u00e9quilibr\u00e9e.<\/p>","protected":false},"featured_media":8985,"comment_status":"open","ping_status":"closed","template":"","meta":[],"product_brand":[166],"product_cat":[292],"product_tag":[],"class_list":{"0":"post-8984","1":"product","2":"type-product","3":"status-publish","4":"has-post-thumbnail","6":"product_brand-humo-azul","7":"product_cat-24k-puffs","9":"first","10":"instock","11":"sale","12":"shipping-taxable","13":"purchasable","14":"product-type-variable"},"yoast_head":"<!-- This site is optimized with the Yoast SEO plugin v27.4 - https:\/\/yoast.com\/product\/yoast-seo-wordpress\/ -->\n<title>Azul Puff 24k Disposable Vape - Mesh Coil, 10+ Flavors<\/title>\n<meta name=\"description\" content=\"Shop the Azul Puff 24k Disposable Vape for a premium vaping experience. Enjoy up to 24,000 puffs with mesh coil technology.\" \/>\n<meta name=\"robots\" content=\"index, follow, max-snippet:-1, max-image-preview:large, max-video-preview:-1\" \/>\n<link rel=\"canonical\" href=\"https:\/\/vapemaison.com\/fr\/produit\/hume-azul-24000-puffs-jetable-vape\/\" \/>\n<meta property=\"og:locale\" content=\"fr_FR\" \/>\n<meta property=\"og:type\" content=\"article\" \/>\n<meta property=\"og:title\" content=\"Azul Puff 24k Disposable Vape - Mesh Coil, 10+ Flavors\" \/>\n<meta property=\"og:description\" content=\"Shop the Azul Puff 24k Disposable Vape for a premium vaping experience. Enjoy up to 24,000 puffs with mesh coil technology.\" \/>\n<meta property=\"og:url\" content=\"https:\/\/vapemaison.com\/fr\/produit\/hume-azul-24000-puffs-jetable-vape\/\" \/>\n<meta property=\"og:site_name\" content=\"VapeMaison\" \/>\n<meta property=\"article:modified_time\" content=\"2026-05-16T09:26:14+00:00\" \/>\n<meta property=\"og:image\" content=\"https:\/\/vapemaison.com\/wp-content\/uploads\/2025\/10\/humo-azul-24000-puffs-flavor-blackberry-dragonfruit-picture-scaled.png\" \/>\n\t<meta property=\"og:image:width\" content=\"2560\" \/>\n\t<meta property=\"og:image:height\" content=\"2560\" \/>\n\t<meta property=\"og:image:type\" content=\"image\/png\" \/>\n<meta name=\"twitter:card\" content=\"summary_large_image\" \/>\n<meta name=\"twitter:label1\" content=\"Dur\u00e9e de lecture estim\u00e9e\" \/>\n\t<meta name=\"twitter:data1\" content=\"4 minutes\" \/>\n<!-- \/ Yoast SEO plugin. -->","yoast_head_json":{"title":"Azul Puff 24k Vape jetable - Mesh Coil, 10+ Flavors","description":"L'Azul Puff 24k Disposable Vape vous offre une exp\u00e9rience de vapotage de premi\u00e8re qualit\u00e9. Profitez de 24 000 bouff\u00e9es gr\u00e2ce \u00e0 la technologie mesh coil.","robots":{"index":"index","follow":"follow","max-snippet":"max-snippet:-1","max-image-preview":"max-image-preview:large","max-video-preview":"max-video-preview:-1"},"canonical":"https:\/\/vapemaison.com\/fr\/produit\/hume-azul-24000-puffs-jetable-vape\/","og_locale":"fr_FR","og_type":"article","og_title":"Azul Puff 24k Disposable Vape - Mesh Coil, 10+ Flavors","og_description":"Shop the Azul Puff 24k Disposable Vape for a premium vaping experience. Enjoy up to 24,000 puffs with mesh coil technology.","og_url":"https:\/\/vapemaison.com\/fr\/produit\/hume-azul-24000-puffs-jetable-vape\/","og_site_name":"VapeMaison","article_modified_time":"2026-05-16T09:26:14+00:00","og_image":[{"width":2560,"height":2560,"url":"https:\/\/vapemaison.com\/wp-content\/uploads\/2025\/10\/humo-azul-24000-puffs-flavor-blackberry-dragonfruit-picture-scaled.png","type":"image\/png"}],"twitter_card":"summary_large_image","twitter_misc":{"Dur\u00e9e de lecture estim\u00e9e":"4 minutes"},"schema":{"@context":"https:\/\/schema.org","@graph":[{"@type":"WebPage","@id":"https:\/\/vapemaison.com\/product\/hume-azul-24000-puffs-disposable-vape\/","url":"https:\/\/vapemaison.com\/product\/hume-azul-24000-puffs-disposable-vape\/","name":"Azul Puff 24k Vape jetable - Mesh Coil, 10+ Flavors","isPartOf":{"@id":"https:\/\/vapemaison.com\/#website"},"primaryImageOfPage":{"@id":"https:\/\/vapemaison.com\/product\/hume-azul-24000-puffs-disposable-vape\/#primaryimage"},"image":{"@id":"https:\/\/vapemaison.com\/product\/hume-azul-24000-puffs-disposable-vape\/#primaryimage"},"thumbnailUrl":"https:\/\/vapemaison.com\/wp-content\/uploads\/2025\/10\/humo-azul-24000-puffs-flavor-blackberry-dragonfruit-picture-scaled.png","datePublished":"2025-10-25T07:07:17+00:00","dateModified":"2026-05-16T09:26:14+00:00","description":"L'Azul Puff 24k Disposable Vape vous offre une exp\u00e9rience de vapotage de premi\u00e8re qualit\u00e9. Profitez de 24 000 bouff\u00e9es gr\u00e2ce \u00e0 la technologie mesh coil.","breadcrumb":{"@id":"https:\/\/vapemaison.com\/product\/hume-azul-24000-puffs-disposable-vape\/#breadcrumb"},"inLanguage":"fr-FR","potentialAction":[{"@type":"ReadAction","target":["https:\/\/vapemaison.com\/product\/hume-azul-24000-puffs-disposable-vape\/"]}]},{"@type":"ImageObject","inLanguage":"fr-FR","@id":"https:\/\/vapemaison.com\/product\/hume-azul-24000-puffs-disposable-vape\/#primaryimage","url":"https:\/\/vapemaison.com\/wp-content\/uploads\/2025\/10\/humo-azul-24000-puffs-flavor-blackberry-dragonfruit-picture-scaled.png","contentUrl":"https:\/\/vapemaison.com\/wp-content\/uploads\/2025\/10\/humo-azul-24000-puffs-flavor-blackberry-dragonfruit-picture-scaled.png","width":2560,"height":2560,"caption":"Humo Azul Puffs Flavor Blackberry Dragonfruit Picture Scaled Disposable Vape Device"},{"@type":"BreadcrumbList","@id":"https:\/\/vapemaison.com\/product\/hume-azul-24000-puffs-disposable-vape\/#breadcrumb","itemListElement":[{"@type":"ListItem","position":1,"name":"\u9996\u9875","item":"https:\/\/vapemaison.com\/"},{"@type":"ListItem","position":2,"name":"Shop","item":"https:\/\/vapemaison.com\/shop\/"},{"@type":"ListItem","position":3,"name":"Humo Azul","item":"https:\/\/vapemaison.com\/brand\/humo-azul\/"},{"@type":"ListItem","position":4,"name":"Azul Puff 24k Disposable Vape \u2013 Premium Mesh Coil, 600mAh Battery, 2% Nicotine"}]},{"@type":"WebSite","@id":"https:\/\/vapemaison.com\/#website","url":"https:\/\/vapemaison.com\/","name":"VapeMaison","description":"Appareils et accessoires de vapotage haut de gamme","publisher":{"@id":"https:\/\/vapemaison.com\/#organization"},"potentialAction":[{"@type":"SearchAction","target":{"@type":"EntryPoint","urlTemplate":"https:\/\/vapemaison.com\/?s={search_term_string}"},"query-input":{"@type":"PropertyValueSpecification","valueRequired":true,"valueName":"search_term_string"}}],"inLanguage":"fr-FR"},{"@type":"Organization","@id":"https:\/\/vapemaison.com\/#organization","name":"VapeMaison","url":"https:\/\/vapemaison.com\/","logo":{"@type":"ImageObject","inLanguage":"fr-FR","@id":"https:\/\/vapemaison.com\/#\/schema\/logo\/image\/","url":"https:\/\/vapemaison.com\/wp-content\/uploads\/2026\/01\/cropped-vapemaison-logo-g-2026.webp","contentUrl":"https:\/\/vapemaison.com\/wp-content\/uploads\/2026\/01\/cropped-vapemaison-logo-g-2026.webp","width":350,"height":280,"caption":"VapeMaison"},"image":{"@id":"https:\/\/vapemaison.com\/#\/schema\/logo\/image\/"},"sameAs":["https:\/\/www.youtube.com\/@VapeMaison"]}]}},"tiered_pricing_type":"fixed","tiered_pricing_fixed_rules":{"30":"8.48","50":"7.99","100":"7.34","200":"6.78"},"tiered_pricing_product_settings":{"layout":"default","base_unit_name":{"singular":null,"plural":null},"default_variation":null},"tiered_pricing_minimum_quantity":10,"tiered_pricing_roles_data":[],"tiered_pricing_percentage_rules":[],"tiered_pricing_maximum_quantity":null,"tiered_pricing_quantity_step":"10","_links":{"self":[{"href":"https:\/\/vapemaison.com\/fr\/wp-json\/wp\/v2\/product\/8984","targetHints":{"allow":["GET"]}}],"collection":[{"href":"https:\/\/vapemaison.com\/fr\/wp-json\/wp\/v2\/product"}],"about":[{"href":"https:\/\/vapemaison.com\/fr\/wp-json\/wp\/v2\/types\/product"}],"replies":[{"embeddable":true,"href":"https:\/\/vapemaison.com\/fr\/wp-json\/wp\/v2\/comments?post=8984"}],"version-history":[{"count":4,"href":"https:\/\/vapemaison.com\/fr\/wp-json\/wp\/v2\/product\/8984\/revisions"}],"predecessor-version":[{"id":26155,"href":"https:\/\/vapemaison.com\/fr\/wp-json\/wp\/v2\/product\/8984\/revisions\/26155"}],"wp:featuredmedia":[{"embeddable":true,"href":"https:\/\/vapemaison.com\/fr\/wp-json\/wp\/v2\/media\/8985"}],"wp:attachment":[{"href":"https:\/\/vapemaison.com\/fr\/wp-json\/wp\/v2\/media?parent=8984"}],"wp:term":[{"taxonomy":"product_brand","embeddable":true,"href":"https:\/\/vapemaison.com\/fr\/wp-json\/wp\/v2\/product_brand?post=8984"},{"taxonomy":"product_cat","embeddable":true,"href":"https:\/\/vapemaison.com\/fr\/wp-json\/wp\/v2\/product_cat?post=8984"},{"taxonomy":"product_tag","embeddable":true,"href":"https:\/\/vapemaison.com\/fr\/wp-json\/wp\/v2\/product_tag?post=8984"}],"curies":[{"name":"wp","href":"https:\/\/api.w.org\/{rel}","templated":true}]}}