

{"id":9143,"date":"2025-10-25T09:22:15","date_gmt":"2025-10-25T09:22:15","guid":{"rendered":"https:\/\/vapemaison.com\/?post_type=product&#038;p=9143"},"modified":"2026-04-23T07:29:56","modified_gmt":"2026-04-23T07:29:56","slug":"bang-king-15000-puffs-jetable-vape","status":"publish","type":"product","link":"https:\/\/vapemaison.com\/fr\/product\/bang-king-15000-puffs-disposable-vape\/","title":{"rendered":"BangKing 15000 bouff\u00e9es Vape jetable rechargeable"},"content":{"rendered":"<h3 class=\"wp-block-heading\"><strong>BangKing 15000 Puffs Vape jetable - Le summum de la satisfaction du vapotage<\/strong><\/h3>\n\n\n\n<p>Le <strong>BangKing 15000 bouff\u00e9es Vape jetable<\/strong> red\u00e9finit l'exp\u00e9rience de la vape jetable gr\u00e2ce \u00e0 ses performances exceptionnelles, sa capacit\u00e9 de longue dur\u00e9e et la satisfaction sup\u00e9rieure de ses clients. Con\u00e7u pour r\u00e9pondre aux besoins des vapoteurs occasionnels et exp\u00e9riment\u00e9s, cet appareil allie commodit\u00e9, saveur et un haut niveau de durabilit\u00e9, ce qui en fait un choix exceptionnel sur le march\u00e9.<\/p>\n\n\n\n<p>Avec un nombre impressionnant de <strong><a href=\"https:\/\/vapemaison.com\/product-category\/puffs-count\/15k-puffs\/\" type=\"link\" id=\"https:\/\/vapemaison.com\/product-category\/puffs-count\/15k-puffs\/\">15k puffs<\/a> par appareil<\/strong>, Le Bang King offre l'une des exp\u00e9riences de vapotage les plus durables qui soient. Cette long\u00e9vit\u00e9 est soutenue par une <strong>Batterie rechargeable de 650mAh<\/strong>, qui garantit une alimentation fiable et constante tout au long de sa dur\u00e9e de vie. En outre, le <strong>Capacit\u00e9 de 25ml d'e-juice pr\u00e9-rempli<\/strong> r\u00e9duit consid\u00e9rablement le besoin de recharges fr\u00e9quentes, permettant aux utilisateurs de profiter de leur vape sans entretien constant.<\/p>\n\n\n\n<p>Le Bang King est \u00e9galement dot\u00e9 d'un <strong>syst\u00e8me de d\u00e9bit d'air r\u00e9glable<\/strong>, permettant aux utilisateurs d'affiner leur tirage et de personnaliser l'exp\u00e9rience de vapotage en fonction de leurs pr\u00e9f\u00e9rences personnelles. Disponible en <strong>0%, 2%, 3%, et 5% taux de nicotine<\/strong>, Il s'adresse \u00e0 un large \u00e9ventail d'utilisateurs, de ceux qui recherchent une exp\u00e9rience douce et sans nicotine \u00e0 ceux qui pr\u00e9f\u00e8rent un effet plus fort.<\/p>\n\n\n\n<p>Que vous soyez un vapoteur quotidien ou un adepte d'une option plus durable, le <strong>Bang King 15000 bouff\u00e9es Vape jetable<\/strong> offre un \u00e9quilibre parfait entre commodit\u00e9, qualit\u00e9 et performance, ce qui en fait le choix id\u00e9al pour ceux qui appr\u00e9cient \u00e0 la fois la qualit\u00e9 et la long\u00e9vit\u00e9 de leurs appareils de vapotage.<\/p>\n\n\n\n<p><strong>Cliquez ici pour en savoir plus <a href=\"https:\/\/vapemaison.com\/brand\/bang\/\">produits de Bang<\/a>, ainsi que <a href=\"https:\/\/vapemaison.com\/shop\/\" type=\"link\" id=\"https:\/\/vapemaison.com\/shop\/\">tous les produits<\/a>.<\/strong><\/p>\n\n\n\n<h4 class=\"wp-block-heading\"><strong>Liste des ar\u00f4mes <\/strong><\/h4>\n\n\n\n<p>Le <strong>Bang King 15000 bouff\u00e9es<\/strong> offre une gamme de saveurs d\u00e9lectables qui ne manqueront pas de ravir vos papilles. Que vous pr\u00e9f\u00e9riez les saveurs fruit\u00e9es, menthol\u00e9es ou inspir\u00e9es des desserts, vous trouverez votre bonheur. Voici quelques-unes des meilleures saveurs parmi lesquelles choisir :<\/p>\n\n\n\n<ol class=\"wp-block-list\">\n<li><strong>Past\u00e8que \u00e0 la fraise<\/strong><\/li>\n\n\n\n<li><strong>Glace aux trois baies<\/strong><\/li>\n\n\n\n<li><strong>Glace luxuriante<\/strong><\/li>\n\n\n\n<li><strong>Glace \u00e0 la p\u00eache<\/strong><\/li>\n\n\n\n<li><strong>Fraise Kiwi<\/strong><\/li>\n\n\n\n<li><strong>Glace Blue Razz<\/strong><\/li>\n\n\n\n<li><strong>Alo\u00e8s raisin<\/strong><\/li>\n\n\n\n<li><strong>P\u00eache Mangue<\/strong><\/li>\n\n\n\n<li><strong>Double pomme<\/strong><\/li>\n\n\n\n<li><strong>Fruits tropicaux<\/strong><\/li>\n\n\n\n<li><strong>Fraise et banane<\/strong><\/li>\n\n\n\n<li><strong>Kiwi Fruit de la passion Goyave<\/strong><\/li>\n\n\n\n<li><strong>Pomme acide Razberry<\/strong><\/li>\n\n\n\n<li><strong>Past\u00e8que Bubblegum<\/strong><\/li>\n\n\n\n<li><strong>Yogourt \u00e0 la fraise<\/strong><\/li>\n\n\n\n<li><strong>Glace du dragon noir<\/strong><\/li>\n\n\n\n<li><strong>Limonade rose<\/strong><\/li>\n\n\n\n<li><strong>Cerise Pop<\/strong><\/li>\n\n\n\n<li><strong>Menthe fra\u00eeche<\/strong><\/li>\n\n\n\n<li><strong>Barbe \u00e0 papa<\/strong><\/li>\n<\/ol>\n\n\n\n<h4 class=\"wp-block-heading\"><strong>Pourquoi choisir Bang King 15000 Puffs ?<\/strong><\/h4>\n\n\n\n<p><strong>Un plaisir durable<\/strong>: Avec son <strong>Capacit\u00e9 de 15 000 bouff\u00e9es<\/strong>, le <strong>Bang King<\/strong> offre une exp\u00e9rience de vapotage prolong\u00e9e, parfaite pour les utilisateurs intensifs qui ne veulent pas avoir \u00e0 remplacer fr\u00e9quemment leurs cartouches.<\/p>\n\n\n\n<p><strong>Options de nicotine polyvalentes<\/strong>: Que vous soyez un d\u00e9butant ou un vapoteur de longue date, les <strong>Bang King<\/strong> vous permet d'ajuster le taux de nicotine en fonction de vos pr\u00e9f\u00e9rences.<\/p>\n\n\n\n<p><strong>Portable et \u00e9l\u00e9gant<\/strong>: Le <strong>Bang King<\/strong> est dot\u00e9 d'un design \u00e9l\u00e9gant et portable qui tient confortablement dans la main. Avec des couleurs vives et attrayantes et des options d'ar\u00f4mes de premi\u00e8re qualit\u00e9, cet appareil se distingue par son design et ses performances.<\/p>\n\n\n\n<p><strong>Valeur exceptionnelle<\/strong>: Offrant jusqu'\u00e0 <strong>15 000 bouff\u00e9es<\/strong> et un <strong>Capacit\u00e9 de 25 ml d'e-juice<\/strong>, le <strong>Bang King<\/strong> est con\u00e7u pour durer plus longtemps que les autres vapes jetables, offrant une valeur exceptionnelle sans compromis sur la qualit\u00e9.<\/p>\n\n\n\n<h4 class=\"wp-block-heading\"><strong>Am\u00e9liorez votre exp\u00e9rience de vapotage d\u00e8s aujourd'hui<\/strong><\/h4>\n\n\n\n<p>Que vous soyez \u00e0 la recherche d'un appareil pour tous les jours ou d'un appareil \u00e0 emporter, le <strong>Bang King 15000 bouff\u00e9es<\/strong> la vape jetable fournit la <strong>combinaison parfaite<\/strong> de commodit\u00e9, de performance et de saveur. Rechargeable, durable et dot\u00e9 d'une vaste liste d'ar\u00f4mes, il est con\u00e7u pour les vapoteurs qui exigent ce qu'il y a de mieux.<\/p>\n\n\n\n<p>Passez \u00e0 un nouveau niveau de satisfaction vaping avec le <strong>Bang King 15000 bouff\u00e9es Vape jetable<\/strong>.<\/p>","protected":false},"excerpt":{"rendered":"<p><strong data-start=\"0\" data-end=\"41\" data-is-only-node=\"\">Bang King 15000 bouff\u00e9es Vape jetable<\/strong> offre jusqu'\u00e0 15 000 bouff\u00e9es d'une saveur riche et satisfaisante gr\u00e2ce \u00e0 une batterie rechargeable de 650mAh et un e-juice pr\u00e9-rempli de 25ML. Profitez d'un d\u00e9bit d'air r\u00e9glable, d'une vapeur douce et de plusieurs options de nicotine (0%-5%) - con\u00e7u pour une performance durable et une commodit\u00e9 pure.<\/p>","protected":false},"featured_media":9156,"comment_status":"open","ping_status":"closed","template":"","meta":[],"product_brand":[57],"product_cat":[167],"product_tag":[],"class_list":{"0":"post-9143","1":"product","2":"type-product","3":"status-publish","4":"has-post-thumbnail","6":"product_brand-bang","7":"product_cat-15k-puffs","9":"first","10":"instock","11":"sale","12":"shipping-taxable","13":"purchasable","14":"product-type-variable"},"yoast_head":"<!-- This site is optimized with the Yoast SEO plugin v27.4 - https:\/\/yoast.com\/product\/yoast-seo-wordpress\/ -->\n<title>BangKing 15000 Puffs Disposable Vape \u2013 Rechargeable<\/title>\n<meta name=\"description\" content=\"Enjoy BangKing 15000 puffs with the Bang King Disposable Vape. Rechargeable, and multiple nicotine levels for a customizable experience.\" \/>\n<meta name=\"robots\" content=\"index, follow, max-snippet:-1, max-image-preview:large, max-video-preview:-1\" \/>\n<link rel=\"canonical\" href=\"https:\/\/vapemaison.com\/fr\/produit\/bang-king-15000-puffs-jetable-vape\/\" \/>\n<meta property=\"og:locale\" content=\"fr_FR\" \/>\n<meta property=\"og:type\" content=\"article\" \/>\n<meta property=\"og:title\" content=\"BangKing 15000 Puffs Disposable Vape \u2013 Rechargeable\" \/>\n<meta property=\"og:description\" content=\"Enjoy BangKing 15000 puffs with the Bang King Disposable Vape. Rechargeable, and multiple nicotine levels for a customizable experience.\" \/>\n<meta property=\"og:url\" content=\"https:\/\/vapemaison.com\/fr\/produit\/bang-king-15000-puffs-jetable-vape\/\" \/>\n<meta property=\"og:site_name\" content=\"VapeMaison\" \/>\n<meta property=\"article:modified_time\" content=\"2026-04-23T07:29:56+00:00\" \/>\n<meta property=\"og:image\" content=\"https:\/\/vapemaison.com\/wp-content\/uploads\/2025\/10\/Bang-King-15000-Puffs-Crystal-Vapes-Main-Picture.webp\" \/>\n\t<meta property=\"og:image:width\" content=\"638\" \/>\n\t<meta property=\"og:image:height\" content=\"637\" \/>\n\t<meta property=\"og:image:type\" content=\"image\/webp\" \/>\n<meta name=\"twitter:card\" content=\"summary_large_image\" \/>\n<meta name=\"twitter:label1\" content=\"Dur\u00e9e de lecture estim\u00e9e\" \/>\n\t<meta name=\"twitter:data1\" content=\"3 minutes\" \/>\n<!-- \/ Yoast SEO plugin. -->","yoast_head_json":{"title":"BangKing 15000 bouff\u00e9es Vape jetable - Rechargeable","description":"Profitez des 15000 bouff\u00e9es BangKing avec la Bang King Vape jetable. Rechargeable, et plusieurs niveaux de nicotine pour une exp\u00e9rience personnalisable.","robots":{"index":"index","follow":"follow","max-snippet":"max-snippet:-1","max-image-preview":"max-image-preview:large","max-video-preview":"max-video-preview:-1"},"canonical":"https:\/\/vapemaison.com\/fr\/produit\/bang-king-15000-puffs-jetable-vape\/","og_locale":"fr_FR","og_type":"article","og_title":"BangKing 15000 Puffs Disposable Vape \u2013 Rechargeable","og_description":"Enjoy BangKing 15000 puffs with the Bang King Disposable Vape. Rechargeable, and multiple nicotine levels for a customizable experience.","og_url":"https:\/\/vapemaison.com\/fr\/produit\/bang-king-15000-puffs-jetable-vape\/","og_site_name":"VapeMaison","article_modified_time":"2026-04-23T07:29:56+00:00","og_image":[{"width":638,"height":637,"url":"https:\/\/vapemaison.com\/wp-content\/uploads\/2025\/10\/Bang-King-15000-Puffs-Crystal-Vapes-Main-Picture.webp","type":"image\/webp"}],"twitter_card":"summary_large_image","twitter_misc":{"Dur\u00e9e de lecture estim\u00e9e":"3 minutes"},"schema":{"@context":"https:\/\/schema.org","@graph":[{"@type":"WebPage","@id":"https:\/\/vapemaison.com\/product\/bang-king-15000-puffs-disposable-vape\/","url":"https:\/\/vapemaison.com\/product\/bang-king-15000-puffs-disposable-vape\/","name":"BangKing 15000 bouff\u00e9es Vape jetable - Rechargeable","isPartOf":{"@id":"https:\/\/vapemaison.com\/#website"},"primaryImageOfPage":{"@id":"https:\/\/vapemaison.com\/product\/bang-king-15000-puffs-disposable-vape\/#primaryimage"},"image":{"@id":"https:\/\/vapemaison.com\/product\/bang-king-15000-puffs-disposable-vape\/#primaryimage"},"thumbnailUrl":"https:\/\/vapemaison.com\/wp-content\/uploads\/2025\/10\/Bang-King-15000-Puffs-Crystal-Vapes-Main-Picture.webp","datePublished":"2025-10-25T09:22:15+00:00","dateModified":"2026-04-23T07:29:56+00:00","description":"Profitez des 15000 bouff\u00e9es BangKing avec la Bang King Vape jetable. Rechargeable, et plusieurs niveaux de nicotine pour une exp\u00e9rience personnalisable.","breadcrumb":{"@id":"https:\/\/vapemaison.com\/product\/bang-king-15000-puffs-disposable-vape\/#breadcrumb"},"inLanguage":"fr-FR","potentialAction":[{"@type":"ReadAction","target":["https:\/\/vapemaison.com\/product\/bang-king-15000-puffs-disposable-vape\/"]}]},{"@type":"ImageObject","inLanguage":"fr-FR","@id":"https:\/\/vapemaison.com\/product\/bang-king-15000-puffs-disposable-vape\/#primaryimage","url":"https:\/\/vapemaison.com\/wp-content\/uploads\/2025\/10\/Bang-King-15000-Puffs-Crystal-Vapes-Main-Picture.webp","contentUrl":"https:\/\/vapemaison.com\/wp-content\/uploads\/2025\/10\/Bang-King-15000-Puffs-Crystal-Vapes-Main-Picture.webp","width":638,"height":637,"caption":"Bang King Puffs Crystal Vapes Main Picture"},{"@type":"BreadcrumbList","@id":"https:\/\/vapemaison.com\/product\/bang-king-15000-puffs-disposable-vape\/#breadcrumb","itemListElement":[{"@type":"ListItem","position":1,"name":"\u9996\u9875","item":"https:\/\/vapemaison.com\/"},{"@type":"ListItem","position":2,"name":"Shop","item":"https:\/\/vapemaison.com\/shop\/"},{"@type":"ListItem","position":3,"name":"Bang","item":"https:\/\/vapemaison.com\/brand\/bang\/"},{"@type":"ListItem","position":4,"name":"BangKing 15000 Puffs Rechargeable Disposable Vape"}]},{"@type":"WebSite","@id":"https:\/\/vapemaison.com\/#website","url":"https:\/\/vapemaison.com\/","name":"VapeMaison","description":"Appareils et accessoires de vapotage haut de gamme","publisher":{"@id":"https:\/\/vapemaison.com\/#organization"},"potentialAction":[{"@type":"SearchAction","target":{"@type":"EntryPoint","urlTemplate":"https:\/\/vapemaison.com\/?s={search_term_string}"},"query-input":{"@type":"PropertyValueSpecification","valueRequired":true,"valueName":"search_term_string"}}],"inLanguage":"fr-FR"},{"@type":"Organization","@id":"https:\/\/vapemaison.com\/#organization","name":"VapeMaison","url":"https:\/\/vapemaison.com\/","logo":{"@type":"ImageObject","inLanguage":"fr-FR","@id":"https:\/\/vapemaison.com\/#\/schema\/logo\/image\/","url":"https:\/\/vapemaison.com\/wp-content\/uploads\/2026\/01\/cropped-vapemaison-logo-g-2026.webp","contentUrl":"https:\/\/vapemaison.com\/wp-content\/uploads\/2026\/01\/cropped-vapemaison-logo-g-2026.webp","width":350,"height":280,"caption":"VapeMaison"},"image":{"@id":"https:\/\/vapemaison.com\/#\/schema\/logo\/image\/"},"sameAs":["https:\/\/www.youtube.com\/@VapeMaison"]}]}},"tiered_pricing_type":"fixed","tiered_pricing_fixed_rules":{"30":"8.19","50":"7.88","100":"7.51","200":"7.21"},"tiered_pricing_product_settings":{"layout":"default","base_unit_name":{"singular":null,"plural":null},"default_variation":null},"tiered_pricing_minimum_quantity":10,"tiered_pricing_roles_data":[],"tiered_pricing_percentage_rules":[],"tiered_pricing_maximum_quantity":null,"tiered_pricing_quantity_step":"10","_links":{"self":[{"href":"https:\/\/vapemaison.com\/fr\/wp-json\/wp\/v2\/product\/9143","targetHints":{"allow":["GET"]}}],"collection":[{"href":"https:\/\/vapemaison.com\/fr\/wp-json\/wp\/v2\/product"}],"about":[{"href":"https:\/\/vapemaison.com\/fr\/wp-json\/wp\/v2\/types\/product"}],"replies":[{"embeddable":true,"href":"https:\/\/vapemaison.com\/fr\/wp-json\/wp\/v2\/comments?post=9143"}],"version-history":[{"count":2,"href":"https:\/\/vapemaison.com\/fr\/wp-json\/wp\/v2\/product\/9143\/revisions"}],"predecessor-version":[{"id":29529,"href":"https:\/\/vapemaison.com\/fr\/wp-json\/wp\/v2\/product\/9143\/revisions\/29529"}],"wp:featuredmedia":[{"embeddable":true,"href":"https:\/\/vapemaison.com\/fr\/wp-json\/wp\/v2\/media\/9156"}],"wp:attachment":[{"href":"https:\/\/vapemaison.com\/fr\/wp-json\/wp\/v2\/media?parent=9143"}],"wp:term":[{"taxonomy":"product_brand","embeddable":true,"href":"https:\/\/vapemaison.com\/fr\/wp-json\/wp\/v2\/product_brand?post=9143"},{"taxonomy":"product_cat","embeddable":true,"href":"https:\/\/vapemaison.com\/fr\/wp-json\/wp\/v2\/product_cat?post=9143"},{"taxonomy":"product_tag","embeddable":true,"href":"https:\/\/vapemaison.com\/fr\/wp-json\/wp\/v2\/product_tag?post=9143"}],"curies":[{"name":"wp","href":"https:\/\/api.w.org\/{rel}","templated":true}]}}