

{"id":9590,"date":"2025-11-04T02:28:48","date_gmt":"2025-11-04T02:28:48","guid":{"rendered":"https:\/\/vapemaison.com\/?post_type=product&#038;p=9590"},"modified":"2026-03-26T05:40:59","modified_gmt":"2026-03-26T05:40:59","slug":"bang-leader-110000-puffs-6-in-1-disposable-vpae","status":"publish","type":"product","link":"https:\/\/vapemaison.com\/fr\/product\/bang-leader-110000-puffs-6-in-1-disposable-vpae\/","title":{"rendered":"Bang Leader 110000 bouff\u00e9es 6-en-1 Vape jetable | Affichage LED, Triple Mesh Coil, Rechargeable"},"content":{"rendered":"<p>Le <strong><a href=\"https:\/\/vapemaison.com\/brand\/bang\/\">Leader Bang<\/a> 110K Puffs Vape jetable<\/strong> red\u00e9finit les limites du vapotage jetable. Con\u00e7u pour les vapoteurs qui exigent <strong>contr\u00f4le ultime des ar\u00f4mes, vapeur massive et endurance exceptionnelle<\/strong>, il offre une <strong>110 000 bouff\u00e9es<\/strong> - \u00e9tablissant une nouvelle norme de performance et de long\u00e9vit\u00e9.<\/p>\n\n\n\n<p>Avec <strong>trois r\u00e9servoirs ind\u00e9pendants<\/strong>, <strong>six modes de d\u00e9gustation<\/strong>, et un <strong>syst\u00e8me d'enroulement \u00e0 triple maille<\/strong>, Avec le Bang Leader 110K, vous pouvez savourer des ar\u00f4mes purs individuellement ou les m\u00e9langer de mani\u00e8re cr\u00e9ative pour obtenir des combinaisons uniques. Que vous pr\u00e9f\u00e9riez les profils fruit\u00e9s, glac\u00e9s ou inspir\u00e9s des desserts, le Bang Leader 110K est \u00e0 la hauteur. <strong>une flexibilit\u00e9 et une satisfaction in\u00e9gal\u00e9es<\/strong>.<\/p>\n\n\n\n<h3 class=\"wp-block-heading\"><strong>Caract\u00e9ristiques principales<\/strong><\/h3>\n\n\n\n<p><strong>Une masse de 110 000 bouff\u00e9es<\/strong> - Construit pour un plaisir \u00e0 long terme avec des performances constantes.<\/p>\n\n\n\n<p><strong>Syst\u00e8me \u00e0 trois r\u00e9servoirs (3x)<\/strong> - Ind\u00e9pendants et commutables pour une saveur fra\u00eeche et intacte.<\/p>\n\n\n\n<p><strong>Six modes d'ar\u00f4mes<\/strong> - A, B, C, A+B, A+C, B+C - options de go\u00fbts simples ou m\u00e9lang\u00e9s.<\/p>\n\n\n\n<p><strong>Bobine \u00e0 triple maille<\/strong> - Technologie de chauffage avanc\u00e9e pour une vapeur plus riche et une saveur plus profonde.<\/p>\n\n\n\n<p><strong>Points forts de la nicotine :<\/strong> 0%, 2%, 3%, 5% - personnalisables selon vos pr\u00e9f\u00e9rences.<\/p>\n\n\n\n<p><strong>Batterie rechargeable de 850mAh<\/strong> - Puissance longue dur\u00e9e pour des sessions de vapotage prolong\u00e9es.<\/p>\n\n\n\n<p><strong>Chargement rapide de type C<\/strong> - Recharge rapide et efficace pour une utilisation pratique en d\u00e9placement.<\/p>\n\n\n\n<p><strong>\u00c9cran LED intelligent<\/strong> - Affiche en temps r\u00e9el l'autonomie de la batterie, le nombre de bouff\u00e9es et le mode d'ar\u00f4me.<\/p>\n\n\n\n<p><strong>Emballage :<\/strong> 10 pi\u00e8ces par paquet - parfait pour le commerce de d\u00e9tail et de gros.<\/p>\n\n\n\n<h3 class=\"wp-block-heading\"><strong>Exp\u00e9rience gustative<\/strong><\/h3>\n\n\n\n<p>Appr\u00e9ciez <strong>10 assortiments uniques de saveurs 3 en 1<\/strong> con\u00e7us pour r\u00e9pondre \u00e0 tous les go\u00fbts. Chaque appareil comprend <strong>trois r\u00e9servoirs d'e-liquide<\/strong> et prend en charge six modes de mixage, ce qui vous permet d'obtenir des combinaisons infinies de saveurs douces, audacieuses et rafra\u00eechissantes.<\/p>\n\n\n\n<p><strong>Sets d'ar\u00f4mes disponibles :<\/strong><\/p>\n\n\n\n<ol class=\"wp-block-list\">\n<li>Melon d'eau glac\u00e9 \/ Mamba de fraise \/ Melon d'eau \u00e0 la fraise<\/li>\n\n\n\n<li>Fuji Ice \/ Pomme Raisin \/ Cerise Grenade<\/li>\n\n\n\n<li>Glace \u00e0 la myrtille \/ Citron \u00e0 la framboise \/ Melon d'eau \u00e0 la gomme balloune<\/li>\n\n\n\n<li>Myrtilles Framboises \/ acides Ananas Oranges \/ framboises Past\u00e8que<\/li>\n\n\n\n<li>Glace de raisin \/ P\u00eache de mangue \/ Past\u00e8que de myrtille<\/li>\n\n\n\n<li>Fraise glac\u00e9e \/ P\u00eache citron \/ Kiwi Fruit de la passion Goyave<\/li>\n\n\n\n<li>Ananas noix de coco \/ Blueberry Red Bull \/ Watermelon Ice<\/li>\n\n\n\n<li>Fraise kiwi \/ Myrtille noix de coco \/ Baies m\u00e9lang\u00e9es<\/li>\n\n\n\n<li>Lemon Romance \/ Blueberry Raspberry \/ Peach Menthol<\/li>\n\n\n\n<li>P\u00eache Ice \/ Cassis Ananas Ice \/ Pomme verte Kiwi<\/li>\n<\/ol>\n\n\n\n<p>Que vous souhaitiez un <strong>punch fruit\u00e9 classique<\/strong> ou un <strong>exotique tropical twist<\/strong>, Le Bang Leader 110K vous permet <strong>changer de parfum instantan\u00e9ment<\/strong> ou les m\u00e9langer pour une nouvelle exp\u00e9rience \u00e0 chaque bouff\u00e9e.<\/p>\n\n\n\n<h3 class=\"wp-block-heading\"><strong>Sp\u00e9cifications techniques<\/strong><\/h3>\n\n\n\n<figure class=\"wp-block-table\"><table class=\"has-fixed-layout\"><thead><tr><th>Sp\u00e9cifications<\/th><th>D\u00e9tails<\/th><\/tr><\/thead><tbody><tr><td>Nombre de bouff\u00e9es<\/td><td>Jusqu'\u00e0 110 000 bouff\u00e9es<\/td><\/tr><tr><td>Batterie<\/td><td>850mAh Rechargeable<\/td><\/tr><tr><td>Port de charge<\/td><td>Chargement rapide de type C<\/td><\/tr><tr><td>Type de bobine<\/td><td>Bobine \u00e0 triple maille<\/td><\/tr><tr><td>R\u00e9servoirs d'huile<\/td><td>3 r\u00e9servoirs ind\u00e9pendants<\/td><\/tr><tr><td>Modes d'ar\u00f4mes<\/td><td>6 (A, B, C, A+B, A+C, B+C)<\/td><\/tr><tr><td>Points forts de la nicotine<\/td><td>0%, 2%, 3%, 5%<\/td><\/tr><tr><td>Affichage<\/td><td>LED intelligente (batterie, bouff\u00e9e, mode)<\/td><\/tr><tr><td>Emballage<\/td><td>10 pi\u00e8ces par paquet<\/td><\/tr><\/tbody><\/table><\/figure>\n\n\n\n<h3 class=\"wp-block-heading\"><strong>Pourquoi choisir Bang Leader 110K ?<\/strong><\/h3>\n\n\n\n<p><strong>Une long\u00e9vit\u00e9 in\u00e9gal\u00e9e<\/strong> - Jusqu'\u00e0 110 000 bouff\u00e9es pour un plaisir ininterrompu.<br><strong>Libert\u00e9 de go\u00fbt<\/strong> - M\u00e9langez ou changez de parfum \u00e0 tout moment.<br><strong>Intelligent et \u00e9l\u00e9gant<\/strong> - Design \u00e9l\u00e9gant avec affichage LED.<br><strong>Une puissance sur laquelle vous pouvez compter<\/strong> - Batterie 850mAh \u00e0 charge rapide.<br><strong>Parfait pour les d\u00e9taillants<\/strong> - Emballage attrayant et fort potentiel de revente.<\/p>","protected":false},"excerpt":{"rendered":"<p>Le Bang Leader 110000 Puffs Vape jetable n'est pas un jetable comme les autres - c'est une r\u00e9volution dans l'innovation du vapotage. Combinant puissance, vari\u00e9t\u00e9 et pr\u00e9cision, elle est faite pour les vapoteurs qui refusent tout compromis. Choisissez votre saveur, m\u00e9langez votre mode et faites l'exp\u00e9rience d'une v\u00e9ritable libert\u00e9 de vapotage avec le Bang Leader 110K.<\/p>","protected":false},"featured_media":9597,"comment_status":"open","ping_status":"closed","template":"","meta":[],"product_brand":[57],"product_cat":[152,142],"product_tag":[],"class_list":{"0":"post-9590","1":"product","2":"type-product","3":"status-publish","4":"has-post-thumbnail","6":"product_brand-bang","7":"product_cat-110k-puffs","8":"product_cat-eu-stock","10":"first","11":"instock","12":"sale","13":"featured","14":"shipping-taxable","15":"purchasable","16":"product-type-variable"},"yoast_head":"<!-- This site is optimized with the Yoast SEO plugin v27.4 - https:\/\/yoast.com\/product\/yoast-seo-wordpress\/ -->\n<title>Bang Leader 110K Puffs 6 in1 Disposable Vape LED Display<\/title>\n<meta name=\"description\" content=\"LED Display Bang Leader 110k Puffs Disposable Vape with 6-in-1 flavor modes. Rechargeable battery and Type-C fast charging.\" \/>\n<meta name=\"robots\" content=\"index, follow, max-snippet:-1, max-image-preview:large, max-video-preview:-1\" \/>\n<link rel=\"canonical\" href=\"https:\/\/vapemaison.com\/fr\/produit\/bang-leader-110000-puffs-6-in-1-disposable-vpae\/\" \/>\n<meta property=\"og:locale\" content=\"fr_FR\" \/>\n<meta property=\"og:type\" content=\"article\" \/>\n<meta property=\"og:title\" content=\"Bang Leader 110K Puffs 6 in1 Disposable Vape LED Display\" \/>\n<meta property=\"og:description\" content=\"LED Display Bang Leader 110k Puffs Disposable Vape with 6-in-1 flavor modes. Rechargeable battery and Type-C fast charging.\" \/>\n<meta property=\"og:url\" content=\"https:\/\/vapemaison.com\/fr\/produit\/bang-leader-110000-puffs-6-in-1-disposable-vpae\/\" \/>\n<meta property=\"og:site_name\" content=\"VapeMaison\" \/>\n<meta property=\"article:modified_time\" content=\"2026-03-26T05:40:59+00:00\" \/>\n<meta property=\"og:image\" content=\"https:\/\/vapemaison.com\/wp-content\/uploads\/2025\/11\/bang-leader-110000-puffs-6-in-1-flavor-ola-tank-3-picure.jpg\" \/>\n\t<meta property=\"og:image:width\" content=\"600\" \/>\n\t<meta property=\"og:image:height\" content=\"600\" \/>\n\t<meta property=\"og:image:type\" content=\"image\/jpeg\" \/>\n<meta name=\"twitter:card\" content=\"summary_large_image\" \/>\n<meta name=\"twitter:label1\" content=\"Dur\u00e9e de lecture estim\u00e9e\" \/>\n\t<meta name=\"twitter:data1\" content=\"3 minutes\" \/>\n<!-- \/ Yoast SEO plugin. -->","yoast_head_json":{"title":"Bang Leader 110K Puffs 6 in1 Vape jetable LED Display","description":"Affichage LED Bang Leader 110k Puffs Vape jetable avec 6 modes de saveur en 1. Batterie rechargeable et charge rapide Type-C.","robots":{"index":"index","follow":"follow","max-snippet":"max-snippet:-1","max-image-preview":"max-image-preview:large","max-video-preview":"max-video-preview:-1"},"canonical":"https:\/\/vapemaison.com\/fr\/produit\/bang-leader-110000-puffs-6-in-1-disposable-vpae\/","og_locale":"fr_FR","og_type":"article","og_title":"Bang Leader 110K Puffs 6 in1 Disposable Vape LED Display","og_description":"LED Display Bang Leader 110k Puffs Disposable Vape with 6-in-1 flavor modes. Rechargeable battery and Type-C fast charging.","og_url":"https:\/\/vapemaison.com\/fr\/produit\/bang-leader-110000-puffs-6-in-1-disposable-vpae\/","og_site_name":"VapeMaison","article_modified_time":"2026-03-26T05:40:59+00:00","og_image":[{"width":600,"height":600,"url":"https:\/\/vapemaison.com\/wp-content\/uploads\/2025\/11\/bang-leader-110000-puffs-6-in-1-flavor-ola-tank-3-picure.jpg","type":"image\/jpeg"}],"twitter_card":"summary_large_image","twitter_misc":{"Dur\u00e9e de lecture estim\u00e9e":"3 minutes"},"schema":{"@context":"https:\/\/schema.org","@graph":[{"@type":"WebPage","@id":"https:\/\/vapemaison.com\/product\/bang-leader-110000-puffs-6-in-1-disposable-vpae\/","url":"https:\/\/vapemaison.com\/product\/bang-leader-110000-puffs-6-in-1-disposable-vpae\/","name":"Bang Leader 110K Puffs 6 in1 Vape jetable LED Display","isPartOf":{"@id":"https:\/\/vapemaison.com\/#website"},"primaryImageOfPage":{"@id":"https:\/\/vapemaison.com\/product\/bang-leader-110000-puffs-6-in-1-disposable-vpae\/#primaryimage"},"image":{"@id":"https:\/\/vapemaison.com\/product\/bang-leader-110000-puffs-6-in-1-disposable-vpae\/#primaryimage"},"thumbnailUrl":"https:\/\/vapemaison.com\/wp-content\/uploads\/2025\/11\/bang-leader-110000-puffs-6-in-1-flavor-ola-tank-3-picure.jpg","datePublished":"2025-11-04T02:28:48+00:00","dateModified":"2026-03-26T05:40:59+00:00","description":"Affichage LED Bang Leader 110k Puffs Vape jetable avec 6 modes de saveur en 1. Batterie rechargeable et charge rapide Type-C.","breadcrumb":{"@id":"https:\/\/vapemaison.com\/product\/bang-leader-110000-puffs-6-in-1-disposable-vpae\/#breadcrumb"},"inLanguage":"fr-FR","potentialAction":[{"@type":"ReadAction","target":["https:\/\/vapemaison.com\/product\/bang-leader-110000-puffs-6-in-1-disposable-vpae\/"]}]},{"@type":"ImageObject","inLanguage":"fr-FR","@id":"https:\/\/vapemaison.com\/product\/bang-leader-110000-puffs-6-in-1-disposable-vpae\/#primaryimage","url":"https:\/\/vapemaison.com\/wp-content\/uploads\/2025\/11\/bang-leader-110000-puffs-6-in-1-flavor-ola-tank-3-picure.jpg","contentUrl":"https:\/\/vapemaison.com\/wp-content\/uploads\/2025\/11\/bang-leader-110000-puffs-6-in-1-flavor-ola-tank-3-picure.jpg","width":600,"height":600,"caption":"Bang Leader Puffs 6 In 1 Flavor Ola Tank 3 Picure Disposable Vape Device"},{"@type":"BreadcrumbList","@id":"https:\/\/vapemaison.com\/product\/bang-leader-110000-puffs-6-in-1-disposable-vpae\/#breadcrumb","itemListElement":[{"@type":"ListItem","position":1,"name":"\u9996\u9875","item":"https:\/\/vapemaison.com\/"},{"@type":"ListItem","position":2,"name":"Shop","item":"https:\/\/vapemaison.com\/shop\/"},{"@type":"ListItem","position":3,"name":"Bang","item":"https:\/\/vapemaison.com\/brand\/bang\/"},{"@type":"ListItem","position":4,"name":"Bang Leader 110000 Puffs 6-in-1 Disposable Vape | LED Display, Triple Mesh Coil, Rechargeable"}]},{"@type":"WebSite","@id":"https:\/\/vapemaison.com\/#website","url":"https:\/\/vapemaison.com\/","name":"VapeMaison","description":"Appareils et accessoires de vapotage haut de gamme","publisher":{"@id":"https:\/\/vapemaison.com\/#organization"},"potentialAction":[{"@type":"SearchAction","target":{"@type":"EntryPoint","urlTemplate":"https:\/\/vapemaison.com\/?s={search_term_string}"},"query-input":{"@type":"PropertyValueSpecification","valueRequired":true,"valueName":"search_term_string"}}],"inLanguage":"fr-FR"},{"@type":"Organization","@id":"https:\/\/vapemaison.com\/#organization","name":"VapeMaison","url":"https:\/\/vapemaison.com\/","logo":{"@type":"ImageObject","inLanguage":"fr-FR","@id":"https:\/\/vapemaison.com\/#\/schema\/logo\/image\/","url":"https:\/\/vapemaison.com\/wp-content\/uploads\/2026\/01\/cropped-vapemaison-logo-g-2026.webp","contentUrl":"https:\/\/vapemaison.com\/wp-content\/uploads\/2026\/01\/cropped-vapemaison-logo-g-2026.webp","width":350,"height":280,"caption":"VapeMaison"},"image":{"@id":"https:\/\/vapemaison.com\/#\/schema\/logo\/image\/"},"sameAs":["https:\/\/www.youtube.com\/@VapeMaison"]}]}},"tiered_pricing_type":"fixed","tiered_pricing_fixed_rules":{"30":"10.35","50":"9.99","100":"9.36","200":"8.88"},"tiered_pricing_product_settings":{"layout":"default","base_unit_name":{"singular":null,"plural":null},"default_variation":null},"tiered_pricing_minimum_quantity":10,"tiered_pricing_roles_data":[],"tiered_pricing_percentage_rules":[],"tiered_pricing_maximum_quantity":null,"tiered_pricing_quantity_step":"10","_links":{"self":[{"href":"https:\/\/vapemaison.com\/fr\/wp-json\/wp\/v2\/product\/9590","targetHints":{"allow":["GET"]}}],"collection":[{"href":"https:\/\/vapemaison.com\/fr\/wp-json\/wp\/v2\/product"}],"about":[{"href":"https:\/\/vapemaison.com\/fr\/wp-json\/wp\/v2\/types\/product"}],"replies":[{"embeddable":true,"href":"https:\/\/vapemaison.com\/fr\/wp-json\/wp\/v2\/comments?post=9590"}],"version-history":[{"count":1,"href":"https:\/\/vapemaison.com\/fr\/wp-json\/wp\/v2\/product\/9590\/revisions"}],"predecessor-version":[{"id":26114,"href":"https:\/\/vapemaison.com\/fr\/wp-json\/wp\/v2\/product\/9590\/revisions\/26114"}],"wp:featuredmedia":[{"embeddable":true,"href":"https:\/\/vapemaison.com\/fr\/wp-json\/wp\/v2\/media\/9597"}],"wp:attachment":[{"href":"https:\/\/vapemaison.com\/fr\/wp-json\/wp\/v2\/media?parent=9590"}],"wp:term":[{"taxonomy":"product_brand","embeddable":true,"href":"https:\/\/vapemaison.com\/fr\/wp-json\/wp\/v2\/product_brand?post=9590"},{"taxonomy":"product_cat","embeddable":true,"href":"https:\/\/vapemaison.com\/fr\/wp-json\/wp\/v2\/product_cat?post=9590"},{"taxonomy":"product_tag","embeddable":true,"href":"https:\/\/vapemaison.com\/fr\/wp-json\/wp\/v2\/product_tag?post=9590"}],"curies":[{"name":"wp","href":"https:\/\/api.w.org\/{rel}","templated":true}]}}