

{"id":9812,"date":"2025-11-04T09:14:21","date_gmt":"2025-11-04T09:14:21","guid":{"rendered":"https:\/\/vapemaison.com\/?post_type=product&#038;p=9812"},"modified":"2026-02-27T09:44:40","modified_gmt":"2026-02-27T09:44:40","slug":"12k-tornado-blueberry-bubblegum-vape","status":"publish","type":"product","link":"https:\/\/vapemaison.com\/fr\/product\/12k-tornado-blueberry-bubblegum-vape\/","title":{"rendered":"12k Tornado Blueberry Bubblegum - Fumot Vape 12000 Bouff\u00e9es"},"content":{"rendered":"<p>Le&nbsp;<strong>12k Tornade<\/strong>&nbsp;est l'une des e-cigarettes jetables les plus populaires du march\u00e9 - et avec la saveur&nbsp;<strong>Myrtille et chewing-gum<\/strong>&nbsp;Il associe des myrtilles juteuses \u00e0 la saveur nostalgique du bubble-gum pour cr\u00e9er une exp\u00e9rience gustative unique. D\u00e9couvrez ici pourquoi cette variante est parfaite pour les amateurs de saveurs sucr\u00e9es et fruit\u00e9es et comment le&nbsp;<strong>12k Tornade<\/strong>&nbsp;convainc par sa technologie, ses performances et sa flexibilit\u00e9.<\/p>\n\n\n\n<h3 class=\"wp-block-heading\"><strong>Pourquoi choisir le 12k Tornado Blueberry Bubblegum ?<\/strong><\/h3>\n\n\n\n<p><strong>Myrtille et chewing-gum<\/strong>&nbsp;s\u00e9duit par son m\u00e9lange harmonieux de myrtilles m\u00fbres et de saveur sucr\u00e9e de chewing-gum - un go\u00fbt qui rappelle les souvenirs d'enfance. Id\u00e9al pour tous ceux qui aiment les compositions fruit\u00e9es et sucr\u00e9es ! Avec&nbsp;<strong>12 000 trains<\/strong>,&nbsp;<strong>Capacit\u00e9 de 20 ml<\/strong>&nbsp;et l'option pour&nbsp;<strong>0% Nicotine<\/strong>&nbsp;Cette e-cigarette peut \u00eatre utilis\u00e9e de mani\u00e8re flexible - que ce soit comme alternative sans nicotine ou avec des taux de nicotine allant jusqu'\u00e0 5% .<\/p>\n\n\n\n<h3 class=\"wp-block-heading\"><strong>Donn\u00e9es techniques du 12k Tornado<\/strong><\/h3>\n\n\n\n<figure class=\"wp-block-table\"><table class=\"has-fixed-layout\"><thead><tr><th><strong>Fonctionnalit\u00e9<\/strong><\/th><th><strong>Valeur<\/strong><\/th><\/tr><\/thead><tbody><tr><td>Intensit\u00e9 de la nicotine<\/td><td>0%, 2%, 3%, 5%<\/td><\/tr><tr><td>Trains<\/td><td>12.000<\/td><\/tr><tr><td>Capacit\u00e9 en liquide<\/td><td>20ml<\/td><\/tr><tr><td>Saveur<\/td><td>Myrtille et chewing-gum<\/td><\/tr><tr><td>Batterie<\/td><td>550 mAh (rechargeable)<\/td><\/tr><tr><td>Technologie des bobines<\/td><td>Bobine de maille 0,8\u03a9<\/td><\/tr><tr><td>Taille du carton<\/td><td>69,1\u00d732\u00d723,8 cm (18 kg)<\/td><\/tr><tr><td>Prix par pi\u00e8ce<\/td><td><strong>11,98\u20ac<\/strong><\/td><\/tr><\/tbody><\/table><\/figure>\n\n\n\n<h3 class=\"wp-block-heading\"><strong>Test du bubblegum \u00e0 la myrtille : le fruit sucr\u00e9 rencontre la technologie<\/strong><\/h3>\n\n\n\n<p>Le&nbsp;<strong>12k Tornade<\/strong>&nbsp;avec Blueberry Bubblegum est convaincante :<\/p>\n\n\n\n<p><strong>Notes authentiques de myrtille et de bubble-gum<\/strong>Sans \u00e9dulcorants artificiels, ce parfum associe des ar\u00f4mes naturels de fruits \u00e0 une note sucr\u00e9e de chewing-gum 69.<\/p>\n\n\n\n<p><strong>D\u00e9veloppement uniforme de la vapeur<\/strong>Remerciements&nbsp;<strong>0.8\u03a9 Bobine de maille<\/strong>&nbsp;les ar\u00f4mes se d\u00e9veloppent de mani\u00e8re coh\u00e9rente, sans postcombustion ni perte de go\u00fbt 7.<\/p>\n\n\n\n<p><strong>Long\u00e9vit\u00e9<\/strong>Le&nbsp;<strong>Batterie rechargeable<\/strong>&nbsp;dure jusqu'\u00e0 la derni\u00e8re goutte de liquide - id\u00e9al pour les&nbsp;<strong>12 000 trains<\/strong>&nbsp;sans compromis 17.<\/p>\n\n\n\n<p>Dans le cadre de la&nbsp;<strong>12k Tornade<\/strong>-L'appareil est \u00e9galement dot\u00e9 d'un syst\u00e8me d'alarme.&nbsp;<strong>affichage num\u00e9rique LED<\/strong>qui affiche en temps r\u00e9el le niveau de la batterie et du liquide, une fonction particuli\u00e8rement appr\u00e9ci\u00e9e des utilisateurs avertis 7.<\/p>\n\n\n\n<h3 class=\"wp-block-heading\"><strong>Pourquoi le Tornado 12k est-il le meilleur choix ?<\/strong><\/h3>\n\n\n\n<p><strong>Plus de 20 saveurs<\/strong>: D\u00e9couvrez d'autres points forts tels que&nbsp;<strong>Glace \u00e0 la p\u00eache<\/strong>&nbsp;ou&nbsp;<strong>Fraise Kiwi<\/strong>&nbsp;dans le&nbsp;<strong><a href=\"https:\/\/vapemaison.com\/product-category\/hot-series\/randm-tornado-9000\/\" target=\"_blank\" rel=\"noreferrer noopener\">RandM Tornado s\u00e9rie 12000<\/a><\/strong>.<\/p>\n\n\n\n<p><strong>S\u00e9curit\u00e9 et qualit\u00e9<\/strong>Des mat\u00e9riaux certifi\u00e9s CE et une protection stricte contre la surchauffe garantissent une utilisation s\u00fbre.<\/p>\n\n\n\n<p><strong>Sensibilisation \u00e0 l'environnement<\/strong>: La batterie rechargeable r\u00e9duit les d\u00e9chets \u00e9lectroniques par rapport aux mod\u00e8les jetables.<\/p>\n\n\n\n<p><strong>Accessoires compatibles<\/strong>: Compl\u00e9tez votre installation avec des pi\u00e8ces provenant de la&nbsp;<strong><a href=\"https:\/\/vapemaison.com\/product-category\/hot-series\/randm-tornado-9000\/\" target=\"_blank\" rel=\"noreferrer noopener\">Collection RandM Tornado<\/a><\/strong>.<\/p>\n\n\n\n<h3 class=\"wp-block-heading\"><strong>FAQ sur la Tornade 12k<\/strong><\/h3>\n\n\n\n<p><strong>1. La saveur bubblegum est-elle trop sucr\u00e9e ?<\/strong><br>Non, l'acidit\u00e9 de la myrtille contrebalance la douceur et assure un bon \u00e9quilibre.<br><strong>2. Quelle est la dur\u00e9e de vie de la batterie en cas d'utilisation quotidienne ?<\/strong><br>Le&nbsp;<strong>Batterie de 550mAh<\/strong>&nbsp;dure environ 1 \u00e0 2 jours - id\u00e9al pour les voyages.<br><strong>3. Qu'est-ce qui distingue le Tornado 12k des autres mod\u00e8les ?<\/strong><br>Il offre une plus grande vari\u00e9t\u00e9 d'ar\u00f4mes, un affichage num\u00e9rique et une technologie de bobine \u00e0 mailles pr\u00e9cise.<\/p>","protected":false},"excerpt":{"rendered":"<p class=\"ds-markdown-paragraph\"><strong>12k Tornade<\/strong> Blueberry Bubblegum : Harmonie p\u00eache-mangue tropicale pour 12 000 bouff\u00e9es<\/p>\n<p class=\"ds-markdown-paragraph\">La RandM Tornado 12000 \u00e9tablit avec la saveur Blueberry Bubblegum de nouvelles normes pour les exp\u00e9riences d'e-cigarettes tropicales.<\/p>","protected":false},"featured_media":9813,"comment_status":"open","ping_status":"closed","template":"","meta":[],"product_brand":[58],"product_cat":[154,174,294],"product_tag":[],"class_list":{"0":"post-9812","1":"product","2":"type-product","3":"status-publish","4":"has-post-thumbnail","6":"product_brand-fumot","7":"product_cat-12k-puffs","8":"product_cat-fumot-12k","9":"product_cat-no-nicotine-vape","11":"first","12":"instock","13":"sale","14":"shipping-taxable","15":"purchasable","16":"product-type-variable"},"yoast_head":"<!-- This site is optimized with the Yoast SEO plugin v27.4 - https:\/\/yoast.com\/product\/yoast-seo-wordpress\/ -->\n<title>12K Tornado Blueberry Bubblegum | Fumot Vape 12000 Puffs<\/title>\n<meta name=\"description\" content=\"Enjoy the 12K Tornado Blueberry Bubblegum Fumot Vape 12000 puffs of sweet blueberry and refreshing bubblegum flavor. Long-lasting and smooth.\" \/>\n<meta name=\"robots\" content=\"index, follow, max-snippet:-1, max-image-preview:large, max-video-preview:-1\" \/>\n<link rel=\"canonical\" href=\"https:\/\/vapemaison.com\/fr\/produit\/12k-tornado-blueberry-bubblegum-vape\/\" \/>\n<meta property=\"og:locale\" content=\"fr_FR\" \/>\n<meta property=\"og:type\" content=\"article\" \/>\n<meta property=\"og:title\" content=\"12K Tornado Blueberry Bubblegum | Fumot Vape 12000 Puffs\" \/>\n<meta property=\"og:description\" content=\"Enjoy the 12K Tornado Blueberry Bubblegum Fumot Vape 12000 puffs of sweet blueberry and refreshing bubblegum flavor. Long-lasting and smooth.\" \/>\n<meta property=\"og:url\" content=\"https:\/\/vapemaison.com\/fr\/produit\/12k-tornado-blueberry-bubblegum-vape\/\" \/>\n<meta property=\"og:site_name\" content=\"VapeMaison\" \/>\n<meta property=\"article:modified_time\" content=\"2026-02-27T09:44:40+00:00\" \/>\n<meta property=\"og:image\" content=\"https:\/\/vapemaison.com\/wp-content\/uploads\/2025\/11\/12k-Tornado-Blueberry-Bubblegum.webp\" \/>\n\t<meta property=\"og:image:width\" content=\"1125\" \/>\n\t<meta property=\"og:image:height\" content=\"1125\" \/>\n\t<meta property=\"og:image:type\" content=\"image\/webp\" \/>\n<meta name=\"twitter:card\" content=\"summary_large_image\" \/>\n<meta name=\"twitter:label1\" content=\"Dur\u00e9e de lecture estim\u00e9e\" \/>\n\t<meta name=\"twitter:data1\" content=\"2 minutes\" \/>\n<!-- \/ Yoast SEO plugin. -->","yoast_head_json":{"title":"12K Tornado Blueberry Bubblegum | Fumot Vape 12000 Bouff\u00e9es","description":"Appr\u00e9ciez le 12K Tornado Blueberry Bubblegum Fumot Vape 12000 bouff\u00e9es de saveur de myrtille sucr\u00e9e et de bubblegum rafra\u00eechissant. Longue dur\u00e9e et douceur.","robots":{"index":"index","follow":"follow","max-snippet":"max-snippet:-1","max-image-preview":"max-image-preview:large","max-video-preview":"max-video-preview:-1"},"canonical":"https:\/\/vapemaison.com\/fr\/produit\/12k-tornado-blueberry-bubblegum-vape\/","og_locale":"fr_FR","og_type":"article","og_title":"12K Tornado Blueberry Bubblegum | Fumot Vape 12000 Puffs","og_description":"Enjoy the 12K Tornado Blueberry Bubblegum Fumot Vape 12000 puffs of sweet blueberry and refreshing bubblegum flavor. Long-lasting and smooth.","og_url":"https:\/\/vapemaison.com\/fr\/produit\/12k-tornado-blueberry-bubblegum-vape\/","og_site_name":"VapeMaison","article_modified_time":"2026-02-27T09:44:40+00:00","og_image":[{"width":1125,"height":1125,"url":"https:\/\/vapemaison.com\/wp-content\/uploads\/2025\/11\/12k-Tornado-Blueberry-Bubblegum.webp","type":"image\/webp"}],"twitter_card":"summary_large_image","twitter_misc":{"Dur\u00e9e de lecture estim\u00e9e":"2 minutes"},"schema":{"@context":"https:\/\/schema.org","@graph":[{"@type":"WebPage","@id":"https:\/\/vapemaison.com\/product\/12k-tornado-blueberry-bubblegum-vape\/","url":"https:\/\/vapemaison.com\/product\/12k-tornado-blueberry-bubblegum-vape\/","name":"12K Tornado Blueberry Bubblegum | Fumot Vape 12000 Bouff\u00e9es","isPartOf":{"@id":"https:\/\/vapemaison.com\/#website"},"primaryImageOfPage":{"@id":"https:\/\/vapemaison.com\/product\/12k-tornado-blueberry-bubblegum-vape\/#primaryimage"},"image":{"@id":"https:\/\/vapemaison.com\/product\/12k-tornado-blueberry-bubblegum-vape\/#primaryimage"},"thumbnailUrl":"https:\/\/vapemaison.com\/wp-content\/uploads\/2025\/11\/12k-Tornado-Blueberry-Bubblegum.webp","datePublished":"2025-11-04T09:14:21+00:00","dateModified":"2026-02-27T09:44:40+00:00","description":"Appr\u00e9ciez le 12K Tornado Blueberry Bubblegum Fumot Vape 12000 bouff\u00e9es de saveur de myrtille sucr\u00e9e et de bubblegum rafra\u00eechissant. Longue dur\u00e9e et douceur.","breadcrumb":{"@id":"https:\/\/vapemaison.com\/product\/12k-tornado-blueberry-bubblegum-vape\/#breadcrumb"},"inLanguage":"fr-FR","potentialAction":[{"@type":"ReadAction","target":["https:\/\/vapemaison.com\/product\/12k-tornado-blueberry-bubblegum-vape\/"]}]},{"@type":"ImageObject","inLanguage":"fr-FR","@id":"https:\/\/vapemaison.com\/product\/12k-tornado-blueberry-bubblegum-vape\/#primaryimage","url":"https:\/\/vapemaison.com\/wp-content\/uploads\/2025\/11\/12k-Tornado-Blueberry-Bubblegum.webp","contentUrl":"https:\/\/vapemaison.com\/wp-content\/uploads\/2025\/11\/12k-Tornado-Blueberry-Bubblegum.webp","width":1125,"height":1125,"caption":"12k Tornado Blueberry Bubblegum Disposable Vape Device"},{"@type":"BreadcrumbList","@id":"https:\/\/vapemaison.com\/product\/12k-tornado-blueberry-bubblegum-vape\/#breadcrumb","itemListElement":[{"@type":"ListItem","position":1,"name":"\u9996\u9875","item":"https:\/\/vapemaison.com\/"},{"@type":"ListItem","position":2,"name":"Shop","item":"https:\/\/vapemaison.com\/shop\/"},{"@type":"ListItem","position":3,"name":"Fumot","item":"https:\/\/vapemaison.com\/brand\/fumot\/"},{"@type":"ListItem","position":4,"name":"12k Tornado Blueberry Bubblegum &#8211; Fumot Vape 12000 Puffs"}]},{"@type":"WebSite","@id":"https:\/\/vapemaison.com\/#website","url":"https:\/\/vapemaison.com\/","name":"VapeMaison","description":"Appareils et accessoires de vapotage haut de gamme","publisher":{"@id":"https:\/\/vapemaison.com\/#organization"},"potentialAction":[{"@type":"SearchAction","target":{"@type":"EntryPoint","urlTemplate":"https:\/\/vapemaison.com\/?s={search_term_string}"},"query-input":{"@type":"PropertyValueSpecification","valueRequired":true,"valueName":"search_term_string"}}],"inLanguage":"fr-FR"},{"@type":"Organization","@id":"https:\/\/vapemaison.com\/#organization","name":"VapeMaison","url":"https:\/\/vapemaison.com\/","logo":{"@type":"ImageObject","inLanguage":"fr-FR","@id":"https:\/\/vapemaison.com\/#\/schema\/logo\/image\/","url":"https:\/\/vapemaison.com\/wp-content\/uploads\/2026\/01\/cropped-vapemaison-logo-g-2026.webp","contentUrl":"https:\/\/vapemaison.com\/wp-content\/uploads\/2026\/01\/cropped-vapemaison-logo-g-2026.webp","width":350,"height":280,"caption":"VapeMaison"},"image":{"@id":"https:\/\/vapemaison.com\/#\/schema\/logo\/image\/"},"sameAs":["https:\/\/www.youtube.com\/@VapeMaison"]}]}},"tiered_pricing_type":"fixed","tiered_pricing_fixed_rules":{"30":"12.56","50":"10.78","100":"8.55","200":"7.98"},"tiered_pricing_product_settings":{"layout":"default","base_unit_name":{"singular":null,"plural":null},"default_variation":null},"tiered_pricing_minimum_quantity":10,"tiered_pricing_roles_data":[],"tiered_pricing_percentage_rules":[],"tiered_pricing_maximum_quantity":null,"tiered_pricing_quantity_step":"10","_links":{"self":[{"href":"https:\/\/vapemaison.com\/fr\/wp-json\/wp\/v2\/product\/9812","targetHints":{"allow":["GET"]}}],"collection":[{"href":"https:\/\/vapemaison.com\/fr\/wp-json\/wp\/v2\/product"}],"about":[{"href":"https:\/\/vapemaison.com\/fr\/wp-json\/wp\/v2\/types\/product"}],"replies":[{"embeddable":true,"href":"https:\/\/vapemaison.com\/fr\/wp-json\/wp\/v2\/comments?post=9812"}],"version-history":[{"count":1,"href":"https:\/\/vapemaison.com\/fr\/wp-json\/wp\/v2\/product\/9812\/revisions"}],"predecessor-version":[{"id":26648,"href":"https:\/\/vapemaison.com\/fr\/wp-json\/wp\/v2\/product\/9812\/revisions\/26648"}],"wp:featuredmedia":[{"embeddable":true,"href":"https:\/\/vapemaison.com\/fr\/wp-json\/wp\/v2\/media\/9813"}],"wp:attachment":[{"href":"https:\/\/vapemaison.com\/fr\/wp-json\/wp\/v2\/media?parent=9812"}],"wp:term":[{"taxonomy":"product_brand","embeddable":true,"href":"https:\/\/vapemaison.com\/fr\/wp-json\/wp\/v2\/product_brand?post=9812"},{"taxonomy":"product_cat","embeddable":true,"href":"https:\/\/vapemaison.com\/fr\/wp-json\/wp\/v2\/product_cat?post=9812"},{"taxonomy":"product_tag","embeddable":true,"href":"https:\/\/vapemaison.com\/fr\/wp-json\/wp\/v2\/product_tag?post=9812"}],"curies":[{"name":"wp","href":"https:\/\/api.w.org\/{rel}","templated":true}]}}