

{"id":11212,"date":"2025-11-11T06:33:43","date_gmt":"2025-11-11T06:33:43","guid":{"rendered":"https:\/\/vapemaison.com\/?post_type=product&#038;p=11212"},"modified":"2026-04-14T07:24:52","modified_gmt":"2026-04-14T07:24:52","slug":"elfo-bar-30000-re-acido-puff-5","status":"publish","type":"product","link":"https:\/\/vapemaison.com\/it\/product\/elf-bar-30000-sour-king-puff-5\/","title":{"rendered":"ELFBAR SOUR KING 30000 puff 5%"},"content":{"rendered":"<h3 class=\"wp-block-heading\"><strong>ELF BAR 30000 Bign\u00e8 - Edizione ad intensit\u00e0 acida regolabile<\/strong><\/h3>\n\n\n\n<p>L'ELF BAR 30000 \u00e8 arrivato!<br>Questa edizione speciale si distingue per l'esclusiva intensit\u00e0 di asprezza regolabile, che consente di regolare l'esperienza gustativa a proprio piacimento.<br>Con 5 diversi livelli di SOUR, \u00e8 possibile controllare con precisione l'intensit\u00e0 dell'effetto sour.<\/p>\n\n\n\n<p>Questa svapata monouso pre-riempita \u00e8 pronta all'uso subito dopo averla tolta dalla scatola e fornisce fino a 30.000 boccate di aroma soddisfacente.<\/p>\n\n\n\n<p>Un display digitale sulla parte anteriore mostra sia il livello della batteria che lo stato dell'e-liquid, in modo da sapere sempre quando \u00e8 il momento di ricaricarla o sostituirla.<\/p>\n\n\n\n<p>Dotato di una bobina a rete, proprio come nelle sigarette elettroniche di qualit\u00e0 superiore, offre un sapore pi\u00f9 ricco e un vapore pi\u00f9 denso.<br>Grazie al suo design ergonomico, \u00e8 possibile utilizzarlo in qualsiasi momento e ovunque.<\/p>\n\n\n\n<p><strong>Specifiche:<\/strong><\/p>\n\n\n\n<ul class=\"wp-block-list\">\n<li><strong>Capacit\u00e0 di soffio:<\/strong> 30.000 soffi<\/li>\n\n\n\n<li><strong>Batteria:<\/strong> 850 mAh<\/li>\n\n\n\n<li><strong>Forza della nicotina:<\/strong> 5%<\/li>\n\n\n\n<li><strong>Sapore:<\/strong> Tripla bacca acida<\/li>\n\n\n\n<li><strong>Tipo di bobina:<\/strong> Maglia<\/li>\n\n\n\n<li><strong>Sistema di flusso d'aria:<\/strong> Doppio flusso d'aria<\/li>\n\n\n\n<li><strong>Impostazioni di asprezza:<\/strong> 4 livelli regolabili<\/li>\n<\/ul>\n\n\n\n<p><\/p>\n\n\n\n<p>Esplorate la nostra collezione per trovare la svapata perfetta per le vostre esigenze. Sfoglia la nostra gamma completa sul sito <strong><a href=\"https:\/\/vapemaison.com\/\" type=\"link\" id=\"https:\/\/vapemaison.com\/\">Homepage<\/a><\/strong>, scoprire dispositivi simili ad alte prestazioni sul <strong><a href=\"https:\/\/vapemaison.com\/shop\/\" type=\"link\" id=\"https:\/\/vapemaison.com\/shop\/\">Negozio di vape usa e getta<\/a><\/strong>, o per saperne di pi\u00f9 sulla qualit\u00e0 affidabile di <strong><a href=\"https:\/\/vapemaison.com\/brand\/elfbar\/\" type=\"link\" id=\"https:\/\/vapemaison.com\/brand\/elfbar\/\">Marchio Elfbar<\/a><\/strong>.Se state confrontando diversi livelli di utilizzo, date un'occhiata al nostro <strong><a href=\"https:\/\/vapemaison.com\/product-category\/puffs-count\/30k-puffs\/\" type=\"link\" id=\"https:\/\/vapemaison.com\/product-category\/puffs-count\/30k-puffs\/\">30.000 soffi<\/a><\/strong> per trovare i dispositivi che corrispondono alla vostra capacit\u00e0 preferita, dalle opzioni compatte ai modelli ad altissima potenza.<\/p>\n\n\n\n<p><\/p>","protected":false},"excerpt":{"rendered":"<p>ELF BAR 30000 Puffs \u2013 Adjustable Sour Intensity Edition The ELF BAR 30000 has arrived!This special edition stands out with its unique adjustable sourness intensity, allowing you to fine-tune the flavor experience to your liking.With 5 different SOUR levels, you can precisely control how strong the sour effect feels. This pre-filled disposable vape is ready [&hellip;]<\/p>\n","protected":false},"featured_media":11243,"comment_status":"open","ping_status":"closed","template":"","meta":[],"product_brand":[177],"product_cat":[134],"product_tag":[],"class_list":{"0":"post-11212","1":"product","2":"type-product","3":"status-publish","4":"has-post-thumbnail","6":"product_brand-elfbar","7":"product_cat-30k-puffs","9":"first","10":"instock","11":"sale","12":"shipping-taxable","13":"purchasable","14":"product-type-variable"},"yoast_head":"<!-- This site is optimized with the Yoast SEO plugin v27.4 - https:\/\/yoast.com\/product\/yoast-seo-wordpress\/ -->\n<title>ELF BAR 30000 Puffs Vape | Sour Intensity Digital Display<\/title>\n<meta name=\"description\" content=\"Experience the ELF BAR 30000 Puffs with 4 sour levels, digital screen, mesh coil, and 5% nicotine. Pure flavor, smooth vapor, and ultimate control.\" \/>\n<meta name=\"robots\" content=\"index, follow, max-snippet:-1, max-image-preview:large, max-video-preview:-1\" \/>\n<link rel=\"canonical\" href=\"https:\/\/vapemaison.com\/it\/prodotto\/elfo-bar-30000-re-acido-puff-5\/\" \/>\n<meta property=\"og:locale\" content=\"it_IT\" \/>\n<meta property=\"og:type\" content=\"article\" \/>\n<meta property=\"og:title\" content=\"ELF BAR 30000 Puffs Vape | Sour Intensity Digital Display\" \/>\n<meta property=\"og:description\" content=\"Experience the ELF BAR 30000 Puffs with 4 sour levels, digital screen, mesh coil, and 5% nicotine. Pure flavor, smooth vapor, and ultimate control.\" \/>\n<meta property=\"og:url\" content=\"https:\/\/vapemaison.com\/it\/prodotto\/elfo-bar-30000-re-acido-puff-5\/\" \/>\n<meta property=\"og:site_name\" content=\"VapeMaison\" \/>\n<meta property=\"article:modified_time\" content=\"2026-04-14T07:24:52+00:00\" \/>\n<meta property=\"og:image\" content=\"https:\/\/vapemaison.com\/wp-content\/uploads\/2025\/11\/elf-bar-sour-king-sour-blueberry-waterm-1.png\" \/>\n\t<meta property=\"og:image:width\" content=\"1000\" \/>\n\t<meta property=\"og:image:height\" content=\"1000\" \/>\n\t<meta property=\"og:image:type\" content=\"image\/png\" \/>\n<meta name=\"twitter:card\" content=\"summary_large_image\" \/>\n<meta name=\"twitter:label1\" content=\"Tempo di lettura stimato\" \/>\n\t<meta name=\"twitter:data1\" content=\"2 minuti\" \/>\n<!-- \/ Yoast SEO plugin. -->","yoast_head_json":{"title":"ELF BAR 30000 boccate Vape | Intensit\u00e0 acida Display digitale","description":"Provate la ELF BAR 30000 Puff con 4 livelli di acidit\u00e0, schermo digitale, bobina a rete e nicotina 5%. Gusto puro, vapore omogeneo e controllo assoluto.","robots":{"index":"index","follow":"follow","max-snippet":"max-snippet:-1","max-image-preview":"max-image-preview:large","max-video-preview":"max-video-preview:-1"},"canonical":"https:\/\/vapemaison.com\/it\/prodotto\/elfo-bar-30000-re-acido-puff-5\/","og_locale":"it_IT","og_type":"article","og_title":"ELF BAR 30000 Puffs Vape | Sour Intensity Digital Display","og_description":"Experience the ELF BAR 30000 Puffs with 4 sour levels, digital screen, mesh coil, and 5% nicotine. Pure flavor, smooth vapor, and ultimate control.","og_url":"https:\/\/vapemaison.com\/it\/prodotto\/elfo-bar-30000-re-acido-puff-5\/","og_site_name":"VapeMaison","article_modified_time":"2026-04-14T07:24:52+00:00","og_image":[{"width":1000,"height":1000,"url":"https:\/\/vapemaison.com\/wp-content\/uploads\/2025\/11\/elf-bar-sour-king-sour-blueberry-waterm-1.png","type":"image\/png"}],"twitter_card":"summary_large_image","twitter_misc":{"Tempo di lettura stimato":"2 minuti"},"schema":{"@context":"https:\/\/schema.org","@graph":[{"@type":"WebPage","@id":"https:\/\/vapemaison.com\/product\/elf-bar-30000-sour-king-puff-5\/","url":"https:\/\/vapemaison.com\/product\/elf-bar-30000-sour-king-puff-5\/","name":"ELF BAR 30000 boccate Vape | Intensit\u00e0 acida Display digitale","isPartOf":{"@id":"https:\/\/vapemaison.com\/#website"},"primaryImageOfPage":{"@id":"https:\/\/vapemaison.com\/product\/elf-bar-30000-sour-king-puff-5\/#primaryimage"},"image":{"@id":"https:\/\/vapemaison.com\/product\/elf-bar-30000-sour-king-puff-5\/#primaryimage"},"thumbnailUrl":"https:\/\/vapemaison.com\/wp-content\/uploads\/2025\/11\/elf-bar-sour-king-sour-blueberry-waterm-1.png","datePublished":"2025-11-11T06:33:43+00:00","dateModified":"2026-04-14T07:24:52+00:00","description":"Provate la ELF BAR 30000 Puff con 4 livelli di acidit\u00e0, schermo digitale, bobina a rete e nicotina 5%. Gusto puro, vapore omogeneo e controllo assoluto.","breadcrumb":{"@id":"https:\/\/vapemaison.com\/product\/elf-bar-30000-sour-king-puff-5\/#breadcrumb"},"inLanguage":"it-IT","potentialAction":[{"@type":"ReadAction","target":["https:\/\/vapemaison.com\/product\/elf-bar-30000-sour-king-puff-5\/"]}]},{"@type":"ImageObject","inLanguage":"it-IT","@id":"https:\/\/vapemaison.com\/product\/elf-bar-30000-sour-king-puff-5\/#primaryimage","url":"https:\/\/vapemaison.com\/wp-content\/uploads\/2025\/11\/elf-bar-sour-king-sour-blueberry-waterm-1.png","contentUrl":"https:\/\/vapemaison.com\/wp-content\/uploads\/2025\/11\/elf-bar-sour-king-sour-blueberry-waterm-1.png","width":1000,"height":1000,"caption":"Elf Bar Sour King Blueberry Waterm Disposable Vape Device"},{"@type":"BreadcrumbList","@id":"https:\/\/vapemaison.com\/product\/elf-bar-30000-sour-king-puff-5\/#breadcrumb","itemListElement":[{"@type":"ListItem","position":1,"name":"\u9996\u9875","item":"https:\/\/vapemaison.com\/"},{"@type":"ListItem","position":2,"name":"Shop","item":"https:\/\/vapemaison.com\/shop\/"},{"@type":"ListItem","position":3,"name":"Elfbar","item":"https:\/\/vapemaison.com\/brand\/elfbar\/"},{"@type":"ListItem","position":4,"name":"ELFBAR SOUR KING 30000 puff 5%"}]},{"@type":"WebSite","@id":"https:\/\/vapemaison.com\/#website","url":"https:\/\/vapemaison.com\/","name":"VapeMaison","description":"Dispositivi e accessori per il vaping di alta qualit\u00e0","publisher":{"@id":"https:\/\/vapemaison.com\/#organization"},"potentialAction":[{"@type":"SearchAction","target":{"@type":"EntryPoint","urlTemplate":"https:\/\/vapemaison.com\/?s={search_term_string}"},"query-input":{"@type":"PropertyValueSpecification","valueRequired":true,"valueName":"search_term_string"}}],"inLanguage":"it-IT"},{"@type":"Organization","@id":"https:\/\/vapemaison.com\/#organization","name":"VapeMaison","url":"https:\/\/vapemaison.com\/","logo":{"@type":"ImageObject","inLanguage":"it-IT","@id":"https:\/\/vapemaison.com\/#\/schema\/logo\/image\/","url":"https:\/\/vapemaison.com\/wp-content\/uploads\/2026\/01\/cropped-vapemaison-logo-g-2026.webp","contentUrl":"https:\/\/vapemaison.com\/wp-content\/uploads\/2026\/01\/cropped-vapemaison-logo-g-2026.webp","width":350,"height":280,"caption":"VapeMaison"},"image":{"@id":"https:\/\/vapemaison.com\/#\/schema\/logo\/image\/"},"sameAs":["https:\/\/www.youtube.com\/@VapeMaison"]}]}},"tiered_pricing_type":"fixed","tiered_pricing_fixed_rules":{"30":"16.99","50":"15.42","100":"13.68","200":"12.21"},"tiered_pricing_product_settings":{"layout":"default","base_unit_name":{"singular":null,"plural":null},"default_variation":null},"tiered_pricing_minimum_quantity":10,"tiered_pricing_roles_data":[],"tiered_pricing_percentage_rules":[],"tiered_pricing_maximum_quantity":null,"tiered_pricing_quantity_step":"10","_links":{"self":[{"href":"https:\/\/vapemaison.com\/it\/wp-json\/wp\/v2\/product\/11212","targetHints":{"allow":["GET"]}}],"collection":[{"href":"https:\/\/vapemaison.com\/it\/wp-json\/wp\/v2\/product"}],"about":[{"href":"https:\/\/vapemaison.com\/it\/wp-json\/wp\/v2\/types\/product"}],"replies":[{"embeddable":true,"href":"https:\/\/vapemaison.com\/it\/wp-json\/wp\/v2\/comments?post=11212"}],"version-history":[{"count":1,"href":"https:\/\/vapemaison.com\/it\/wp-json\/wp\/v2\/product\/11212\/revisions"}],"predecessor-version":[{"id":29389,"href":"https:\/\/vapemaison.com\/it\/wp-json\/wp\/v2\/product\/11212\/revisions\/29389"}],"wp:featuredmedia":[{"embeddable":true,"href":"https:\/\/vapemaison.com\/it\/wp-json\/wp\/v2\/media\/11243"}],"wp:attachment":[{"href":"https:\/\/vapemaison.com\/it\/wp-json\/wp\/v2\/media?parent=11212"}],"wp:term":[{"taxonomy":"product_brand","embeddable":true,"href":"https:\/\/vapemaison.com\/it\/wp-json\/wp\/v2\/product_brand?post=11212"},{"taxonomy":"product_cat","embeddable":true,"href":"https:\/\/vapemaison.com\/it\/wp-json\/wp\/v2\/product_cat?post=11212"},{"taxonomy":"product_tag","embeddable":true,"href":"https:\/\/vapemaison.com\/it\/wp-json\/wp\/v2\/product_tag?post=11212"}],"curies":[{"name":"wp","href":"https:\/\/api.w.org\/{rel}","templated":true}]}}