

{"id":11217,"date":"2025-11-11T06:33:43","date_gmt":"2025-11-11T06:33:43","guid":{"rendered":"https:\/\/vapemaison.com\/?post_type=product&#038;p=11217"},"modified":"2025-11-21T08:53:49","modified_gmt":"2025-11-21T08:53:49","slug":"vozol-star-20000-soffi-vape","status":"publish","type":"product","link":"https:\/\/vapemaison.com\/it\/product\/vozol-star-20000-puffs-vape\/","title":{"rendered":"VOZOL STAR 20000 | Vozol star 20k PUFF 5%"},"content":{"rendered":"<h3 class=\"wp-block-heading\"><strong>Vozol Star 20000 boccate a doppia potenza - Esperienza di vaping definitiva<\/strong><\/h3>\n\n\n\n<p><strong>Vozol Star 20000 Bocconi a doppia potenza<\/strong> ridefinisce i vapers usa e getta con una tecnologia all'avanguardia, che offre <strong>20k soffio<\/strong> per un'esperienza di vaping di lunga durata e senza precedenti. Caratterizzato da <strong>Tecnologia a doppia alimentazione<\/strong>, garantisce un sapore costante e un tiro fluido dalla prima all'ultima boccata, rendendola la scelta ideale per i vapers che cercano convenienza, qualit\u00e0 e prestazioni.<\/p>\n\n\n\n<h3 class=\"wp-block-heading\"><strong>Perch\u00e9 scegliere Vozol Star 20000 Puffs Dual Power?<\/strong><\/h3>\n\n\n\n<ul class=\"wp-block-list\">\n<li><strong>Prestazioni di lunga durata<\/strong>: Con un incredibile <strong>20000 soffi<\/strong>, il Vape<strong> Doppia potenza<\/strong> \u00e8 progettata per durare pi\u00f9 a lungo e rappresenta una scelta economicamente vantaggiosa per i vapers pi\u00f9 esigenti.<\/li>\n\n\n\n<li><strong>Saporito e morbido<\/strong>: La tecnologia Dual Power garantisce che ogni boccata sia fresca e soddisfacente come la prima, offrendo un'ottima qualit\u00e0 di vita. <strong>sapori morbidi e ricchi<\/strong> per tutta la durata di vita del dispositivo.<\/li>\n\n\n\n<li><strong>Perfetto per chi \u00e8 in viaggio<\/strong>: Il suo design compatto ed ergonomico rende il <strong>Vozol Star<\/strong> facile da trasportare e perfetto per <strong>vaping ovunque<\/strong>.<\/li>\n\n\n\n<li><strong>Consegna senza problemi<\/strong>: Godetevi <strong>consegna rapida di vape a Dubai<\/strong> con Vape King DXB, portando il meglio del vaping a casa vostra.<\/li>\n<\/ul>\n\n\n\n<h3 class=\"wp-block-heading\">Vozol star 20k <strong>Caratteristiche principali<\/strong><\/h3>\n\n\n\n<ul class=\"wp-block-list\">\n<li><strong>Numero di soffi ineguagliabile<\/strong>:<br>Con <strong>20.000 soffi<\/strong>, il <strong>Vozol Star 20000 Bocconi a doppia potenza<\/strong> si distingue sul mercato come uno dei vapers usa e getta pi\u00f9 duraturi, perfetto per i vapers che desiderano un uso prolungato senza sacrificare il sapore o le prestazioni.<\/li>\n\n\n\n<li><strong>Tecnologia a doppia alimentazione<\/strong>:<br>Il <strong>Doppia potenza<\/strong> stabilizza l'uscita, garantendo prestazioni costanti a ogni boccata. Sperimentate una svapata fluida e ininterrotta, con un sapore ricco che non svanisce mai.<\/li>\n\n\n\n<li><strong>Design compatto ed elegante<\/strong>:<br>Il <strong>Vozol Star<\/strong> ha un design elegante e portatile che si adatta comodamente alla mano e alla tasca. Portatelo con voi ovunque andiate, assicurandovi un'esperienza di vaping di alto livello anche in movimento.<\/li>\n\n\n\n<li><strong>Qualit\u00e0 costruttiva premium<\/strong>:<br>Costruito con materiali di alta qualit\u00e0, il <strong>Vozol Star 20000 Bign\u00e8<\/strong> offre durata e affidabilit\u00e0, assicurando prestazioni durature anche in caso di uso frequente.<\/li>\n\n\n\n<li><strong>Consegna conveniente del Vape a Dubai<\/strong>:<br>Ottenere il <strong>Vozol Star 20000 Bocconi a doppia potenza<\/strong> consegnati direttamente a casa vostra a Dubai con un servizio di consegna rapida, sicura e senza problemi. Non rimanere mai pi\u00f9 senza il tuo dispositivo preferito: Vape King DXB ti garantisce l'accesso a prodotti per il vaping di alto livello a tuo piacimento.<\/li>\n<\/ul>\n\n\n\n<h3 class=\"wp-block-heading\"><strong>Gusti disponibili<\/strong><\/h3>\n\n\n\n<p>Lasciatevi tentare da un'ampia gamma di sapori deliziosi e rinfrescanti con il <strong>Vozol Star 20000 Bocconi a doppia potenza<\/strong>. Che preferiate miscele fruttate, ghiacciate o classiche, ce n'\u00e8 per tutti i palati:<\/p>\n\n\n\n<ul class=\"wp-block-list\">\n<li><strong>Ghiaccio all'anguria<\/strong><\/li>\n\n\n\n<li><strong>Ghiaccio d'uva<\/strong><\/li>\n\n\n\n<li><strong>Ghiaccio al mango<\/strong><\/li>\n\n\n\n<li><strong>Ghiaccio doppio alla mela<\/strong><\/li>\n\n\n\n<li><strong>Fragola Kiwi<\/strong><\/li>\n\n\n\n<li><strong>Anguria al lampone<\/strong><\/li>\n\n\n\n<li><strong>Ghiaccio Blu Razz<\/strong><\/li>\n\n\n\n<li><strong>Mango alla fragola<\/strong><\/li>\n\n\n\n<li><strong>Mango Pesca Anguria<\/strong><\/li>\n\n\n\n<li><strong>Ciliegia Cola<\/strong><\/li>\n\n\n\n<li><strong>Ghiaccio alla pesca succosa<\/strong><\/li>\n\n\n\n<li><strong>Drago Strawnana<\/strong><\/li>\n\n\n\n<li><strong>Bacche miste<\/strong><\/li>\n\n\n\n<li><strong>Limone e lime<\/strong><\/li>\n\n\n\n<li><strong>Esplosione tropicale<\/strong><\/li>\n\n\n\n<li><strong>Tempesta di mirtilli<\/strong><\/li>\n\n\n\n<li><strong>Profumo di limone<\/strong><\/li>\n\n\n\n<li><strong>Arancia Ananas Litchi<\/strong><\/li>\n\n\n\n<li><strong>Amore 777<\/strong><\/li>\n\n\n\n<li><strong>Lampone Mela Anguria Ananas<\/strong><\/li>\n<\/ul>\n\n\n\n<h3 class=\"wp-block-heading\"><strong>Ordina ora e prova la migliore tecnologia di vaping<\/strong><\/h3>\n\n\n\n<p>Il <strong>Vozol Star 20000 Bocconi a doppia potenza<\/strong> \u00e8 disponibile ora presso <strong>Vape King DXB<\/strong>. Divertitevi <strong>soffi di lunga durata<\/strong>, Un dispositivo che offre un sapore eccezionale e una convenienza imbattibile. Ordinate oggi stesso e migliorate il vostro gioco di vaping!<\/p>\n\n\n\n<p>\u00c8 possibile visitare gli altri prodotti del marchio vozol, o controllare gli altrettanto amati \u00c8 possibile visitare gli altri prodotti del marchio vozol, o controllare gli altrettanto amati prodotti del marchio vozol, o controllare gli altrettanto amati prodotti del marchio vozol. <strong><a href=\"https:\/\/vapemaison.com\/brand\/vozol\/\">Marchio VOZOL<\/a><\/strong>, oppure date un'occhiata all'altrettanto amato<strong> <a href=\"https:\/\/vapemaison.com\/product\/vozol-vista-20000-puff-vape\/\">VOZOL VISTA 20000<\/a><\/strong>.<\/p>\n\n\n\n<p><\/p>","protected":false},"excerpt":{"rendered":"<p data-start=\"3955\" data-end=\"4211\">Esperienza <strong data-start=\"3966\" data-end=\"3982\">20.000 soffi<\/strong> con il <strong data-start=\"3992\" data-end=\"4029\">Vozol Star 20000 Bocconi a doppia potenza<\/strong>, con <strong data-start=\"4041\" data-end=\"4066\">Tecnologia a doppia alimentazione<\/strong> per prestazioni costanti e sapore omogeneo. Compatto, resistente e disponibile in <strong data-start=\"4148\" data-end=\"4171\">24 gusti entusiasmanti<\/strong>. Consegna rapida e conveniente in VapeMaison.<\/p>","protected":false},"featured_media":11254,"comment_status":"open","ping_status":"closed","template":"","meta":[],"product_brand":[178],"product_cat":[133],"product_tag":[],"class_list":{"0":"post-11217","1":"product","2":"type-product","3":"status-publish","4":"has-post-thumbnail","6":"product_brand-vozol","7":"product_cat-20k-puffs","9":"first","10":"instock","11":"sale","12":"shipping-taxable","13":"purchasable","14":"product-type-variable"},"yoast_head":"<!-- This site is optimized with the Yoast SEO plugin v27.4 - https:\/\/yoast.com\/product\/yoast-seo-wordpress\/ -->\n<title>Vozol Star 20000 Puffs Dual Power Vape \u2013vozol star 20k Puffs<\/title>\n<meta name=\"description\" content=\"Discover the Vozol Star 20000 Puffs Dual Power, . Available in 24 flavors and ideal for on-the-go use, delivering a vaping experience anytime, anywhere.\" \/>\n<meta name=\"robots\" content=\"index, follow, max-snippet:-1, max-image-preview:large, max-video-preview:-1\" \/>\n<link rel=\"canonical\" href=\"https:\/\/vapemaison.com\/it\/prodotto\/vozol-star-20000-soffi-vape\/\" \/>\n<meta property=\"og:locale\" content=\"it_IT\" \/>\n<meta property=\"og:type\" content=\"article\" \/>\n<meta property=\"og:title\" content=\"Vozol Star 20000 Puffs Dual Power Vape \u2013vozol star 20k Puffs\" \/>\n<meta property=\"og:description\" content=\"Discover the Vozol Star 20000 Puffs Dual Power, . Available in 24 flavors and ideal for on-the-go use, delivering a vaping experience anytime, anywhere.\" \/>\n<meta property=\"og:url\" content=\"https:\/\/vapemaison.com\/it\/prodotto\/vozol-star-20000-soffi-vape\/\" \/>\n<meta property=\"og:site_name\" content=\"VapeMaison\" \/>\n<meta property=\"article:modified_time\" content=\"2025-11-21T08:53:49+00:00\" \/>\n<meta property=\"og:image\" content=\"https:\/\/vapemaison.com\/wp-content\/uploads\/2025\/11\/vozol-star-20000-perfume-lemon-r8t8017-1.jpg\" \/>\n\t<meta property=\"og:image:width\" content=\"2048\" \/>\n\t<meta property=\"og:image:height\" content=\"1969\" \/>\n\t<meta property=\"og:image:type\" content=\"image\/jpeg\" \/>\n<meta name=\"twitter:card\" content=\"summary_large_image\" \/>\n<meta name=\"twitter:label1\" content=\"Tempo di lettura stimato\" \/>\n\t<meta name=\"twitter:data1\" content=\"3 minuti\" \/>\n<!-- \/ Yoast SEO plugin. -->","yoast_head_json":{"title":"Vozol Star 20000 soffi a doppia potenza Vape -vozol star 20k soffi","description":"Scoprite la Vozol Star 20000 Puffs Dual Power, . Disponibile in 24 gusti e ideale per l'uso in movimento, offre un'esperienza di vaping sempre e ovunque.","robots":{"index":"index","follow":"follow","max-snippet":"max-snippet:-1","max-image-preview":"max-image-preview:large","max-video-preview":"max-video-preview:-1"},"canonical":"https:\/\/vapemaison.com\/it\/prodotto\/vozol-star-20000-soffi-vape\/","og_locale":"it_IT","og_type":"article","og_title":"Vozol Star 20000 Puffs Dual Power Vape \u2013vozol star 20k Puffs","og_description":"Discover the Vozol Star 20000 Puffs Dual Power, . Available in 24 flavors and ideal for on-the-go use, delivering a vaping experience anytime, anywhere.","og_url":"https:\/\/vapemaison.com\/it\/prodotto\/vozol-star-20000-soffi-vape\/","og_site_name":"VapeMaison","article_modified_time":"2025-11-21T08:53:49+00:00","og_image":[{"width":2048,"height":1969,"url":"https:\/\/vapemaison.com\/wp-content\/uploads\/2025\/11\/vozol-star-20000-perfume-lemon-r8t8017-1.jpg","type":"image\/jpeg"}],"twitter_card":"summary_large_image","twitter_misc":{"Tempo di lettura stimato":"3 minuti"},"schema":{"@context":"https:\/\/schema.org","@graph":[{"@type":"WebPage","@id":"https:\/\/vapemaison.com\/product\/vozol-star-20000-puffs-vape\/","url":"https:\/\/vapemaison.com\/product\/vozol-star-20000-puffs-vape\/","name":"Vozol Star 20000 soffi a doppia potenza Vape -vozol star 20k soffi","isPartOf":{"@id":"https:\/\/vapemaison.com\/#website"},"primaryImageOfPage":{"@id":"https:\/\/vapemaison.com\/product\/vozol-star-20000-puffs-vape\/#primaryimage"},"image":{"@id":"https:\/\/vapemaison.com\/product\/vozol-star-20000-puffs-vape\/#primaryimage"},"thumbnailUrl":"https:\/\/vapemaison.com\/wp-content\/uploads\/2025\/11\/vozol-star-20000-perfume-lemon-r8t8017-1.jpg","datePublished":"2025-11-11T06:33:43+00:00","dateModified":"2025-11-21T08:53:49+00:00","description":"Scoprite la Vozol Star 20000 Puffs Dual Power, . Disponibile in 24 gusti e ideale per l'uso in movimento, offre un'esperienza di vaping sempre e ovunque.","breadcrumb":{"@id":"https:\/\/vapemaison.com\/product\/vozol-star-20000-puffs-vape\/#breadcrumb"},"inLanguage":"it-IT","potentialAction":[{"@type":"ReadAction","target":["https:\/\/vapemaison.com\/product\/vozol-star-20000-puffs-vape\/"]}]},{"@type":"ImageObject","inLanguage":"it-IT","@id":"https:\/\/vapemaison.com\/product\/vozol-star-20000-puffs-vape\/#primaryimage","url":"https:\/\/vapemaison.com\/wp-content\/uploads\/2025\/11\/vozol-star-20000-perfume-lemon-r8t8017-1.jpg","contentUrl":"https:\/\/vapemaison.com\/wp-content\/uploads\/2025\/11\/vozol-star-20000-perfume-lemon-r8t8017-1.jpg","width":2048,"height":1969,"caption":"Vozol Star Perfume Lemon R8t Disposable Vape Device"},{"@type":"BreadcrumbList","@id":"https:\/\/vapemaison.com\/product\/vozol-star-20000-puffs-vape\/#breadcrumb","itemListElement":[{"@type":"ListItem","position":1,"name":"\u9996\u9875","item":"https:\/\/vapemaison.com\/"},{"@type":"ListItem","position":2,"name":"Shop","item":"https:\/\/vapemaison.com\/shop\/"},{"@type":"ListItem","position":3,"name":"Vozol","item":"https:\/\/vapemaison.com\/brand\/vozol\/"},{"@type":"ListItem","position":4,"name":"VOZOL STAR 20000 | Vozol star 20k PUFF 5%"}]},{"@type":"WebSite","@id":"https:\/\/vapemaison.com\/#website","url":"https:\/\/vapemaison.com\/","name":"VapeMaison","description":"Dispositivi e accessori per il vaping di alta qualit\u00e0","publisher":{"@id":"https:\/\/vapemaison.com\/#organization"},"potentialAction":[{"@type":"SearchAction","target":{"@type":"EntryPoint","urlTemplate":"https:\/\/vapemaison.com\/?s={search_term_string}"},"query-input":{"@type":"PropertyValueSpecification","valueRequired":true,"valueName":"search_term_string"}}],"inLanguage":"it-IT"},{"@type":"Organization","@id":"https:\/\/vapemaison.com\/#organization","name":"VapeMaison","url":"https:\/\/vapemaison.com\/","logo":{"@type":"ImageObject","inLanguage":"it-IT","@id":"https:\/\/vapemaison.com\/#\/schema\/logo\/image\/","url":"https:\/\/vapemaison.com\/wp-content\/uploads\/2026\/01\/cropped-vapemaison-logo-g-2026.webp","contentUrl":"https:\/\/vapemaison.com\/wp-content\/uploads\/2026\/01\/cropped-vapemaison-logo-g-2026.webp","width":350,"height":280,"caption":"VapeMaison"},"image":{"@id":"https:\/\/vapemaison.com\/#\/schema\/logo\/image\/"},"sameAs":["https:\/\/www.youtube.com\/@VapeMaison"]}]}},"tiered_pricing_type":"fixed","tiered_pricing_fixed_rules":{"30":"11.24","50":"10.36","100":"9.56","200":"8.47"},"tiered_pricing_product_settings":{"layout":"default","base_unit_name":{"singular":null,"plural":null},"default_variation":null},"tiered_pricing_minimum_quantity":10,"tiered_pricing_roles_data":[],"tiered_pricing_percentage_rules":[],"tiered_pricing_maximum_quantity":null,"tiered_pricing_quantity_step":"10","_links":{"self":[{"href":"https:\/\/vapemaison.com\/it\/wp-json\/wp\/v2\/product\/11217","targetHints":{"allow":["GET"]}}],"collection":[{"href":"https:\/\/vapemaison.com\/it\/wp-json\/wp\/v2\/product"}],"about":[{"href":"https:\/\/vapemaison.com\/it\/wp-json\/wp\/v2\/types\/product"}],"replies":[{"embeddable":true,"href":"https:\/\/vapemaison.com\/it\/wp-json\/wp\/v2\/comments?post=11217"}],"version-history":[{"count":0,"href":"https:\/\/vapemaison.com\/it\/wp-json\/wp\/v2\/product\/11217\/revisions"}],"wp:featuredmedia":[{"embeddable":true,"href":"https:\/\/vapemaison.com\/it\/wp-json\/wp\/v2\/media\/11254"}],"wp:attachment":[{"href":"https:\/\/vapemaison.com\/it\/wp-json\/wp\/v2\/media?parent=11217"}],"wp:term":[{"taxonomy":"product_brand","embeddable":true,"href":"https:\/\/vapemaison.com\/it\/wp-json\/wp\/v2\/product_brand?post=11217"},{"taxonomy":"product_cat","embeddable":true,"href":"https:\/\/vapemaison.com\/it\/wp-json\/wp\/v2\/product_cat?post=11217"},{"taxonomy":"product_tag","embeddable":true,"href":"https:\/\/vapemaison.com\/it\/wp-json\/wp\/v2\/product_tag?post=11217"}],"curies":[{"name":"wp","href":"https:\/\/api.w.org\/{rel}","templated":true}]}}