

{"id":11220,"date":"2025-11-11T06:33:44","date_gmt":"2025-11-11T06:33:44","guid":{"rendered":"https:\/\/vapemaison.com\/?post_type=product&#038;p=11220"},"modified":"2026-02-10T06:55:19","modified_gmt":"2026-02-10T06:55:19","slug":"jnr-mediamax-40000-soffi","status":"publish","type":"product","link":"https:\/\/vapemaison.com\/it\/product\/jnr-mediamax-40000-puffs\/","title":{"rendered":"JNR MediaMax 40000 soffi"},"content":{"rendered":"<h2 class=\"wp-block-heading\"><strong>JNR MediaMax 40K Vape usa e getta - 40.000 boccate con funzioni intelligenti<\/strong><\/h2>\n\n\n\n<p>Scoprire il <strong>JNR MediaMax 40K<\/strong>, il primo al mondo <strong>40.000 boccate<\/strong> vape ricaricabile con caratteristiche da smartphone! Combinando una tecnologia all'avanguardia, una batteria ricaricabile da 1000mAh e una capacit\u00e0 di 21mL di e-liquid, questo dispositivo \u00e8 stato progettato per <strong>di lunga durata<\/strong> e <strong>personalizzabile<\/strong> esperienze di vaping. Sia che preferiate <strong>Modalit\u00e0 regolare<\/strong> o <strong>Modalit\u00e0 a impulsi<\/strong>, il <strong>JNR MediaMax 40K<\/strong> offre una svapata impareggiabile con un'efficacia fino a <strong>40.000 soffi<\/strong> in modalit\u00e0 regolare e <strong>20.000 soffi<\/strong> in modalit\u00e0 Pulse, per garantire il massimo della soddisfazione e del gusto.<\/p>\n\n\n\n<h3 class=\"wp-block-heading\"><strong>Caratteristiche principali<\/strong><\/h3>\n\n\n\n<ul class=\"wp-block-list\">\n<li><strong>Fino a 40.000 boccate<\/strong>:<br>Godetevi fino a <strong>40.000 soffi<\/strong> in <strong>Modalit\u00e0 regolare<\/strong> o <strong>20.000 soffi<\/strong> in <strong>Modalit\u00e0 a impulsi<\/strong>-Perfetto per un uso prolungato o per una produzione di vapore pi\u00f9 intensa.<\/li>\n\n\n\n<li><strong>Batteria ricaricabile da 1000 mAh<\/strong>:<br>Basta con i vapers usa e getta! Il <strong>Batteria ricaricabile da 1000mAh<\/strong> garantisce prestazioni di lunga durata, in modo da non doversi mai preoccupare di un dispositivo scarico durante le sessioni di svapo.<\/li>\n\n\n\n<li><strong>Doppia modalit\u00e0 per un vaping personalizzabile<\/strong>:<br>Scegliere <strong>Modalit\u00e0 regolare<\/strong> per un colpo in gola omogeneo e costante, oppure passare a <strong>Modalit\u00e0 a impulsi<\/strong> per un'esperienza pi\u00f9 densa e saporita.<\/li>\n\n\n\n<li><strong>Vaping MTL (Mouth-To-Lung)<\/strong>:<br>Progettato per <strong>Vapers MTL<\/strong>, Questo dispositivo offre la sensazione di fumare una sigaretta tradizionale con un vapore morbido e soddisfacente.<\/li>\n\n\n\n<li><strong>Touchscreen HD da 2,4 pollici<\/strong>:<br>Il touchscreen integrato consente di accedere facilmente allo stato della batteria, al conteggio dei puff e alle impostazioni, offrendo un controllo completo del dispositivo.<\/li>\n\n\n\n<li><strong>Caratteristiche simili a quelle degli smartphone<\/strong>:\n<ul class=\"wp-block-list\">\n<li><strong>Notifiche di chiamate e messaggi<\/strong>: Rimanete aggiornati senza tirare fuori il telefono.<\/li>\n\n\n\n<li><strong>Controllo remoto della telecamera<\/strong>: Scattare selfie o foto di gruppo a distanza.<\/li>\n\n\n\n<li><strong>Trova il tuo telefono<\/strong>: Non perdete mai pi\u00f9 il vostro telefono grazie alla funzione di ricerca del telefono del dispositivo.<\/li>\n\n\n\n<li><strong>Modalit\u00e0 di blocco<\/strong>: Impedisce l'attivazione accidentale e tiene la svapata al sicuro in tasca o in borsa.<\/li>\n<\/ul>\n<\/li>\n\n\n\n<li><strong>Capacit\u00e0 di 21 ml di liquido elettronico<\/strong>:<br>Con una generosa capacit\u00e0 di 21 ml di e-liquid, questo dispositivo offre una soddisfazione duratura senza bisogno di frequenti ricariche.<\/li>\n\n\n\n<li><strong>Forza della nicotina<\/strong>:<br>Il <strong>JNR MediaMax 40K<\/strong> viene fornito con un <strong>2% concentrazione di nicotina<\/strong>, che offre un'esperienza fluida e soddisfacente, senza colpi eccessivi.<\/li>\n<\/ul>\n\n\n\n<h3 class=\"wp-block-heading\"><strong>Perch\u00e9 scegliere JNR MediaMax 40K?<\/strong><\/h3>\n\n\n\n<ul class=\"wp-block-list\">\n<li><strong>Tecnologia avanzata<\/strong>: Il <strong>JNR MediaMax 40K<\/strong> porta con s\u00e9 le ultime novit\u00e0 in fatto di tecnologia del vaping, con caratteristiche come il <strong>Touchscreen HD da 2,4 pollici<\/strong>, <strong>notifiche dello smartphone<\/strong>, e anche un <strong>controllo remoto della telecamera<\/strong>.<\/li>\n\n\n\n<li><strong>Prestazioni di lunga durata<\/strong>: Con fino a <strong>40.000 soffi<\/strong>, a <strong>Batteria ricaricabile da 1000mAh<\/strong>, e un <strong>Capacit\u00e0 di 21 ml di e-liquido<\/strong>, Questo dispositivo \u00e8 costruito per <strong>uso prolungato<\/strong>, perfetto per i vapers che amano un'esperienza duratura e ininterrotta.<\/li>\n\n\n\n<li><strong>Vaping personalizzabile<\/strong>: Scegliere tra <strong>Modalit\u00e0 regolare<\/strong> per un colpo di gola morbido o <strong>Modalit\u00e0 a impulsi<\/strong> per un'esperienza pi\u00f9 intensa. Il <strong>MTL<\/strong> Lo stile di vaping garantisce la soddisfazione ad ogni boccata.<\/li>\n\n\n\n<li><strong>Caratteristiche intelligenti<\/strong>: Rimani in contatto con <strong>notifiche di chiamate e messaggi<\/strong>, utilizzare l'opzione <strong>Trova il tuo telefono<\/strong> e catturare foto perfette con la funzione <strong>controllo remoto della telecamera<\/strong>.<\/li>\n\n\n\n<li><strong>Facile e sicuro da usare<\/strong>: Con il suo <strong>modalit\u00e0 di blocco<\/strong>, In questo modo \u00e8 possibile portare con s\u00e9 la propria sigaretta in tutta tranquillit\u00e0, evitando attivazioni accidentali.<\/li>\n<\/ul>\n\n\n\n<h3 class=\"wp-block-heading\"><strong>Specifiche tecniche<\/strong><\/h3>\n\n\n\n<figure class=\"wp-block-table\"><table class=\"has-fixed-layout\"><thead><tr><th>Caratteristica<\/th><th>Dettagli<\/th><\/tr><\/thead><tbody><tr><td><strong>Batteria<\/strong><\/td><td>1000mAh ricaricabile<\/td><\/tr><tr><td><strong>Conteggio dei soffi<\/strong><\/td><td>Fino a 40.000 (modalit\u00e0 normale) \/ 20.000 (modalit\u00e0 a impulsi)<\/td><\/tr><tr><td><strong>Capacit\u00e0 del liquido elettronico<\/strong><\/td><td>21mL<\/td><\/tr><tr><td><strong>Forza della nicotina<\/strong><\/td><td>2% (20 mg)<\/td><\/tr><tr><td><strong>Tipo di bobina<\/strong><\/td><td>Sistema di bobine a doppia maglia<\/td><\/tr><tr><td><strong>Stile del vaping<\/strong><\/td><td>MTL (Mouth-to-Lung)<\/td><\/tr><tr><td><strong>Schermo<\/strong><\/td><td>Touchscreen HD da 2,4 pollici<\/td><\/tr><tr><td><strong>Caratteristiche intelligenti<\/strong><\/td><td>Notifiche di chiamata\/messaggio, controllo della fotocamera, ricerca del telefono<\/td><\/tr><tr><td><strong>Sicurezza<\/strong><\/td><td>Modalit\u00e0 di blocco<\/td><\/tr><tr><td><strong>Dimensioni<\/strong><\/td><td>Compatto e portatile<\/td><\/tr><\/tbody><\/table><\/figure>\n\n\n\n<h3 class=\"wp-block-heading\"><strong>Ordinate oggi stesso il JNR MediaMax 40K!<\/strong><\/h3>\n\n\n\n<p>Provate il futuro del vaping con il <strong>JNR MediaMax 40K Vape usa e getta<\/strong>. Offerta <strong>fino a 40.000 soffi<\/strong>, <strong>Caratteristiche simili a quelle degli smartphone<\/strong>, e modalit\u00e0 di svapo personalizzabili, \u00e8 la scelta definitiva per i vapers che vogliono il meglio in termini di prestazioni e convenienza. <strong>Ordina ora<\/strong> e godetevi un'esperienza di vaping rivoluzionaria!<\/p>","protected":false},"excerpt":{"rendered":"<p>JNR MediaMax 40K Disposable Vape &#8211; 40,000 Puffs with Smart Features Discover the JNR MediaMax 40K, the world\u2019s first 40,000-puff rechargeable vape with smartphone-like features! Combining cutting-edge technology, a rechargeable 1000mAh battery, and a 21mL e-liquid capacity, this device is designed for long-lasting and customizable vaping experiences. Whether you prefer Regular Mode or Pulse Mode, [&hellip;]<\/p>\n","protected":false},"featured_media":11274,"comment_status":"open","ping_status":"closed","template":"","meta":[],"product_brand":[168],"product_cat":[135],"product_tag":[],"class_list":{"0":"post-11220","1":"product","2":"type-product","3":"status-publish","4":"has-post-thumbnail","6":"product_brand-jnr","7":"product_cat-40k-puffs","9":"first","10":"instock","11":"sale","12":"shipping-taxable","13":"purchasable","14":"product-type-variable"},"yoast_head":"<!-- This site is optimized with the Yoast SEO plugin v27.4 - https:\/\/yoast.com\/product\/yoast-seo-wordpress\/ -->\n<title>JNR MediaMax 40K Disposable Vape \u2013 40,000 Puffs<\/title>\n<meta name=\"description\" content=\"Discover the JNR MediaMax 40K disposable vape with up to 40,000 puffs. Perfect for MTL vapers looking for long-lasting performance and flavor.\" \/>\n<meta name=\"robots\" content=\"index, follow, max-snippet:-1, max-image-preview:large, max-video-preview:-1\" \/>\n<link rel=\"canonical\" href=\"https:\/\/vapemaison.com\/it\/prodotto\/jnr-mediamax-40000-soffi\/\" \/>\n<meta property=\"og:locale\" content=\"it_IT\" \/>\n<meta property=\"og:type\" content=\"article\" \/>\n<meta property=\"og:title\" content=\"JNR MediaMax 40K Disposable Vape \u2013 40,000 Puffs\" \/>\n<meta property=\"og:description\" content=\"Discover the JNR MediaMax 40K disposable vape with up to 40,000 puffs. Perfect for MTL vapers looking for long-lasting performance and flavor.\" \/>\n<meta property=\"og:url\" content=\"https:\/\/vapemaison.com\/it\/prodotto\/jnr-mediamax-40000-soffi\/\" \/>\n<meta property=\"og:site_name\" content=\"VapeMaison\" \/>\n<meta property=\"article:modified_time\" content=\"2026-02-10T06:55:19+00:00\" \/>\n<meta property=\"og:image\" content=\"https:\/\/vapemaison.com\/wp-content\/uploads\/2025\/11\/jnr-mediamax-1-1.jpg\" \/>\n\t<meta property=\"og:image:width\" content=\"800\" \/>\n\t<meta property=\"og:image:height\" content=\"800\" \/>\n\t<meta property=\"og:image:type\" content=\"image\/jpeg\" \/>\n<meta name=\"twitter:card\" content=\"summary_large_image\" \/>\n<meta name=\"twitter:label1\" content=\"Tempo di lettura stimato\" \/>\n\t<meta name=\"twitter:data1\" content=\"3 minuti\" \/>\n<!-- \/ Yoast SEO plugin. -->","yoast_head_json":{"title":"JNR MediaMax 40K Vape usa e getta - 40.000 boccate","description":"Scoprite la svapata monouso JNR MediaMax 40K, che pu\u00f2 arrivare fino a 40.000 boccate. Perfetto per i vapers MTL che cercano prestazioni e sapori di lunga durata.","robots":{"index":"index","follow":"follow","max-snippet":"max-snippet:-1","max-image-preview":"max-image-preview:large","max-video-preview":"max-video-preview:-1"},"canonical":"https:\/\/vapemaison.com\/it\/prodotto\/jnr-mediamax-40000-soffi\/","og_locale":"it_IT","og_type":"article","og_title":"JNR MediaMax 40K Disposable Vape \u2013 40,000 Puffs","og_description":"Discover the JNR MediaMax 40K disposable vape with up to 40,000 puffs. Perfect for MTL vapers looking for long-lasting performance and flavor.","og_url":"https:\/\/vapemaison.com\/it\/prodotto\/jnr-mediamax-40000-soffi\/","og_site_name":"VapeMaison","article_modified_time":"2026-02-10T06:55:19+00:00","og_image":[{"width":800,"height":800,"url":"https:\/\/vapemaison.com\/wp-content\/uploads\/2025\/11\/jnr-mediamax-1-1.jpg","type":"image\/jpeg"}],"twitter_card":"summary_large_image","twitter_misc":{"Tempo di lettura stimato":"3 minuti"},"schema":{"@context":"https:\/\/schema.org","@graph":[{"@type":"WebPage","@id":"https:\/\/vapemaison.com\/product\/jnr-mediamax-40000-puffs\/","url":"https:\/\/vapemaison.com\/product\/jnr-mediamax-40000-puffs\/","name":"JNR MediaMax 40K Vape usa e getta - 40.000 boccate","isPartOf":{"@id":"https:\/\/vapemaison.com\/#website"},"primaryImageOfPage":{"@id":"https:\/\/vapemaison.com\/product\/jnr-mediamax-40000-puffs\/#primaryimage"},"image":{"@id":"https:\/\/vapemaison.com\/product\/jnr-mediamax-40000-puffs\/#primaryimage"},"thumbnailUrl":"https:\/\/vapemaison.com\/wp-content\/uploads\/2025\/11\/jnr-mediamax-1-1.jpg","datePublished":"2025-11-11T06:33:44+00:00","dateModified":"2026-02-10T06:55:19+00:00","description":"Scoprite la svapata monouso JNR MediaMax 40K, che pu\u00f2 arrivare fino a 40.000 boccate. Perfetto per i vapers MTL che cercano prestazioni e sapori di lunga durata.","breadcrumb":{"@id":"https:\/\/vapemaison.com\/product\/jnr-mediamax-40000-puffs\/#breadcrumb"},"inLanguage":"it-IT","potentialAction":[{"@type":"ReadAction","target":["https:\/\/vapemaison.com\/product\/jnr-mediamax-40000-puffs\/"]}]},{"@type":"ImageObject","inLanguage":"it-IT","@id":"https:\/\/vapemaison.com\/product\/jnr-mediamax-40000-puffs\/#primaryimage","url":"https:\/\/vapemaison.com\/wp-content\/uploads\/2025\/11\/jnr-mediamax-1-1.jpg","contentUrl":"https:\/\/vapemaison.com\/wp-content\/uploads\/2025\/11\/jnr-mediamax-1-1.jpg","width":800,"height":800,"caption":"Jnr Mediamax 1 Disposable Vape Device"},{"@type":"BreadcrumbList","@id":"https:\/\/vapemaison.com\/product\/jnr-mediamax-40000-puffs\/#breadcrumb","itemListElement":[{"@type":"ListItem","position":1,"name":"\u9996\u9875","item":"https:\/\/vapemaison.com\/"},{"@type":"ListItem","position":2,"name":"Shop","item":"https:\/\/vapemaison.com\/shop\/"},{"@type":"ListItem","position":3,"name":"JNR","item":"https:\/\/vapemaison.com\/brand\/jnr\/"},{"@type":"ListItem","position":4,"name":"JNR MediaMax 40000 Puffs"}]},{"@type":"WebSite","@id":"https:\/\/vapemaison.com\/#website","url":"https:\/\/vapemaison.com\/","name":"VapeMaison","description":"Dispositivi e accessori per il vaping di alta qualit\u00e0","publisher":{"@id":"https:\/\/vapemaison.com\/#organization"},"potentialAction":[{"@type":"SearchAction","target":{"@type":"EntryPoint","urlTemplate":"https:\/\/vapemaison.com\/?s={search_term_string}"},"query-input":{"@type":"PropertyValueSpecification","valueRequired":true,"valueName":"search_term_string"}}],"inLanguage":"it-IT"},{"@type":"Organization","@id":"https:\/\/vapemaison.com\/#organization","name":"VapeMaison","url":"https:\/\/vapemaison.com\/","logo":{"@type":"ImageObject","inLanguage":"it-IT","@id":"https:\/\/vapemaison.com\/#\/schema\/logo\/image\/","url":"https:\/\/vapemaison.com\/wp-content\/uploads\/2026\/01\/cropped-vapemaison-logo-g-2026.webp","contentUrl":"https:\/\/vapemaison.com\/wp-content\/uploads\/2026\/01\/cropped-vapemaison-logo-g-2026.webp","width":350,"height":280,"caption":"VapeMaison"},"image":{"@id":"https:\/\/vapemaison.com\/#\/schema\/logo\/image\/"},"sameAs":["https:\/\/www.youtube.com\/@VapeMaison"]}]}},"tiered_pricing_type":"fixed","tiered_pricing_fixed_rules":{"30":"13.98","50":"12.64","100":"11.88","200":"10.78"},"tiered_pricing_product_settings":{"layout":"default","base_unit_name":{"singular":null,"plural":null},"default_variation":null},"tiered_pricing_minimum_quantity":10,"tiered_pricing_roles_data":[],"tiered_pricing_percentage_rules":[],"tiered_pricing_maximum_quantity":null,"tiered_pricing_quantity_step":"10","_links":{"self":[{"href":"https:\/\/vapemaison.com\/it\/wp-json\/wp\/v2\/product\/11220","targetHints":{"allow":["GET"]}}],"collection":[{"href":"https:\/\/vapemaison.com\/it\/wp-json\/wp\/v2\/product"}],"about":[{"href":"https:\/\/vapemaison.com\/it\/wp-json\/wp\/v2\/types\/product"}],"replies":[{"embeddable":true,"href":"https:\/\/vapemaison.com\/it\/wp-json\/wp\/v2\/comments?post=11220"}],"version-history":[{"count":1,"href":"https:\/\/vapemaison.com\/it\/wp-json\/wp\/v2\/product\/11220\/revisions"}],"predecessor-version":[{"id":27195,"href":"https:\/\/vapemaison.com\/it\/wp-json\/wp\/v2\/product\/11220\/revisions\/27195"}],"wp:featuredmedia":[{"embeddable":true,"href":"https:\/\/vapemaison.com\/it\/wp-json\/wp\/v2\/media\/11274"}],"wp:attachment":[{"href":"https:\/\/vapemaison.com\/it\/wp-json\/wp\/v2\/media?parent=11220"}],"wp:term":[{"taxonomy":"product_brand","embeddable":true,"href":"https:\/\/vapemaison.com\/it\/wp-json\/wp\/v2\/product_brand?post=11220"},{"taxonomy":"product_cat","embeddable":true,"href":"https:\/\/vapemaison.com\/it\/wp-json\/wp\/v2\/product_cat?post=11220"},{"taxonomy":"product_tag","embeddable":true,"href":"https:\/\/vapemaison.com\/it\/wp-json\/wp\/v2\/product_tag?post=11220"}],"curies":[{"name":"wp","href":"https:\/\/api.w.org\/{rel}","templated":true}]}}