

{"id":12340,"date":"2025-11-11T09:24:37","date_gmt":"2025-11-11T09:24:37","guid":{"rendered":"https:\/\/vapemaison.com\/?post_type=product&#038;p=12340"},"modified":"2026-01-17T05:44:08","modified_gmt":"2026-01-17T05:44:08","slug":"vozol-gear-power-20000-puff-5","status":"publish","type":"product","link":"https:\/\/vapemaison.com\/it\/product\/vozol-gear-power-20000-puff-5\/","title":{"rendered":"VOZOL GEAR POWER 20000 PUFF 5%"},"content":{"rendered":"<p><strong>VOZOL Gear Power 20000 Vape usa e getta<\/strong><\/p>\n\n\n\n<p>Il <strong>VOZOL Gear Power 20000 monouso<\/strong> \u00e8 stato progettato per offrire un'esperienza di vaping di alto livello con un'avanzata <strong>Tecnologia S.i.L.C.<\/strong> e doppia modalit\u00e0 di alimentazione. Con un massimo di <strong>20.000 soffi<\/strong> in <strong>Modalit\u00e0 Eco<\/strong> o <strong>12.000 soffi<\/strong> in <strong>Modalit\u00e0 di alimentazione<\/strong>, garantisce un piacere duraturo senza sacrificare il sapore o le prestazioni.<\/p>\n\n\n\n<p>Che si tratti di un vaper occasionale o esperto, il <strong>Vozol Gear Power 20000<\/strong> offre il perfetto equilibrio tra soddisfazione e convenienza. Caratterizzato da un <strong>Sistema di bobine a doppia maglia<\/strong> e un <strong>display a LED a visione completa<\/strong>, consente di personalizzare l'esperienza di navigazione in base alle preferenze e alle esigenze di utilizzo dell'utente.<\/p>\n\n\n\n<hr class=\"wp-block-separator has-alpha-channel-opacity\"\/>\n\n\n\n<h3 class=\"wp-block-heading\">Caratteristiche principali<\/h3>\n\n\n\n<p><strong>Tecnologia S.i.L.C.:<\/strong><br>Garantisce un'aspirazione fluida, pulita e costante a ogni boccata, offrendo un'esperienza di vaping ultra-liscio.<\/p>\n\n\n\n<p><strong>Doppia modalit\u00e0 di alimentazione:<\/strong><br>Scegliere tra <strong>Modalit\u00e0 Eco<\/strong> (fino a <strong>20.000 soffi<\/strong>) per prestazioni di lunga durata o <strong>Modalit\u00e0 di alimentazione<\/strong> (fino a <strong>12.000 soffi<\/strong>) per una maggiore produzione di vapore e aroma.<\/p>\n\n\n\n<p><strong>Sistema di bobine a doppia maglia:<\/strong><br>Offre un sapore ricco e dense nuvole di vapore ad ogni estrazione, migliorando l'esperienza complessiva del vaping.<\/p>\n\n\n\n<p><strong>Display a tutta vista:<\/strong><br>Il sistema integrato <strong>Schermo LED<\/strong> mostra aggiornamenti in tempo reale su <strong>durata della batteria<\/strong> e <strong>Stato dell'e-liquid<\/strong>, per tenervi informati durante la vostra sessione di vaping.<\/p>\n\n\n\n<p><strong>Liquido elettronico pre-riempito da 20 ml:<\/strong><br>Contiene <strong>5% intensit\u00e0 di nicotina (50mg)<\/strong>, La grande capacit\u00e0 assicura un'ampia quantit\u00e0 di boccate con un sapore e una nicotina soddisfacenti.<\/p>\n\n\n\n<hr class=\"wp-block-separator has-alpha-channel-opacity\"\/>\n\n\n\n<h3 class=\"wp-block-heading\">Perch\u00e9 scegliere VOZOL Gear Power?<\/h3>\n\n\n\n<p>Il <strong>VOZOL Potenza ingranaggi 20K<\/strong> combinazioni <strong>tecnologia all'avanguardia<\/strong> con <strong>materiali di prima qualit\u00e0<\/strong> per consegnare un <strong>esperienza di vaping duratura e personalizzabile<\/strong>. Con il suo <strong>doppia modalit\u00e0 di alimentazione<\/strong>, Gli utenti possono selezionare la modalit\u00e0 giusta per le loro preferenze, sia che privilegino un uso prolungato o una maggiore produzione di vapore.<\/p>\n\n\n\n<p><strong>VOZOL Potenza ingranaggi 20000<\/strong> \u00e8 perfetto per coloro che desiderano un dispositivo che vada oltre, offrendo sia una qualit\u00e0 superiore che un'ottima qualit\u00e0 di vita. <strong>longevit\u00e0<\/strong> e <strong>prestazioni<\/strong>. Il <strong>Sistema di bobine a doppia maglia<\/strong> garantisce sapori vivaci e vapore omogeneo, rendendola la scelta ideale per i vapers che esigono il meglio sia in termini di prestazioni che di sapori.<\/p>\n\n\n\n<hr class=\"wp-block-separator has-alpha-channel-opacity\"\/>\n\n\n\n<h3 class=\"wp-block-heading\">Gusti disponibili<\/h3>\n\n\n\n<ul class=\"wp-block-list\">\n<li>Ghiaccio all'anguria<\/li>\n\n\n\n<li>Ghiaccio d'uva<\/li>\n\n\n\n<li>Ghiaccio al mango<\/li>\n\n\n\n<li>Ghiaccio doppio alla mela<\/li>\n\n\n\n<li>Menta e limone<\/li>\n\n\n\n<li>Tabacco<\/li>\n\n\n\n<li>Ghiaccio alla pesca<\/li>\n\n\n\n<li>Anguria alla fragola<\/li>\n\n\n\n<li>Fragola Kiwi<\/li>\n\n\n\n<li>Anguria al lampone<\/li>\n\n\n\n<li>Ghiaccio Blu Razz<\/li>\n\n\n\n<li>Mango alla fragola<\/li>\n\n\n\n<li>Limone e lime<\/li>\n\n\n\n<li>Limonata alla ciliegia<\/li>\n\n\n\n<li>Bacche miste<\/li>\n\n\n\n<li>Frutto del drago Banana Ciliegia<\/li>\n\n\n\n<li>LavaFire<\/li>\n\n\n\n<li>Tempesta di mirtilli<\/li>\n\n\n\n<li>Mojito blu<\/li>\n\n\n\n<li>Mango Ananas Pompelmo<\/li>\n<\/ul>\n\n\n\n<hr class=\"wp-block-separator has-alpha-channel-opacity\"\/>\n\n\n\n<h3 class=\"wp-block-heading\">Specifiche tecniche<\/h3>\n\n\n\n<figure class=\"wp-block-table\"><table class=\"has-fixed-layout\"><thead><tr><th>Articolo<\/th><th>Dettagli<\/th><\/tr><\/thead><tbody><tr><td><strong>Capacit\u00e0 della batteria<\/strong><\/td><td>650 mAh<\/td><\/tr><tr><td><strong>Capacit\u00e0 del liquido elettronico<\/strong><\/td><td>20 ml (pre-riempito)<\/td><\/tr><tr><td><strong>Forza della nicotina<\/strong><\/td><td>5% (50 mg)<\/td><\/tr><tr><td><strong>Conteggio dei soffi<\/strong><\/td><td>Fino a 20.000 (modalit\u00e0 Eco) \/ 12.000 (modalit\u00e0 Power)<\/td><\/tr><tr><td><strong>Tipo di bobina<\/strong><\/td><td>Sistema di bobine a doppia maglia (tecnologia S.i.L.C.)<\/td><\/tr><tr><td><strong>Ricarica<\/strong><\/td><td>Non \u00e8 richiesta alcuna ricarica (usa e getta)<\/td><\/tr><tr><td><strong>Modalit\u00e0<\/strong><\/td><td>Modalit\u00e0 Eco \/ Modalit\u00e0 Power<\/td><\/tr><tr><td><strong>Display<\/strong><\/td><td>Schermo LED per lo stato della batteria e dell'e-liquido<\/td><\/tr><tr><td><strong>Opzioni di gusto<\/strong><\/td><td>20 gusti disponibili<\/td><\/tr><\/tbody><\/table><\/figure>\n\n\n\n<hr class=\"wp-block-separator has-alpha-channel-opacity\"\/>\n\n\n\n<h3 class=\"wp-block-heading\">Come utilizzare il VOZOL Gear Power 20000 monouso<\/h3>\n\n\n\n<ol class=\"wp-block-list\">\n<li><strong>Attivare il dispositivo:<\/strong> \u00c8 sufficiente inalare per attivarlo; non \u00e8 necessario alcun pulsante.<\/li>\n\n\n\n<li><strong>Monitorare la batteria e l'e-liquid:<\/strong> Utilizzare il <strong>Display a LED<\/strong> per controllare la durata della batteria e lo stato dell'e-liquid.<\/li>\n\n\n\n<li><strong>Passare da una modalit\u00e0 all'altra:<\/strong> Scegliere <strong>Modalit\u00e0 Eco<\/strong> per un uso prolungato o <strong>Modalit\u00e0 di alimentazione<\/strong> per una produzione di vapore pi\u00f9 intensa.<\/li>\n\n\n\n<li><strong>Buon divertimento:<\/strong> Assaporare fino a <strong>20.000 soffi<\/strong> con un sapore costante e colpi morbidi per tutta la durata.<\/li>\n<\/ol>\n\n\n\n<hr class=\"wp-block-separator has-alpha-channel-opacity\"\/>\n\n\n\n<h3 class=\"wp-block-heading\">Ordina oggi stesso VOZOL Gear Power 20K<\/h3>\n\n\n\n<p>Elevate la vostra esperienza di vaping con il <strong>VOZOL Gear Power 20K monouso<\/strong>. Caratterizzato da <strong>doppia modalit\u00e0 di alimentazione<\/strong>, a <strong>Sistema di bobine a doppia maglia<\/strong>, e <strong>20mL di e-liquido pre-riempito<\/strong>, Questo dispositivo garantisce una soddisfazione duratura ad ogni boccata. Ordinate ora e godetevi la tecnologia avanzata del vaping a portata di mano!<\/p>\n\n\n\n<p>\u00c8 possibile visitare altri prodotti nella sezione <strong>Marchio VOZOL<\/strong>, oppure date un'occhiata all'altrettanto amato <strong>VOZOL VISTA 20000<\/strong>.<\/p>","protected":false},"excerpt":{"rendered":"<p>VOZOL Gear Power 20000 Disposable Vape The VOZOL Gear Power 20000 Disposable is engineered to offer a premium vaping experience with advanced S.i.L.C. Technology and dual power modes. With up to 20,000 puffs in Eco Mode or 12,000 puffs in Power Mode, it ensures long-lasting enjoyment without sacrificing flavor or performance. Whether you&#8217;re a casual [&hellip;]<\/p>\n","protected":false},"featured_media":12767,"comment_status":"open","ping_status":"closed","template":"","meta":[],"product_brand":[178],"product_cat":[133],"product_tag":[],"class_list":{"0":"post-12340","1":"product","2":"type-product","3":"status-publish","4":"has-post-thumbnail","6":"product_brand-vozol","7":"product_cat-20k-puffs","9":"first","10":"instock","11":"sale","12":"shipping-taxable","13":"purchasable","14":"product-type-variable"},"yoast_head":"<!-- This site is optimized with the Yoast SEO plugin v27.4 - https:\/\/yoast.com\/product\/yoast-seo-wordpress\/ -->\n<title>VOZOL Gear Power 20000 Disposable - Dual Power Modes<\/title>\n<meta name=\"description\" content=\"The VOZOL Gear Power 20000 Disposable offers 20,000 puffs. Equipped with a full-view LED display and 20mL e-liquid, it\u2019s the perfect vape device.\" \/>\n<meta name=\"robots\" content=\"index, follow, max-snippet:-1, max-image-preview:large, max-video-preview:-1\" \/>\n<link rel=\"canonical\" href=\"https:\/\/vapemaison.com\/it\/prodotto\/vozol-gear-power-20000-puff-5\/\" \/>\n<meta property=\"og:locale\" content=\"it_IT\" \/>\n<meta property=\"og:type\" content=\"article\" \/>\n<meta property=\"og:title\" content=\"VOZOL Gear Power 20000 Disposable - Dual Power Modes\" \/>\n<meta property=\"og:description\" content=\"The VOZOL Gear Power 20000 Disposable offers 20,000 puffs. Equipped with a full-view LED display and 20mL e-liquid, it\u2019s the perfect vape device.\" \/>\n<meta property=\"og:url\" content=\"https:\/\/vapemaison.com\/it\/prodotto\/vozol-gear-power-20000-puff-5\/\" \/>\n<meta property=\"og:site_name\" content=\"VapeMaison\" \/>\n<meta property=\"article:modified_time\" content=\"2026-01-17T05:44:08+00:00\" \/>\n<meta property=\"og:image\" content=\"https:\/\/vapemaison.com\/wp-content\/uploads\/2025\/11\/vozol-gear-power-20k-disposable-20-000-puffs-smart-display.webp\" \/>\n\t<meta property=\"og:image:width\" content=\"910\" \/>\n\t<meta property=\"og:image:height\" content=\"971\" \/>\n\t<meta property=\"og:image:type\" content=\"image\/webp\" \/>\n<meta name=\"twitter:card\" content=\"summary_large_image\" \/>\n<meta name=\"twitter:label1\" content=\"Tempo di lettura stimato\" \/>\n\t<meta name=\"twitter:data1\" content=\"3 minuti\" \/>\n<!-- \/ Yoast SEO plugin. -->","yoast_head_json":{"title":"VOZOL Gear Power 20000 monouso - Doppia modalit\u00e0 di alimentazione","description":"VOZOL Gear Power 20000 Disposable offre 20.000 boccate. Dotato di un display a LED a tutta vista e di 20 ml di e-liquid, \u00e8 il dispositivo di svapo perfetto.","robots":{"index":"index","follow":"follow","max-snippet":"max-snippet:-1","max-image-preview":"max-image-preview:large","max-video-preview":"max-video-preview:-1"},"canonical":"https:\/\/vapemaison.com\/it\/prodotto\/vozol-gear-power-20000-puff-5\/","og_locale":"it_IT","og_type":"article","og_title":"VOZOL Gear Power 20000 Disposable - Dual Power Modes","og_description":"The VOZOL Gear Power 20000 Disposable offers 20,000 puffs. Equipped with a full-view LED display and 20mL e-liquid, it\u2019s the perfect vape device.","og_url":"https:\/\/vapemaison.com\/it\/prodotto\/vozol-gear-power-20000-puff-5\/","og_site_name":"VapeMaison","article_modified_time":"2026-01-17T05:44:08+00:00","og_image":[{"width":910,"height":971,"url":"https:\/\/vapemaison.com\/wp-content\/uploads\/2025\/11\/vozol-gear-power-20k-disposable-20-000-puffs-smart-display.webp","type":"image\/webp"}],"twitter_card":"summary_large_image","twitter_misc":{"Tempo di lettura stimato":"3 minuti"},"schema":{"@context":"https:\/\/schema.org","@graph":[{"@type":"WebPage","@id":"https:\/\/vapemaison.com\/product\/vozol-gear-power-20000-puff-5\/","url":"https:\/\/vapemaison.com\/product\/vozol-gear-power-20000-puff-5\/","name":"VOZOL Gear Power 20000 monouso - Doppia modalit\u00e0 di alimentazione","isPartOf":{"@id":"https:\/\/vapemaison.com\/#website"},"primaryImageOfPage":{"@id":"https:\/\/vapemaison.com\/product\/vozol-gear-power-20000-puff-5\/#primaryimage"},"image":{"@id":"https:\/\/vapemaison.com\/product\/vozol-gear-power-20000-puff-5\/#primaryimage"},"thumbnailUrl":"https:\/\/vapemaison.com\/wp-content\/uploads\/2025\/11\/vozol-gear-power-20k-disposable-20-000-puffs-smart-display.webp","datePublished":"2025-11-11T09:24:37+00:00","dateModified":"2026-01-17T05:44:08+00:00","description":"VOZOL Gear Power 20000 Disposable offre 20.000 boccate. Dotato di un display a LED a tutta vista e di 20 ml di e-liquid, \u00e8 il dispositivo di svapo perfetto.","breadcrumb":{"@id":"https:\/\/vapemaison.com\/product\/vozol-gear-power-20000-puff-5\/#breadcrumb"},"inLanguage":"it-IT","potentialAction":[{"@type":"ReadAction","target":["https:\/\/vapemaison.com\/product\/vozol-gear-power-20000-puff-5\/"]}]},{"@type":"ImageObject","inLanguage":"it-IT","@id":"https:\/\/vapemaison.com\/product\/vozol-gear-power-20000-puff-5\/#primaryimage","url":"https:\/\/vapemaison.com\/wp-content\/uploads\/2025\/11\/vozol-gear-power-20k-disposable-20-000-puffs-smart-display.webp","contentUrl":"https:\/\/vapemaison.com\/wp-content\/uploads\/2025\/11\/vozol-gear-power-20k-disposable-20-000-puffs-smart-display.webp","width":910,"height":971,"caption":"Vozol Gear Power 20k Disposable Vape 20 000 Puffs Smart Display"},{"@type":"BreadcrumbList","@id":"https:\/\/vapemaison.com\/product\/vozol-gear-power-20000-puff-5\/#breadcrumb","itemListElement":[{"@type":"ListItem","position":1,"name":"\u9996\u9875","item":"https:\/\/vapemaison.com\/"},{"@type":"ListItem","position":2,"name":"Shop","item":"https:\/\/vapemaison.com\/shop\/"},{"@type":"ListItem","position":3,"name":"Vozol","item":"https:\/\/vapemaison.com\/brand\/vozol\/"},{"@type":"ListItem","position":4,"name":"VOZOL GEAR POWER 20000 PUFF 5%"}]},{"@type":"WebSite","@id":"https:\/\/vapemaison.com\/#website","url":"https:\/\/vapemaison.com\/","name":"VapeMaison","description":"Dispositivi e accessori per il vaping di alta qualit\u00e0","publisher":{"@id":"https:\/\/vapemaison.com\/#organization"},"potentialAction":[{"@type":"SearchAction","target":{"@type":"EntryPoint","urlTemplate":"https:\/\/vapemaison.com\/?s={search_term_string}"},"query-input":{"@type":"PropertyValueSpecification","valueRequired":true,"valueName":"search_term_string"}}],"inLanguage":"it-IT"},{"@type":"Organization","@id":"https:\/\/vapemaison.com\/#organization","name":"VapeMaison","url":"https:\/\/vapemaison.com\/","logo":{"@type":"ImageObject","inLanguage":"it-IT","@id":"https:\/\/vapemaison.com\/#\/schema\/logo\/image\/","url":"https:\/\/vapemaison.com\/wp-content\/uploads\/2026\/01\/cropped-vapemaison-logo-g-2026.webp","contentUrl":"https:\/\/vapemaison.com\/wp-content\/uploads\/2026\/01\/cropped-vapemaison-logo-g-2026.webp","width":350,"height":280,"caption":"VapeMaison"},"image":{"@id":"https:\/\/vapemaison.com\/#\/schema\/logo\/image\/"},"sameAs":["https:\/\/www.youtube.com\/@VapeMaison"]}]}},"tiered_pricing_type":"fixed","tiered_pricing_fixed_rules":{"30":"13.04","50":"11.02","100":"10.52","200":"9.52"},"tiered_pricing_product_settings":{"layout":"default","base_unit_name":{"singular":null,"plural":null},"default_variation":null},"tiered_pricing_minimum_quantity":10,"tiered_pricing_roles_data":[],"tiered_pricing_percentage_rules":[],"tiered_pricing_maximum_quantity":null,"tiered_pricing_quantity_step":"10","_links":{"self":[{"href":"https:\/\/vapemaison.com\/it\/wp-json\/wp\/v2\/product\/12340","targetHints":{"allow":["GET"]}}],"collection":[{"href":"https:\/\/vapemaison.com\/it\/wp-json\/wp\/v2\/product"}],"about":[{"href":"https:\/\/vapemaison.com\/it\/wp-json\/wp\/v2\/types\/product"}],"replies":[{"embeddable":true,"href":"https:\/\/vapemaison.com\/it\/wp-json\/wp\/v2\/comments?post=12340"}],"version-history":[{"count":1,"href":"https:\/\/vapemaison.com\/it\/wp-json\/wp\/v2\/product\/12340\/revisions"}],"predecessor-version":[{"id":26026,"href":"https:\/\/vapemaison.com\/it\/wp-json\/wp\/v2\/product\/12340\/revisions\/26026"}],"wp:featuredmedia":[{"embeddable":true,"href":"https:\/\/vapemaison.com\/it\/wp-json\/wp\/v2\/media\/12767"}],"wp:attachment":[{"href":"https:\/\/vapemaison.com\/it\/wp-json\/wp\/v2\/media?parent=12340"}],"wp:term":[{"taxonomy":"product_brand","embeddable":true,"href":"https:\/\/vapemaison.com\/it\/wp-json\/wp\/v2\/product_brand?post=12340"},{"taxonomy":"product_cat","embeddable":true,"href":"https:\/\/vapemaison.com\/it\/wp-json\/wp\/v2\/product_cat?post=12340"},{"taxonomy":"product_tag","embeddable":true,"href":"https:\/\/vapemaison.com\/it\/wp-json\/wp\/v2\/product_tag?post=12340"}],"curies":[{"name":"wp","href":"https:\/\/api.w.org\/{rel}","templated":true}]}}