

{"id":14004,"date":"2025-11-18T02:21:21","date_gmt":"2025-11-18T02:21:21","guid":{"rendered":"https:\/\/vapemaison.com\/?post_type=product&#038;p=14004"},"modified":"2026-05-14T18:00:01","modified_gmt":"2026-05-14T18:00:01","slug":"humo-azul-vape-2-nicotina-15k-puff-azul","status":"publish","type":"product","link":"https:\/\/vapemaison.com\/it\/product\/humo-azul-vape-2-nicotine-15k-puff-azul\/","title":{"rendered":"Humo Azul Vape 2% Nicotina | 15k Puff Azul"},"content":{"rendered":"<h3 class=\"wp-block-heading\"><strong>Scopri il Vape monouso 15 Puff Azul su VapeMaison<\/strong><\/h3>\n\n\n\n<p>Benvenuti a <strong><a href=\"https:\/\/vapemaison.com\/\">VapeMaison<\/a><\/strong>, la vostra destinazione di riferimento per i prodotti di vaping di alta qualit\u00e0 nei Paesi Bassi, in Germania, in Belgio e in Spagna. Vi presentiamo il <strong>Humo Azul 15000 boccate Penna da svapo ricaricabile usa e getta<\/strong>, progettato per offrire la massima esperienza di vaping con una tecnologia all'avanguardia, prestazioni di lunga durata e un'ampia gamma di sapori soddisfacenti.<\/p>\n\n\n\n<h4 class=\"wp-block-heading\"><strong>Caratteristiche principali<\/strong><\/h4>\n\n\n\n<ul class=\"wp-block-list\">\n<li><strong>15.000 Bign\u00e8<\/strong>: Godetevi un uso prolungato con un massimo di 15.000 boccate per dispositivo.<\/li>\n\n\n\n<li><strong>Capacit\u00e0 di 20 ml di liquido elettronico<\/strong>: Meno ricariche, pi\u00f9 vaping.<\/li>\n\n\n\n<li><strong>Batteria ricaricabile da 500 mAh<\/strong>: Ricarica rapida Type-C per un divertimento ininterrotto.<\/li>\n\n\n\n<li><strong>Tecnologia avanzata della bobina a rete<\/strong>: Per un sapore pi\u00f9 ricco e morbido ad ogni boccata.<\/li>\n\n\n\n<li><strong>Design ergonomico<\/strong>: Compatto, leggero e confortevole per sessioni prolungate.<\/li>\n\n\n\n<li><strong>2% Nicotina<\/strong>: Contenuto bilanciato di nicotina per una soddisfazione senza intoppi.<\/li>\n<\/ul>\n\n\n\n<h4 class=\"wp-block-heading\"><strong>Opzioni di gusto<\/strong><\/h4>\n\n\n\n<ol class=\"wp-block-list\">\n<li><strong>Cascata di ghiaccio alla pesca<\/strong><\/li>\n\n\n\n<li><strong>Gelo di mirtillo<\/strong><\/li>\n\n\n\n<li><strong>Ghiacciaio dell'uva<\/strong><\/li>\n\n\n\n<li><strong>Fusione di mora e pompelmo<\/strong><\/li>\n\n\n\n<li><strong>Misto di uva e anguria alla fragola<\/strong><\/li>\n\n\n\n<li><strong>Tempesta di ghiaccio Blue Razz<\/strong><\/li>\n\n\n\n<li><strong>Anguria fredda<\/strong><\/li>\n\n\n\n<li><strong>Tripletta di fragole, mirtilli e ciliegie<\/strong><\/li>\n\n\n\n<li><strong>Gelo di melone<\/strong><\/li>\n\n\n\n<li><strong>Zeste di limone e lime<\/strong><\/li>\n\n\n\n<li><strong>Kiwi Frutto della Passione Guava Paradiso<\/strong><\/li>\n\n\n\n<li><strong>Raccolta di bacche d'uva<\/strong><\/li>\n<\/ol>\n\n\n\n<h4 class=\"wp-block-heading\"><strong>Perfetto per i rivenditori e i vapers<\/strong><\/h4>\n\n\n\n<p>Che si tratti di un rivenditore alla ricerca di un prodotto di alto livello o di un singolo individuo alla ricerca dell'esperienza di vaping definitiva, la <strong>Humo Azul 15000 Bign\u00e8<\/strong> \u00e8 la scelta perfetta. \u00c8 stata progettata per distinguersi grazie alla sua struttura di alta qualit\u00e0, alla lunga durata e ai profili di sapore premium.<\/p>\n\n\n\n<h4 class=\"wp-block-heading\"><strong>Vantaggi all'ingrosso<\/strong><\/h4>\n\n\n\n<ul class=\"wp-block-list\">\n<li><strong>Acquisto in blocco<\/strong>: Disponibili in cartoni da 300 unit\u00e0, perfetti per i grossisti.<\/li>\n\n\n\n<li><strong>Prezzi competitivi<\/strong>: Offre un valore eccellente sia per gli acquirenti di prodotti sfusi che per i consumatori.<\/li>\n\n\n\n<li><strong>Assistenza affidabile<\/strong>: Servizio clienti dedicato per transazioni senza problemi.<\/li>\n<\/ul>\n\n\n\n<p>Inoltre, abbiamo anche <strong><a href=\"https:\/\/vapemaison.com\/product\/hume-azul-24000-puffs-disposable-vape\/\">Humo Azul 24000 Puff <\/a><\/strong>e altri <strong><a href=\"https:\/\/vapemaison.com\/product-category\/hot-series\/\">pi\u00f9 venduto<\/a><\/strong> serie.<\/p>\n\n\n\n<p>Esplorate il mondo del vaping premium su <a href=\"https:\/\/vapemaison.com\/\">VapeMaison<\/a>, dove l'innovazione incontra lo stile. Sfogliate la nostra collezione completa sul sito <a href=\"https:\/\/vapemaison.com\/shop\/\">Negozio<\/a> o scoprire la popolare pagina <a href=\"https:\/\/vapemaison.com\/brand\/humo-azul\/\">Collezione del marchio Humo Vape<\/a> e <a href=\"https:\/\/vapemaison.com\/brand\/bang\/\">Bang<\/a> prodotti, amati dai vapers di tutto il mondo. Cercate altre opzioni? Date un'occhiata a tutti i nostri <a href=\"https:\/\/vapemaison.com\/product-category\/puffs-count\/\">Bign\u00e8<\/a> e trovare l'abbinamento perfetto per i vostri gusti e il vostro stile di vita.<\/p>\n\n\n\n<figure class=\"wp-block-embed is-type-video is-provider-youtube wp-block-embed-youtube wp-embed-aspect-9-16 wp-has-aspect-ratio\"><div class=\"wp-block-embed__wrapper\">\n<div class=\"video-container\"><iframe title=\"Humo Azul 24000 Puffs Vape - Unboxing e modalit\u00e0 d&#039;uso - Sapore di ghiaccio all&#039;anguria\" width=\"563\" height=\"1000\" src=\"https:\/\/www.youtube.com\/embed\/U0POWHMEwbU?feature=oembed\" frameborder=\"0\" allow=\"accelerometer; autoplay; clipboard-write; encrypted-media; gyroscope; picture-in-picture; web-share\" referrerpolicy=\"strict-origin-when-cross-origin\" allowfullscreen><\/iframe><\/div>\n<\/div><\/figure>\n\n\n\n<h3 class=\"wp-block-heading has-text-align-center\"><strong>Domande frequenti su Humo Azul 15<\/strong><\/h3>\n\n\n\n<p><strong>1. Quanto dura l'Humo Azul 15k?<\/strong><br>L'Humo Azul 15000 \u00e8 stato progettato per fornire <strong>fino a 15.000 soffi<\/strong>, anche se la durata effettiva varia in base alle abitudini personali di svapo. La sua grande capacit\u00e0 lo rende un'ottima opzione per gli utenti che cercano un dispositivo che possa accompagnarli per un periodo prolungato.<\/p>\n\n\n\n<hr class=\"wp-block-separator has-alpha-channel-opacity\"\/>\n\n\n\n<p><strong>2. Quanto tempo ci vuole per ricaricare il vape Humo Azul?<\/strong><br>Questo dispositivo comprende un <strong>Batteria ricaricabile da 600 mAh<\/strong>, che in genere necessita di <strong>35-45 minuti<\/strong> per raggiungere una carica completa tramite la tecnologia Type-C. La funzione di ricarica rapida riduce al minimo i tempi di attesa, in modo da poter riprendere a svapare rapidamente.<\/p>\n\n\n\n<hr class=\"wp-block-separator has-alpha-channel-opacity\"\/>\n\n\n\n<p><strong>3. Come posso sapere se l'Humo Azul 15k \u00e8 finito?<\/strong><br>Noterete che \u00e8 verso la fine quando <strong>il sapore diventa debole<\/strong>, La produzione di vapore diminuisce o il dispositivo smette del tutto di produrre vapore. Alcuni utenti osservano anche una sensazione di leggerezza del dispositivo una volta consumato tutto l'e-liquid.<\/p>\n\n\n\n<hr class=\"wp-block-separator has-alpha-channel-opacity\"\/>\n\n\n\n<p><strong>4. Posso ricaricare Humo Azul 15000?<\/strong><br>No. L'Humo Azul 15000 \u00e8 un <strong>dispositivo monouso monouso<\/strong>, Non \u00e8 quindi possibile ricaricarla. Una volta esaurito l'e-liquid incorporato, \u00e8 sufficiente gettare l'unit\u00e0 e passare a una nuova.<\/p>\n\n\n\n<hr class=\"wp-block-separator has-alpha-channel-opacity\"\/>\n\n\n\n<p><strong>5. Il dispositivo \u00e8 adatto ai principianti?<\/strong><br>S\u00ec. Il suo <strong>design semplice, da inalare e da attivare<\/strong> lo rende particolarmente adatto ai nuovi vapers. Senza pulsanti o impostazioni da gestire, i principianti possono godere di un'esperienza fluida e costante fin da subito.<\/p>\n\n\n\n<hr class=\"wp-block-separator has-alpha-channel-opacity\"\/>\n\n\n\n<p><strong>6. Che cosa rende Humo Azul 15k diverso dagli altri prodotti monouso?<\/strong><br>La sua caratteristica principale \u00e8 la <strong>design premium ispirato all'iconica bottiglia di tequila Clase Azul<\/strong>, conferendogli un aspetto unico. Abbinato a <strong>15.000 soffi<\/strong> e un <strong>rotolo di rete<\/strong> che migliora il sapore e la consistenza del vapore, offre un'esperienza di alto livello che molti dispositivi non possono eguagliare.<\/p>","protected":false},"excerpt":{"rendered":"<p>La Humo Azul 15000 Puffs Rechargeable Disposable Vape Pen, disponibile su Randmvaper, offre un'esperienza di svapo eccezionale con fino a 15.000 puff, flusso d'aria regolabile e una variet\u00e0 di sapori ricchi, il tutto in un design elegante e portatile.<\/p>","protected":false},"featured_media":9032,"comment_status":"open","ping_status":"closed","template":"","meta":[],"product_brand":[166],"product_cat":[167],"product_tag":[],"class_list":{"0":"post-14004","1":"product","2":"type-product","3":"status-publish","4":"has-post-thumbnail","6":"product_brand-humo-azul","7":"product_cat-15k-puffs","9":"first","10":"instock","11":"sale","12":"shipping-taxable","13":"purchasable","14":"product-type-variable"},"yoast_head":"<!-- This site is optimized with the Yoast SEO plugin v27.4 - https:\/\/yoast.com\/product\/yoast-seo-wordpress\/ -->\n<title>Humo Azul 15000 Puffs Disposable Vape \u2013 Rechargeable<\/title>\n<meta name=\"description\" content=\"Shop the Humo Azul 15000 Puffs Disposable Vape at VapeMaison. Fast Type-C charging, multiple flavors, and bulk purchase options available.\" \/>\n<meta name=\"robots\" content=\"index, follow, max-snippet:-1, max-image-preview:large, max-video-preview:-1\" \/>\n<link rel=\"canonical\" href=\"https:\/\/vapemaison.com\/it\/prodotto\/humo-azul-vape-2-nicotina-15k-puff-azul\/\" \/>\n<meta property=\"og:locale\" content=\"it_IT\" \/>\n<meta property=\"og:type\" content=\"article\" \/>\n<meta property=\"og:title\" content=\"Humo Azul 15000 Puffs Disposable Vape \u2013 Rechargeable\" \/>\n<meta property=\"og:description\" content=\"Shop the Humo Azul 15000 Puffs Disposable Vape at VapeMaison. Fast Type-C charging, multiple flavors, and bulk purchase options available.\" \/>\n<meta property=\"og:url\" content=\"https:\/\/vapemaison.com\/it\/prodotto\/humo-azul-vape-2-nicotina-15k-puff-azul\/\" \/>\n<meta property=\"og:site_name\" content=\"VapeMaison\" \/>\n<meta property=\"article:modified_time\" content=\"2026-05-14T18:00:01+00:00\" \/>\n<meta property=\"og:image\" content=\"https:\/\/vapemaison.com\/wp-content\/uploads\/2025\/10\/banner-16-1024x546.png\" \/>\n\t<meta property=\"og:image:width\" content=\"1024\" \/>\n\t<meta property=\"og:image:height\" content=\"546\" \/>\n\t<meta property=\"og:image:type\" content=\"image\/png\" \/>\n<meta name=\"twitter:card\" content=\"summary_large_image\" \/>\n<meta name=\"twitter:label1\" content=\"Tempo di lettura stimato\" \/>\n\t<meta name=\"twitter:data1\" content=\"3 minuti\" \/>\n<!-- \/ Yoast SEO plugin. -->","yoast_head_json":{"title":"Humo Azul 15000 boccate di vapore usa e getta - ricaricabile","description":"Acquista il Vape usa e getta Humo Azul 15000 Puffs su VapeMaison. Ricarica rapida Type-C, pi\u00f9 gusti e opzioni di acquisto in blocco disponibili.","robots":{"index":"index","follow":"follow","max-snippet":"max-snippet:-1","max-image-preview":"max-image-preview:large","max-video-preview":"max-video-preview:-1"},"canonical":"https:\/\/vapemaison.com\/it\/prodotto\/humo-azul-vape-2-nicotina-15k-puff-azul\/","og_locale":"it_IT","og_type":"article","og_title":"Humo Azul 15000 Puffs Disposable Vape \u2013 Rechargeable","og_description":"Shop the Humo Azul 15000 Puffs Disposable Vape at VapeMaison. Fast Type-C charging, multiple flavors, and bulk purchase options available.","og_url":"https:\/\/vapemaison.com\/it\/prodotto\/humo-azul-vape-2-nicotina-15k-puff-azul\/","og_site_name":"VapeMaison","article_modified_time":"2026-05-14T18:00:01+00:00","og_image":[{"width":1024,"height":546,"url":"https:\/\/vapemaison.com\/wp-content\/uploads\/2025\/10\/banner-16-1024x546.png","type":"image\/png"}],"twitter_card":"summary_large_image","twitter_misc":{"Tempo di lettura stimato":"3 minuti"},"schema":{"@context":"https:\/\/schema.org","@graph":[{"@type":"WebPage","@id":"https:\/\/vapemaison.com\/product\/humo-azul-vape-2-nicotine-15k-puff-azul\/","url":"https:\/\/vapemaison.com\/product\/humo-azul-vape-2-nicotine-15k-puff-azul\/","name":"Humo Azul 15000 boccate di vapore usa e getta - ricaricabile","isPartOf":{"@id":"https:\/\/vapemaison.com\/#website"},"primaryImageOfPage":{"@id":"https:\/\/vapemaison.com\/product\/humo-azul-vape-2-nicotine-15k-puff-azul\/#primaryimage"},"image":{"@id":"https:\/\/vapemaison.com\/product\/humo-azul-vape-2-nicotine-15k-puff-azul\/#primaryimage"},"thumbnailUrl":"https:\/\/vapemaison.com\/wp-content\/uploads\/2025\/10\/banner-16-scaled.png","datePublished":"2025-11-18T02:21:21+00:00","dateModified":"2026-05-14T18:00:01+00:00","description":"Acquista il Vape usa e getta Humo Azul 15000 Puffs su VapeMaison. Ricarica rapida Type-C, pi\u00f9 gusti e opzioni di acquisto in blocco disponibili.","breadcrumb":{"@id":"https:\/\/vapemaison.com\/product\/humo-azul-vape-2-nicotine-15k-puff-azul\/#breadcrumb"},"inLanguage":"it-IT","potentialAction":[{"@type":"ReadAction","target":["https:\/\/vapemaison.com\/product\/humo-azul-vape-2-nicotine-15k-puff-azul\/"]}]},{"@type":"ImageObject","inLanguage":"it-IT","@id":"https:\/\/vapemaison.com\/product\/humo-azul-vape-2-nicotine-15k-puff-azul\/#primaryimage","url":"https:\/\/vapemaison.com\/wp-content\/uploads\/2025\/10\/banner-16-scaled.png","contentUrl":"https:\/\/vapemaison.com\/wp-content\/uploads\/2025\/10\/banner-16-scaled.png","width":2560,"height":1366,"caption":"Banner 16 Scaled Disposable Vape Device"},{"@type":"BreadcrumbList","@id":"https:\/\/vapemaison.com\/product\/humo-azul-vape-2-nicotine-15k-puff-azul\/#breadcrumb","itemListElement":[{"@type":"ListItem","position":1,"name":"\u9996\u9875","item":"https:\/\/vapemaison.com\/"},{"@type":"ListItem","position":2,"name":"Shop","item":"https:\/\/vapemaison.com\/shop\/"},{"@type":"ListItem","position":3,"name":"Humo Azul","item":"https:\/\/vapemaison.com\/brand\/humo-azul\/"},{"@type":"ListItem","position":4,"name":"Humo Azul Vape 2% Nicotine | 15k Puff Azul"}]},{"@type":"WebSite","@id":"https:\/\/vapemaison.com\/#website","url":"https:\/\/vapemaison.com\/","name":"VapeMaison","description":"Dispositivi e accessori per il vaping di alta qualit\u00e0","publisher":{"@id":"https:\/\/vapemaison.com\/#organization"},"potentialAction":[{"@type":"SearchAction","target":{"@type":"EntryPoint","urlTemplate":"https:\/\/vapemaison.com\/?s={search_term_string}"},"query-input":{"@type":"PropertyValueSpecification","valueRequired":true,"valueName":"search_term_string"}}],"inLanguage":"it-IT"},{"@type":"Organization","@id":"https:\/\/vapemaison.com\/#organization","name":"VapeMaison","url":"https:\/\/vapemaison.com\/","logo":{"@type":"ImageObject","inLanguage":"it-IT","@id":"https:\/\/vapemaison.com\/#\/schema\/logo\/image\/","url":"https:\/\/vapemaison.com\/wp-content\/uploads\/2026\/01\/cropped-vapemaison-logo-g-2026.webp","contentUrl":"https:\/\/vapemaison.com\/wp-content\/uploads\/2026\/01\/cropped-vapemaison-logo-g-2026.webp","width":350,"height":280,"caption":"VapeMaison"},"image":{"@id":"https:\/\/vapemaison.com\/#\/schema\/logo\/image\/"},"sameAs":["https:\/\/www.youtube.com\/@VapeMaison"]}]}},"tiered_pricing_type":"fixed","tiered_pricing_fixed_rules":{"30":"6.98","50":"6.63","100":"6.34","200":"6.12"},"tiered_pricing_product_settings":{"layout":"default","base_unit_name":{"singular":null,"plural":null},"default_variation":null},"tiered_pricing_minimum_quantity":10,"tiered_pricing_roles_data":[],"tiered_pricing_percentage_rules":[],"tiered_pricing_maximum_quantity":null,"tiered_pricing_quantity_step":null,"_links":{"self":[{"href":"https:\/\/vapemaison.com\/it\/wp-json\/wp\/v2\/product\/14004","targetHints":{"allow":["GET"]}}],"collection":[{"href":"https:\/\/vapemaison.com\/it\/wp-json\/wp\/v2\/product"}],"about":[{"href":"https:\/\/vapemaison.com\/it\/wp-json\/wp\/v2\/types\/product"}],"replies":[{"embeddable":true,"href":"https:\/\/vapemaison.com\/it\/wp-json\/wp\/v2\/comments?post=14004"}],"version-history":[{"count":1,"href":"https:\/\/vapemaison.com\/it\/wp-json\/wp\/v2\/product\/14004\/revisions"}],"predecessor-version":[{"id":25485,"href":"https:\/\/vapemaison.com\/it\/wp-json\/wp\/v2\/product\/14004\/revisions\/25485"}],"wp:featuredmedia":[{"embeddable":true,"href":"https:\/\/vapemaison.com\/it\/wp-json\/wp\/v2\/media\/9032"}],"wp:attachment":[{"href":"https:\/\/vapemaison.com\/it\/wp-json\/wp\/v2\/media?parent=14004"}],"wp:term":[{"taxonomy":"product_brand","embeddable":true,"href":"https:\/\/vapemaison.com\/it\/wp-json\/wp\/v2\/product_brand?post=14004"},{"taxonomy":"product_cat","embeddable":true,"href":"https:\/\/vapemaison.com\/it\/wp-json\/wp\/v2\/product_cat?post=14004"},{"taxonomy":"product_tag","embeddable":true,"href":"https:\/\/vapemaison.com\/it\/wp-json\/wp\/v2\/product_tag?post=14004"}],"curies":[{"name":"wp","href":"https:\/\/api.w.org\/{rel}","templated":true}]}}