

{"id":14990,"date":"2025-11-26T06:20:26","date_gmt":"2025-11-26T06:20:26","guid":{"rendered":"https:\/\/vapemaison.com\/?post_type=product&#038;p=14990"},"modified":"2026-01-22T03:51:23","modified_gmt":"2026-01-22T03:51:23","slug":"zooy-zero-45k-puff","status":"publish","type":"product","link":"https:\/\/vapemaison.com\/it\/product\/zooy-zero-45k-puff\/","title":{"rendered":"ZOOY ZERO 45k Puff - Vaping intelligente e regolabile per il futuro"},"content":{"rendered":"<p>Provate la personalizzazione di livello superiore con il <strong>ZOOY ZERO 45000 Bign\u00e8<\/strong>, una rivoluzionaria svapata monouso progettata per un controllo totale, un sapore ricco e prestazioni di lunga durata. Con un massimo di <strong>45.000 soffi<\/strong>, Con le sue bobine a doppia maglia, la nicotina regolabile e lo schermo LED intelligente, ogni dettaglio \u00e8 stato progettato per il vostro stile di vaping perfetto.<\/p>\n\n\n\n<h2 class=\"wp-block-heading\"><strong>Perch\u00e9 amerete lo ZOOY ZERO 45000<\/strong><\/h2>\n\n\n\n<p><strong>Nicotina e raffreddamento regolabili (controllo NIC&amp;ICE)<\/strong><\/p>\n\n\n\n<p>Regolate con precisione sia l'intensit\u00e0 della nicotina che l'intensit\u00e0 del raffreddamento. Godetevi un tiro pi\u00f9 morbido e personalizzato, sia che preferiate un'estrazione leggera o una sensazione di gola pi\u00f9 forte.<\/p>\n\n\n\n<p><strong>Perfetto per il vaping MTL e DTL<\/strong><\/p>\n\n\n\n<p>Passa senza problemi dallo stile bocca-polmone a quello diretto-polmone.<br>Il <strong>sistema di flusso d'aria regolabile<\/strong> consente di controllare la resistenza all'estrazione per ottenere l'esperienza esatta desiderata.<\/p>\n\n\n\n<p><strong>Bobina a doppia maglia per un sapore superiore<\/strong><\/p>\n\n\n\n<p>Dotato di <strong>Bobine a doppia maglia da 0,6\u03a9 + 1,5\u03a9<\/strong>, consegnando:<\/p>\n\n\n\n<ul class=\"wp-block-list\">\n<li>Riscaldamento pi\u00f9 rapido<\/li>\n\n\n\n<li>Sapore pi\u00f9 ricco<\/li>\n\n\n\n<li>Nuvole pi\u00f9 grandi e uniformi<\/li>\n<\/ul>\n\n\n\n<p><strong>Display LED intelligente<\/strong><\/p>\n\n\n\n<p>Rimanete pienamente informati con dati in tempo reale:<\/p>\n\n\n\n<ul class=\"wp-block-list\">\n<li>Conteggio dei soffi<\/li>\n\n\n\n<li>Livello della batteria<\/li>\n\n\n\n<li>Stato dell'e-liquid<\/li>\n<\/ul>\n\n\n\n<p>Non indovinate mai pi\u00f9 quanto ne rimane.<\/p>\n\n\n\n<p><strong>Potenza che dura pi\u00f9 a lungo<\/strong><\/p>\n\n\n\n<p>A <strong>Batteria ricaricabile da 1000mAh<\/strong> abbinato a <strong>Ricarica rapida di tipo C<\/strong> consente di svapare pi\u00f9 a lungo e di ricaricarsi pi\u00f9 rapidamente.<\/p>\n\n\n\n<h2 class=\"wp-block-heading\"><strong>Caratteristiche principali<\/strong><\/h2>\n\n\n\n<ul class=\"wp-block-list\">\n<li><strong>Fino a 45.000 boccate<\/strong> - Durata di vita ultra lunga<\/li>\n\n\n\n<li><strong>Livelli di nicotina regolabili<\/strong> - Controllare la propria forza<\/li>\n\n\n\n<li><strong>Controllo NIC&amp;ICE<\/strong> - Personalizzare il raffreddamento + la nicotina<\/li>\n\n\n\n<li><strong>Flusso d'aria regolabile<\/strong> - MTL o DTL, a scelta<\/li>\n\n\n\n<li><strong>Bobina a doppia maglia da 0,6\u03a9 + 1,5\u03a9<\/strong> - Sapore + vapore ottimizzato<\/li>\n\n\n\n<li><strong>Schermo LED intelligente<\/strong> - Indicatori della batteria, del soffio e del succo<\/li>\n\n\n\n<li><strong>Batteria ricaricabile da 1000 mAh<\/strong><\/li>\n\n\n\n<li><strong>Ricarica rapida di tipo C<\/strong><\/li>\n\n\n\n<li><strong>10 opzioni di gusto premium<\/strong><\/li>\n<\/ul>\n\n\n\n<h2 class=\"wp-block-heading\"><strong>Gusti disponibili<\/strong><\/h2>\n\n\n\n<ul class=\"wp-block-list\">\n<li>Ghiaccio all'anguria<\/li>\n\n\n\n<li>Ghiaccio al mirtillo<\/li>\n\n\n\n<li>Anguria alla fragola<\/li>\n\n\n\n<li>Cola al limone<\/li>\n\n\n\n<li>Fragola Kiwi<\/li>\n\n\n\n<li>Uva Mela<\/li>\n\n\n\n<li>Pop alla fragola e arancia<\/li>\n\n\n\n<li>Ghiaccio Blu Razz<\/li>\n\n\n\n<li>Anguria al mirtillo<\/li>\n\n\n\n<li>Mango Passione Guava<\/li>\n<\/ul>\n\n\n\n<h2 class=\"wp-block-heading\"><strong>ZOOY ZERO 45000 - Costruito per i vapers che desiderano il controllo<\/strong><\/h2>\n\n\n\n<p>Che siate alla ricerca di hit pi\u00f9 forti, di un sapore pi\u00f9 morbido o di una completa personalizzazione, ZOOY ZERO 45000 vi offre gli strumenti per creare la vostra sessione perfetta. Progettato per le prestazioni, pensato per la praticit\u00e0 e ricco di funzioni intelligenti, questo dispositivo rappresenta il futuro dei vapers monouso di fascia alta.<\/p>\n\n\n\n<p>Se siete interessati a saperne di pi\u00f9 <strong>Zooy<\/strong>, consultate il nostro sito completo <strong><a href=\"https:\/\/vapemaison.com\/shop\/\">Collezione di vape monouso Zooy<\/a><\/strong> per esplorare altri modelli con diversi numeri di soffi e sapori. Per opzioni simili, il <strong><a href=\"https:\/\/vapemaison.com\/product\/zooy-trlple-70000-70k-puffs\/\">ZOOY SHISHA 25K<\/a><\/strong> e <strong><a href=\"https:\/\/vapemaison.com\/product\/puff-zooy-flyer-35000-disposable-vape-wholesale\/\"><strong><a href=\"https:\/\/vapemaison.com\/wp-admin\/post.php?post=25580&amp;action=edit\">Puff Zooy Flyer 35k<\/a><\/strong><\/a><\/strong> sono alternative popolari con una durata della batteria prolungata e diverse scelte di gusto. \u00c8 inoltre possibile sfogliare i nostri <strong><a href=\"https:\/\/vapemaison.com\/\">Dispositivi di svapo usa e getta<\/a><\/strong> per confrontare altre marche e trovare quella pi\u00f9 adatta alle vostre esigenze.<\/p>\n\n\n\n<p><\/p>","protected":false},"excerpt":{"rendered":"<p>Experience next-level personalization with the ZOOY ZERO 45000 Puffs, a breakthrough disposable vape engineered for full control, rich flavor, and long-lasting performance. With up to 45,000 puffs, dual mesh coils, adjustable nicotine, and a smart LED screen, every detail is designed around your perfect vaping style. Why You\u2019ll Love the ZOOY ZERO 45000 Adjustable Nicotine [&hellip;]<\/p>\n","protected":false},"featured_media":15057,"comment_status":"open","ping_status":"closed","template":"","meta":[],"product_brand":[170],"product_cat":[156],"product_tag":[],"class_list":{"0":"post-14990","1":"product","2":"type-product","3":"status-publish","4":"has-post-thumbnail","6":"product_brand-zooy","7":"product_cat-45k-puffs","9":"first","10":"instock","11":"sale","12":"shipping-taxable","13":"purchasable","14":"product-type-variable"},"yoast_head":"<!-- This site is optimized with the Yoast SEO plugin v27.4 - https:\/\/yoast.com\/product\/yoast-seo-wordpress\/ -->\n<title>ZOOY ZERO 45k Puff \u2013 Smart Adjustable Vaping for the Future - VapeMaison<\/title>\n<meta name=\"robots\" content=\"index, follow, max-snippet:-1, max-image-preview:large, max-video-preview:-1\" \/>\n<link rel=\"canonical\" href=\"https:\/\/vapemaison.com\/it\/prodotto\/zooy-zero-45k-puff\/\" \/>\n<meta property=\"og:locale\" content=\"it_IT\" \/>\n<meta property=\"og:type\" content=\"article\" \/>\n<meta property=\"og:title\" content=\"ZOOY ZERO 45k Puff \u2013 Smart Adjustable Vaping for the Future - VapeMaison\" \/>\n<meta property=\"og:description\" content=\"Experience next-level personalization with the ZOOY ZERO 45000 Puffs, a breakthrough disposable vape engineered for full control, rich flavor, and long-lasting performance. With up to 45,000 puffs, dual mesh coils, adjustable nicotine, and a smart LED screen, every detail is designed around your perfect vaping style. Why You\u2019ll Love the ZOOY ZERO 45000 Adjustable Nicotine [&hellip;]\" \/>\n<meta property=\"og:url\" content=\"https:\/\/vapemaison.com\/it\/prodotto\/zooy-zero-45k-puff\/\" \/>\n<meta property=\"og:site_name\" content=\"VapeMaison\" \/>\n<meta property=\"article:modified_time\" content=\"2026-01-22T03:51:23+00:00\" \/>\n<meta property=\"og:image\" content=\"https:\/\/vapemaison.com\/wp-content\/uploads\/2025\/11\/vapemaison-zooy-zero-45000-45k-puffs-main-picture.webp\" \/>\n\t<meta property=\"og:image:width\" content=\"800\" \/>\n\t<meta property=\"og:image:height\" content=\"800\" \/>\n\t<meta property=\"og:image:type\" content=\"image\/webp\" \/>\n<meta name=\"twitter:card\" content=\"summary_large_image\" \/>\n<meta name=\"twitter:label1\" content=\"Tempo di lettura stimato\" \/>\n\t<meta name=\"twitter:data1\" content=\"2 minuti\" \/>\n<!-- \/ Yoast SEO plugin. -->","yoast_head_json":{"title":"ZOOY ZERO 45k Puff - Vaping intelligente e regolabile per il futuro - VapeMaison","robots":{"index":"index","follow":"follow","max-snippet":"max-snippet:-1","max-image-preview":"max-image-preview:large","max-video-preview":"max-video-preview:-1"},"canonical":"https:\/\/vapemaison.com\/it\/prodotto\/zooy-zero-45k-puff\/","og_locale":"it_IT","og_type":"article","og_title":"ZOOY ZERO 45k Puff \u2013 Smart Adjustable Vaping for the Future - VapeMaison","og_description":"Experience next-level personalization with the ZOOY ZERO 45000 Puffs, a breakthrough disposable vape engineered for full control, rich flavor, and long-lasting performance. With up to 45,000 puffs, dual mesh coils, adjustable nicotine, and a smart LED screen, every detail is designed around your perfect vaping style. Why You\u2019ll Love the ZOOY ZERO 45000 Adjustable Nicotine [&hellip;]","og_url":"https:\/\/vapemaison.com\/it\/prodotto\/zooy-zero-45k-puff\/","og_site_name":"VapeMaison","article_modified_time":"2026-01-22T03:51:23+00:00","og_image":[{"width":800,"height":800,"url":"https:\/\/vapemaison.com\/wp-content\/uploads\/2025\/11\/vapemaison-zooy-zero-45000-45k-puffs-main-picture.webp","type":"image\/webp"}],"twitter_card":"summary_large_image","twitter_misc":{"Tempo di lettura stimato":"2 minuti"},"schema":{"@context":"https:\/\/schema.org","@graph":[{"@type":"WebPage","@id":"https:\/\/vapemaison.com\/product\/zooy-zero-45k-puff\/","url":"https:\/\/vapemaison.com\/product\/zooy-zero-45k-puff\/","name":"ZOOY ZERO 45k Puff - Vaping intelligente e regolabile per il futuro - VapeMaison","isPartOf":{"@id":"https:\/\/vapemaison.com\/#website"},"primaryImageOfPage":{"@id":"https:\/\/vapemaison.com\/product\/zooy-zero-45k-puff\/#primaryimage"},"image":{"@id":"https:\/\/vapemaison.com\/product\/zooy-zero-45k-puff\/#primaryimage"},"thumbnailUrl":"https:\/\/vapemaison.com\/wp-content\/uploads\/2025\/11\/vapemaison-zooy-zero-45000-45k-puffs-main-picture.webp","datePublished":"2025-11-26T06:20:26+00:00","dateModified":"2026-01-22T03:51:23+00:00","breadcrumb":{"@id":"https:\/\/vapemaison.com\/product\/zooy-zero-45k-puff\/#breadcrumb"},"inLanguage":"it-IT","potentialAction":[{"@type":"ReadAction","target":["https:\/\/vapemaison.com\/product\/zooy-zero-45k-puff\/"]}]},{"@type":"ImageObject","inLanguage":"it-IT","@id":"https:\/\/vapemaison.com\/product\/zooy-zero-45k-puff\/#primaryimage","url":"https:\/\/vapemaison.com\/wp-content\/uploads\/2025\/11\/vapemaison-zooy-zero-45000-45k-puffs-main-picture.webp","contentUrl":"https:\/\/vapemaison.com\/wp-content\/uploads\/2025\/11\/vapemaison-zooy-zero-45000-45k-puffs-main-picture.webp","width":800,"height":800,"caption":"Vapemaison Zooy Zero 45k Puffs Main Picture"},{"@type":"BreadcrumbList","@id":"https:\/\/vapemaison.com\/product\/zooy-zero-45k-puff\/#breadcrumb","itemListElement":[{"@type":"ListItem","position":1,"name":"\u9996\u9875","item":"https:\/\/vapemaison.com\/"},{"@type":"ListItem","position":2,"name":"Shop","item":"https:\/\/vapemaison.com\/shop\/"},{"@type":"ListItem","position":3,"name":"Zooy","item":"https:\/\/vapemaison.com\/brand\/zooy\/"},{"@type":"ListItem","position":4,"name":"ZOOY ZERO 45k Puff \u2013 Smart Adjustable Vaping for the Future"}]},{"@type":"WebSite","@id":"https:\/\/vapemaison.com\/#website","url":"https:\/\/vapemaison.com\/","name":"VapeMaison","description":"Dispositivi e accessori per il vaping di alta qualit\u00e0","publisher":{"@id":"https:\/\/vapemaison.com\/#organization"},"potentialAction":[{"@type":"SearchAction","target":{"@type":"EntryPoint","urlTemplate":"https:\/\/vapemaison.com\/?s={search_term_string}"},"query-input":{"@type":"PropertyValueSpecification","valueRequired":true,"valueName":"search_term_string"}}],"inLanguage":"it-IT"},{"@type":"Organization","@id":"https:\/\/vapemaison.com\/#organization","name":"VapeMaison","url":"https:\/\/vapemaison.com\/","logo":{"@type":"ImageObject","inLanguage":"it-IT","@id":"https:\/\/vapemaison.com\/#\/schema\/logo\/image\/","url":"https:\/\/vapemaison.com\/wp-content\/uploads\/2026\/01\/cropped-vapemaison-logo-g-2026.webp","contentUrl":"https:\/\/vapemaison.com\/wp-content\/uploads\/2026\/01\/cropped-vapemaison-logo-g-2026.webp","width":350,"height":280,"caption":"VapeMaison"},"image":{"@id":"https:\/\/vapemaison.com\/#\/schema\/logo\/image\/"},"sameAs":["https:\/\/www.youtube.com\/@VapeMaison"]}]}},"tiered_pricing_type":"fixed","tiered_pricing_fixed_rules":{"30":"10.99","50":"9.98","100":"8.88","200":"7.98"},"tiered_pricing_product_settings":{"layout":"default","base_unit_name":{"singular":null,"plural":null},"default_variation":null},"tiered_pricing_minimum_quantity":10,"tiered_pricing_roles_data":[],"tiered_pricing_percentage_rules":[],"tiered_pricing_maximum_quantity":null,"tiered_pricing_quantity_step":"10","_links":{"self":[{"href":"https:\/\/vapemaison.com\/it\/wp-json\/wp\/v2\/product\/14990","targetHints":{"allow":["GET"]}}],"collection":[{"href":"https:\/\/vapemaison.com\/it\/wp-json\/wp\/v2\/product"}],"about":[{"href":"https:\/\/vapemaison.com\/it\/wp-json\/wp\/v2\/types\/product"}],"replies":[{"embeddable":true,"href":"https:\/\/vapemaison.com\/it\/wp-json\/wp\/v2\/comments?post=14990"}],"version-history":[{"count":2,"href":"https:\/\/vapemaison.com\/it\/wp-json\/wp\/v2\/product\/14990\/revisions"}],"predecessor-version":[{"id":26171,"href":"https:\/\/vapemaison.com\/it\/wp-json\/wp\/v2\/product\/14990\/revisions\/26171"}],"wp:featuredmedia":[{"embeddable":true,"href":"https:\/\/vapemaison.com\/it\/wp-json\/wp\/v2\/media\/15057"}],"wp:attachment":[{"href":"https:\/\/vapemaison.com\/it\/wp-json\/wp\/v2\/media?parent=14990"}],"wp:term":[{"taxonomy":"product_brand","embeddable":true,"href":"https:\/\/vapemaison.com\/it\/wp-json\/wp\/v2\/product_brand?post=14990"},{"taxonomy":"product_cat","embeddable":true,"href":"https:\/\/vapemaison.com\/it\/wp-json\/wp\/v2\/product_cat?post=14990"},{"taxonomy":"product_tag","embeddable":true,"href":"https:\/\/vapemaison.com\/it\/wp-json\/wp\/v2\/product_tag?post=14990"}],"curies":[{"name":"wp","href":"https:\/\/api.w.org\/{rel}","templated":true}]}}