

{"id":15402,"date":"2025-11-28T09:57:06","date_gmt":"2025-11-28T09:57:06","guid":{"rendered":"https:\/\/vapemaison.com\/?post_type=product&#038;p=15402"},"modified":"2026-03-27T03:23:59","modified_gmt":"2026-03-27T03:23:59","slug":"gemelli-bang-king-50000-50k","status":"publish","type":"product","link":"https:\/\/vapemaison.com\/it\/product\/bang-king-twins-50000-50k\/","title":{"rendered":"Bang King Gemelli 50K Puff"},"content":{"rendered":"<p>Scoprire il <strong>Bang King Gemelli 50000 Bign\u00e8<\/strong> - un dispositivo di svapo monouso a doppio gusto meticolosamente realizzato per i vapers che si rifiutano di scendere a compromessi in termini di variet\u00e0, intensit\u00e0 e durata. Progettato con un'impressionante capacit\u00e0 totale di 56 ml di e-liquid di alta qualit\u00e0 suddivisi uniformemente in due camere indipendenti da 28 ml, questo innovativo dispositivo consente di passare senza sforzo da un sapore all'altro ogni volta che l'umore lo richiede, offrendo un'esperienza fresca e personalizzata a ogni estrazione.<\/p>\n\n\n\n<p>Con una straordinaria durata fino a 50.000 puff, Twins 50000 ridefinisce la resistenza nella categoria degli usa e getta, garantendo settimane di divertimento ininterrotto senza sacrificare la consistenza del sapore o la qualit\u00e0 del vapore. Alimentata da una bobina di precisione da 1,0\u03a9 e disponibile a scelta con gradazione di nicotina 2%, 3% o 5%, produce hit morbidi e robusti che soddisfano sia i vapers leggeri che quelli pi\u00f9 esigenti.<\/p>\n\n\n\n<p>La batteria ricaricabile integrata da 650 mAh, abbinata alla comoda ricarica rapida Type-C, riduce al minimo i tempi di inattivit\u00e0, mentre il chiaro display digitale a LED fornisce aggiornamenti in tempo reale sulla durata della batteria e sull'e-liquid rimanente in ogni camera, mettendo il controllo completo a portata di mano.<\/p>\n\n\n\n<p>Con dodici combinazioni di doppio gusto sapientemente curate, che vanno dalla frutta rinfrescante alle mentine fresche e alle miscele esotiche, Bang King Twins 50000 Puffs offre il doppio del gusto, il doppio della soddisfazione e un viaggio nel vaping senza pari, il tutto in un dispositivo elegante, intuitivo e di lunga durata.<\/p>\n\n\n\n<h5 class=\"wp-block-heading\"><strong>Caratteristiche: caratteristiche<\/strong><\/h5>\n\n\n\n<ul class=\"wp-block-list\">\n<li>Soffi: Fino a 50000 boccate<\/li>\n\n\n\n<li>Nucleo: Bobina a rete 1.0ohm<\/li>\n\n\n\n<li>E-liquido: 56ml (28ml + 28ml)<\/li>\n\n\n\n<li>Nicotine:2%\/3%\/5%<\/li>\n\n\n\n<li>Batteria: 650mAh<\/li>\n\n\n\n<li>Ricaricabile: Tipo-C<\/li>\n\n\n\n<li>Display digitale a LED<\/li>\n\n\n\n<li>Doppio gusto<\/li>\n\n\n\n<li>12 gusti disponibili<\/li>\n<\/ul>\n\n\n\n<h5 class=\"wp-block-heading\"><strong><br>Elenco degli aromi: il sapore<\/strong><\/h5>\n\n\n\n<ol class=\"wp-block-list\">\n<li>Amore 66 &amp; Limone Frutto della Passione<\/li>\n\n\n\n<li>Pesca Guava Fragola e Uva Sakura<\/li>\n\n\n\n<li>Fragola, banana e Heisenberg<\/li>\n\n\n\n<li>Blue Razz Ice e Blue Razz Cherry<\/li>\n\n\n\n<li>Anguria e gelato alla fragola<\/li>\n\n\n\n<li>Ghiaccio all'anguria e anguria Hubba Bubba<\/li>\n\n\n\n<li>Doppio Lime e Ghiaccio Aloe Vera<\/li>\n\n\n\n<li>Mix di frutti di bosco e fragole Kiwi<\/li>\n\n\n\n<li>Litchi superfreddi e uomo rosa<\/li>\n\n\n\n<li>Succo di Pesca Ghiacciata e Fragola Mango<\/li>\n\n\n\n<li>Cola Lemon e Skittles alla fragola<\/li>\n\n\n\n<li>Pesca, anguria e mango e ciliegia blu<\/li>\n<\/ol>\n\n\n\n<p>Se si desidera esplorare altri dispositivi dello stesso marchio, \u00e8 possibile visualizzare il nostro elenco completo di dispositivi.\u00a0<strong><a href=\"https:\/\/vapemaison.com\/\">Collezione di vape usa e getta Bang<\/a><\/strong>\u00a0per confrontare i diversi modelli e il numero di puff. Per gli utenti che desiderano prestazioni di vaping prolungate, questo dispositivo fa anche parte del nostro\u00a0<strong><a href=\"https:\/\/vapemaison.com\/product-category\/puffs-count\/40k-puffs\/\">60K soffi di vapore monouso<\/a><\/strong>\u00a0categoria, caratterizzati da un utilizzo duraturo e da un design ad alta capacit\u00e0. Se state confrontando opzioni simili ad alta capacit\u00e0, il modello\u00a0<strong><a href=\"https:\/\/vapemaison.com\/product\/bang-leader-stoll-300k-puffs-disposable-vape\/\">Bang 300k Puffs Vape usa e getta<\/a><\/strong>\u00a0e il <strong><a href=\"https:\/\/vapemaison.com\/product-category\/puffs-count\/50k-puffs\/\">soffio 50k<\/a><\/strong> sono alternative popolari con capacit\u00e0 e prestazioni comparabili.<\/p>","protected":false},"excerpt":{"rendered":"<p>Discover the Bang King Twins 50000 Puffs \u2014 a premium dual-flavor disposable vape meticulously crafted for vapers who refuse to compromise on variety, intensity, or longevity. Engineered with an impressive total capacity of 56mL of high-quality e-liquid split evenly across two independent 28mL chambers, this innovative device lets you effortlessly switch between two distinct flavors [&hellip;]<\/p>\n","protected":false},"featured_media":15403,"comment_status":"open","ping_status":"closed","template":"","meta":[],"product_brand":[57],"product_cat":[136,142,294],"product_tag":[],"class_list":{"0":"post-15402","1":"product","2":"type-product","3":"status-publish","4":"has-post-thumbnail","6":"product_brand-bang","7":"product_cat-50k-puffs","8":"product_cat-eu-stock","9":"product_cat-no-nicotine-vape","11":"first","12":"instock","13":"sale","14":"shipping-taxable","15":"purchasable","16":"product-type-variable"},"yoast_head":"<!-- This site is optimized with the Yoast SEO plugin v27.4 - https:\/\/yoast.com\/product\/yoast-seo-wordpress\/ -->\n<title>Bang King Twins 50000 Puffs Dual Flavor Disposable Vape<\/title>\n<meta name=\"description\" content=\"Bang King Twins 50k Puff \u2013 56mL dual-flavor disposable vape with 50k puffs, 2\/3\/5% nicotine,rechargeable battery &amp; LED display. Switch flavors anytime!\" \/>\n<meta name=\"robots\" content=\"index, follow, max-snippet:-1, max-image-preview:large, max-video-preview:-1\" \/>\n<link rel=\"canonical\" href=\"https:\/\/vapemaison.com\/it\/prodotto\/gemelli-bang-king-50000-50k\/\" \/>\n<meta property=\"og:locale\" content=\"it_IT\" \/>\n<meta property=\"og:type\" content=\"article\" \/>\n<meta property=\"og:title\" content=\"Bang King Twins 50000 Puffs Dual Flavor Disposable Vape\" \/>\n<meta property=\"og:description\" content=\"Bang King Twins 50k Puff \u2013 56mL dual-flavor disposable vape with 50k puffs, 2\/3\/5% nicotine,rechargeable battery &amp; LED display. Switch flavors anytime!\" \/>\n<meta property=\"og:url\" content=\"https:\/\/vapemaison.com\/it\/prodotto\/gemelli-bang-king-50000-50k\/\" \/>\n<meta property=\"og:site_name\" content=\"VapeMaison\" \/>\n<meta property=\"article:modified_time\" content=\"2026-03-27T03:23:59+00:00\" \/>\n<meta property=\"og:image\" content=\"https:\/\/vapemaison.com\/wp-content\/uploads\/2025\/11\/bang-king-twins-50000-50k-puffs.webp\" \/>\n\t<meta property=\"og:image:width\" content=\"700\" \/>\n\t<meta property=\"og:image:height\" content=\"700\" \/>\n\t<meta property=\"og:image:type\" content=\"image\/webp\" \/>\n<meta name=\"twitter:card\" content=\"summary_large_image\" \/>\n<meta name=\"twitter:label1\" content=\"Tempo di lettura stimato\" \/>\n\t<meta name=\"twitter:data1\" content=\"2 minuti\" \/>\n<!-- \/ Yoast SEO plugin. -->","yoast_head_json":{"title":"Bang King Twins 50000 boccate di vapore monouso a doppio gusto","description":"Bang King Twins 50k Puff - Vape monouso a doppio gusto da 56 ml con 50k puff, nicotina 2\/3\/5%, batteria ricaricabile e display a LED. Cambia sapore in qualsiasi momento!","robots":{"index":"index","follow":"follow","max-snippet":"max-snippet:-1","max-image-preview":"max-image-preview:large","max-video-preview":"max-video-preview:-1"},"canonical":"https:\/\/vapemaison.com\/it\/prodotto\/gemelli-bang-king-50000-50k\/","og_locale":"it_IT","og_type":"article","og_title":"Bang King Twins 50000 Puffs Dual Flavor Disposable Vape","og_description":"Bang King Twins 50k Puff \u2013 56mL dual-flavor disposable vape with 50k puffs, 2\/3\/5% nicotine,rechargeable battery & LED display. Switch flavors anytime!","og_url":"https:\/\/vapemaison.com\/it\/prodotto\/gemelli-bang-king-50000-50k\/","og_site_name":"VapeMaison","article_modified_time":"2026-03-27T03:23:59+00:00","og_image":[{"width":700,"height":700,"url":"https:\/\/vapemaison.com\/wp-content\/uploads\/2025\/11\/bang-king-twins-50000-50k-puffs.webp","type":"image\/webp"}],"twitter_card":"summary_large_image","twitter_misc":{"Tempo di lettura stimato":"2 minuti"},"schema":{"@context":"https:\/\/schema.org","@graph":[{"@type":"WebPage","@id":"https:\/\/vapemaison.com\/product\/bang-king-twins-50000-50k\/","url":"https:\/\/vapemaison.com\/product\/bang-king-twins-50000-50k\/","name":"Bang King Twins 50000 boccate di vapore monouso a doppio gusto","isPartOf":{"@id":"https:\/\/vapemaison.com\/#website"},"primaryImageOfPage":{"@id":"https:\/\/vapemaison.com\/product\/bang-king-twins-50000-50k\/#primaryimage"},"image":{"@id":"https:\/\/vapemaison.com\/product\/bang-king-twins-50000-50k\/#primaryimage"},"thumbnailUrl":"https:\/\/vapemaison.com\/wp-content\/uploads\/2025\/11\/bang-king-twins-50000-50k-puffs.webp","datePublished":"2025-11-28T09:57:06+00:00","dateModified":"2026-03-27T03:23:59+00:00","description":"Bang King Twins 50k Puff - Vape monouso a doppio gusto da 56 ml con 50k puff, nicotina 2\/3\/5%, batteria ricaricabile e display a LED. Cambia sapore in qualsiasi momento!","breadcrumb":{"@id":"https:\/\/vapemaison.com\/product\/bang-king-twins-50000-50k\/#breadcrumb"},"inLanguage":"it-IT","potentialAction":[{"@type":"ReadAction","target":["https:\/\/vapemaison.com\/product\/bang-king-twins-50000-50k\/"]}]},{"@type":"ImageObject","inLanguage":"it-IT","@id":"https:\/\/vapemaison.com\/product\/bang-king-twins-50000-50k\/#primaryimage","url":"https:\/\/vapemaison.com\/wp-content\/uploads\/2025\/11\/bang-king-twins-50000-50k-puffs.webp","contentUrl":"https:\/\/vapemaison.com\/wp-content\/uploads\/2025\/11\/bang-king-twins-50000-50k-puffs.webp","width":700,"height":700,"caption":"Bang King Twins 50k Puffs Disposable Vape Device"},{"@type":"BreadcrumbList","@id":"https:\/\/vapemaison.com\/product\/bang-king-twins-50000-50k\/#breadcrumb","itemListElement":[{"@type":"ListItem","position":1,"name":"\u9996\u9875","item":"https:\/\/vapemaison.com\/"},{"@type":"ListItem","position":2,"name":"Shop","item":"https:\/\/vapemaison.com\/shop\/"},{"@type":"ListItem","position":3,"name":"Bang","item":"https:\/\/vapemaison.com\/brand\/bang\/"},{"@type":"ListItem","position":4,"name":"Bang King Twins 50K Puff"}]},{"@type":"WebSite","@id":"https:\/\/vapemaison.com\/#website","url":"https:\/\/vapemaison.com\/","name":"VapeMaison","description":"Dispositivi e accessori per il vaping di alta qualit\u00e0","publisher":{"@id":"https:\/\/vapemaison.com\/#organization"},"potentialAction":[{"@type":"SearchAction","target":{"@type":"EntryPoint","urlTemplate":"https:\/\/vapemaison.com\/?s={search_term_string}"},"query-input":{"@type":"PropertyValueSpecification","valueRequired":true,"valueName":"search_term_string"}}],"inLanguage":"it-IT"},{"@type":"Organization","@id":"https:\/\/vapemaison.com\/#organization","name":"VapeMaison","url":"https:\/\/vapemaison.com\/","logo":{"@type":"ImageObject","inLanguage":"it-IT","@id":"https:\/\/vapemaison.com\/#\/schema\/logo\/image\/","url":"https:\/\/vapemaison.com\/wp-content\/uploads\/2026\/01\/cropped-vapemaison-logo-g-2026.webp","contentUrl":"https:\/\/vapemaison.com\/wp-content\/uploads\/2026\/01\/cropped-vapemaison-logo-g-2026.webp","width":350,"height":280,"caption":"VapeMaison"},"image":{"@id":"https:\/\/vapemaison.com\/#\/schema\/logo\/image\/"},"sameAs":["https:\/\/www.youtube.com\/@VapeMaison"]}]}},"tiered_pricing_type":"fixed","tiered_pricing_fixed_rules":{"30":"8.99","50":"8.72","100":"8.35","200":"7.99"},"tiered_pricing_product_settings":{"layout":"default","base_unit_name":{"singular":null,"plural":null},"default_variation":null},"tiered_pricing_minimum_quantity":10,"tiered_pricing_roles_data":[],"tiered_pricing_percentage_rules":[],"tiered_pricing_maximum_quantity":null,"tiered_pricing_quantity_step":"10","_links":{"self":[{"href":"https:\/\/vapemaison.com\/it\/wp-json\/wp\/v2\/product\/15402","targetHints":{"allow":["GET"]}}],"collection":[{"href":"https:\/\/vapemaison.com\/it\/wp-json\/wp\/v2\/product"}],"about":[{"href":"https:\/\/vapemaison.com\/it\/wp-json\/wp\/v2\/types\/product"}],"replies":[{"embeddable":true,"href":"https:\/\/vapemaison.com\/it\/wp-json\/wp\/v2\/comments?post=15402"}],"version-history":[{"count":1,"href":"https:\/\/vapemaison.com\/it\/wp-json\/wp\/v2\/product\/15402\/revisions"}],"predecessor-version":[{"id":26509,"href":"https:\/\/vapemaison.com\/it\/wp-json\/wp\/v2\/product\/15402\/revisions\/26509"}],"wp:featuredmedia":[{"embeddable":true,"href":"https:\/\/vapemaison.com\/it\/wp-json\/wp\/v2\/media\/15403"}],"wp:attachment":[{"href":"https:\/\/vapemaison.com\/it\/wp-json\/wp\/v2\/media?parent=15402"}],"wp:term":[{"taxonomy":"product_brand","embeddable":true,"href":"https:\/\/vapemaison.com\/it\/wp-json\/wp\/v2\/product_brand?post=15402"},{"taxonomy":"product_cat","embeddable":true,"href":"https:\/\/vapemaison.com\/it\/wp-json\/wp\/v2\/product_cat?post=15402"},{"taxonomy":"product_tag","embeddable":true,"href":"https:\/\/vapemaison.com\/it\/wp-json\/wp\/v2\/product_tag?post=15402"}],"curies":[{"name":"wp","href":"https:\/\/api.w.org\/{rel}","templated":true}]}}